{"id":4254,"date":"2025-08-06T22:53:14","date_gmt":"2025-08-06T15:53:14","guid":{"rendered":"https:\/\/omanivietnam.com\/?post_type=product&#038;p=4254"},"modified":"2025-08-06T22:53:14","modified_gmt":"2025-08-06T15:53:14","slug":"allen-bradley-1766-l32bwaa","status":"publish","type":"product","link":"https:\/\/omanivietnam.com\/index.php\/san-pham\/allen-bradley-1766-l32bwaa\/","title":{"rendered":"ALLEN BRADLEY 1766-L32BWAA"},"content":{"rendered":"<p>ALLEN BRADLEY 1766-L32BWAA<\/p>\n<h2><strong>Th\u00f4ng s\u1ed1 k\u0129 thu\u1eadt b\u1ed9 l\u1eadp tr\u00ecnh l\u00f4gic <\/strong><strong>1766-L32BWAA<\/strong><\/h2>\n<table class=\"ra-product-new__product-table-section table table-bordered mt-3\">\n<tbody>\n<tr>\n<th class=\"ra-product-new__product-table-cell\">Class<\/th>\n<td class=\"ra-product-new__product-table-cell\">Progmable Logic Controller Accessories<\/td>\n<\/tr>\n<tr>\n<th class=\"ra-product-new__product-table-cell\">Communication<\/th>\n<td class=\"ra-product-new__product-table-cell\">DF1, DH-485, Modbus RTU, ASCII, DNP3, EtherNet\/IP messaging, DNP3 over IP, Modbus TCP\/IP<\/td>\n<\/tr>\n<tr>\n<th class=\"ra-product-new__product-table-cell\">Controller<\/th>\n<td class=\"ra-product-new__product-table-cell\">12 digital fast 24DC in,8digital normal 24DC inputs,12relays out,4 Analog(12 bit)inputs,2 Analog(12 bit)out,110\/240V AC<\/td>\n<\/tr>\n<tr>\n<th class=\"ra-product-new__product-table-cell\">Depth<\/th>\n<td class=\"ra-product-new__product-table-cell\">87 None<\/td>\n<\/tr>\n<tr>\n<th class=\"ra-product-new__product-table-cell\">Embedded Analog<\/th>\n<td class=\"ra-product-new__product-table-cell\">(4) Voltage Inputs \/ (2) Voltage Outputs<\/td>\n<\/tr>\n<tr>\n<th class=\"ra-product-new__product-table-cell\">Height<\/th>\n<td class=\"ra-product-new__product-table-cell\">90 None<\/td>\n<\/tr>\n<tr>\n<th class=\"ra-product-new__product-table-cell\">Input Signal<\/th>\n<td class=\"ra-product-new__product-table-cell\">120 V AC<\/td>\n<\/tr>\n<tr>\n<th class=\"ra-product-new__product-table-cell\">Interface<\/th>\n<td class=\"ra-product-new__product-table-cell\">Ethernet Port, Isolated RS232\/485 and Non-Isloated RS232C Serial Ports.<\/td>\n<\/tr>\n<tr>\n<th class=\"ra-product-new__product-table-cell\">Memory<\/th>\n<td class=\"ra-product-new__product-table-cell\">20 KB<\/td>\n<\/tr>\n<tr>\n<th class=\"ra-product-new__product-table-cell\">Number Of Channels<\/th>\n<td class=\"ra-product-new__product-table-cell\">20 I\/P, 12 O\/P<\/td>\n<\/tr>\n<tr>\n<th class=\"ra-product-new__product-table-cell\">Output Signal<\/th>\n<td class=\"ra-product-new__product-table-cell\">Relay<\/td>\n<\/tr>\n<tr>\n<th class=\"ra-product-new__product-table-cell\">Power Supply<\/th>\n<td class=\"ra-product-new__product-table-cell\">120\/240V AC<\/td>\n<\/tr>\n<\/tbody>\n<\/table>\n<h2>B\u1ed9 l\u1eadp tr\u00ecnh MicroLogix 1400 ALLEN BRADLEY 1766-L32BWAA<\/h2>\n<h3><strong>1.Th\u00f4ng tin s\u1ea3n ph\u1ea9m Allen-Bradley 1766-L32BWAA<\/strong><\/h3>\n<p>C\u1ed5ng Ethernet cung c\u1ea5p kh\u1ea3 n\u0103ng m\u00e1y ch\u1ee7 Web, kh\u1ea3 n\u0103ng email v\u00e0 h\u1ed7 tr\u1ee3 giao th\u1ee9c DNP3<br \/>\n\u00b7 M\u00e0n h\u00ecnh LCD t\u00edch h\u1ee3p c\u00f3 \u0111\u00e8n n\u1ec1n cho ph\u00e9p b\u1ea1n xem b\u1ed9 \u0111i\u1ec1u khi\u1ec3n v\u00e0<br \/>\ntr\u1ea1ng th\u00e1i I\/O, nh\u1eafn tin, gi\u00e1m s\u00e1t d\u1eef li\u1ec7u v\u00e0<br \/>\nthao t\u00e1c<br \/>\n\u00b7 T\u1ed1i \u0111a s\u00e1u b\u1ed9 \u0111\u1ebfm t\u1ed1c \u0111\u1ed9 cao 100kHz nh\u00fang (ch\u1ec9 d\u00e0nh cho c\u00e1c m\u1eabu \u0111\u1ea7u v\u00e0o DC)<br \/>\n\u00b7 C\u1ed5ng n\u1ed1i ti\u1ebfp k\u00e9p h\u1ed7 tr\u1ee3 c\u00e1c giao th\u1ee9c DF1, DH-485, Modbus<br \/>\nRTU, DNP3 v\u00e0 ASCII<br \/>\n\u00b7 B\u1ed9 nh\u1edb ch\u01b0\u01a1ng tr\u00ecnh ng\u01b0\u1eddi d\u00f9ng 10KB, b\u1ed9 nh\u1edb d\u1eef li\u1ec7u ng\u01b0\u1eddi d\u00f9ng 10KB<br \/>\n\u00b7 L\u00ean \u0111\u1ebfn 128KB \u0111\u1ec3 ghi d\u1eef li\u1ec7u v\u00e0 64KB \u0111\u1ec3 l\u01b0u tr\u1eef c\u00f4ng th\u1ee9c<br \/>\n\u00b7 T\u01b0\u01a1ng th\u00edch v\u1edbi M\u00f4-\u0111un I\/O m\u1edf r\u1ed9ng Bulletin 1762 MicroLogix\u2122 (t\u1ed1i \u0111a b\u1ea3y m\u00f4-\u0111un cho m\u1ed7i b\u1ed9 \u0111i\u1ec1u khi\u1ec3n)<br \/>\n\u00b7 M\u1edf r\u1ed9ng l\u00ean \u0111\u1ebfn 256 \u0111i\u1ec3m I\/O<\/p>\n<h3><strong>2.C\u00e1c Model t\u01b0\u01a1ng t\u1ef1 Allen-Bradley 1766-L32BWAA<\/strong><\/h3>\n<p>1766-L32BWA<\/p>\n<p>1766-L32BXBA<\/p>\n<p>1764-24BWA<\/p>\n<p>1766-L32AWA<\/p>\n<p>1766-L32BWA<\/p>\n<p>1766-L32BWAA<\/p>\n","protected":false},"excerpt":{"rendered":"<p>ALLEN BRADLEY 1766-L32BWAA Th\u00f4ng s\u1ed1 k\u0129 thu\u1eadt b\u1ed9 l\u1eadp tr\u00ecnh l\u00f4gic 1766-L32BWAA Class Progmable Logic Controller Accessories Communication DF1, DH-485, Modbus RTU, ASCII, DNP3, EtherNet\/IP messaging, DNP3 over IP, Modbus TCP\/IP Controller 12 digital fast 24DC in,8digital normal 24DC inputs,12relays out,4 Analog(12 bit)inputs,2 Analog(12 bit)out,110\/240V AC Depth 87 None Embedded&hellip; <\/p>\n","protected":false},"featured_media":4255,"comment_status":"open","ping_status":"closed","template":"","meta":[],"product_cat":[295],"product_tag":[178,167,179],"class_list":{"0":"post-4254","1":"product","2":"type-product","3":"status-publish","4":"has-post-thumbnail","6":"product_cat-allen-bradley","7":"product_tag-allen-bradley-viet-nam","8":"product_tag-bo-dieu-khien","9":"product_tag-dai-ly-allen-bradley-viet-nam","11":"first","12":"instock","13":"shipping-taxable","14":"product-type-simple"},"yoast_head":"<!-- This site is optimized with the Yoast SEO plugin v22.8 - https:\/\/yoast.com\/wordpress\/plugins\/seo\/ -->\n<title>ALLEN BRADLEY 1766-L32BWAA - OMANI VI\u1ec6T NAM<\/title>\n<meta name=\"description\" content=\"ALLEN BRADLEY 1766-L32BWAA Programmable Controllers\" \/>\n<meta name=\"robots\" content=\"index, follow, max-snippet:-1, max-image-preview:large, max-video-preview:-1\" \/>\n<link rel=\"canonical\" href=\"https:\/\/omanivietnam.com\/index.php\/san-pham\/allen-bradley-1766-l32bwaa\/\" \/>\n<meta property=\"og:locale\" content=\"vi_VN\" \/>\n<meta property=\"og:type\" content=\"article\" \/>\n<meta property=\"og:title\" content=\"ALLEN BRADLEY 1766-L32BWAA - OMANI VI\u1ec6T NAM\" \/>\n<meta property=\"og:description\" content=\"ALLEN BRADLEY 1766-L32BWAA Programmable Controllers\" \/>\n<meta property=\"og:url\" content=\"https:\/\/omanivietnam.com\/index.php\/san-pham\/allen-bradley-1766-l32bwaa\/\" \/>\n<meta property=\"og:site_name\" content=\"OMANI VI\u1ec6T NAM\" \/>\n<meta property=\"og:image\" content=\"https:\/\/omanivietnam.com\/wp-content\/uploads\/2025\/08\/1766-L32BWAA.png\" \/>\n\t<meta property=\"og:image:width\" content=\"601\" \/>\n\t<meta property=\"og:image:height\" content=\"486\" \/>\n\t<meta property=\"og:image:type\" content=\"image\/png\" \/>\n<meta name=\"twitter:card\" content=\"summary_large_image\" \/>\n<meta name=\"twitter:label1\" content=\"\u01af\u1edbc t\u00ednh th\u1eddi gian \u0111\u1ecdc\" \/>\n\t<meta name=\"twitter:data1\" content=\"2 ph\u00fat\" \/>\n<script type=\"application\/ld+json\" class=\"yoast-schema-graph\">{\"@context\":\"https:\/\/schema.org\",\"@graph\":[{\"@type\":\"WebPage\",\"@id\":\"https:\/\/omanivietnam.com\/index.php\/san-pham\/allen-bradley-1766-l32bwaa\/\",\"url\":\"https:\/\/omanivietnam.com\/index.php\/san-pham\/allen-bradley-1766-l32bwaa\/\",\"name\":\"ALLEN BRADLEY 1766-L32BWAA - OMANI VI\u1ec6T NAM\",\"isPartOf\":{\"@id\":\"https:\/\/omanivietnam.com\/#website\"},\"primaryImageOfPage\":{\"@id\":\"https:\/\/omanivietnam.com\/index.php\/san-pham\/allen-bradley-1766-l32bwaa\/#primaryimage\"},\"image\":{\"@id\":\"https:\/\/omanivietnam.com\/index.php\/san-pham\/allen-bradley-1766-l32bwaa\/#primaryimage\"},\"thumbnailUrl\":\"https:\/\/omanivietnam.com\/wp-content\/uploads\/2025\/08\/1766-L32BWAA.png\",\"datePublished\":\"2025-08-06T15:53:14+00:00\",\"dateModified\":\"2025-08-06T15:53:14+00:00\",\"description\":\"ALLEN BRADLEY 1766-L32BWAA Programmable Controllers\",\"breadcrumb\":{\"@id\":\"https:\/\/omanivietnam.com\/index.php\/san-pham\/allen-bradley-1766-l32bwaa\/#breadcrumb\"},\"inLanguage\":\"vi\",\"potentialAction\":[{\"@type\":\"ReadAction\",\"target\":[\"https:\/\/omanivietnam.com\/index.php\/san-pham\/allen-bradley-1766-l32bwaa\/\"]}]},{\"@type\":\"ImageObject\",\"inLanguage\":\"vi\",\"@id\":\"https:\/\/omanivietnam.com\/index.php\/san-pham\/allen-bradley-1766-l32bwaa\/#primaryimage\",\"url\":\"https:\/\/omanivietnam.com\/wp-content\/uploads\/2025\/08\/1766-L32BWAA.png\",\"contentUrl\":\"https:\/\/omanivietnam.com\/wp-content\/uploads\/2025\/08\/1766-L32BWAA.png\",\"width\":601,\"height\":486},{\"@type\":\"BreadcrumbList\",\"@id\":\"https:\/\/omanivietnam.com\/index.php\/san-pham\/allen-bradley-1766-l32bwaa\/#breadcrumb\",\"itemListElement\":[{\"@type\":\"ListItem\",\"position\":1,\"name\":\"Home\",\"item\":\"https:\/\/omanivietnam.com\/\"},{\"@type\":\"ListItem\",\"position\":2,\"name\":\"S\u1ea2N PH\u1ea8M\",\"item\":\"https:\/\/omanivietnam.com\/index.php\/cua-hang\/\"},{\"@type\":\"ListItem\",\"position\":3,\"name\":\"ALLEN BRADLEY 1766-L32BWAA\"}]},{\"@type\":\"WebSite\",\"@id\":\"https:\/\/omanivietnam.com\/#website\",\"url\":\"https:\/\/omanivietnam.com\/\",\"name\":\"OMANI VI\u1ec6T NAM\",\"description\":\"Nh\u00e0 ph\u00e2n ph\u1ed1i thi\u1ebft b\u1ecb kh\u00ed n\u00e9n v\u00e0 thi\u1ebft b\u1ecb t\u1ef1 \u0111\u1ed9ng h\u00f3a trong c\u00f4ng nghi\u1ec7p\",\"publisher\":{\"@id\":\"https:\/\/omanivietnam.com\/#\/schema\/person\/0ad398a980dc3fd696111c2c5c8fa897\"},\"potentialAction\":[{\"@type\":\"SearchAction\",\"target\":{\"@type\":\"EntryPoint\",\"urlTemplate\":\"https:\/\/omanivietnam.com\/?s={search_term_string}\"},\"query-input\":\"required name=search_term_string\"}],\"inLanguage\":\"vi\"},{\"@type\":[\"Person\",\"Organization\"],\"@id\":\"https:\/\/omanivietnam.com\/#\/schema\/person\/0ad398a980dc3fd696111c2c5c8fa897\",\"name\":\"Nguy\u1ec5n V\u0103n Kh\u00e1nh\",\"image\":{\"@type\":\"ImageObject\",\"inLanguage\":\"vi\",\"@id\":\"https:\/\/omanivietnam.com\/#\/schema\/person\/image\/\",\"url\":\"https:\/\/omanivietnam.com\/wp-content\/uploads\/2024\/06\/logo-1024x1024.png\",\"contentUrl\":\"https:\/\/omanivietnam.com\/wp-content\/uploads\/2024\/06\/logo-1024x1024.png\",\"width\":1024,\"height\":1024,\"caption\":\"Nguy\u1ec5n V\u0103n Kh\u00e1nh\"},\"logo\":{\"@id\":\"https:\/\/omanivietnam.com\/#\/schema\/person\/image\/\"},\"sameAs\":[\"https:\/\/omanivietnam.com\"]}]}<\/script>\n<!-- \/ Yoast SEO plugin. -->","yoast_head_json":{"title":"ALLEN BRADLEY 1766-L32BWAA - OMANI VI\u1ec6T NAM","description":"ALLEN BRADLEY 1766-L32BWAA Programmable Controllers","robots":{"index":"index","follow":"follow","max-snippet":"max-snippet:-1","max-image-preview":"max-image-preview:large","max-video-preview":"max-video-preview:-1"},"canonical":"https:\/\/omanivietnam.com\/index.php\/san-pham\/allen-bradley-1766-l32bwaa\/","og_locale":"vi_VN","og_type":"article","og_title":"ALLEN BRADLEY 1766-L32BWAA - OMANI VI\u1ec6T NAM","og_description":"ALLEN BRADLEY 1766-L32BWAA Programmable Controllers","og_url":"https:\/\/omanivietnam.com\/index.php\/san-pham\/allen-bradley-1766-l32bwaa\/","og_site_name":"OMANI VI\u1ec6T NAM","og_image":[{"width":601,"height":486,"url":"https:\/\/omanivietnam.com\/wp-content\/uploads\/2025\/08\/1766-L32BWAA.png","type":"image\/png"}],"twitter_card":"summary_large_image","twitter_misc":{"\u01af\u1edbc t\u00ednh th\u1eddi gian \u0111\u1ecdc":"2 ph\u00fat"},"schema":{"@context":"https:\/\/schema.org","@graph":[{"@type":"WebPage","@id":"https:\/\/omanivietnam.com\/index.php\/san-pham\/allen-bradley-1766-l32bwaa\/","url":"https:\/\/omanivietnam.com\/index.php\/san-pham\/allen-bradley-1766-l32bwaa\/","name":"ALLEN BRADLEY 1766-L32BWAA - OMANI VI\u1ec6T NAM","isPartOf":{"@id":"https:\/\/omanivietnam.com\/#website"},"primaryImageOfPage":{"@id":"https:\/\/omanivietnam.com\/index.php\/san-pham\/allen-bradley-1766-l32bwaa\/#primaryimage"},"image":{"@id":"https:\/\/omanivietnam.com\/index.php\/san-pham\/allen-bradley-1766-l32bwaa\/#primaryimage"},"thumbnailUrl":"https:\/\/omanivietnam.com\/wp-content\/uploads\/2025\/08\/1766-L32BWAA.png","datePublished":"2025-08-06T15:53:14+00:00","dateModified":"2025-08-06T15:53:14+00:00","description":"ALLEN BRADLEY 1766-L32BWAA Programmable Controllers","breadcrumb":{"@id":"https:\/\/omanivietnam.com\/index.php\/san-pham\/allen-bradley-1766-l32bwaa\/#breadcrumb"},"inLanguage":"vi","potentialAction":[{"@type":"ReadAction","target":["https:\/\/omanivietnam.com\/index.php\/san-pham\/allen-bradley-1766-l32bwaa\/"]}]},{"@type":"ImageObject","inLanguage":"vi","@id":"https:\/\/omanivietnam.com\/index.php\/san-pham\/allen-bradley-1766-l32bwaa\/#primaryimage","url":"https:\/\/omanivietnam.com\/wp-content\/uploads\/2025\/08\/1766-L32BWAA.png","contentUrl":"https:\/\/omanivietnam.com\/wp-content\/uploads\/2025\/08\/1766-L32BWAA.png","width":601,"height":486},{"@type":"BreadcrumbList","@id":"https:\/\/omanivietnam.com\/index.php\/san-pham\/allen-bradley-1766-l32bwaa\/#breadcrumb","itemListElement":[{"@type":"ListItem","position":1,"name":"Home","item":"https:\/\/omanivietnam.com\/"},{"@type":"ListItem","position":2,"name":"S\u1ea2N PH\u1ea8M","item":"https:\/\/omanivietnam.com\/index.php\/cua-hang\/"},{"@type":"ListItem","position":3,"name":"ALLEN BRADLEY 1766-L32BWAA"}]},{"@type":"WebSite","@id":"https:\/\/omanivietnam.com\/#website","url":"https:\/\/omanivietnam.com\/","name":"OMANI VI\u1ec6T NAM","description":"Nh\u00e0 ph\u00e2n ph\u1ed1i thi\u1ebft b\u1ecb kh\u00ed n\u00e9n v\u00e0 thi\u1ebft b\u1ecb t\u1ef1 \u0111\u1ed9ng h\u00f3a trong c\u00f4ng nghi\u1ec7p","publisher":{"@id":"https:\/\/omanivietnam.com\/#\/schema\/person\/0ad398a980dc3fd696111c2c5c8fa897"},"potentialAction":[{"@type":"SearchAction","target":{"@type":"EntryPoint","urlTemplate":"https:\/\/omanivietnam.com\/?s={search_term_string}"},"query-input":"required name=search_term_string"}],"inLanguage":"vi"},{"@type":["Person","Organization"],"@id":"https:\/\/omanivietnam.com\/#\/schema\/person\/0ad398a980dc3fd696111c2c5c8fa897","name":"Nguy\u1ec5n V\u0103n Kh\u00e1nh","image":{"@type":"ImageObject","inLanguage":"vi","@id":"https:\/\/omanivietnam.com\/#\/schema\/person\/image\/","url":"https:\/\/omanivietnam.com\/wp-content\/uploads\/2024\/06\/logo-1024x1024.png","contentUrl":"https:\/\/omanivietnam.com\/wp-content\/uploads\/2024\/06\/logo-1024x1024.png","width":1024,"height":1024,"caption":"Nguy\u1ec5n V\u0103n Kh\u00e1nh"},"logo":{"@id":"https:\/\/omanivietnam.com\/#\/schema\/person\/image\/"},"sameAs":["https:\/\/omanivietnam.com"]}]}},"_links":{"self":[{"href":"https:\/\/omanivietnam.com\/index.php\/wp-json\/wp\/v2\/product\/4254","targetHints":{"allow":["GET"]}}],"collection":[{"href":"https:\/\/omanivietnam.com\/index.php\/wp-json\/wp\/v2\/product"}],"about":[{"href":"https:\/\/omanivietnam.com\/index.php\/wp-json\/wp\/v2\/types\/product"}],"replies":[{"embeddable":true,"href":"https:\/\/omanivietnam.com\/index.php\/wp-json\/wp\/v2\/comments?post=4254"}],"wp:featuredmedia":[{"embeddable":true,"href":"https:\/\/omanivietnam.com\/index.php\/wp-json\/wp\/v2\/media\/4255"}],"wp:attachment":[{"href":"https:\/\/omanivietnam.com\/index.php\/wp-json\/wp\/v2\/media?parent=4254"}],"wp:term":[{"taxonomy":"product_cat","embeddable":true,"href":"https:\/\/omanivietnam.com\/index.php\/wp-json\/wp\/v2\/product_cat?post=4254"},{"taxonomy":"product_tag","embeddable":true,"href":"https:\/\/omanivietnam.com\/index.php\/wp-json\/wp\/v2\/product_tag?post=4254"}],"curies":[{"name":"wp","href":"https:\/\/api.w.org\/{rel}","templated":true}]}}