{"id":4259,"date":"2025-08-08T20:23:01","date_gmt":"2025-08-08T13:23:01","guid":{"rendered":"https:\/\/omanivietnam.com\/?post_type=product&#038;p=4259"},"modified":"2025-08-08T20:23:01","modified_gmt":"2025-08-08T13:23:01","slug":"festo-sfab-50u-hq6-2sv-m12","status":"publish","type":"product","link":"https:\/\/omanivietnam.com\/index.php\/san-pham\/festo-sfab-50u-hq6-2sv-m12\/","title":{"rendered":"FESTO SFAB-50U-HQ6-2SV-M12"},"content":{"rendered":"<p>FESTO SFAB-50U-HQ6-2SV-M12<\/p>\n<p>FESTO SFAB-50U-HQ6-PNLK-PNVBA-M12<\/p>\n<h3 class=\"h4\">Features<\/h3>\n<ul>\n<li>992242 symbol<\/li>\n<li>RCM trademark approval<\/li>\n<li>C UL us &#8211; Recognized (OL) approval<\/li>\n<li>To EU EMC Directive cE mark (see declaration of conformity)<\/li>\n<li>In accordance with EU RoHS Directive cE mark (see declaration of conformity)<\/li>\n<li>To UK instructions for EMC cE marking (see declaration of conformity)<\/li>\n<li>To UK RoHS instructions cE marking (see declaration of conformity)<\/li>\n<li>UL E322346 certificate issuing authority<\/li>\n<li>RoHS-compliant note on materials<\/li>\n<li>Volume measured variable<\/li>\n<li>Volumetric flow rate measured variable<\/li>\n<li>Unidirectional flow direction<\/li>\n<li>P1 -&gt; P2 flow direction<\/li>\n<li>Thermal measuring principle<\/li>\n<li>Heat Loss measurement method<\/li>\n<li>0.5L2 start value for flow rate measuring range<\/li>\n<li>50L2 end value for flow rate measuring range<\/li>\n<li>0MPA operating pressure<\/li>\n<li>1MPA operating pressure<\/li>\n<li>0BAR operating pressure<\/li>\n<li>10BAR operating pressure<\/li>\n<li>Compressed air to ISO 8573-1:2010 [6:4:4] operating medium<\/li>\n<li>Nitrogen operating medium<\/li>\n<li>0GC media temperature<\/li>\n<li>50GC media temperature<\/li>\n<li>23GC nominal temperature<\/li>\n<li>\u00b1 (3% o.m.v. + 0.3% FS) accuracy of flow rate<\/li>\n<li>0.2YUQ repetition accuracy offset in \u00b1 %FS<\/li>\n<li>0.8YUQ repetition accuracy span in \u00b1 %FS<\/li>\n<li>Typ. 0.1%FS\/K temperature coefficient span in \u00b1 %FS\/K<\/li>\n<li>0.5FSB pressure influence span in \u00b1 %FS\/bar<\/li>\n<li>2 x PNP or 2 x NPN, switchable switching output<\/li>\n<li>Window comparator switching function<\/li>\n<li>Threshold value comparator switching function<\/li>\n<li>N\/C or N\/O contact, switchable switching element function<\/li>\n<li>100MA max. output current<\/li>\n<li>0 &#8211; 10 V analogue output<\/li>\n<li>0L2 flow characteristic curve start value<\/li>\n<li>50L2 flow characteristic curve end value<\/li>\n<li>0V output characteristic curve start value<\/li>\n<li>10V output characteristic curve end value<\/li>\n<li>10KOH min. load resistance voltage output<\/li>\n<li>Yes short circuit current rating<\/li>\n<li>Available overload protection<\/li>\n<li>15V operational voltage range dC<\/li>\n<li>30V operational voltage range dC<\/li>\n<li>120MA no-load supply current<\/li>\n<li>For all electrical connections reverse polarity protection<\/li>\n<li>Plugs electrical connection 1, connection type<\/li>\n<li>M12x1, A-coded to EN 61076-2-101 electrical connection 1, connector system<\/li>\n<li>5 electrical connection 1, number of connections\/cores<\/li>\n<li>995383 electrical connection 1, connection pattern<\/li>\n<li>With through-hole type of mounting<\/li>\n<li>With H-rail type of mounting<\/li>\n<li>Optional mounting position<\/li>\n<li>160G product weight<\/li>\n<li>PA-reinforced material housing<\/li>\n<li>Illuminated LCD, multi-colour display type<\/li>\n<li>L displayable units<\/li>\n<li>L\/h displayable units<\/li>\n<li>L\/min displayable units<\/li>\n<li>M3 displayable units<\/li>\n<li>Scf displayable units<\/li>\n<li>Scfm displayable units<\/li>\n<li>Teach-in setting options<\/li>\n<li>Via display and keys setting options<\/li>\n<li>PIN code protection against tampering<\/li>\n<li>IP65 degree of protection<\/li>\n<li>100MBA pressure drop<\/li>\n<li>III protection class<\/li>\n<li>2 &#8211; Moderate corrosion stress corrosion resistance class cRC<\/li>\n<li>VDMA24364-B1\/B2-L lABS (PWIS) conformity<\/li>\n<li>0GC ambient temperature to 50GC ambient temperature<\/li>\n<li>Pneumatic connection for tubing O.D. 6 mm<\/li>\n<\/ul>\n","protected":false},"excerpt":{"rendered":"<p>FESTO SFAB-50U-HQ6-2SV-M12 FESTO SFAB-50U-HQ6-PNLK-PNVBA-M12 Features 992242 symbol RCM trademark approval C UL us &#8211; Recognized (OL) approval To EU EMC Directive cE mark (see declaration of conformity) In accordance with EU RoHS Directive cE mark (see declaration of conformity) To UK instructions for EMC cE marking (see declaration of conformity)&hellip; <\/p>\n","protected":false},"featured_media":4260,"comment_status":"open","ping_status":"closed","template":"","meta":[],"product_cat":[284],"product_tag":[88,364,363],"class_list":{"0":"post-4259","1":"product","2":"type-product","3":"status-publish","4":"has-post-thumbnail","6":"product_cat-festo","7":"product_tag-cam-bien","8":"product_tag-dai-ly-festo-viet-nam","9":"product_tag-festo-viet-nam","11":"first","12":"instock","13":"shipping-taxable","14":"product-type-simple"},"yoast_head":"<!-- This site is optimized with the Yoast SEO plugin v22.8 - https:\/\/yoast.com\/wordpress\/plugins\/seo\/ -->\n<title>FESTO SFAB-50U-HQ6-2SV-M12 - OMANI VI\u1ec6T NAM<\/title>\n<meta name=\"description\" content=\"FESTO SFAB-50U-HQ6-2SV-M12 Flow Sensor\" \/>\n<meta name=\"robots\" content=\"index, follow, max-snippet:-1, max-image-preview:large, max-video-preview:-1\" \/>\n<link rel=\"canonical\" href=\"https:\/\/omanivietnam.com\/index.php\/san-pham\/festo-sfab-50u-hq6-2sv-m12\/\" \/>\n<meta property=\"og:locale\" content=\"vi_VN\" \/>\n<meta property=\"og:type\" content=\"article\" \/>\n<meta property=\"og:title\" content=\"FESTO SFAB-50U-HQ6-2SV-M12 - OMANI VI\u1ec6T NAM\" \/>\n<meta property=\"og:description\" content=\"FESTO SFAB-50U-HQ6-2SV-M12 Flow Sensor\" \/>\n<meta property=\"og:url\" content=\"https:\/\/omanivietnam.com\/index.php\/san-pham\/festo-sfab-50u-hq6-2sv-m12\/\" \/>\n<meta property=\"og:site_name\" content=\"OMANI VI\u1ec6T NAM\" \/>\n<meta property=\"og:image\" content=\"https:\/\/omanivietnam.com\/wp-content\/uploads\/2025\/08\/SFAB-50U-HQ6-2SV-M12.png\" \/>\n\t<meta property=\"og:image:width\" content=\"1362\" \/>\n\t<meta property=\"og:image:height\" content=\"897\" \/>\n\t<meta property=\"og:image:type\" content=\"image\/png\" \/>\n<meta name=\"twitter:card\" content=\"summary_large_image\" \/>\n<meta name=\"twitter:label1\" content=\"\u01af\u1edbc t\u00ednh th\u1eddi gian \u0111\u1ecdc\" \/>\n\t<meta name=\"twitter:data1\" content=\"3 ph\u00fat\" \/>\n<script type=\"application\/ld+json\" class=\"yoast-schema-graph\">{\"@context\":\"https:\/\/schema.org\",\"@graph\":[{\"@type\":\"WebPage\",\"@id\":\"https:\/\/omanivietnam.com\/index.php\/san-pham\/festo-sfab-50u-hq6-2sv-m12\/\",\"url\":\"https:\/\/omanivietnam.com\/index.php\/san-pham\/festo-sfab-50u-hq6-2sv-m12\/\",\"name\":\"FESTO SFAB-50U-HQ6-2SV-M12 - OMANI VI\u1ec6T NAM\",\"isPartOf\":{\"@id\":\"https:\/\/omanivietnam.com\/#website\"},\"primaryImageOfPage\":{\"@id\":\"https:\/\/omanivietnam.com\/index.php\/san-pham\/festo-sfab-50u-hq6-2sv-m12\/#primaryimage\"},\"image\":{\"@id\":\"https:\/\/omanivietnam.com\/index.php\/san-pham\/festo-sfab-50u-hq6-2sv-m12\/#primaryimage\"},\"thumbnailUrl\":\"https:\/\/omanivietnam.com\/wp-content\/uploads\/2025\/08\/SFAB-50U-HQ6-2SV-M12.png\",\"datePublished\":\"2025-08-08T13:23:01+00:00\",\"dateModified\":\"2025-08-08T13:23:01+00:00\",\"description\":\"FESTO SFAB-50U-HQ6-2SV-M12 Flow Sensor\",\"breadcrumb\":{\"@id\":\"https:\/\/omanivietnam.com\/index.php\/san-pham\/festo-sfab-50u-hq6-2sv-m12\/#breadcrumb\"},\"inLanguage\":\"vi\",\"potentialAction\":[{\"@type\":\"ReadAction\",\"target\":[\"https:\/\/omanivietnam.com\/index.php\/san-pham\/festo-sfab-50u-hq6-2sv-m12\/\"]}]},{\"@type\":\"ImageObject\",\"inLanguage\":\"vi\",\"@id\":\"https:\/\/omanivietnam.com\/index.php\/san-pham\/festo-sfab-50u-hq6-2sv-m12\/#primaryimage\",\"url\":\"https:\/\/omanivietnam.com\/wp-content\/uploads\/2025\/08\/SFAB-50U-HQ6-2SV-M12.png\",\"contentUrl\":\"https:\/\/omanivietnam.com\/wp-content\/uploads\/2025\/08\/SFAB-50U-HQ6-2SV-M12.png\",\"width\":1362,\"height\":897},{\"@type\":\"BreadcrumbList\",\"@id\":\"https:\/\/omanivietnam.com\/index.php\/san-pham\/festo-sfab-50u-hq6-2sv-m12\/#breadcrumb\",\"itemListElement\":[{\"@type\":\"ListItem\",\"position\":1,\"name\":\"Home\",\"item\":\"https:\/\/omanivietnam.com\/\"},{\"@type\":\"ListItem\",\"position\":2,\"name\":\"S\u1ea2N PH\u1ea8M\",\"item\":\"https:\/\/omanivietnam.com\/index.php\/cua-hang\/\"},{\"@type\":\"ListItem\",\"position\":3,\"name\":\"FESTO SFAB-50U-HQ6-2SV-M12\"}]},{\"@type\":\"WebSite\",\"@id\":\"https:\/\/omanivietnam.com\/#website\",\"url\":\"https:\/\/omanivietnam.com\/\",\"name\":\"OMANI VI\u1ec6T NAM\",\"description\":\"Nh\u00e0 ph\u00e2n ph\u1ed1i thi\u1ebft b\u1ecb kh\u00ed n\u00e9n v\u00e0 thi\u1ebft b\u1ecb t\u1ef1 \u0111\u1ed9ng h\u00f3a trong c\u00f4ng nghi\u1ec7p\",\"publisher\":{\"@id\":\"https:\/\/omanivietnam.com\/#\/schema\/person\/0ad398a980dc3fd696111c2c5c8fa897\"},\"potentialAction\":[{\"@type\":\"SearchAction\",\"target\":{\"@type\":\"EntryPoint\",\"urlTemplate\":\"https:\/\/omanivietnam.com\/?s={search_term_string}\"},\"query-input\":\"required name=search_term_string\"}],\"inLanguage\":\"vi\"},{\"@type\":[\"Person\",\"Organization\"],\"@id\":\"https:\/\/omanivietnam.com\/#\/schema\/person\/0ad398a980dc3fd696111c2c5c8fa897\",\"name\":\"Nguy\u1ec5n V\u0103n Kh\u00e1nh\",\"image\":{\"@type\":\"ImageObject\",\"inLanguage\":\"vi\",\"@id\":\"https:\/\/omanivietnam.com\/#\/schema\/person\/image\/\",\"url\":\"https:\/\/omanivietnam.com\/wp-content\/uploads\/2024\/06\/logo-1024x1024.png\",\"contentUrl\":\"https:\/\/omanivietnam.com\/wp-content\/uploads\/2024\/06\/logo-1024x1024.png\",\"width\":1024,\"height\":1024,\"caption\":\"Nguy\u1ec5n V\u0103n Kh\u00e1nh\"},\"logo\":{\"@id\":\"https:\/\/omanivietnam.com\/#\/schema\/person\/image\/\"},\"sameAs\":[\"https:\/\/omanivietnam.com\"]}]}<\/script>\n<!-- \/ Yoast SEO plugin. -->","yoast_head_json":{"title":"FESTO SFAB-50U-HQ6-2SV-M12 - OMANI VI\u1ec6T NAM","description":"FESTO SFAB-50U-HQ6-2SV-M12 Flow Sensor","robots":{"index":"index","follow":"follow","max-snippet":"max-snippet:-1","max-image-preview":"max-image-preview:large","max-video-preview":"max-video-preview:-1"},"canonical":"https:\/\/omanivietnam.com\/index.php\/san-pham\/festo-sfab-50u-hq6-2sv-m12\/","og_locale":"vi_VN","og_type":"article","og_title":"FESTO SFAB-50U-HQ6-2SV-M12 - OMANI VI\u1ec6T NAM","og_description":"FESTO SFAB-50U-HQ6-2SV-M12 Flow Sensor","og_url":"https:\/\/omanivietnam.com\/index.php\/san-pham\/festo-sfab-50u-hq6-2sv-m12\/","og_site_name":"OMANI VI\u1ec6T NAM","og_image":[{"width":1362,"height":897,"url":"https:\/\/omanivietnam.com\/wp-content\/uploads\/2025\/08\/SFAB-50U-HQ6-2SV-M12.png","type":"image\/png"}],"twitter_card":"summary_large_image","twitter_misc":{"\u01af\u1edbc t\u00ednh th\u1eddi gian \u0111\u1ecdc":"3 ph\u00fat"},"schema":{"@context":"https:\/\/schema.org","@graph":[{"@type":"WebPage","@id":"https:\/\/omanivietnam.com\/index.php\/san-pham\/festo-sfab-50u-hq6-2sv-m12\/","url":"https:\/\/omanivietnam.com\/index.php\/san-pham\/festo-sfab-50u-hq6-2sv-m12\/","name":"FESTO SFAB-50U-HQ6-2SV-M12 - OMANI VI\u1ec6T NAM","isPartOf":{"@id":"https:\/\/omanivietnam.com\/#website"},"primaryImageOfPage":{"@id":"https:\/\/omanivietnam.com\/index.php\/san-pham\/festo-sfab-50u-hq6-2sv-m12\/#primaryimage"},"image":{"@id":"https:\/\/omanivietnam.com\/index.php\/san-pham\/festo-sfab-50u-hq6-2sv-m12\/#primaryimage"},"thumbnailUrl":"https:\/\/omanivietnam.com\/wp-content\/uploads\/2025\/08\/SFAB-50U-HQ6-2SV-M12.png","datePublished":"2025-08-08T13:23:01+00:00","dateModified":"2025-08-08T13:23:01+00:00","description":"FESTO SFAB-50U-HQ6-2SV-M12 Flow Sensor","breadcrumb":{"@id":"https:\/\/omanivietnam.com\/index.php\/san-pham\/festo-sfab-50u-hq6-2sv-m12\/#breadcrumb"},"inLanguage":"vi","potentialAction":[{"@type":"ReadAction","target":["https:\/\/omanivietnam.com\/index.php\/san-pham\/festo-sfab-50u-hq6-2sv-m12\/"]}]},{"@type":"ImageObject","inLanguage":"vi","@id":"https:\/\/omanivietnam.com\/index.php\/san-pham\/festo-sfab-50u-hq6-2sv-m12\/#primaryimage","url":"https:\/\/omanivietnam.com\/wp-content\/uploads\/2025\/08\/SFAB-50U-HQ6-2SV-M12.png","contentUrl":"https:\/\/omanivietnam.com\/wp-content\/uploads\/2025\/08\/SFAB-50U-HQ6-2SV-M12.png","width":1362,"height":897},{"@type":"BreadcrumbList","@id":"https:\/\/omanivietnam.com\/index.php\/san-pham\/festo-sfab-50u-hq6-2sv-m12\/#breadcrumb","itemListElement":[{"@type":"ListItem","position":1,"name":"Home","item":"https:\/\/omanivietnam.com\/"},{"@type":"ListItem","position":2,"name":"S\u1ea2N PH\u1ea8M","item":"https:\/\/omanivietnam.com\/index.php\/cua-hang\/"},{"@type":"ListItem","position":3,"name":"FESTO SFAB-50U-HQ6-2SV-M12"}]},{"@type":"WebSite","@id":"https:\/\/omanivietnam.com\/#website","url":"https:\/\/omanivietnam.com\/","name":"OMANI VI\u1ec6T NAM","description":"Nh\u00e0 ph\u00e2n ph\u1ed1i thi\u1ebft b\u1ecb kh\u00ed n\u00e9n v\u00e0 thi\u1ebft b\u1ecb t\u1ef1 \u0111\u1ed9ng h\u00f3a trong c\u00f4ng nghi\u1ec7p","publisher":{"@id":"https:\/\/omanivietnam.com\/#\/schema\/person\/0ad398a980dc3fd696111c2c5c8fa897"},"potentialAction":[{"@type":"SearchAction","target":{"@type":"EntryPoint","urlTemplate":"https:\/\/omanivietnam.com\/?s={search_term_string}"},"query-input":"required name=search_term_string"}],"inLanguage":"vi"},{"@type":["Person","Organization"],"@id":"https:\/\/omanivietnam.com\/#\/schema\/person\/0ad398a980dc3fd696111c2c5c8fa897","name":"Nguy\u1ec5n V\u0103n Kh\u00e1nh","image":{"@type":"ImageObject","inLanguage":"vi","@id":"https:\/\/omanivietnam.com\/#\/schema\/person\/image\/","url":"https:\/\/omanivietnam.com\/wp-content\/uploads\/2024\/06\/logo-1024x1024.png","contentUrl":"https:\/\/omanivietnam.com\/wp-content\/uploads\/2024\/06\/logo-1024x1024.png","width":1024,"height":1024,"caption":"Nguy\u1ec5n V\u0103n Kh\u00e1nh"},"logo":{"@id":"https:\/\/omanivietnam.com\/#\/schema\/person\/image\/"},"sameAs":["https:\/\/omanivietnam.com"]}]}},"_links":{"self":[{"href":"https:\/\/omanivietnam.com\/index.php\/wp-json\/wp\/v2\/product\/4259","targetHints":{"allow":["GET"]}}],"collection":[{"href":"https:\/\/omanivietnam.com\/index.php\/wp-json\/wp\/v2\/product"}],"about":[{"href":"https:\/\/omanivietnam.com\/index.php\/wp-json\/wp\/v2\/types\/product"}],"replies":[{"embeddable":true,"href":"https:\/\/omanivietnam.com\/index.php\/wp-json\/wp\/v2\/comments?post=4259"}],"wp:featuredmedia":[{"embeddable":true,"href":"https:\/\/omanivietnam.com\/index.php\/wp-json\/wp\/v2\/media\/4260"}],"wp:attachment":[{"href":"https:\/\/omanivietnam.com\/index.php\/wp-json\/wp\/v2\/media?parent=4259"}],"wp:term":[{"taxonomy":"product_cat","embeddable":true,"href":"https:\/\/omanivietnam.com\/index.php\/wp-json\/wp\/v2\/product_cat?post=4259"},{"taxonomy":"product_tag","embeddable":true,"href":"https:\/\/omanivietnam.com\/index.php\/wp-json\/wp\/v2\/product_tag?post=4259"}],"curies":[{"name":"wp","href":"https:\/\/api.w.org\/{rel}","templated":true}]}}