{"id":4274,"date":"2025-08-11T20:29:38","date_gmt":"2025-08-11T13:29:38","guid":{"rendered":"https:\/\/omanivietnam.com\/?post_type=product&#038;p=4274"},"modified":"2025-10-23T10:26:16","modified_gmt":"2025-10-23T03:26:16","slug":"hokuyo-ust-05ln","status":"publish","type":"product","link":"https:\/\/omanivietnam.com\/index.php\/san-pham\/hokuyo-ust-05ln\/","title":{"rendered":"HOKUYO UST-05LN"},"content":{"rendered":"<p>HOKUYO UST-05LN<\/p>\n<p>Obstacle detection sensor with detection range 5m and 270\u00b0 with free area settings. Compact and lightweight, it can be used to detect obstacles in AGVs (automated guided vehicles) and detect intrusions into robots, machinery, etc.,\u00a0<b>NPN type: UST-05LN PNP type: UST-05LNP\u00a0<\/b>two types are available<\/p>\n<p>UST-05LN, UST-05LNP, UST-10LN, UST-20LN<\/p>\n<p>Although the UST models are not safety scanners, they have a similar range of functions for flexible zone protection.<br \/>\nThe cost-effective UST models are equipped with all the necessary interfaces, representing a compact and efficient solution for a wide range of applications.<\/p>\n<h3 class=\"sec_ttl\">Features<\/h3>\n<div class=\"sec_inner\">\n<div class=\"edit_box js-editor\">-&gt; 2D scanner for measuring distance between the sensor and its surroundings.<br \/>\n-&gt; Supply voltage 10 to 30V<br \/>\n-&gt; The smallest and lightest of its kind<br \/>\n-&gt; Measurement distance, 5m<br \/>\n-&gt; Faster response, 66msec<br \/>\n-&gt; More flexible field setting available<\/div>\n<div><\/div>\n<div>\n<p><strong>M\u00e1y \u0111o kho\u1ea3ng c\u00e1ch b\u1eb1ng tia laser qu\u00e9t HOKUYO UST-05LN \/ UST-05LNP<\/strong>C\u1ea3m bi\u1ebfn ph\u00e1t hi\u1ec7n ch\u01b0\u1edbng ng\u1ea1i v\u1eadt v\u1edbi ph\u1ea1m vi ph\u00e1t hi\u1ec7n 5m v\u00e0 270\u00b0 v\u1edbi c\u00e1c thi\u1ebft l\u1eadp v\u00f9ng t\u1ef1 do. Nh\u1ecf g\u1ecdn v\u00e0 nh\u1eb9, c\u00f3 th\u1ec3 \u0111\u01b0\u1ee3c s\u1eed d\u1ee5ng \u0111\u1ec3 ph\u00e1t hi\u1ec7n ch\u01b0\u1edbng ng\u1ea1i v\u1eadt trong AGV (xe t\u1ef1 h\u00e0nh) v\u00e0 ph\u00e1t hi\u1ec7n x\u00e2m nh\u1eadp v\u00e0o robot, m\u00e1y m\u00f3c, v.v.,\u00a0Lo\u1ea1i NPN: UST-05LN Lo\u1ea1i PNP: UST-05LNP\u00a0c\u00f3 hai lo\u1ea1i<\/p>\n<p>-&gt; M\u00e1y qu\u00e9t 2D \u0111\u1ec3 \u0111o kho\u1ea3ng c\u00e1ch gi\u1eefa c\u1ea3m bi\u1ebfn v\u00e0 m\u00f4i tr\u01b0\u1eddng xung quanh.<br \/>\n-&gt; \u0110i\u1ec7n \u00e1p cung c\u1ea5p 10 \u0111\u1ebfn 30V<br \/>\n-&gt; Nh\u1ecf nh\u1ea5t v\u00e0 nh\u1eb9 nh\u1ea5t trong lo\u1ea1i n\u00e0y<br \/>\n-&gt; Kho\u1ea3ng c\u00e1ch \u0111o, 5m<br \/>\n-&gt; Ph\u1ea3n h\u1ed3i nhanh h\u01a1n, 66msec<br \/>\n-&gt; C\u00f3 s\u1eb5n c\u00e0i \u0111\u1eb7t tr\u01b0\u1eddng linh ho\u1ea1t h\u01a1n<\/p>\n<\/div>\n<table border=\"2\" width=\"100%\">\n<tbody>\n<tr>\n<td align=\"center\">T\u00ean s\u1ea3n ph\u1ea9m<\/td>\n<td align=\"center\">M\u00e1y \u0111o kho\u1ea3ng c\u00e1ch b\u1eb1ng tia laser qu\u00e9t<\/td>\n<\/tr>\n<tr>\n<td align=\"center\">Ng\u01b0\u1eddi m\u1eabu<\/td>\n<td align=\"center\">UST-05LN<\/td>\n<\/tr>\n<tr>\n<td>\u0110i\u1ec7n \u00e1p cung c\u1ea5p<\/td>\n<td>DC 12V\/DC 24V (ph\u1ea1m vi ho\u1ea1t \u0111\u1ed9ng 10 \u0111\u1ebfn 30V, g\u1ee3n s\u00f3ng trong v\u00f2ng 10%)<\/td>\n<\/tr>\n<tr>\n<td>Ngu\u1ed3n cung c\u1ea5p hi\u1ec7n t\u1ea1i<\/td>\n<td>150mA (DC 24V) ho\u1eb7c th\u1ea5p h\u01a1n (khi kh\u1edfi \u0111\u1ed9ng c\u1ea7n kho\u1ea3ng 400mA.)<\/td>\n<\/tr>\n<tr>\n<td>Ngu\u1ed3n s\u00e1ng<\/td>\n<td>Laser b\u00e1n d\u1eabn (905nm), Laser lo\u1ea1i 1 (IEC60825-1:2007, S\u1ed1 hi\u1ec7u: 1420210-000)<\/td>\n<\/tr>\n<tr>\n<td rowspan=\"3\">Ph\u1ea1m vi ph\u00e1t hi\u1ec7n v\u00e0 \u0111\u1ed1i t\u01b0\u1ee3ng<\/td>\n<td>60mm \u0111\u1ebfn 5000mm (t\u1ea5m Kent tr\u1eafng)<\/td>\n<\/tr>\n<tr>\n<td>60mm \u0111\u1ebfn 2000mm (ph\u1ea3n x\u1ea1 khu\u1ebfch t\u00e1n 10%)<\/td>\n<\/tr>\n<tr>\n<td>K\u00edch th\u01b0\u1edbc ph\u00e1t hi\u1ec7n t\u1ed1i thi\u1ec3u 130mm (thay \u0111\u1ed5i theo kho\u1ea3ng c\u00e1ch)\u00a0<sup>*1<\/sup><\/td>\n<\/tr>\n<tr>\n<td>S\u1ef1 ch\u00ednh x\u00e1c<\/td>\n<td>60mm \u0111\u1ebfn 5000mm \u00b140mm\u00a0<sup>*2<\/sup><\/td>\n<\/tr>\n<tr>\n<td>\u0110\u1ed9 l\u1ec7ch chu\u1ea9n<\/td>\n<td>\u03c3&lt;20mm\u00a0<sup>*2<\/sup><\/td>\n<\/tr>\n<tr>\n<td>G\u00f3c qu\u00e9t<\/td>\n<td>270\u00b0<\/td>\n<\/tr>\n<tr>\n<td>T\u1ed1c \u0111\u1ed9 qu\u00e9t<\/td>\n<td>25msec (t\u1ed1c \u0111\u1ed9 \u0111\u1ed9ng c\u01a1 2400 v\u00f2ng\/ph\u00fat)<\/td>\n<\/tr>\n<tr>\n<td>\u0110\u1ed9 ph\u00e2n gi\u1ea3i g\u00f3c<\/td>\n<td>0,5\u00b0<\/td>\n<\/tr>\n<tr>\n<td>Th\u1eddi gian kh\u1edfi \u0111\u1ed9ng<\/td>\n<td>Trong v\u00f2ng 10 gi\u00e2y (th\u1eddi gian kh\u1edfi \u0111\u1ed9ng s\u1ebd kh\u00e1c nhau n\u1ebfu ph\u00e1t hi\u1ec7n s\u1ef1 c\u1ed1 trong qu\u00e1 tr\u00ecnh kh\u1edfi \u0111\u1ed9ng)<\/td>\n<\/tr>\n<tr>\n<td>\u0110\u1ea7u ra<\/td>\n<td>B\u1ed9 gh\u00e9p quang, \u0111\u1ea7u ra c\u1ef1c thu h\u1edf DC t\u1ed1i \u0111a 30V 50mA<br \/>\n\u0110\u1ea7u ra 1: \u0110\u1ea7u ra 1 T\u1eaeT trong khi ph\u00e1t hi\u1ec7n v\u1eadt th\u1ec3<br \/>\n\u0110\u1ea7u ra 2: \u0110\u1ea7u ra 2 T\u1eaeT trong khi ph\u00e1t hi\u1ec7n v\u1eadt th\u1ec3<br \/>\n\u0110\u1ea7u ra 3:<br \/>\n\u0110\u1ea7u ra 3 T\u1eaeT trong khi ph\u00e1t hi\u1ec7n v\u1eadt th\u1ec3 \u0110\u1ea7u ra tr\u1ee5c tr\u1eb7c: B\u1eacT trong khi ho\u1ea1t \u0111\u1ed9ng b\u00ecnh th\u01b0\u1eddng, T\u1eaeT trong khi ho\u1ea1t \u0111\u1ed9ng tr\u1ee5c tr\u1eb7c<br \/>\n\u0110\u1ea7u ra \u0111\u1ed3ng b\u1ed9 h\u00f3a: T\u00edn hi\u1ec7u \u0111\u1ed3ng b\u1ed9 h\u00f3a trong khi ho\u1ea1t \u0111\u1ed9ng Ch\u1ee7\/T\u1edb.<br \/>\nL\u01b0u \u00fd: \u0110\u1ea7u ra 1 \u0111\u1ebfn 3 \u0111\u01b0\u1ee3c T\u1eaeT trong tr\u1ea1ng th\u00e1i tr\u1ee5c tr\u1eb7c<\/td>\n<\/tr>\n<tr>\n<td>\u0110\u1ea7u v\u00e0o<\/td>\n<td>B\u1ed9 gh\u00e9p quang, anot chung, ngu\u1ed3n \u0111i\u1ec7n l\u00e0 4mA khi \u0111\u1ea7u v\u00e0o B\u1eacT.<br \/>\n\u0110\u1ea7u v\u00e0o 1 \u0111\u1ebfn 5: \u0110\u1ea7u v\u00e0o chuy\u1ec3n m\u1ea1ch khu v\u1ef1c (tham kh\u1ea3o B\u1ea3ng 1)<br \/>\n\u0110\u1ea7u v\u00e0o \u0111\u1ed3ng b\u1ed9 h\u00f3a: T\u00edn hi\u1ec7u \u0111\u1ed3ng b\u1ed9 h\u00f3a \u0111\u1ea7u v\u00e0o trong qu\u00e1 tr\u00ecnh ho\u1ea1t \u0111\u1ed9ng c\u1ee7a Slave.<\/td>\n<\/tr>\n<tr>\n<td>Th\u1eddi gian ph\u1ea3n h\u1ed3i \u0111\u1ea7u ra\u00a0<sup>*3<\/sup><\/td>\n<td>T\u1eaeT: 66msec \u0111\u1ebfn 3241msec<br \/>\nB\u1eacT: 66msec \u0111\u1ebfn 3241msec<\/td>\n<\/tr>\n<tr>\n<td>\u0110\u1ed9 tr\u1ec5<\/td>\n<td>\u0110\u1ed9 tr\u1ec5 6,25%<br \/>\n\u0110\u1ed9 tr\u1ec5 3,125%<br \/>\nKh\u00f4ng c\u00f3 \u0111\u1ed9 tr\u1ec5 (M\u1eb7c \u0111\u1ecbnh)<\/td>\n<\/tr>\n<tr>\n<td>Giao di\u1ec7n<\/td>\n<td>USB<\/td>\n<\/tr>\n<tr>\n<td>M\u00e0n h\u00ecnh LED<\/td>\n<td>\u0110\u00e8n LED xanh: B\u1eacT trong qu\u00e1 tr\u00ecnh ho\u1ea1t \u0111\u1ed9ng b\u00ecnh th\u01b0\u1eddng, nh\u1ea5p nh\u00e1y trong qu\u00e1 tr\u00ecnh kh\u1edfi \u0111\u1ed9ng<br \/>\n\u0110\u00e8n LED \u0111\u1ea7u ra 1 (m\u00e0u cam): B\u1eacT trong qu\u00e1 tr\u00ecnh ph\u00e1t hi\u1ec7n v\u1eadt th\u1ec3<br \/>\n\u0110\u00e8n LED \u0111\u1ea7u ra 2 (m\u00e0u cam): B\u1eacT trong qu\u00e1 tr\u00ecnh ph\u00e1t hi\u1ec7n v\u1eadt th\u1ec3<br \/>\n\u0110\u00e8n LED \u0111\u1ea7u ra 13 (m\u00e0u cam): B\u1eacT trong qu\u00e1 tr\u00ecnh ph\u00e1t hi\u1ec7n v\u1eadt th\u1ec3<\/td>\n<\/tr>\n<tr>\n<td>Ch\u1ee9c n\u0103ng \u0111\u1ed3ng b\u1ed9 h\u00f3a<\/td>\n<td>Ch\u1ebf \u0111\u1ed9 \u0111\u1ed3ng b\u1ed9 ch\u1ee7\/t\u1edb \u0111\u01b0\u1ee3c thi\u1ebft l\u1eadp b\u1eb1ng ph\u1ea7n m\u1ec1m c\u1ea5u h\u00ecnh\u00a0<sup>*4<\/sup><br \/>\nCh\u1ebf \u0111\u1ed9 \u0111\u1ed3ng b\u1ed9 t\u1edb (0\u00b0)<br \/>\nCh\u1ebf \u0111\u1ed9 \u0111\u1ed3ng b\u1ed9 t\u1edb (90\u00b0)<br \/>\nCh\u1ebf \u0111\u1ed9 \u0111\u1ed3ng b\u1ed9 t\u1edb (180\u00b0)<br \/>\nCh\u1ebf \u0111\u1ed9 \u0111\u1ed3ng b\u1ed9 t\u1edb (270\u00b0)<\/td>\n<\/tr>\n<tr>\n<td>Chi\u1ebfu s\u00e1ng xung quanh<\/td>\n<td>D\u01b0\u1edbi 80.000lx<br \/>\nL\u01b0u \u00fd: Tr\u00e1nh \u00e1nh n\u1eafng tr\u1ef1c ti\u1ebfp ho\u1eb7c c\u00e1c ngu\u1ed3n s\u00e1ng kh\u00e1c v\u00ec c\u00f3 th\u1ec3 khi\u1ebfn c\u1ea3m bi\u1ebfn b\u1ecb tr\u1ee5c tr\u1eb7c<\/td>\n<\/tr>\n<tr>\n<td>Nhi\u1ec7t \u0111\u1ed9 v\u00e0 \u0111\u1ed9 \u1ea9m m\u00f4i tr\u01b0\u1eddng<\/td>\n<td>-10\u00b0C \u0111\u1ebfn +50\u00b0C, d\u01b0\u1edbi 85%RH (kh\u00f4ng c\u00f3 s\u01b0\u01a1ng, s\u01b0\u01a1ng gi\u00e1)<\/td>\n<\/tr>\n<tr>\n<td>Nhi\u1ec7t \u0111\u1ed9 v\u00e0 \u0111\u1ed9 \u1ea9m l\u01b0u tr\u1eef<\/td>\n<td>-30\u00b0C \u0111\u1ebfn +70\u00b0C, d\u01b0\u1edbi 85%RH (kh\u00f4ng c\u00f3 s\u01b0\u01a1ng, s\u01b0\u01a1ng gi\u00e1)<\/td>\n<\/tr>\n<tr>\n<td>Kh\u1ea3 n\u0103ng ch\u1ed1ng rung<\/td>\n<td>10 \u0111\u1ebfn 55Hz bi\u00ean \u0111\u1ed9 k\u00e9p 1,5mm trong 2 gi\u1edd theo m\u1ed7i h\u01b0\u1edbng X, Y v\u00e0 Z<br \/>\n55 \u0111\u1ebfn 200Hz 98m \/ s\u00a0<sup>2 l\u1ea7n<\/sup>\u00a0qu\u00e9t trong 2 ph\u00fat trong 1 gi\u1edd theo m\u1ed7i h\u01b0\u1edbng X, Y v\u00e0 Z<\/td>\n<\/tr>\n<tr>\n<td>Ch\u1ed1ng s\u1ed1c<\/td>\n<td>196m\/s\u00a0<sup>2<\/sup>\u00a0(20G) m\u1ed7i h\u01b0\u1edbng X, Y v\u00e0 Z 10 l\u1ea7n.<\/td>\n<\/tr>\n<tr>\n<td>\u0110i\u1ec7n tr\u1edf c\u00e1ch \u0111i\u1ec7n<\/td>\n<td>10M\u03a9, DC500V<\/td>\n<\/tr>\n<tr>\n<td>C\u1ea5u tr\u00fac b\u1ea3o v\u1ec7<\/td>\n<td>IP65<\/td>\n<\/tr>\n<tr>\n<td>Ti\u00eau chu\u1ea9n EMC<\/td>\n<td>(EMI)<br \/>\nEN61326-1:2013<br \/>\nEN55011:2009 + A1:2010<br \/>\n(EMS)<br \/>\nEN61326-1:2013<br \/>\nEN61000-4-2:2009<br \/>\nEN61000-4-3:2006 + A1:2008 + A2:2010<br \/>\nEN61000-4-4 :2012<br \/>\nEN61000-4-6:2009<br \/>\nEN61000-4-8:2010<\/td>\n<\/tr>\n<tr>\n<td>C\u00e2n n\u1eb7ng<\/td>\n<td>130g<\/td>\n<\/tr>\n<tr>\n<td>V\u1eadt li\u1ec7u<\/td>\n<td>V\u1ecf tr\u00ean: Polycarbonate, V\u1ecf d\u01b0\u1edbi: Nh\u00f4m<\/td>\n<\/tr>\n<tr>\n<td>K\u00edch th\u01b0\u1edbc (R\u1ed9ng \u00d7 S\u00e2u \u00d7 Cao)<\/td>\n<td>50\u00d750\u00d770mm<\/td>\n<\/tr>\n<\/tbody>\n<\/table>\n<p>\u0110\u1ea1i l\u00fd HOKUYO vietnam, HOKUYO viet nam, HOKUYO vietnam distributor, Ph\u00e2n ph\u1ed1i HOKUYO t\u1ea1i vi\u1ec7t nam<\/p>\n<p>\u0110\u1ea1i l\u00fd HOKUYO vietnam, HOKUYO viet nam, HOKUYO vietnam distributor, Ph\u00e2n ph\u1ed1i HOKUYO t\u1ea1i vi\u1ec7t nam<\/p>\n<p>\u0110\u1ea1i l\u00fd HOKUYO vietnam, HOKUYO viet nam, HOKUYO vietnam distributor, Ph\u00e2n ph\u1ed1i HOKUYO t\u1ea1i vi\u1ec7t nam<\/p>\n<\/div>\n","protected":false},"excerpt":{"rendered":"<p>HOKUYO UST-05LN Obstacle detection sensor with detection range 5m and 270\u00b0 with free area settings. Compact and lightweight, it can be used to detect obstacles in AGVs (automated guided vehicles) and detect intrusions into robots, machinery, etc.,\u00a0NPN type: UST-05LN PNP type: UST-05LNP\u00a0two types are available UST-05LN, UST-05LNP, UST-10LN, UST-20LN Although&hellip; <\/p>\n","protected":false},"featured_media":4275,"comment_status":"open","ping_status":"closed","template":"","meta":[],"product_cat":[821],"product_tag":[88,823,822],"class_list":{"0":"post-4274","1":"product","2":"type-product","3":"status-publish","4":"has-post-thumbnail","6":"product_cat-hokuyo","7":"product_tag-cam-bien","8":"product_tag-dai-ly-hokuyo-viet-nam","9":"product_tag-hokuyo-viet-nam","11":"first","12":"instock","13":"shipping-taxable","14":"product-type-simple"},"yoast_head":"<!-- This site is optimized with the Yoast SEO plugin v22.8 - https:\/\/yoast.com\/wordpress\/plugins\/seo\/ -->\n<title>HOKUYO UST-05LN - OMANI VI\u1ec6T NAM<\/title>\n<meta name=\"description\" content=\"HOKUYO UST-05LN Laser Sensor\" \/>\n<meta name=\"robots\" content=\"index, follow, max-snippet:-1, max-image-preview:large, max-video-preview:-1\" \/>\n<link rel=\"canonical\" href=\"https:\/\/omanivietnam.com\/index.php\/san-pham\/hokuyo-ust-05ln\/\" \/>\n<meta property=\"og:locale\" content=\"vi_VN\" \/>\n<meta property=\"og:type\" content=\"article\" \/>\n<meta property=\"og:title\" content=\"HOKUYO UST-05LN - OMANI VI\u1ec6T NAM\" \/>\n<meta property=\"og:description\" content=\"HOKUYO UST-05LN Laser Sensor\" \/>\n<meta property=\"og:url\" content=\"https:\/\/omanivietnam.com\/index.php\/san-pham\/hokuyo-ust-05ln\/\" \/>\n<meta property=\"og:site_name\" content=\"OMANI VI\u1ec6T NAM\" \/>\n<meta property=\"article:modified_time\" content=\"2025-10-23T03:26:16+00:00\" \/>\n<meta property=\"og:image\" content=\"https:\/\/omanivietnam.com\/wp-content\/uploads\/2025\/08\/UST-05LN.png\" \/>\n\t<meta property=\"og:image:width\" content=\"627\" \/>\n\t<meta property=\"og:image:height\" content=\"918\" \/>\n\t<meta property=\"og:image:type\" content=\"image\/png\" \/>\n<meta name=\"twitter:card\" content=\"summary_large_image\" \/>\n<meta name=\"twitter:label1\" content=\"\u01af\u1edbc t\u00ednh th\u1eddi gian \u0111\u1ecdc\" \/>\n\t<meta name=\"twitter:data1\" content=\"6 ph\u00fat\" \/>\n<script type=\"application\/ld+json\" class=\"yoast-schema-graph\">{\"@context\":\"https:\/\/schema.org\",\"@graph\":[{\"@type\":\"WebPage\",\"@id\":\"https:\/\/omanivietnam.com\/index.php\/san-pham\/hokuyo-ust-05ln\/\",\"url\":\"https:\/\/omanivietnam.com\/index.php\/san-pham\/hokuyo-ust-05ln\/\",\"name\":\"HOKUYO UST-05LN - OMANI VI\u1ec6T NAM\",\"isPartOf\":{\"@id\":\"https:\/\/omanivietnam.com\/#website\"},\"primaryImageOfPage\":{\"@id\":\"https:\/\/omanivietnam.com\/index.php\/san-pham\/hokuyo-ust-05ln\/#primaryimage\"},\"image\":{\"@id\":\"https:\/\/omanivietnam.com\/index.php\/san-pham\/hokuyo-ust-05ln\/#primaryimage\"},\"thumbnailUrl\":\"https:\/\/omanivietnam.com\/wp-content\/uploads\/2025\/08\/UST-05LN.png\",\"datePublished\":\"2025-08-11T13:29:38+00:00\",\"dateModified\":\"2025-10-23T03:26:16+00:00\",\"description\":\"HOKUYO UST-05LN Laser Sensor\",\"breadcrumb\":{\"@id\":\"https:\/\/omanivietnam.com\/index.php\/san-pham\/hokuyo-ust-05ln\/#breadcrumb\"},\"inLanguage\":\"vi\",\"potentialAction\":[{\"@type\":\"ReadAction\",\"target\":[\"https:\/\/omanivietnam.com\/index.php\/san-pham\/hokuyo-ust-05ln\/\"]}]},{\"@type\":\"ImageObject\",\"inLanguage\":\"vi\",\"@id\":\"https:\/\/omanivietnam.com\/index.php\/san-pham\/hokuyo-ust-05ln\/#primaryimage\",\"url\":\"https:\/\/omanivietnam.com\/wp-content\/uploads\/2025\/08\/UST-05LN.png\",\"contentUrl\":\"https:\/\/omanivietnam.com\/wp-content\/uploads\/2025\/08\/UST-05LN.png\",\"width\":627,\"height\":918},{\"@type\":\"BreadcrumbList\",\"@id\":\"https:\/\/omanivietnam.com\/index.php\/san-pham\/hokuyo-ust-05ln\/#breadcrumb\",\"itemListElement\":[{\"@type\":\"ListItem\",\"position\":1,\"name\":\"Home\",\"item\":\"https:\/\/omanivietnam.com\/\"},{\"@type\":\"ListItem\",\"position\":2,\"name\":\"S\u1ea2N PH\u1ea8M\",\"item\":\"https:\/\/omanivietnam.com\/index.php\/cua-hang\/\"},{\"@type\":\"ListItem\",\"position\":3,\"name\":\"HOKUYO UST-05LN\"}]},{\"@type\":\"WebSite\",\"@id\":\"https:\/\/omanivietnam.com\/#website\",\"url\":\"https:\/\/omanivietnam.com\/\",\"name\":\"OMANI VI\u1ec6T NAM\",\"description\":\"Nh\u00e0 ph\u00e2n ph\u1ed1i thi\u1ebft b\u1ecb kh\u00ed n\u00e9n v\u00e0 thi\u1ebft b\u1ecb t\u1ef1 \u0111\u1ed9ng h\u00f3a trong c\u00f4ng nghi\u1ec7p\",\"publisher\":{\"@id\":\"https:\/\/omanivietnam.com\/#\/schema\/person\/0ad398a980dc3fd696111c2c5c8fa897\"},\"potentialAction\":[{\"@type\":\"SearchAction\",\"target\":{\"@type\":\"EntryPoint\",\"urlTemplate\":\"https:\/\/omanivietnam.com\/?s={search_term_string}\"},\"query-input\":\"required name=search_term_string\"}],\"inLanguage\":\"vi\"},{\"@type\":[\"Person\",\"Organization\"],\"@id\":\"https:\/\/omanivietnam.com\/#\/schema\/person\/0ad398a980dc3fd696111c2c5c8fa897\",\"name\":\"Nguy\u1ec5n V\u0103n Kh\u00e1nh\",\"image\":{\"@type\":\"ImageObject\",\"inLanguage\":\"vi\",\"@id\":\"https:\/\/omanivietnam.com\/#\/schema\/person\/image\/\",\"url\":\"https:\/\/omanivietnam.com\/wp-content\/uploads\/2024\/06\/logo-1024x1024.png\",\"contentUrl\":\"https:\/\/omanivietnam.com\/wp-content\/uploads\/2024\/06\/logo-1024x1024.png\",\"width\":1024,\"height\":1024,\"caption\":\"Nguy\u1ec5n V\u0103n Kh\u00e1nh\"},\"logo\":{\"@id\":\"https:\/\/omanivietnam.com\/#\/schema\/person\/image\/\"},\"sameAs\":[\"https:\/\/omanivietnam.com\"]}]}<\/script>\n<!-- \/ Yoast SEO plugin. -->","yoast_head_json":{"title":"HOKUYO UST-05LN - OMANI VI\u1ec6T NAM","description":"HOKUYO UST-05LN Laser Sensor","robots":{"index":"index","follow":"follow","max-snippet":"max-snippet:-1","max-image-preview":"max-image-preview:large","max-video-preview":"max-video-preview:-1"},"canonical":"https:\/\/omanivietnam.com\/index.php\/san-pham\/hokuyo-ust-05ln\/","og_locale":"vi_VN","og_type":"article","og_title":"HOKUYO UST-05LN - OMANI VI\u1ec6T NAM","og_description":"HOKUYO UST-05LN Laser Sensor","og_url":"https:\/\/omanivietnam.com\/index.php\/san-pham\/hokuyo-ust-05ln\/","og_site_name":"OMANI VI\u1ec6T NAM","article_modified_time":"2025-10-23T03:26:16+00:00","og_image":[{"width":627,"height":918,"url":"https:\/\/omanivietnam.com\/wp-content\/uploads\/2025\/08\/UST-05LN.png","type":"image\/png"}],"twitter_card":"summary_large_image","twitter_misc":{"\u01af\u1edbc t\u00ednh th\u1eddi gian \u0111\u1ecdc":"6 ph\u00fat"},"schema":{"@context":"https:\/\/schema.org","@graph":[{"@type":"WebPage","@id":"https:\/\/omanivietnam.com\/index.php\/san-pham\/hokuyo-ust-05ln\/","url":"https:\/\/omanivietnam.com\/index.php\/san-pham\/hokuyo-ust-05ln\/","name":"HOKUYO UST-05LN - OMANI VI\u1ec6T NAM","isPartOf":{"@id":"https:\/\/omanivietnam.com\/#website"},"primaryImageOfPage":{"@id":"https:\/\/omanivietnam.com\/index.php\/san-pham\/hokuyo-ust-05ln\/#primaryimage"},"image":{"@id":"https:\/\/omanivietnam.com\/index.php\/san-pham\/hokuyo-ust-05ln\/#primaryimage"},"thumbnailUrl":"https:\/\/omanivietnam.com\/wp-content\/uploads\/2025\/08\/UST-05LN.png","datePublished":"2025-08-11T13:29:38+00:00","dateModified":"2025-10-23T03:26:16+00:00","description":"HOKUYO UST-05LN Laser Sensor","breadcrumb":{"@id":"https:\/\/omanivietnam.com\/index.php\/san-pham\/hokuyo-ust-05ln\/#breadcrumb"},"inLanguage":"vi","potentialAction":[{"@type":"ReadAction","target":["https:\/\/omanivietnam.com\/index.php\/san-pham\/hokuyo-ust-05ln\/"]}]},{"@type":"ImageObject","inLanguage":"vi","@id":"https:\/\/omanivietnam.com\/index.php\/san-pham\/hokuyo-ust-05ln\/#primaryimage","url":"https:\/\/omanivietnam.com\/wp-content\/uploads\/2025\/08\/UST-05LN.png","contentUrl":"https:\/\/omanivietnam.com\/wp-content\/uploads\/2025\/08\/UST-05LN.png","width":627,"height":918},{"@type":"BreadcrumbList","@id":"https:\/\/omanivietnam.com\/index.php\/san-pham\/hokuyo-ust-05ln\/#breadcrumb","itemListElement":[{"@type":"ListItem","position":1,"name":"Home","item":"https:\/\/omanivietnam.com\/"},{"@type":"ListItem","position":2,"name":"S\u1ea2N PH\u1ea8M","item":"https:\/\/omanivietnam.com\/index.php\/cua-hang\/"},{"@type":"ListItem","position":3,"name":"HOKUYO UST-05LN"}]},{"@type":"WebSite","@id":"https:\/\/omanivietnam.com\/#website","url":"https:\/\/omanivietnam.com\/","name":"OMANI VI\u1ec6T NAM","description":"Nh\u00e0 ph\u00e2n ph\u1ed1i thi\u1ebft b\u1ecb kh\u00ed n\u00e9n v\u00e0 thi\u1ebft b\u1ecb t\u1ef1 \u0111\u1ed9ng h\u00f3a trong c\u00f4ng nghi\u1ec7p","publisher":{"@id":"https:\/\/omanivietnam.com\/#\/schema\/person\/0ad398a980dc3fd696111c2c5c8fa897"},"potentialAction":[{"@type":"SearchAction","target":{"@type":"EntryPoint","urlTemplate":"https:\/\/omanivietnam.com\/?s={search_term_string}"},"query-input":"required name=search_term_string"}],"inLanguage":"vi"},{"@type":["Person","Organization"],"@id":"https:\/\/omanivietnam.com\/#\/schema\/person\/0ad398a980dc3fd696111c2c5c8fa897","name":"Nguy\u1ec5n V\u0103n Kh\u00e1nh","image":{"@type":"ImageObject","inLanguage":"vi","@id":"https:\/\/omanivietnam.com\/#\/schema\/person\/image\/","url":"https:\/\/omanivietnam.com\/wp-content\/uploads\/2024\/06\/logo-1024x1024.png","contentUrl":"https:\/\/omanivietnam.com\/wp-content\/uploads\/2024\/06\/logo-1024x1024.png","width":1024,"height":1024,"caption":"Nguy\u1ec5n V\u0103n Kh\u00e1nh"},"logo":{"@id":"https:\/\/omanivietnam.com\/#\/schema\/person\/image\/"},"sameAs":["https:\/\/omanivietnam.com"]}]}},"_links":{"self":[{"href":"https:\/\/omanivietnam.com\/index.php\/wp-json\/wp\/v2\/product\/4274","targetHints":{"allow":["GET"]}}],"collection":[{"href":"https:\/\/omanivietnam.com\/index.php\/wp-json\/wp\/v2\/product"}],"about":[{"href":"https:\/\/omanivietnam.com\/index.php\/wp-json\/wp\/v2\/types\/product"}],"replies":[{"embeddable":true,"href":"https:\/\/omanivietnam.com\/index.php\/wp-json\/wp\/v2\/comments?post=4274"}],"wp:featuredmedia":[{"embeddable":true,"href":"https:\/\/omanivietnam.com\/index.php\/wp-json\/wp\/v2\/media\/4275"}],"wp:attachment":[{"href":"https:\/\/omanivietnam.com\/index.php\/wp-json\/wp\/v2\/media?parent=4274"}],"wp:term":[{"taxonomy":"product_cat","embeddable":true,"href":"https:\/\/omanivietnam.com\/index.php\/wp-json\/wp\/v2\/product_cat?post=4274"},{"taxonomy":"product_tag","embeddable":true,"href":"https:\/\/omanivietnam.com\/index.php\/wp-json\/wp\/v2\/product_tag?post=4274"}],"curies":[{"name":"wp","href":"https:\/\/api.w.org\/{rel}","templated":true}]}}