{"id":4283,"date":"2025-08-14T21:11:00","date_gmt":"2025-08-14T14:11:00","guid":{"rendered":"https:\/\/omanivietnam.com\/?post_type=product&#038;p=4283"},"modified":"2025-08-14T21:11:00","modified_gmt":"2025-08-14T14:11:00","slug":"wenglor-i30h008-2","status":"publish","type":"product","link":"https:\/\/omanivietnam.com\/index.php\/san-pham\/wenglor-i30h008-2\/","title":{"rendered":"WENGLOR I30H008"},"content":{"rendered":"<p>WENGLOR I30H008<\/p>\n<p class=\"name\">I30H008<span class=\"pname\">\u00a0Inductive Sensor with Increased Switching Distance<\/span><\/p>\n<p><span id=\"lexItem0\" class=\"ws-parse-lexicon\" data-parse-type=\"lexicon\" data-href=\"\/en\/Inductive-Sensors-With-Increased-Switching-Distances\/l\/cxmCID192573\" data-target=\"_blank\">Inductive Sensors with increased switching distances<\/span>\u00a0are distinguished by rugged\u00a0<span id=\"lexItem1\" class=\"ws-parse-lexicon\" data-parse-type=\"lexicon\" data-href=\"\/en\/Design\/l\/cxmCID123750\" data-target=\"_blank\">design<\/span>, easy installation and reliable measured values. The large\u00a0<span id=\"lexItem2\" class=\"ws-parse-lexicon\" data-parse-type=\"lexicon\" data-href=\"\/en\/Range\/l\/cxmCID89481\" data-target=\"_blank\">range<\/span>\u00a0makes additional types of sensor superfluous because they can also be used to implement special applications. In addition to error-free operation of several sensors in a very small\u00a0<span id=\"lexItem3\" class=\"ws-parse-lexicon\" data-parse-type=\"lexicon\" data-href=\"\/en\/Space\/l\/cxmCID73364\" data-target=\"_blank\">space<\/span>, the new generation also provides the possibility of detecting system errors before it&#8217;s too late thanks to\u00a0<span id=\"lexItem4\" class=\"ws-parse-lexicon\" data-parse-type=\"lexicon\" data-href=\"\/en\/ASIC\/l\/cxmCID163074\" data-target=\"_blank\">ASIC<\/span>\u00a0und wenglor\u00a0<span id=\"lexItem5\" class=\"ws-parse-lexicon\" data-parse-type=\"lexicon\" data-href=\"\/en\/weproTec\/l\/cxmCID163072\" data-target=\"_blank\">weproTec<\/span>.<\/p>\n<div class=\"visible-lg\">\n<p class=\"benefits-feature-title\">Features at a Glance<\/p>\n<\/div>\n<ul>\n<li>Increased switching distance<\/li>\n<li>Minimal mounting clearance thanks to wenglor weproTec<\/li>\n<li>Innovative ASIC circuit technology<\/li>\n<li>Integrated error display<\/li>\n<\/ul>\n<div class=\"product-classifications\">\n<table class=\"product-classification--accordion classification-style--cxmAID17398 ui-accordion ui-widget ui-helper-reset\" role=\"tablist\">\n<thead id=\"ui-id-2\" class=\"product-classification--accordion-head ui-accordion-header ui-corner-top ui-state-default ui-accordion-header-active ui-state-active ui-state-focus\" role=\"tab\" aria-controls=\"ui-id-3\" aria-expanded=\"true\">\n<tr>\n<th colspan=\"100%\">\n<h3>Inductive Data<\/h3>\n<\/th>\n<\/tr>\n<\/thead>\n<tbody id=\"ui-id-3\" class=\"product-classification--accordion-body ui-accordion-content ui-corner-bottom ui-helper-reset ui-widget-content ui-accordion-content-active\" role=\"tabpanel\" aria-labelledby=\"ui-id-2\" aria-hidden=\"false\">\n<tr>\n<td class=\"attrib\"><span id=\"lexItem6\" class=\"ws-parse-lexicon\" data-parse-type=\"lexicon\" data-href=\"\/en\/Switching-Distance\/l\/cxmCID73281\" data-target=\"_blank\">Switching Distance<\/span><\/td>\n<td>22\u00a0mm<\/td>\n<\/tr>\n<tr>\n<td class=\"attrib\">Correction Factors Stainless Steel V2A\/CuZn\/Al<\/td>\n<td>0,85\/0,35\/0,34<\/td>\n<\/tr>\n<tr>\n<td class=\"attrib\">Mounting<\/td>\n<td>semi-flush<\/td>\n<\/tr>\n<tr>\n<td class=\"attrib\"><span id=\"lexItem7\" class=\"ws-parse-lexicon\" data-parse-type=\"lexicon\" data-href=\"\/en\/Mounting-ABCD\/l\/cxmCID210286\" data-target=\"_blank\">Mounting A\/B\/C\/D<\/span>\u00a0in\u00a0<span id=\"lexItem8\" class=\"ws-parse-lexicon\" data-parse-type=\"lexicon\" data-href=\"\/en\/mm\/l\/cxmCID73156\" data-target=\"_blank\">mm<\/span><\/td>\n<td>35\/49\/66\/7<\/td>\n<\/tr>\n<tr>\n<td class=\"attrib\"><span id=\"lexItem9\" class=\"ws-parse-lexicon\" data-parse-type=\"lexicon\" data-href=\"\/en\/Mounting-B1\/l\/cxmCID210285\" data-target=\"_blank\">Mounting B1<\/span>\u00a0in\u00a0<span id=\"lexItem10\" class=\"ws-parse-lexicon\" data-parse-type=\"lexicon\" data-href=\"\/en\/mm\/l\/cxmCID73156\" data-target=\"_blank\">mm<\/span><\/td>\n<td>0&#8230;40<\/td>\n<\/tr>\n<tr>\n<td class=\"attrib\"><span id=\"lexItem11\" class=\"ws-parse-lexicon\" data-parse-type=\"lexicon\" data-href=\"\/en\/Switching-Hysteresis\/l\/cxmCID73259\" data-target=\"_blank\">Switching Hysteresis<\/span><\/td>\n<td>&lt;\u00a010\u00a0%<\/td>\n<\/tr>\n<\/tbody>\n<\/table>\n<\/div>\n<div class=\"product-classifications\">\n<table class=\"product-classification--accordion classification-style--cxmAID17430 ui-accordion ui-widget ui-helper-reset\" role=\"tablist\">\n<thead id=\"ui-id-4\" class=\"product-classification--accordion-head ui-accordion-header ui-corner-top ui-state-default ui-accordion-header-active ui-state-active\" role=\"tab\" aria-controls=\"ui-id-5\" aria-expanded=\"true\">\n<tr>\n<th colspan=\"100%\">\n<h3>Electrical Data<\/h3>\n<\/th>\n<\/tr>\n<\/thead>\n<tbody id=\"ui-id-5\" class=\"product-classification--accordion-body ui-accordion-content ui-corner-bottom ui-helper-reset ui-widget-content ui-accordion-content-active\" role=\"tabpanel\" aria-labelledby=\"ui-id-4\" aria-hidden=\"false\">\n<tr>\n<td class=\"attrib\"><span id=\"lexItem12\" class=\"ws-parse-lexicon\" data-parse-type=\"lexicon\" data-href=\"\/en\/Supply-Voltage\/l\/cxmCID73346\" data-target=\"_blank\">Supply Voltage<\/span><\/td>\n<td>10\u00a0&#8230;\u00a030\u00a0V DC<\/td>\n<\/tr>\n<tr>\n<td class=\"attrib\"><span id=\"lexItem13\" class=\"ws-parse-lexicon\" data-parse-type=\"lexicon\" data-href=\"\/en\/Current-Consumption\/l\/cxmCID73279\" data-target=\"_blank\">Current Consumption<\/span>\u00a0(Ub = 24 V)<\/td>\n<td>&lt;\u00a012\u00a0mA<\/td>\n<\/tr>\n<tr>\n<td class=\"attrib\"><span id=\"lexItem14\" class=\"ws-parse-lexicon\" data-parse-type=\"lexicon\" data-href=\"\/en\/Switching-Frequency\/l\/cxmCID73261\" data-target=\"_blank\">Switching Frequency<\/span><\/td>\n<td>320\u00a0Hz<\/td>\n<\/tr>\n<tr>\n<td class=\"attrib\"><span id=\"lexItem15\" class=\"ws-parse-lexicon\" data-parse-type=\"lexicon\" data-href=\"\/en\/Temperature-Drift\/l\/cxmCID73317\" data-target=\"_blank\">Temperature Drift<\/span><\/td>\n<td>&lt;\u00a010\u00a0%<\/td>\n<\/tr>\n<tr>\n<td class=\"attrib\"><span id=\"lexItem16\" class=\"ws-parse-lexicon\" data-parse-type=\"lexicon\" data-href=\"\/en\/Temperature-Range\/l\/cxmCID73316\" data-target=\"_blank\">Temperature Range<\/span><\/td>\n<td>-40\u00a0&#8230;\u00a080\u00a0\u00b0C<\/td>\n<\/tr>\n<tr>\n<td class=\"attrib\"><span id=\"lexItem17\" class=\"ws-parse-lexicon\" data-parse-type=\"lexicon\" data-href=\"\/en\/Switching-Output\/l\/cxmCID166487\" data-target=\"_blank\">Switching Output<\/span>\u00a0<span id=\"lexItem18\" class=\"ws-parse-lexicon\" data-parse-type=\"lexicon\" data-href=\"\/en\/Voltage-Drop\/l\/cxmCID73272\" data-target=\"_blank\">Voltage Drop<\/span><\/td>\n<td>&lt;\u00a01\u00a0V<\/td>\n<\/tr>\n<tr>\n<td class=\"attrib\"><span id=\"lexItem19\" class=\"ws-parse-lexicon\" data-parse-type=\"lexicon\" data-href=\"\/en\/Switching-Output\/l\/cxmCID166487\" data-target=\"_blank\">Switching Output<\/span>\/<span id=\"lexItem20\" class=\"ws-parse-lexicon\" data-parse-type=\"lexicon\" data-href=\"\/en\/Switching-Current\/l\/cxmCID192585\" data-target=\"_blank\">Switching Current<\/span><\/td>\n<td>150\u00a0mA<\/td>\n<\/tr>\n<tr>\n<td class=\"attrib\"><span id=\"lexItem21\" class=\"ws-parse-lexicon\" data-parse-type=\"lexicon\" data-href=\"\/en\/Residual-Current\/l\/cxmCID73236\" data-target=\"_blank\">Residual Current<\/span>\u00a0<span id=\"lexItem22\" class=\"ws-parse-lexicon\" data-parse-type=\"lexicon\" data-href=\"\/en\/Switching-Output\/l\/cxmCID166487\" data-target=\"_blank\">Switching Output<\/span><\/td>\n<td>&lt;\u00a0100\u00a0\u00b5A<\/td>\n<\/tr>\n<tr>\n<td class=\"attrib\">Short Circuit Protection<\/td>\n<td>yes<\/td>\n<\/tr>\n<tr>\n<td class=\"attrib\">Reverse Polarity Protection<\/td>\n<td>yes<\/td>\n<\/tr>\n<tr>\n<td class=\"attrib\">Overload Protection<\/td>\n<td>yes<\/td>\n<\/tr>\n<tr>\n<td class=\"attrib\"><span id=\"lexItem23\" class=\"ws-parse-lexicon\" data-parse-type=\"lexicon\" data-href=\"\/en\/Protection-Class\/l\/cxmCID98831\" data-target=\"_blank\">Protection Class<\/span><\/td>\n<td>III<\/td>\n<\/tr>\n<\/tbody>\n<\/table>\n<\/div>\n<div class=\"product-classifications\">\n<table class=\"product-classification--accordion classification-style--cxmAID17408 ui-accordion ui-widget ui-helper-reset\" role=\"tablist\">\n<thead id=\"ui-id-6\" class=\"product-classification--accordion-head ui-accordion-header ui-corner-top ui-state-default ui-accordion-header-active ui-state-active\" role=\"tab\" aria-controls=\"ui-id-7\" aria-expanded=\"true\">\n<tr>\n<th colspan=\"100%\">\n<h3>Mechanical Data<\/h3>\n<\/th>\n<\/tr>\n<\/thead>\n<tbody id=\"ui-id-7\" class=\"product-classification--accordion-body ui-accordion-content ui-corner-bottom ui-helper-reset ui-widget-content ui-accordion-content-active\" role=\"tabpanel\" aria-labelledby=\"ui-id-6\" aria-hidden=\"false\">\n<tr>\n<td class=\"attrib\"><span id=\"lexItem24\" class=\"ws-parse-lexicon\" data-parse-type=\"lexicon\" data-href=\"\/en\/Housing-material\/l\/cxmCID73069\" data-target=\"_blank\">Housing Material<\/span><\/td>\n<td>Brass, nickel-plated<\/td>\n<\/tr>\n<tr>\n<td class=\"attrib\"><span id=\"lexItem25\" class=\"ws-parse-lexicon\" data-parse-type=\"lexicon\" data-href=\"\/en\/Sensing-Face\/l\/cxmCID72923\" data-target=\"_blank\">Sensing face<\/span><\/td>\n<td>Plastic, PBT<\/td>\n<\/tr>\n<tr>\n<td class=\"attrib\"><span id=\"lexItem26\" class=\"ws-parse-lexicon\" data-parse-type=\"lexicon\" data-href=\"\/en\/Degree-of-Protection\/l\/cxmCID73269\" data-target=\"_blank\">Degree of Protection<\/span><\/td>\n<td>IP67<\/td>\n<\/tr>\n<tr>\n<td class=\"attrib\">Connection<\/td>\n<td>M12 \u00d7 1; 4-pin<\/td>\n<\/tr>\n<tr>\n<td class=\"attrib\">Weight<\/td>\n<td>150\u00a0g<\/td>\n<\/tr>\n<\/tbody>\n<\/table>\n<\/div>\n<div class=\"product-classifications\">\n<table class=\"product-classification--accordion classification-style--cxmAID18023 ui-accordion ui-widget ui-helper-reset\" role=\"tablist\">\n<thead id=\"ui-id-8\" class=\"product-classification--accordion-head ui-accordion-header ui-corner-top ui-state-default ui-accordion-header-active ui-state-active\" role=\"tab\" aria-controls=\"ui-id-9\" aria-expanded=\"true\">\n<tr>\n<th colspan=\"100%\">\n<h3>Safety-relevant Data<\/h3>\n<\/th>\n<\/tr>\n<\/thead>\n<tbody id=\"ui-id-9\" class=\"product-classification--accordion-body ui-accordion-content ui-corner-bottom ui-helper-reset ui-widget-content ui-accordion-content-active\" role=\"tabpanel\" aria-labelledby=\"ui-id-8\" aria-hidden=\"false\">\n<tr>\n<td class=\"attrib\"><span id=\"lexItem27\" class=\"ws-parse-lexicon\" data-parse-type=\"lexicon\" data-href=\"\/en\/MTTFd\/l\/cxmCID123763\" data-target=\"_blank\">MTTFd<\/span>\u00a0(EN ISO 13849-1)<\/td>\n<td>3,706.54\u00a0a<\/td>\n<\/tr>\n<\/tbody>\n<\/table>\n<\/div>\n<div class=\"product-classifications\">\n<table class=\"product-classification--accordion classification-style--cxmAID17817 ui-accordion ui-widget ui-helper-reset\" role=\"tablist\">\n<thead id=\"ui-id-10\" class=\"product-classification--accordion-head ui-accordion-header ui-corner-top ui-state-default ui-accordion-header-active ui-state-active\" role=\"tab\" aria-controls=\"ui-id-11\" aria-expanded=\"true\">\n<tr>\n<th colspan=\"100%\">\n<h3>General Data<\/h3>\n<\/th>\n<\/tr>\n<\/thead>\n<tbody id=\"ui-id-11\" class=\"product-classification--accordion-body ui-accordion-content ui-corner-bottom ui-helper-reset ui-widget-content ui-accordion-content-active\" role=\"tabpanel\" aria-labelledby=\"ui-id-10\" aria-hidden=\"false\">\n<tr>\n<td class=\"attrib\">Packaging unit<\/td>\n<td>1 Piece<\/td>\n<\/tr>\n<\/tbody>\n<\/table>\n<\/div>\n<div class=\"product-classifications\">\n<table class=\"product-classification--accordion classification-style--cxmAID17413 ui-accordion ui-widget ui-helper-reset\" role=\"tablist\">\n<thead id=\"ui-id-12\" class=\"product-classification--accordion-head ui-accordion-header ui-corner-top ui-state-default ui-accordion-header-active ui-state-active\" role=\"tab\" aria-controls=\"ui-id-13\" aria-expanded=\"true\">\n<tr>\n<th colspan=\"100%\">\n<h3>Function<\/h3>\n<\/th>\n<\/tr>\n<\/thead>\n<tbody id=\"ui-id-13\" class=\"product-classification--accordion-body ui-accordion-content ui-corner-bottom ui-helper-reset ui-widget-content ui-accordion-content-active\" role=\"tabpanel\" aria-labelledby=\"ui-id-12\" aria-hidden=\"false\">\n<tr>\n<td class=\"attrib\"><span id=\"lexItem28\" class=\"ws-parse-lexicon\" data-parse-type=\"lexicon\" data-href=\"\/en\/Error-Indicator\/l\/cxmCID163071\" data-target=\"_blank\">Error Indicator<\/span><\/td>\n<td>yes<\/td>\n<\/tr>\n<\/tbody>\n<\/table>\n<\/div>\n<div class=\"product-classifications\">\n<table class=\"product-classification--accordion classification-style--cxmAID17646 ui-accordion ui-widget ui-helper-reset\" role=\"tablist\">\n<thead id=\"ui-id-14\" class=\"product-classification--accordion-head ui-accordion-header ui-corner-top ui-state-default ui-accordion-header-active ui-state-active\" role=\"tab\" aria-controls=\"ui-id-15\" aria-expanded=\"true\">\n<tr>\n<th colspan=\"100%\">\n<h3>Output<\/h3>\n<\/th>\n<\/tr>\n<\/thead>\n<tbody id=\"ui-id-15\" class=\"product-classification--accordion-body ui-accordion-content ui-corner-bottom ui-helper-reset ui-widget-content ui-accordion-content-active\" role=\"tabpanel\" aria-labelledby=\"ui-id-14\" aria-hidden=\"false\">\n<tr>\n<td class=\"attrib\"><span id=\"lexItem29\" class=\"ws-parse-lexicon\" data-parse-type=\"lexicon\" data-href=\"\/en\/PNP-NC\/l\/cxmCID166476\" data-target=\"_blank\">PNP NC<\/span>,\u00a0<span id=\"lexItem30\" class=\"ws-parse-lexicon\" data-parse-type=\"lexicon\" data-href=\"\/en\/PNP-NO\/l\/cxmCID166477\" data-target=\"_blank\">PNP NO<\/span><\/td>\n<td>yes<\/td>\n<\/tr>\n<\/tbody>\n<\/table>\n<\/div>\n<div class=\"product-classifications\">\n<table class=\"product-classification--accordion classification-style--cxmAID18726 ui-accordion ui-widget ui-helper-reset\" role=\"tablist\">\n<thead id=\"ui-id-16\" class=\"product-classification--accordion-head ui-accordion-header ui-corner-top ui-state-default ui-accordion-header-active ui-state-active ui-state-hover\" role=\"tab\" aria-controls=\"ui-id-17\" aria-expanded=\"true\">\n<tr>\n<th colspan=\"100%\">\n<h3>Adjustable parameters<\/h3>\n<\/th>\n<\/tr>\n<\/thead>\n<tbody id=\"ui-id-17\" class=\"product-classification--accordion-body ui-accordion-content ui-corner-bottom ui-helper-reset ui-widget-content ui-accordion-content-active\" role=\"tabpanel\" aria-labelledby=\"ui-id-16\" aria-hidden=\"false\">\n<tr>\n<td class=\"attrib\">Circuit<\/td>\n<td>NC<br \/>\nNC+NO<br \/>\nNO<\/td>\n<\/tr>\n<\/tbody>\n<\/table>\n<\/div>\n","protected":false},"excerpt":{"rendered":"<p>WENGLOR I30H008 I30H008\u00a0Inductive Sensor with Increased Switching Distance Inductive Sensors with increased switching distances\u00a0are distinguished by rugged\u00a0design, easy installation and reliable measured values. The large\u00a0range\u00a0makes additional types of sensor superfluous because they can also be used to implement special applications. In addition to error-free operation of several sensors in a&hellip; <\/p>\n","protected":false},"featured_media":4284,"comment_status":"open","ping_status":"closed","template":"","meta":[],"product_cat":[476],"product_tag":[88,478,477],"class_list":{"0":"post-4283","1":"product","2":"type-product","3":"status-publish","4":"has-post-thumbnail","6":"product_cat-wenglor","7":"product_tag-cam-bien","8":"product_tag-dai-ly-wenglor-viet-nam","9":"product_tag-wenglor-viet-nam","11":"first","12":"instock","13":"shipping-taxable","14":"product-type-simple"},"yoast_head":"<!-- This site is optimized with the Yoast SEO plugin v22.8 - https:\/\/yoast.com\/wordpress\/plugins\/seo\/ -->\n<title>WENGLOR I30H008 - OMANI VI\u1ec6T NAM<\/title>\n<meta name=\"description\" content=\"WENGLOR I30H008 Inductive Sensor\" \/>\n<meta name=\"robots\" content=\"index, follow, max-snippet:-1, max-image-preview:large, max-video-preview:-1\" \/>\n<link rel=\"canonical\" href=\"https:\/\/omanivietnam.com\/index.php\/san-pham\/wenglor-i30h008-2\/\" \/>\n<meta property=\"og:locale\" content=\"vi_VN\" \/>\n<meta property=\"og:type\" content=\"article\" \/>\n<meta property=\"og:title\" content=\"WENGLOR I30H008 - OMANI VI\u1ec6T NAM\" \/>\n<meta property=\"og:description\" content=\"WENGLOR I30H008 Inductive Sensor\" \/>\n<meta property=\"og:url\" content=\"https:\/\/omanivietnam.com\/index.php\/san-pham\/wenglor-i30h008-2\/\" \/>\n<meta property=\"og:site_name\" content=\"OMANI VI\u1ec6T NAM\" \/>\n<meta property=\"og:image\" content=\"https:\/\/omanivietnam.com\/wp-content\/uploads\/2025\/08\/I30H008.png\" \/>\n\t<meta property=\"og:image:width\" content=\"989\" \/>\n\t<meta property=\"og:image:height\" content=\"898\" \/>\n\t<meta property=\"og:image:type\" content=\"image\/png\" \/>\n<meta name=\"twitter:card\" content=\"summary_large_image\" \/>\n<meta name=\"twitter:label1\" content=\"\u01af\u1edbc t\u00ednh th\u1eddi gian \u0111\u1ecdc\" \/>\n\t<meta name=\"twitter:data1\" content=\"2 ph\u00fat\" \/>\n<script type=\"application\/ld+json\" class=\"yoast-schema-graph\">{\"@context\":\"https:\/\/schema.org\",\"@graph\":[{\"@type\":\"WebPage\",\"@id\":\"https:\/\/omanivietnam.com\/index.php\/san-pham\/wenglor-i30h008-2\/\",\"url\":\"https:\/\/omanivietnam.com\/index.php\/san-pham\/wenglor-i30h008-2\/\",\"name\":\"WENGLOR I30H008 - OMANI VI\u1ec6T NAM\",\"isPartOf\":{\"@id\":\"https:\/\/omanivietnam.com\/#website\"},\"primaryImageOfPage\":{\"@id\":\"https:\/\/omanivietnam.com\/index.php\/san-pham\/wenglor-i30h008-2\/#primaryimage\"},\"image\":{\"@id\":\"https:\/\/omanivietnam.com\/index.php\/san-pham\/wenglor-i30h008-2\/#primaryimage\"},\"thumbnailUrl\":\"https:\/\/omanivietnam.com\/wp-content\/uploads\/2025\/08\/I30H008.png\",\"datePublished\":\"2025-08-14T14:11:00+00:00\",\"dateModified\":\"2025-08-14T14:11:00+00:00\",\"description\":\"WENGLOR I30H008 Inductive Sensor\",\"breadcrumb\":{\"@id\":\"https:\/\/omanivietnam.com\/index.php\/san-pham\/wenglor-i30h008-2\/#breadcrumb\"},\"inLanguage\":\"vi\",\"potentialAction\":[{\"@type\":\"ReadAction\",\"target\":[\"https:\/\/omanivietnam.com\/index.php\/san-pham\/wenglor-i30h008-2\/\"]}]},{\"@type\":\"ImageObject\",\"inLanguage\":\"vi\",\"@id\":\"https:\/\/omanivietnam.com\/index.php\/san-pham\/wenglor-i30h008-2\/#primaryimage\",\"url\":\"https:\/\/omanivietnam.com\/wp-content\/uploads\/2025\/08\/I30H008.png\",\"contentUrl\":\"https:\/\/omanivietnam.com\/wp-content\/uploads\/2025\/08\/I30H008.png\",\"width\":989,\"height\":898},{\"@type\":\"BreadcrumbList\",\"@id\":\"https:\/\/omanivietnam.com\/index.php\/san-pham\/wenglor-i30h008-2\/#breadcrumb\",\"itemListElement\":[{\"@type\":\"ListItem\",\"position\":1,\"name\":\"Home\",\"item\":\"https:\/\/omanivietnam.com\/\"},{\"@type\":\"ListItem\",\"position\":2,\"name\":\"S\u1ea2N PH\u1ea8M\",\"item\":\"https:\/\/omanivietnam.com\/index.php\/cua-hang\/\"},{\"@type\":\"ListItem\",\"position\":3,\"name\":\"WENGLOR I30H008\"}]},{\"@type\":\"WebSite\",\"@id\":\"https:\/\/omanivietnam.com\/#website\",\"url\":\"https:\/\/omanivietnam.com\/\",\"name\":\"OMANI VI\u1ec6T NAM\",\"description\":\"Nh\u00e0 ph\u00e2n ph\u1ed1i thi\u1ebft b\u1ecb kh\u00ed n\u00e9n v\u00e0 thi\u1ebft b\u1ecb t\u1ef1 \u0111\u1ed9ng h\u00f3a trong c\u00f4ng nghi\u1ec7p\",\"publisher\":{\"@id\":\"https:\/\/omanivietnam.com\/#\/schema\/person\/0ad398a980dc3fd696111c2c5c8fa897\"},\"potentialAction\":[{\"@type\":\"SearchAction\",\"target\":{\"@type\":\"EntryPoint\",\"urlTemplate\":\"https:\/\/omanivietnam.com\/?s={search_term_string}\"},\"query-input\":\"required name=search_term_string\"}],\"inLanguage\":\"vi\"},{\"@type\":[\"Person\",\"Organization\"],\"@id\":\"https:\/\/omanivietnam.com\/#\/schema\/person\/0ad398a980dc3fd696111c2c5c8fa897\",\"name\":\"Nguy\u1ec5n V\u0103n Kh\u00e1nh\",\"image\":{\"@type\":\"ImageObject\",\"inLanguage\":\"vi\",\"@id\":\"https:\/\/omanivietnam.com\/#\/schema\/person\/image\/\",\"url\":\"https:\/\/omanivietnam.com\/wp-content\/uploads\/2024\/06\/logo-1024x1024.png\",\"contentUrl\":\"https:\/\/omanivietnam.com\/wp-content\/uploads\/2024\/06\/logo-1024x1024.png\",\"width\":1024,\"height\":1024,\"caption\":\"Nguy\u1ec5n V\u0103n Kh\u00e1nh\"},\"logo\":{\"@id\":\"https:\/\/omanivietnam.com\/#\/schema\/person\/image\/\"},\"sameAs\":[\"https:\/\/omanivietnam.com\"]}]}<\/script>\n<!-- \/ Yoast SEO plugin. -->","yoast_head_json":{"title":"WENGLOR I30H008 - OMANI VI\u1ec6T NAM","description":"WENGLOR I30H008 Inductive Sensor","robots":{"index":"index","follow":"follow","max-snippet":"max-snippet:-1","max-image-preview":"max-image-preview:large","max-video-preview":"max-video-preview:-1"},"canonical":"https:\/\/omanivietnam.com\/index.php\/san-pham\/wenglor-i30h008-2\/","og_locale":"vi_VN","og_type":"article","og_title":"WENGLOR I30H008 - OMANI VI\u1ec6T NAM","og_description":"WENGLOR I30H008 Inductive Sensor","og_url":"https:\/\/omanivietnam.com\/index.php\/san-pham\/wenglor-i30h008-2\/","og_site_name":"OMANI VI\u1ec6T NAM","og_image":[{"width":989,"height":898,"url":"https:\/\/omanivietnam.com\/wp-content\/uploads\/2025\/08\/I30H008.png","type":"image\/png"}],"twitter_card":"summary_large_image","twitter_misc":{"\u01af\u1edbc t\u00ednh th\u1eddi gian \u0111\u1ecdc":"2 ph\u00fat"},"schema":{"@context":"https:\/\/schema.org","@graph":[{"@type":"WebPage","@id":"https:\/\/omanivietnam.com\/index.php\/san-pham\/wenglor-i30h008-2\/","url":"https:\/\/omanivietnam.com\/index.php\/san-pham\/wenglor-i30h008-2\/","name":"WENGLOR I30H008 - OMANI VI\u1ec6T NAM","isPartOf":{"@id":"https:\/\/omanivietnam.com\/#website"},"primaryImageOfPage":{"@id":"https:\/\/omanivietnam.com\/index.php\/san-pham\/wenglor-i30h008-2\/#primaryimage"},"image":{"@id":"https:\/\/omanivietnam.com\/index.php\/san-pham\/wenglor-i30h008-2\/#primaryimage"},"thumbnailUrl":"https:\/\/omanivietnam.com\/wp-content\/uploads\/2025\/08\/I30H008.png","datePublished":"2025-08-14T14:11:00+00:00","dateModified":"2025-08-14T14:11:00+00:00","description":"WENGLOR I30H008 Inductive Sensor","breadcrumb":{"@id":"https:\/\/omanivietnam.com\/index.php\/san-pham\/wenglor-i30h008-2\/#breadcrumb"},"inLanguage":"vi","potentialAction":[{"@type":"ReadAction","target":["https:\/\/omanivietnam.com\/index.php\/san-pham\/wenglor-i30h008-2\/"]}]},{"@type":"ImageObject","inLanguage":"vi","@id":"https:\/\/omanivietnam.com\/index.php\/san-pham\/wenglor-i30h008-2\/#primaryimage","url":"https:\/\/omanivietnam.com\/wp-content\/uploads\/2025\/08\/I30H008.png","contentUrl":"https:\/\/omanivietnam.com\/wp-content\/uploads\/2025\/08\/I30H008.png","width":989,"height":898},{"@type":"BreadcrumbList","@id":"https:\/\/omanivietnam.com\/index.php\/san-pham\/wenglor-i30h008-2\/#breadcrumb","itemListElement":[{"@type":"ListItem","position":1,"name":"Home","item":"https:\/\/omanivietnam.com\/"},{"@type":"ListItem","position":2,"name":"S\u1ea2N PH\u1ea8M","item":"https:\/\/omanivietnam.com\/index.php\/cua-hang\/"},{"@type":"ListItem","position":3,"name":"WENGLOR I30H008"}]},{"@type":"WebSite","@id":"https:\/\/omanivietnam.com\/#website","url":"https:\/\/omanivietnam.com\/","name":"OMANI VI\u1ec6T NAM","description":"Nh\u00e0 ph\u00e2n ph\u1ed1i thi\u1ebft b\u1ecb kh\u00ed n\u00e9n v\u00e0 thi\u1ebft b\u1ecb t\u1ef1 \u0111\u1ed9ng h\u00f3a trong c\u00f4ng nghi\u1ec7p","publisher":{"@id":"https:\/\/omanivietnam.com\/#\/schema\/person\/0ad398a980dc3fd696111c2c5c8fa897"},"potentialAction":[{"@type":"SearchAction","target":{"@type":"EntryPoint","urlTemplate":"https:\/\/omanivietnam.com\/?s={search_term_string}"},"query-input":"required name=search_term_string"}],"inLanguage":"vi"},{"@type":["Person","Organization"],"@id":"https:\/\/omanivietnam.com\/#\/schema\/person\/0ad398a980dc3fd696111c2c5c8fa897","name":"Nguy\u1ec5n V\u0103n Kh\u00e1nh","image":{"@type":"ImageObject","inLanguage":"vi","@id":"https:\/\/omanivietnam.com\/#\/schema\/person\/image\/","url":"https:\/\/omanivietnam.com\/wp-content\/uploads\/2024\/06\/logo-1024x1024.png","contentUrl":"https:\/\/omanivietnam.com\/wp-content\/uploads\/2024\/06\/logo-1024x1024.png","width":1024,"height":1024,"caption":"Nguy\u1ec5n V\u0103n Kh\u00e1nh"},"logo":{"@id":"https:\/\/omanivietnam.com\/#\/schema\/person\/image\/"},"sameAs":["https:\/\/omanivietnam.com"]}]}},"_links":{"self":[{"href":"https:\/\/omanivietnam.com\/index.php\/wp-json\/wp\/v2\/product\/4283","targetHints":{"allow":["GET"]}}],"collection":[{"href":"https:\/\/omanivietnam.com\/index.php\/wp-json\/wp\/v2\/product"}],"about":[{"href":"https:\/\/omanivietnam.com\/index.php\/wp-json\/wp\/v2\/types\/product"}],"replies":[{"embeddable":true,"href":"https:\/\/omanivietnam.com\/index.php\/wp-json\/wp\/v2\/comments?post=4283"}],"wp:featuredmedia":[{"embeddable":true,"href":"https:\/\/omanivietnam.com\/index.php\/wp-json\/wp\/v2\/media\/4284"}],"wp:attachment":[{"href":"https:\/\/omanivietnam.com\/index.php\/wp-json\/wp\/v2\/media?parent=4283"}],"wp:term":[{"taxonomy":"product_cat","embeddable":true,"href":"https:\/\/omanivietnam.com\/index.php\/wp-json\/wp\/v2\/product_cat?post=4283"},{"taxonomy":"product_tag","embeddable":true,"href":"https:\/\/omanivietnam.com\/index.php\/wp-json\/wp\/v2\/product_tag?post=4283"}],"curies":[{"name":"wp","href":"https:\/\/api.w.org\/{rel}","templated":true}]}}