{"id":4287,"date":"2025-08-15T21:30:18","date_gmt":"2025-08-15T14:30:18","guid":{"rendered":"https:\/\/omanivietnam.com\/?post_type=product&#038;p=4287"},"modified":"2025-08-15T21:48:04","modified_gmt":"2025-08-15T14:48:04","slug":"skp-saw400-n04dg-pcs","status":"publish","type":"product","link":"https:\/\/omanivietnam.com\/index.php\/san-pham\/skp-saw400-n04dg-pcs\/","title":{"rendered":"SKP SAW400-N04DG-PcS"},"content":{"rendered":"<p>SKP SAW400-N04DG-PcS<\/p>\n<p>SAW400-04BDG-PCS<\/p>\n<h2><strong>B\u1ed9 l\u1ecdc kh\u00ed SAW400-04<\/strong><\/h2>\n<ul>\n<li>L\u01b0\u1edbi l\u1ecdc: 10 Micron<\/li>\n<li>K\u00edch th\u01b0\u1edbc ren: 1\/2\u201d (21mm)<\/li>\n<li>\u00c1p su\u1ea5t l\u00e0m vi\u1ec7c: 0-10 bar<\/li>\n<li>\u00c1p su\u1ea5t t\u1ed1i \u0111a: 15 bar<\/li>\n<li>V\u1eadt li\u1ec7u ch\u00e9n l\u1ecdc: Polycarbonate<\/li>\n<\/ul>\n<h2><strong>B\u1ed9 l\u1ecdc kh\u00ed SAW400-04 Ch\u1ea5t l\u01b0\u1ee3ng h\u00e0ng \u0111\u1ea7u<\/strong><\/h2>\n<p><strong>\u00a0B\u1ed9 l\u1ecdc kh\u00ed SKP SAW400-04\u00a0<\/strong>l\u00e0 m\u1ed9t trong nh\u1eefng s\u1ea3n ph\u1ea9m n\u1ed5i b\u1eadt c\u1ee7a th\u01b0\u01a1ng hi\u1ec7u SKP, \u0111\u01b0\u1ee3c thi\u1ebft k\u1ebf \u0111\u1ec3 lo\u1ea1i b\u1ecf hi\u1ec7u qu\u1ea3 c\u00e1c t\u1ea1p ch\u1ea5t nh\u01b0 b\u1ee5i b\u1ea9n, d\u1ea7u, n\u01b0\u1edbc c\u00f3 trong kh\u00ed n\u00e9n, \u0111\u1ea3m b\u1ea3o ngu\u1ed3n kh\u00ed s\u1ea1ch cho c\u00e1c thi\u1ebft b\u1ecb kh\u00ed n\u00e9n ho\u1ea1t \u0111\u1ed9ng \u1ed5n \u0111\u1ecbnh v\u00e0 b\u1ec1n b\u1ec9.<\/p>\n<h2><strong>B\u1ed9 l\u1ecdc kh\u00ed SAW400-04 \u0111\u01b0\u1ee3c \u1ee9ng d\u1ee5ng:\u00a0<\/strong><\/h2>\n<ul data-sourcepos=\"21:1-25:0\">\n<li data-sourcepos=\"21:1-21:81\"><strong>C\u00f4ng nghi\u1ec7p ch\u1ebf t\u1ea1o:<\/strong>\u00a0B\u1ea3o v\u1ec7 c\u00e1c thi\u1ebft b\u1ecb kh\u00ed n\u00e9n nh\u01b0 xi lanh, van, \u0111\u1ed9ng c\u01a1.<\/li>\n<li data-sourcepos=\"22:1-22:107\"><strong>C\u00f4ng nghi\u1ec7p th\u1ef1c ph\u1ea9m:<\/strong>\u00a0\u0110\u1ea3m b\u1ea3o ch\u1ea5t l\u01b0\u1ee3ng s\u1ea3n ph\u1ea9m, \u0111\u00e1p \u1ee9ng c\u00e1c ti\u00eau chu\u1ea9n v\u1ec7 sinh an to\u00e0n th\u1ef1c ph\u1ea9m.<\/li>\n<li data-sourcepos=\"23:1-23:72\"><strong>C\u00f4ng nghi\u1ec7p \u0111i\u1ec7n t\u1eed:<\/strong>\u00a0B\u1ea3o v\u1ec7 c\u00e1c linh ki\u1ec7n \u0111i\u1ec7n t\u1eed kh\u1ecfi b\u1ecb \u00f4 nhi\u1ec5m.<\/li>\n<li data-sourcepos=\"24:1-25:0\"><strong>V\u00e0 nhi\u1ec1u ng\u00e0nh c\u00f4ng nghi\u1ec7p kh\u00e1c\u2026<\/strong><\/li>\n<\/ul>\n<p><strong>\u00a0B\u1ed9 l\u1ecdc kh\u00ed SAW400-04\u00a0<\/strong>l\u00e0 m\u1ed9t trong nh\u1eefng gi\u1ea3i ph\u00e1p h\u00e0ng \u0111\u1ea7u cho h\u1ec7 th\u1ed1ng kh\u00ed n\u00e9n hi\u1ec7n nay. C\u00f3 ch\u1ee9c n\u0103ng l\u1ecdc s\u1ea1ch c\u00e1c ch\u1ea5t b\u1ee5i b\u1ea9n v\u00e0 n\u01b0\u1edbc gi\u00fap d\u00f2ng kh\u00ed s\u1ea1ch, b\u1ea3o v\u1ec7 c\u00e1c thi\u1ebft b\u1ecb kh\u00ed n\u00e9n v\u1edbi chi ph\u00ed h\u1ee3p l\u00fd nh\u1ea5t.<\/p>\n<h3><strong>Th\u00f4ng s\u1ed1 B\u1ed9 l\u1ecdc kh\u00ed SAW400-04 SKP H\u00e0n Qu\u1ed1c:<\/strong><\/h3>\n<ul>\n<li>L\u01b0\u1edbi l\u1ecdc: 10 Micron<\/li>\n<li>K\u00edch th\u01b0\u1edbc ren: 3\/8\u201d (17mm)<\/li>\n<li>\u00c1p su\u1ea5t l\u00e0m vi\u1ec7c: 0-10 bar<\/li>\n<li>\u00c1p su\u1ea5t t\u1ed1i \u0111a: 15 bar<\/li>\n<li>V\u1eadt li\u1ec7u ch\u00e9n l\u1ecdc: Polycarbonate<\/li>\n<\/ul>\n<p>B\u1ed9 l\u1ecdc kh\u00ed SAW400-04 \u0111\u01b0\u1ee3c s\u1eed dung r\u1ed9ng r\u00e3i t\u1ea1i th\u1ecb tr\u01b0\u1eddng Vi\u1ec7t Nam hi\u1ec7n nay. V\u1edbi c\u00e1c m\u00e3 h\u00e0ng sau:<\/p>\n<ul>\n<li><strong>B\u1ed9 l\u1ecdc kh\u00ed SAW 400-04BG:<\/strong>\u00a0l\u1ecdc kh\u00ed x\u1ea3 tay, c\u1ed1c l\u1ecdc b\u1eb1ng nh\u1ef1a<\/li>\n<li><strong>B\u1ed9 l\u1ecdc kh\u00ed SAW 400-04BG-ME:<\/strong>\u00a0l\u1ecdc kh\u00ed x\u1ea3 tay, c\u1ed1c l\u1ecdc b\u1eb1ng nh\u00f4m<\/li>\n<li><strong>B\u1ed9 l\u1ecdc kh\u00ed SAW 400-04BDG<\/strong>: l\u1ecdc kh\u00ed x\u1ea3 t\u1ef1 \u0111\u1ed9ng, c\u1ed1c l\u1ecdc b\u1eb1ng nh\u1ef1a<\/li>\n<li><strong>B\u1ed9 l\u1ecdc kh\u00ed SAW 400-04BDG-ME:\u00a0<\/strong>l\u1ecdc kh\u00ed x\u1ea3 t\u1ef1 \u0111\u1ed9ng, c\u1ed1c l\u1ecdc b\u1eb1ng nh\u00f4m<\/li>\n<\/ul>\n<table dir=\"ltr\" border=\"1\" cellspacing=\"0\" cellpadding=\"0\" data-sheets-root=\"1\" data-sheets-baot=\"1\">\n<tbody>\n<tr>\n<td><strong>Model<\/strong><\/td>\n<td><strong>K\u00edch th\u01b0\u1edbc ren<\/strong><\/td>\n<td><strong>Ch\u1ea5t li\u1ec7u c\u1ed1c l\u1ecdc<\/strong><\/td>\n<td><strong>Ch\u1ee9c n\u0103ng x\u1ea3 c\u1eb7n<\/strong><\/td>\n<td><strong>\u0110\u1eb7c \u0111i\u1ec3m n\u1ed5i b\u1eadt<\/strong><\/td>\n<td><strong>\u1ee8ng d\u1ee5ng \u0111i\u1ec3n h\u00ecnh<\/strong><\/td>\n<\/tr>\n<tr>\n<td><strong>SAW400-04BG<\/strong><\/td>\n<td>21mm<\/td>\n<td>Nh\u1ef1a<\/td>\n<td>X\u1ea3 tay<\/td>\n<td>Gi\u00e1 c\u1ea3 h\u1ee3p l\u00fd, d\u1ec5 s\u1eed d\u1ee5ng<\/td>\n<td>H\u1ec7 th\u1ed1ng kh\u00ed n\u00e9n nh\u1ecf v\u00e0 v\u1eeba<\/td>\n<\/tr>\n<tr>\n<td><strong>SAW400-04BG-ME<\/strong><\/td>\n<td>21mm<\/td>\n<td>Nh\u00f4m<\/td>\n<td>X\u1ea3 tay<\/td>\n<td>B\u1ec1n b\u1ec9, ch\u1ecbu nhi\u1ec7t t\u1ed1t, th\u00edch h\u1ee3p m\u00f4i tr\u01b0\u1eddng kh\u1eafc nghi\u1ec7t<\/td>\n<td>H\u1ec7 th\u1ed1ng y\u00eau c\u1ea7u \u0111\u1ed9 b\u1ec1n cao<\/td>\n<\/tr>\n<tr>\n<td><strong>SAW400-04BDG<\/strong><\/td>\n<td>21mm<\/td>\n<td>Nh\u1ef1a<\/td>\n<td>X\u1ea3 t\u1ef1 \u0111\u1ed9ng<\/td>\n<td>Ti\u1ebft ki\u1ec7m th\u1eddi gian, c\u00f4ng s\u1ee9c<\/td>\n<td>H\u1ec7 th\u1ed1ng ho\u1ea1t \u0111\u1ed9ng li\u00ean t\u1ee5c<\/td>\n<\/tr>\n<tr>\n<td><strong>SAW400-04BDG-ME<\/strong><\/td>\n<td>21mm<\/td>\n<td>Nh\u00f4m<\/td>\n<td>X\u1ea3 t\u1ef1 \u0111\u1ed9ng<\/td>\n<td>H\u1ec7 th\u1ed1ng y\u00eau c\u1ea7u cao v\u1ec1 \u0111\u1ed9 tin c\u1eady, b\u1ec1n b\u1ec9<\/td>\n<td>H\u1ec7 th\u1ed1ng s\u1ea3n xu\u1ea5t t\u1ef1 \u0111\u1ed9ng<\/td>\n<\/tr>\n<\/tbody>\n<\/table>\n<h3><strong>T\u1ea1i sao n\u00ean ch\u1ecdn b\u1ed9 l\u1ecdc kh\u00ed n\u00e9n SKP Series SAW400?<\/strong><\/h3>\n<p><strong>Ch\u1ea5t l\u01b0\u1ee3ng H\u00e0n Qu\u1ed1c:<\/strong>\u00a0S\u1ea3n ph\u1ea9m \u0111\u01b0\u1ee3c s\u1ea3n xu\u1ea5t tr\u00ean d\u00e2y chuy\u1ec1n c\u00f4ng ngh\u1ec7 hi\u1ec7n \u0111\u1ea1i, \u0111\u1ea3m b\u1ea3o ch\u1ea5t l\u01b0\u1ee3ng cao.<br \/>\n<strong>\u0110\u1ed9 b\u1ec1n cao:<\/strong>\u00a0V\u1eadt li\u1ec7u ch\u1ea5t l\u01b0\u1ee3ng, thi\u1ebft k\u1ebf ch\u1eafc ch\u1eafn.<br \/>\n<strong>Hi\u1ec7u qu\u1ea3 kinh t\u1ebf:<\/strong>\u00a0Gi\u1ea3m thi\u1ec3u chi ph\u00ed b\u1ea3o tr\u00ec, t\u0103ng tu\u1ed5i th\u1ecd thi\u1ebft b\u1ecb.<br \/>\n<strong>D\u1ec5 d\u00e0ng s\u1eed d\u1ee5ng v\u00e0 b\u1ea3o tr\u00ec:<\/strong>\u00a0H\u01b0\u1edbng d\u1eabn s\u1eed d\u1ee5ng \u0111\u01a1n gi\u1ea3n, d\u1ec5 hi\u1ec3u.<\/p>\n<h3><strong>\u0110\u1ec3 l\u1ef1a ch\u1ecdn model ph\u00f9 h\u1ee3p, b\u1ea1n c\u1ea7n xem x\u00e9t c\u00e1c y\u1ebfu t\u1ed1 sau:<\/strong><\/h3>\n<p><strong>K\u00edch th\u01b0\u1edbc ren:<\/strong>\u00a0\u0110\u1ea3m b\u1ea3o ph\u00f9 h\u1ee3p v\u1edbi \u0111\u01b0\u1eddng \u1ed1ng kh\u00ed n\u00e9n.<br \/>\n<strong>Ch\u1ea5t li\u1ec7u c\u1ed1c l\u1ecdc:<\/strong>\u00a0Ch\u1ecdn nh\u1ef1a ho\u1eb7c nh\u00f4m t\u00f9y thu\u1ed9c v\u00e0o m\u00f4i tr\u01b0\u1eddng l\u00e0m vi\u1ec7c.<br \/>\n<strong>Ph\u01b0\u01a1ng th\u1ee9c x\u1ea3 c\u1eb7n:<\/strong>\u00a0X\u1ea3 tay ho\u1eb7c x\u1ea3 t\u1ef1 \u0111\u1ed9ng.<br \/>\n<strong>L\u01b0u l\u01b0\u1ee3ng kh\u00ed:<\/strong>\u00a0Ch\u1ecdn model c\u00f3 l\u01b0u l\u01b0\u1ee3ng kh\u00ed ph\u00f9 h\u1ee3p v\u1edbi nhu c\u1ea7u s\u1eed d\u1ee5ng.<\/p>\n<p>B\u1ed9 l\u1ecdc kh\u00ed n\u00e9n SKP Series SAW400 l\u00e0 m\u1ed9t gi\u1ea3i ph\u00e1p t\u1ed1i \u01b0u \u0111\u1ec3 b\u1ea3o v\u1ec7 h\u1ec7 th\u1ed1ng kh\u00ed n\u00e9n c\u1ee7a b\u1ea1n. V\u1edbi nhi\u1ec1u model \u0111a d\u1ea1ng v\u00e0 ch\u1ea5t l\u01b0\u1ee3ng v\u01b0\u1ee3t tr\u1ed9i, s\u1ea3n ph\u1ea9m n\u00e0y ch\u1eafc ch\u1eafn s\u1ebd l\u00e0m h\u00e0i l\u00f2ng qu\u00fd kh\u00e1ch h\u00e0ng.<\/p>\n<p>Ngo\u00e0i ra c\u00e1c b\u1ed9 l\u1ecdc \u0111\u01a1n ch\u00ednh h\u00e3ng SKP c\u00f2n c\u00f3 c\u00e1c model nh\u01b0 sau:<\/p>\n<p>B\u1ed9 l\u1ecdc kh\u00ed SAW 200-02 (1\/4\u2033, ren 13mm)<\/p>\n<p>B\u1ed9 l\u1ecdc \u0111\u01a1n SAW 300-03\u00a0(3\/8\u2033, ren 17mm)<\/p>\n<p>B\u1ed9 l\u1ecdc \u0111\u01a1n\u00a0 SAW 600-06\u00a0(3\/4\u2033, ren 27mm)<\/p>\n<p>B\u1ed9 l\u1ecdc \u0111\u01a1n SAW 600-10\u00a0\u00a0 \u00a0(1\u2033, ren 34mm)<\/p>\n<p><img decoding=\"async\" src=\"https:\/\/thuykhihoaiduc.vn\/wp-content\/uploads\/2022\/08\/saw-600-10BD-1-718x1024.png\" alt=\"B\u1ed9 l\u1ecdc kh\u00ed SAW400-04\" \/><\/p>\n","protected":false},"excerpt":{"rendered":"<p>SKP SAW400-N04DG-PcS SAW400-04BDG-PCS B\u1ed9 l\u1ecdc kh\u00ed SAW400-04 L\u01b0\u1edbi l\u1ecdc: 10 Micron K\u00edch th\u01b0\u1edbc ren: 1\/2\u201d (21mm) \u00c1p su\u1ea5t l\u00e0m vi\u1ec7c: 0-10 bar \u00c1p su\u1ea5t t\u1ed1i \u0111a: 15 bar V\u1eadt li\u1ec7u ch\u00e9n l\u1ecdc: Polycarbonate B\u1ed9 l\u1ecdc kh\u00ed SAW400-04 Ch\u1ea5t l\u01b0\u1ee3ng h\u00e0ng \u0111\u1ea7u \u00a0B\u1ed9 l\u1ecdc kh\u00ed SKP SAW400-04\u00a0l\u00e0 m\u1ed9t trong nh\u1eefng s\u1ea3n&hellip; <\/p>\n","protected":false},"featured_media":4288,"comment_status":"open","ping_status":"closed","template":"","meta":[],"product_cat":[756],"product_tag":[238,758,757],"class_list":{"0":"post-4287","1":"product","2":"type-product","3":"status-publish","4":"has-post-thumbnail","6":"product_cat-skp","7":"product_tag-bo-loc","8":"product_tag-dai-ly-skp-viet-nam","9":"product_tag-skp-viet-nam","11":"first","12":"instock","13":"shipping-taxable","14":"product-type-simple"},"yoast_head":"<!-- This site is optimized with the Yoast SEO plugin v22.8 - https:\/\/yoast.com\/wordpress\/plugins\/seo\/ -->\n<title>SKP SAW400-N04DG-PcS - OMANI VI\u1ec6T NAM<\/title>\n<meta name=\"description\" content=\"SKP SAW400-N04DG-PcS Filter Regulator\" \/>\n<meta name=\"robots\" content=\"index, follow, max-snippet:-1, max-image-preview:large, max-video-preview:-1\" \/>\n<link rel=\"canonical\" href=\"https:\/\/omanivietnam.com\/index.php\/san-pham\/skp-saw400-n04dg-pcs\/\" \/>\n<meta property=\"og:locale\" content=\"vi_VN\" \/>\n<meta property=\"og:type\" content=\"article\" \/>\n<meta property=\"og:title\" content=\"SKP SAW400-N04DG-PcS - OMANI VI\u1ec6T NAM\" \/>\n<meta property=\"og:description\" content=\"SKP SAW400-N04DG-PcS Filter Regulator\" \/>\n<meta property=\"og:url\" content=\"https:\/\/omanivietnam.com\/index.php\/san-pham\/skp-saw400-n04dg-pcs\/\" \/>\n<meta property=\"og:site_name\" content=\"OMANI VI\u1ec6T NAM\" \/>\n<meta property=\"article:modified_time\" content=\"2025-08-15T14:48:04+00:00\" \/>\n<meta property=\"og:image\" content=\"https:\/\/omanivietnam.com\/wp-content\/uploads\/2025\/08\/SAW400-N04DG-PcS.png\" \/>\n\t<meta property=\"og:image:width\" content=\"508\" \/>\n\t<meta property=\"og:image:height\" content=\"787\" \/>\n\t<meta property=\"og:image:type\" content=\"image\/png\" \/>\n<meta name=\"twitter:card\" content=\"summary_large_image\" \/>\n<meta name=\"twitter:label1\" content=\"\u01af\u1edbc t\u00ednh th\u1eddi gian \u0111\u1ecdc\" \/>\n\t<meta name=\"twitter:data1\" content=\"4 ph\u00fat\" \/>\n<script type=\"application\/ld+json\" class=\"yoast-schema-graph\">{\"@context\":\"https:\/\/schema.org\",\"@graph\":[{\"@type\":\"WebPage\",\"@id\":\"https:\/\/omanivietnam.com\/index.php\/san-pham\/skp-saw400-n04dg-pcs\/\",\"url\":\"https:\/\/omanivietnam.com\/index.php\/san-pham\/skp-saw400-n04dg-pcs\/\",\"name\":\"SKP SAW400-N04DG-PcS - OMANI VI\u1ec6T NAM\",\"isPartOf\":{\"@id\":\"https:\/\/omanivietnam.com\/#website\"},\"primaryImageOfPage\":{\"@id\":\"https:\/\/omanivietnam.com\/index.php\/san-pham\/skp-saw400-n04dg-pcs\/#primaryimage\"},\"image\":{\"@id\":\"https:\/\/omanivietnam.com\/index.php\/san-pham\/skp-saw400-n04dg-pcs\/#primaryimage\"},\"thumbnailUrl\":\"https:\/\/omanivietnam.com\/wp-content\/uploads\/2025\/08\/SAW400-N04DG-PcS.png\",\"datePublished\":\"2025-08-15T14:30:18+00:00\",\"dateModified\":\"2025-08-15T14:48:04+00:00\",\"description\":\"SKP SAW400-N04DG-PcS Filter Regulator\",\"breadcrumb\":{\"@id\":\"https:\/\/omanivietnam.com\/index.php\/san-pham\/skp-saw400-n04dg-pcs\/#breadcrumb\"},\"inLanguage\":\"vi\",\"potentialAction\":[{\"@type\":\"ReadAction\",\"target\":[\"https:\/\/omanivietnam.com\/index.php\/san-pham\/skp-saw400-n04dg-pcs\/\"]}]},{\"@type\":\"ImageObject\",\"inLanguage\":\"vi\",\"@id\":\"https:\/\/omanivietnam.com\/index.php\/san-pham\/skp-saw400-n04dg-pcs\/#primaryimage\",\"url\":\"https:\/\/omanivietnam.com\/wp-content\/uploads\/2025\/08\/SAW400-N04DG-PcS.png\",\"contentUrl\":\"https:\/\/omanivietnam.com\/wp-content\/uploads\/2025\/08\/SAW400-N04DG-PcS.png\",\"width\":508,\"height\":787},{\"@type\":\"BreadcrumbList\",\"@id\":\"https:\/\/omanivietnam.com\/index.php\/san-pham\/skp-saw400-n04dg-pcs\/#breadcrumb\",\"itemListElement\":[{\"@type\":\"ListItem\",\"position\":1,\"name\":\"Home\",\"item\":\"https:\/\/omanivietnam.com\/\"},{\"@type\":\"ListItem\",\"position\":2,\"name\":\"S\u1ea2N PH\u1ea8M\",\"item\":\"https:\/\/omanivietnam.com\/index.php\/cua-hang\/\"},{\"@type\":\"ListItem\",\"position\":3,\"name\":\"SKP SAW400-N04DG-PcS\"}]},{\"@type\":\"WebSite\",\"@id\":\"https:\/\/omanivietnam.com\/#website\",\"url\":\"https:\/\/omanivietnam.com\/\",\"name\":\"OMANI VI\u1ec6T NAM\",\"description\":\"Nh\u00e0 ph\u00e2n ph\u1ed1i thi\u1ebft b\u1ecb kh\u00ed n\u00e9n v\u00e0 thi\u1ebft b\u1ecb t\u1ef1 \u0111\u1ed9ng h\u00f3a trong c\u00f4ng nghi\u1ec7p\",\"publisher\":{\"@id\":\"https:\/\/omanivietnam.com\/#\/schema\/person\/0ad398a980dc3fd696111c2c5c8fa897\"},\"potentialAction\":[{\"@type\":\"SearchAction\",\"target\":{\"@type\":\"EntryPoint\",\"urlTemplate\":\"https:\/\/omanivietnam.com\/?s={search_term_string}\"},\"query-input\":\"required name=search_term_string\"}],\"inLanguage\":\"vi\"},{\"@type\":[\"Person\",\"Organization\"],\"@id\":\"https:\/\/omanivietnam.com\/#\/schema\/person\/0ad398a980dc3fd696111c2c5c8fa897\",\"name\":\"Nguy\u1ec5n V\u0103n Kh\u00e1nh\",\"image\":{\"@type\":\"ImageObject\",\"inLanguage\":\"vi\",\"@id\":\"https:\/\/omanivietnam.com\/#\/schema\/person\/image\/\",\"url\":\"https:\/\/omanivietnam.com\/wp-content\/uploads\/2024\/06\/logo-1024x1024.png\",\"contentUrl\":\"https:\/\/omanivietnam.com\/wp-content\/uploads\/2024\/06\/logo-1024x1024.png\",\"width\":1024,\"height\":1024,\"caption\":\"Nguy\u1ec5n V\u0103n Kh\u00e1nh\"},\"logo\":{\"@id\":\"https:\/\/omanivietnam.com\/#\/schema\/person\/image\/\"},\"sameAs\":[\"https:\/\/omanivietnam.com\"]}]}<\/script>\n<!-- \/ Yoast SEO plugin. -->","yoast_head_json":{"title":"SKP SAW400-N04DG-PcS - OMANI VI\u1ec6T NAM","description":"SKP SAW400-N04DG-PcS Filter Regulator","robots":{"index":"index","follow":"follow","max-snippet":"max-snippet:-1","max-image-preview":"max-image-preview:large","max-video-preview":"max-video-preview:-1"},"canonical":"https:\/\/omanivietnam.com\/index.php\/san-pham\/skp-saw400-n04dg-pcs\/","og_locale":"vi_VN","og_type":"article","og_title":"SKP SAW400-N04DG-PcS - OMANI VI\u1ec6T NAM","og_description":"SKP SAW400-N04DG-PcS Filter Regulator","og_url":"https:\/\/omanivietnam.com\/index.php\/san-pham\/skp-saw400-n04dg-pcs\/","og_site_name":"OMANI VI\u1ec6T NAM","article_modified_time":"2025-08-15T14:48:04+00:00","og_image":[{"width":508,"height":787,"url":"https:\/\/omanivietnam.com\/wp-content\/uploads\/2025\/08\/SAW400-N04DG-PcS.png","type":"image\/png"}],"twitter_card":"summary_large_image","twitter_misc":{"\u01af\u1edbc t\u00ednh th\u1eddi gian \u0111\u1ecdc":"4 ph\u00fat"},"schema":{"@context":"https:\/\/schema.org","@graph":[{"@type":"WebPage","@id":"https:\/\/omanivietnam.com\/index.php\/san-pham\/skp-saw400-n04dg-pcs\/","url":"https:\/\/omanivietnam.com\/index.php\/san-pham\/skp-saw400-n04dg-pcs\/","name":"SKP SAW400-N04DG-PcS - OMANI VI\u1ec6T NAM","isPartOf":{"@id":"https:\/\/omanivietnam.com\/#website"},"primaryImageOfPage":{"@id":"https:\/\/omanivietnam.com\/index.php\/san-pham\/skp-saw400-n04dg-pcs\/#primaryimage"},"image":{"@id":"https:\/\/omanivietnam.com\/index.php\/san-pham\/skp-saw400-n04dg-pcs\/#primaryimage"},"thumbnailUrl":"https:\/\/omanivietnam.com\/wp-content\/uploads\/2025\/08\/SAW400-N04DG-PcS.png","datePublished":"2025-08-15T14:30:18+00:00","dateModified":"2025-08-15T14:48:04+00:00","description":"SKP SAW400-N04DG-PcS Filter Regulator","breadcrumb":{"@id":"https:\/\/omanivietnam.com\/index.php\/san-pham\/skp-saw400-n04dg-pcs\/#breadcrumb"},"inLanguage":"vi","potentialAction":[{"@type":"ReadAction","target":["https:\/\/omanivietnam.com\/index.php\/san-pham\/skp-saw400-n04dg-pcs\/"]}]},{"@type":"ImageObject","inLanguage":"vi","@id":"https:\/\/omanivietnam.com\/index.php\/san-pham\/skp-saw400-n04dg-pcs\/#primaryimage","url":"https:\/\/omanivietnam.com\/wp-content\/uploads\/2025\/08\/SAW400-N04DG-PcS.png","contentUrl":"https:\/\/omanivietnam.com\/wp-content\/uploads\/2025\/08\/SAW400-N04DG-PcS.png","width":508,"height":787},{"@type":"BreadcrumbList","@id":"https:\/\/omanivietnam.com\/index.php\/san-pham\/skp-saw400-n04dg-pcs\/#breadcrumb","itemListElement":[{"@type":"ListItem","position":1,"name":"Home","item":"https:\/\/omanivietnam.com\/"},{"@type":"ListItem","position":2,"name":"S\u1ea2N PH\u1ea8M","item":"https:\/\/omanivietnam.com\/index.php\/cua-hang\/"},{"@type":"ListItem","position":3,"name":"SKP SAW400-N04DG-PcS"}]},{"@type":"WebSite","@id":"https:\/\/omanivietnam.com\/#website","url":"https:\/\/omanivietnam.com\/","name":"OMANI VI\u1ec6T NAM","description":"Nh\u00e0 ph\u00e2n ph\u1ed1i thi\u1ebft b\u1ecb kh\u00ed n\u00e9n v\u00e0 thi\u1ebft b\u1ecb t\u1ef1 \u0111\u1ed9ng h\u00f3a trong c\u00f4ng nghi\u1ec7p","publisher":{"@id":"https:\/\/omanivietnam.com\/#\/schema\/person\/0ad398a980dc3fd696111c2c5c8fa897"},"potentialAction":[{"@type":"SearchAction","target":{"@type":"EntryPoint","urlTemplate":"https:\/\/omanivietnam.com\/?s={search_term_string}"},"query-input":"required name=search_term_string"}],"inLanguage":"vi"},{"@type":["Person","Organization"],"@id":"https:\/\/omanivietnam.com\/#\/schema\/person\/0ad398a980dc3fd696111c2c5c8fa897","name":"Nguy\u1ec5n V\u0103n Kh\u00e1nh","image":{"@type":"ImageObject","inLanguage":"vi","@id":"https:\/\/omanivietnam.com\/#\/schema\/person\/image\/","url":"https:\/\/omanivietnam.com\/wp-content\/uploads\/2024\/06\/logo-1024x1024.png","contentUrl":"https:\/\/omanivietnam.com\/wp-content\/uploads\/2024\/06\/logo-1024x1024.png","width":1024,"height":1024,"caption":"Nguy\u1ec5n V\u0103n Kh\u00e1nh"},"logo":{"@id":"https:\/\/omanivietnam.com\/#\/schema\/person\/image\/"},"sameAs":["https:\/\/omanivietnam.com"]}]}},"_links":{"self":[{"href":"https:\/\/omanivietnam.com\/index.php\/wp-json\/wp\/v2\/product\/4287","targetHints":{"allow":["GET"]}}],"collection":[{"href":"https:\/\/omanivietnam.com\/index.php\/wp-json\/wp\/v2\/product"}],"about":[{"href":"https:\/\/omanivietnam.com\/index.php\/wp-json\/wp\/v2\/types\/product"}],"replies":[{"embeddable":true,"href":"https:\/\/omanivietnam.com\/index.php\/wp-json\/wp\/v2\/comments?post=4287"}],"wp:featuredmedia":[{"embeddable":true,"href":"https:\/\/omanivietnam.com\/index.php\/wp-json\/wp\/v2\/media\/4288"}],"wp:attachment":[{"href":"https:\/\/omanivietnam.com\/index.php\/wp-json\/wp\/v2\/media?parent=4287"}],"wp:term":[{"taxonomy":"product_cat","embeddable":true,"href":"https:\/\/omanivietnam.com\/index.php\/wp-json\/wp\/v2\/product_cat?post=4287"},{"taxonomy":"product_tag","embeddable":true,"href":"https:\/\/omanivietnam.com\/index.php\/wp-json\/wp\/v2\/product_tag?post=4287"}],"curies":[{"name":"wp","href":"https:\/\/api.w.org\/{rel}","templated":true}]}}