{"id":4295,"date":"2025-08-16T20:57:49","date_gmt":"2025-08-16T13:57:49","guid":{"rendered":"https:\/\/omanivietnam.com\/?post_type=product&#038;p=4295"},"modified":"2025-08-16T20:57:49","modified_gmt":"2025-08-16T13:57:49","slug":"oriental-5ik60rgu-afp","status":"publish","type":"product","link":"https:\/\/omanivietnam.com\/index.php\/san-pham\/oriental-5ik60rgu-afp\/","title":{"rendered":"ORIENTAL 5IK60RGU-AFP"},"content":{"rendered":"<p>ORIENTAL 5IK60RGU-AFP<\/p>\n<p>ORIENTAL 5GU18KB<\/p>\n<p>ORIENTAL 5IK90GU-CTF<\/p>\n<p>ORIENTAL 5GU100KB<\/p>\n<div id=\"detailInfo\">\n<div class=\"SectionHeading_header__RkOy6\">\n<h2 class=\"SectionHeading_heading__aHS9f\">Product Description<\/h2>\n<\/div>\n<\/div>\n<div class=\"style_simple_detail__Tzjyy common_common__LsCY7\">\n<p class=\"BasicInformation_catchCopy__h8mKx\">&#8211; Speed Control Motor, Induction Type, K Series from ORIENTAL MOTOR.<br \/>\n&#8211; A lineup that includes single-phase 100 VAC, single-phase 200 VAC, specifications as well as output power of 6 to 60 W is provided.<br \/>\n&#8211; The dimension of square flange can be selected from 60 to 90 mm.<br \/>\n&#8211; Inside an enclosure that is installed indoors (provide vent holes).<br \/>\n&#8211; Operating ambient temperature \u221210 to +40 \u00b0C (+14 to +104 \u00b0F) (non-freezing).<br \/>\n&#8211; Operating ambient humidity 85%, maximum (non-condensing).<\/p>\n<h3 class=\"SpecTable_specTitle__VZNox\">Configured Specifications<\/h3>\n<ul class=\"SpecTable_tableWrapper__TkrZl\">\n<li class=\"SpecTable_specComplexPN__1foAg\">\n<dl class=\"SpecTable_specTable__XNeik\">\n<dt class=\"SpecTable_specLabel__hvUFG\">Type <span style=\"font-weight: 400\">Motor Unit<\/span><\/dt>\n<\/dl>\n<\/li>\n<li class=\"SpecTable_specComplexPN__1foAg\">\n<dl class=\"SpecTable_specTable__XNeik\">\n<dt class=\"SpecTable_specLabel__hvUFG\">Motor Type <span style=\"font-weight: 400\">Speed Control<\/span><\/dt>\n<\/dl>\n<\/li>\n<li class=\"SpecTable_specComplexPN__1foAg\">\n<dl class=\"SpecTable_specTable__XNeik\">\n<dt class=\"SpecTable_specLabel__hvUFG\">Square Flange Dim. A <span style=\"font-weight: 400\">90<\/span><\/dt>\n<\/dl>\n<\/li>\n<li class=\"SpecTable_specComplexPN__1foAg\">\n<dl class=\"SpecTable_specTable__XNeik\">\n<dt class=\"SpecTable_specLabel__hvUFG\">Rated Output <span style=\"font-weight: 400\">60<\/span><\/dt>\n<\/dl>\n<\/li>\n<li class=\"SpecTable_specComplexPN__1foAg\">\n<dl class=\"SpecTable_specTable__XNeik\">\n<dt class=\"SpecTable_specLabel__hvUFG\">Power Supply <span style=\"font-weight: 400\">Single-phase<\/span><\/dt>\n<\/dl>\n<\/li>\n<li class=\"SpecTable_specComplexPN__1foAg\">\n<dl class=\"SpecTable_specTable__XNeik\">\n<dt class=\"SpecTable_specLabel__hvUFG\">Environment <span style=\"font-weight: 400\">Standard<\/span><\/dt>\n<\/dl>\n<\/li>\n<li class=\"SpecTable_specComplexPN__1foAg\">\n<dl class=\"SpecTable_specTable__XNeik\">\n<dt class=\"SpecTable_specLabel__hvUFG\">Electromagnetic Brakes, Clutches <span style=\"font-weight: 400\">No<\/span><\/dt>\n<\/dl>\n<\/li>\n<li class=\"SpecTable_specComplexPN__1foAg\">\n<dl class=\"SpecTable_specTable__XNeik\">\n<dt class=\"SpecTable_specLabel__hvUFG\">Voltage <span style=\"font-weight: 400\">100<\/span><\/dt>\n<\/dl>\n<\/li>\n<li class=\"SpecTable_specComplexPN__1foAg\">\n<dl class=\"SpecTable_specTable__XNeik\">\n<dt class=\"SpecTable_specLabel__hvUFG\">Shaft end shape <span style=\"font-weight: 400\">Pinion shaft type<\/span><\/dt>\n<\/dl>\n<\/li>\n<li class=\"SpecTable_specComplexPN__1foAg\">\n<dl class=\"SpecTable_specTable__XNeik\">\n<dt class=\"SpecTable_specLabel__hvUFG\">Connection type <span style=\"font-weight: 400\">Lead Wire<\/span><\/dt>\n<\/dl>\n<\/li>\n<li class=\"SpecTable_specComplexPN__1foAg\">\n<dl class=\"SpecTable_specTable__XNeik\">\n<dt class=\"SpecTable_specLabel__hvUFG\">Overheat protection device type <span style=\"font-weight: 400\">Thermal protector<\/span><\/dt>\n<\/dl>\n<\/li>\n<li class=\"SpecTable_specComplexPN__1foAg\">\n<dl class=\"SpecTable_specTable__XNeik\">\n<dt class=\"SpecTable_specLabel__hvUFG\">&#8211;<\/dt>\n<dd class=\"SpecTable_specValue__hPVpN\"><\/dd>\n<\/dl>\n<\/li>\n<\/ul>\n<\/div>\n","protected":false},"excerpt":{"rendered":"<p>ORIENTAL 5IK60RGU-AFP ORIENTAL 5GU18KB ORIENTAL 5IK90GU-CTF ORIENTAL 5GU100KB Product Description &#8211; Speed Control Motor, Induction Type, K Series from ORIENTAL MOTOR. &#8211; A lineup that includes single-phase 100 VAC, single-phase 200 VAC, specifications as well as output power of 6 to 60 W is provided. &#8211; The dimension of square&hellip; <\/p>\n","protected":false},"featured_media":4296,"comment_status":"open","ping_status":"closed","template":"","meta":[],"product_cat":[376],"product_tag":[119,120,118],"class_list":{"0":"post-4295","1":"product","2":"type-product","3":"status-publish","4":"has-post-thumbnail","6":"product_cat-oriental","7":"product_tag-dai-ly-oriental-viet-nam","8":"product_tag-dong-co","9":"product_tag-oriental-viet-nam","11":"first","12":"instock","13":"shipping-taxable","14":"product-type-simple"},"yoast_head":"<!-- This site is optimized with the Yoast SEO plugin v22.8 - https:\/\/yoast.com\/wordpress\/plugins\/seo\/ -->\n<title>ORIENTAL 5IK60RGU-AFP - OMANI VI\u1ec6T NAM<\/title>\n<meta name=\"description\" content=\"ORIENTAL 5IK60RGU-AFP Speed Control Motor\" \/>\n<meta name=\"robots\" content=\"index, follow, max-snippet:-1, max-image-preview:large, max-video-preview:-1\" \/>\n<link rel=\"canonical\" href=\"https:\/\/omanivietnam.com\/index.php\/san-pham\/oriental-5ik60rgu-afp\/\" \/>\n<meta property=\"og:locale\" content=\"vi_VN\" \/>\n<meta property=\"og:type\" content=\"article\" \/>\n<meta property=\"og:title\" content=\"ORIENTAL 5IK60RGU-AFP - OMANI VI\u1ec6T NAM\" \/>\n<meta property=\"og:description\" content=\"ORIENTAL 5IK60RGU-AFP Speed Control Motor\" \/>\n<meta property=\"og:url\" content=\"https:\/\/omanivietnam.com\/index.php\/san-pham\/oriental-5ik60rgu-afp\/\" \/>\n<meta property=\"og:site_name\" content=\"OMANI VI\u1ec6T NAM\" \/>\n<meta property=\"og:image\" content=\"https:\/\/omanivietnam.com\/wp-content\/uploads\/2025\/08\/5IK60RGU-AFP.png\" \/>\n\t<meta property=\"og:image:width\" content=\"541\" \/>\n\t<meta property=\"og:image:height\" content=\"519\" \/>\n\t<meta property=\"og:image:type\" content=\"image\/png\" \/>\n<meta name=\"twitter:card\" content=\"summary_large_image\" \/>\n<meta name=\"twitter:label1\" content=\"\u01af\u1edbc t\u00ednh th\u1eddi gian \u0111\u1ecdc\" \/>\n\t<meta name=\"twitter:data1\" content=\"1 ph\u00fat\" \/>\n<script type=\"application\/ld+json\" class=\"yoast-schema-graph\">{\"@context\":\"https:\/\/schema.org\",\"@graph\":[{\"@type\":\"WebPage\",\"@id\":\"https:\/\/omanivietnam.com\/index.php\/san-pham\/oriental-5ik60rgu-afp\/\",\"url\":\"https:\/\/omanivietnam.com\/index.php\/san-pham\/oriental-5ik60rgu-afp\/\",\"name\":\"ORIENTAL 5IK60RGU-AFP - OMANI VI\u1ec6T NAM\",\"isPartOf\":{\"@id\":\"https:\/\/omanivietnam.com\/#website\"},\"primaryImageOfPage\":{\"@id\":\"https:\/\/omanivietnam.com\/index.php\/san-pham\/oriental-5ik60rgu-afp\/#primaryimage\"},\"image\":{\"@id\":\"https:\/\/omanivietnam.com\/index.php\/san-pham\/oriental-5ik60rgu-afp\/#primaryimage\"},\"thumbnailUrl\":\"https:\/\/omanivietnam.com\/wp-content\/uploads\/2025\/08\/5IK60RGU-AFP.png\",\"datePublished\":\"2025-08-16T13:57:49+00:00\",\"dateModified\":\"2025-08-16T13:57:49+00:00\",\"description\":\"ORIENTAL 5IK60RGU-AFP Speed Control Motor\",\"breadcrumb\":{\"@id\":\"https:\/\/omanivietnam.com\/index.php\/san-pham\/oriental-5ik60rgu-afp\/#breadcrumb\"},\"inLanguage\":\"vi\",\"potentialAction\":[{\"@type\":\"ReadAction\",\"target\":[\"https:\/\/omanivietnam.com\/index.php\/san-pham\/oriental-5ik60rgu-afp\/\"]}]},{\"@type\":\"ImageObject\",\"inLanguage\":\"vi\",\"@id\":\"https:\/\/omanivietnam.com\/index.php\/san-pham\/oriental-5ik60rgu-afp\/#primaryimage\",\"url\":\"https:\/\/omanivietnam.com\/wp-content\/uploads\/2025\/08\/5IK60RGU-AFP.png\",\"contentUrl\":\"https:\/\/omanivietnam.com\/wp-content\/uploads\/2025\/08\/5IK60RGU-AFP.png\",\"width\":541,\"height\":519},{\"@type\":\"BreadcrumbList\",\"@id\":\"https:\/\/omanivietnam.com\/index.php\/san-pham\/oriental-5ik60rgu-afp\/#breadcrumb\",\"itemListElement\":[{\"@type\":\"ListItem\",\"position\":1,\"name\":\"Home\",\"item\":\"https:\/\/omanivietnam.com\/\"},{\"@type\":\"ListItem\",\"position\":2,\"name\":\"S\u1ea2N PH\u1ea8M\",\"item\":\"https:\/\/omanivietnam.com\/index.php\/cua-hang\/\"},{\"@type\":\"ListItem\",\"position\":3,\"name\":\"ORIENTAL 5IK60RGU-AFP\"}]},{\"@type\":\"WebSite\",\"@id\":\"https:\/\/omanivietnam.com\/#website\",\"url\":\"https:\/\/omanivietnam.com\/\",\"name\":\"OMANI VI\u1ec6T NAM\",\"description\":\"Nh\u00e0 ph\u00e2n ph\u1ed1i thi\u1ebft b\u1ecb kh\u00ed n\u00e9n v\u00e0 thi\u1ebft b\u1ecb t\u1ef1 \u0111\u1ed9ng h\u00f3a trong c\u00f4ng nghi\u1ec7p\",\"publisher\":{\"@id\":\"https:\/\/omanivietnam.com\/#\/schema\/person\/0ad398a980dc3fd696111c2c5c8fa897\"},\"potentialAction\":[{\"@type\":\"SearchAction\",\"target\":{\"@type\":\"EntryPoint\",\"urlTemplate\":\"https:\/\/omanivietnam.com\/?s={search_term_string}\"},\"query-input\":\"required name=search_term_string\"}],\"inLanguage\":\"vi\"},{\"@type\":[\"Person\",\"Organization\"],\"@id\":\"https:\/\/omanivietnam.com\/#\/schema\/person\/0ad398a980dc3fd696111c2c5c8fa897\",\"name\":\"Nguy\u1ec5n V\u0103n Kh\u00e1nh\",\"image\":{\"@type\":\"ImageObject\",\"inLanguage\":\"vi\",\"@id\":\"https:\/\/omanivietnam.com\/#\/schema\/person\/image\/\",\"url\":\"https:\/\/omanivietnam.com\/wp-content\/uploads\/2024\/06\/logo-1024x1024.png\",\"contentUrl\":\"https:\/\/omanivietnam.com\/wp-content\/uploads\/2024\/06\/logo-1024x1024.png\",\"width\":1024,\"height\":1024,\"caption\":\"Nguy\u1ec5n V\u0103n Kh\u00e1nh\"},\"logo\":{\"@id\":\"https:\/\/omanivietnam.com\/#\/schema\/person\/image\/\"},\"sameAs\":[\"https:\/\/omanivietnam.com\"]}]}<\/script>\n<!-- \/ Yoast SEO plugin. -->","yoast_head_json":{"title":"ORIENTAL 5IK60RGU-AFP - OMANI VI\u1ec6T NAM","description":"ORIENTAL 5IK60RGU-AFP Speed Control Motor","robots":{"index":"index","follow":"follow","max-snippet":"max-snippet:-1","max-image-preview":"max-image-preview:large","max-video-preview":"max-video-preview:-1"},"canonical":"https:\/\/omanivietnam.com\/index.php\/san-pham\/oriental-5ik60rgu-afp\/","og_locale":"vi_VN","og_type":"article","og_title":"ORIENTAL 5IK60RGU-AFP - OMANI VI\u1ec6T NAM","og_description":"ORIENTAL 5IK60RGU-AFP Speed Control Motor","og_url":"https:\/\/omanivietnam.com\/index.php\/san-pham\/oriental-5ik60rgu-afp\/","og_site_name":"OMANI VI\u1ec6T NAM","og_image":[{"width":541,"height":519,"url":"https:\/\/omanivietnam.com\/wp-content\/uploads\/2025\/08\/5IK60RGU-AFP.png","type":"image\/png"}],"twitter_card":"summary_large_image","twitter_misc":{"\u01af\u1edbc t\u00ednh th\u1eddi gian \u0111\u1ecdc":"1 ph\u00fat"},"schema":{"@context":"https:\/\/schema.org","@graph":[{"@type":"WebPage","@id":"https:\/\/omanivietnam.com\/index.php\/san-pham\/oriental-5ik60rgu-afp\/","url":"https:\/\/omanivietnam.com\/index.php\/san-pham\/oriental-5ik60rgu-afp\/","name":"ORIENTAL 5IK60RGU-AFP - OMANI VI\u1ec6T NAM","isPartOf":{"@id":"https:\/\/omanivietnam.com\/#website"},"primaryImageOfPage":{"@id":"https:\/\/omanivietnam.com\/index.php\/san-pham\/oriental-5ik60rgu-afp\/#primaryimage"},"image":{"@id":"https:\/\/omanivietnam.com\/index.php\/san-pham\/oriental-5ik60rgu-afp\/#primaryimage"},"thumbnailUrl":"https:\/\/omanivietnam.com\/wp-content\/uploads\/2025\/08\/5IK60RGU-AFP.png","datePublished":"2025-08-16T13:57:49+00:00","dateModified":"2025-08-16T13:57:49+00:00","description":"ORIENTAL 5IK60RGU-AFP Speed Control Motor","breadcrumb":{"@id":"https:\/\/omanivietnam.com\/index.php\/san-pham\/oriental-5ik60rgu-afp\/#breadcrumb"},"inLanguage":"vi","potentialAction":[{"@type":"ReadAction","target":["https:\/\/omanivietnam.com\/index.php\/san-pham\/oriental-5ik60rgu-afp\/"]}]},{"@type":"ImageObject","inLanguage":"vi","@id":"https:\/\/omanivietnam.com\/index.php\/san-pham\/oriental-5ik60rgu-afp\/#primaryimage","url":"https:\/\/omanivietnam.com\/wp-content\/uploads\/2025\/08\/5IK60RGU-AFP.png","contentUrl":"https:\/\/omanivietnam.com\/wp-content\/uploads\/2025\/08\/5IK60RGU-AFP.png","width":541,"height":519},{"@type":"BreadcrumbList","@id":"https:\/\/omanivietnam.com\/index.php\/san-pham\/oriental-5ik60rgu-afp\/#breadcrumb","itemListElement":[{"@type":"ListItem","position":1,"name":"Home","item":"https:\/\/omanivietnam.com\/"},{"@type":"ListItem","position":2,"name":"S\u1ea2N PH\u1ea8M","item":"https:\/\/omanivietnam.com\/index.php\/cua-hang\/"},{"@type":"ListItem","position":3,"name":"ORIENTAL 5IK60RGU-AFP"}]},{"@type":"WebSite","@id":"https:\/\/omanivietnam.com\/#website","url":"https:\/\/omanivietnam.com\/","name":"OMANI VI\u1ec6T NAM","description":"Nh\u00e0 ph\u00e2n ph\u1ed1i thi\u1ebft b\u1ecb kh\u00ed n\u00e9n v\u00e0 thi\u1ebft b\u1ecb t\u1ef1 \u0111\u1ed9ng h\u00f3a trong c\u00f4ng nghi\u1ec7p","publisher":{"@id":"https:\/\/omanivietnam.com\/#\/schema\/person\/0ad398a980dc3fd696111c2c5c8fa897"},"potentialAction":[{"@type":"SearchAction","target":{"@type":"EntryPoint","urlTemplate":"https:\/\/omanivietnam.com\/?s={search_term_string}"},"query-input":"required name=search_term_string"}],"inLanguage":"vi"},{"@type":["Person","Organization"],"@id":"https:\/\/omanivietnam.com\/#\/schema\/person\/0ad398a980dc3fd696111c2c5c8fa897","name":"Nguy\u1ec5n V\u0103n Kh\u00e1nh","image":{"@type":"ImageObject","inLanguage":"vi","@id":"https:\/\/omanivietnam.com\/#\/schema\/person\/image\/","url":"https:\/\/omanivietnam.com\/wp-content\/uploads\/2024\/06\/logo-1024x1024.png","contentUrl":"https:\/\/omanivietnam.com\/wp-content\/uploads\/2024\/06\/logo-1024x1024.png","width":1024,"height":1024,"caption":"Nguy\u1ec5n V\u0103n Kh\u00e1nh"},"logo":{"@id":"https:\/\/omanivietnam.com\/#\/schema\/person\/image\/"},"sameAs":["https:\/\/omanivietnam.com"]}]}},"_links":{"self":[{"href":"https:\/\/omanivietnam.com\/index.php\/wp-json\/wp\/v2\/product\/4295","targetHints":{"allow":["GET"]}}],"collection":[{"href":"https:\/\/omanivietnam.com\/index.php\/wp-json\/wp\/v2\/product"}],"about":[{"href":"https:\/\/omanivietnam.com\/index.php\/wp-json\/wp\/v2\/types\/product"}],"replies":[{"embeddable":true,"href":"https:\/\/omanivietnam.com\/index.php\/wp-json\/wp\/v2\/comments?post=4295"}],"wp:featuredmedia":[{"embeddable":true,"href":"https:\/\/omanivietnam.com\/index.php\/wp-json\/wp\/v2\/media\/4296"}],"wp:attachment":[{"href":"https:\/\/omanivietnam.com\/index.php\/wp-json\/wp\/v2\/media?parent=4295"}],"wp:term":[{"taxonomy":"product_cat","embeddable":true,"href":"https:\/\/omanivietnam.com\/index.php\/wp-json\/wp\/v2\/product_cat?post=4295"},{"taxonomy":"product_tag","embeddable":true,"href":"https:\/\/omanivietnam.com\/index.php\/wp-json\/wp\/v2\/product_tag?post=4295"}],"curies":[{"name":"wp","href":"https:\/\/api.w.org\/{rel}","templated":true}]}}