{"id":4297,"date":"2025-08-16T21:03:55","date_gmt":"2025-08-16T14:03:55","guid":{"rendered":"https:\/\/omanivietnam.com\/?post_type=product&#038;p=4297"},"modified":"2025-08-16T21:03:55","modified_gmt":"2025-08-16T14:03:55","slug":"oriental-5ik90gu-ctf","status":"publish","type":"product","link":"https:\/\/omanivietnam.com\/index.php\/san-pham\/oriental-5ik90gu-ctf\/","title":{"rendered":"ORIENTAL 5IK90GU-CTF"},"content":{"rendered":"<p>ORIENTAL 5IK90GU-CTF<\/p>\n<p>ORIENTAL 5GU100KB<\/p>\n<p>ORIENTAL 5IK60RGU-AFP<\/p>\n<p>ORIENTAL 5GU18KB<\/p>\n<div id=\"detailInfo\">\n<div class=\"SectionHeading_header__RkOy6\">\n<h2 class=\"SectionHeading_heading__aHS9f\">Product Description<\/h2>\n<\/div>\n<\/div>\n<div class=\"style_simple_detail__Tzjyy common_common__LsCY7\">\n<p class=\"BasicInformation_catchCopy__h8mKx\">&#8211; Induction Motor, K Series from ORIENTAL MOTOR.<br \/>\n&#8211; World K Series models that conform to power supply voltages in Asia are certified under the CCC System and have built-in overheat protection devices.<br \/>\n&#8211; These models provide high cost performance with the same functions as K Series models that conform to global power supply voltages.<br \/>\n&#8211; The product lineup includes models with output power from 1 W to 150 W.<\/p>\n<h3 class=\"SpecTable_specTitle__VZNox\">Configured Specifications<\/h3>\n<ul class=\"SpecTable_tableWrapper__TkrZl\">\n<li class=\"SpecTable_specComplexPN__1foAg\">\n<dl class=\"SpecTable_specTable__XNeik\">\n<dt class=\"SpecTable_specLabel__hvUFG\">Type <span style=\"font-weight: 400\">Motor Unit<\/span><\/dt>\n<\/dl>\n<\/li>\n<li class=\"SpecTable_specComplexPN__1foAg\">\n<dl class=\"SpecTable_specTable__XNeik\">\n<dt class=\"SpecTable_specLabel__hvUFG\">Motor Type <span style=\"font-weight: 400\">Induction<\/span><\/dt>\n<\/dl>\n<\/li>\n<li class=\"SpecTable_specComplexPN__1foAg\">\n<dl class=\"SpecTable_specTable__XNeik\">\n<dt class=\"SpecTable_specLabel__hvUFG\">Square Flange Dim. A <span style=\"font-weight: 400\">90<\/span><\/dt>\n<\/dl>\n<\/li>\n<li class=\"SpecTable_specComplexPN__1foAg\">\n<dl class=\"SpecTable_specTable__XNeik\">\n<dt class=\"SpecTable_specLabel__hvUFG\">Rated Output <span style=\"font-weight: 400\">90<\/span><\/dt>\n<\/dl>\n<\/li>\n<li class=\"SpecTable_specComplexPN__1foAg\">\n<dl class=\"SpecTable_specTable__XNeik\">\n<dt class=\"SpecTable_specLabel__hvUFG\">Power Supply <span style=\"font-weight: 400\">Single-phase<\/span><\/dt>\n<\/dl>\n<\/li>\n<li class=\"SpecTable_specComplexPN__1foAg\">\n<dl class=\"SpecTable_specTable__XNeik\">\n<dt class=\"SpecTable_specLabel__hvUFG\">Environment <span style=\"font-weight: 400\">Standard<\/span><\/dt>\n<\/dl>\n<\/li>\n<li class=\"SpecTable_specComplexPN__1foAg\">\n<dl class=\"SpecTable_specTable__XNeik\">\n<dt class=\"SpecTable_specLabel__hvUFG\">Electromagnetic Brakes, Clutches <span style=\"font-weight: 400\">No<\/span><\/dt>\n<\/dl>\n<\/li>\n<li class=\"SpecTable_specComplexPN__1foAg\">\n<dl class=\"SpecTable_specTable__XNeik\">\n<dt class=\"SpecTable_specLabel__hvUFG\">Voltage <span style=\"font-weight: 400\">200<\/span><\/dt>\n<\/dl>\n<\/li>\n<li class=\"SpecTable_specComplexPN__1foAg\">\n<dl class=\"SpecTable_specTable__XNeik\">\n<dt class=\"SpecTable_specLabel__hvUFG\">Shaft end shape <span style=\"font-weight: 400\">Pinion shaft type<\/span><\/dt>\n<\/dl>\n<\/li>\n<li class=\"SpecTable_specComplexPN__1foAg\">\n<dl class=\"SpecTable_specTable__XNeik\">\n<dt class=\"SpecTable_specLabel__hvUFG\">Connection type <span style=\"font-weight: 400\">Small terminal box included<\/span><\/dt>\n<\/dl>\n<\/li>\n<li class=\"SpecTable_specComplexPN__1foAg\">\n<dl class=\"SpecTable_specTable__XNeik\">\n<dt class=\"SpecTable_specLabel__hvUFG\">Fan <span style=\"font-weight: 400\">Available<\/span><\/dt>\n<\/dl>\n<\/li>\n<li class=\"SpecTable_specComplexPN__1foAg\">\n<dl class=\"SpecTable_specTable__XNeik\">\n<dt class=\"SpecTable_specLabel__hvUFG\">Model Number Symbol <span style=\"font-weight: 400\">-C (4-Pole)<\/span><\/dt>\n<\/dl>\n<\/li>\n<\/ul>\n<\/div>\n","protected":false},"excerpt":{"rendered":"<p>ORIENTAL 5IK90GU-CTF ORIENTAL 5GU100KB ORIENTAL 5IK60RGU-AFP ORIENTAL 5GU18KB Product Description &#8211; Induction Motor, K Series from ORIENTAL MOTOR. &#8211; World K Series models that conform to power supply voltages in Asia are certified under the CCC System and have built-in overheat protection devices. &#8211; These models provide high cost performance&hellip; <\/p>\n","protected":false},"featured_media":4298,"comment_status":"open","ping_status":"closed","template":"","meta":[],"product_cat":[376],"product_tag":[119,120,118],"class_list":{"0":"post-4297","1":"product","2":"type-product","3":"status-publish","4":"has-post-thumbnail","6":"product_cat-oriental","7":"product_tag-dai-ly-oriental-viet-nam","8":"product_tag-dong-co","9":"product_tag-oriental-viet-nam","11":"first","12":"instock","13":"shipping-taxable","14":"product-type-simple"},"yoast_head":"<!-- This site is optimized with the Yoast SEO plugin v22.8 - https:\/\/yoast.com\/wordpress\/plugins\/seo\/ -->\n<title>ORIENTAL 5IK90GU-CTF - OMANI VI\u1ec6T NAM<\/title>\n<meta name=\"description\" content=\"ORIENTAL 5IK90GU-CTF Induction Motor\" \/>\n<meta name=\"robots\" content=\"index, follow, max-snippet:-1, max-image-preview:large, max-video-preview:-1\" \/>\n<link rel=\"canonical\" href=\"https:\/\/omanivietnam.com\/index.php\/san-pham\/oriental-5ik90gu-ctf\/\" \/>\n<meta property=\"og:locale\" content=\"vi_VN\" \/>\n<meta property=\"og:type\" content=\"article\" \/>\n<meta property=\"og:title\" content=\"ORIENTAL 5IK90GU-CTF - OMANI VI\u1ec6T NAM\" \/>\n<meta property=\"og:description\" content=\"ORIENTAL 5IK90GU-CTF Induction Motor\" \/>\n<meta property=\"og:url\" content=\"https:\/\/omanivietnam.com\/index.php\/san-pham\/oriental-5ik90gu-ctf\/\" \/>\n<meta property=\"og:site_name\" content=\"OMANI VI\u1ec6T NAM\" \/>\n<meta property=\"og:image\" content=\"https:\/\/omanivietnam.com\/wp-content\/uploads\/2025\/08\/5IK90GU-CTF.png\" \/>\n\t<meta property=\"og:image:width\" content=\"423\" \/>\n\t<meta property=\"og:image:height\" content=\"422\" \/>\n\t<meta property=\"og:image:type\" content=\"image\/png\" \/>\n<meta name=\"twitter:card\" content=\"summary_large_image\" \/>\n<meta name=\"twitter:label1\" content=\"\u01af\u1edbc t\u00ednh th\u1eddi gian \u0111\u1ecdc\" \/>\n\t<meta name=\"twitter:data1\" content=\"1 ph\u00fat\" \/>\n<script type=\"application\/ld+json\" class=\"yoast-schema-graph\">{\"@context\":\"https:\/\/schema.org\",\"@graph\":[{\"@type\":\"WebPage\",\"@id\":\"https:\/\/omanivietnam.com\/index.php\/san-pham\/oriental-5ik90gu-ctf\/\",\"url\":\"https:\/\/omanivietnam.com\/index.php\/san-pham\/oriental-5ik90gu-ctf\/\",\"name\":\"ORIENTAL 5IK90GU-CTF - OMANI VI\u1ec6T NAM\",\"isPartOf\":{\"@id\":\"https:\/\/omanivietnam.com\/#website\"},\"primaryImageOfPage\":{\"@id\":\"https:\/\/omanivietnam.com\/index.php\/san-pham\/oriental-5ik90gu-ctf\/#primaryimage\"},\"image\":{\"@id\":\"https:\/\/omanivietnam.com\/index.php\/san-pham\/oriental-5ik90gu-ctf\/#primaryimage\"},\"thumbnailUrl\":\"https:\/\/omanivietnam.com\/wp-content\/uploads\/2025\/08\/5IK90GU-CTF.png\",\"datePublished\":\"2025-08-16T14:03:55+00:00\",\"dateModified\":\"2025-08-16T14:03:55+00:00\",\"description\":\"ORIENTAL 5IK90GU-CTF Induction Motor\",\"breadcrumb\":{\"@id\":\"https:\/\/omanivietnam.com\/index.php\/san-pham\/oriental-5ik90gu-ctf\/#breadcrumb\"},\"inLanguage\":\"vi\",\"potentialAction\":[{\"@type\":\"ReadAction\",\"target\":[\"https:\/\/omanivietnam.com\/index.php\/san-pham\/oriental-5ik90gu-ctf\/\"]}]},{\"@type\":\"ImageObject\",\"inLanguage\":\"vi\",\"@id\":\"https:\/\/omanivietnam.com\/index.php\/san-pham\/oriental-5ik90gu-ctf\/#primaryimage\",\"url\":\"https:\/\/omanivietnam.com\/wp-content\/uploads\/2025\/08\/5IK90GU-CTF.png\",\"contentUrl\":\"https:\/\/omanivietnam.com\/wp-content\/uploads\/2025\/08\/5IK90GU-CTF.png\",\"width\":423,\"height\":422},{\"@type\":\"BreadcrumbList\",\"@id\":\"https:\/\/omanivietnam.com\/index.php\/san-pham\/oriental-5ik90gu-ctf\/#breadcrumb\",\"itemListElement\":[{\"@type\":\"ListItem\",\"position\":1,\"name\":\"Home\",\"item\":\"https:\/\/omanivietnam.com\/\"},{\"@type\":\"ListItem\",\"position\":2,\"name\":\"S\u1ea2N PH\u1ea8M\",\"item\":\"https:\/\/omanivietnam.com\/index.php\/cua-hang\/\"},{\"@type\":\"ListItem\",\"position\":3,\"name\":\"ORIENTAL 5IK90GU-CTF\"}]},{\"@type\":\"WebSite\",\"@id\":\"https:\/\/omanivietnam.com\/#website\",\"url\":\"https:\/\/omanivietnam.com\/\",\"name\":\"OMANI VI\u1ec6T NAM\",\"description\":\"Nh\u00e0 ph\u00e2n ph\u1ed1i thi\u1ebft b\u1ecb kh\u00ed n\u00e9n v\u00e0 thi\u1ebft b\u1ecb t\u1ef1 \u0111\u1ed9ng h\u00f3a trong c\u00f4ng nghi\u1ec7p\",\"publisher\":{\"@id\":\"https:\/\/omanivietnam.com\/#\/schema\/person\/0ad398a980dc3fd696111c2c5c8fa897\"},\"potentialAction\":[{\"@type\":\"SearchAction\",\"target\":{\"@type\":\"EntryPoint\",\"urlTemplate\":\"https:\/\/omanivietnam.com\/?s={search_term_string}\"},\"query-input\":\"required name=search_term_string\"}],\"inLanguage\":\"vi\"},{\"@type\":[\"Person\",\"Organization\"],\"@id\":\"https:\/\/omanivietnam.com\/#\/schema\/person\/0ad398a980dc3fd696111c2c5c8fa897\",\"name\":\"Nguy\u1ec5n V\u0103n Kh\u00e1nh\",\"image\":{\"@type\":\"ImageObject\",\"inLanguage\":\"vi\",\"@id\":\"https:\/\/omanivietnam.com\/#\/schema\/person\/image\/\",\"url\":\"https:\/\/omanivietnam.com\/wp-content\/uploads\/2024\/06\/logo-1024x1024.png\",\"contentUrl\":\"https:\/\/omanivietnam.com\/wp-content\/uploads\/2024\/06\/logo-1024x1024.png\",\"width\":1024,\"height\":1024,\"caption\":\"Nguy\u1ec5n V\u0103n Kh\u00e1nh\"},\"logo\":{\"@id\":\"https:\/\/omanivietnam.com\/#\/schema\/person\/image\/\"},\"sameAs\":[\"https:\/\/omanivietnam.com\"]}]}<\/script>\n<!-- \/ Yoast SEO plugin. -->","yoast_head_json":{"title":"ORIENTAL 5IK90GU-CTF - OMANI VI\u1ec6T NAM","description":"ORIENTAL 5IK90GU-CTF Induction Motor","robots":{"index":"index","follow":"follow","max-snippet":"max-snippet:-1","max-image-preview":"max-image-preview:large","max-video-preview":"max-video-preview:-1"},"canonical":"https:\/\/omanivietnam.com\/index.php\/san-pham\/oriental-5ik90gu-ctf\/","og_locale":"vi_VN","og_type":"article","og_title":"ORIENTAL 5IK90GU-CTF - OMANI VI\u1ec6T NAM","og_description":"ORIENTAL 5IK90GU-CTF Induction Motor","og_url":"https:\/\/omanivietnam.com\/index.php\/san-pham\/oriental-5ik90gu-ctf\/","og_site_name":"OMANI VI\u1ec6T NAM","og_image":[{"width":423,"height":422,"url":"https:\/\/omanivietnam.com\/wp-content\/uploads\/2025\/08\/5IK90GU-CTF.png","type":"image\/png"}],"twitter_card":"summary_large_image","twitter_misc":{"\u01af\u1edbc t\u00ednh th\u1eddi gian \u0111\u1ecdc":"1 ph\u00fat"},"schema":{"@context":"https:\/\/schema.org","@graph":[{"@type":"WebPage","@id":"https:\/\/omanivietnam.com\/index.php\/san-pham\/oriental-5ik90gu-ctf\/","url":"https:\/\/omanivietnam.com\/index.php\/san-pham\/oriental-5ik90gu-ctf\/","name":"ORIENTAL 5IK90GU-CTF - OMANI VI\u1ec6T NAM","isPartOf":{"@id":"https:\/\/omanivietnam.com\/#website"},"primaryImageOfPage":{"@id":"https:\/\/omanivietnam.com\/index.php\/san-pham\/oriental-5ik90gu-ctf\/#primaryimage"},"image":{"@id":"https:\/\/omanivietnam.com\/index.php\/san-pham\/oriental-5ik90gu-ctf\/#primaryimage"},"thumbnailUrl":"https:\/\/omanivietnam.com\/wp-content\/uploads\/2025\/08\/5IK90GU-CTF.png","datePublished":"2025-08-16T14:03:55+00:00","dateModified":"2025-08-16T14:03:55+00:00","description":"ORIENTAL 5IK90GU-CTF Induction Motor","breadcrumb":{"@id":"https:\/\/omanivietnam.com\/index.php\/san-pham\/oriental-5ik90gu-ctf\/#breadcrumb"},"inLanguage":"vi","potentialAction":[{"@type":"ReadAction","target":["https:\/\/omanivietnam.com\/index.php\/san-pham\/oriental-5ik90gu-ctf\/"]}]},{"@type":"ImageObject","inLanguage":"vi","@id":"https:\/\/omanivietnam.com\/index.php\/san-pham\/oriental-5ik90gu-ctf\/#primaryimage","url":"https:\/\/omanivietnam.com\/wp-content\/uploads\/2025\/08\/5IK90GU-CTF.png","contentUrl":"https:\/\/omanivietnam.com\/wp-content\/uploads\/2025\/08\/5IK90GU-CTF.png","width":423,"height":422},{"@type":"BreadcrumbList","@id":"https:\/\/omanivietnam.com\/index.php\/san-pham\/oriental-5ik90gu-ctf\/#breadcrumb","itemListElement":[{"@type":"ListItem","position":1,"name":"Home","item":"https:\/\/omanivietnam.com\/"},{"@type":"ListItem","position":2,"name":"S\u1ea2N PH\u1ea8M","item":"https:\/\/omanivietnam.com\/index.php\/cua-hang\/"},{"@type":"ListItem","position":3,"name":"ORIENTAL 5IK90GU-CTF"}]},{"@type":"WebSite","@id":"https:\/\/omanivietnam.com\/#website","url":"https:\/\/omanivietnam.com\/","name":"OMANI VI\u1ec6T NAM","description":"Nh\u00e0 ph\u00e2n ph\u1ed1i thi\u1ebft b\u1ecb kh\u00ed n\u00e9n v\u00e0 thi\u1ebft b\u1ecb t\u1ef1 \u0111\u1ed9ng h\u00f3a trong c\u00f4ng nghi\u1ec7p","publisher":{"@id":"https:\/\/omanivietnam.com\/#\/schema\/person\/0ad398a980dc3fd696111c2c5c8fa897"},"potentialAction":[{"@type":"SearchAction","target":{"@type":"EntryPoint","urlTemplate":"https:\/\/omanivietnam.com\/?s={search_term_string}"},"query-input":"required name=search_term_string"}],"inLanguage":"vi"},{"@type":["Person","Organization"],"@id":"https:\/\/omanivietnam.com\/#\/schema\/person\/0ad398a980dc3fd696111c2c5c8fa897","name":"Nguy\u1ec5n V\u0103n Kh\u00e1nh","image":{"@type":"ImageObject","inLanguage":"vi","@id":"https:\/\/omanivietnam.com\/#\/schema\/person\/image\/","url":"https:\/\/omanivietnam.com\/wp-content\/uploads\/2024\/06\/logo-1024x1024.png","contentUrl":"https:\/\/omanivietnam.com\/wp-content\/uploads\/2024\/06\/logo-1024x1024.png","width":1024,"height":1024,"caption":"Nguy\u1ec5n V\u0103n Kh\u00e1nh"},"logo":{"@id":"https:\/\/omanivietnam.com\/#\/schema\/person\/image\/"},"sameAs":["https:\/\/omanivietnam.com"]}]}},"_links":{"self":[{"href":"https:\/\/omanivietnam.com\/index.php\/wp-json\/wp\/v2\/product\/4297","targetHints":{"allow":["GET"]}}],"collection":[{"href":"https:\/\/omanivietnam.com\/index.php\/wp-json\/wp\/v2\/product"}],"about":[{"href":"https:\/\/omanivietnam.com\/index.php\/wp-json\/wp\/v2\/types\/product"}],"replies":[{"embeddable":true,"href":"https:\/\/omanivietnam.com\/index.php\/wp-json\/wp\/v2\/comments?post=4297"}],"wp:featuredmedia":[{"embeddable":true,"href":"https:\/\/omanivietnam.com\/index.php\/wp-json\/wp\/v2\/media\/4298"}],"wp:attachment":[{"href":"https:\/\/omanivietnam.com\/index.php\/wp-json\/wp\/v2\/media?parent=4297"}],"wp:term":[{"taxonomy":"product_cat","embeddable":true,"href":"https:\/\/omanivietnam.com\/index.php\/wp-json\/wp\/v2\/product_cat?post=4297"},{"taxonomy":"product_tag","embeddable":true,"href":"https:\/\/omanivietnam.com\/index.php\/wp-json\/wp\/v2\/product_tag?post=4297"}],"curies":[{"name":"wp","href":"https:\/\/api.w.org\/{rel}","templated":true}]}}