{"id":4302,"date":"2025-08-17T16:37:34","date_gmt":"2025-08-17T09:37:34","guid":{"rendered":"https:\/\/omanivietnam.com\/?post_type=product&#038;p=4302"},"modified":"2025-08-17T16:37:34","modified_gmt":"2025-08-17T09:37:34","slug":"cheerful-dmg-02-3c4-12","status":"publish","type":"product","link":"https:\/\/omanivietnam.com\/index.php\/san-pham\/cheerful-dmg-02-3c4-12\/","title":{"rendered":"CHEERFUL DMG-02-3C4-12"},"content":{"rendered":"<p>CHEERFUL DMG-02-3C4-12<\/p>\n<p title=\"Original CHEERFUL hydraulic valve DMG-02-3C4-12 MGV-02-P-2-12 DMG-02-3C4-10\" data-spm-anchor-id=\"a2700.details.0.i63.4bc95d11LBKd1J\">CHEERFUL hydraulic valve DMG-02-3C4-12 MGV-02-P-2-12 DMG-02-3C4-10<\/p>\n<div class=\"id-grid id-max-h-[68px] id-overflow-hidden id-grid-cols-[2fr_3fr]\">\n<div class=\"id-text-sm id-font-medium id-p-4 id-flex id-items-center id-flex-wrap\" title=\"Two way type\">\n<div class=\"id-line-clamp-2 id-leading-[18px]\">\n<h2 id=\"key-attributes\" class=\"id-text-xl id-font-bold\" data-spm-anchor-id=\"a2700.details.0.i104.4bc95d11j0dfHt\">Key attributes<\/h2>\n<div class=\"\">\n<div class=\"\">\n<div class=\"id-grid id-grid-cols-2 id-border-[0.5px] id-border-[#ddd] id-mt-3\">\n<div class=\"id-grid id-max-h-[68px] id-overflow-hidden id-grid-cols-[2fr_3fr] id-border-b-[0.5px] id-border-[#ddd]\">\n<div class=\"id-text-sm id-p-4 id-bg-[#f8f8f8] id-flex id-items-center\" title=\"Applicable Industries\">\n<div class=\"id-line-clamp-2 id-leading-[18px]\" data-spm-anchor-id=\"a2700.details.0.i103.4bc95d11j0dfHt\">Applicable Industries hotels<\/div>\n<\/div>\n<\/div>\n<div class=\"id-grid id-max-h-[68px] id-overflow-hidden id-grid-cols-[2fr_3fr] id-border-b-[0.5px] id-border-[#ddd]\">\n<div class=\"id-text-sm id-p-4 id-bg-[#f8f8f8] id-flex id-items-center\" title=\"Place of Origin\">\n<div class=\"id-line-clamp-2 id-leading-[18px]\">Place of Origin Andorra<\/div>\n<\/div>\n<\/div>\n<div class=\"id-grid id-max-h-[68px] id-overflow-hidden id-grid-cols-[2fr_3fr] id-border-b-[0.5px] id-border-[#ddd]\">\n<div class=\"id-text-sm id-p-4 id-bg-[#f8f8f8] id-flex id-items-center\" title=\"Material\">\n<div class=\"id-line-clamp-2 id-leading-[18px]\">Material Rubber<\/div>\n<\/div>\n<\/div>\n<div class=\"id-grid id-max-h-[68px] id-overflow-hidden id-grid-cols-[2fr_3fr] id-border-b-[0.5px] id-border-[#ddd]\">\n<div class=\"id-text-sm id-p-4 id-bg-[#f8f8f8] id-flex id-items-center\" title=\"Maximum Torque\">\n<div class=\"id-line-clamp-2 id-leading-[18px]\">Maximum Torque 100Nm<\/div>\n<\/div>\n<\/div>\n<div class=\"id-grid id-max-h-[68px] id-overflow-hidden id-grid-cols-[2fr_3fr] id-border-b-[0.5px] id-border-[#ddd]\">\n<div class=\"id-text-sm id-p-4 id-bg-[#f8f8f8] id-flex id-items-center\" title=\"Bore Diameter\">\n<div class=\"id-line-clamp-2 id-leading-[18px]\">Bore Diameter 10mm<\/div>\n<\/div>\n<\/div>\n<div class=\"id-grid id-max-h-[68px] id-overflow-hidden id-grid-cols-[2fr_3fr] id-border-b-[0.5px] id-border-[#ddd]\">\n<div class=\"id-text-sm id-p-4 id-bg-[#f8f8f8] id-flex id-items-center\" title=\"Warranty\">\n<div class=\"id-line-clamp-2 id-leading-[18px]\">Warranty 3 years<\/div>\n<\/div>\n<\/div>\n<div class=\"id-grid id-max-h-[68px] id-overflow-hidden id-grid-cols-[2fr_3fr] id-border-b-[0.5px] id-border-[#ddd]\">\n<div class=\"id-text-sm id-p-4 id-bg-[#f8f8f8] id-flex id-items-center\" title=\"Customized support\">\n<div class=\"id-line-clamp-2 id-leading-[18px]\">Customized support OEM<\/div>\n<\/div>\n<\/div>\n<div class=\"id-grid id-max-h-[68px] id-overflow-hidden id-grid-cols-[2fr_3fr] id-border-b-[0.5px] id-border-[#ddd]\">\n<div class=\"id-text-sm id-p-4 id-bg-[#f8f8f8] id-flex id-items-center\" title=\"Brand Name\">\n<div class=\"id-line-clamp-2 id-leading-[18px]\">Brand Name CHEERFUL<\/div>\n<\/div>\n<\/div>\n<div class=\"id-grid id-max-h-[68px] id-overflow-hidden id-grid-cols-[2fr_3fr] id-border-b-[0.5px] id-border-[#ddd]\">\n<div class=\"id-text-sm id-p-4 id-bg-[#f8f8f8] id-flex id-items-center\" title=\"Valve standard\">\n<div class=\"id-line-clamp-2 id-leading-[18px]\">Valve standard National standard<\/div>\n<\/div>\n<\/div>\n<div class=\"id-grid id-max-h-[68px] id-overflow-hidden id-grid-cols-[2fr_3fr] id-border-b-[0.5px] id-border-[#ddd]\">\n<div class=\"id-text-sm id-p-4 id-bg-[#f8f8f8] id-flex id-items-center\" title=\"Flow direction\">\n<div class=\"id-line-clamp-2 id-leading-[18px]\">Flow direction commutation<\/div>\n<\/div>\n<\/div>\n<div class=\"id-grid id-max-h-[68px] id-overflow-hidden id-grid-cols-[2fr_3fr] id-border-b-[0.5px] id-border-[#ddd]\">\n<div class=\"id-text-sm id-p-4 id-bg-[#f8f8f8] id-flex id-items-center\" title=\"Temperature environment\">\n<div class=\"id-line-clamp-2 id-leading-[18px]\">Temperature environment hyperthermia<\/div>\n<\/div>\n<\/div>\n<div class=\"id-grid id-max-h-[68px] id-overflow-hidden id-grid-cols-[2fr_3fr] id-border-b-[0.5px] id-border-[#ddd]\">\n<div class=\"id-text-sm id-p-4 id-bg-[#f8f8f8] id-flex id-items-center\" title=\"Mode of action\">\n<div class=\"id-line-clamp-2 id-leading-[18px]\">Mode of action Double acting<\/div>\n<\/div>\n<\/div>\n<div class=\"id-grid id-max-h-[68px] id-overflow-hidden id-grid-cols-[2fr_3fr] id-border-b-[0.5px] id-border-[#ddd]\">\n<div class=\"id-text-sm id-p-4 id-bg-[#f8f8f8] id-flex id-items-center\" title=\"Whether cross-border export is a source\">\n<div class=\"id-line-clamp-2 id-leading-[18px]\">Whether cross-border export is a source is<\/div>\n<\/div>\n<\/div>\n<div class=\"id-grid id-max-h-[68px] id-overflow-hidden id-grid-cols-[2fr_3fr] id-border-b-[0.5px] id-border-[#ddd]\">\n<div class=\"id-text-sm id-p-4 id-bg-[#f8f8f8] id-flex id-items-center\" title=\"Working position\">\n<div class=\"id-line-clamp-2 id-leading-[18px]\">Working position You two<\/div>\n<\/div>\n<\/div>\n<div class=\"id-grid id-max-h-[68px] id-overflow-hidden id-grid-cols-[2fr_3fr] id-border-b-[0.5px] id-border-[#ddd]\">\n<div class=\"id-text-sm id-p-4 id-bg-[#f8f8f8] id-flex id-items-center\" title=\"Lining material\">\n<div class=\"id-line-clamp-2 id-leading-[18px]\">Lining material plastic<\/div>\n<\/div>\n<\/div>\n<div class=\"id-grid id-max-h-[68px] id-overflow-hidden id-grid-cols-[2fr_3fr] id-border-b-[0.5px] id-border-[#ddd]\">\n<div class=\"id-text-sm id-p-4 id-bg-[#f8f8f8] id-flex id-items-center\" title=\"Sealing material\">\n<div class=\"id-line-clamp-2 id-leading-[18px]\" data-spm-anchor-id=\"a2700.details.0.i105.4bc95d11j0dfHt\">Sealing material fluoroplastics<\/div>\n<\/div>\n<\/div>\n<div class=\"id-grid id-max-h-[68px] id-overflow-hidden id-grid-cols-[2fr_3fr]\">\n<div class=\"id-text-sm id-p-4 id-bg-[#f8f8f8] id-flex id-items-center\" title=\"Functional role\">\n<div class=\"id-line-clamp-2 id-leading-[18px]\">Functional role By-pass type<\/div>\n<\/div>\n<\/div>\n<div class=\"id-grid id-max-h-[68px] id-overflow-hidden id-grid-cols-[2fr_3fr]\">\n<div class=\"id-text-sm id-p-4 id-bg-[#f8f8f8] id-flex id-items-center\" title=\"Type (channel location)\">\n<div class=\"id-line-clamp-2 id-leading-[18px]\">Type (channel location) Two way type<\/div>\n<\/div>\n<\/div>\n<\/div>\n<\/div>\n<\/div>\n<\/div>\n<\/div>\n<\/div>\n","protected":false},"excerpt":{"rendered":"<p>CHEERFUL DMG-02-3C4-12 CHEERFUL hydraulic valve DMG-02-3C4-12 MGV-02-P-2-12 DMG-02-3C4-10 Key attributes Applicable Industries hotels Place of Origin Andorra Material Rubber Maximum Torque 100Nm Bore Diameter 10mm Warranty 3 years Customized support OEM Brand Name CHEERFUL Valve standard National standard Flow direction commutation Temperature environment hyperthermia Mode of action Double acting Whether&hellip; <\/p>\n","protected":false},"featured_media":4303,"comment_status":"open","ping_status":"closed","template":"","meta":[],"product_cat":[486],"product_tag":[487,488,451],"class_list":{"0":"post-4302","1":"product","2":"type-product","3":"status-publish","4":"has-post-thumbnail","6":"product_cat-cheerful","7":"product_tag-cheerful-viet-nam","8":"product_tag-dai-ly-cheerful-viet-nam","9":"product_tag-van","11":"first","12":"instock","13":"shipping-taxable","14":"product-type-simple"},"yoast_head":"<!-- This site is optimized with the Yoast SEO plugin v22.8 - https:\/\/yoast.com\/wordpress\/plugins\/seo\/ -->\n<title>CHEERFUL DMG-02-3C4-12 - OMANI VI\u1ec6T NAM<\/title>\n<meta name=\"description\" content=\"CHEERFUL DMG-02-3C4-12 Hydraulic Valve\" \/>\n<meta name=\"robots\" content=\"index, follow, max-snippet:-1, max-image-preview:large, max-video-preview:-1\" \/>\n<link rel=\"canonical\" href=\"https:\/\/omanivietnam.com\/index.php\/san-pham\/cheerful-dmg-02-3c4-12\/\" \/>\n<meta property=\"og:locale\" content=\"vi_VN\" \/>\n<meta property=\"og:type\" content=\"article\" \/>\n<meta property=\"og:title\" content=\"CHEERFUL DMG-02-3C4-12 - OMANI VI\u1ec6T NAM\" \/>\n<meta property=\"og:description\" content=\"CHEERFUL DMG-02-3C4-12 Hydraulic Valve\" \/>\n<meta property=\"og:url\" content=\"https:\/\/omanivietnam.com\/index.php\/san-pham\/cheerful-dmg-02-3c4-12\/\" \/>\n<meta property=\"og:site_name\" content=\"OMANI VI\u1ec6T NAM\" \/>\n<meta property=\"og:image\" content=\"https:\/\/omanivietnam.com\/wp-content\/uploads\/2025\/08\/DMG-02-3C4-12.png\" \/>\n\t<meta property=\"og:image:width\" content=\"696\" \/>\n\t<meta property=\"og:image:height\" content=\"529\" \/>\n\t<meta property=\"og:image:type\" content=\"image\/png\" \/>\n<meta name=\"twitter:card\" content=\"summary_large_image\" \/>\n<meta name=\"twitter:label1\" content=\"\u01af\u1edbc t\u00ednh th\u1eddi gian \u0111\u1ecdc\" \/>\n\t<meta name=\"twitter:data1\" content=\"1 ph\u00fat\" \/>\n<script type=\"application\/ld+json\" class=\"yoast-schema-graph\">{\"@context\":\"https:\/\/schema.org\",\"@graph\":[{\"@type\":\"WebPage\",\"@id\":\"https:\/\/omanivietnam.com\/index.php\/san-pham\/cheerful-dmg-02-3c4-12\/\",\"url\":\"https:\/\/omanivietnam.com\/index.php\/san-pham\/cheerful-dmg-02-3c4-12\/\",\"name\":\"CHEERFUL DMG-02-3C4-12 - OMANI VI\u1ec6T NAM\",\"isPartOf\":{\"@id\":\"https:\/\/omanivietnam.com\/#website\"},\"primaryImageOfPage\":{\"@id\":\"https:\/\/omanivietnam.com\/index.php\/san-pham\/cheerful-dmg-02-3c4-12\/#primaryimage\"},\"image\":{\"@id\":\"https:\/\/omanivietnam.com\/index.php\/san-pham\/cheerful-dmg-02-3c4-12\/#primaryimage\"},\"thumbnailUrl\":\"https:\/\/omanivietnam.com\/wp-content\/uploads\/2025\/08\/DMG-02-3C4-12.png\",\"datePublished\":\"2025-08-17T09:37:34+00:00\",\"dateModified\":\"2025-08-17T09:37:34+00:00\",\"description\":\"CHEERFUL DMG-02-3C4-12 Hydraulic Valve\",\"breadcrumb\":{\"@id\":\"https:\/\/omanivietnam.com\/index.php\/san-pham\/cheerful-dmg-02-3c4-12\/#breadcrumb\"},\"inLanguage\":\"vi\",\"potentialAction\":[{\"@type\":\"ReadAction\",\"target\":[\"https:\/\/omanivietnam.com\/index.php\/san-pham\/cheerful-dmg-02-3c4-12\/\"]}]},{\"@type\":\"ImageObject\",\"inLanguage\":\"vi\",\"@id\":\"https:\/\/omanivietnam.com\/index.php\/san-pham\/cheerful-dmg-02-3c4-12\/#primaryimage\",\"url\":\"https:\/\/omanivietnam.com\/wp-content\/uploads\/2025\/08\/DMG-02-3C4-12.png\",\"contentUrl\":\"https:\/\/omanivietnam.com\/wp-content\/uploads\/2025\/08\/DMG-02-3C4-12.png\",\"width\":696,\"height\":529},{\"@type\":\"BreadcrumbList\",\"@id\":\"https:\/\/omanivietnam.com\/index.php\/san-pham\/cheerful-dmg-02-3c4-12\/#breadcrumb\",\"itemListElement\":[{\"@type\":\"ListItem\",\"position\":1,\"name\":\"Home\",\"item\":\"https:\/\/omanivietnam.com\/\"},{\"@type\":\"ListItem\",\"position\":2,\"name\":\"S\u1ea2N PH\u1ea8M\",\"item\":\"https:\/\/omanivietnam.com\/index.php\/cua-hang\/\"},{\"@type\":\"ListItem\",\"position\":3,\"name\":\"CHEERFUL DMG-02-3C4-12\"}]},{\"@type\":\"WebSite\",\"@id\":\"https:\/\/omanivietnam.com\/#website\",\"url\":\"https:\/\/omanivietnam.com\/\",\"name\":\"OMANI VI\u1ec6T NAM\",\"description\":\"Nh\u00e0 ph\u00e2n ph\u1ed1i thi\u1ebft b\u1ecb kh\u00ed n\u00e9n v\u00e0 thi\u1ebft b\u1ecb t\u1ef1 \u0111\u1ed9ng h\u00f3a trong c\u00f4ng nghi\u1ec7p\",\"publisher\":{\"@id\":\"https:\/\/omanivietnam.com\/#\/schema\/person\/0ad398a980dc3fd696111c2c5c8fa897\"},\"potentialAction\":[{\"@type\":\"SearchAction\",\"target\":{\"@type\":\"EntryPoint\",\"urlTemplate\":\"https:\/\/omanivietnam.com\/?s={search_term_string}\"},\"query-input\":\"required name=search_term_string\"}],\"inLanguage\":\"vi\"},{\"@type\":[\"Person\",\"Organization\"],\"@id\":\"https:\/\/omanivietnam.com\/#\/schema\/person\/0ad398a980dc3fd696111c2c5c8fa897\",\"name\":\"Nguy\u1ec5n V\u0103n Kh\u00e1nh\",\"image\":{\"@type\":\"ImageObject\",\"inLanguage\":\"vi\",\"@id\":\"https:\/\/omanivietnam.com\/#\/schema\/person\/image\/\",\"url\":\"https:\/\/omanivietnam.com\/wp-content\/uploads\/2024\/06\/logo-1024x1024.png\",\"contentUrl\":\"https:\/\/omanivietnam.com\/wp-content\/uploads\/2024\/06\/logo-1024x1024.png\",\"width\":1024,\"height\":1024,\"caption\":\"Nguy\u1ec5n V\u0103n Kh\u00e1nh\"},\"logo\":{\"@id\":\"https:\/\/omanivietnam.com\/#\/schema\/person\/image\/\"},\"sameAs\":[\"https:\/\/omanivietnam.com\"]}]}<\/script>\n<!-- \/ Yoast SEO plugin. -->","yoast_head_json":{"title":"CHEERFUL DMG-02-3C4-12 - OMANI VI\u1ec6T NAM","description":"CHEERFUL DMG-02-3C4-12 Hydraulic Valve","robots":{"index":"index","follow":"follow","max-snippet":"max-snippet:-1","max-image-preview":"max-image-preview:large","max-video-preview":"max-video-preview:-1"},"canonical":"https:\/\/omanivietnam.com\/index.php\/san-pham\/cheerful-dmg-02-3c4-12\/","og_locale":"vi_VN","og_type":"article","og_title":"CHEERFUL DMG-02-3C4-12 - OMANI VI\u1ec6T NAM","og_description":"CHEERFUL DMG-02-3C4-12 Hydraulic Valve","og_url":"https:\/\/omanivietnam.com\/index.php\/san-pham\/cheerful-dmg-02-3c4-12\/","og_site_name":"OMANI VI\u1ec6T NAM","og_image":[{"width":696,"height":529,"url":"https:\/\/omanivietnam.com\/wp-content\/uploads\/2025\/08\/DMG-02-3C4-12.png","type":"image\/png"}],"twitter_card":"summary_large_image","twitter_misc":{"\u01af\u1edbc t\u00ednh th\u1eddi gian \u0111\u1ecdc":"1 ph\u00fat"},"schema":{"@context":"https:\/\/schema.org","@graph":[{"@type":"WebPage","@id":"https:\/\/omanivietnam.com\/index.php\/san-pham\/cheerful-dmg-02-3c4-12\/","url":"https:\/\/omanivietnam.com\/index.php\/san-pham\/cheerful-dmg-02-3c4-12\/","name":"CHEERFUL DMG-02-3C4-12 - OMANI VI\u1ec6T NAM","isPartOf":{"@id":"https:\/\/omanivietnam.com\/#website"},"primaryImageOfPage":{"@id":"https:\/\/omanivietnam.com\/index.php\/san-pham\/cheerful-dmg-02-3c4-12\/#primaryimage"},"image":{"@id":"https:\/\/omanivietnam.com\/index.php\/san-pham\/cheerful-dmg-02-3c4-12\/#primaryimage"},"thumbnailUrl":"https:\/\/omanivietnam.com\/wp-content\/uploads\/2025\/08\/DMG-02-3C4-12.png","datePublished":"2025-08-17T09:37:34+00:00","dateModified":"2025-08-17T09:37:34+00:00","description":"CHEERFUL DMG-02-3C4-12 Hydraulic Valve","breadcrumb":{"@id":"https:\/\/omanivietnam.com\/index.php\/san-pham\/cheerful-dmg-02-3c4-12\/#breadcrumb"},"inLanguage":"vi","potentialAction":[{"@type":"ReadAction","target":["https:\/\/omanivietnam.com\/index.php\/san-pham\/cheerful-dmg-02-3c4-12\/"]}]},{"@type":"ImageObject","inLanguage":"vi","@id":"https:\/\/omanivietnam.com\/index.php\/san-pham\/cheerful-dmg-02-3c4-12\/#primaryimage","url":"https:\/\/omanivietnam.com\/wp-content\/uploads\/2025\/08\/DMG-02-3C4-12.png","contentUrl":"https:\/\/omanivietnam.com\/wp-content\/uploads\/2025\/08\/DMG-02-3C4-12.png","width":696,"height":529},{"@type":"BreadcrumbList","@id":"https:\/\/omanivietnam.com\/index.php\/san-pham\/cheerful-dmg-02-3c4-12\/#breadcrumb","itemListElement":[{"@type":"ListItem","position":1,"name":"Home","item":"https:\/\/omanivietnam.com\/"},{"@type":"ListItem","position":2,"name":"S\u1ea2N PH\u1ea8M","item":"https:\/\/omanivietnam.com\/index.php\/cua-hang\/"},{"@type":"ListItem","position":3,"name":"CHEERFUL DMG-02-3C4-12"}]},{"@type":"WebSite","@id":"https:\/\/omanivietnam.com\/#website","url":"https:\/\/omanivietnam.com\/","name":"OMANI VI\u1ec6T NAM","description":"Nh\u00e0 ph\u00e2n ph\u1ed1i thi\u1ebft b\u1ecb kh\u00ed n\u00e9n v\u00e0 thi\u1ebft b\u1ecb t\u1ef1 \u0111\u1ed9ng h\u00f3a trong c\u00f4ng nghi\u1ec7p","publisher":{"@id":"https:\/\/omanivietnam.com\/#\/schema\/person\/0ad398a980dc3fd696111c2c5c8fa897"},"potentialAction":[{"@type":"SearchAction","target":{"@type":"EntryPoint","urlTemplate":"https:\/\/omanivietnam.com\/?s={search_term_string}"},"query-input":"required name=search_term_string"}],"inLanguage":"vi"},{"@type":["Person","Organization"],"@id":"https:\/\/omanivietnam.com\/#\/schema\/person\/0ad398a980dc3fd696111c2c5c8fa897","name":"Nguy\u1ec5n V\u0103n Kh\u00e1nh","image":{"@type":"ImageObject","inLanguage":"vi","@id":"https:\/\/omanivietnam.com\/#\/schema\/person\/image\/","url":"https:\/\/omanivietnam.com\/wp-content\/uploads\/2024\/06\/logo-1024x1024.png","contentUrl":"https:\/\/omanivietnam.com\/wp-content\/uploads\/2024\/06\/logo-1024x1024.png","width":1024,"height":1024,"caption":"Nguy\u1ec5n V\u0103n Kh\u00e1nh"},"logo":{"@id":"https:\/\/omanivietnam.com\/#\/schema\/person\/image\/"},"sameAs":["https:\/\/omanivietnam.com"]}]}},"_links":{"self":[{"href":"https:\/\/omanivietnam.com\/index.php\/wp-json\/wp\/v2\/product\/4302","targetHints":{"allow":["GET"]}}],"collection":[{"href":"https:\/\/omanivietnam.com\/index.php\/wp-json\/wp\/v2\/product"}],"about":[{"href":"https:\/\/omanivietnam.com\/index.php\/wp-json\/wp\/v2\/types\/product"}],"replies":[{"embeddable":true,"href":"https:\/\/omanivietnam.com\/index.php\/wp-json\/wp\/v2\/comments?post=4302"}],"wp:featuredmedia":[{"embeddable":true,"href":"https:\/\/omanivietnam.com\/index.php\/wp-json\/wp\/v2\/media\/4303"}],"wp:attachment":[{"href":"https:\/\/omanivietnam.com\/index.php\/wp-json\/wp\/v2\/media?parent=4302"}],"wp:term":[{"taxonomy":"product_cat","embeddable":true,"href":"https:\/\/omanivietnam.com\/index.php\/wp-json\/wp\/v2\/product_cat?post=4302"},{"taxonomy":"product_tag","embeddable":true,"href":"https:\/\/omanivietnam.com\/index.php\/wp-json\/wp\/v2\/product_tag?post=4302"}],"curies":[{"name":"wp","href":"https:\/\/api.w.org\/{rel}","templated":true}]}}