{"id":4306,"date":"2025-08-18T21:33:10","date_gmt":"2025-08-18T14:33:10","guid":{"rendered":"https:\/\/omanivietnam.com\/?post_type=product&#038;p=4306"},"modified":"2025-08-18T21:33:48","modified_gmt":"2025-08-18T14:33:48","slug":"nordson-1052936","status":"publish","type":"product","link":"https:\/\/omanivietnam.com\/index.php\/san-pham\/nordson-1052936\/","title":{"rendered":"NORDSON 1052936"},"content":{"rendered":"<p>NORDSON 1052936<\/p>\n<p>NORDSON 306957<\/p>\n<p>NORDSON 1053894<\/p>\n<p>NORDSON 1052925<\/p>\n<h2>S\u00fang phun keo t\u1ef1 l\u00e0m s\u1ea1ch Nordson SureBead<\/h2>\n<ul>\n<li>Gi\u1ea3m thi\u1ec3u chi ph\u00ed b\u1ea3o tr\u00ec<\/li>\n<li>Gi\u1ea3m thi\u1ec3u th\u1eddi gian ng\u1eebng ho\u1ea1t \u0111\u1ed9ng c\u1ee7a m\u00e1y<\/li>\n<li>Gi\u1ea3m thi\u1ec3u chi ph\u00ed thay th\u1ebf<\/li>\n<li>\u0110\u00e3 t\u00edch h\u1ee3p s\u1eb5n kim v\u00e0 \u1ed5 t\u1ef1a (\u0111\u1ebf)<\/li>\n<li>Thi\u1ebft k\u1ebf v\u00f2i phun gi\u1ea3m khoang gi\u00fap v\u1eadn h\u00e0nh h\u1ea7u nh\u01b0 kh\u00f4ng b\u1ecb t\u1eafc ngh\u1ebdn<\/li>\n<li>Ng\u01b0\u1eddi v\u1eadn h\u00e0nh \u00edt ti\u1ebfp x\u00fac v\u1edbi b\u1ec1 m\u1eb7t n\u00f3ng, c\u1ea3i thi\u1ec7n t\u00ednh an to\u00e0n<\/li>\n<\/ul>\n<ul>\n<li>1054951 module blank, 1052928 SureBead S<\/li>\n<li>1515246 SureBead S, 1052929 SureBead S, 1052931 SureBead S<\/li>\n<li>1052932 SureBead S, 1056127 SureBead S, 1056128 SureBead S, 1513577 SureBead S<\/li>\n<\/ul>\n<h3><span id=\"Mo_dun_phun_keo_Nordson_PN_SureBead_A\" class=\"ez-toc-section\"><\/span>M\u00f4 \u0111un phun keo Nordson P\/N SureBead A<\/h3>\n<ul>\n<li>1086831 SureBead A, 1052934 SureBead A, 1515247 SureBead A<\/li>\n<li>1052935 SureBead A, 1052936 SureBead A, 1052937 SureBead A<\/li>\n<li>1056129 SureBead A, 1056130 SureBead A, 1513578 SureBead A<\/li>\n<\/ul>\n<ul>\n<li>\u0110\u1ea7u phun Soliblue c\u1ee7a h\u1ec7 th\u1ed1ng ph\u00e2n ph\u1ed1i keo d\u00e1n c\u00f3 t\u00ednh n\u0103ng l\u1eafp mo\u0111un EASYON<\/li>\n<li>S\u00fang v\u00e0 m\u00f4 \u0111un Solid Blue c\u00f3 tu\u1ed5i th\u1ecd g\u1ea5p \u0111\u00f4i so v\u1edbi c\u00e1c lo\u1ea1i s\u00fang kh\u00e1c, gi\u00fap gi\u1ea3m chi ph\u00ed thay th\u1ebf module<\/li>\n<li>P\/N 1057397 (solidBlue S 2 module), 1057398 (solidBlue S 2 module) , 1057399 (solidBlue S 2 module) , 1057400 (solidBlue S 2 module), 1057403 (solidBlue S 2 module)<\/li>\n<li>PN 1057404 (solidBlue S 4 module), 1057405 (solidBlue S 4 module), 1057406 (solidBlue S 4 module), 1057407(solidBlue S 4 module) , 1057408 (solidBlue S 4 module), 1057409 (solidBlue S 4 module), 1057410 (solidBlue S 4 module), 1057411 (solidBlue S 6 module)<\/li>\n<li>Modun s\u00fang phun keo thay th\u1ebf : Module blank P\/N 1054951m,\u00a0<strong>SolidBlue S module P\/N 1052925, SolidBlue A module P\/N 1052927<\/strong><\/li>\n<\/ul>\n<h2>Module m\u00e1y keo nhi\u1ec7tSureBead A<\/h2>\n<p>P\/N 1057394 (solidBlue A 2 module, 1057395 (solidBlue A 4 module), 1057396 (solidBlue A 4 module)<\/p>\n<p>Ph\u1ee5 t\u00f9ng s\u00fang b\u1eafn keo ch\u00ednh h\u00e3ng, \u0111\u1ea7y \u0111\u1ee7 cho t\u1eebng lo\u1ea1i m\u00e1y Nordson<\/p>\n","protected":false},"excerpt":{"rendered":"<p>NORDSON 1052936 NORDSON 306957 NORDSON 1053894 NORDSON 1052925 S\u00fang phun keo t\u1ef1 l\u00e0m s\u1ea1ch Nordson SureBead Gi\u1ea3m thi\u1ec3u chi ph\u00ed b\u1ea3o tr\u00ec Gi\u1ea3m thi\u1ec3u th\u1eddi gian ng\u1eebng ho\u1ea1t \u0111\u1ed9ng c\u1ee7a m\u00e1y Gi\u1ea3m thi\u1ec3u chi ph\u00ed thay th\u1ebf \u0110\u00e3 t\u00edch h\u1ee3p s\u1eb5n kim v\u00e0 \u1ed5 t\u1ef1a (\u0111\u1ebf) Thi\u1ebft k\u1ebf v\u00f2i phun&hellip; <\/p>\n","protected":false},"featured_media":4307,"comment_status":"open","ping_status":"closed","template":"","meta":[],"product_cat":[296],"product_tag":[280,159,279],"class_list":{"0":"post-4306","1":"product","2":"type-product","3":"status-publish","4":"has-post-thumbnail","6":"product_cat-nordson","7":"product_tag-dai-ly-nordson-viet-nam","8":"product_tag-mo-dun","9":"product_tag-nordson-viet-nam","11":"first","12":"instock","13":"shipping-taxable","14":"product-type-simple"},"yoast_head":"<!-- This site is optimized with the Yoast SEO plugin v22.8 - https:\/\/yoast.com\/wordpress\/plugins\/seo\/ -->\n<title>NORDSON 1052936 - OMANI VI\u1ec6T NAM<\/title>\n<meta name=\"description\" content=\"NORDSON 1052936 Module\" \/>\n<meta name=\"robots\" content=\"index, follow, max-snippet:-1, max-image-preview:large, max-video-preview:-1\" \/>\n<link rel=\"canonical\" href=\"https:\/\/omanivietnam.com\/index.php\/san-pham\/nordson-1052936\/\" \/>\n<meta property=\"og:locale\" content=\"vi_VN\" \/>\n<meta property=\"og:type\" content=\"article\" \/>\n<meta property=\"og:title\" content=\"NORDSON 1052936 - OMANI VI\u1ec6T NAM\" \/>\n<meta property=\"og:description\" content=\"NORDSON 1052936 Module\" \/>\n<meta property=\"og:url\" content=\"https:\/\/omanivietnam.com\/index.php\/san-pham\/nordson-1052936\/\" \/>\n<meta property=\"og:site_name\" content=\"OMANI VI\u1ec6T NAM\" \/>\n<meta property=\"article:modified_time\" content=\"2025-08-18T14:33:48+00:00\" \/>\n<meta property=\"og:image\" content=\"https:\/\/omanivietnam.com\/wp-content\/uploads\/2025\/08\/1052936.png\" \/>\n\t<meta property=\"og:image:width\" content=\"558\" \/>\n\t<meta property=\"og:image:height\" content=\"575\" \/>\n\t<meta property=\"og:image:type\" content=\"image\/png\" \/>\n<meta name=\"twitter:card\" content=\"summary_large_image\" \/>\n<meta name=\"twitter:label1\" content=\"\u01af\u1edbc t\u00ednh th\u1eddi gian \u0111\u1ecdc\" \/>\n\t<meta name=\"twitter:data1\" content=\"2 ph\u00fat\" \/>\n<script type=\"application\/ld+json\" class=\"yoast-schema-graph\">{\"@context\":\"https:\/\/schema.org\",\"@graph\":[{\"@type\":\"WebPage\",\"@id\":\"https:\/\/omanivietnam.com\/index.php\/san-pham\/nordson-1052936\/\",\"url\":\"https:\/\/omanivietnam.com\/index.php\/san-pham\/nordson-1052936\/\",\"name\":\"NORDSON 1052936 - OMANI VI\u1ec6T NAM\",\"isPartOf\":{\"@id\":\"https:\/\/omanivietnam.com\/#website\"},\"primaryImageOfPage\":{\"@id\":\"https:\/\/omanivietnam.com\/index.php\/san-pham\/nordson-1052936\/#primaryimage\"},\"image\":{\"@id\":\"https:\/\/omanivietnam.com\/index.php\/san-pham\/nordson-1052936\/#primaryimage\"},\"thumbnailUrl\":\"https:\/\/omanivietnam.com\/wp-content\/uploads\/2025\/08\/1052936.png\",\"datePublished\":\"2025-08-18T14:33:10+00:00\",\"dateModified\":\"2025-08-18T14:33:48+00:00\",\"description\":\"NORDSON 1052936 Module\",\"breadcrumb\":{\"@id\":\"https:\/\/omanivietnam.com\/index.php\/san-pham\/nordson-1052936\/#breadcrumb\"},\"inLanguage\":\"vi\",\"potentialAction\":[{\"@type\":\"ReadAction\",\"target\":[\"https:\/\/omanivietnam.com\/index.php\/san-pham\/nordson-1052936\/\"]}]},{\"@type\":\"ImageObject\",\"inLanguage\":\"vi\",\"@id\":\"https:\/\/omanivietnam.com\/index.php\/san-pham\/nordson-1052936\/#primaryimage\",\"url\":\"https:\/\/omanivietnam.com\/wp-content\/uploads\/2025\/08\/1052936.png\",\"contentUrl\":\"https:\/\/omanivietnam.com\/wp-content\/uploads\/2025\/08\/1052936.png\",\"width\":558,\"height\":575},{\"@type\":\"BreadcrumbList\",\"@id\":\"https:\/\/omanivietnam.com\/index.php\/san-pham\/nordson-1052936\/#breadcrumb\",\"itemListElement\":[{\"@type\":\"ListItem\",\"position\":1,\"name\":\"Home\",\"item\":\"https:\/\/omanivietnam.com\/\"},{\"@type\":\"ListItem\",\"position\":2,\"name\":\"S\u1ea2N PH\u1ea8M\",\"item\":\"https:\/\/omanivietnam.com\/index.php\/cua-hang\/\"},{\"@type\":\"ListItem\",\"position\":3,\"name\":\"NORDSON 1052936\"}]},{\"@type\":\"WebSite\",\"@id\":\"https:\/\/omanivietnam.com\/#website\",\"url\":\"https:\/\/omanivietnam.com\/\",\"name\":\"OMANI VI\u1ec6T NAM\",\"description\":\"Nh\u00e0 ph\u00e2n ph\u1ed1i thi\u1ebft b\u1ecb kh\u00ed n\u00e9n v\u00e0 thi\u1ebft b\u1ecb t\u1ef1 \u0111\u1ed9ng h\u00f3a trong c\u00f4ng nghi\u1ec7p\",\"publisher\":{\"@id\":\"https:\/\/omanivietnam.com\/#\/schema\/person\/0ad398a980dc3fd696111c2c5c8fa897\"},\"potentialAction\":[{\"@type\":\"SearchAction\",\"target\":{\"@type\":\"EntryPoint\",\"urlTemplate\":\"https:\/\/omanivietnam.com\/?s={search_term_string}\"},\"query-input\":\"required name=search_term_string\"}],\"inLanguage\":\"vi\"},{\"@type\":[\"Person\",\"Organization\"],\"@id\":\"https:\/\/omanivietnam.com\/#\/schema\/person\/0ad398a980dc3fd696111c2c5c8fa897\",\"name\":\"Nguy\u1ec5n V\u0103n Kh\u00e1nh\",\"image\":{\"@type\":\"ImageObject\",\"inLanguage\":\"vi\",\"@id\":\"https:\/\/omanivietnam.com\/#\/schema\/person\/image\/\",\"url\":\"https:\/\/omanivietnam.com\/wp-content\/uploads\/2024\/06\/logo-1024x1024.png\",\"contentUrl\":\"https:\/\/omanivietnam.com\/wp-content\/uploads\/2024\/06\/logo-1024x1024.png\",\"width\":1024,\"height\":1024,\"caption\":\"Nguy\u1ec5n V\u0103n Kh\u00e1nh\"},\"logo\":{\"@id\":\"https:\/\/omanivietnam.com\/#\/schema\/person\/image\/\"},\"sameAs\":[\"https:\/\/omanivietnam.com\"]}]}<\/script>\n<!-- \/ Yoast SEO plugin. -->","yoast_head_json":{"title":"NORDSON 1052936 - OMANI VI\u1ec6T NAM","description":"NORDSON 1052936 Module","robots":{"index":"index","follow":"follow","max-snippet":"max-snippet:-1","max-image-preview":"max-image-preview:large","max-video-preview":"max-video-preview:-1"},"canonical":"https:\/\/omanivietnam.com\/index.php\/san-pham\/nordson-1052936\/","og_locale":"vi_VN","og_type":"article","og_title":"NORDSON 1052936 - OMANI VI\u1ec6T NAM","og_description":"NORDSON 1052936 Module","og_url":"https:\/\/omanivietnam.com\/index.php\/san-pham\/nordson-1052936\/","og_site_name":"OMANI VI\u1ec6T NAM","article_modified_time":"2025-08-18T14:33:48+00:00","og_image":[{"width":558,"height":575,"url":"https:\/\/omanivietnam.com\/wp-content\/uploads\/2025\/08\/1052936.png","type":"image\/png"}],"twitter_card":"summary_large_image","twitter_misc":{"\u01af\u1edbc t\u00ednh th\u1eddi gian \u0111\u1ecdc":"2 ph\u00fat"},"schema":{"@context":"https:\/\/schema.org","@graph":[{"@type":"WebPage","@id":"https:\/\/omanivietnam.com\/index.php\/san-pham\/nordson-1052936\/","url":"https:\/\/omanivietnam.com\/index.php\/san-pham\/nordson-1052936\/","name":"NORDSON 1052936 - OMANI VI\u1ec6T NAM","isPartOf":{"@id":"https:\/\/omanivietnam.com\/#website"},"primaryImageOfPage":{"@id":"https:\/\/omanivietnam.com\/index.php\/san-pham\/nordson-1052936\/#primaryimage"},"image":{"@id":"https:\/\/omanivietnam.com\/index.php\/san-pham\/nordson-1052936\/#primaryimage"},"thumbnailUrl":"https:\/\/omanivietnam.com\/wp-content\/uploads\/2025\/08\/1052936.png","datePublished":"2025-08-18T14:33:10+00:00","dateModified":"2025-08-18T14:33:48+00:00","description":"NORDSON 1052936 Module","breadcrumb":{"@id":"https:\/\/omanivietnam.com\/index.php\/san-pham\/nordson-1052936\/#breadcrumb"},"inLanguage":"vi","potentialAction":[{"@type":"ReadAction","target":["https:\/\/omanivietnam.com\/index.php\/san-pham\/nordson-1052936\/"]}]},{"@type":"ImageObject","inLanguage":"vi","@id":"https:\/\/omanivietnam.com\/index.php\/san-pham\/nordson-1052936\/#primaryimage","url":"https:\/\/omanivietnam.com\/wp-content\/uploads\/2025\/08\/1052936.png","contentUrl":"https:\/\/omanivietnam.com\/wp-content\/uploads\/2025\/08\/1052936.png","width":558,"height":575},{"@type":"BreadcrumbList","@id":"https:\/\/omanivietnam.com\/index.php\/san-pham\/nordson-1052936\/#breadcrumb","itemListElement":[{"@type":"ListItem","position":1,"name":"Home","item":"https:\/\/omanivietnam.com\/"},{"@type":"ListItem","position":2,"name":"S\u1ea2N PH\u1ea8M","item":"https:\/\/omanivietnam.com\/index.php\/cua-hang\/"},{"@type":"ListItem","position":3,"name":"NORDSON 1052936"}]},{"@type":"WebSite","@id":"https:\/\/omanivietnam.com\/#website","url":"https:\/\/omanivietnam.com\/","name":"OMANI VI\u1ec6T NAM","description":"Nh\u00e0 ph\u00e2n ph\u1ed1i thi\u1ebft b\u1ecb kh\u00ed n\u00e9n v\u00e0 thi\u1ebft b\u1ecb t\u1ef1 \u0111\u1ed9ng h\u00f3a trong c\u00f4ng nghi\u1ec7p","publisher":{"@id":"https:\/\/omanivietnam.com\/#\/schema\/person\/0ad398a980dc3fd696111c2c5c8fa897"},"potentialAction":[{"@type":"SearchAction","target":{"@type":"EntryPoint","urlTemplate":"https:\/\/omanivietnam.com\/?s={search_term_string}"},"query-input":"required name=search_term_string"}],"inLanguage":"vi"},{"@type":["Person","Organization"],"@id":"https:\/\/omanivietnam.com\/#\/schema\/person\/0ad398a980dc3fd696111c2c5c8fa897","name":"Nguy\u1ec5n V\u0103n Kh\u00e1nh","image":{"@type":"ImageObject","inLanguage":"vi","@id":"https:\/\/omanivietnam.com\/#\/schema\/person\/image\/","url":"https:\/\/omanivietnam.com\/wp-content\/uploads\/2024\/06\/logo-1024x1024.png","contentUrl":"https:\/\/omanivietnam.com\/wp-content\/uploads\/2024\/06\/logo-1024x1024.png","width":1024,"height":1024,"caption":"Nguy\u1ec5n V\u0103n Kh\u00e1nh"},"logo":{"@id":"https:\/\/omanivietnam.com\/#\/schema\/person\/image\/"},"sameAs":["https:\/\/omanivietnam.com"]}]}},"_links":{"self":[{"href":"https:\/\/omanivietnam.com\/index.php\/wp-json\/wp\/v2\/product\/4306","targetHints":{"allow":["GET"]}}],"collection":[{"href":"https:\/\/omanivietnam.com\/index.php\/wp-json\/wp\/v2\/product"}],"about":[{"href":"https:\/\/omanivietnam.com\/index.php\/wp-json\/wp\/v2\/types\/product"}],"replies":[{"embeddable":true,"href":"https:\/\/omanivietnam.com\/index.php\/wp-json\/wp\/v2\/comments?post=4306"}],"wp:featuredmedia":[{"embeddable":true,"href":"https:\/\/omanivietnam.com\/index.php\/wp-json\/wp\/v2\/media\/4307"}],"wp:attachment":[{"href":"https:\/\/omanivietnam.com\/index.php\/wp-json\/wp\/v2\/media?parent=4306"}],"wp:term":[{"taxonomy":"product_cat","embeddable":true,"href":"https:\/\/omanivietnam.com\/index.php\/wp-json\/wp\/v2\/product_cat?post=4306"},{"taxonomy":"product_tag","embeddable":true,"href":"https:\/\/omanivietnam.com\/index.php\/wp-json\/wp\/v2\/product_tag?post=4306"}],"curies":[{"name":"wp","href":"https:\/\/api.w.org\/{rel}","templated":true}]}}