{"id":4315,"date":"2025-08-20T14:33:38","date_gmt":"2025-08-20T07:33:38","guid":{"rendered":"https:\/\/omanivietnam.com\/?post_type=product&#038;p=4315"},"modified":"2025-08-20T15:23:39","modified_gmt":"2025-08-20T08:23:39","slug":"airtec-mf-24-533-hn-dc24v","status":"publish","type":"product","link":"https:\/\/omanivietnam.com\/index.php\/san-pham\/airtec-mf-24-533-hn-dc24v\/","title":{"rendered":"AIRTEC MF-24-533-HN DC24V"},"content":{"rendered":"<p>AIRTEC MF-24-533-HN DC24V<\/p>\n<div class=\"question d-flex justify-content-space-between\">\n<h2 class=\"title text-left text-bold mt-3 mb-3\">Product Information<\/h2>\n<div class=\"arrow flex justify-content-end align-items-center\"><\/div>\n<\/div>\n<div class=\"drawer mx-0\">\n<div class=\"drawer__content\">\n<div class=\"product-information\">\n<h3>Description:<\/h3>\n<ul>\n<li class=\"flex\">\n<div><\/div>\n<p>MF-24-533-HN<\/li>\n<li class=\"flex\">\n<div><\/div>\n<p>DOUBLE SOLENOID VALVE<\/li>\n<li class=\"flex\">\n<div><\/div>\n<p>5\/3 WAY<\/li>\n<li class=\"flex\">\n<div><\/div>\n<p>WITH 1\/8 PORTS<\/li>\n<li class=\"flex\">\n<div><\/div>\n<p>FOR RE 04 SUB-BASE MOUNTING<\/li>\n<li class=\"flex\">\n<div><\/div>\n<p>(24 VDC)<\/li>\n<\/ul>\n<\/div>\n<\/div>\n<\/div>\n<p>KN-05-510-HN<br \/>\nM-20-510-HN<br \/>\nMC-20-510-HN<br \/>\nM-04-510-HN<br \/>\nMN-06-510-HN<br \/>\nM-07-310-HN<br \/>\nM-07-510-HN<br \/>\nKN-05-310-HN-142<br \/>\nKN-05-310-HN<br \/>\nKN-05-311-HN<br \/>\nKN-05-510-HN-142<br \/>\nKN-05-511-HN<br \/>\nKN-05-520-HN<br \/>\nKN-05-530-HN<br \/>\nKN-05-533-HN<br \/>\nMC07-510-HN<br \/>\nMC-07-510-HN<br \/>\nMN-06-310-HN<br \/>\nMN-06-311-HN<br \/>\nMN-06-511-HN<br \/>\nMN-06-520-HN<br \/>\nMN-06-530-HN<br \/>\nHF-100<br \/>\nHF-200<br \/>\nHF-300<br \/>\nHF-450<br \/>\nHF-600<br \/>\nHF-1150<br \/>\nHF-1500<br \/>\n43-011-011-001<br \/>\n43-011-022-001<br \/>\n43-011-032-001<br \/>\n43-011-048-001<br \/>\n43-011-065-001<br \/>\n43-011-110-001<br \/>\n43-011- 160-001<br \/>\nMI-4\/20<br \/>\nMI-4\/40<br \/>\nMI-6\/30<br \/>\nMI-6\/55<br \/>\nMI-8\/40<br \/>\nMN-06-510-HN-842<br \/>\nMN-06-310-HN-142<br \/>\nMN-06-530-HN\/24V<br \/>\n5\/2 M05510<br \/>\n5\/3 M07533<br \/>\n5\/2 M07511<br \/>\nHR-18-530<br \/>\nM-07-311-HN-XXX-ATEX<br \/>\nPI-01-510<br \/>\nMI-01-520-HM<br \/>\nArtE5024DC<br \/>\nKM-09 510-HN<br \/>\nKF-26-533-HN 24V<br \/>\nMF-07-530-HNX<br \/>\nMC-07-510-HN 24VDC<br \/>\nMI-01-510-HN<br \/>\nMI-02-510-HN-112<br \/>\nMN-06-310-HN\uff0c24VDC<br \/>\nMN-06-051-HN<br \/>\nMN-06-310 HN+SP011<br \/>\nME-05-311-HN<br \/>\nME-05-520-HN<br \/>\nKM-09-534-HN<br \/>\nM-07-311-HN<br \/>\nHR-14-520<br \/>\nM-04-320-HN<br \/>\nKN-05-310-HN 230AC<br \/>\n28-ST-RE-115-8 19<br \/>\n28-ST-RE-115-16 19<br \/>\n28-ST-RE-117-8 19<br \/>\n28-ST-RE-117-16 19<br \/>\n54-RE-03-M<br \/>\nMF-04-510-HN-412<br \/>\nMF-24-520-HN-412<br \/>\n23-SP-011-411<br \/>\n23-SP-011-412<br \/>\n23-SP-011-422<br \/>\n23-SP-011-426<br \/>\n23-SP-012-431<br \/>\n23-SP-012-432<br \/>\n23-SP-011-1-711<br \/>\n23-SP-011-1-712<\/p>\n<p>\u0110\u1ea1i l\u00fd AIRTEC vietnam, AIRTEC viet nam, AIRTEC vietnam distributor, Ph\u00e2n ph\u1ed1i AIRTEC t\u1ea1i vi\u1ec7t nam<\/p>\n<p>\u0110\u1ea1i l\u00fd AIRTEC vietnam, AIRTEC viet nam, AIRTEC vietnam distributor, Ph\u00e2n ph\u1ed1i AIRTEC t\u1ea1i vi\u1ec7t nam<\/p>\n<p>\u0110\u1ea1i l\u00fd AIRTEC vietnam, AIRTEC viet nam, AIRTEC vietnam distributor, Ph\u00e2n ph\u1ed1i AIRTEC t\u1ea1i vi\u1ec7t<\/p>\n","protected":false},"excerpt":{"rendered":"<p>AIRTEC MF-24-533-HN DC24V Product Information Description: MF-24-533-HN DOUBLE SOLENOID VALVE 5\/3 WAY WITH 1\/8 PORTS FOR RE 04 SUB-BASE MOUNTING (24 VDC) KN-05-510-HN M-20-510-HN MC-20-510-HN M-04-510-HN MN-06-510-HN M-07-310-HN M-07-510-HN KN-05-310-HN-142 KN-05-310-HN KN-05-311-HN KN-05-510-HN-142 KN-05-511-HN KN-05-520-HN KN-05-530-HN KN-05-533-HN MC07-510-HN MC-07-510-HN MN-06-310-HN MN-06-311-HN MN-06-511-HN MN-06-520-HN MN-06-530-HN HF-100 HF-200 HF-300 HF-450 HF-600 HF-1150&hellip; <\/p>\n","protected":false},"featured_media":4316,"comment_status":"open","ping_status":"closed","template":"","meta":[],"product_cat":[421],"product_tag":[205,206,690],"class_list":{"0":"post-4315","1":"product","2":"type-product","3":"status-publish","4":"has-post-thumbnail","6":"product_cat-airtec","7":"product_tag-airtec-viet-nam","8":"product_tag-dai-ly-airtec-viet-nam","9":"product_tag-van-dien-tu","11":"first","12":"instock","13":"shipping-taxable","14":"product-type-simple"},"yoast_head":"<!-- This site is optimized with the Yoast SEO plugin v22.8 - https:\/\/yoast.com\/wordpress\/plugins\/seo\/ -->\n<title>AIRTEC MF-24-533-HN DC24V - OMANI VI\u1ec6T NAM<\/title>\n<meta name=\"description\" content=\"AIRTEC MF-24-533-HN DC24V Solenoid Valve\" \/>\n<meta name=\"robots\" content=\"index, follow, max-snippet:-1, max-image-preview:large, max-video-preview:-1\" \/>\n<link rel=\"canonical\" href=\"https:\/\/omanivietnam.com\/index.php\/san-pham\/airtec-mf-24-533-hn-dc24v\/\" \/>\n<meta property=\"og:locale\" content=\"vi_VN\" \/>\n<meta property=\"og:type\" content=\"article\" \/>\n<meta property=\"og:title\" content=\"AIRTEC MF-24-533-HN DC24V - OMANI VI\u1ec6T NAM\" \/>\n<meta property=\"og:description\" content=\"AIRTEC MF-24-533-HN DC24V Solenoid Valve\" \/>\n<meta property=\"og:url\" content=\"https:\/\/omanivietnam.com\/index.php\/san-pham\/airtec-mf-24-533-hn-dc24v\/\" \/>\n<meta property=\"og:site_name\" content=\"OMANI VI\u1ec6T NAM\" \/>\n<meta property=\"article:modified_time\" content=\"2025-08-20T08:23:39+00:00\" \/>\n<meta property=\"og:image\" content=\"https:\/\/omanivietnam.com\/wp-content\/uploads\/2025\/08\/MF-24-533-HN-DC24V.png\" \/>\n\t<meta property=\"og:image:width\" content=\"732\" \/>\n\t<meta property=\"og:image:height\" content=\"801\" \/>\n\t<meta property=\"og:image:type\" content=\"image\/png\" \/>\n<meta name=\"twitter:card\" content=\"summary_large_image\" \/>\n<meta name=\"twitter:label1\" content=\"\u01af\u1edbc t\u00ednh th\u1eddi gian \u0111\u1ecdc\" \/>\n\t<meta name=\"twitter:data1\" content=\"2 ph\u00fat\" \/>\n<script type=\"application\/ld+json\" class=\"yoast-schema-graph\">{\"@context\":\"https:\/\/schema.org\",\"@graph\":[{\"@type\":\"WebPage\",\"@id\":\"https:\/\/omanivietnam.com\/index.php\/san-pham\/airtec-mf-24-533-hn-dc24v\/\",\"url\":\"https:\/\/omanivietnam.com\/index.php\/san-pham\/airtec-mf-24-533-hn-dc24v\/\",\"name\":\"AIRTEC MF-24-533-HN DC24V - OMANI VI\u1ec6T NAM\",\"isPartOf\":{\"@id\":\"https:\/\/omanivietnam.com\/#website\"},\"primaryImageOfPage\":{\"@id\":\"https:\/\/omanivietnam.com\/index.php\/san-pham\/airtec-mf-24-533-hn-dc24v\/#primaryimage\"},\"image\":{\"@id\":\"https:\/\/omanivietnam.com\/index.php\/san-pham\/airtec-mf-24-533-hn-dc24v\/#primaryimage\"},\"thumbnailUrl\":\"https:\/\/omanivietnam.com\/wp-content\/uploads\/2025\/08\/MF-24-533-HN-DC24V.png\",\"datePublished\":\"2025-08-20T07:33:38+00:00\",\"dateModified\":\"2025-08-20T08:23:39+00:00\",\"description\":\"AIRTEC MF-24-533-HN DC24V Solenoid Valve\",\"breadcrumb\":{\"@id\":\"https:\/\/omanivietnam.com\/index.php\/san-pham\/airtec-mf-24-533-hn-dc24v\/#breadcrumb\"},\"inLanguage\":\"vi\",\"potentialAction\":[{\"@type\":\"ReadAction\",\"target\":[\"https:\/\/omanivietnam.com\/index.php\/san-pham\/airtec-mf-24-533-hn-dc24v\/\"]}]},{\"@type\":\"ImageObject\",\"inLanguage\":\"vi\",\"@id\":\"https:\/\/omanivietnam.com\/index.php\/san-pham\/airtec-mf-24-533-hn-dc24v\/#primaryimage\",\"url\":\"https:\/\/omanivietnam.com\/wp-content\/uploads\/2025\/08\/MF-24-533-HN-DC24V.png\",\"contentUrl\":\"https:\/\/omanivietnam.com\/wp-content\/uploads\/2025\/08\/MF-24-533-HN-DC24V.png\",\"width\":732,\"height\":801},{\"@type\":\"BreadcrumbList\",\"@id\":\"https:\/\/omanivietnam.com\/index.php\/san-pham\/airtec-mf-24-533-hn-dc24v\/#breadcrumb\",\"itemListElement\":[{\"@type\":\"ListItem\",\"position\":1,\"name\":\"Home\",\"item\":\"https:\/\/omanivietnam.com\/\"},{\"@type\":\"ListItem\",\"position\":2,\"name\":\"S\u1ea2N PH\u1ea8M\",\"item\":\"https:\/\/omanivietnam.com\/index.php\/cua-hang\/\"},{\"@type\":\"ListItem\",\"position\":3,\"name\":\"AIRTEC MF-24-533-HN DC24V\"}]},{\"@type\":\"WebSite\",\"@id\":\"https:\/\/omanivietnam.com\/#website\",\"url\":\"https:\/\/omanivietnam.com\/\",\"name\":\"OMANI VI\u1ec6T NAM\",\"description\":\"Nh\u00e0 ph\u00e2n ph\u1ed1i thi\u1ebft b\u1ecb kh\u00ed n\u00e9n v\u00e0 thi\u1ebft b\u1ecb t\u1ef1 \u0111\u1ed9ng h\u00f3a trong c\u00f4ng nghi\u1ec7p\",\"publisher\":{\"@id\":\"https:\/\/omanivietnam.com\/#\/schema\/person\/0ad398a980dc3fd696111c2c5c8fa897\"},\"potentialAction\":[{\"@type\":\"SearchAction\",\"target\":{\"@type\":\"EntryPoint\",\"urlTemplate\":\"https:\/\/omanivietnam.com\/?s={search_term_string}\"},\"query-input\":\"required name=search_term_string\"}],\"inLanguage\":\"vi\"},{\"@type\":[\"Person\",\"Organization\"],\"@id\":\"https:\/\/omanivietnam.com\/#\/schema\/person\/0ad398a980dc3fd696111c2c5c8fa897\",\"name\":\"Nguy\u1ec5n V\u0103n Kh\u00e1nh\",\"image\":{\"@type\":\"ImageObject\",\"inLanguage\":\"vi\",\"@id\":\"https:\/\/omanivietnam.com\/#\/schema\/person\/image\/\",\"url\":\"https:\/\/omanivietnam.com\/wp-content\/uploads\/2024\/06\/logo-1024x1024.png\",\"contentUrl\":\"https:\/\/omanivietnam.com\/wp-content\/uploads\/2024\/06\/logo-1024x1024.png\",\"width\":1024,\"height\":1024,\"caption\":\"Nguy\u1ec5n V\u0103n Kh\u00e1nh\"},\"logo\":{\"@id\":\"https:\/\/omanivietnam.com\/#\/schema\/person\/image\/\"},\"sameAs\":[\"https:\/\/omanivietnam.com\"]}]}<\/script>\n<!-- \/ Yoast SEO plugin. -->","yoast_head_json":{"title":"AIRTEC MF-24-533-HN DC24V - OMANI VI\u1ec6T NAM","description":"AIRTEC MF-24-533-HN DC24V Solenoid Valve","robots":{"index":"index","follow":"follow","max-snippet":"max-snippet:-1","max-image-preview":"max-image-preview:large","max-video-preview":"max-video-preview:-1"},"canonical":"https:\/\/omanivietnam.com\/index.php\/san-pham\/airtec-mf-24-533-hn-dc24v\/","og_locale":"vi_VN","og_type":"article","og_title":"AIRTEC MF-24-533-HN DC24V - OMANI VI\u1ec6T NAM","og_description":"AIRTEC MF-24-533-HN DC24V Solenoid Valve","og_url":"https:\/\/omanivietnam.com\/index.php\/san-pham\/airtec-mf-24-533-hn-dc24v\/","og_site_name":"OMANI VI\u1ec6T NAM","article_modified_time":"2025-08-20T08:23:39+00:00","og_image":[{"width":732,"height":801,"url":"https:\/\/omanivietnam.com\/wp-content\/uploads\/2025\/08\/MF-24-533-HN-DC24V.png","type":"image\/png"}],"twitter_card":"summary_large_image","twitter_misc":{"\u01af\u1edbc t\u00ednh th\u1eddi gian \u0111\u1ecdc":"2 ph\u00fat"},"schema":{"@context":"https:\/\/schema.org","@graph":[{"@type":"WebPage","@id":"https:\/\/omanivietnam.com\/index.php\/san-pham\/airtec-mf-24-533-hn-dc24v\/","url":"https:\/\/omanivietnam.com\/index.php\/san-pham\/airtec-mf-24-533-hn-dc24v\/","name":"AIRTEC MF-24-533-HN DC24V - OMANI VI\u1ec6T NAM","isPartOf":{"@id":"https:\/\/omanivietnam.com\/#website"},"primaryImageOfPage":{"@id":"https:\/\/omanivietnam.com\/index.php\/san-pham\/airtec-mf-24-533-hn-dc24v\/#primaryimage"},"image":{"@id":"https:\/\/omanivietnam.com\/index.php\/san-pham\/airtec-mf-24-533-hn-dc24v\/#primaryimage"},"thumbnailUrl":"https:\/\/omanivietnam.com\/wp-content\/uploads\/2025\/08\/MF-24-533-HN-DC24V.png","datePublished":"2025-08-20T07:33:38+00:00","dateModified":"2025-08-20T08:23:39+00:00","description":"AIRTEC MF-24-533-HN DC24V Solenoid Valve","breadcrumb":{"@id":"https:\/\/omanivietnam.com\/index.php\/san-pham\/airtec-mf-24-533-hn-dc24v\/#breadcrumb"},"inLanguage":"vi","potentialAction":[{"@type":"ReadAction","target":["https:\/\/omanivietnam.com\/index.php\/san-pham\/airtec-mf-24-533-hn-dc24v\/"]}]},{"@type":"ImageObject","inLanguage":"vi","@id":"https:\/\/omanivietnam.com\/index.php\/san-pham\/airtec-mf-24-533-hn-dc24v\/#primaryimage","url":"https:\/\/omanivietnam.com\/wp-content\/uploads\/2025\/08\/MF-24-533-HN-DC24V.png","contentUrl":"https:\/\/omanivietnam.com\/wp-content\/uploads\/2025\/08\/MF-24-533-HN-DC24V.png","width":732,"height":801},{"@type":"BreadcrumbList","@id":"https:\/\/omanivietnam.com\/index.php\/san-pham\/airtec-mf-24-533-hn-dc24v\/#breadcrumb","itemListElement":[{"@type":"ListItem","position":1,"name":"Home","item":"https:\/\/omanivietnam.com\/"},{"@type":"ListItem","position":2,"name":"S\u1ea2N PH\u1ea8M","item":"https:\/\/omanivietnam.com\/index.php\/cua-hang\/"},{"@type":"ListItem","position":3,"name":"AIRTEC MF-24-533-HN DC24V"}]},{"@type":"WebSite","@id":"https:\/\/omanivietnam.com\/#website","url":"https:\/\/omanivietnam.com\/","name":"OMANI VI\u1ec6T NAM","description":"Nh\u00e0 ph\u00e2n ph\u1ed1i thi\u1ebft b\u1ecb kh\u00ed n\u00e9n v\u00e0 thi\u1ebft b\u1ecb t\u1ef1 \u0111\u1ed9ng h\u00f3a trong c\u00f4ng nghi\u1ec7p","publisher":{"@id":"https:\/\/omanivietnam.com\/#\/schema\/person\/0ad398a980dc3fd696111c2c5c8fa897"},"potentialAction":[{"@type":"SearchAction","target":{"@type":"EntryPoint","urlTemplate":"https:\/\/omanivietnam.com\/?s={search_term_string}"},"query-input":"required name=search_term_string"}],"inLanguage":"vi"},{"@type":["Person","Organization"],"@id":"https:\/\/omanivietnam.com\/#\/schema\/person\/0ad398a980dc3fd696111c2c5c8fa897","name":"Nguy\u1ec5n V\u0103n Kh\u00e1nh","image":{"@type":"ImageObject","inLanguage":"vi","@id":"https:\/\/omanivietnam.com\/#\/schema\/person\/image\/","url":"https:\/\/omanivietnam.com\/wp-content\/uploads\/2024\/06\/logo-1024x1024.png","contentUrl":"https:\/\/omanivietnam.com\/wp-content\/uploads\/2024\/06\/logo-1024x1024.png","width":1024,"height":1024,"caption":"Nguy\u1ec5n V\u0103n Kh\u00e1nh"},"logo":{"@id":"https:\/\/omanivietnam.com\/#\/schema\/person\/image\/"},"sameAs":["https:\/\/omanivietnam.com"]}]}},"_links":{"self":[{"href":"https:\/\/omanivietnam.com\/index.php\/wp-json\/wp\/v2\/product\/4315","targetHints":{"allow":["GET"]}}],"collection":[{"href":"https:\/\/omanivietnam.com\/index.php\/wp-json\/wp\/v2\/product"}],"about":[{"href":"https:\/\/omanivietnam.com\/index.php\/wp-json\/wp\/v2\/types\/product"}],"replies":[{"embeddable":true,"href":"https:\/\/omanivietnam.com\/index.php\/wp-json\/wp\/v2\/comments?post=4315"}],"wp:featuredmedia":[{"embeddable":true,"href":"https:\/\/omanivietnam.com\/index.php\/wp-json\/wp\/v2\/media\/4316"}],"wp:attachment":[{"href":"https:\/\/omanivietnam.com\/index.php\/wp-json\/wp\/v2\/media?parent=4315"}],"wp:term":[{"taxonomy":"product_cat","embeddable":true,"href":"https:\/\/omanivietnam.com\/index.php\/wp-json\/wp\/v2\/product_cat?post=4315"},{"taxonomy":"product_tag","embeddable":true,"href":"https:\/\/omanivietnam.com\/index.php\/wp-json\/wp\/v2\/product_tag?post=4315"}],"curies":[{"name":"wp","href":"https:\/\/api.w.org\/{rel}","templated":true}]}}