{"id":4336,"date":"2025-08-26T20:47:55","date_gmt":"2025-08-26T13:47:55","guid":{"rendered":"https:\/\/omanivietnam.com\/?post_type=product&#038;p=4336"},"modified":"2026-05-15T22:33:12","modified_gmt":"2026-05-15T15:33:12","slug":"knf-pm16642-814","status":"publish","type":"product","link":"https:\/\/omanivietnam.com\/index.php\/san-pham\/knf-pm16642-814\/","title":{"rendered":"KNF PM16642-814"},"content":{"rendered":"<p>KNF PM16642-814<\/p>\n<p>KNF N811KNE AC230V &#8211; BAXIT N811KNE AC230V<\/p>\n<h2 data-pm-slice=\"1 3 []\"><strong>Gi\u1edbi thi\u1ec7u<\/strong><\/h2>\n<p>B\u01a1m ch\u00e2n kh\u00f4ng\u00a0<strong>PM16642-814 Pump No. 2.10414335<\/strong>\u00a0\u0111\u1ebfn t\u1eeb th\u01b0\u01a1ng hi\u1ec7u\u00a0<strong>KNF <\/strong>\u00a0l\u00e0 gi\u1ea3i ph\u00e1p l\u00fd t\u01b0\u1edfng cho c\u00e1c \u1ee9ng d\u1ee5ng y\u00eau c\u1ea7u hi\u1ec7u su\u1ea5t cao v\u00e0 \u0111\u1ed9 b\u1ec1n t\u1ed1i \u01b0u. V\u1edbi thi\u1ebft k\u1ebf ti\u00ean ti\u1ebfn v\u00e0 ch\u1ea5t l\u01b0\u1ee3ng \u0111\u1ea1t ti\u00eau chu\u1ea9n \u0110\u1ee9c, s\u1ea3n ph\u1ea9m n\u00e0y \u0111\u1ea3m b\u1ea3o ho\u1ea1t \u0111\u1ed9ng \u1ed5n \u0111\u1ecbnh, ti\u1ebft ki\u1ec7m n\u0103ng l\u01b0\u1ee3ng v\u00e0 c\u00f3 tu\u1ed5i th\u1ecd l\u00e2u d\u00e0i.<\/p>\n<p>D\u00f2ng b\u01a1m n\u00e0y th\u00edch h\u1ee3p cho nhi\u1ec1u ng\u00e0nh c\u00f4ng nghi\u1ec7p kh\u00e1c nhau, \u0111\u1eb7c bi\u1ec7t l\u00e0 trong l\u0129nh v\u1ef1c y t\u1ebf, d\u01b0\u1ee3c ph\u1ea9m, h\u00f3a ch\u1ea5t v\u00e0 ph\u00f2ng th\u00ed nghi\u1ec7m. \u0110\u01b0\u1ee3c ch\u1ebf t\u1ea1o t\u1eeb c\u00e1c v\u1eadt li\u1ec7u ch\u1ea5t l\u01b0\u1ee3ng cao, PM16642-814 gi\u00fap gi\u1ea3m thi\u1ec3u hao m\u00f2n v\u00e0 t\u1ed1i \u01b0u h\u00f3a hi\u1ec7u su\u1ea5t v\u1eadn h\u00e0nh.<\/p>\n<h2><strong>Th\u00f4ng s\u1ed1 k\u1ef9 thu\u1eadt<\/strong><\/h2>\n<table>\n<tbody>\n<tr>\n<th>Th\u00f4ng tin<\/th>\n<th>Chi ti\u1ebft<\/th>\n<\/tr>\n<tr>\n<td><strong>Model<\/strong><\/td>\n<td>PM16642-814<\/td>\n<\/tr>\n<tr>\n<td><strong>M\u00e3 s\u1ed1 s\u1ea3n ph\u1ea9m<\/strong><\/td>\n<td>2.10414335<\/td>\n<\/tr>\n<tr>\n<td><strong>Xu\u1ea5t x\u1ee9<\/strong><\/td>\n<td>KNF<\/td>\n<\/tr>\n<tr>\n<td><strong>Lo\u1ea1i b\u01a1m<\/strong><\/td>\n<td>B\u01a1m ch\u00e2n kh\u00f4ng<\/td>\n<\/tr>\n<tr>\n<td><strong>\u1ee8ng d\u1ee5ng<\/strong><\/td>\n<td>Y t\u1ebf, h\u00f3a ch\u1ea5t, ph\u00f2ng th\u00ed nghi\u1ec7m, c\u00f4ng nghi\u1ec7p<\/td>\n<\/tr>\n<\/tbody>\n<\/table>\n<h2><strong>\u01afu \u0111i\u1ec3m\u00a0<\/strong><\/h2>\n<ul data-spread=\"false\">\n<li><strong>Thi\u1ebft k\u1ebf nh\u1ecf g\u1ecdn, ti\u1ebft ki\u1ec7m kh\u00f4ng gian<\/strong>\u00a0\u2013 D\u1ec5 d\u00e0ng l\u1eafp \u0111\u1eb7t trong nhi\u1ec1u h\u1ec7 th\u1ed1ng kh\u00e1c nhau.<\/li>\n<li><strong>Hi\u1ec7u su\u1ea5t cao, ti\u1ebft ki\u1ec7m n\u0103ng l\u01b0\u1ee3ng<\/strong>\u00a0\u2013 Gi\u00fap gi\u1ea3m thi\u1ec3u chi ph\u00ed v\u1eadn h\u00e0nh v\u00e0 b\u1ea3o tr\u00ec.<\/li>\n<li><strong>\u0110\u1ed9 b\u1ec1n cao<\/strong>\u00a0\u2013 S\u1eed d\u1ee5ng v\u1eadt li\u1ec7u ch\u1ea5t l\u01b0\u1ee3ng cao gi\u00fap t\u0103ng tu\u1ed5i th\u1ecd s\u1ea3n ph\u1ea9m.<\/li>\n<li><strong>Ho\u1ea1t \u0111\u1ed9ng \u00eam \u00e1i, \u00edt rung \u0111\u1ed9ng<\/strong>\u00a0\u2013 \u0110\u1ea3m b\u1ea3o hi\u1ec7u su\u1ea5t t\u1ed1i \u01b0u m\u00e0 kh\u00f4ng g\u00e2y ti\u1ebfng \u1ed3n l\u1edbn.<\/li>\n<li><strong>D\u1ec5 d\u00e0ng b\u1ea3o tr\u00ec v\u00e0 thay th\u1ebf linh ki\u1ec7n<\/strong>\u00a0\u2013 Gi\u00fap ti\u1ebft ki\u1ec7m th\u1eddi gian v\u00e0 c\u00f4ng s\u1ee9c trong qu\u00e1 tr\u00ecnh b\u1ea3o d\u01b0\u1ee1ng.<\/li>\n<\/ul>\n<h2><strong>\u1ee8ng d\u1ee5ng<\/strong><\/h2>\n<ul data-spread=\"false\">\n<li><strong>Ng\u00e0nh y t\u1ebf<\/strong>\u00a0\u2013 H\u1ed7 tr\u1ee3 trong c\u00e1c thi\u1ebft b\u1ecb y khoa v\u00e0 h\u1ec7 th\u1ed1ng h\u00fat ch\u00e2n kh\u00f4ng.<\/li>\n<li><strong>Ng\u00e0nh d\u01b0\u1ee3c ph\u1ea9m<\/strong>\u00a0\u2013 D\u00f9ng trong qu\u00e1 tr\u00ecnh s\u1ea3n xu\u1ea5t v\u00e0 nghi\u00ean c\u1ee9u d\u01b0\u1ee3c ph\u1ea9m.<\/li>\n<li><strong>Ng\u00e0nh h\u00f3a ch\u1ea5t<\/strong>\u00a0\u2013 H\u1ed7 tr\u1ee3 trong qu\u00e1 tr\u00ecnh x\u1eed l\u00fd h\u00f3a ch\u1ea5t an to\u00e0n v\u00e0 hi\u1ec7u qu\u1ea3.<\/li>\n<li><strong>Ph\u00f2ng th\u00ed nghi\u1ec7m<\/strong>\u00a0\u2013 S\u1eed d\u1ee5ng trong c\u00e1c h\u1ec7 th\u1ed1ng ph\u00e2n t\u00edch v\u00e0 nghi\u00ean c\u1ee9u khoa h\u1ecdc.<\/li>\n<li><strong>S\u1ea3n xu\u1ea5t c\u00f4ng nghi\u1ec7p<\/strong>\u00a0\u2013 \u1ee8ng d\u1ee5ng trong h\u1ec7 th\u1ed1ng s\u1ea3n xu\u1ea5t c\u1ea7n \u0111\u1ebfn b\u01a1m ch\u00e2n kh\u00f4ng.<\/li>\n<\/ul>\n<h2><strong>List s\u1ea3n ph\u1ea9m li\u00ean quan<\/strong><\/h2>\n<p>&nbsp;<\/p>\n<table data-pm-slice=\"3 3 []\">\n<tbody>\n<tr>\n<th><span style=\"font-family: Arial, Times New Roman, Bitstream Charter, Times, serif\"><span style=\"font-size: 15px;font-weight: 400\">Model<\/span><\/span><\/th>\n<th><span style=\"font-family: Arial, Times New Roman, Bitstream Charter, Times, serif\"><span style=\"font-size: 15px;font-weight: 400\">Th\u01b0\u01a1ng hi\u1ec7u<\/span><\/span><\/th>\n<th><span style=\"font-family: Arial, Times New Roman, Bitstream Charter, Times, serif\"><span style=\"font-size: 15px;font-weight: 400\">T\u00ean s\u1ea3n ph\u1ea9m<\/span><\/span><\/th>\n<\/tr>\n<tr>\n<td><span style=\"font-family: Arial, Times New Roman, Bitstream Charter, Times, serif\"><span style=\"font-size: 15px\">313515<\/span><\/span><\/td>\n<td><span style=\"font-family: Arial, Times New Roman, Bitstream Charter, Times, serif\"><span style=\"font-size: 15px\">KNF<\/span><\/span><\/td>\n<td><span style=\"font-family: Arial, Times New Roman, Bitstream Charter, Times, serif\"><span style=\"font-size: 15px\">SPARES-KIT N922FT<\/span><\/span><\/td>\n<\/tr>\n<tr>\n<td><span style=\"font-family: Arial, Times New Roman, Bitstream Charter, Times, serif\"><span style=\"font-size: 15px\">006669<\/span><\/span><\/td>\n<td><span style=\"font-family: Arial, Times New Roman, Bitstream Charter, Times, serif\"><span style=\"font-size: 15px\">KNF<\/span><\/span><\/td>\n<td><span style=\"font-family: Arial, Times New Roman, Bitstream Charter, Times, serif\"><span style=\"font-size: 15px\">FORMED DIAPHRAGM W\/ BULGE NEOP\/PTFE N726<\/span><\/span><\/td>\n<\/tr>\n<tr>\n<td><span style=\"font-family: Arial, Times New Roman, Bitstream Charter, Times, serif\"><span style=\"font-size: 15px\">008822<\/span><\/span><\/td>\n<td><span style=\"font-family: Arial, Times New Roman, Bitstream Charter, Times, serif\"><span style=\"font-size: 15px\">KNF<\/span><\/span><\/td>\n<td><span style=\"font-family: Arial, Times New Roman, Bitstream Charter, Times, serif\"><span style=\"font-size: 15px\">VALVE PLATE PTFE-PFA N726<\/span><\/span><\/td>\n<\/tr>\n<tr>\n<td><span style=\"font-family: Arial, Times New Roman, Bitstream Charter, Times, serif\"><span style=\"font-size: 15px\">046304\/043433<\/span><\/span><\/td>\n<td><span style=\"font-family: Arial, Times New Roman, Bitstream Charter, Times, serif\"><span style=\"font-size: 15px\">KNF<\/span><\/span><\/td>\n<td><span style=\"font-family: Arial, Times New Roman, Bitstream Charter, Times, serif\"><span style=\"font-size: 15px\">PUMP NMP09KPDC-L 6V<\/span><\/span><\/td>\n<\/tr>\n<tr>\n<td><span style=\"font-family: Arial, Times New Roman, Bitstream Charter, Times, serif\"><span style=\"font-size: 15px\">NMP830KPDC 24V<\/span><\/span><\/td>\n<td><span style=\"font-family: Arial, Times New Roman, Bitstream Charter, Times, serif\"><span style=\"font-size: 15px\">KNF<\/span><\/span><\/td>\n<td><span style=\"font-family: Arial, Times New Roman, Bitstream Charter, Times, serif\"><span style=\"font-size: 15px\">MICRO DIAPHRAGM GAS PUMPS<\/span><\/span><\/td>\n<\/tr>\n<tr>\n<td><span style=\"font-family: Arial, Times New Roman, Bitstream Charter, Times, serif\"><span style=\"font-size: 15px\">PM16642-814<\/span><\/span><\/td>\n<td><span style=\"font-family: Arial, Times New Roman, Bitstream Charter, Times, serif\"><span style=\"font-size: 15px\">KNF<\/span><\/span><\/td>\n<td><span style=\"font-family: Arial, Times New Roman, Bitstream Charter, Times, serif\"><span style=\"font-size: 15px\">Pump No. 2.10414335<\/span><\/span><\/td>\n<\/tr>\n<tr>\n<td><span style=\"font-family: Arial, Times New Roman, Bitstream Charter, Times, serif\"><span style=\"font-size: 15px\">NMP850KPDCBI4<\/span><\/span><\/td>\n<td><span style=\"font-family: Arial, Times New Roman, Bitstream Charter, Times, serif\"><span style=\"font-size: 15px\">KNF<\/span><\/span><\/td>\n<td><span style=\"font-family: Arial, Times New Roman, Bitstream Charter, Times, serif\"><span style=\"font-size: 15px\">PUMP<\/span><\/span><\/td>\n<\/tr>\n<tr>\n<td><span style=\"font-family: Arial, Times New Roman, Bitstream Charter, Times, serif\"><span style=\"font-size: 15px\">016638\/016528<\/span><\/span><\/td>\n<td><span style=\"font-family: Arial, Times New Roman, Bitstream Charter, Times, serif\"><span style=\"font-size: 15px\">KNF<\/span><\/span><\/td>\n<td><span style=\"font-family: Arial, Times New Roman, Bitstream Charter, Times, serif\"><span style=\"font-size: 15px\">PUMPE IP44-T 230V50HZ D N035AT.18 Ident.-No. 016638\/016528<\/span><\/span><\/td>\n<\/tr>\n<tr>\n<td><span style=\"font-family: Arial, Times New Roman, Bitstream Charter, Times, serif\"><span style=\"font-size: 15px\">052888\/047510<\/span><\/span><\/td>\n<td><span style=\"font-family: Arial, Times New Roman, Bitstream Charter, Times, serif\"><span style=\"font-size: 15px\">KNF<\/span><\/span><\/td>\n<td><span style=\"font-family: Arial, Times New Roman, Bitstream Charter, Times, serif\"><span style=\"font-size: 15px\">PUMP IP00 230V50HZ PM16642-814<\/span><\/span><\/td>\n<\/tr>\n<tr>\n<td><span style=\"font-family: Arial, Times New Roman, Bitstream Charter, Times, serif\"><span style=\"font-size: 15px\">331384\/344713<\/span><\/span><\/td>\n<td><span style=\"font-family: Arial, Times New Roman, Bitstream Charter, Times, serif\"><span style=\"font-size: 15px\">KNF<\/span><\/span><\/td>\n<td><span style=\"font-family: Arial, Times New Roman, Bitstream Charter, Times, serif\"><span style=\"font-size: 15px\">PUMP NMP850KPDC-BI4 10 \u2013 26V<\/span><\/span><\/td>\n<\/tr>\n<tr>\n<td><span style=\"font-family: Arial, Times New Roman, Bitstream Charter, Times, serif\"><span style=\"font-size: 15px\">312666\/312671<\/span><\/span><\/td>\n<td><span style=\"font-family: Arial, Times New Roman, Bitstream Charter, Times, serif\"><span style=\"font-size: 15px\">KNF<\/span><\/span><\/td>\n<td><span style=\"font-family: Arial, Times New Roman, Bitstream Charter, Times, serif\"><span style=\"font-size: 15px\">PUMP DC-B IP20 24V N816KNDC-B<\/span><\/span><\/td>\n<\/tr>\n<tr>\n<td><span style=\"font-family: Arial, Times New Roman, Bitstream Charter, Times, serif\"><span style=\"font-size: 15px\">312621\/312628<\/span><\/span><\/td>\n<td><span style=\"font-family: Arial, Times New Roman, Bitstream Charter, Times, serif\"><span style=\"font-size: 15px\">KNF<\/span><\/span><\/td>\n<td><span style=\"font-family: Arial, Times New Roman, Bitstream Charter, Times, serif\"><span style=\"font-size: 15px\">Pump IP00-T 230V50HZ N816KTE<\/span><\/span><\/td>\n<\/tr>\n<tr>\n<td><span style=\"font-family: Arial, Times New Roman, Bitstream Charter, Times, serif\"><span style=\"font-size: 15px\">309705\/111581<\/span><\/span><\/td>\n<td><span style=\"font-family: Arial, Times New Roman, Bitstream Charter, Times, serif\"><span style=\"font-size: 15px\">KNF<\/span><\/span><\/td>\n<td><span style=\"font-family: Arial, Times New Roman, Bitstream Charter, Times, serif\"><span style=\"font-size: 15px\">Pump IP00-T 230V50\/60HZ* N838KNE<\/span><\/span><\/td>\n<\/tr>\n<\/tbody>\n<\/table>\n<p data-start=\"2002\" data-end=\"2092\">D\u01b0\u1edbi \u0111\u00e2y l\u00e0 danh s\u00e1ch 15 model li\u00ean quan trong d\u00f2ng N811 d\u1ec5 d\u00e0ng l\u1ef1a ch\u1ecdn:<\/p>\n<ol data-start=\"2094\" data-end=\"2320\">\n<li data-start=\"2094\" data-end=\"2106\">\n<p data-start=\"2097\" data-end=\"2106\">N811KNE<\/p>\n<\/li>\n<li data-start=\"2107\" data-end=\"2119\">\n<p data-start=\"2110\" data-end=\"2119\">N811ANE<\/p>\n<\/li>\n<li data-start=\"2120\" data-end=\"2134\">\n<p data-start=\"2123\" data-end=\"2134\">N811ANE-W<\/p>\n<\/li>\n<li data-start=\"2135\" data-end=\"2148\">\n<p data-start=\"2138\" data-end=\"2148\">N811KNDC<\/p>\n<\/li>\n<li data-start=\"2149\" data-end=\"2164\">\n<p data-start=\"2152\" data-end=\"2164\">N811KNDC-B<\/p>\n<\/li>\n<li data-start=\"2165\" data-end=\"2177\">\n<p data-start=\"2168\" data-end=\"2177\">N811KTE<\/p>\n<\/li>\n<li data-start=\"2178\" data-end=\"2192\">\n<p data-start=\"2181\" data-end=\"2192\">N811KTE-B<\/p>\n<\/li>\n<li data-start=\"2193\" data-end=\"2207\">\n<p data-start=\"2196\" data-end=\"2207\">N811KTE-W<\/p>\n<\/li>\n<li data-start=\"2208\" data-end=\"2220\">\n<p data-start=\"2211\" data-end=\"2220\">N811KNP<\/p>\n<\/li>\n<li data-start=\"2221\" data-end=\"2236\">\n<p data-start=\"2225\" data-end=\"2236\">N811KNP-B<\/p>\n<\/li>\n<li data-start=\"2237\" data-end=\"2253\">\n<p data-start=\"2241\" data-end=\"2253\">N811KNDC-2<\/p>\n<\/li>\n<li data-start=\"2254\" data-end=\"2270\">\n<p data-start=\"2258\" data-end=\"2270\">N811KTE-DC<\/p>\n<\/li>\n<li data-start=\"2271\" data-end=\"2287\">\n<p data-start=\"2275\" data-end=\"2287\">N811KNDC-W<\/p>\n<\/li>\n<li data-start=\"2288\" data-end=\"2304\">\n<p data-start=\"2292\" data-end=\"2304\">N811KNP-DC<\/p>\n<\/li>\n<li data-start=\"2305\" data-end=\"2320\">\n<p data-start=\"2309\" data-end=\"2320\">N811KTE-2<\/p>\n<\/li>\n<\/ol>\n<p>\u0110\u1ea1i l\u00fd KNF vietnam, KNF viet nam, KNF vietnam distributor, Ph\u00e2n ph\u1ed1i KNF t\u1ea1i vi\u1ec7t nam<\/p>\n<p>\u0110\u1ea1i l\u00fd KNF vietnam, KNF viet nam, KNF vietnam distributor, Ph\u00e2n ph\u1ed1i KNF t\u1ea1i vi\u1ec7t nam<\/p>\n<p>\u0110\u1ea1i l\u00fd KNF vietnam, KNF viet nam, KNF vietnam distributor, Ph\u00e2n ph\u1ed1i KNF t\u1ea1i vi\u1ec7t nam<\/p>\n","protected":false},"excerpt":{"rendered":"<p>KNF PM16642-814 KNF N811KNE AC230V &#8211; BAXIT N811KNE AC230V Gi\u1edbi thi\u1ec7u B\u01a1m ch\u00e2n kh\u00f4ng\u00a0PM16642-814 Pump No. 2.10414335\u00a0\u0111\u1ebfn t\u1eeb th\u01b0\u01a1ng hi\u1ec7u\u00a0KNF \u00a0l\u00e0 gi\u1ea3i ph\u00e1p l\u00fd t\u01b0\u1edfng cho c\u00e1c \u1ee9ng d\u1ee5ng y\u00eau c\u1ea7u hi\u1ec7u su\u1ea5t cao v\u00e0 \u0111\u1ed9 b\u1ec1n t\u1ed1i \u01b0u. V\u1edbi thi\u1ebft k\u1ebf ti\u00ean ti\u1ebfn v\u00e0 ch\u1ea5t l\u01b0\u1ee3ng \u0111\u1ea1t ti\u00eau chu\u1ea9n&hellip; <\/p>\n","protected":false},"featured_media":4337,"comment_status":"open","ping_status":"closed","template":"","meta":[],"product_cat":[830],"product_tag":[533,832,831],"class_list":{"0":"post-4336","1":"product","2":"type-product","3":"status-publish","4":"has-post-thumbnail","6":"product_cat-knf","7":"product_tag-bom","8":"product_tag-dai-ly-knf-viet-nam","9":"product_tag-knf-viet-nam","11":"first","12":"instock","13":"shipping-taxable","14":"product-type-simple"},"yoast_head":"<!-- This site is optimized with the Yoast SEO plugin v22.8 - https:\/\/yoast.com\/wordpress\/plugins\/seo\/ -->\n<title>KNF PM16642-814 - OMANI VI\u1ec6T NAM<\/title>\n<meta name=\"description\" content=\"KNF PM16642-814 Pump\" \/>\n<meta name=\"robots\" content=\"index, follow, max-snippet:-1, max-image-preview:large, max-video-preview:-1\" \/>\n<link rel=\"canonical\" href=\"https:\/\/omanivietnam.com\/index.php\/san-pham\/knf-pm16642-814\/\" \/>\n<meta property=\"og:locale\" content=\"vi_VN\" \/>\n<meta property=\"og:type\" content=\"article\" \/>\n<meta property=\"og:title\" content=\"KNF PM16642-814 - OMANI VI\u1ec6T NAM\" \/>\n<meta property=\"og:description\" content=\"KNF PM16642-814 Pump\" \/>\n<meta property=\"og:url\" content=\"https:\/\/omanivietnam.com\/index.php\/san-pham\/knf-pm16642-814\/\" \/>\n<meta property=\"og:site_name\" content=\"OMANI VI\u1ec6T NAM\" \/>\n<meta property=\"article:modified_time\" content=\"2026-05-15T15:33:12+00:00\" \/>\n<meta property=\"og:image\" content=\"https:\/\/omanivietnam.com\/wp-content\/uploads\/2025\/08\/PM16642-814.png\" \/>\n\t<meta property=\"og:image:width\" content=\"628\" \/>\n\t<meta property=\"og:image:height\" content=\"607\" \/>\n\t<meta property=\"og:image:type\" content=\"image\/png\" \/>\n<meta name=\"twitter:card\" content=\"summary_large_image\" \/>\n<meta name=\"twitter:label1\" content=\"\u01af\u1edbc t\u00ednh th\u1eddi gian \u0111\u1ecdc\" \/>\n\t<meta name=\"twitter:data1\" content=\"3 ph\u00fat\" \/>\n<script type=\"application\/ld+json\" class=\"yoast-schema-graph\">{\"@context\":\"https:\/\/schema.org\",\"@graph\":[{\"@type\":\"WebPage\",\"@id\":\"https:\/\/omanivietnam.com\/index.php\/san-pham\/knf-pm16642-814\/\",\"url\":\"https:\/\/omanivietnam.com\/index.php\/san-pham\/knf-pm16642-814\/\",\"name\":\"KNF PM16642-814 - OMANI VI\u1ec6T NAM\",\"isPartOf\":{\"@id\":\"https:\/\/omanivietnam.com\/#website\"},\"primaryImageOfPage\":{\"@id\":\"https:\/\/omanivietnam.com\/index.php\/san-pham\/knf-pm16642-814\/#primaryimage\"},\"image\":{\"@id\":\"https:\/\/omanivietnam.com\/index.php\/san-pham\/knf-pm16642-814\/#primaryimage\"},\"thumbnailUrl\":\"https:\/\/omanivietnam.com\/wp-content\/uploads\/2025\/08\/PM16642-814.png\",\"datePublished\":\"2025-08-26T13:47:55+00:00\",\"dateModified\":\"2026-05-15T15:33:12+00:00\",\"description\":\"KNF PM16642-814 Pump\",\"breadcrumb\":{\"@id\":\"https:\/\/omanivietnam.com\/index.php\/san-pham\/knf-pm16642-814\/#breadcrumb\"},\"inLanguage\":\"vi\",\"potentialAction\":[{\"@type\":\"ReadAction\",\"target\":[\"https:\/\/omanivietnam.com\/index.php\/san-pham\/knf-pm16642-814\/\"]}]},{\"@type\":\"ImageObject\",\"inLanguage\":\"vi\",\"@id\":\"https:\/\/omanivietnam.com\/index.php\/san-pham\/knf-pm16642-814\/#primaryimage\",\"url\":\"https:\/\/omanivietnam.com\/wp-content\/uploads\/2025\/08\/PM16642-814.png\",\"contentUrl\":\"https:\/\/omanivietnam.com\/wp-content\/uploads\/2025\/08\/PM16642-814.png\",\"width\":628,\"height\":607},{\"@type\":\"BreadcrumbList\",\"@id\":\"https:\/\/omanivietnam.com\/index.php\/san-pham\/knf-pm16642-814\/#breadcrumb\",\"itemListElement\":[{\"@type\":\"ListItem\",\"position\":1,\"name\":\"Home\",\"item\":\"https:\/\/omanivietnam.com\/\"},{\"@type\":\"ListItem\",\"position\":2,\"name\":\"S\u1ea2N PH\u1ea8M\",\"item\":\"https:\/\/omanivietnam.com\/index.php\/cua-hang\/\"},{\"@type\":\"ListItem\",\"position\":3,\"name\":\"KNF PM16642-814\"}]},{\"@type\":\"WebSite\",\"@id\":\"https:\/\/omanivietnam.com\/#website\",\"url\":\"https:\/\/omanivietnam.com\/\",\"name\":\"OMANI VI\u1ec6T NAM\",\"description\":\"Nh\u00e0 ph\u00e2n ph\u1ed1i thi\u1ebft b\u1ecb kh\u00ed n\u00e9n v\u00e0 thi\u1ebft b\u1ecb t\u1ef1 \u0111\u1ed9ng h\u00f3a trong c\u00f4ng nghi\u1ec7p\",\"publisher\":{\"@id\":\"https:\/\/omanivietnam.com\/#\/schema\/person\/0ad398a980dc3fd696111c2c5c8fa897\"},\"potentialAction\":[{\"@type\":\"SearchAction\",\"target\":{\"@type\":\"EntryPoint\",\"urlTemplate\":\"https:\/\/omanivietnam.com\/?s={search_term_string}\"},\"query-input\":\"required name=search_term_string\"}],\"inLanguage\":\"vi\"},{\"@type\":[\"Person\",\"Organization\"],\"@id\":\"https:\/\/omanivietnam.com\/#\/schema\/person\/0ad398a980dc3fd696111c2c5c8fa897\",\"name\":\"Nguy\u1ec5n V\u0103n Kh\u00e1nh\",\"image\":{\"@type\":\"ImageObject\",\"inLanguage\":\"vi\",\"@id\":\"https:\/\/omanivietnam.com\/#\/schema\/person\/image\/\",\"url\":\"https:\/\/omanivietnam.com\/wp-content\/uploads\/2024\/06\/logo-1024x1024.png\",\"contentUrl\":\"https:\/\/omanivietnam.com\/wp-content\/uploads\/2024\/06\/logo-1024x1024.png\",\"width\":1024,\"height\":1024,\"caption\":\"Nguy\u1ec5n V\u0103n Kh\u00e1nh\"},\"logo\":{\"@id\":\"https:\/\/omanivietnam.com\/#\/schema\/person\/image\/\"},\"sameAs\":[\"https:\/\/omanivietnam.com\"]}]}<\/script>\n<!-- \/ Yoast SEO plugin. -->","yoast_head_json":{"title":"KNF PM16642-814 - OMANI VI\u1ec6T NAM","description":"KNF PM16642-814 Pump","robots":{"index":"index","follow":"follow","max-snippet":"max-snippet:-1","max-image-preview":"max-image-preview:large","max-video-preview":"max-video-preview:-1"},"canonical":"https:\/\/omanivietnam.com\/index.php\/san-pham\/knf-pm16642-814\/","og_locale":"vi_VN","og_type":"article","og_title":"KNF PM16642-814 - OMANI VI\u1ec6T NAM","og_description":"KNF PM16642-814 Pump","og_url":"https:\/\/omanivietnam.com\/index.php\/san-pham\/knf-pm16642-814\/","og_site_name":"OMANI VI\u1ec6T NAM","article_modified_time":"2026-05-15T15:33:12+00:00","og_image":[{"width":628,"height":607,"url":"https:\/\/omanivietnam.com\/wp-content\/uploads\/2025\/08\/PM16642-814.png","type":"image\/png"}],"twitter_card":"summary_large_image","twitter_misc":{"\u01af\u1edbc t\u00ednh th\u1eddi gian \u0111\u1ecdc":"3 ph\u00fat"},"schema":{"@context":"https:\/\/schema.org","@graph":[{"@type":"WebPage","@id":"https:\/\/omanivietnam.com\/index.php\/san-pham\/knf-pm16642-814\/","url":"https:\/\/omanivietnam.com\/index.php\/san-pham\/knf-pm16642-814\/","name":"KNF PM16642-814 - OMANI VI\u1ec6T NAM","isPartOf":{"@id":"https:\/\/omanivietnam.com\/#website"},"primaryImageOfPage":{"@id":"https:\/\/omanivietnam.com\/index.php\/san-pham\/knf-pm16642-814\/#primaryimage"},"image":{"@id":"https:\/\/omanivietnam.com\/index.php\/san-pham\/knf-pm16642-814\/#primaryimage"},"thumbnailUrl":"https:\/\/omanivietnam.com\/wp-content\/uploads\/2025\/08\/PM16642-814.png","datePublished":"2025-08-26T13:47:55+00:00","dateModified":"2026-05-15T15:33:12+00:00","description":"KNF PM16642-814 Pump","breadcrumb":{"@id":"https:\/\/omanivietnam.com\/index.php\/san-pham\/knf-pm16642-814\/#breadcrumb"},"inLanguage":"vi","potentialAction":[{"@type":"ReadAction","target":["https:\/\/omanivietnam.com\/index.php\/san-pham\/knf-pm16642-814\/"]}]},{"@type":"ImageObject","inLanguage":"vi","@id":"https:\/\/omanivietnam.com\/index.php\/san-pham\/knf-pm16642-814\/#primaryimage","url":"https:\/\/omanivietnam.com\/wp-content\/uploads\/2025\/08\/PM16642-814.png","contentUrl":"https:\/\/omanivietnam.com\/wp-content\/uploads\/2025\/08\/PM16642-814.png","width":628,"height":607},{"@type":"BreadcrumbList","@id":"https:\/\/omanivietnam.com\/index.php\/san-pham\/knf-pm16642-814\/#breadcrumb","itemListElement":[{"@type":"ListItem","position":1,"name":"Home","item":"https:\/\/omanivietnam.com\/"},{"@type":"ListItem","position":2,"name":"S\u1ea2N PH\u1ea8M","item":"https:\/\/omanivietnam.com\/index.php\/cua-hang\/"},{"@type":"ListItem","position":3,"name":"KNF PM16642-814"}]},{"@type":"WebSite","@id":"https:\/\/omanivietnam.com\/#website","url":"https:\/\/omanivietnam.com\/","name":"OMANI VI\u1ec6T NAM","description":"Nh\u00e0 ph\u00e2n ph\u1ed1i thi\u1ebft b\u1ecb kh\u00ed n\u00e9n v\u00e0 thi\u1ebft b\u1ecb t\u1ef1 \u0111\u1ed9ng h\u00f3a trong c\u00f4ng nghi\u1ec7p","publisher":{"@id":"https:\/\/omanivietnam.com\/#\/schema\/person\/0ad398a980dc3fd696111c2c5c8fa897"},"potentialAction":[{"@type":"SearchAction","target":{"@type":"EntryPoint","urlTemplate":"https:\/\/omanivietnam.com\/?s={search_term_string}"},"query-input":"required name=search_term_string"}],"inLanguage":"vi"},{"@type":["Person","Organization"],"@id":"https:\/\/omanivietnam.com\/#\/schema\/person\/0ad398a980dc3fd696111c2c5c8fa897","name":"Nguy\u1ec5n V\u0103n Kh\u00e1nh","image":{"@type":"ImageObject","inLanguage":"vi","@id":"https:\/\/omanivietnam.com\/#\/schema\/person\/image\/","url":"https:\/\/omanivietnam.com\/wp-content\/uploads\/2024\/06\/logo-1024x1024.png","contentUrl":"https:\/\/omanivietnam.com\/wp-content\/uploads\/2024\/06\/logo-1024x1024.png","width":1024,"height":1024,"caption":"Nguy\u1ec5n V\u0103n Kh\u00e1nh"},"logo":{"@id":"https:\/\/omanivietnam.com\/#\/schema\/person\/image\/"},"sameAs":["https:\/\/omanivietnam.com"]}]}},"_links":{"self":[{"href":"https:\/\/omanivietnam.com\/index.php\/wp-json\/wp\/v2\/product\/4336","targetHints":{"allow":["GET"]}}],"collection":[{"href":"https:\/\/omanivietnam.com\/index.php\/wp-json\/wp\/v2\/product"}],"about":[{"href":"https:\/\/omanivietnam.com\/index.php\/wp-json\/wp\/v2\/types\/product"}],"replies":[{"embeddable":true,"href":"https:\/\/omanivietnam.com\/index.php\/wp-json\/wp\/v2\/comments?post=4336"}],"wp:featuredmedia":[{"embeddable":true,"href":"https:\/\/omanivietnam.com\/index.php\/wp-json\/wp\/v2\/media\/4337"}],"wp:attachment":[{"href":"https:\/\/omanivietnam.com\/index.php\/wp-json\/wp\/v2\/media?parent=4336"}],"wp:term":[{"taxonomy":"product_cat","embeddable":true,"href":"https:\/\/omanivietnam.com\/index.php\/wp-json\/wp\/v2\/product_cat?post=4336"},{"taxonomy":"product_tag","embeddable":true,"href":"https:\/\/omanivietnam.com\/index.php\/wp-json\/wp\/v2\/product_tag?post=4336"}],"curies":[{"name":"wp","href":"https:\/\/api.w.org\/{rel}","templated":true}]}}