{"id":4338,"date":"2025-08-26T21:17:07","date_gmt":"2025-08-26T14:17:07","guid":{"rendered":"https:\/\/omanivietnam.com\/?post_type=product&#038;p=4338"},"modified":"2025-08-26T21:17:08","modified_gmt":"2025-08-26T14:17:08","slug":"smc-mgpl32-125z","status":"publish","type":"product","link":"https:\/\/omanivietnam.com\/index.php\/san-pham\/smc-mgpl32-125z\/","title":{"rendered":"SMC MGPL32-125Z"},"content":{"rendered":"<p>SMC MGPL32-125Z<\/p>\n<h3 class=\"LC20lb MBeuO DKV0Md\"><em>Xi lanh SMC MGPL\/MGPM12\/16\/20-10\/20\/25\/30\/32\/40\/50\/75\/100Z<\/em><\/h3>\n<div class=\"m-h1Wrap m-adaptive-product__titleWrap\">\n<h1 class=\"m-h1 m-adaptive-product__title\">Compact Air Cylinder MGPL32-125Z<\/h1>\n<\/div>\n<h2 class=\"m-adaptive-product__subtitle\">Guided, MGP Series<\/h2>\n<div class=\"m-adaptive-product__partNumber\" data-complex-partnumber=\"\">\n<div class=\"m-adaptive-partNumber\"><span class=\"m-adaptive-partNumber__title\">Part Number:<\/span>\u00a0<span id=\"ProductCode\" class=\"m-adaptive-partNumber__code\" title=\"MGPL32-125Z\">MGPL32-125Z<\/span><\/div>\n<\/div>\n<div class=\"m-adaptive-product__description m-collapsed-text m-collapsed-text--collapsed\" data-maxheight=\"63\" data-controller=\"CollapsedText\">\n<p class=\"mc-text catch_copy\">Compact cylinder with guide.<br \/>\nFeatures<br \/>\n\u00b7 Shortened guide rod.<br \/>\n\u00b7 Saves space.<br \/>\n\u00b7 By reducing the guide rod length by a maximum 22\u00a0mm, the machining required to create space between the bottom of the cylinder body and the equipment is reduced.<br \/>\n\u00b7 Round auto switches and strong magnetic field resistant auto switches can be directly mounted without spacers.<br \/>\n\u00b7 4 types of mounting are possible.<br \/>\n\u00b7 Piping from either direction.<\/p>\n<\/div>\n<div class=\"m-adaptive__productDetailHeader\">\n<h3 class=\"m-adaptive__configured_specs\">Configured Specifications<\/h3>\n<\/div>\n<table class=\"m-listTable m-listTable--adaptive\" summary=\"Price, Spec., etc.\">\n<colgroup>\n<col width=\"20%\" \/>\n<col width=\"30%\" \/>\n<col width=\"20%\" \/>\n<col width=\"30%\" \/><\/colgroup>\n<tbody>\n<tr>\n<th>Cylinder (Tube) Inner Diameter(\u03c6)<\/th>\n<td>32<\/td>\n<th>Stroke(mm)<\/th>\n<td>125<\/td>\n<\/tr>\n<tr>\n<th>Cylinder Operation Method<\/th>\n<td>[Double Acting] Double Acting<\/td>\n<th>Rod Operation Method<\/th>\n<td>Single Rods<\/td>\n<\/tr>\n<tr>\n<th>Main Body Shape<\/th>\n<td>Guided<\/td>\n<th>Additional Function<\/th>\n<td>Standard \/ With rod detent function<\/td>\n<\/tr>\n<tr>\n<th>Environment, Applications<\/th>\n<td>Standard<\/td>\n<th>Operating Temperature(\u00b0C)<\/th>\n<td>-10\uff5e60<\/td>\n<\/tr>\n<tr>\n<th>Operating Pressure(MPa)<\/th>\n<td>&#8211;<\/td>\n<th>Cushion<\/th>\n<td>Rubber bumper at both ends<\/td>\n<\/tr>\n<tr>\n<th>Port thread type<\/th>\n<td>Rc<\/td>\n<th>Auto Switches<\/th>\n<td>Without auto switch<\/td>\n<\/tr>\n<tr class=\"VN_table-row\">\n<th>Lead Wire Length(m)<\/th>\n<td>N\/A<\/td>\n<th>The number of the switches<\/th>\n<td>N\/A<\/td>\n<\/tr>\n<tr class=\"VN_table-row\">\n<th>Type of Auto Switch Mounting<\/th>\n<td>N\/A<\/td>\n<th>Type of Shaft Bearing<\/th>\n<td>Ball bushing<\/td>\n<\/tr>\n<tr class=\"VN_table-row\">\n<th>Custom-made Specifications<\/th>\n<td>None<\/td>\n<th>Made-to-order specification (relief valve adjustment screw position)<\/th>\n<td>&#8211;<\/td>\n<\/tr>\n<\/tbody>\n<\/table>\n","protected":false},"excerpt":{"rendered":"<p>SMC MGPL32-125Z Xi lanh SMC MGPL\/MGPM12\/16\/20-10\/20\/25\/30\/32\/40\/50\/75\/100Z Compact Air Cylinder MGPL32-125Z Guided, MGP Series Part Number:\u00a0MGPL32-125Z Compact cylinder with guide. Features \u00b7 Shortened guide rod. \u00b7 Saves space. \u00b7 By reducing the guide rod length by a maximum 22\u00a0mm, the machining required to create space between the bottom of the cylinder&hellip; <\/p>\n","protected":false},"featured_media":4339,"comment_status":"open","ping_status":"closed","template":"","meta":[],"product_cat":[283],"product_tag":[93,92,98],"class_list":{"0":"post-4338","1":"product","2":"type-product","3":"status-publish","4":"has-post-thumbnail","6":"product_cat-smc","7":"product_tag-dai-ly-smc-viet-nam","8":"product_tag-smc-viet-nam","9":"product_tag-xy-lanh-khi","11":"first","12":"instock","13":"shipping-taxable","14":"product-type-simple"},"yoast_head":"<!-- This site is optimized with the Yoast SEO plugin v22.8 - https:\/\/yoast.com\/wordpress\/plugins\/seo\/ -->\n<title>SMC MGPL32-125Z - OMANI VI\u1ec6T NAM<\/title>\n<meta name=\"description\" content=\"SMC MGPL32-125Z Cylinder\" \/>\n<meta name=\"robots\" content=\"index, follow, max-snippet:-1, max-image-preview:large, max-video-preview:-1\" \/>\n<link rel=\"canonical\" href=\"https:\/\/omanivietnam.com\/index.php\/san-pham\/smc-mgpl32-125z\/\" \/>\n<meta property=\"og:locale\" content=\"vi_VN\" \/>\n<meta property=\"og:type\" content=\"article\" \/>\n<meta property=\"og:title\" content=\"SMC MGPL32-125Z - OMANI VI\u1ec6T NAM\" \/>\n<meta property=\"og:description\" content=\"SMC MGPL32-125Z Cylinder\" \/>\n<meta property=\"og:url\" content=\"https:\/\/omanivietnam.com\/index.php\/san-pham\/smc-mgpl32-125z\/\" \/>\n<meta property=\"og:site_name\" content=\"OMANI VI\u1ec6T NAM\" \/>\n<meta property=\"article:modified_time\" content=\"2025-08-26T14:17:08+00:00\" \/>\n<meta property=\"og:image\" content=\"https:\/\/omanivietnam.com\/wp-content\/uploads\/2025\/08\/MGPL32-125Z.png\" \/>\n\t<meta property=\"og:image:width\" content=\"484\" \/>\n\t<meta property=\"og:image:height\" content=\"723\" \/>\n\t<meta property=\"og:image:type\" content=\"image\/png\" \/>\n<meta name=\"twitter:card\" content=\"summary_large_image\" \/>\n<meta name=\"twitter:label1\" content=\"\u01af\u1edbc t\u00ednh th\u1eddi gian \u0111\u1ecdc\" \/>\n\t<meta name=\"twitter:data1\" content=\"2 ph\u00fat\" \/>\n<script type=\"application\/ld+json\" class=\"yoast-schema-graph\">{\"@context\":\"https:\/\/schema.org\",\"@graph\":[{\"@type\":\"WebPage\",\"@id\":\"https:\/\/omanivietnam.com\/index.php\/san-pham\/smc-mgpl32-125z\/\",\"url\":\"https:\/\/omanivietnam.com\/index.php\/san-pham\/smc-mgpl32-125z\/\",\"name\":\"SMC MGPL32-125Z - OMANI VI\u1ec6T NAM\",\"isPartOf\":{\"@id\":\"https:\/\/omanivietnam.com\/#website\"},\"primaryImageOfPage\":{\"@id\":\"https:\/\/omanivietnam.com\/index.php\/san-pham\/smc-mgpl32-125z\/#primaryimage\"},\"image\":{\"@id\":\"https:\/\/omanivietnam.com\/index.php\/san-pham\/smc-mgpl32-125z\/#primaryimage\"},\"thumbnailUrl\":\"https:\/\/omanivietnam.com\/wp-content\/uploads\/2025\/08\/MGPL32-125Z.png\",\"datePublished\":\"2025-08-26T14:17:07+00:00\",\"dateModified\":\"2025-08-26T14:17:08+00:00\",\"description\":\"SMC MGPL32-125Z Cylinder\",\"breadcrumb\":{\"@id\":\"https:\/\/omanivietnam.com\/index.php\/san-pham\/smc-mgpl32-125z\/#breadcrumb\"},\"inLanguage\":\"vi\",\"potentialAction\":[{\"@type\":\"ReadAction\",\"target\":[\"https:\/\/omanivietnam.com\/index.php\/san-pham\/smc-mgpl32-125z\/\"]}]},{\"@type\":\"ImageObject\",\"inLanguage\":\"vi\",\"@id\":\"https:\/\/omanivietnam.com\/index.php\/san-pham\/smc-mgpl32-125z\/#primaryimage\",\"url\":\"https:\/\/omanivietnam.com\/wp-content\/uploads\/2025\/08\/MGPL32-125Z.png\",\"contentUrl\":\"https:\/\/omanivietnam.com\/wp-content\/uploads\/2025\/08\/MGPL32-125Z.png\",\"width\":484,\"height\":723},{\"@type\":\"BreadcrumbList\",\"@id\":\"https:\/\/omanivietnam.com\/index.php\/san-pham\/smc-mgpl32-125z\/#breadcrumb\",\"itemListElement\":[{\"@type\":\"ListItem\",\"position\":1,\"name\":\"Home\",\"item\":\"https:\/\/omanivietnam.com\/\"},{\"@type\":\"ListItem\",\"position\":2,\"name\":\"S\u1ea2N PH\u1ea8M\",\"item\":\"https:\/\/omanivietnam.com\/index.php\/cua-hang\/\"},{\"@type\":\"ListItem\",\"position\":3,\"name\":\"SMC MGPL32-125Z\"}]},{\"@type\":\"WebSite\",\"@id\":\"https:\/\/omanivietnam.com\/#website\",\"url\":\"https:\/\/omanivietnam.com\/\",\"name\":\"OMANI VI\u1ec6T NAM\",\"description\":\"Nh\u00e0 ph\u00e2n ph\u1ed1i thi\u1ebft b\u1ecb kh\u00ed n\u00e9n v\u00e0 thi\u1ebft b\u1ecb t\u1ef1 \u0111\u1ed9ng h\u00f3a trong c\u00f4ng nghi\u1ec7p\",\"publisher\":{\"@id\":\"https:\/\/omanivietnam.com\/#\/schema\/person\/0ad398a980dc3fd696111c2c5c8fa897\"},\"potentialAction\":[{\"@type\":\"SearchAction\",\"target\":{\"@type\":\"EntryPoint\",\"urlTemplate\":\"https:\/\/omanivietnam.com\/?s={search_term_string}\"},\"query-input\":\"required name=search_term_string\"}],\"inLanguage\":\"vi\"},{\"@type\":[\"Person\",\"Organization\"],\"@id\":\"https:\/\/omanivietnam.com\/#\/schema\/person\/0ad398a980dc3fd696111c2c5c8fa897\",\"name\":\"Nguy\u1ec5n V\u0103n Kh\u00e1nh\",\"image\":{\"@type\":\"ImageObject\",\"inLanguage\":\"vi\",\"@id\":\"https:\/\/omanivietnam.com\/#\/schema\/person\/image\/\",\"url\":\"https:\/\/omanivietnam.com\/wp-content\/uploads\/2024\/06\/logo-1024x1024.png\",\"contentUrl\":\"https:\/\/omanivietnam.com\/wp-content\/uploads\/2024\/06\/logo-1024x1024.png\",\"width\":1024,\"height\":1024,\"caption\":\"Nguy\u1ec5n V\u0103n Kh\u00e1nh\"},\"logo\":{\"@id\":\"https:\/\/omanivietnam.com\/#\/schema\/person\/image\/\"},\"sameAs\":[\"https:\/\/omanivietnam.com\"]}]}<\/script>\n<!-- \/ Yoast SEO plugin. -->","yoast_head_json":{"title":"SMC MGPL32-125Z - OMANI VI\u1ec6T NAM","description":"SMC MGPL32-125Z Cylinder","robots":{"index":"index","follow":"follow","max-snippet":"max-snippet:-1","max-image-preview":"max-image-preview:large","max-video-preview":"max-video-preview:-1"},"canonical":"https:\/\/omanivietnam.com\/index.php\/san-pham\/smc-mgpl32-125z\/","og_locale":"vi_VN","og_type":"article","og_title":"SMC MGPL32-125Z - OMANI VI\u1ec6T NAM","og_description":"SMC MGPL32-125Z Cylinder","og_url":"https:\/\/omanivietnam.com\/index.php\/san-pham\/smc-mgpl32-125z\/","og_site_name":"OMANI VI\u1ec6T NAM","article_modified_time":"2025-08-26T14:17:08+00:00","og_image":[{"width":484,"height":723,"url":"https:\/\/omanivietnam.com\/wp-content\/uploads\/2025\/08\/MGPL32-125Z.png","type":"image\/png"}],"twitter_card":"summary_large_image","twitter_misc":{"\u01af\u1edbc t\u00ednh th\u1eddi gian \u0111\u1ecdc":"2 ph\u00fat"},"schema":{"@context":"https:\/\/schema.org","@graph":[{"@type":"WebPage","@id":"https:\/\/omanivietnam.com\/index.php\/san-pham\/smc-mgpl32-125z\/","url":"https:\/\/omanivietnam.com\/index.php\/san-pham\/smc-mgpl32-125z\/","name":"SMC MGPL32-125Z - OMANI VI\u1ec6T NAM","isPartOf":{"@id":"https:\/\/omanivietnam.com\/#website"},"primaryImageOfPage":{"@id":"https:\/\/omanivietnam.com\/index.php\/san-pham\/smc-mgpl32-125z\/#primaryimage"},"image":{"@id":"https:\/\/omanivietnam.com\/index.php\/san-pham\/smc-mgpl32-125z\/#primaryimage"},"thumbnailUrl":"https:\/\/omanivietnam.com\/wp-content\/uploads\/2025\/08\/MGPL32-125Z.png","datePublished":"2025-08-26T14:17:07+00:00","dateModified":"2025-08-26T14:17:08+00:00","description":"SMC MGPL32-125Z Cylinder","breadcrumb":{"@id":"https:\/\/omanivietnam.com\/index.php\/san-pham\/smc-mgpl32-125z\/#breadcrumb"},"inLanguage":"vi","potentialAction":[{"@type":"ReadAction","target":["https:\/\/omanivietnam.com\/index.php\/san-pham\/smc-mgpl32-125z\/"]}]},{"@type":"ImageObject","inLanguage":"vi","@id":"https:\/\/omanivietnam.com\/index.php\/san-pham\/smc-mgpl32-125z\/#primaryimage","url":"https:\/\/omanivietnam.com\/wp-content\/uploads\/2025\/08\/MGPL32-125Z.png","contentUrl":"https:\/\/omanivietnam.com\/wp-content\/uploads\/2025\/08\/MGPL32-125Z.png","width":484,"height":723},{"@type":"BreadcrumbList","@id":"https:\/\/omanivietnam.com\/index.php\/san-pham\/smc-mgpl32-125z\/#breadcrumb","itemListElement":[{"@type":"ListItem","position":1,"name":"Home","item":"https:\/\/omanivietnam.com\/"},{"@type":"ListItem","position":2,"name":"S\u1ea2N PH\u1ea8M","item":"https:\/\/omanivietnam.com\/index.php\/cua-hang\/"},{"@type":"ListItem","position":3,"name":"SMC MGPL32-125Z"}]},{"@type":"WebSite","@id":"https:\/\/omanivietnam.com\/#website","url":"https:\/\/omanivietnam.com\/","name":"OMANI VI\u1ec6T NAM","description":"Nh\u00e0 ph\u00e2n ph\u1ed1i thi\u1ebft b\u1ecb kh\u00ed n\u00e9n v\u00e0 thi\u1ebft b\u1ecb t\u1ef1 \u0111\u1ed9ng h\u00f3a trong c\u00f4ng nghi\u1ec7p","publisher":{"@id":"https:\/\/omanivietnam.com\/#\/schema\/person\/0ad398a980dc3fd696111c2c5c8fa897"},"potentialAction":[{"@type":"SearchAction","target":{"@type":"EntryPoint","urlTemplate":"https:\/\/omanivietnam.com\/?s={search_term_string}"},"query-input":"required name=search_term_string"}],"inLanguage":"vi"},{"@type":["Person","Organization"],"@id":"https:\/\/omanivietnam.com\/#\/schema\/person\/0ad398a980dc3fd696111c2c5c8fa897","name":"Nguy\u1ec5n V\u0103n Kh\u00e1nh","image":{"@type":"ImageObject","inLanguage":"vi","@id":"https:\/\/omanivietnam.com\/#\/schema\/person\/image\/","url":"https:\/\/omanivietnam.com\/wp-content\/uploads\/2024\/06\/logo-1024x1024.png","contentUrl":"https:\/\/omanivietnam.com\/wp-content\/uploads\/2024\/06\/logo-1024x1024.png","width":1024,"height":1024,"caption":"Nguy\u1ec5n V\u0103n Kh\u00e1nh"},"logo":{"@id":"https:\/\/omanivietnam.com\/#\/schema\/person\/image\/"},"sameAs":["https:\/\/omanivietnam.com"]}]}},"_links":{"self":[{"href":"https:\/\/omanivietnam.com\/index.php\/wp-json\/wp\/v2\/product\/4338","targetHints":{"allow":["GET"]}}],"collection":[{"href":"https:\/\/omanivietnam.com\/index.php\/wp-json\/wp\/v2\/product"}],"about":[{"href":"https:\/\/omanivietnam.com\/index.php\/wp-json\/wp\/v2\/types\/product"}],"replies":[{"embeddable":true,"href":"https:\/\/omanivietnam.com\/index.php\/wp-json\/wp\/v2\/comments?post=4338"}],"wp:featuredmedia":[{"embeddable":true,"href":"https:\/\/omanivietnam.com\/index.php\/wp-json\/wp\/v2\/media\/4339"}],"wp:attachment":[{"href":"https:\/\/omanivietnam.com\/index.php\/wp-json\/wp\/v2\/media?parent=4338"}],"wp:term":[{"taxonomy":"product_cat","embeddable":true,"href":"https:\/\/omanivietnam.com\/index.php\/wp-json\/wp\/v2\/product_cat?post=4338"},{"taxonomy":"product_tag","embeddable":true,"href":"https:\/\/omanivietnam.com\/index.php\/wp-json\/wp\/v2\/product_tag?post=4338"}],"curies":[{"name":"wp","href":"https:\/\/api.w.org\/{rel}","templated":true}]}}