{"id":4344,"date":"2025-08-28T16:24:23","date_gmt":"2025-08-28T09:24:23","guid":{"rendered":"https:\/\/omanivietnam.com\/?post_type=product&#038;p=4344"},"modified":"2025-08-28T16:24:23","modified_gmt":"2025-08-28T09:24:23","slug":"panasonic-mdme102gcgm","status":"publish","type":"product","link":"https:\/\/omanivietnam.com\/index.php\/san-pham\/panasonic-mdme102gcgm\/","title":{"rendered":"PANASONIC MDME102GCGM"},"content":{"rendered":"<p>PANASONIC MDME102GCGM<\/p>\n<h2 class=\"title-product item_name\">Servo motor MDME102GCGM<\/h2>\n<h3>1. Servo motor\u00a0MDME102GCGM:<\/h3>\n<div>\n<div>M\u1ed9t ph\u1ea7n s\u1ed1 MDME102GCGM<\/div>\n<div>Chi ti\u1ebft Qu\u00e1n t\u00ednh gi\u1eefa, Lo\u1ea1i \u0111\u1ea7u n\u1ed1i, IP65<\/div>\n<div>T\u00ean gia \u0111\u00ecnh MINAS A5<\/div>\n<div>H\u00e0ng lo\u1ea1t D\u00f2ng MDME<\/div>\n<div>Th\u1ec3 lo\u1ea1i Qu\u00e1n t\u00ednh gi\u1eefa<\/div>\n<div>S\u1ea3n ph\u1ea9m \u0111\u1eb7t h\u00e0ng \u0111\u1eb7c bi\u1ec7t S\u1ea3n ph\u1ea9m \u0111\u1eb7t h\u00e0ng \u0111\u1eb7c bi\u1ec7t<\/div>\n<div>L\u01b0u \u00fd \u0111\u1ed1i v\u1edbi s\u1ea3n ph\u1ea9m \u0111\u1eb7t h\u00e0ng \u0111\u1eb7c bi\u1ec7t Vui l\u00f2ng tr\u00e1nh \u0111\u1ed9ng c\u01a1 ho\u1eb7c thi\u1ebft b\u1ecb c\u00f3 ch\u1ee9a \u0111\u1ed9ng c\u01a1 \u0111\u01b0\u1ee3c ph\u00e2n ph\u1ed1i \u0111\u1ebfn Nh\u1eadt B\u1ea3n ho\u1eb7c c\u00e1c khu v\u1ef1c kh\u00e1c th\u00f4ng qua Nh\u1eadt B\u1ea3n.<\/div>\n<div>L\u1edbp b\u1ea3o v\u1ec7 IP65<\/div>\n<div>Gi\u1edbi thi\u1ec7u v\u1ec1 Bao v\u00e2y Ngo\u1ea1i tr\u1eeb ph\u1ea7n quay c\u1ee7a tr\u1ee5c \u0111\u1ea7u ra v\u00e0 ph\u1ea7n ch\u00e2n k\u1ebft n\u1ed1i c\u1ee7a \u0111\u1ea7u n\u1ed1i \u0111\u1ed9ng c\u01a1 v\u00e0 \u0111\u1ea7u n\u1ed1i b\u1ed9 m\u00e3 h\u00f3a.<\/div>\n<div>\u0110i\u1ec1u ki\u1ec7n m\u00f4i tr\u01b0\u1eddng \u0110\u1ec3 bi\u1ebft th\u00eam chi ti\u1ebft, vui l\u00f2ng tham kh\u1ea3o h\u01b0\u1edbng d\u1eabn s\u1eed d\u1ee5ng.<\/div>\n<div>K\u00edch th\u01b0\u1edbc vu\u00f4ng m\u1eb7t b\u00edch 130 mm vu\u00f4ng.<\/div>\n<div>K\u00edch th\u01b0\u1edbc m\u1eb7t b\u00edch vu\u00f4ng (\u0110\u01a1n v\u1ecb: mm) 130<\/div>\n<div>C\u1ea5u h\u00ecnh \u0111\u1ea7u ra \u0111\u1ed9ng c\u01a1 T\u01b0 n\u1ed1i<\/div>\n<div>\u0110\u1ea7u n\u1ed1i b\u1ed9 m\u00e3 h\u00f3a \u0111\u1ed9ng c\u01a1 T\u01b0 n\u1ed1i<\/div>\n<div>C\u00f4ng su\u1ea5t c\u1ea5p ngu\u1ed3n (kVA) 1,8<\/div>\n<div>Th\u00f4ng s\u1ed1 k\u1ef9 thu\u1eadt \u0111i\u1ec7n \u00e1p 200 V<\/div>\n<div>\u0110\u1ea7u ra \u0111\u1ecbnh m\u1ee9c 1000 W<\/div>\n<div>D\u00f2ng \u0111\u1ecbnh m\u1ee9c (A (rms)) 5,7<\/div>\n<div>Gi\u1eef phanh kh\u00f4ng c\u00f3<\/div>\n<div>Kh\u1ed1i l\u01b0\u1ee3ng (kg) 5.2<\/div>\n<h3>2.\u00a0C\u00e1c m\u00e3 h\u00e0ng t\u01b0\u01a1ng \u0111\u01b0\u01a1ng Servo motor\u00a0MDME102GCGM:<\/h3>\n<p>MDME102G1C<br \/>\nMDME102G1D<br \/>\nMDME102G1G<br \/>\nMDME102G1H<br \/>\nMDME102GCC<br \/>\nMDME102GCD<br \/>\nMDME102GCG<br \/>\nMDME102GCGM<br \/>\nMDME102GCH<br \/>\nMDME102GCHM<br \/>\nMDME102S1C<br \/>\nMDME102S1D<br \/>\nMDME102S1H<br \/>\nMDME102S1S<br \/>\nMDME102SCC<br \/>\nMDME102SCD<br \/>\nMDME102SCH<br \/>\nMDME102SCS<\/p>\n<p>MDME102G1C<br \/>\nMDME102G1D<br \/>\nMDME102G1G<br \/>\nMDME102G1H<br \/>\nMDME102GCC<br \/>\nMDME102GCD<br \/>\nMDME102GCG<br \/>\nMDME102GCGM<br \/>\nMDME102GCH<br \/>\nMDME102GCHM<\/p>\n<p>100W large inertia without brake MHMF012L1U2M<\/p>\n<p>100W large inertia with brake MHMF012L1V2M<\/p>\n<p>100W small inertia without brake MSMF012L1U2M<\/p>\n<p>200W small inertia without brake MSMF022L1U2M<\/p>\n<p>200W small inertia with brake MSMF022L1V2M<\/p>\n<p>200W large inertia without brake MHMF022L1U2M<\/p>\n<p>200W large inertia with brake MHMF022L1V2M<\/p>\n<p>400W small inertia without brake MSMF042L1U2M<\/p>\n<p>400W small inertia with brake MSMF042L1V2M<\/p>\n<p>400W large inertia without brake MHMF042L1U2M<\/p>\n<p>400W large inertia with brake MHMF042L1V2M<\/p>\n<p>750W small inertia without brake MSMF082L1U2M<\/p>\n<p>750W small inertia with brake MSMF082L1V2M<\/p>\n<p>750W large inertia without brake MHMF082L1U2M<\/p>\n<\/div>\n","protected":false},"excerpt":{"rendered":"<p>PANASONIC MDME102GCGM Servo motor MDME102GCGM 1. Servo motor\u00a0MDME102GCGM: M\u1ed9t ph\u1ea7n s\u1ed1 MDME102GCGM Chi ti\u1ebft Qu\u00e1n t\u00ednh gi\u1eefa, Lo\u1ea1i \u0111\u1ea7u n\u1ed1i, IP65 T\u00ean gia \u0111\u00ecnh MINAS A5 H\u00e0ng lo\u1ea1t D\u00f2ng MDME Th\u1ec3 lo\u1ea1i Qu\u00e1n t\u00ednh gi\u1eefa S\u1ea3n ph\u1ea9m \u0111\u1eb7t h\u00e0ng \u0111\u1eb7c bi\u1ec7t S\u1ea3n ph\u1ea9m \u0111\u1eb7t h\u00e0ng \u0111\u1eb7c bi\u1ec7t L\u01b0u \u00fd \u0111\u1ed1i&hellip; <\/p>\n","protected":false},"featured_media":4345,"comment_status":"open","ping_status":"closed","template":"","meta":[],"product_cat":[298],"product_tag":[86,120,87],"class_list":{"0":"post-4344","1":"product","2":"type-product","3":"status-publish","4":"has-post-thumbnail","6":"product_cat-panasonic","7":"product_tag-dai-ly-panasonic-viet-nam","8":"product_tag-dong-co","9":"product_tag-panasonic-viet-nam","11":"first","12":"instock","13":"shipping-taxable","14":"product-type-simple"},"yoast_head":"<!-- This site is optimized with the Yoast SEO plugin v22.8 - https:\/\/yoast.com\/wordpress\/plugins\/seo\/ -->\n<title>PANASONIC MDME102GCGM - OMANI VI\u1ec6T NAM<\/title>\n<meta name=\"description\" content=\"PANASONIC MDME102GCGM Motor\" \/>\n<meta name=\"robots\" content=\"index, follow, max-snippet:-1, max-image-preview:large, max-video-preview:-1\" \/>\n<link rel=\"canonical\" href=\"https:\/\/omanivietnam.com\/index.php\/san-pham\/panasonic-mdme102gcgm\/\" \/>\n<meta property=\"og:locale\" content=\"vi_VN\" \/>\n<meta property=\"og:type\" content=\"article\" \/>\n<meta property=\"og:title\" content=\"PANASONIC MDME102GCGM - OMANI VI\u1ec6T NAM\" \/>\n<meta property=\"og:description\" content=\"PANASONIC MDME102GCGM Motor\" \/>\n<meta property=\"og:url\" content=\"https:\/\/omanivietnam.com\/index.php\/san-pham\/panasonic-mdme102gcgm\/\" \/>\n<meta property=\"og:site_name\" content=\"OMANI VI\u1ec6T NAM\" \/>\n<meta property=\"og:image\" content=\"https:\/\/omanivietnam.com\/wp-content\/uploads\/2025\/08\/MDME102GCGM.png\" \/>\n\t<meta property=\"og:image:width\" content=\"582\" \/>\n\t<meta property=\"og:image:height\" content=\"579\" \/>\n\t<meta property=\"og:image:type\" content=\"image\/png\" \/>\n<meta name=\"twitter:card\" content=\"summary_large_image\" \/>\n<meta name=\"twitter:label1\" content=\"\u01af\u1edbc t\u00ednh th\u1eddi gian \u0111\u1ecdc\" \/>\n\t<meta name=\"twitter:data1\" content=\"2 ph\u00fat\" \/>\n<script type=\"application\/ld+json\" class=\"yoast-schema-graph\">{\"@context\":\"https:\/\/schema.org\",\"@graph\":[{\"@type\":\"WebPage\",\"@id\":\"https:\/\/omanivietnam.com\/index.php\/san-pham\/panasonic-mdme102gcgm\/\",\"url\":\"https:\/\/omanivietnam.com\/index.php\/san-pham\/panasonic-mdme102gcgm\/\",\"name\":\"PANASONIC MDME102GCGM - OMANI VI\u1ec6T NAM\",\"isPartOf\":{\"@id\":\"https:\/\/omanivietnam.com\/#website\"},\"primaryImageOfPage\":{\"@id\":\"https:\/\/omanivietnam.com\/index.php\/san-pham\/panasonic-mdme102gcgm\/#primaryimage\"},\"image\":{\"@id\":\"https:\/\/omanivietnam.com\/index.php\/san-pham\/panasonic-mdme102gcgm\/#primaryimage\"},\"thumbnailUrl\":\"https:\/\/omanivietnam.com\/wp-content\/uploads\/2025\/08\/MDME102GCGM.png\",\"datePublished\":\"2025-08-28T09:24:23+00:00\",\"dateModified\":\"2025-08-28T09:24:23+00:00\",\"description\":\"PANASONIC MDME102GCGM Motor\",\"breadcrumb\":{\"@id\":\"https:\/\/omanivietnam.com\/index.php\/san-pham\/panasonic-mdme102gcgm\/#breadcrumb\"},\"inLanguage\":\"vi\",\"potentialAction\":[{\"@type\":\"ReadAction\",\"target\":[\"https:\/\/omanivietnam.com\/index.php\/san-pham\/panasonic-mdme102gcgm\/\"]}]},{\"@type\":\"ImageObject\",\"inLanguage\":\"vi\",\"@id\":\"https:\/\/omanivietnam.com\/index.php\/san-pham\/panasonic-mdme102gcgm\/#primaryimage\",\"url\":\"https:\/\/omanivietnam.com\/wp-content\/uploads\/2025\/08\/MDME102GCGM.png\",\"contentUrl\":\"https:\/\/omanivietnam.com\/wp-content\/uploads\/2025\/08\/MDME102GCGM.png\",\"width\":582,\"height\":579},{\"@type\":\"BreadcrumbList\",\"@id\":\"https:\/\/omanivietnam.com\/index.php\/san-pham\/panasonic-mdme102gcgm\/#breadcrumb\",\"itemListElement\":[{\"@type\":\"ListItem\",\"position\":1,\"name\":\"Home\",\"item\":\"https:\/\/omanivietnam.com\/\"},{\"@type\":\"ListItem\",\"position\":2,\"name\":\"S\u1ea2N PH\u1ea8M\",\"item\":\"https:\/\/omanivietnam.com\/index.php\/cua-hang\/\"},{\"@type\":\"ListItem\",\"position\":3,\"name\":\"PANASONIC MDME102GCGM\"}]},{\"@type\":\"WebSite\",\"@id\":\"https:\/\/omanivietnam.com\/#website\",\"url\":\"https:\/\/omanivietnam.com\/\",\"name\":\"OMANI VI\u1ec6T NAM\",\"description\":\"Nh\u00e0 ph\u00e2n ph\u1ed1i thi\u1ebft b\u1ecb kh\u00ed n\u00e9n v\u00e0 thi\u1ebft b\u1ecb t\u1ef1 \u0111\u1ed9ng h\u00f3a trong c\u00f4ng nghi\u1ec7p\",\"publisher\":{\"@id\":\"https:\/\/omanivietnam.com\/#\/schema\/person\/0ad398a980dc3fd696111c2c5c8fa897\"},\"potentialAction\":[{\"@type\":\"SearchAction\",\"target\":{\"@type\":\"EntryPoint\",\"urlTemplate\":\"https:\/\/omanivietnam.com\/?s={search_term_string}\"},\"query-input\":\"required name=search_term_string\"}],\"inLanguage\":\"vi\"},{\"@type\":[\"Person\",\"Organization\"],\"@id\":\"https:\/\/omanivietnam.com\/#\/schema\/person\/0ad398a980dc3fd696111c2c5c8fa897\",\"name\":\"Nguy\u1ec5n V\u0103n Kh\u00e1nh\",\"image\":{\"@type\":\"ImageObject\",\"inLanguage\":\"vi\",\"@id\":\"https:\/\/omanivietnam.com\/#\/schema\/person\/image\/\",\"url\":\"https:\/\/omanivietnam.com\/wp-content\/uploads\/2024\/06\/logo-1024x1024.png\",\"contentUrl\":\"https:\/\/omanivietnam.com\/wp-content\/uploads\/2024\/06\/logo-1024x1024.png\",\"width\":1024,\"height\":1024,\"caption\":\"Nguy\u1ec5n V\u0103n Kh\u00e1nh\"},\"logo\":{\"@id\":\"https:\/\/omanivietnam.com\/#\/schema\/person\/image\/\"},\"sameAs\":[\"https:\/\/omanivietnam.com\"]}]}<\/script>\n<!-- \/ Yoast SEO plugin. -->","yoast_head_json":{"title":"PANASONIC MDME102GCGM - OMANI VI\u1ec6T NAM","description":"PANASONIC MDME102GCGM Motor","robots":{"index":"index","follow":"follow","max-snippet":"max-snippet:-1","max-image-preview":"max-image-preview:large","max-video-preview":"max-video-preview:-1"},"canonical":"https:\/\/omanivietnam.com\/index.php\/san-pham\/panasonic-mdme102gcgm\/","og_locale":"vi_VN","og_type":"article","og_title":"PANASONIC MDME102GCGM - OMANI VI\u1ec6T NAM","og_description":"PANASONIC MDME102GCGM Motor","og_url":"https:\/\/omanivietnam.com\/index.php\/san-pham\/panasonic-mdme102gcgm\/","og_site_name":"OMANI VI\u1ec6T NAM","og_image":[{"width":582,"height":579,"url":"https:\/\/omanivietnam.com\/wp-content\/uploads\/2025\/08\/MDME102GCGM.png","type":"image\/png"}],"twitter_card":"summary_large_image","twitter_misc":{"\u01af\u1edbc t\u00ednh th\u1eddi gian \u0111\u1ecdc":"2 ph\u00fat"},"schema":{"@context":"https:\/\/schema.org","@graph":[{"@type":"WebPage","@id":"https:\/\/omanivietnam.com\/index.php\/san-pham\/panasonic-mdme102gcgm\/","url":"https:\/\/omanivietnam.com\/index.php\/san-pham\/panasonic-mdme102gcgm\/","name":"PANASONIC MDME102GCGM - OMANI VI\u1ec6T NAM","isPartOf":{"@id":"https:\/\/omanivietnam.com\/#website"},"primaryImageOfPage":{"@id":"https:\/\/omanivietnam.com\/index.php\/san-pham\/panasonic-mdme102gcgm\/#primaryimage"},"image":{"@id":"https:\/\/omanivietnam.com\/index.php\/san-pham\/panasonic-mdme102gcgm\/#primaryimage"},"thumbnailUrl":"https:\/\/omanivietnam.com\/wp-content\/uploads\/2025\/08\/MDME102GCGM.png","datePublished":"2025-08-28T09:24:23+00:00","dateModified":"2025-08-28T09:24:23+00:00","description":"PANASONIC MDME102GCGM Motor","breadcrumb":{"@id":"https:\/\/omanivietnam.com\/index.php\/san-pham\/panasonic-mdme102gcgm\/#breadcrumb"},"inLanguage":"vi","potentialAction":[{"@type":"ReadAction","target":["https:\/\/omanivietnam.com\/index.php\/san-pham\/panasonic-mdme102gcgm\/"]}]},{"@type":"ImageObject","inLanguage":"vi","@id":"https:\/\/omanivietnam.com\/index.php\/san-pham\/panasonic-mdme102gcgm\/#primaryimage","url":"https:\/\/omanivietnam.com\/wp-content\/uploads\/2025\/08\/MDME102GCGM.png","contentUrl":"https:\/\/omanivietnam.com\/wp-content\/uploads\/2025\/08\/MDME102GCGM.png","width":582,"height":579},{"@type":"BreadcrumbList","@id":"https:\/\/omanivietnam.com\/index.php\/san-pham\/panasonic-mdme102gcgm\/#breadcrumb","itemListElement":[{"@type":"ListItem","position":1,"name":"Home","item":"https:\/\/omanivietnam.com\/"},{"@type":"ListItem","position":2,"name":"S\u1ea2N PH\u1ea8M","item":"https:\/\/omanivietnam.com\/index.php\/cua-hang\/"},{"@type":"ListItem","position":3,"name":"PANASONIC MDME102GCGM"}]},{"@type":"WebSite","@id":"https:\/\/omanivietnam.com\/#website","url":"https:\/\/omanivietnam.com\/","name":"OMANI VI\u1ec6T NAM","description":"Nh\u00e0 ph\u00e2n ph\u1ed1i thi\u1ebft b\u1ecb kh\u00ed n\u00e9n v\u00e0 thi\u1ebft b\u1ecb t\u1ef1 \u0111\u1ed9ng h\u00f3a trong c\u00f4ng nghi\u1ec7p","publisher":{"@id":"https:\/\/omanivietnam.com\/#\/schema\/person\/0ad398a980dc3fd696111c2c5c8fa897"},"potentialAction":[{"@type":"SearchAction","target":{"@type":"EntryPoint","urlTemplate":"https:\/\/omanivietnam.com\/?s={search_term_string}"},"query-input":"required name=search_term_string"}],"inLanguage":"vi"},{"@type":["Person","Organization"],"@id":"https:\/\/omanivietnam.com\/#\/schema\/person\/0ad398a980dc3fd696111c2c5c8fa897","name":"Nguy\u1ec5n V\u0103n Kh\u00e1nh","image":{"@type":"ImageObject","inLanguage":"vi","@id":"https:\/\/omanivietnam.com\/#\/schema\/person\/image\/","url":"https:\/\/omanivietnam.com\/wp-content\/uploads\/2024\/06\/logo-1024x1024.png","contentUrl":"https:\/\/omanivietnam.com\/wp-content\/uploads\/2024\/06\/logo-1024x1024.png","width":1024,"height":1024,"caption":"Nguy\u1ec5n V\u0103n Kh\u00e1nh"},"logo":{"@id":"https:\/\/omanivietnam.com\/#\/schema\/person\/image\/"},"sameAs":["https:\/\/omanivietnam.com"]}]}},"_links":{"self":[{"href":"https:\/\/omanivietnam.com\/index.php\/wp-json\/wp\/v2\/product\/4344","targetHints":{"allow":["GET"]}}],"collection":[{"href":"https:\/\/omanivietnam.com\/index.php\/wp-json\/wp\/v2\/product"}],"about":[{"href":"https:\/\/omanivietnam.com\/index.php\/wp-json\/wp\/v2\/types\/product"}],"replies":[{"embeddable":true,"href":"https:\/\/omanivietnam.com\/index.php\/wp-json\/wp\/v2\/comments?post=4344"}],"wp:featuredmedia":[{"embeddable":true,"href":"https:\/\/omanivietnam.com\/index.php\/wp-json\/wp\/v2\/media\/4345"}],"wp:attachment":[{"href":"https:\/\/omanivietnam.com\/index.php\/wp-json\/wp\/v2\/media?parent=4344"}],"wp:term":[{"taxonomy":"product_cat","embeddable":true,"href":"https:\/\/omanivietnam.com\/index.php\/wp-json\/wp\/v2\/product_cat?post=4344"},{"taxonomy":"product_tag","embeddable":true,"href":"https:\/\/omanivietnam.com\/index.php\/wp-json\/wp\/v2\/product_tag?post=4344"}],"curies":[{"name":"wp","href":"https:\/\/api.w.org\/{rel}","templated":true}]}}