{"id":4352,"date":"2025-08-31T15:35:41","date_gmt":"2025-08-31T08:35:41","guid":{"rendered":"https:\/\/omanivietnam.com\/?post_type=product&#038;p=4352"},"modified":"2025-08-31T15:35:41","modified_gmt":"2025-08-31T08:35:41","slug":"proface-pfxgp4114t2d","status":"publish","type":"product","link":"https:\/\/omanivietnam.com\/index.php\/san-pham\/proface-pfxgp4114t2d\/","title":{"rendered":"PROFACE PFXGP4114T2D"},"content":{"rendered":"<p>PROFACE PFXGP4114T2D<\/p>\n<h1 class=\"product_title entry-title\">HMI Proface PFXGP4114T2D 4.3 inch<\/h1>\n<table class=\"woocommerce-product-attributes shop_attributes\">\n<tbody>\n<tr>\n<td>Display Type<\/td>\n<td>TFT LCD Color Display<\/td>\n<\/tr>\n<tr>\n<td>Display Size<\/td>\n<td>4.3\u2033<\/td>\n<\/tr>\n<tr>\n<td>Resolution<\/td>\n<td>480 x 272 pixels<\/td>\n<\/tr>\n<tr>\n<td>Effective Display Area<\/td>\n<td>W95 x H53.9mm (W3.74 x H2.12 in.)<\/td>\n<\/tr>\n<tr>\n<td>Display Colors<\/td>\n<td>65,536 colors<\/td>\n<\/tr>\n<tr>\n<td>Backlight<\/td>\n<td>White LED (Not user replaceable. When replacement is required, contact your local distributor.)<\/td>\n<\/tr>\n<tr>\n<td>Brightness Control<\/td>\n<td>16 Levels (Adjusted with the touch panel)<\/td>\n<\/tr>\n<tr>\n<td>Language Fonts<\/td>\n<td>Japanese, ASCII, Chinese (Simplified), Chinese (Traditional), Korean, Cyrillic, Thai*1<\/td>\n<\/tr>\n<tr>\n<td>Character Sizes<\/td>\n<td>Standard font: 8 x 8, 8 x 16, 16 x 16 and 32 x 32 pixel fonts, Stroke font: 6 to 80 pixel fonts, Image font: 8 to 72 pixel fonts<\/td>\n<\/tr>\n<tr>\n<td>Font Sizes<\/td>\n<td>Standard font: Width can be expanded up to 8 times. Height can be expanded up to 8 times.<\/td>\n<\/tr>\n<tr>\n<td>8 x 16 dots<\/td>\n<td>25 char. x 5 rows<\/td>\n<\/tr>\n<tr>\n<td>16 x 16 dots<\/td>\n<td>12 char. x 5 rows<\/td>\n<\/tr>\n<tr>\n<td>32 x 32 dots<\/td>\n<td>6 char. x 2 rows<\/td>\n<\/tr>\n<tr>\n<td>Application Memory<\/td>\n<td>8MB*2<\/td>\n<\/tr>\n<tr>\n<td>Data Backup<\/td>\n<td>128KB FLASH EPROM<\/td>\n<\/tr>\n<tr>\n<td>Clock Accuracy<\/td>\n<td>Uses the clock of an external device*3<\/td>\n<\/tr>\n<tr>\n<td>Touch Panel Type<\/td>\n<td>Resistive Film (analog)<\/td>\n<\/tr>\n<tr>\n<td>Touch Panel Resolution<\/td>\n<td>1,024 x 1,024<\/td>\n<\/tr>\n<tr>\n<td>Touch Panel Service Life<\/td>\n<td>1,000,000 times or more<\/td>\n<\/tr>\n<tr>\n<td>Ethernet (LAN)<\/td>\n<td>IEEE802.3i\/IEEE802.3u, 10BASE-T\/100BASE-TX, Connector: Modular jack (RJ-45) x 1<\/td>\n<\/tr>\n<tr>\n<td>USB (TYPE-A)<\/td>\n<td>Conforms to USB2.0 (Type-A) x 1, Power Supply Voltage: DC 5 V \u00b15 %, Communication Distance: 5 m or less*4<\/td>\n<\/tr>\n<tr>\n<td>USB (mini-B)<\/td>\n<td>Conforms to USB2.0 (mini-B) x 1, Communication Distance: 5 m or less<\/td>\n<\/tr>\n<\/tbody>\n<\/table>\n<p>HMI Proface PFXGP3300TADD 5 inch<\/p>\n<p>HMI Proface GP2500-TC41-24V 10.4 inch 24VDC<\/p>\n<p>HMI Proface PFXGP3300TADDK 5.7 inch<\/p>\n<p>HMI Proface AST3201-A1-D24 5.7 inch<\/p>\n<p>HMI Proface AGP3500-T1-D24 5.7 inch 24VDC<\/p>\n<p>HMI Proface GP2300-TC41-24V 5.7 inch 24VDC<\/p>\n<p>HMI Proface PFXGP3400TADDC 7.5 inch<\/p>\n<p><img decoding=\"async\" src=\"https:\/\/ple.vn\/plchmi\/images\/virtuemart\/prodetail\/proface-gp4110-code.jpg\" alt=\"C\u00e1ch tra m\u00e3 HMI Proface PFXGP4114T2D\" \/><\/p>\n","protected":false},"excerpt":{"rendered":"<p>PROFACE PFXGP4114T2D HMI Proface PFXGP4114T2D 4.3 inch Display Type TFT LCD Color Display Display Size 4.3\u2033 Resolution 480 x 272 pixels Effective Display Area W95 x H53.9mm (W3.74 x H2.12 in.) Display Colors 65,536 colors Backlight White LED (Not user replaceable. When replacement is required, contact your local distributor.) Brightness&hellip; <\/p>\n","protected":false},"featured_media":4353,"comment_status":"open","ping_status":"closed","template":"","meta":[],"product_cat":[388],"product_tag":[233,212,232],"class_list":{"0":"post-4352","1":"product","2":"type-product","3":"status-publish","4":"has-post-thumbnail","6":"product_cat-proface","7":"product_tag-dai-ly-proface-viet-nam","8":"product_tag-man-hinh","9":"product_tag-proface-viet-nam","11":"first","12":"instock","13":"shipping-taxable","14":"product-type-simple"},"yoast_head":"<!-- This site is optimized with the Yoast SEO plugin v22.8 - https:\/\/yoast.com\/wordpress\/plugins\/seo\/ -->\n<title>PROFACE PFXGP4114T2D - OMANI VI\u1ec6T NAM<\/title>\n<meta name=\"description\" content=\"PROFACE PFXGP4114T2D HMI\" \/>\n<meta name=\"robots\" content=\"index, follow, max-snippet:-1, max-image-preview:large, max-video-preview:-1\" \/>\n<link rel=\"canonical\" href=\"https:\/\/omanivietnam.com\/index.php\/san-pham\/proface-pfxgp4114t2d\/\" \/>\n<meta property=\"og:locale\" content=\"vi_VN\" \/>\n<meta property=\"og:type\" content=\"article\" \/>\n<meta property=\"og:title\" content=\"PROFACE PFXGP4114T2D - OMANI VI\u1ec6T NAM\" \/>\n<meta property=\"og:description\" content=\"PROFACE PFXGP4114T2D HMI\" \/>\n<meta property=\"og:url\" content=\"https:\/\/omanivietnam.com\/index.php\/san-pham\/proface-pfxgp4114t2d\/\" \/>\n<meta property=\"og:site_name\" content=\"OMANI VI\u1ec6T NAM\" \/>\n<meta property=\"og:image\" content=\"https:\/\/omanivietnam.com\/wp-content\/uploads\/2025\/08\/PFXGP4114T2D.png\" \/>\n\t<meta property=\"og:image:width\" content=\"1208\" \/>\n\t<meta property=\"og:image:height\" content=\"832\" \/>\n\t<meta property=\"og:image:type\" content=\"image\/png\" \/>\n<meta name=\"twitter:card\" content=\"summary_large_image\" \/>\n<meta name=\"twitter:label1\" content=\"\u01af\u1edbc t\u00ednh th\u1eddi gian \u0111\u1ecdc\" \/>\n\t<meta name=\"twitter:data1\" content=\"2 ph\u00fat\" \/>\n<script type=\"application\/ld+json\" class=\"yoast-schema-graph\">{\"@context\":\"https:\/\/schema.org\",\"@graph\":[{\"@type\":\"WebPage\",\"@id\":\"https:\/\/omanivietnam.com\/index.php\/san-pham\/proface-pfxgp4114t2d\/\",\"url\":\"https:\/\/omanivietnam.com\/index.php\/san-pham\/proface-pfxgp4114t2d\/\",\"name\":\"PROFACE PFXGP4114T2D - OMANI VI\u1ec6T NAM\",\"isPartOf\":{\"@id\":\"https:\/\/omanivietnam.com\/#website\"},\"primaryImageOfPage\":{\"@id\":\"https:\/\/omanivietnam.com\/index.php\/san-pham\/proface-pfxgp4114t2d\/#primaryimage\"},\"image\":{\"@id\":\"https:\/\/omanivietnam.com\/index.php\/san-pham\/proface-pfxgp4114t2d\/#primaryimage\"},\"thumbnailUrl\":\"https:\/\/omanivietnam.com\/wp-content\/uploads\/2025\/08\/PFXGP4114T2D.png\",\"datePublished\":\"2025-08-31T08:35:41+00:00\",\"dateModified\":\"2025-08-31T08:35:41+00:00\",\"description\":\"PROFACE PFXGP4114T2D HMI\",\"breadcrumb\":{\"@id\":\"https:\/\/omanivietnam.com\/index.php\/san-pham\/proface-pfxgp4114t2d\/#breadcrumb\"},\"inLanguage\":\"vi\",\"potentialAction\":[{\"@type\":\"ReadAction\",\"target\":[\"https:\/\/omanivietnam.com\/index.php\/san-pham\/proface-pfxgp4114t2d\/\"]}]},{\"@type\":\"ImageObject\",\"inLanguage\":\"vi\",\"@id\":\"https:\/\/omanivietnam.com\/index.php\/san-pham\/proface-pfxgp4114t2d\/#primaryimage\",\"url\":\"https:\/\/omanivietnam.com\/wp-content\/uploads\/2025\/08\/PFXGP4114T2D.png\",\"contentUrl\":\"https:\/\/omanivietnam.com\/wp-content\/uploads\/2025\/08\/PFXGP4114T2D.png\",\"width\":1208,\"height\":832},{\"@type\":\"BreadcrumbList\",\"@id\":\"https:\/\/omanivietnam.com\/index.php\/san-pham\/proface-pfxgp4114t2d\/#breadcrumb\",\"itemListElement\":[{\"@type\":\"ListItem\",\"position\":1,\"name\":\"Home\",\"item\":\"https:\/\/omanivietnam.com\/\"},{\"@type\":\"ListItem\",\"position\":2,\"name\":\"S\u1ea2N PH\u1ea8M\",\"item\":\"https:\/\/omanivietnam.com\/index.php\/cua-hang\/\"},{\"@type\":\"ListItem\",\"position\":3,\"name\":\"PROFACE PFXGP4114T2D\"}]},{\"@type\":\"WebSite\",\"@id\":\"https:\/\/omanivietnam.com\/#website\",\"url\":\"https:\/\/omanivietnam.com\/\",\"name\":\"OMANI VI\u1ec6T NAM\",\"description\":\"Nh\u00e0 ph\u00e2n ph\u1ed1i thi\u1ebft b\u1ecb kh\u00ed n\u00e9n v\u00e0 thi\u1ebft b\u1ecb t\u1ef1 \u0111\u1ed9ng h\u00f3a trong c\u00f4ng nghi\u1ec7p\",\"publisher\":{\"@id\":\"https:\/\/omanivietnam.com\/#\/schema\/person\/0ad398a980dc3fd696111c2c5c8fa897\"},\"potentialAction\":[{\"@type\":\"SearchAction\",\"target\":{\"@type\":\"EntryPoint\",\"urlTemplate\":\"https:\/\/omanivietnam.com\/?s={search_term_string}\"},\"query-input\":\"required name=search_term_string\"}],\"inLanguage\":\"vi\"},{\"@type\":[\"Person\",\"Organization\"],\"@id\":\"https:\/\/omanivietnam.com\/#\/schema\/person\/0ad398a980dc3fd696111c2c5c8fa897\",\"name\":\"Nguy\u1ec5n V\u0103n Kh\u00e1nh\",\"image\":{\"@type\":\"ImageObject\",\"inLanguage\":\"vi\",\"@id\":\"https:\/\/omanivietnam.com\/#\/schema\/person\/image\/\",\"url\":\"https:\/\/omanivietnam.com\/wp-content\/uploads\/2024\/06\/logo-1024x1024.png\",\"contentUrl\":\"https:\/\/omanivietnam.com\/wp-content\/uploads\/2024\/06\/logo-1024x1024.png\",\"width\":1024,\"height\":1024,\"caption\":\"Nguy\u1ec5n V\u0103n Kh\u00e1nh\"},\"logo\":{\"@id\":\"https:\/\/omanivietnam.com\/#\/schema\/person\/image\/\"},\"sameAs\":[\"https:\/\/omanivietnam.com\"]}]}<\/script>\n<!-- \/ Yoast SEO plugin. -->","yoast_head_json":{"title":"PROFACE PFXGP4114T2D - OMANI VI\u1ec6T NAM","description":"PROFACE PFXGP4114T2D HMI","robots":{"index":"index","follow":"follow","max-snippet":"max-snippet:-1","max-image-preview":"max-image-preview:large","max-video-preview":"max-video-preview:-1"},"canonical":"https:\/\/omanivietnam.com\/index.php\/san-pham\/proface-pfxgp4114t2d\/","og_locale":"vi_VN","og_type":"article","og_title":"PROFACE PFXGP4114T2D - OMANI VI\u1ec6T NAM","og_description":"PROFACE PFXGP4114T2D HMI","og_url":"https:\/\/omanivietnam.com\/index.php\/san-pham\/proface-pfxgp4114t2d\/","og_site_name":"OMANI VI\u1ec6T NAM","og_image":[{"width":1208,"height":832,"url":"https:\/\/omanivietnam.com\/wp-content\/uploads\/2025\/08\/PFXGP4114T2D.png","type":"image\/png"}],"twitter_card":"summary_large_image","twitter_misc":{"\u01af\u1edbc t\u00ednh th\u1eddi gian \u0111\u1ecdc":"2 ph\u00fat"},"schema":{"@context":"https:\/\/schema.org","@graph":[{"@type":"WebPage","@id":"https:\/\/omanivietnam.com\/index.php\/san-pham\/proface-pfxgp4114t2d\/","url":"https:\/\/omanivietnam.com\/index.php\/san-pham\/proface-pfxgp4114t2d\/","name":"PROFACE PFXGP4114T2D - OMANI VI\u1ec6T NAM","isPartOf":{"@id":"https:\/\/omanivietnam.com\/#website"},"primaryImageOfPage":{"@id":"https:\/\/omanivietnam.com\/index.php\/san-pham\/proface-pfxgp4114t2d\/#primaryimage"},"image":{"@id":"https:\/\/omanivietnam.com\/index.php\/san-pham\/proface-pfxgp4114t2d\/#primaryimage"},"thumbnailUrl":"https:\/\/omanivietnam.com\/wp-content\/uploads\/2025\/08\/PFXGP4114T2D.png","datePublished":"2025-08-31T08:35:41+00:00","dateModified":"2025-08-31T08:35:41+00:00","description":"PROFACE PFXGP4114T2D HMI","breadcrumb":{"@id":"https:\/\/omanivietnam.com\/index.php\/san-pham\/proface-pfxgp4114t2d\/#breadcrumb"},"inLanguage":"vi","potentialAction":[{"@type":"ReadAction","target":["https:\/\/omanivietnam.com\/index.php\/san-pham\/proface-pfxgp4114t2d\/"]}]},{"@type":"ImageObject","inLanguage":"vi","@id":"https:\/\/omanivietnam.com\/index.php\/san-pham\/proface-pfxgp4114t2d\/#primaryimage","url":"https:\/\/omanivietnam.com\/wp-content\/uploads\/2025\/08\/PFXGP4114T2D.png","contentUrl":"https:\/\/omanivietnam.com\/wp-content\/uploads\/2025\/08\/PFXGP4114T2D.png","width":1208,"height":832},{"@type":"BreadcrumbList","@id":"https:\/\/omanivietnam.com\/index.php\/san-pham\/proface-pfxgp4114t2d\/#breadcrumb","itemListElement":[{"@type":"ListItem","position":1,"name":"Home","item":"https:\/\/omanivietnam.com\/"},{"@type":"ListItem","position":2,"name":"S\u1ea2N PH\u1ea8M","item":"https:\/\/omanivietnam.com\/index.php\/cua-hang\/"},{"@type":"ListItem","position":3,"name":"PROFACE PFXGP4114T2D"}]},{"@type":"WebSite","@id":"https:\/\/omanivietnam.com\/#website","url":"https:\/\/omanivietnam.com\/","name":"OMANI VI\u1ec6T NAM","description":"Nh\u00e0 ph\u00e2n ph\u1ed1i thi\u1ebft b\u1ecb kh\u00ed n\u00e9n v\u00e0 thi\u1ebft b\u1ecb t\u1ef1 \u0111\u1ed9ng h\u00f3a trong c\u00f4ng nghi\u1ec7p","publisher":{"@id":"https:\/\/omanivietnam.com\/#\/schema\/person\/0ad398a980dc3fd696111c2c5c8fa897"},"potentialAction":[{"@type":"SearchAction","target":{"@type":"EntryPoint","urlTemplate":"https:\/\/omanivietnam.com\/?s={search_term_string}"},"query-input":"required name=search_term_string"}],"inLanguage":"vi"},{"@type":["Person","Organization"],"@id":"https:\/\/omanivietnam.com\/#\/schema\/person\/0ad398a980dc3fd696111c2c5c8fa897","name":"Nguy\u1ec5n V\u0103n Kh\u00e1nh","image":{"@type":"ImageObject","inLanguage":"vi","@id":"https:\/\/omanivietnam.com\/#\/schema\/person\/image\/","url":"https:\/\/omanivietnam.com\/wp-content\/uploads\/2024\/06\/logo-1024x1024.png","contentUrl":"https:\/\/omanivietnam.com\/wp-content\/uploads\/2024\/06\/logo-1024x1024.png","width":1024,"height":1024,"caption":"Nguy\u1ec5n V\u0103n Kh\u00e1nh"},"logo":{"@id":"https:\/\/omanivietnam.com\/#\/schema\/person\/image\/"},"sameAs":["https:\/\/omanivietnam.com"]}]}},"_links":{"self":[{"href":"https:\/\/omanivietnam.com\/index.php\/wp-json\/wp\/v2\/product\/4352","targetHints":{"allow":["GET"]}}],"collection":[{"href":"https:\/\/omanivietnam.com\/index.php\/wp-json\/wp\/v2\/product"}],"about":[{"href":"https:\/\/omanivietnam.com\/index.php\/wp-json\/wp\/v2\/types\/product"}],"replies":[{"embeddable":true,"href":"https:\/\/omanivietnam.com\/index.php\/wp-json\/wp\/v2\/comments?post=4352"}],"wp:featuredmedia":[{"embeddable":true,"href":"https:\/\/omanivietnam.com\/index.php\/wp-json\/wp\/v2\/media\/4353"}],"wp:attachment":[{"href":"https:\/\/omanivietnam.com\/index.php\/wp-json\/wp\/v2\/media?parent=4352"}],"wp:term":[{"taxonomy":"product_cat","embeddable":true,"href":"https:\/\/omanivietnam.com\/index.php\/wp-json\/wp\/v2\/product_cat?post=4352"},{"taxonomy":"product_tag","embeddable":true,"href":"https:\/\/omanivietnam.com\/index.php\/wp-json\/wp\/v2\/product_tag?post=4352"}],"curies":[{"name":"wp","href":"https:\/\/api.w.org\/{rel}","templated":true}]}}