{"id":4365,"date":"2025-09-02T16:06:22","date_gmt":"2025-09-02T09:06:22","guid":{"rendered":"https:\/\/omanivietnam.com\/?post_type=product&#038;p=4365"},"modified":"2025-09-02T16:06:23","modified_gmt":"2025-09-02T09:06:23","slug":"smc-mgpm32-25z","status":"publish","type":"product","link":"https:\/\/omanivietnam.com\/index.php\/san-pham\/smc-mgpm32-25z\/","title":{"rendered":"SMC MGPM32-25Z"},"content":{"rendered":"<p>SMC MGPM32-25Z<\/p>\n<div id=\"detailInfo\">\n<div class=\"SectionHeading_header__RkOy6\">\n<h2 class=\"SectionHeading_heading__aHS9f\">Product Description<\/h2>\n<\/div>\n<\/div>\n<div class=\"style_simple_detail__Tzjyy common_common__LsCY7\">Compact cylinder with guide.<br \/>\n[Features]<br \/>\n\u00b7 Shortened guide rod.<br \/>\n\u00b7 Saves space.<br \/>\n\u00b7 By reducing the guide rod length by a maximum 22\u00a0mm, the machining required to create space between the bottom of the cylinder body and the equipment is reduced.<br \/>\n\u00b7 Round auto switches and strong magnetic field resistant auto switches can be directly mounted without spacers.<br \/>\n\u00b7 4 types of mounting are possible.<br \/>\n\u00b7 Piping from either direction.<\/div>\n<div><\/div>\n<div>\n<h3 class=\"SpecTable_specTitle__VZNox\">Configured Specifications<\/h3>\n<ul class=\"SpecTable_tableWrapper__TkrZl\">\n<li class=\"SpecTable_specComplexPN__1foAg\">\n<dl class=\"SpecTable_specTable__XNeik\">\n<dt class=\"SpecTable_specLabel__hvUFG\">Cylinder Operation Method <span style=\"font-weight: 400\">[Double Acting] Double Acting<\/span><\/dt>\n<\/dl>\n<\/li>\n<li class=\"SpecTable_specComplexPN__1foAg\">\n<dl class=\"SpecTable_specTable__XNeik\">\n<dt class=\"SpecTable_specLabel__hvUFG\">Rod Operation Method <span style=\"font-weight: 400\">Single Rods<\/span><\/dt>\n<\/dl>\n<\/li>\n<li class=\"SpecTable_specComplexPN__1foAg\">\n<dl class=\"SpecTable_specTable__XNeik\">\n<dt class=\"SpecTable_specLabel__hvUFG\">Main Body Shape <span style=\"font-weight: 400\">Guided<\/span><\/dt>\n<\/dl>\n<\/li>\n<li class=\"SpecTable_specComplexPN__1foAg\">\n<dl class=\"SpecTable_specTable__XNeik\">\n<dt class=\"SpecTable_specLabel__hvUFG\">Cylinder (Tube) Inner Diameter <span style=\"font-weight: 400\">32<\/span><\/dt>\n<\/dl>\n<\/li>\n<li class=\"SpecTable_specComplexPN__1foAg\">\n<dl class=\"SpecTable_specTable__XNeik\">\n<dt class=\"SpecTable_specLabel__hvUFG\">Stroke <span style=\"font-weight: 400\">25<\/span><\/dt>\n<\/dl>\n<\/li>\n<li class=\"SpecTable_specComplexPN__1foAg\">\n<dl class=\"SpecTable_specTable__XNeik\">\n<dt class=\"SpecTable_specLabel__hvUFG\">Additional Function <span style=\"font-weight: 400\">Standard \/ With rod detent function<\/span><\/dt>\n<\/dl>\n<\/li>\n<li class=\"SpecTable_specComplexPN__1foAg\">\n<dl class=\"SpecTable_specTable__XNeik\">\n<dt class=\"SpecTable_specLabel__hvUFG\">Environment, Applications <span style=\"font-weight: 400\">Standard<\/span><\/dt>\n<\/dl>\n<\/li>\n<li class=\"SpecTable_specComplexPN__1foAg\">\n<dl class=\"SpecTable_specTable__XNeik\">\n<dt class=\"SpecTable_specLabel__hvUFG\">Operating Temperature <span style=\"font-weight: 400\">-10\uff5e60<\/span><\/dt>\n<\/dl>\n<\/li>\n<li class=\"SpecTable_specComplexPN__1foAg\">\n<dl class=\"SpecTable_specTable__XNeik\">\n<dt class=\"SpecTable_specLabel__hvUFG\">Operating Pressure <span style=\"font-weight: 400\">0.1\uff5e1<\/span><\/dt>\n<\/dl>\n<\/li>\n<li class=\"SpecTable_specComplexPN__1foAg\">\n<dl class=\"SpecTable_specTable__XNeik\">\n<dt class=\"SpecTable_specLabel__hvUFG\">Cushion <span style=\"font-weight: 400\">Rubber bumper at both ends<\/span><\/dt>\n<\/dl>\n<\/li>\n<li class=\"SpecTable_specComplexPN__1foAg\">\n<dl class=\"SpecTable_specTable__XNeik\">\n<dt class=\"SpecTable_specLabel__hvUFG\">Port thread type <span style=\"font-weight: 400\">Rc<\/span><\/dt>\n<\/dl>\n<\/li>\n<li class=\"SpecTable_specComplexPN__1foAg\">\n<dl class=\"SpecTable_specTable__XNeik\">\n<dt class=\"SpecTable_specLabel__hvUFG\">Auto Switches <span style=\"font-weight: 400\">None<\/span><\/dt>\n<\/dl>\n<\/li>\n<li class=\"SpecTable_specComplexPN__1foAg\">\n<dl class=\"SpecTable_specTable__XNeik\">\n<dt class=\"SpecTable_specLabel__hvUFG\">Lead Wire <span style=\"font-weight: 400\">&#8211;<\/span><\/dt>\n<\/dl>\n<\/li>\n<li class=\"SpecTable_specComplexPN__1foAg\">\n<dl class=\"SpecTable_specTable__XNeik\">\n<dt class=\"SpecTable_specLabel__hvUFG\">The number of the switches <span style=\"font-weight: 400\">&#8211;<\/span><\/dt>\n<\/dl>\n<\/li>\n<li class=\"SpecTable_specComplexPN__1foAg\">\n<dl class=\"SpecTable_specTable__XNeik\">\n<dt class=\"SpecTable_specLabel__hvUFG\">Type of Shaft Bearing <span style=\"font-weight: 400\">Slide bearing<\/span><\/dt>\n<\/dl>\n<\/li>\n<li class=\"SpecTable_specComplexPN__1foAg\">\n<dl class=\"SpecTable_specTable__XNeik\">\n<dt class=\"SpecTable_specLabel__hvUFG\">Option <span style=\"font-weight: 400\">&#8211;<\/span><\/dt>\n<\/dl>\n<\/li>\n<\/ul>\n<\/div>\n<div><\/div>\n<p class=\"QN2lPu\">Xy lanh MGPM12-100Z<\/p>\n<p class=\"QN2lPu\">Xy lanh MGPM12-10Z<\/p>\n<p class=\"QN2lPu\">Xy lanh MGPM12-125Z<\/p>\n<p class=\"QN2lPu\">Xy lanh MGPM12-150Z<\/p>\n<p class=\"QN2lPu\">Xy lanh MGPM12-15Z<\/p>\n<p class=\"QN2lPu\">Xy lanh MGPM12-20Z<\/p>\n<p class=\"QN2lPu\">Xy lanh MGPM12-25Z<\/p>\n<p class=\"QN2lPu\">Xy lanh MGPM12-30Z<\/p>\n<p class=\"QN2lPu\">Xy lanh MGPM12-40Z<\/p>\n<p class=\"QN2lPu\">Xy lanh MGPM12-50Z<\/p>\n<p class=\"QN2lPu\">Xy lanh MGPM12-75Z<\/p>\n<p class=\"QN2lPu\">Xy lanh MGPM16-100Z<\/p>\n<p class=\"QN2lPu\">Xy lanh MGPM16-10Z<\/p>\n<p class=\"QN2lPu\">Xy lanh MGPM16-125Z<\/p>\n<p class=\"QN2lPu\">Xy lanh MGPM16-150Z<\/p>\n<p class=\"QN2lPu\">Xy lanh MGPM16-15Z<\/p>\n<p class=\"QN2lPu\">Xy lanh MGPM16-20Z<\/p>\n<p class=\"QN2lPu\">Xy lanh MGPM16-25Z<\/p>\n<p class=\"QN2lPu\">Xy lanh MGPM16-30Z<\/p>\n<p class=\"QN2lPu\">Xy lanh MGPM16-40Z<\/p>\n<p class=\"QN2lPu\">Xy lanh MGPM16-50Z<\/p>\n<p class=\"QN2lPu\">Xy lanh MGPM16-75Z<\/p>\n<p class=\"QN2lPu\">Xy lanh MGPM20-100Z<\/p>\n<p class=\"QN2lPu\">Xy lanh MGPM20-125Z<\/p>\n<p class=\"QN2lPu\">Xy lanh MGPM20-20Z<\/p>\n<p class=\"QN2lPu\">Xy lanh MGPM20-25Z<\/p>\n<p class=\"QN2lPu\">Xy lanh MGPM20-30Z<\/p>\n<p class=\"QN2lPu\">Xy lanh MGPM20-40Z<\/p>\n<p class=\"QN2lPu\">Xy lanh MGPM20-50Z<\/p>\n<p class=\"QN2lPu\">Xy lanh MGPM20-75Z<\/p>\n<p class=\"QN2lPu\">Xy lanh MGPM25-100Z<\/p>\n<p class=\"QN2lPu\">Xy lanh MGPM25-125Z<\/p>\n<p class=\"QN2lPu\">Xy lanh MGPM25-20Z<\/p>\n<p class=\"QN2lPu\">Xy lanh MGPM25-25Z<\/p>\n<p class=\"QN2lPu\">Xy lanh MGPM25-30Z<\/p>\n<p class=\"QN2lPu\">Xy lanh MGPM25-40Z<\/p>\n<p class=\"QN2lPu\">Xy lanh MGPM25-50Z<\/p>\n<p class=\"QN2lPu\">Xy lanh MGPM25-75Z<\/p>\n<p class=\"QN2lPu\">Xy lanh MGPM32-25Z<\/p>\n<p class=\"QN2lPu\">Xy lanh MGPM32-50Z<\/p>\n<p class=\"QN2lPu\">Xy lanh MGPM32-75Z<\/p>\n<p class=\"QN2lPu\">Xy lanh MGPM40-50Z<\/p>\n<p class=\"QN2lPu\">Xy lanh MGPM50-40Z<\/p>\n<p class=\"QN2lPu\">Xy lanh MGPM50-50Z<\/p>\n<p class=\"QN2lPu\">Xy lanh MGPM63-50Z<\/p>\n","protected":false},"excerpt":{"rendered":"<p>SMC MGPM32-25Z Product Description Compact cylinder with guide. [Features] \u00b7 Shortened guide rod. \u00b7 Saves space. \u00b7 By reducing the guide rod length by a maximum 22\u00a0mm, the machining required to create space between the bottom of the cylinder body and the equipment is reduced. \u00b7 Round auto switches and&hellip; <\/p>\n","protected":false},"featured_media":4366,"comment_status":"open","ping_status":"closed","template":"","meta":[],"product_cat":[283],"product_tag":[93,92,98],"class_list":{"0":"post-4365","1":"product","2":"type-product","3":"status-publish","4":"has-post-thumbnail","6":"product_cat-smc","7":"product_tag-dai-ly-smc-viet-nam","8":"product_tag-smc-viet-nam","9":"product_tag-xy-lanh-khi","11":"first","12":"instock","13":"shipping-taxable","14":"product-type-simple"},"yoast_head":"<!-- This site is optimized with the Yoast SEO plugin v22.8 - https:\/\/yoast.com\/wordpress\/plugins\/seo\/ -->\n<title>SMC MGPM32-25Z - OMANI VI\u1ec6T NAM<\/title>\n<meta name=\"description\" content=\"SMC MGPM32-25Z Cylinder\" \/>\n<meta name=\"robots\" content=\"index, follow, max-snippet:-1, max-image-preview:large, max-video-preview:-1\" \/>\n<link rel=\"canonical\" href=\"https:\/\/omanivietnam.com\/index.php\/san-pham\/smc-mgpm32-25z\/\" \/>\n<meta property=\"og:locale\" content=\"vi_VN\" \/>\n<meta property=\"og:type\" content=\"article\" \/>\n<meta property=\"og:title\" content=\"SMC MGPM32-25Z - OMANI VI\u1ec6T NAM\" \/>\n<meta property=\"og:description\" content=\"SMC MGPM32-25Z Cylinder\" \/>\n<meta property=\"og:url\" content=\"https:\/\/omanivietnam.com\/index.php\/san-pham\/smc-mgpm32-25z\/\" \/>\n<meta property=\"og:site_name\" content=\"OMANI VI\u1ec6T NAM\" \/>\n<meta property=\"article:modified_time\" content=\"2025-09-02T09:06:23+00:00\" \/>\n<meta property=\"og:image\" content=\"https:\/\/omanivietnam.com\/wp-content\/uploads\/2025\/09\/MGPM32-25Z.png\" \/>\n\t<meta property=\"og:image:width\" content=\"889\" \/>\n\t<meta property=\"og:image:height\" content=\"793\" \/>\n\t<meta property=\"og:image:type\" content=\"image\/png\" \/>\n<meta name=\"twitter:card\" content=\"summary_large_image\" \/>\n<meta name=\"twitter:label1\" content=\"\u01af\u1edbc t\u00ednh th\u1eddi gian \u0111\u1ecdc\" \/>\n\t<meta name=\"twitter:data1\" content=\"2 ph\u00fat\" \/>\n<script type=\"application\/ld+json\" class=\"yoast-schema-graph\">{\"@context\":\"https:\/\/schema.org\",\"@graph\":[{\"@type\":\"WebPage\",\"@id\":\"https:\/\/omanivietnam.com\/index.php\/san-pham\/smc-mgpm32-25z\/\",\"url\":\"https:\/\/omanivietnam.com\/index.php\/san-pham\/smc-mgpm32-25z\/\",\"name\":\"SMC MGPM32-25Z - OMANI VI\u1ec6T NAM\",\"isPartOf\":{\"@id\":\"https:\/\/omanivietnam.com\/#website\"},\"primaryImageOfPage\":{\"@id\":\"https:\/\/omanivietnam.com\/index.php\/san-pham\/smc-mgpm32-25z\/#primaryimage\"},\"image\":{\"@id\":\"https:\/\/omanivietnam.com\/index.php\/san-pham\/smc-mgpm32-25z\/#primaryimage\"},\"thumbnailUrl\":\"https:\/\/omanivietnam.com\/wp-content\/uploads\/2025\/09\/MGPM32-25Z.png\",\"datePublished\":\"2025-09-02T09:06:22+00:00\",\"dateModified\":\"2025-09-02T09:06:23+00:00\",\"description\":\"SMC MGPM32-25Z Cylinder\",\"breadcrumb\":{\"@id\":\"https:\/\/omanivietnam.com\/index.php\/san-pham\/smc-mgpm32-25z\/#breadcrumb\"},\"inLanguage\":\"vi\",\"potentialAction\":[{\"@type\":\"ReadAction\",\"target\":[\"https:\/\/omanivietnam.com\/index.php\/san-pham\/smc-mgpm32-25z\/\"]}]},{\"@type\":\"ImageObject\",\"inLanguage\":\"vi\",\"@id\":\"https:\/\/omanivietnam.com\/index.php\/san-pham\/smc-mgpm32-25z\/#primaryimage\",\"url\":\"https:\/\/omanivietnam.com\/wp-content\/uploads\/2025\/09\/MGPM32-25Z.png\",\"contentUrl\":\"https:\/\/omanivietnam.com\/wp-content\/uploads\/2025\/09\/MGPM32-25Z.png\",\"width\":889,\"height\":793},{\"@type\":\"BreadcrumbList\",\"@id\":\"https:\/\/omanivietnam.com\/index.php\/san-pham\/smc-mgpm32-25z\/#breadcrumb\",\"itemListElement\":[{\"@type\":\"ListItem\",\"position\":1,\"name\":\"Home\",\"item\":\"https:\/\/omanivietnam.com\/\"},{\"@type\":\"ListItem\",\"position\":2,\"name\":\"S\u1ea2N PH\u1ea8M\",\"item\":\"https:\/\/omanivietnam.com\/index.php\/cua-hang\/\"},{\"@type\":\"ListItem\",\"position\":3,\"name\":\"SMC MGPM32-25Z\"}]},{\"@type\":\"WebSite\",\"@id\":\"https:\/\/omanivietnam.com\/#website\",\"url\":\"https:\/\/omanivietnam.com\/\",\"name\":\"OMANI VI\u1ec6T NAM\",\"description\":\"Nh\u00e0 ph\u00e2n ph\u1ed1i thi\u1ebft b\u1ecb kh\u00ed n\u00e9n v\u00e0 thi\u1ebft b\u1ecb t\u1ef1 \u0111\u1ed9ng h\u00f3a trong c\u00f4ng nghi\u1ec7p\",\"publisher\":{\"@id\":\"https:\/\/omanivietnam.com\/#\/schema\/person\/0ad398a980dc3fd696111c2c5c8fa897\"},\"potentialAction\":[{\"@type\":\"SearchAction\",\"target\":{\"@type\":\"EntryPoint\",\"urlTemplate\":\"https:\/\/omanivietnam.com\/?s={search_term_string}\"},\"query-input\":\"required name=search_term_string\"}],\"inLanguage\":\"vi\"},{\"@type\":[\"Person\",\"Organization\"],\"@id\":\"https:\/\/omanivietnam.com\/#\/schema\/person\/0ad398a980dc3fd696111c2c5c8fa897\",\"name\":\"Nguy\u1ec5n V\u0103n Kh\u00e1nh\",\"image\":{\"@type\":\"ImageObject\",\"inLanguage\":\"vi\",\"@id\":\"https:\/\/omanivietnam.com\/#\/schema\/person\/image\/\",\"url\":\"https:\/\/omanivietnam.com\/wp-content\/uploads\/2024\/06\/logo-1024x1024.png\",\"contentUrl\":\"https:\/\/omanivietnam.com\/wp-content\/uploads\/2024\/06\/logo-1024x1024.png\",\"width\":1024,\"height\":1024,\"caption\":\"Nguy\u1ec5n V\u0103n Kh\u00e1nh\"},\"logo\":{\"@id\":\"https:\/\/omanivietnam.com\/#\/schema\/person\/image\/\"},\"sameAs\":[\"https:\/\/omanivietnam.com\"]}]}<\/script>\n<!-- \/ Yoast SEO plugin. -->","yoast_head_json":{"title":"SMC MGPM32-25Z - OMANI VI\u1ec6T NAM","description":"SMC MGPM32-25Z Cylinder","robots":{"index":"index","follow":"follow","max-snippet":"max-snippet:-1","max-image-preview":"max-image-preview:large","max-video-preview":"max-video-preview:-1"},"canonical":"https:\/\/omanivietnam.com\/index.php\/san-pham\/smc-mgpm32-25z\/","og_locale":"vi_VN","og_type":"article","og_title":"SMC MGPM32-25Z - OMANI VI\u1ec6T NAM","og_description":"SMC MGPM32-25Z Cylinder","og_url":"https:\/\/omanivietnam.com\/index.php\/san-pham\/smc-mgpm32-25z\/","og_site_name":"OMANI VI\u1ec6T NAM","article_modified_time":"2025-09-02T09:06:23+00:00","og_image":[{"width":889,"height":793,"url":"https:\/\/omanivietnam.com\/wp-content\/uploads\/2025\/09\/MGPM32-25Z.png","type":"image\/png"}],"twitter_card":"summary_large_image","twitter_misc":{"\u01af\u1edbc t\u00ednh th\u1eddi gian \u0111\u1ecdc":"2 ph\u00fat"},"schema":{"@context":"https:\/\/schema.org","@graph":[{"@type":"WebPage","@id":"https:\/\/omanivietnam.com\/index.php\/san-pham\/smc-mgpm32-25z\/","url":"https:\/\/omanivietnam.com\/index.php\/san-pham\/smc-mgpm32-25z\/","name":"SMC MGPM32-25Z - OMANI VI\u1ec6T NAM","isPartOf":{"@id":"https:\/\/omanivietnam.com\/#website"},"primaryImageOfPage":{"@id":"https:\/\/omanivietnam.com\/index.php\/san-pham\/smc-mgpm32-25z\/#primaryimage"},"image":{"@id":"https:\/\/omanivietnam.com\/index.php\/san-pham\/smc-mgpm32-25z\/#primaryimage"},"thumbnailUrl":"https:\/\/omanivietnam.com\/wp-content\/uploads\/2025\/09\/MGPM32-25Z.png","datePublished":"2025-09-02T09:06:22+00:00","dateModified":"2025-09-02T09:06:23+00:00","description":"SMC MGPM32-25Z Cylinder","breadcrumb":{"@id":"https:\/\/omanivietnam.com\/index.php\/san-pham\/smc-mgpm32-25z\/#breadcrumb"},"inLanguage":"vi","potentialAction":[{"@type":"ReadAction","target":["https:\/\/omanivietnam.com\/index.php\/san-pham\/smc-mgpm32-25z\/"]}]},{"@type":"ImageObject","inLanguage":"vi","@id":"https:\/\/omanivietnam.com\/index.php\/san-pham\/smc-mgpm32-25z\/#primaryimage","url":"https:\/\/omanivietnam.com\/wp-content\/uploads\/2025\/09\/MGPM32-25Z.png","contentUrl":"https:\/\/omanivietnam.com\/wp-content\/uploads\/2025\/09\/MGPM32-25Z.png","width":889,"height":793},{"@type":"BreadcrumbList","@id":"https:\/\/omanivietnam.com\/index.php\/san-pham\/smc-mgpm32-25z\/#breadcrumb","itemListElement":[{"@type":"ListItem","position":1,"name":"Home","item":"https:\/\/omanivietnam.com\/"},{"@type":"ListItem","position":2,"name":"S\u1ea2N PH\u1ea8M","item":"https:\/\/omanivietnam.com\/index.php\/cua-hang\/"},{"@type":"ListItem","position":3,"name":"SMC MGPM32-25Z"}]},{"@type":"WebSite","@id":"https:\/\/omanivietnam.com\/#website","url":"https:\/\/omanivietnam.com\/","name":"OMANI VI\u1ec6T NAM","description":"Nh\u00e0 ph\u00e2n ph\u1ed1i thi\u1ebft b\u1ecb kh\u00ed n\u00e9n v\u00e0 thi\u1ebft b\u1ecb t\u1ef1 \u0111\u1ed9ng h\u00f3a trong c\u00f4ng nghi\u1ec7p","publisher":{"@id":"https:\/\/omanivietnam.com\/#\/schema\/person\/0ad398a980dc3fd696111c2c5c8fa897"},"potentialAction":[{"@type":"SearchAction","target":{"@type":"EntryPoint","urlTemplate":"https:\/\/omanivietnam.com\/?s={search_term_string}"},"query-input":"required name=search_term_string"}],"inLanguage":"vi"},{"@type":["Person","Organization"],"@id":"https:\/\/omanivietnam.com\/#\/schema\/person\/0ad398a980dc3fd696111c2c5c8fa897","name":"Nguy\u1ec5n V\u0103n Kh\u00e1nh","image":{"@type":"ImageObject","inLanguage":"vi","@id":"https:\/\/omanivietnam.com\/#\/schema\/person\/image\/","url":"https:\/\/omanivietnam.com\/wp-content\/uploads\/2024\/06\/logo-1024x1024.png","contentUrl":"https:\/\/omanivietnam.com\/wp-content\/uploads\/2024\/06\/logo-1024x1024.png","width":1024,"height":1024,"caption":"Nguy\u1ec5n V\u0103n Kh\u00e1nh"},"logo":{"@id":"https:\/\/omanivietnam.com\/#\/schema\/person\/image\/"},"sameAs":["https:\/\/omanivietnam.com"]}]}},"_links":{"self":[{"href":"https:\/\/omanivietnam.com\/index.php\/wp-json\/wp\/v2\/product\/4365","targetHints":{"allow":["GET"]}}],"collection":[{"href":"https:\/\/omanivietnam.com\/index.php\/wp-json\/wp\/v2\/product"}],"about":[{"href":"https:\/\/omanivietnam.com\/index.php\/wp-json\/wp\/v2\/types\/product"}],"replies":[{"embeddable":true,"href":"https:\/\/omanivietnam.com\/index.php\/wp-json\/wp\/v2\/comments?post=4365"}],"wp:featuredmedia":[{"embeddable":true,"href":"https:\/\/omanivietnam.com\/index.php\/wp-json\/wp\/v2\/media\/4366"}],"wp:attachment":[{"href":"https:\/\/omanivietnam.com\/index.php\/wp-json\/wp\/v2\/media?parent=4365"}],"wp:term":[{"taxonomy":"product_cat","embeddable":true,"href":"https:\/\/omanivietnam.com\/index.php\/wp-json\/wp\/v2\/product_cat?post=4365"},{"taxonomy":"product_tag","embeddable":true,"href":"https:\/\/omanivietnam.com\/index.php\/wp-json\/wp\/v2\/product_tag?post=4365"}],"curies":[{"name":"wp","href":"https:\/\/api.w.org\/{rel}","templated":true}]}}