{"id":4369,"date":"2025-09-03T21:46:55","date_gmt":"2025-09-03T14:46:55","guid":{"rendered":"https:\/\/omanivietnam.com\/?post_type=product&#038;p=4369"},"modified":"2025-09-03T21:46:55","modified_gmt":"2025-09-03T14:46:55","slug":"jscc-a025","status":"publish","type":"product","link":"https:\/\/omanivietnam.com\/index.php\/san-pham\/jscc-a025\/","title":{"rendered":"JSCC A025"},"content":{"rendered":"<p>JSCC A025<\/p>\n<p><span class=\"text-gray_900\">A025, A040, B075, B150, B220, C075, C150, C220, C300<\/span><\/p>\n<div class=\"text-base text-gray_900 font-medium capitalize\" data-spm-anchor-id=\"fxg_4437992.\/products\/bien-tan-jscc-cua-duc-a025-a040-370w-bien-tan-220v-mot-pha-u.525904753611.0.i26\">Thu\u1ed9c t\u00ednh h\u00e0ng ho\u00e1<\/div>\n<div class=\"relative\">\n<div class=\"grid grid-cols-2 pb-5 ml-3 transition-all duration-700 ease-in-out border-b border-b-gray_290 mb-16\">\n<div class=\"flex items-start gap-3 last-of-type:mb-0 pr-5 transition-all duration-100 ease-out mt-4\">\n<p class=\"text-gray_550 min-w-[200px] w-[200px] m-0 line-clamp-2\" aria-describedby=\":r38:\">Xu\u1ea5t x\u1ee9\u00a0:<\/p>\n<div class=\"line-clamp-2\" aria-describedby=\":r3a:\"><span class=\"text-gray_900\">China<\/span><\/div>\n<\/div>\n<div class=\"flex items-start gap-3 last-of-type:mb-0 pr-5 transition-all duration-100 ease-out mt-4\">\n<p class=\"text-gray_550 min-w-[200px] w-[200px] m-0 line-clamp-2\" aria-describedby=\":r3c:\">\u0110\u00e1nh gi\u00e1 hi\u1ec7n t\u1ea1i\u00a0:<\/p>\n<div class=\"line-clamp-2\" aria-describedby=\":r3e:\"><span class=\"text-gray_900\">1.8<\/span><\/div>\n<\/div>\n<div class=\"flex items-start gap-3 last-of-type:mb-0 pr-5 transition-all duration-100 ease-out mt-4\">\n<p class=\"text-gray_550 min-w-[200px] w-[200px] m-0 line-clamp-2\" aria-describedby=\":r3g:\">\u0110i\u1ec7n \u00e1p \u0111\u1ecbnh m\u1ee9c\u00a0:<\/p>\n<div class=\"line-clamp-2\" aria-describedby=\":r3i:\"><span class=\"text-gray_900\">M\u1ed9t pha\/ba pha AC220<\/span><\/div>\n<\/div>\n<div class=\"flex items-start gap-3 last-of-type:mb-0 pr-5 transition-all duration-100 ease-out mt-4\">\n<p class=\"text-gray_550 min-w-[200px] w-[200px] m-0 line-clamp-2\" aria-describedby=\":r3k:\">Cung c\u1ea5p \u0111i\u1ec7n \u00e1p\u00a0:<\/p>\n<div class=\"line-clamp-2\" aria-describedby=\":r3m:\"><span class=\"text-gray_900\">\u00c1p su\u1ea5t th\u1ea5p<\/span><\/div>\n<\/div>\n<div class=\"flex items-start gap-3 last-of-type:mb-0 pr-5 transition-all duration-100 ease-out mt-4\">\n<p class=\"text-gray_550 min-w-[200px] w-[200px] m-0 line-clamp-2\" aria-describedby=\":r3o:\">S\u1ed1 m\u1eb7t h\u00e0ng\u00a0:<\/p>\n<div class=\"line-clamp-2\" aria-describedby=\":r3q:\"><span class=\"text-gray_900\">A040<\/span><\/div>\n<\/div>\n<div class=\"flex items-start gap-3 last-of-type:mb-0 pr-5 transition-all duration-100 ease-out mt-4\">\n<p class=\"text-gray_550 min-w-[200px] w-[200px] m-0 line-clamp-2\" aria-describedby=\":r3s:\">C\u00e1ch ki\u1ec3m so\u00e1t\u00a0:<\/p>\n<div class=\"line-clamp-2\" aria-describedby=\":r3u:\"><span class=\"text-gray_900\">Vector hi\u1ec7n t\u1ea1i<\/span><\/div>\n<\/div>\n<div class=\"flex items-start gap-3 last-of-type:mb-0 pr-5 transition-all duration-100 ease-out mt-4\">\n<p class=\"text-gray_550 min-w-[200px] w-[200px] m-0 line-clamp-2\" aria-describedby=\":r40:\">Th\u01b0\u01a1ng hi\u1ec7u\u00a0:<\/p>\n<div class=\"line-clamp-2\" aria-describedby=\":r42:\"><span class=\"text-gray_900\">JSCC<\/span><\/div>\n<\/div>\n<div class=\"flex items-start gap-3 last-of-type:mb-0 pr-5 transition-all duration-100 ease-out mt-4\">\n<p class=\"text-gray_550 min-w-[200px] w-[200px] m-0 line-clamp-2\" aria-describedby=\":r44:\">S\u1ed1 Model\u00a0:<\/p>\n<div class=\"line-clamp-2\" aria-describedby=\":r46:\"><span class=\"text-gray_900\">A025, A040, B075, B150, B220, C075, C150, C220, C300<\/span><\/div>\n<\/div>\n<div class=\"flex items-start gap-3 last-of-type:mb-0 pr-5 transition-all duration-100 ease-out mt-4\">\n<p class=\"text-gray_550 min-w-[200px] w-[200px] m-0 line-clamp-2\" aria-describedby=\":r48:\">Ph\u1ea1m vi \u1ee9ng d\u1ee5ng\u00a0:<\/p>\n<div class=\"line-clamp-2\" aria-describedby=\":r4a:\"><span class=\"text-gray_900\">Th\u00f4ng d\u1ee5ng<\/span><\/div>\n<\/div>\n<div class=\"flex items-start gap-3 last-of-type:mb-0 pr-5 transition-all duration-100 ease-out mt-4\">\n<p class=\"text-gray_550 min-w-[200px] w-[200px] m-0 line-clamp-2\" aria-describedby=\":r4c:\">Ph\u01b0\u01a1ng ph\u00e1p ti\u1ebfp th\u1ecb\u00a0:<\/p>\n<div class=\"line-clamp-2\" aria-describedby=\":r4e:\"><span class=\"text-gray_900\">B\u00e1n h\u00e0ng tr\u1ef1c ti\u1ebfp t\u1ea1i nh\u00e0 m\u00e1y<\/span><\/div>\n<\/div>\n<div class=\"flex items-start gap-3 last-of-type:mb-0 pr-5 transition-all duration-100 ease-out mt-4\">\n<div class=\"line-clamp-2\" aria-describedby=\":r4i:\"><\/div>\n<\/div>\n<div class=\"flex items-start gap-3 last-of-type:mb-0 pr-5 transition-all duration-100 ease-out mt-4\">\n<p class=\"text-gray_550 min-w-[200px] w-[200px] m-0 line-clamp-2\" aria-describedby=\":r4k:\">D\u00f2ng s\u1ea3n ph\u1ea9m\u00a0:<\/p>\n<div class=\"line-clamp-2\" aria-describedby=\":r4m:\"><span class=\"text-gray_900\">VP<\/span><\/div>\n<\/div>\n<div class=\"flex items-start gap-3 last-of-type:mb-0 pr-5 transition-all duration-100 ease-out mt-4\">\n<p class=\"text-gray_550 min-w-[200px] w-[200px] m-0 line-clamp-2\" aria-describedby=\":r4o:\">Ch\u1ebf \u0111\u1ed9 \u0111i\u1ec1u ch\u1ec9nh \u0111i\u1ec7n \u00e1p \u0111\u1ea7u ra\u00a0:<\/p>\n<div class=\"line-clamp-2\" aria-describedby=\":r4q:\"><span class=\"text-gray_900\" data-spm-anchor-id=\"fxg_4437992.\/products\/bien-tan-jscc-cua-duc-a025-a040-370w-bien-tan-220v-mot-pha-u.525904753611.0.i27\">\u0110i\u1ec1u khi\u1ec3n PAM<\/span><\/div>\n<\/div>\n<div class=\"flex items-start gap-3 last-of-type:mb-0 pr-5 transition-all duration-100 ease-out mt-4\">\n<p class=\"text-gray_550 min-w-[200px] w-[200px] m-0 line-clamp-2\" aria-describedby=\":r4s:\">S\u1ed1 pha ngu\u1ed3n\u00a0:<\/p>\n<div class=\"line-clamp-2\" aria-describedby=\":r4u:\"><span class=\"text-gray_900\">M\u1ed9t pha<\/span><\/div>\n<\/div>\n<div class=\"flex items-start gap-3 last-of-type:mb-0 pr-5 transition-all duration-100 ease-out mt-4\">\n<p class=\"text-gray_550 min-w-[200px] w-[200px] m-0 line-clamp-2\" aria-describedby=\":r50:\">B\u1ed9 l\u1ecdc\u00a0:<\/p>\n<div class=\"line-clamp-2\" aria-describedby=\":r52:\"><span class=\"text-gray_900\">B\u1ed9 L\u1ecdc 1A t\u00edch h\u1ee3p<\/span><\/div>\n<\/div>\n<div class=\"flex items-start gap-3 last-of-type:mb-0 pr-5 transition-all duration-100 ease-out mt-4\">\n<p class=\"text-gray_550 min-w-[200px] w-[200px] m-0 line-clamp-2\" aria-describedby=\":r54:\">C\u00f4ng su\u1ea5t \u0111\u1ed9ng c\u01a1 th\u00edch \u1ee9ng\u00a0:<\/p>\n<div class=\"line-clamp-2\" aria-describedby=\":r56:\"><span class=\"text-gray_900\">0.4<\/span><\/div>\n<\/div>\n<div class=\"flex items-start gap-3 last-of-type:mb-0 pr-5 transition-all duration-100 ease-out mt-4\">\n<p class=\"text-gray_550 min-w-[200px] w-[200px] m-0 line-clamp-2\" aria-describedby=\":r58:\">B\u1ea3n ch\u1ea5t ngu\u1ed3n DC\u00a0:<\/p>\n<div class=\"line-clamp-2\" aria-describedby=\":r5a:\"><span class=\"text-gray_900\">Lo\u1ea1i hi\u1ec7n t\u1ea1i<\/span><\/div>\n<\/div>\n<div class=\"flex items-start gap-3 last-of-type:mb-0 pr-5 transition-all duration-100 ease-out mt-4\">\n<p class=\"text-gray_550 min-w-[200px] w-[200px] m-0 line-clamp-2\" aria-describedby=\":r5c:\">S\u1ed1 \u0111\u1eb7t h\u00e0ng\u00a0:<\/p>\n<div class=\"line-clamp-2\" aria-describedby=\":r5e:\"><span class=\"text-gray_900\">A040<\/span><\/div>\n<\/div>\n<div class=\"flex items-start gap-3 last-of-type:mb-0 pr-5 transition-all duration-100 ease-out mt-4\">\n<p class=\"text-gray_550 min-w-[200px] w-[200px] m-0 line-clamp-2\" aria-describedby=\":r5g:\">S\u1ed1 v\u1eadt li\u1ec7u\u00a0:<\/p>\n<div class=\"line-clamp-2\" aria-describedby=\":r5i:\"><span class=\"text-gray_900\">1105230<\/span><\/div>\n<\/div>\n<div class=\"flex items-start gap-3 last-of-type:mb-0 pr-5 transition-all duration-100 ease-out mt-4\">\n<p class=\"text-gray_550 min-w-[200px] w-[200px] m-0 line-clamp-2\" aria-describedby=\":r5k:\">K\u00edch th\u01b0\u1edbc (r\u1ed9ng x cao x d\u00e0y)\u00a0:<\/p>\n<div class=\"line-clamp-2\" aria-describedby=\":r5m:\"><span class=\"text-gray_900\">70x131x107<\/span><\/div>\n<\/div>\n<div class=\"flex items-start gap-3 last-of-type:mb-0 pr-5 transition-all duration-100 ease-out mt-4\">\n<div class=\"line-clamp-2\" aria-describedby=\":r5q:\"><\/div>\n<\/div>\n<\/div>\n<\/div>\n","protected":false},"excerpt":{"rendered":"<p>JSCC A025 A025, A040, B075, B150, B220, C075, C150, C220, C300 Thu\u1ed9c t\u00ednh h\u00e0ng ho\u00e1 Xu\u1ea5t x\u1ee9\u00a0: China \u0110\u00e1nh gi\u00e1 hi\u1ec7n t\u1ea1i\u00a0: 1.8 \u0110i\u1ec7n \u00e1p \u0111\u1ecbnh m\u1ee9c\u00a0: M\u1ed9t pha\/ba pha AC220 Cung c\u1ea5p \u0111i\u1ec7n \u00e1p\u00a0: \u00c1p su\u1ea5t th\u1ea5p S\u1ed1 m\u1eb7t h\u00e0ng\u00a0: A040 C\u00e1ch ki\u1ec3m so\u00e1t\u00a0: Vector hi\u1ec7n t\u1ea1i Th\u01b0\u01a1ng hi\u1ec7u\u00a0:&hellip; <\/p>\n","protected":false},"featured_media":4370,"comment_status":"open","ping_status":"closed","template":"","meta":[],"product_cat":[833],"product_tag":[306,271,270],"class_list":{"0":"post-4369","1":"product","2":"type-product","3":"status-publish","4":"has-post-thumbnail","6":"product_cat-jscc","7":"product_tag-bien-tan","8":"product_tag-dai-ly-jscc-viet-nam","9":"product_tag-jscc-viet-nam","11":"first","12":"instock","13":"shipping-taxable","14":"product-type-simple"},"yoast_head":"<!-- This site is optimized with the Yoast SEO plugin v22.8 - https:\/\/yoast.com\/wordpress\/plugins\/seo\/ -->\n<title>JSCC A025 - OMANI VI\u1ec6T NAM<\/title>\n<meta name=\"description\" content=\"JSCC A025 Inverter\" \/>\n<meta name=\"robots\" content=\"index, follow, max-snippet:-1, max-image-preview:large, max-video-preview:-1\" \/>\n<link rel=\"canonical\" href=\"https:\/\/omanivietnam.com\/index.php\/san-pham\/jscc-a025\/\" \/>\n<meta property=\"og:locale\" content=\"vi_VN\" \/>\n<meta property=\"og:type\" content=\"article\" \/>\n<meta property=\"og:title\" content=\"JSCC A025 - OMANI VI\u1ec6T NAM\" \/>\n<meta property=\"og:description\" content=\"JSCC A025 Inverter\" \/>\n<meta property=\"og:url\" content=\"https:\/\/omanivietnam.com\/index.php\/san-pham\/jscc-a025\/\" \/>\n<meta property=\"og:site_name\" content=\"OMANI VI\u1ec6T NAM\" \/>\n<meta property=\"og:image\" content=\"https:\/\/omanivietnam.com\/wp-content\/uploads\/2025\/09\/A025.png\" \/>\n\t<meta property=\"og:image:width\" content=\"1089\" \/>\n\t<meta property=\"og:image:height\" content=\"912\" \/>\n\t<meta property=\"og:image:type\" content=\"image\/png\" \/>\n<meta name=\"twitter:card\" content=\"summary_large_image\" \/>\n<meta name=\"twitter:label1\" content=\"\u01af\u1edbc t\u00ednh th\u1eddi gian \u0111\u1ecdc\" \/>\n\t<meta name=\"twitter:data1\" content=\"1 ph\u00fat\" \/>\n<script type=\"application\/ld+json\" class=\"yoast-schema-graph\">{\"@context\":\"https:\/\/schema.org\",\"@graph\":[{\"@type\":\"WebPage\",\"@id\":\"https:\/\/omanivietnam.com\/index.php\/san-pham\/jscc-a025\/\",\"url\":\"https:\/\/omanivietnam.com\/index.php\/san-pham\/jscc-a025\/\",\"name\":\"JSCC A025 - OMANI VI\u1ec6T NAM\",\"isPartOf\":{\"@id\":\"https:\/\/omanivietnam.com\/#website\"},\"primaryImageOfPage\":{\"@id\":\"https:\/\/omanivietnam.com\/index.php\/san-pham\/jscc-a025\/#primaryimage\"},\"image\":{\"@id\":\"https:\/\/omanivietnam.com\/index.php\/san-pham\/jscc-a025\/#primaryimage\"},\"thumbnailUrl\":\"https:\/\/omanivietnam.com\/wp-content\/uploads\/2025\/09\/A025.png\",\"datePublished\":\"2025-09-03T14:46:55+00:00\",\"dateModified\":\"2025-09-03T14:46:55+00:00\",\"description\":\"JSCC A025 Inverter\",\"breadcrumb\":{\"@id\":\"https:\/\/omanivietnam.com\/index.php\/san-pham\/jscc-a025\/#breadcrumb\"},\"inLanguage\":\"vi\",\"potentialAction\":[{\"@type\":\"ReadAction\",\"target\":[\"https:\/\/omanivietnam.com\/index.php\/san-pham\/jscc-a025\/\"]}]},{\"@type\":\"ImageObject\",\"inLanguage\":\"vi\",\"@id\":\"https:\/\/omanivietnam.com\/index.php\/san-pham\/jscc-a025\/#primaryimage\",\"url\":\"https:\/\/omanivietnam.com\/wp-content\/uploads\/2025\/09\/A025.png\",\"contentUrl\":\"https:\/\/omanivietnam.com\/wp-content\/uploads\/2025\/09\/A025.png\",\"width\":1089,\"height\":912},{\"@type\":\"BreadcrumbList\",\"@id\":\"https:\/\/omanivietnam.com\/index.php\/san-pham\/jscc-a025\/#breadcrumb\",\"itemListElement\":[{\"@type\":\"ListItem\",\"position\":1,\"name\":\"Home\",\"item\":\"https:\/\/omanivietnam.com\/\"},{\"@type\":\"ListItem\",\"position\":2,\"name\":\"S\u1ea2N PH\u1ea8M\",\"item\":\"https:\/\/omanivietnam.com\/index.php\/cua-hang\/\"},{\"@type\":\"ListItem\",\"position\":3,\"name\":\"JSCC A025\"}]},{\"@type\":\"WebSite\",\"@id\":\"https:\/\/omanivietnam.com\/#website\",\"url\":\"https:\/\/omanivietnam.com\/\",\"name\":\"OMANI VI\u1ec6T NAM\",\"description\":\"Nh\u00e0 ph\u00e2n ph\u1ed1i thi\u1ebft b\u1ecb kh\u00ed n\u00e9n v\u00e0 thi\u1ebft b\u1ecb t\u1ef1 \u0111\u1ed9ng h\u00f3a trong c\u00f4ng nghi\u1ec7p\",\"publisher\":{\"@id\":\"https:\/\/omanivietnam.com\/#\/schema\/person\/0ad398a980dc3fd696111c2c5c8fa897\"},\"potentialAction\":[{\"@type\":\"SearchAction\",\"target\":{\"@type\":\"EntryPoint\",\"urlTemplate\":\"https:\/\/omanivietnam.com\/?s={search_term_string}\"},\"query-input\":\"required name=search_term_string\"}],\"inLanguage\":\"vi\"},{\"@type\":[\"Person\",\"Organization\"],\"@id\":\"https:\/\/omanivietnam.com\/#\/schema\/person\/0ad398a980dc3fd696111c2c5c8fa897\",\"name\":\"Nguy\u1ec5n V\u0103n Kh\u00e1nh\",\"image\":{\"@type\":\"ImageObject\",\"inLanguage\":\"vi\",\"@id\":\"https:\/\/omanivietnam.com\/#\/schema\/person\/image\/\",\"url\":\"https:\/\/omanivietnam.com\/wp-content\/uploads\/2024\/06\/logo-1024x1024.png\",\"contentUrl\":\"https:\/\/omanivietnam.com\/wp-content\/uploads\/2024\/06\/logo-1024x1024.png\",\"width\":1024,\"height\":1024,\"caption\":\"Nguy\u1ec5n V\u0103n Kh\u00e1nh\"},\"logo\":{\"@id\":\"https:\/\/omanivietnam.com\/#\/schema\/person\/image\/\"},\"sameAs\":[\"https:\/\/omanivietnam.com\"]}]}<\/script>\n<!-- \/ Yoast SEO plugin. -->","yoast_head_json":{"title":"JSCC A025 - OMANI VI\u1ec6T NAM","description":"JSCC A025 Inverter","robots":{"index":"index","follow":"follow","max-snippet":"max-snippet:-1","max-image-preview":"max-image-preview:large","max-video-preview":"max-video-preview:-1"},"canonical":"https:\/\/omanivietnam.com\/index.php\/san-pham\/jscc-a025\/","og_locale":"vi_VN","og_type":"article","og_title":"JSCC A025 - OMANI VI\u1ec6T NAM","og_description":"JSCC A025 Inverter","og_url":"https:\/\/omanivietnam.com\/index.php\/san-pham\/jscc-a025\/","og_site_name":"OMANI VI\u1ec6T NAM","og_image":[{"width":1089,"height":912,"url":"https:\/\/omanivietnam.com\/wp-content\/uploads\/2025\/09\/A025.png","type":"image\/png"}],"twitter_card":"summary_large_image","twitter_misc":{"\u01af\u1edbc t\u00ednh th\u1eddi gian \u0111\u1ecdc":"1 ph\u00fat"},"schema":{"@context":"https:\/\/schema.org","@graph":[{"@type":"WebPage","@id":"https:\/\/omanivietnam.com\/index.php\/san-pham\/jscc-a025\/","url":"https:\/\/omanivietnam.com\/index.php\/san-pham\/jscc-a025\/","name":"JSCC A025 - OMANI VI\u1ec6T NAM","isPartOf":{"@id":"https:\/\/omanivietnam.com\/#website"},"primaryImageOfPage":{"@id":"https:\/\/omanivietnam.com\/index.php\/san-pham\/jscc-a025\/#primaryimage"},"image":{"@id":"https:\/\/omanivietnam.com\/index.php\/san-pham\/jscc-a025\/#primaryimage"},"thumbnailUrl":"https:\/\/omanivietnam.com\/wp-content\/uploads\/2025\/09\/A025.png","datePublished":"2025-09-03T14:46:55+00:00","dateModified":"2025-09-03T14:46:55+00:00","description":"JSCC A025 Inverter","breadcrumb":{"@id":"https:\/\/omanivietnam.com\/index.php\/san-pham\/jscc-a025\/#breadcrumb"},"inLanguage":"vi","potentialAction":[{"@type":"ReadAction","target":["https:\/\/omanivietnam.com\/index.php\/san-pham\/jscc-a025\/"]}]},{"@type":"ImageObject","inLanguage":"vi","@id":"https:\/\/omanivietnam.com\/index.php\/san-pham\/jscc-a025\/#primaryimage","url":"https:\/\/omanivietnam.com\/wp-content\/uploads\/2025\/09\/A025.png","contentUrl":"https:\/\/omanivietnam.com\/wp-content\/uploads\/2025\/09\/A025.png","width":1089,"height":912},{"@type":"BreadcrumbList","@id":"https:\/\/omanivietnam.com\/index.php\/san-pham\/jscc-a025\/#breadcrumb","itemListElement":[{"@type":"ListItem","position":1,"name":"Home","item":"https:\/\/omanivietnam.com\/"},{"@type":"ListItem","position":2,"name":"S\u1ea2N PH\u1ea8M","item":"https:\/\/omanivietnam.com\/index.php\/cua-hang\/"},{"@type":"ListItem","position":3,"name":"JSCC A025"}]},{"@type":"WebSite","@id":"https:\/\/omanivietnam.com\/#website","url":"https:\/\/omanivietnam.com\/","name":"OMANI VI\u1ec6T NAM","description":"Nh\u00e0 ph\u00e2n ph\u1ed1i thi\u1ebft b\u1ecb kh\u00ed n\u00e9n v\u00e0 thi\u1ebft b\u1ecb t\u1ef1 \u0111\u1ed9ng h\u00f3a trong c\u00f4ng nghi\u1ec7p","publisher":{"@id":"https:\/\/omanivietnam.com\/#\/schema\/person\/0ad398a980dc3fd696111c2c5c8fa897"},"potentialAction":[{"@type":"SearchAction","target":{"@type":"EntryPoint","urlTemplate":"https:\/\/omanivietnam.com\/?s={search_term_string}"},"query-input":"required name=search_term_string"}],"inLanguage":"vi"},{"@type":["Person","Organization"],"@id":"https:\/\/omanivietnam.com\/#\/schema\/person\/0ad398a980dc3fd696111c2c5c8fa897","name":"Nguy\u1ec5n V\u0103n Kh\u00e1nh","image":{"@type":"ImageObject","inLanguage":"vi","@id":"https:\/\/omanivietnam.com\/#\/schema\/person\/image\/","url":"https:\/\/omanivietnam.com\/wp-content\/uploads\/2024\/06\/logo-1024x1024.png","contentUrl":"https:\/\/omanivietnam.com\/wp-content\/uploads\/2024\/06\/logo-1024x1024.png","width":1024,"height":1024,"caption":"Nguy\u1ec5n V\u0103n Kh\u00e1nh"},"logo":{"@id":"https:\/\/omanivietnam.com\/#\/schema\/person\/image\/"},"sameAs":["https:\/\/omanivietnam.com"]}]}},"_links":{"self":[{"href":"https:\/\/omanivietnam.com\/index.php\/wp-json\/wp\/v2\/product\/4369","targetHints":{"allow":["GET"]}}],"collection":[{"href":"https:\/\/omanivietnam.com\/index.php\/wp-json\/wp\/v2\/product"}],"about":[{"href":"https:\/\/omanivietnam.com\/index.php\/wp-json\/wp\/v2\/types\/product"}],"replies":[{"embeddable":true,"href":"https:\/\/omanivietnam.com\/index.php\/wp-json\/wp\/v2\/comments?post=4369"}],"wp:featuredmedia":[{"embeddable":true,"href":"https:\/\/omanivietnam.com\/index.php\/wp-json\/wp\/v2\/media\/4370"}],"wp:attachment":[{"href":"https:\/\/omanivietnam.com\/index.php\/wp-json\/wp\/v2\/media?parent=4369"}],"wp:term":[{"taxonomy":"product_cat","embeddable":true,"href":"https:\/\/omanivietnam.com\/index.php\/wp-json\/wp\/v2\/product_cat?post=4369"},{"taxonomy":"product_tag","embeddable":true,"href":"https:\/\/omanivietnam.com\/index.php\/wp-json\/wp\/v2\/product_tag?post=4369"}],"curies":[{"name":"wp","href":"https:\/\/api.w.org\/{rel}","templated":true}]}}