{"id":4389,"date":"2025-09-10T21:48:05","date_gmt":"2025-09-10T14:48:05","guid":{"rendered":"https:\/\/omanivietnam.com\/?post_type=product&#038;p=4389"},"modified":"2025-09-10T21:48:05","modified_gmt":"2025-09-10T14:48:05","slug":"noken-t2m1","status":"publish","type":"product","link":"https:\/\/omanivietnam.com\/index.php\/san-pham\/noken-t2m1\/","title":{"rendered":"NOKEN T2M1"},"content":{"rendered":"<p>NOKEN T2M1<\/p>\n<p class=\"product-title entry-title\">Can nhi\u1ec7t \u0111\u1ed9 T2M1 Noken<\/p>\n<p>C\u1ea3m bi\u1ebfn can nhi\u1ec7t lo\u1ea1i S Model : T2M1 Thang \u0111o: 0-1600 C \u0110\u01b0\u1eddng k\u00ednh que \u0111o b\u1eb1ng s\u1ee9 : 17mm Chi\u1ec1u d\u00e0i que \u0111o b\u0103ng s\u1ee9 : 1000mm \u0110\u01b0\u1eddng k\u00ednh ph\u1ea7n inox : 21mm Chi\u1ec1u d\u00e0i ph\u1ea7n Inox : 250mm Chi\u1ec1u d\u00e0i t\u1ed5ng: 1250mm Ren k\u1ebft n\u1ed1i : Kh\u00f4ng Xu\u1ea5t x\u1ee9 : NOKEN &#8211; Italy<\/p>\n<p><strong>C\u1ecdc d\u00f2 nhi\u1ec7t lo\u1ea1i S \u2013 T2M1<\/strong><\/p>\n<ul>\n<li>C\u1ea3m bi\u1ebfn nhi\u1ec7t \u0111\u1ed9 lo\u1ea1i S \u2013 \u0110\u1ea7u d\u00f2 nhi\u1ec7t lo\u1ea1i S<\/li>\n<li>Model:\u00a0<strong>T2M1<\/strong><\/li>\n<li>Chi\u1ec1u d\u00e0i que \u0111o ph\u1ea7n s\u1ee9 : 100mm, 200mm, 300mm, 400mm, 500mm, 600mm, 700mm, 800mm, 900mm, 1000mm<\/li>\n<li>Chi\u1ec1u d\u00e0i que \u0111o ph\u1ea7n SS304: 50mm, 100mm, 200mm, 300mm\u20261000mm.<\/li>\n<li>\u0110\u01b0\u1eddng k\u00ednh ph\u1ea7n s\u1ee9: 17mm<\/li>\n<li>\u0110\u01b0\u1eddng k\u00ednh ph\u1ea7n SS304: 21mm<\/li>\n<li>Nhi\u1ec7t \u0111\u1ed9 \u0111o c\u1ee7a \u0111\u1ea7u d\u00f2 can S l\u1edbn nh\u1ea5t :\u00a0<strong>1600 \u0111\u1ed9 C<\/strong><\/li>\n<li>V\u1eadt li\u1ec7u c\u1ee7a l\u00f5i : L\u00f5i can nhi\u1ec7t S \u0111\u01b0\u1ee3c c\u1ea5u t\u1ea1o t\u1eeb\u00a0\u00a0<strong>90% plantium<\/strong>\u00a0( k\u00fd hi\u1ec7u h\u00f3a h\u1ecdc l\u00e0 Pt ) v\u00e0\u00a0\u00a0<strong>10% Rhodium<\/strong>\u00a0(c\u00f3 k\u00ed hi\u1ec7u h\u00f3a h\u1ecdc l\u00e0 Rh).<\/li>\n<li>Sai s\u1ed1 c\u1ee7a d\u00f2ng can S trong kho\u1ea3ng:\u00a0<strong>+\/- 10 \u0111\u1ed9 C<\/strong><\/li>\n<li>Ti\u00eau chu\u1ea9n b\u1ea3o v\u1ec7 \u0111\u1ea1t IP67<\/li>\n<li>Ren k\u1ebft n\u1ed1i c\u1ee7a c\u1ea3m bi\u1ebfn c\u00f3 th\u1ec3 tu\u1ef3 ch\u1ecdn nh\u01b0: G3\/4, NPT 3\/4, G1, NPT 1..<\/li>\n<li>\u1ee8ng d\u1ee5ng: \u0111o nhi\u1ec7t \u0111\u1ed9 l\u00f2 h\u01a1i, \u0111o nhi\u1ec7t \u0111\u1ed9 b\u1ed3n \u0111\u1ed1t, nhi\u1ec7t \u0111\u1ed9 n\u00f3ng ch\u1ea3y c\u00e1c lo\u1ea1i kim lo\u1ea1i..<\/li>\n<li>Xu\u1ea5t x\u1ee9 :\u00a0<strong>NOKEN. \u2013 Italy<\/strong><\/li>\n<\/ul>\n<p data-start=\"0\" data-end=\"35\">Th\u00f4ng s\u1ed1 k\u1ef9 thu\u1eadt :<\/p>\n<ul>\n<li data-start=\"39\" data-end=\"78\"><strong data-start=\"39\" data-end=\"49\">Model:<\/strong>\u00a0ASTCG series, T2M1 series.<\/li>\n<li data-start=\"81\" data-end=\"116\"><strong data-start=\"81\" data-end=\"93\">Xu\u1ea5t x\u1ee9:<\/strong>\u00a0Noken, Asit \u2013 Italy.<\/li>\n<li data-start=\"119\" data-end=\"178\"><strong data-start=\"119\" data-end=\"139\">D\u1ea3i \u0111o nhi\u1ec7t \u0111\u1ed9:<\/strong>\u00a0D\u01b0\u1edbi 1600\u00b0C (can nhi\u1ec7t lo\u1ea1i S v\u00e0 R).<\/li>\n<li data-start=\"181\" data-end=\"230\"><strong data-start=\"181\" data-end=\"202\">V\u1eadt li\u1ec7u c\u1ea5u t\u1ea1o:<\/strong>\u00a0Ceramic 610, Ceramic 710.<\/li>\n<li data-start=\"233\" data-end=\"257\"><strong data-start=\"233\" data-end=\"255\">\u0110\u01b0\u1eddng k\u00ednh \u0111\u1ea7u d\u00f2:<\/strong><\/li>\n<li>\n<ul data-start=\"260\" data-end=\"300\">\n<li class=\"\" data-start=\"260\" data-end=\"280\">\n<p class=\"\" data-start=\"262\" data-end=\"280\">\u00d817mm (Ceramic).<\/p>\n<\/li>\n<li class=\"\" data-start=\"283\" data-end=\"300\">\n<p class=\"\" data-start=\"285\" data-end=\"300\">\u00d821mm (Inox).<\/p>\n<\/li>\n<\/ul>\n<\/li>\n<li data-start=\"303\" data-end=\"353\"><strong data-start=\"303\" data-end=\"326\">Chi\u1ec1u d\u00e0i c\u1ea3m bi\u1ebfn:<\/strong>\u00a0100mm, 200mm, \u2026, 2000mm.<\/li>\n<li data-start=\"356\" data-end=\"408\"><strong data-start=\"356\" data-end=\"376\">Ng\u00f5 ra (Output):<\/strong>\u00a0mV ho\u1eb7c t\u00f9y ch\u1ecdn lo\u1ea1i 4-20mA.<\/li>\n<li data-start=\"411\" data-end=\"466\"><strong data-start=\"411\" data-end=\"424\">C\u1ea5u h\u00ecnh:<\/strong>\u00a0Lo\u1ea1i \u0111\u01a1n (2 d\u00e2y) ho\u1eb7c lo\u1ea1i \u0111\u00f4i (4 d\u00e2y).<\/li>\n<\/ul>\n<p>C\u1ea3m bi\u1ebfn nhi\u1ec7t \u0111\u1ed9 T2M1 Noken l\u00e0 lo\u1ea1i c\u1eb7p nhi\u1ec7t \u0111i\u1ec7n lo\u1ea1i S, \u0111\u01b0\u1ee3c thi\u1ebft k\u1ebf \u0111\u1ec3 \u0111o nhi\u1ec7t \u0111\u1ed9 l\u00ean \u0111\u1ebfn 1600\u00b0C trong c\u00e1c m\u00f4i tr\u01b0\u1eddng c\u00f4ng nghi\u1ec7p kh\u1eafc nghi\u1ec7t.<\/p>\n<h4 data-start=\"90\" data-end=\"102\"><span id=\"Cau_tao\">C\u1ea5u t\u1ea1o:<\/span><\/h4>\n<ul data-start=\"104\" data-end=\"411\">\n<li class=\"\" data-start=\"104\" data-end=\"209\">\n<p class=\"\" data-start=\"106\" data-end=\"209\"><strong data-start=\"106\" data-end=\"127\">Ph\u1ea7n t\u1eed c\u1ea3m bi\u1ebfn:<\/strong>\u00a0<span class=\"relative -mx-px my-[-0.2rem] rounded px-px py-[0.2rem]\">S\u1eed d\u1ee5ng c\u1eb7p nhi\u1ec7t \u0111i\u1ec7n lo\u1ea1i S, g\u1ed3m 90% Platinum (Pt) v\u00e0 10% Rhodium (Rh).<\/span>\u200b<\/p>\n<\/li>\n<li class=\"\" data-start=\"211\" data-end=\"309\">\n<p class=\"\" data-start=\"213\" data-end=\"309\"><strong data-start=\"213\" data-end=\"227\">V\u1ecf b\u1ea3o v\u1ec7:<\/strong>\u00a0<span class=\"relative -mx-px my-[-0.2rem] rounded px-px py-[0.2rem]\">Ph\u1ea7n \u0111o l\u00e0m t\u1eeb s\u1ee9 tr\u1eafng ch\u1ecbu nhi\u1ec7t v\u1edbi \u0111\u01b0\u1eddng k\u00ednh 17mm v\u00e0 chi\u1ec1u d\u00e0i t\u1eeb 100mm \u0111\u1ebfn 1000mm. Ph\u1ea7n k\u1ebft n\u1ed1i b\u1eb1ng th\u00e9p kh\u00f4ng g\u1ec9 SS304 v\u1edbi \u0111\u01b0\u1eddng k\u00ednh 21mm v\u00e0 chi\u1ec1u d\u00e0i t\u1eeb 50mm \u0111\u1ebfn 1000mm.<\/span>\u200b<\/p>\n<\/li>\n<li class=\"\" data-start=\"311\" data-end=\"411\">\n<p class=\"\" data-start=\"313\" data-end=\"411\"><strong data-start=\"313\" data-end=\"329\">Ren k\u1ebft n\u1ed1i:<\/strong>\u00a0<span class=\"relative -mx-px my-[-0.2rem] rounded px-px py-[0.2rem]\">T\u00f9y ch\u1ecdn c\u00e1c lo\u1ea1i ren nh\u01b0 G3\/4, NPT 3\/4, G1, NPT 1.<\/span>\u200b<\/p>\n<\/li>\n<\/ul>\n<h4 data-start=\"413\" data-end=\"437\"><\/h4>\n<h4 data-start=\"413\" data-end=\"437\"><span id=\"Nguyen_ly_hoat_dong\">Nguy\u00ean l\u00fd ho\u1ea1t \u0111\u1ed9ng:<\/span><\/h4>\n<p class=\"\" data-start=\"439\" data-end=\"520\"><span class=\"relative -mx-px my-[-0.2rem] rounded px-px py-[0.2rem]\">C\u1ea3m bi\u1ebfn ho\u1ea1t \u0111\u1ed9ng d\u1ef1a tr\u00ean nguy\u00ean l\u00fd t\u1ea1o ra su\u1ea5t \u0111i\u1ec7n \u0111\u1ed9ng (EMF) khi c\u00f3 s\u1ef1 ch\u00eanh l\u1ec7ch nhi\u1ec7t \u0111\u1ed9 gi\u1eefa hai \u0111\u1ea7u c\u1ee7a c\u1eb7p nhi\u1ec7t \u0111i\u1ec7n lo\u1ea1i S. Su\u1ea5t \u0111i\u1ec7n \u0111\u1ed9ng n\u00e0y t\u1ef7 l\u1ec7 v\u1edbi nhi\u1ec7t \u0111\u1ed9 c\u1ea7n \u0111o v\u00e0 \u0111\u01b0\u1ee3c chuy\u1ec3n \u0111\u1ed5i th\u00e0nh gi\u00e1 tr\u1ecb nhi\u1ec7t \u0111\u1ed9 t\u01b0\u01a1ng \u1ee9ng.<\/span>\u200b<\/p>\n<h4 data-start=\"0\" data-end=\"35\"><span id=\"Thong_so_ky_thuat\">Th\u00f4ng s\u1ed1 k\u1ef9 thu\u1eadt :<\/span><\/h4>\n<ul data-start=\"37\" data-end=\"466\">\n<li class=\"\" data-start=\"37\" data-end=\"78\">\n<p class=\"\" data-start=\"39\" data-end=\"78\"><strong data-start=\"39\" data-end=\"49\">Model:<\/strong>\u00a0ASTCG series, T2M1 series.<\/p>\n<\/li>\n<li class=\"\" data-start=\"79\" data-end=\"116\">\n<p class=\"\" data-start=\"81\" data-end=\"116\"><strong data-start=\"81\" data-end=\"93\">Xu\u1ea5t x\u1ee9:<\/strong>\u00a0Noken, Asit \u2013 Italy.<\/p>\n<\/li>\n<li class=\"\" data-start=\"117\" data-end=\"178\">\n<p class=\"\" data-start=\"119\" data-end=\"178\"><strong data-start=\"119\" data-end=\"139\">D\u1ea3i \u0111o nhi\u1ec7t \u0111\u1ed9:<\/strong>\u00a0D\u01b0\u1edbi 1600\u00b0C (can nhi\u1ec7t lo\u1ea1i S v\u00e0 R).<\/p>\n<\/li>\n<li class=\"\" data-start=\"179\" data-end=\"230\">\n<p class=\"\" data-start=\"181\" data-end=\"230\"><strong data-start=\"181\" data-end=\"202\">V\u1eadt li\u1ec7u c\u1ea5u t\u1ea1o:<\/strong>\u00a0Ceramic 610, Ceramic 710.<\/p>\n<\/li>\n<li class=\"\" data-start=\"231\" data-end=\"300\">\n<p class=\"\" data-start=\"233\" data-end=\"257\"><strong data-start=\"233\" data-end=\"255\">\u0110\u01b0\u1eddng k\u00ednh \u0111\u1ea7u d\u00f2:<\/strong><\/p>\n<ul data-start=\"260\" data-end=\"300\">\n<li class=\"\" data-start=\"260\" data-end=\"280\">\n<p class=\"\" data-start=\"262\" data-end=\"280\">\u00d817mm (Ceramic).<\/p>\n<\/li>\n<li class=\"\" data-start=\"283\" data-end=\"300\">\n<p class=\"\" data-start=\"285\" data-end=\"300\">\u00d821mm (Inox).<\/p>\n<\/li>\n<\/ul>\n<\/li>\n<li class=\"\" data-start=\"301\" data-end=\"353\">\n<p class=\"\" data-start=\"303\" data-end=\"353\"><strong data-start=\"303\" data-end=\"326\">Chi\u1ec1u d\u00e0i c\u1ea3m bi\u1ebfn:<\/strong>\u00a0100mm, 200mm, \u2026, 2000mm.<\/p>\n<\/li>\n<li class=\"\" data-start=\"354\" data-end=\"408\">\n<p class=\"\" data-start=\"356\" data-end=\"408\"><strong data-start=\"356\" data-end=\"376\">Ng\u00f5 ra (Output):<\/strong>\u00a0mV ho\u1eb7c t\u00f9y ch\u1ecdn lo\u1ea1i 4-20mA.<\/p>\n<\/li>\n<li class=\"\" data-start=\"409\" data-end=\"466\">\n<p class=\"\" data-start=\"411\" data-end=\"466\"><strong data-start=\"411\" data-end=\"424\">C\u1ea5u h\u00ecnh:<\/strong>\u00a0Lo\u1ea1i \u0111\u01a1n (2 d\u00e2y) ho\u1eb7c lo\u1ea1i \u0111\u00f4i (4 d\u00e2y).<\/p>\n<\/li>\n<\/ul>\n<p class=\"\" data-start=\"468\" data-end=\"608\">C\u1ea3m bi\u1ebfn nhi\u1ec7t \u0111\u1ed9 T2M1 Noken \u0111\u01b0\u1ee3c thi\u1ebft k\u1ebf cho c\u00e1c m\u00f4i tr\u01b0\u1eddng \u0111o nhi\u1ec7t \u0111\u1ed9 cao, \u0111\u1ea3m b\u1ea3o \u0111\u1ed9 b\u1ec1n v\u00e0 ch\u00ednh x\u00e1c trong nhi\u1ec1u \u1ee9ng d\u1ee5ng c\u00f4ng nghi\u1ec7p.<\/p>\n<h4 data-start=\"522\" data-end=\"536\"><span id=\"Phan_loai\">Ph\u00e2n lo\u1ea1i:<\/span><\/h4>\n<p class=\"\" data-start=\"538\" data-end=\"623\"><span class=\"relative -mx-px my-[-0.2rem] rounded px-px py-[0.2rem]\">C\u1ea3m bi\u1ebfn T2M1 Noken c\u00f3 th\u1ec3 \u0111\u01b0\u1ee3c ph\u00e2n lo\u1ea1i d\u1ef1a tr\u00ean chi\u1ec1u d\u00e0i ph\u1ea7n \u0111o s\u1ee9 (100mm \u0111\u1ebfn 1000mm) v\u00e0 chi\u1ec1u d\u00e0i ph\u1ea7n k\u1ebft n\u1ed1i SS304 (50mm \u0111\u1ebfn 1000mm), ph\u00f9 h\u1ee3p v\u1edbi c\u00e1c y\u00eau c\u1ea7u \u0111o l\u01b0\u1eddng kh\u00e1c nhau.<\/span>\u200b<\/p>\n<h4 data-start=\"625\" data-end=\"638\"><span id=\"Ung_dung\">\u1ee8ng d\u1ee5ng:<\/span><\/h4>\n<p class=\"\" data-start=\"640\" data-end=\"725\"><span class=\"relative -mx-px my-[-0.2rem] rounded px-px py-[0.2rem]\">C\u1ea3m bi\u1ebfn T2M1 Noken \u0111\u01b0\u1ee3c s\u1eed d\u1ee5ng r\u1ed9ng r\u00e3i trong:<\/span>\u200b<\/p>\n<ul data-start=\"727\" data-end=\"1077\">\n<li class=\"\" data-start=\"727\" data-end=\"838\">\n<p class=\"\" data-start=\"729\" data-end=\"838\"><strong data-start=\"729\" data-end=\"752\">\u0110o nhi\u1ec7t \u0111\u1ed9 l\u00f2 h\u01a1i:<\/strong>\u00a0<span class=\"relative -mx-px my-[-0.2rem] rounded px-px py-[0.2rem]\">Gi\u00e1m s\u00e1t nhi\u1ec7t \u0111\u1ed9 trong c\u00e1c l\u00f2 h\u01a1i c\u00f4ng nghi\u1ec7p.<\/span>\u200b<\/p>\n<\/li>\n<li class=\"\" data-start=\"840\" data-end=\"952\">\n<p class=\"\" data-start=\"842\" data-end=\"952\"><strong data-start=\"842\" data-end=\"866\">\u0110o nhi\u1ec7t \u0111\u1ed9 b\u1ed3n \u0111\u1ed1t:<\/strong>\u00a0<span class=\"relative -mx-px my-[-0.2rem] rounded px-px py-[0.2rem]\">Ki\u1ec3m so\u00e1t nhi\u1ec7t \u0111\u1ed9 trong c\u00e1c b\u1ed3n \u0111\u1ed1t nhi\u00ean li\u1ec7u.<\/span>\u200b<\/p>\n<\/li>\n<li class=\"\" data-start=\"954\" data-end=\"1077\">\n<p class=\"\" data-start=\"956\" data-end=\"1077\"><strong data-start=\"956\" data-end=\"991\">\u0110o nhi\u1ec7t \u0111\u1ed9 n\u00f3ng ch\u1ea3y kim lo\u1ea1i:<\/strong>\u00a0<span class=\"relative -mx-px my-[-0.2rem] rounded px-px py-[0.2rem]\">Theo d\u00f5i nhi\u1ec7t \u0111\u1ed9 trong qu\u00e1 tr\u00ecnh n\u1ea5u ch\u1ea3y kim lo\u1ea1i.<\/span>\u200b<\/p>\n<\/li>\n<\/ul>\n<p class=\"\" data-start=\"1079\" data-end=\"1164\"><span class=\"relative -mx-px my-[-0.2rem] rounded px-px py-[0.2rem]\">V\u1edbi thi\u1ebft k\u1ebf ch\u1eafc ch\u1eafn v\u00e0 kh\u1ea3 n\u0103ng ch\u1ecbu nhi\u1ec7t \u0111\u1ed9 cao, c\u1ea3m bi\u1ebfn nhi\u1ec7t \u0111\u1ed9 T2M1 Noken l\u00e0 l\u1ef1a ch\u1ecdn tin c\u1eady cho c\u00e1c \u1ee9ng d\u1ee5ng \u0111o nhi\u1ec7t \u0111\u1ed9 trong m\u00f4i tr\u01b0\u1eddng c\u00f4ng nghi\u1ec7p kh\u1eafc nghi\u1ec7t.<\/span><\/p>\n","protected":false},"excerpt":{"rendered":"<p>NOKEN T2M1 Can nhi\u1ec7t \u0111\u1ed9 T2M1 Noken C\u1ea3m bi\u1ebfn can nhi\u1ec7t lo\u1ea1i S Model : T2M1 Thang \u0111o: 0-1600 C \u0110\u01b0\u1eddng k\u00ednh que \u0111o b\u1eb1ng s\u1ee9 : 17mm Chi\u1ec1u d\u00e0i que \u0111o b\u0103ng s\u1ee9 : 1000mm \u0110\u01b0\u1eddng k\u00ednh ph\u1ea7n inox : 21mm Chi\u1ec1u d\u00e0i ph\u1ea7n Inox : 250mm Chi\u1ec1u d\u00e0i&hellip; <\/p>\n","protected":false},"featured_media":4390,"comment_status":"open","ping_status":"closed","template":"","meta":[],"product_cat":[671],"product_tag":[673,672,674],"class_list":{"0":"post-4389","1":"product","2":"type-product","3":"status-publish","4":"has-post-thumbnail","6":"product_cat-noken","7":"product_tag-dai-ly-noken-viet-nam","8":"product_tag-noken-viet-nam","9":"product_tag-temperature-sensor-cam-bien-nhiet-do-dau-do-nhiet-do-can-nhiet-dau-do-nhiet-do-dang-cu-hanh","11":"first","12":"instock","13":"shipping-taxable","14":"product-type-simple"},"yoast_head":"<!-- This site is optimized with the Yoast SEO plugin v22.8 - https:\/\/yoast.com\/wordpress\/plugins\/seo\/ -->\n<title>NOKEN T2M1 - OMANI VI\u1ec6T NAM<\/title>\n<meta name=\"description\" content=\"NOKEN T2M1 Thermocouple Temp Sensor\" \/>\n<meta name=\"robots\" content=\"index, follow, max-snippet:-1, max-image-preview:large, max-video-preview:-1\" \/>\n<link rel=\"canonical\" href=\"https:\/\/omanivietnam.com\/index.php\/san-pham\/noken-t2m1\/\" \/>\n<meta property=\"og:locale\" content=\"vi_VN\" \/>\n<meta property=\"og:type\" content=\"article\" \/>\n<meta property=\"og:title\" content=\"NOKEN T2M1 - OMANI VI\u1ec6T NAM\" \/>\n<meta property=\"og:description\" content=\"NOKEN T2M1 Thermocouple Temp Sensor\" \/>\n<meta property=\"og:url\" content=\"https:\/\/omanivietnam.com\/index.php\/san-pham\/noken-t2m1\/\" \/>\n<meta property=\"og:site_name\" content=\"OMANI VI\u1ec6T NAM\" \/>\n<meta property=\"og:image\" content=\"https:\/\/omanivietnam.com\/wp-content\/uploads\/2025\/09\/T2M1.png\" \/>\n\t<meta property=\"og:image:width\" content=\"678\" \/>\n\t<meta property=\"og:image:height\" content=\"499\" \/>\n\t<meta property=\"og:image:type\" content=\"image\/png\" \/>\n<meta name=\"twitter:card\" content=\"summary_large_image\" \/>\n<meta name=\"twitter:label1\" content=\"\u01af\u1edbc t\u00ednh th\u1eddi gian \u0111\u1ecdc\" \/>\n\t<meta name=\"twitter:data1\" content=\"4 ph\u00fat\" \/>\n<script type=\"application\/ld+json\" class=\"yoast-schema-graph\">{\"@context\":\"https:\/\/schema.org\",\"@graph\":[{\"@type\":\"WebPage\",\"@id\":\"https:\/\/omanivietnam.com\/index.php\/san-pham\/noken-t2m1\/\",\"url\":\"https:\/\/omanivietnam.com\/index.php\/san-pham\/noken-t2m1\/\",\"name\":\"NOKEN T2M1 - OMANI VI\u1ec6T NAM\",\"isPartOf\":{\"@id\":\"https:\/\/omanivietnam.com\/#website\"},\"primaryImageOfPage\":{\"@id\":\"https:\/\/omanivietnam.com\/index.php\/san-pham\/noken-t2m1\/#primaryimage\"},\"image\":{\"@id\":\"https:\/\/omanivietnam.com\/index.php\/san-pham\/noken-t2m1\/#primaryimage\"},\"thumbnailUrl\":\"https:\/\/omanivietnam.com\/wp-content\/uploads\/2025\/09\/T2M1.png\",\"datePublished\":\"2025-09-10T14:48:05+00:00\",\"dateModified\":\"2025-09-10T14:48:05+00:00\",\"description\":\"NOKEN T2M1 Thermocouple Temp Sensor\",\"breadcrumb\":{\"@id\":\"https:\/\/omanivietnam.com\/index.php\/san-pham\/noken-t2m1\/#breadcrumb\"},\"inLanguage\":\"vi\",\"potentialAction\":[{\"@type\":\"ReadAction\",\"target\":[\"https:\/\/omanivietnam.com\/index.php\/san-pham\/noken-t2m1\/\"]}]},{\"@type\":\"ImageObject\",\"inLanguage\":\"vi\",\"@id\":\"https:\/\/omanivietnam.com\/index.php\/san-pham\/noken-t2m1\/#primaryimage\",\"url\":\"https:\/\/omanivietnam.com\/wp-content\/uploads\/2025\/09\/T2M1.png\",\"contentUrl\":\"https:\/\/omanivietnam.com\/wp-content\/uploads\/2025\/09\/T2M1.png\",\"width\":678,\"height\":499},{\"@type\":\"BreadcrumbList\",\"@id\":\"https:\/\/omanivietnam.com\/index.php\/san-pham\/noken-t2m1\/#breadcrumb\",\"itemListElement\":[{\"@type\":\"ListItem\",\"position\":1,\"name\":\"Home\",\"item\":\"https:\/\/omanivietnam.com\/\"},{\"@type\":\"ListItem\",\"position\":2,\"name\":\"S\u1ea2N PH\u1ea8M\",\"item\":\"https:\/\/omanivietnam.com\/index.php\/cua-hang\/\"},{\"@type\":\"ListItem\",\"position\":3,\"name\":\"NOKEN T2M1\"}]},{\"@type\":\"WebSite\",\"@id\":\"https:\/\/omanivietnam.com\/#website\",\"url\":\"https:\/\/omanivietnam.com\/\",\"name\":\"OMANI VI\u1ec6T NAM\",\"description\":\"Nh\u00e0 ph\u00e2n ph\u1ed1i thi\u1ebft b\u1ecb kh\u00ed n\u00e9n v\u00e0 thi\u1ebft b\u1ecb t\u1ef1 \u0111\u1ed9ng h\u00f3a trong c\u00f4ng nghi\u1ec7p\",\"publisher\":{\"@id\":\"https:\/\/omanivietnam.com\/#\/schema\/person\/0ad398a980dc3fd696111c2c5c8fa897\"},\"potentialAction\":[{\"@type\":\"SearchAction\",\"target\":{\"@type\":\"EntryPoint\",\"urlTemplate\":\"https:\/\/omanivietnam.com\/?s={search_term_string}\"},\"query-input\":\"required name=search_term_string\"}],\"inLanguage\":\"vi\"},{\"@type\":[\"Person\",\"Organization\"],\"@id\":\"https:\/\/omanivietnam.com\/#\/schema\/person\/0ad398a980dc3fd696111c2c5c8fa897\",\"name\":\"Nguy\u1ec5n V\u0103n Kh\u00e1nh\",\"image\":{\"@type\":\"ImageObject\",\"inLanguage\":\"vi\",\"@id\":\"https:\/\/omanivietnam.com\/#\/schema\/person\/image\/\",\"url\":\"https:\/\/omanivietnam.com\/wp-content\/uploads\/2024\/06\/logo-1024x1024.png\",\"contentUrl\":\"https:\/\/omanivietnam.com\/wp-content\/uploads\/2024\/06\/logo-1024x1024.png\",\"width\":1024,\"height\":1024,\"caption\":\"Nguy\u1ec5n V\u0103n Kh\u00e1nh\"},\"logo\":{\"@id\":\"https:\/\/omanivietnam.com\/#\/schema\/person\/image\/\"},\"sameAs\":[\"https:\/\/omanivietnam.com\"]}]}<\/script>\n<!-- \/ Yoast SEO plugin. -->","yoast_head_json":{"title":"NOKEN T2M1 - OMANI VI\u1ec6T NAM","description":"NOKEN T2M1 Thermocouple Temp Sensor","robots":{"index":"index","follow":"follow","max-snippet":"max-snippet:-1","max-image-preview":"max-image-preview:large","max-video-preview":"max-video-preview:-1"},"canonical":"https:\/\/omanivietnam.com\/index.php\/san-pham\/noken-t2m1\/","og_locale":"vi_VN","og_type":"article","og_title":"NOKEN T2M1 - OMANI VI\u1ec6T NAM","og_description":"NOKEN T2M1 Thermocouple Temp Sensor","og_url":"https:\/\/omanivietnam.com\/index.php\/san-pham\/noken-t2m1\/","og_site_name":"OMANI VI\u1ec6T NAM","og_image":[{"width":678,"height":499,"url":"https:\/\/omanivietnam.com\/wp-content\/uploads\/2025\/09\/T2M1.png","type":"image\/png"}],"twitter_card":"summary_large_image","twitter_misc":{"\u01af\u1edbc t\u00ednh th\u1eddi gian \u0111\u1ecdc":"4 ph\u00fat"},"schema":{"@context":"https:\/\/schema.org","@graph":[{"@type":"WebPage","@id":"https:\/\/omanivietnam.com\/index.php\/san-pham\/noken-t2m1\/","url":"https:\/\/omanivietnam.com\/index.php\/san-pham\/noken-t2m1\/","name":"NOKEN T2M1 - OMANI VI\u1ec6T NAM","isPartOf":{"@id":"https:\/\/omanivietnam.com\/#website"},"primaryImageOfPage":{"@id":"https:\/\/omanivietnam.com\/index.php\/san-pham\/noken-t2m1\/#primaryimage"},"image":{"@id":"https:\/\/omanivietnam.com\/index.php\/san-pham\/noken-t2m1\/#primaryimage"},"thumbnailUrl":"https:\/\/omanivietnam.com\/wp-content\/uploads\/2025\/09\/T2M1.png","datePublished":"2025-09-10T14:48:05+00:00","dateModified":"2025-09-10T14:48:05+00:00","description":"NOKEN T2M1 Thermocouple Temp Sensor","breadcrumb":{"@id":"https:\/\/omanivietnam.com\/index.php\/san-pham\/noken-t2m1\/#breadcrumb"},"inLanguage":"vi","potentialAction":[{"@type":"ReadAction","target":["https:\/\/omanivietnam.com\/index.php\/san-pham\/noken-t2m1\/"]}]},{"@type":"ImageObject","inLanguage":"vi","@id":"https:\/\/omanivietnam.com\/index.php\/san-pham\/noken-t2m1\/#primaryimage","url":"https:\/\/omanivietnam.com\/wp-content\/uploads\/2025\/09\/T2M1.png","contentUrl":"https:\/\/omanivietnam.com\/wp-content\/uploads\/2025\/09\/T2M1.png","width":678,"height":499},{"@type":"BreadcrumbList","@id":"https:\/\/omanivietnam.com\/index.php\/san-pham\/noken-t2m1\/#breadcrumb","itemListElement":[{"@type":"ListItem","position":1,"name":"Home","item":"https:\/\/omanivietnam.com\/"},{"@type":"ListItem","position":2,"name":"S\u1ea2N PH\u1ea8M","item":"https:\/\/omanivietnam.com\/index.php\/cua-hang\/"},{"@type":"ListItem","position":3,"name":"NOKEN T2M1"}]},{"@type":"WebSite","@id":"https:\/\/omanivietnam.com\/#website","url":"https:\/\/omanivietnam.com\/","name":"OMANI VI\u1ec6T NAM","description":"Nh\u00e0 ph\u00e2n ph\u1ed1i thi\u1ebft b\u1ecb kh\u00ed n\u00e9n v\u00e0 thi\u1ebft b\u1ecb t\u1ef1 \u0111\u1ed9ng h\u00f3a trong c\u00f4ng nghi\u1ec7p","publisher":{"@id":"https:\/\/omanivietnam.com\/#\/schema\/person\/0ad398a980dc3fd696111c2c5c8fa897"},"potentialAction":[{"@type":"SearchAction","target":{"@type":"EntryPoint","urlTemplate":"https:\/\/omanivietnam.com\/?s={search_term_string}"},"query-input":"required name=search_term_string"}],"inLanguage":"vi"},{"@type":["Person","Organization"],"@id":"https:\/\/omanivietnam.com\/#\/schema\/person\/0ad398a980dc3fd696111c2c5c8fa897","name":"Nguy\u1ec5n V\u0103n Kh\u00e1nh","image":{"@type":"ImageObject","inLanguage":"vi","@id":"https:\/\/omanivietnam.com\/#\/schema\/person\/image\/","url":"https:\/\/omanivietnam.com\/wp-content\/uploads\/2024\/06\/logo-1024x1024.png","contentUrl":"https:\/\/omanivietnam.com\/wp-content\/uploads\/2024\/06\/logo-1024x1024.png","width":1024,"height":1024,"caption":"Nguy\u1ec5n V\u0103n Kh\u00e1nh"},"logo":{"@id":"https:\/\/omanivietnam.com\/#\/schema\/person\/image\/"},"sameAs":["https:\/\/omanivietnam.com"]}]}},"_links":{"self":[{"href":"https:\/\/omanivietnam.com\/index.php\/wp-json\/wp\/v2\/product\/4389","targetHints":{"allow":["GET"]}}],"collection":[{"href":"https:\/\/omanivietnam.com\/index.php\/wp-json\/wp\/v2\/product"}],"about":[{"href":"https:\/\/omanivietnam.com\/index.php\/wp-json\/wp\/v2\/types\/product"}],"replies":[{"embeddable":true,"href":"https:\/\/omanivietnam.com\/index.php\/wp-json\/wp\/v2\/comments?post=4389"}],"wp:featuredmedia":[{"embeddable":true,"href":"https:\/\/omanivietnam.com\/index.php\/wp-json\/wp\/v2\/media\/4390"}],"wp:attachment":[{"href":"https:\/\/omanivietnam.com\/index.php\/wp-json\/wp\/v2\/media?parent=4389"}],"wp:term":[{"taxonomy":"product_cat","embeddable":true,"href":"https:\/\/omanivietnam.com\/index.php\/wp-json\/wp\/v2\/product_cat?post=4389"},{"taxonomy":"product_tag","embeddable":true,"href":"https:\/\/omanivietnam.com\/index.php\/wp-json\/wp\/v2\/product_tag?post=4389"}],"curies":[{"name":"wp","href":"https:\/\/api.w.org\/{rel}","templated":true}]}}