{"id":4397,"date":"2025-09-14T20:23:06","date_gmt":"2025-09-14T13:23:06","guid":{"rendered":"https:\/\/omanivietnam.com\/?post_type=product&#038;p=4397"},"modified":"2025-09-14T20:23:06","modified_gmt":"2025-09-14T13:23:06","slug":"mitsubishi-q06udvcpu","status":"publish","type":"product","link":"https:\/\/omanivietnam.com\/index.php\/san-pham\/mitsubishi-q06udvcpu\/","title":{"rendered":"MITSUBISHI Q06UDVCPU"},"content":{"rendered":"<p>MITSUBISHI Q06UDVCPU<\/p>\n<p>Q03UDECPU Q06HCPU Q03UDVCPU<\/p>\n<h2 class=\"title-product item_name\">B\u1ed9 \u0111i\u1ec1u khi\u1ec3n Mitsubishi Q06UDVCPU<\/h2>\n<h3>1. PLC Q06UDVCPU:<\/h3>\n<div>\n<p>\u2013 T\u1ed1c \u0111\u1ed9 x\u1eed l\u00fd (LD instruction): 1.9\u03bcs<br \/>\n\u2013 Dung l\u01b0\u1ee3ng ch\u01b0\u01a1ng tr\u00ecnh: 60 K<br \/>\n\u2013 B\u1ed9 nh\u1edb ch\u01b0\u01a1ng tr\u00ecnh: 240 KB<br \/>\n\u2013 S\u1ed1 I\/O t\u00edch h\u1ee3p s\u1eb5n: 4096<br \/>\n\u2013 S\u1ed1 I\/O t\u1ed1i \u0111a c\u00f3 th\u1ec3 m\u1edf r\u1ed9ng: 8192<br \/>\n\u2013 C\u1ed5ng truy\u1ec1n th\u00f4ng: RS232, USB, Ethernet 100BASE-TX\/10BASE-T<br \/>\n\u2013 B\u1ed9 nh\u1edb: SD Card, SDHC Card<br \/>\n\u2013 T\u00edch h\u1ee3p nhi\u1ec1u CPU t\u1ed1c \u0111\u1ed9 cao<br \/>\n\u2013 Timer: 2048<br \/>\n\u2013 Counter: 1024<br \/>\n\u2013 K\u00edch c\u1ee1 (W x H x D)mm: 27.4 x 98 x 89.3<br \/>\n\u2013 H\u00e3ng s\u1ea3n xu\u1ea5t: Mitsubishi \u2013 Nh\u1eadt B\u1ea3n<\/p>\n<h3>2.\u00a0C\u00e1c m\u00e3 h\u00e0ng t\u01b0\u01a1ng \u0111\u01b0\u01a1ng PLC\u00a0Q06UDVCPU:<\/h3>\n<p>Q01CPU<br \/>\nQ01UCPU<br \/>\nQ02CPU<br \/>\nQ02CPU-A<br \/>\nQ02HCPU<br \/>\nQ02HCPU-A<br \/>\nQ02PHCPU<br \/>\nQ02UCPU<br \/>\nQ03UDCPU<br \/>\nQ03UDECPU<br \/>\nQ03UDVCPU<br \/>\nQ04UDEHCPU<br \/>\nQ04UDHCPU<br \/>\nQ04UDVCPU<br \/>\nQ06CCPU-V<br \/>\nQ06HCPU<br \/>\nQ06HCPU-A<br \/>\nQ06PHCPU<br \/>\nQ06UDEHCPU<br \/>\nQ06UDHCPU<br \/>\nQ06UDVCPU<\/p>\n<\/div>\n","protected":false},"excerpt":{"rendered":"<p>MITSUBISHI Q06UDVCPU Q03UDECPU Q06HCPU Q03UDVCPU B\u1ed9 \u0111i\u1ec1u khi\u1ec3n Mitsubishi Q06UDVCPU 1. PLC Q06UDVCPU: \u2013 T\u1ed1c \u0111\u1ed9 x\u1eed l\u00fd (LD instruction): 1.9\u03bcs \u2013 Dung l\u01b0\u1ee3ng ch\u01b0\u01a1ng tr\u00ecnh: 60 K \u2013 B\u1ed9 nh\u1edb ch\u01b0\u01a1ng tr\u00ecnh: 240 KB \u2013 S\u1ed1 I\/O t\u00edch h\u1ee3p s\u1eb5n: 4096 \u2013 S\u1ed1 I\/O t\u1ed1i \u0111a c\u00f3 th\u1ec3 m\u1edf&hellip; <\/p>\n","protected":false},"featured_media":4398,"comment_status":"open","ping_status":"closed","template":"","meta":[],"product_cat":[305],"product_tag":[167,158,157],"class_list":{"0":"post-4397","1":"product","2":"type-product","3":"status-publish","4":"has-post-thumbnail","6":"product_cat-mitsubishi","7":"product_tag-bo-dieu-khien","8":"product_tag-dai-ly-mitsubishi-viet-nam","9":"product_tag-mitsubishi-viet-nam","11":"first","12":"instock","13":"shipping-taxable","14":"product-type-simple"},"yoast_head":"<!-- This site is optimized with the Yoast SEO plugin v22.8 - https:\/\/yoast.com\/wordpress\/plugins\/seo\/ -->\n<title>MITSUBISHI Q06UDVCPU - OMANI VI\u1ec6T NAM<\/title>\n<meta name=\"description\" content=\"MITSUBISHI Q06UDVCPU programmable module\" \/>\n<meta name=\"robots\" content=\"index, follow, max-snippet:-1, max-image-preview:large, max-video-preview:-1\" \/>\n<link rel=\"canonical\" href=\"https:\/\/omanivietnam.com\/index.php\/san-pham\/mitsubishi-q06udvcpu\/\" \/>\n<meta property=\"og:locale\" content=\"vi_VN\" \/>\n<meta property=\"og:type\" content=\"article\" \/>\n<meta property=\"og:title\" content=\"MITSUBISHI Q06UDVCPU - OMANI VI\u1ec6T NAM\" \/>\n<meta property=\"og:description\" content=\"MITSUBISHI Q06UDVCPU programmable module\" \/>\n<meta property=\"og:url\" content=\"https:\/\/omanivietnam.com\/index.php\/san-pham\/mitsubishi-q06udvcpu\/\" \/>\n<meta property=\"og:site_name\" content=\"OMANI VI\u1ec6T NAM\" \/>\n<meta property=\"og:image\" content=\"https:\/\/omanivietnam.com\/wp-content\/uploads\/2025\/09\/Q06UDVCPU.png\" \/>\n\t<meta property=\"og:image:width\" content=\"630\" \/>\n\t<meta property=\"og:image:height\" content=\"480\" \/>\n\t<meta property=\"og:image:type\" content=\"image\/png\" \/>\n<meta name=\"twitter:card\" content=\"summary_large_image\" \/>\n<meta name=\"twitter:label1\" content=\"\u01af\u1edbc t\u00ednh th\u1eddi gian \u0111\u1ecdc\" \/>\n\t<meta name=\"twitter:data1\" content=\"1 ph\u00fat\" \/>\n<script type=\"application\/ld+json\" class=\"yoast-schema-graph\">{\"@context\":\"https:\/\/schema.org\",\"@graph\":[{\"@type\":\"WebPage\",\"@id\":\"https:\/\/omanivietnam.com\/index.php\/san-pham\/mitsubishi-q06udvcpu\/\",\"url\":\"https:\/\/omanivietnam.com\/index.php\/san-pham\/mitsubishi-q06udvcpu\/\",\"name\":\"MITSUBISHI Q06UDVCPU - OMANI VI\u1ec6T NAM\",\"isPartOf\":{\"@id\":\"https:\/\/omanivietnam.com\/#website\"},\"primaryImageOfPage\":{\"@id\":\"https:\/\/omanivietnam.com\/index.php\/san-pham\/mitsubishi-q06udvcpu\/#primaryimage\"},\"image\":{\"@id\":\"https:\/\/omanivietnam.com\/index.php\/san-pham\/mitsubishi-q06udvcpu\/#primaryimage\"},\"thumbnailUrl\":\"https:\/\/omanivietnam.com\/wp-content\/uploads\/2025\/09\/Q06UDVCPU.png\",\"datePublished\":\"2025-09-14T13:23:06+00:00\",\"dateModified\":\"2025-09-14T13:23:06+00:00\",\"description\":\"MITSUBISHI Q06UDVCPU programmable module\",\"breadcrumb\":{\"@id\":\"https:\/\/omanivietnam.com\/index.php\/san-pham\/mitsubishi-q06udvcpu\/#breadcrumb\"},\"inLanguage\":\"vi\",\"potentialAction\":[{\"@type\":\"ReadAction\",\"target\":[\"https:\/\/omanivietnam.com\/index.php\/san-pham\/mitsubishi-q06udvcpu\/\"]}]},{\"@type\":\"ImageObject\",\"inLanguage\":\"vi\",\"@id\":\"https:\/\/omanivietnam.com\/index.php\/san-pham\/mitsubishi-q06udvcpu\/#primaryimage\",\"url\":\"https:\/\/omanivietnam.com\/wp-content\/uploads\/2025\/09\/Q06UDVCPU.png\",\"contentUrl\":\"https:\/\/omanivietnam.com\/wp-content\/uploads\/2025\/09\/Q06UDVCPU.png\",\"width\":630,\"height\":480},{\"@type\":\"BreadcrumbList\",\"@id\":\"https:\/\/omanivietnam.com\/index.php\/san-pham\/mitsubishi-q06udvcpu\/#breadcrumb\",\"itemListElement\":[{\"@type\":\"ListItem\",\"position\":1,\"name\":\"Home\",\"item\":\"https:\/\/omanivietnam.com\/\"},{\"@type\":\"ListItem\",\"position\":2,\"name\":\"S\u1ea2N PH\u1ea8M\",\"item\":\"https:\/\/omanivietnam.com\/index.php\/cua-hang\/\"},{\"@type\":\"ListItem\",\"position\":3,\"name\":\"MITSUBISHI Q06UDVCPU\"}]},{\"@type\":\"WebSite\",\"@id\":\"https:\/\/omanivietnam.com\/#website\",\"url\":\"https:\/\/omanivietnam.com\/\",\"name\":\"OMANI VI\u1ec6T NAM\",\"description\":\"Nh\u00e0 ph\u00e2n ph\u1ed1i thi\u1ebft b\u1ecb kh\u00ed n\u00e9n v\u00e0 thi\u1ebft b\u1ecb t\u1ef1 \u0111\u1ed9ng h\u00f3a trong c\u00f4ng nghi\u1ec7p\",\"publisher\":{\"@id\":\"https:\/\/omanivietnam.com\/#\/schema\/person\/0ad398a980dc3fd696111c2c5c8fa897\"},\"potentialAction\":[{\"@type\":\"SearchAction\",\"target\":{\"@type\":\"EntryPoint\",\"urlTemplate\":\"https:\/\/omanivietnam.com\/?s={search_term_string}\"},\"query-input\":\"required name=search_term_string\"}],\"inLanguage\":\"vi\"},{\"@type\":[\"Person\",\"Organization\"],\"@id\":\"https:\/\/omanivietnam.com\/#\/schema\/person\/0ad398a980dc3fd696111c2c5c8fa897\",\"name\":\"Nguy\u1ec5n V\u0103n Kh\u00e1nh\",\"image\":{\"@type\":\"ImageObject\",\"inLanguage\":\"vi\",\"@id\":\"https:\/\/omanivietnam.com\/#\/schema\/person\/image\/\",\"url\":\"https:\/\/omanivietnam.com\/wp-content\/uploads\/2024\/06\/logo-1024x1024.png\",\"contentUrl\":\"https:\/\/omanivietnam.com\/wp-content\/uploads\/2024\/06\/logo-1024x1024.png\",\"width\":1024,\"height\":1024,\"caption\":\"Nguy\u1ec5n V\u0103n Kh\u00e1nh\"},\"logo\":{\"@id\":\"https:\/\/omanivietnam.com\/#\/schema\/person\/image\/\"},\"sameAs\":[\"https:\/\/omanivietnam.com\"]}]}<\/script>\n<!-- \/ Yoast SEO plugin. -->","yoast_head_json":{"title":"MITSUBISHI Q06UDVCPU - OMANI VI\u1ec6T NAM","description":"MITSUBISHI Q06UDVCPU programmable module","robots":{"index":"index","follow":"follow","max-snippet":"max-snippet:-1","max-image-preview":"max-image-preview:large","max-video-preview":"max-video-preview:-1"},"canonical":"https:\/\/omanivietnam.com\/index.php\/san-pham\/mitsubishi-q06udvcpu\/","og_locale":"vi_VN","og_type":"article","og_title":"MITSUBISHI Q06UDVCPU - OMANI VI\u1ec6T NAM","og_description":"MITSUBISHI Q06UDVCPU programmable module","og_url":"https:\/\/omanivietnam.com\/index.php\/san-pham\/mitsubishi-q06udvcpu\/","og_site_name":"OMANI VI\u1ec6T NAM","og_image":[{"width":630,"height":480,"url":"https:\/\/omanivietnam.com\/wp-content\/uploads\/2025\/09\/Q06UDVCPU.png","type":"image\/png"}],"twitter_card":"summary_large_image","twitter_misc":{"\u01af\u1edbc t\u00ednh th\u1eddi gian \u0111\u1ecdc":"1 ph\u00fat"},"schema":{"@context":"https:\/\/schema.org","@graph":[{"@type":"WebPage","@id":"https:\/\/omanivietnam.com\/index.php\/san-pham\/mitsubishi-q06udvcpu\/","url":"https:\/\/omanivietnam.com\/index.php\/san-pham\/mitsubishi-q06udvcpu\/","name":"MITSUBISHI Q06UDVCPU - OMANI VI\u1ec6T NAM","isPartOf":{"@id":"https:\/\/omanivietnam.com\/#website"},"primaryImageOfPage":{"@id":"https:\/\/omanivietnam.com\/index.php\/san-pham\/mitsubishi-q06udvcpu\/#primaryimage"},"image":{"@id":"https:\/\/omanivietnam.com\/index.php\/san-pham\/mitsubishi-q06udvcpu\/#primaryimage"},"thumbnailUrl":"https:\/\/omanivietnam.com\/wp-content\/uploads\/2025\/09\/Q06UDVCPU.png","datePublished":"2025-09-14T13:23:06+00:00","dateModified":"2025-09-14T13:23:06+00:00","description":"MITSUBISHI Q06UDVCPU programmable module","breadcrumb":{"@id":"https:\/\/omanivietnam.com\/index.php\/san-pham\/mitsubishi-q06udvcpu\/#breadcrumb"},"inLanguage":"vi","potentialAction":[{"@type":"ReadAction","target":["https:\/\/omanivietnam.com\/index.php\/san-pham\/mitsubishi-q06udvcpu\/"]}]},{"@type":"ImageObject","inLanguage":"vi","@id":"https:\/\/omanivietnam.com\/index.php\/san-pham\/mitsubishi-q06udvcpu\/#primaryimage","url":"https:\/\/omanivietnam.com\/wp-content\/uploads\/2025\/09\/Q06UDVCPU.png","contentUrl":"https:\/\/omanivietnam.com\/wp-content\/uploads\/2025\/09\/Q06UDVCPU.png","width":630,"height":480},{"@type":"BreadcrumbList","@id":"https:\/\/omanivietnam.com\/index.php\/san-pham\/mitsubishi-q06udvcpu\/#breadcrumb","itemListElement":[{"@type":"ListItem","position":1,"name":"Home","item":"https:\/\/omanivietnam.com\/"},{"@type":"ListItem","position":2,"name":"S\u1ea2N PH\u1ea8M","item":"https:\/\/omanivietnam.com\/index.php\/cua-hang\/"},{"@type":"ListItem","position":3,"name":"MITSUBISHI Q06UDVCPU"}]},{"@type":"WebSite","@id":"https:\/\/omanivietnam.com\/#website","url":"https:\/\/omanivietnam.com\/","name":"OMANI VI\u1ec6T NAM","description":"Nh\u00e0 ph\u00e2n ph\u1ed1i thi\u1ebft b\u1ecb kh\u00ed n\u00e9n v\u00e0 thi\u1ebft b\u1ecb t\u1ef1 \u0111\u1ed9ng h\u00f3a trong c\u00f4ng nghi\u1ec7p","publisher":{"@id":"https:\/\/omanivietnam.com\/#\/schema\/person\/0ad398a980dc3fd696111c2c5c8fa897"},"potentialAction":[{"@type":"SearchAction","target":{"@type":"EntryPoint","urlTemplate":"https:\/\/omanivietnam.com\/?s={search_term_string}"},"query-input":"required name=search_term_string"}],"inLanguage":"vi"},{"@type":["Person","Organization"],"@id":"https:\/\/omanivietnam.com\/#\/schema\/person\/0ad398a980dc3fd696111c2c5c8fa897","name":"Nguy\u1ec5n V\u0103n Kh\u00e1nh","image":{"@type":"ImageObject","inLanguage":"vi","@id":"https:\/\/omanivietnam.com\/#\/schema\/person\/image\/","url":"https:\/\/omanivietnam.com\/wp-content\/uploads\/2024\/06\/logo-1024x1024.png","contentUrl":"https:\/\/omanivietnam.com\/wp-content\/uploads\/2024\/06\/logo-1024x1024.png","width":1024,"height":1024,"caption":"Nguy\u1ec5n V\u0103n Kh\u00e1nh"},"logo":{"@id":"https:\/\/omanivietnam.com\/#\/schema\/person\/image\/"},"sameAs":["https:\/\/omanivietnam.com"]}]}},"_links":{"self":[{"href":"https:\/\/omanivietnam.com\/index.php\/wp-json\/wp\/v2\/product\/4397","targetHints":{"allow":["GET"]}}],"collection":[{"href":"https:\/\/omanivietnam.com\/index.php\/wp-json\/wp\/v2\/product"}],"about":[{"href":"https:\/\/omanivietnam.com\/index.php\/wp-json\/wp\/v2\/types\/product"}],"replies":[{"embeddable":true,"href":"https:\/\/omanivietnam.com\/index.php\/wp-json\/wp\/v2\/comments?post=4397"}],"wp:featuredmedia":[{"embeddable":true,"href":"https:\/\/omanivietnam.com\/index.php\/wp-json\/wp\/v2\/media\/4398"}],"wp:attachment":[{"href":"https:\/\/omanivietnam.com\/index.php\/wp-json\/wp\/v2\/media?parent=4397"}],"wp:term":[{"taxonomy":"product_cat","embeddable":true,"href":"https:\/\/omanivietnam.com\/index.php\/wp-json\/wp\/v2\/product_cat?post=4397"},{"taxonomy":"product_tag","embeddable":true,"href":"https:\/\/omanivietnam.com\/index.php\/wp-json\/wp\/v2\/product_tag?post=4397"}],"curies":[{"name":"wp","href":"https:\/\/api.w.org\/{rel}","templated":true}]}}