{"id":4425,"date":"2025-09-26T20:52:10","date_gmt":"2025-09-26T13:52:10","guid":{"rendered":"https:\/\/omanivietnam.com\/?post_type=product&#038;p=4425"},"modified":"2025-09-26T20:53:47","modified_gmt":"2025-09-26T13:53:47","slug":"camozzi-454-015-22","status":"publish","type":"product","link":"https:\/\/omanivietnam.com\/index.php\/san-pham\/camozzi-454-015-22\/","title":{"rendered":"CAMOZZI 454-015-22"},"content":{"rendered":"<p>CAMOZZI 454-015-22<\/p>\n<p>G77<\/p>\n<p class=\"product_title entry-title font-weight-light mb-3\">CAMOZZI 454-015-22 \u2013 5\/2, G1\/4, Single Solenoid, Spring Return, Series 4 Valves and Solenoid Valves<\/p>\n<div id=\"singleProductTop\" class=\"container\">\n<div class=\"row justify-content-between\">\n<div class=\"col-sm-12 col-md-9 p-0\"><span id=\"sku\" class=\"sku\">Part Number:\u00a0<b>454-015-22<\/b><\/span>\u00a0Manufacturer:\u00a0<b>Camozzi<\/b><\/div>\n<\/div>\n<div>\n<div class=\"col-md-3 name\">Benefits<\/div>\n<div class=\"col-md-9 value\">Series 4 solenoid valves have been designed in the 3\/2; 5\/2; 5\/3 versions and with the following two devices of actuation<br \/>\nElectropneumatically actuated with mechanical spring return<br \/>\nElectropneumatically actuated and return with external and internal air pressure supply<br \/>\nSeries 4 valves are equipped with a manual override which allows a stable operation \/ suitable for mounting in arduous conditions.<br \/>\nAll these valves can be operated by solenoids Series U; G A8 and H8.<br \/>\nPneumatically actuated valves 3\/2NC become NO when the supply is on connection 3.<br \/>\nThe different ports allow flows from 650 to 4000 Nl\/min<br \/>\nNew models available \u2014 with G3\/8 ports and 1800 Nl\/min flow<\/div>\n<div><\/div>\n<\/div>\n<div class=\"row justify-content-between\">\n<div class=\"mb-5\">\n<p class=\"mb-3\">Description<\/p>\n<p>Camozzi series 4 solenoid valves have been designed in the 3\/2, 5\/2 and 5\/3 versions and with the following two devices of actuation. Electropneumatically actuated with mechanical spring return. Electropneumatically actuated and return with external and internal air pressure supply. Series 4 valves are equipped with a manual override which allows for stable operation and mounting in arduous conditions.<\/p>\n<p>Part Reference: 454-015-22<\/p>\n<h2 id=\"specifications\" class=\"group-title-v2\">Specifications<\/h2>\n<div class=\"content fading\">\n<div class=\"row attr-v2 with-border\">\n<div class=\"col-md-3 name\">Primary brand<\/div>\n<div class=\"col-md-9 value\">Camozzi<\/div>\n<\/div>\n<div class=\"row attr-v2 with-border\">\n<div class=\"col-md-3 name\">Main function<\/div>\n<div class=\"col-md-9 value\">Valve (Electrically actuated)<\/div>\n<\/div>\n<div class=\"row attr-v2 with-border\">\n<div class=\"col-md-3 name\">Product series \/ family name<\/div>\n<div class=\"col-md-9 value\">Series 4<\/div>\n<\/div>\n<div class=\"row attr-v2 with-border\">\n<div class=\"col-md-3 name\">Sub-range name<\/div>\n<div class=\"col-md-9 value\">Valves and solenoid valves<\/div>\n<\/div>\n<div class=\"row attr-v2 with-border\">\n<div class=\"col-md-3 name\">Functions<\/div>\n<div class=\"col-md-9 value\">Single solen. valve<\/div>\n<\/div>\n<div class=\"row attr-v2 with-border\">\n<div class=\"col-md-3 name\">Valve function<\/div>\n<div class=\"col-md-9 value\">5\/2-way<br \/>\n5-ports 2-positions<br \/>\nMonostable<br \/>\nmech. spring reset<\/div>\n<\/div>\n<div class=\"row attr-v2 with-border\">\n<div class=\"col-md-3 name\">Design<\/div>\n<div class=\"col-md-9 value\">locking manual operator<br \/>\nhorizontal solen.<br \/>\nvalve diagram EV18<br \/>\nBalanced spool valve<br \/>\nfiltered air (without lubrication) as input medium<\/div>\n<\/div>\n<div class=\"row attr-v2 with-border\">\n<div class=\"col-md-3 name\">Flow<\/div>\n<div class=\"col-md-9 value\">1250L\/min (LPM)<\/div>\n<\/div>\n<div>\n<div class=\"row attr-v2 with-border\">\n<div class=\"col-md-3 name\">Pressure<\/div>\n<div class=\"col-md-9 value\">+2.5\u2026+10bar operating pressure range<\/div>\n<\/div>\n<div class=\"row attr-v2 with-border\">\n<div class=\"col-md-3 name\">Connection type<\/div>\n<div class=\"col-md-9 value\">Plug connector<br \/>\nG1\/4\u2033 \/ 1\/4\u2033 BSPP threaded (female) pneumatic port<\/div>\n<\/div>\n<div class=\"row attr-v2 with-border\">\n<div class=\"col-md-3 name\">Mounting mode<\/div>\n<div class=\"col-md-9 value\">in-line \/ on-manf. installation<\/div>\n<\/div>\n<div class=\"row attr-v2 with-border\">\n<div class=\"col-md-3 name\">Dimensions<\/div>\n<div class=\"col-md-9 value\">H22mm x W22mm solenoid interface<br \/>\nH181mm x W33mm x D51mm<\/div>\n<\/div>\n<div class=\"row attr-v2 with-border\">\n<div class=\"col-md-3 name\">Material<\/div>\n<div class=\"col-md-9 value\">Aluminium body and subbase<br \/>\nStainless steel spool<br \/>\nTechnopolymer end cover<br \/>\nNBR PU seal<\/div>\n<\/div>\n<div class=\"row attr-v2 with-border\">\n<div class=\"col-md-3 name\">Ambient air temperature for operation<\/div>\n<div class=\"col-md-9 value\">0\u2026+60 \u00b0C<\/div>\n<\/div>\n<div class=\"row attr-v2 with-border\">\n<div class=\"col-md-3 name\">Power consumption<\/div>\n<div class=\"col-md-9 value\">3.1 W<\/div>\n<\/div>\n<div class=\"row attr-v2 with-border\">\n<div class=\"col-md-3 name\">Manufacturer product status<\/div>\n<div class=\"col-md-9 value\">Commercialized<\/div>\n<\/div>\n<div class=\"row attr-v2 with-border\">\n<div class=\"col-md-3 name\">Equivalent to<\/div>\n<div class=\"col-md-9 value\">45401522<\/div>\n<\/div>\n<\/div>\n<div>\n<p>\u0110\u1ea1i l\u00fd CAMOZZI vietnam, CAMOZZI viet nam, CAMOZZI vietnam distributor, Ph\u00e2n ph\u1ed1i CAMOZZI t\u1ea1i vi\u1ec7t nam<\/p>\n<p>\u0110\u1ea1i l\u00fd CAMOZZI vietnam, CAMOZZI viet nam, CAMOZZI vietnam distributor, Ph\u00e2n ph\u1ed1i CAMOZZI t\u1ea1i vi\u1ec7t nam<\/p>\n<p>\u0110\u1ea1i l\u00fd CAMOZZI vietnam, CAMOZZI viet nam, CAMOZZI vietnam distributor, Ph\u00e2n ph\u1ed1i CAMOZZI t\u1ea1i vi\u1ec7t nam<\/p>\n<\/div>\n<\/div>\n<\/div>\n<\/div>\n<\/div>\n","protected":false},"excerpt":{"rendered":"<p>CAMOZZI 454-015-22 G77 CAMOZZI 454-015-22 \u2013 5\/2, G1\/4, Single Solenoid, Spring Return, Series 4 Valves and Solenoid Valves Part Number:\u00a0454-015-22\u00a0Manufacturer:\u00a0Camozzi Benefits Series 4 solenoid valves have been designed in the 3\/2; 5\/2; 5\/3 versions and with the following two devices of actuation Electropneumatically actuated with mechanical spring return Electropneumatically actuated&hellip; <\/p>\n","protected":false},"featured_media":4426,"comment_status":"open","ping_status":"closed","template":"","meta":[],"product_cat":[301],"product_tag":[96,97,690],"class_list":{"0":"post-4425","1":"product","2":"type-product","3":"status-publish","4":"has-post-thumbnail","6":"product_cat-camozzi","7":"product_tag-camozzi-viet-nam","8":"product_tag-dai-ly-camozzi-viet-nam","9":"product_tag-van-dien-tu","11":"first","12":"instock","13":"shipping-taxable","14":"product-type-simple"},"yoast_head":"<!-- This site is optimized with the Yoast SEO plugin v22.8 - https:\/\/yoast.com\/wordpress\/plugins\/seo\/ -->\n<title>CAMOZZI 454-015-22 - OMANI VI\u1ec6T NAM<\/title>\n<meta name=\"description\" content=\"CAMOZZI 454-015-22 Solenoid Valve\" \/>\n<meta name=\"robots\" content=\"index, follow, max-snippet:-1, max-image-preview:large, max-video-preview:-1\" \/>\n<link rel=\"canonical\" href=\"https:\/\/omanivietnam.com\/index.php\/san-pham\/camozzi-454-015-22\/\" \/>\n<meta property=\"og:locale\" content=\"vi_VN\" \/>\n<meta property=\"og:type\" content=\"article\" \/>\n<meta property=\"og:title\" content=\"CAMOZZI 454-015-22 - OMANI VI\u1ec6T NAM\" \/>\n<meta property=\"og:description\" content=\"CAMOZZI 454-015-22 Solenoid Valve\" \/>\n<meta property=\"og:url\" content=\"https:\/\/omanivietnam.com\/index.php\/san-pham\/camozzi-454-015-22\/\" \/>\n<meta property=\"og:site_name\" content=\"OMANI VI\u1ec6T NAM\" \/>\n<meta property=\"article:modified_time\" content=\"2025-09-26T13:53:47+00:00\" \/>\n<meta property=\"og:image\" content=\"https:\/\/omanivietnam.com\/wp-content\/uploads\/2025\/09\/454-015-22.png\" \/>\n\t<meta property=\"og:image:width\" content=\"338\" \/>\n\t<meta property=\"og:image:height\" content=\"602\" \/>\n\t<meta property=\"og:image:type\" content=\"image\/png\" \/>\n<meta name=\"twitter:card\" content=\"summary_large_image\" \/>\n<meta name=\"twitter:label1\" content=\"\u01af\u1edbc t\u00ednh th\u1eddi gian \u0111\u1ecdc\" \/>\n\t<meta name=\"twitter:data1\" content=\"3 ph\u00fat\" \/>\n<script type=\"application\/ld+json\" class=\"yoast-schema-graph\">{\"@context\":\"https:\/\/schema.org\",\"@graph\":[{\"@type\":\"WebPage\",\"@id\":\"https:\/\/omanivietnam.com\/index.php\/san-pham\/camozzi-454-015-22\/\",\"url\":\"https:\/\/omanivietnam.com\/index.php\/san-pham\/camozzi-454-015-22\/\",\"name\":\"CAMOZZI 454-015-22 - OMANI VI\u1ec6T NAM\",\"isPartOf\":{\"@id\":\"https:\/\/omanivietnam.com\/#website\"},\"primaryImageOfPage\":{\"@id\":\"https:\/\/omanivietnam.com\/index.php\/san-pham\/camozzi-454-015-22\/#primaryimage\"},\"image\":{\"@id\":\"https:\/\/omanivietnam.com\/index.php\/san-pham\/camozzi-454-015-22\/#primaryimage\"},\"thumbnailUrl\":\"https:\/\/omanivietnam.com\/wp-content\/uploads\/2025\/09\/454-015-22.png\",\"datePublished\":\"2025-09-26T13:52:10+00:00\",\"dateModified\":\"2025-09-26T13:53:47+00:00\",\"description\":\"CAMOZZI 454-015-22 Solenoid Valve\",\"breadcrumb\":{\"@id\":\"https:\/\/omanivietnam.com\/index.php\/san-pham\/camozzi-454-015-22\/#breadcrumb\"},\"inLanguage\":\"vi\",\"potentialAction\":[{\"@type\":\"ReadAction\",\"target\":[\"https:\/\/omanivietnam.com\/index.php\/san-pham\/camozzi-454-015-22\/\"]}]},{\"@type\":\"ImageObject\",\"inLanguage\":\"vi\",\"@id\":\"https:\/\/omanivietnam.com\/index.php\/san-pham\/camozzi-454-015-22\/#primaryimage\",\"url\":\"https:\/\/omanivietnam.com\/wp-content\/uploads\/2025\/09\/454-015-22.png\",\"contentUrl\":\"https:\/\/omanivietnam.com\/wp-content\/uploads\/2025\/09\/454-015-22.png\",\"width\":338,\"height\":602},{\"@type\":\"BreadcrumbList\",\"@id\":\"https:\/\/omanivietnam.com\/index.php\/san-pham\/camozzi-454-015-22\/#breadcrumb\",\"itemListElement\":[{\"@type\":\"ListItem\",\"position\":1,\"name\":\"Home\",\"item\":\"https:\/\/omanivietnam.com\/\"},{\"@type\":\"ListItem\",\"position\":2,\"name\":\"S\u1ea2N PH\u1ea8M\",\"item\":\"https:\/\/omanivietnam.com\/index.php\/cua-hang\/\"},{\"@type\":\"ListItem\",\"position\":3,\"name\":\"CAMOZZI 454-015-22\"}]},{\"@type\":\"WebSite\",\"@id\":\"https:\/\/omanivietnam.com\/#website\",\"url\":\"https:\/\/omanivietnam.com\/\",\"name\":\"OMANI VI\u1ec6T NAM\",\"description\":\"Nh\u00e0 ph\u00e2n ph\u1ed1i thi\u1ebft b\u1ecb kh\u00ed n\u00e9n v\u00e0 thi\u1ebft b\u1ecb t\u1ef1 \u0111\u1ed9ng h\u00f3a trong c\u00f4ng nghi\u1ec7p\",\"publisher\":{\"@id\":\"https:\/\/omanivietnam.com\/#\/schema\/person\/0ad398a980dc3fd696111c2c5c8fa897\"},\"potentialAction\":[{\"@type\":\"SearchAction\",\"target\":{\"@type\":\"EntryPoint\",\"urlTemplate\":\"https:\/\/omanivietnam.com\/?s={search_term_string}\"},\"query-input\":\"required name=search_term_string\"}],\"inLanguage\":\"vi\"},{\"@type\":[\"Person\",\"Organization\"],\"@id\":\"https:\/\/omanivietnam.com\/#\/schema\/person\/0ad398a980dc3fd696111c2c5c8fa897\",\"name\":\"Nguy\u1ec5n V\u0103n Kh\u00e1nh\",\"image\":{\"@type\":\"ImageObject\",\"inLanguage\":\"vi\",\"@id\":\"https:\/\/omanivietnam.com\/#\/schema\/person\/image\/\",\"url\":\"https:\/\/omanivietnam.com\/wp-content\/uploads\/2024\/06\/logo-1024x1024.png\",\"contentUrl\":\"https:\/\/omanivietnam.com\/wp-content\/uploads\/2024\/06\/logo-1024x1024.png\",\"width\":1024,\"height\":1024,\"caption\":\"Nguy\u1ec5n V\u0103n Kh\u00e1nh\"},\"logo\":{\"@id\":\"https:\/\/omanivietnam.com\/#\/schema\/person\/image\/\"},\"sameAs\":[\"https:\/\/omanivietnam.com\"]}]}<\/script>\n<!-- \/ Yoast SEO plugin. -->","yoast_head_json":{"title":"CAMOZZI 454-015-22 - OMANI VI\u1ec6T NAM","description":"CAMOZZI 454-015-22 Solenoid Valve","robots":{"index":"index","follow":"follow","max-snippet":"max-snippet:-1","max-image-preview":"max-image-preview:large","max-video-preview":"max-video-preview:-1"},"canonical":"https:\/\/omanivietnam.com\/index.php\/san-pham\/camozzi-454-015-22\/","og_locale":"vi_VN","og_type":"article","og_title":"CAMOZZI 454-015-22 - OMANI VI\u1ec6T NAM","og_description":"CAMOZZI 454-015-22 Solenoid Valve","og_url":"https:\/\/omanivietnam.com\/index.php\/san-pham\/camozzi-454-015-22\/","og_site_name":"OMANI VI\u1ec6T NAM","article_modified_time":"2025-09-26T13:53:47+00:00","og_image":[{"width":338,"height":602,"url":"https:\/\/omanivietnam.com\/wp-content\/uploads\/2025\/09\/454-015-22.png","type":"image\/png"}],"twitter_card":"summary_large_image","twitter_misc":{"\u01af\u1edbc t\u00ednh th\u1eddi gian \u0111\u1ecdc":"3 ph\u00fat"},"schema":{"@context":"https:\/\/schema.org","@graph":[{"@type":"WebPage","@id":"https:\/\/omanivietnam.com\/index.php\/san-pham\/camozzi-454-015-22\/","url":"https:\/\/omanivietnam.com\/index.php\/san-pham\/camozzi-454-015-22\/","name":"CAMOZZI 454-015-22 - OMANI VI\u1ec6T NAM","isPartOf":{"@id":"https:\/\/omanivietnam.com\/#website"},"primaryImageOfPage":{"@id":"https:\/\/omanivietnam.com\/index.php\/san-pham\/camozzi-454-015-22\/#primaryimage"},"image":{"@id":"https:\/\/omanivietnam.com\/index.php\/san-pham\/camozzi-454-015-22\/#primaryimage"},"thumbnailUrl":"https:\/\/omanivietnam.com\/wp-content\/uploads\/2025\/09\/454-015-22.png","datePublished":"2025-09-26T13:52:10+00:00","dateModified":"2025-09-26T13:53:47+00:00","description":"CAMOZZI 454-015-22 Solenoid Valve","breadcrumb":{"@id":"https:\/\/omanivietnam.com\/index.php\/san-pham\/camozzi-454-015-22\/#breadcrumb"},"inLanguage":"vi","potentialAction":[{"@type":"ReadAction","target":["https:\/\/omanivietnam.com\/index.php\/san-pham\/camozzi-454-015-22\/"]}]},{"@type":"ImageObject","inLanguage":"vi","@id":"https:\/\/omanivietnam.com\/index.php\/san-pham\/camozzi-454-015-22\/#primaryimage","url":"https:\/\/omanivietnam.com\/wp-content\/uploads\/2025\/09\/454-015-22.png","contentUrl":"https:\/\/omanivietnam.com\/wp-content\/uploads\/2025\/09\/454-015-22.png","width":338,"height":602},{"@type":"BreadcrumbList","@id":"https:\/\/omanivietnam.com\/index.php\/san-pham\/camozzi-454-015-22\/#breadcrumb","itemListElement":[{"@type":"ListItem","position":1,"name":"Home","item":"https:\/\/omanivietnam.com\/"},{"@type":"ListItem","position":2,"name":"S\u1ea2N PH\u1ea8M","item":"https:\/\/omanivietnam.com\/index.php\/cua-hang\/"},{"@type":"ListItem","position":3,"name":"CAMOZZI 454-015-22"}]},{"@type":"WebSite","@id":"https:\/\/omanivietnam.com\/#website","url":"https:\/\/omanivietnam.com\/","name":"OMANI VI\u1ec6T NAM","description":"Nh\u00e0 ph\u00e2n ph\u1ed1i thi\u1ebft b\u1ecb kh\u00ed n\u00e9n v\u00e0 thi\u1ebft b\u1ecb t\u1ef1 \u0111\u1ed9ng h\u00f3a trong c\u00f4ng nghi\u1ec7p","publisher":{"@id":"https:\/\/omanivietnam.com\/#\/schema\/person\/0ad398a980dc3fd696111c2c5c8fa897"},"potentialAction":[{"@type":"SearchAction","target":{"@type":"EntryPoint","urlTemplate":"https:\/\/omanivietnam.com\/?s={search_term_string}"},"query-input":"required name=search_term_string"}],"inLanguage":"vi"},{"@type":["Person","Organization"],"@id":"https:\/\/omanivietnam.com\/#\/schema\/person\/0ad398a980dc3fd696111c2c5c8fa897","name":"Nguy\u1ec5n V\u0103n Kh\u00e1nh","image":{"@type":"ImageObject","inLanguage":"vi","@id":"https:\/\/omanivietnam.com\/#\/schema\/person\/image\/","url":"https:\/\/omanivietnam.com\/wp-content\/uploads\/2024\/06\/logo-1024x1024.png","contentUrl":"https:\/\/omanivietnam.com\/wp-content\/uploads\/2024\/06\/logo-1024x1024.png","width":1024,"height":1024,"caption":"Nguy\u1ec5n V\u0103n Kh\u00e1nh"},"logo":{"@id":"https:\/\/omanivietnam.com\/#\/schema\/person\/image\/"},"sameAs":["https:\/\/omanivietnam.com"]}]}},"_links":{"self":[{"href":"https:\/\/omanivietnam.com\/index.php\/wp-json\/wp\/v2\/product\/4425","targetHints":{"allow":["GET"]}}],"collection":[{"href":"https:\/\/omanivietnam.com\/index.php\/wp-json\/wp\/v2\/product"}],"about":[{"href":"https:\/\/omanivietnam.com\/index.php\/wp-json\/wp\/v2\/types\/product"}],"replies":[{"embeddable":true,"href":"https:\/\/omanivietnam.com\/index.php\/wp-json\/wp\/v2\/comments?post=4425"}],"wp:featuredmedia":[{"embeddable":true,"href":"https:\/\/omanivietnam.com\/index.php\/wp-json\/wp\/v2\/media\/4426"}],"wp:attachment":[{"href":"https:\/\/omanivietnam.com\/index.php\/wp-json\/wp\/v2\/media?parent=4425"}],"wp:term":[{"taxonomy":"product_cat","embeddable":true,"href":"https:\/\/omanivietnam.com\/index.php\/wp-json\/wp\/v2\/product_cat?post=4425"},{"taxonomy":"product_tag","embeddable":true,"href":"https:\/\/omanivietnam.com\/index.php\/wp-json\/wp\/v2\/product_tag?post=4425"}],"curies":[{"name":"wp","href":"https:\/\/api.w.org\/{rel}","templated":true}]}}