{"id":4428,"date":"2025-09-27T15:33:04","date_gmt":"2025-09-27T08:33:04","guid":{"rendered":"https:\/\/omanivietnam.com\/?post_type=product&#038;p=4428"},"modified":"2025-09-27T15:33:04","modified_gmt":"2025-09-27T08:33:04","slug":"ckd-srl3-00-20b-570-r","status":"publish","type":"product","link":"https:\/\/omanivietnam.com\/index.php\/san-pham\/ckd-srl3-00-20b-570-r\/","title":{"rendered":"CKD SRL3-00-20B-570-R"},"content":{"rendered":"<p>CKD SRL3-00-20B-570-R<\/p>\n<h1><strong>Xi lanh ( Rodless cylinder) SRL3<\/strong><\/h1>\n<p>Xi\u00a0lanh kh\u00f4ng tr\u1ee5c SRL3 c\u00f3 h\u1ed9p v\u1eadn chuy\u1ec3n m\u1ed9t m\u1ea3nh v\u00e0 p\u00edt-t\u00f4ng ch\u1ea1y to\u00e0n b\u1ed9 chi\u1ec1u d\u00e0i h\u00e0nh tr\u00ecnh c\u1ee7a n\u00f3 \u0111\u01b0\u1ee3c trang b\u1ecb \u0111ai \u0111\u1ec7m b\u00ean trong \u0111\u1ec3 duy tr\u00ec \u00e1p su\u1ea5t kh\u00f4ng kh\u00ed k\u1ebft h\u1ee3p v\u1edbi d\u1ea3i b\u1ecbt k\u00edn b\u1ee5i b\u00ean ngo\u00e0i \u0111\u1ec3 b\u1ea3o v\u1ec7 kh\u1ecfi c\u00e1c ch\u1ea5t g\u00e2y \u00f4 nhi\u1ec5m. Thi\u1ebft k\u1ebf n\u00e0y l\u00e0m cho ch\u00e2n \u0111\u1ebf nh\u1ecf g\u1ecdn h\u01a1n so v\u1edbi c\u00e1c xi lanh ki\u1ec3u thanh kh\u00e1c.<\/p>\n<h2>\u0110\u1eb7c t\u00ednh k\u0129 thu\u1eadt:<\/h2>\n<ul>\n<li>K\u00edch th\u01b0\u1edbc n\u00f2ng (mm): 12,16,20,25,32,40,50,63,80,100.<\/li>\n<li>C\u1ed5ng c\u1ea5p kh\u00ed: M5 (cho k\u00edch th\u01b0\u1edbc n\u00f2ng 12mm, 16mm), Rc1\/8 ( cho k\u00edch th\u01b0\u1edbc n\u00f2ng 20mm, 25mm), Rc1\/4 ( cho k\u00edch th\u01b0\u1edbc n\u00f2ng 32mm, 40mm), Rc3\/8 ( cho k\u00edch th\u01b0\u1edbc n\u00f2ng 50mm,63mm), Rc1\/2 ( cho k\u00edch th\u01b0\u1edbc n\u00f2ng 80mm, 100mm).<\/li>\n<li>L\u01b0u ch\u1ea5t: Kh\u00edn\u00e9n.<\/li>\n<li>\u00c1p su\u1ea5t ho\u1ea1t \u0111\u1ed9ng: 0.1 MPa t\u1edbi7\u00a0MPa.<\/li>\n<li>\u00c1p su\u1ea5t tr\u1ea7n: 1.05 Mpa.<\/li>\n<li>Nhi\u1ec7t \u0111\u1ed9 l\u01b0u ch\u1ea5t v\u00e0 m\u00f4i tr\u01b0\u1eddng: 5\u00b0C t\u1edbi60\u00b0C.<\/li>\n<li>H\u00e0nh tr\u00ecnh ti\u00eau chu\u1ea9n (mm): \u0111a d\u1ea1ng k\u00edch th\u01b0\u1edbc t\u1eeb 100mm, 200mm, 500mm cho t\u1edbi 5000mm.<\/li>\n<li>T\u1ed1c \u0111\u1ed9 piston: 50 t\u1edbi 2000 mm\/s.<\/li>\n<li>Gi\u1ea3m ch\u1ea5n: \u0110\u1ec7m kh\u00ed<\/li>\n<li>D\u1ea7u b\u00f4i tr\u01a1n: Kh\u00f4ng y\u00eau c\u1ea7u tra d\u1ea7u<\/li>\n<\/ul>\n","protected":false},"excerpt":{"rendered":"<p>CKD SRL3-00-20B-570-R Xi lanh ( Rodless cylinder) SRL3 Xi\u00a0lanh kh\u00f4ng tr\u1ee5c SRL3 c\u00f3 h\u1ed9p v\u1eadn chuy\u1ec3n m\u1ed9t m\u1ea3nh v\u00e0 p\u00edt-t\u00f4ng ch\u1ea1y to\u00e0n b\u1ed9 chi\u1ec1u d\u00e0i h\u00e0nh tr\u00ecnh c\u1ee7a n\u00f3 \u0111\u01b0\u1ee3c trang b\u1ecb \u0111ai \u0111\u1ec7m b\u00ean trong \u0111\u1ec3 duy tr\u00ec \u00e1p su\u1ea5t kh\u00f4ng kh\u00ed k\u1ebft h\u1ee3p v\u1edbi d\u1ea3i b\u1ecbt k\u00edn b\u1ee5i&hellip; <\/p>\n","protected":false},"featured_media":4429,"comment_status":"open","ping_status":"closed","template":"","meta":[],"product_cat":[367],"product_tag":[100,101,98],"class_list":{"0":"post-4428","1":"product","2":"type-product","3":"status-publish","4":"has-post-thumbnail","6":"product_cat-ckd","7":"product_tag-ckd-viet-nam","8":"product_tag-dai-ly-ckd-viet-nam","9":"product_tag-xy-lanh-khi","11":"first","12":"instock","13":"shipping-taxable","14":"product-type-simple"},"yoast_head":"<!-- This site is optimized with the Yoast SEO plugin v22.8 - https:\/\/yoast.com\/wordpress\/plugins\/seo\/ -->\n<title>CKD SRL3-00-20B-570-R - OMANI VI\u1ec6T NAM<\/title>\n<meta name=\"description\" content=\"CKD SRL3-00-20B-570-R Rodless cylinder\" \/>\n<meta name=\"robots\" content=\"index, follow, max-snippet:-1, max-image-preview:large, max-video-preview:-1\" \/>\n<link rel=\"canonical\" href=\"https:\/\/omanivietnam.com\/index.php\/san-pham\/ckd-srl3-00-20b-570-r\/\" \/>\n<meta property=\"og:locale\" content=\"vi_VN\" \/>\n<meta property=\"og:type\" content=\"article\" \/>\n<meta property=\"og:title\" content=\"CKD SRL3-00-20B-570-R - OMANI VI\u1ec6T NAM\" \/>\n<meta property=\"og:description\" content=\"CKD SRL3-00-20B-570-R Rodless cylinder\" \/>\n<meta property=\"og:url\" content=\"https:\/\/omanivietnam.com\/index.php\/san-pham\/ckd-srl3-00-20b-570-r\/\" \/>\n<meta property=\"og:site_name\" content=\"OMANI VI\u1ec6T NAM\" \/>\n<meta property=\"og:image\" content=\"https:\/\/omanivietnam.com\/wp-content\/uploads\/2025\/09\/SRL3-00-20B-570-R.png\" \/>\n\t<meta property=\"og:image:width\" content=\"1197\" \/>\n\t<meta property=\"og:image:height\" content=\"720\" \/>\n\t<meta property=\"og:image:type\" content=\"image\/png\" \/>\n<meta name=\"twitter:card\" content=\"summary_large_image\" \/>\n<meta name=\"twitter:label1\" content=\"\u01af\u1edbc t\u00ednh th\u1eddi gian \u0111\u1ecdc\" \/>\n\t<meta name=\"twitter:data1\" content=\"2 ph\u00fat\" \/>\n<script type=\"application\/ld+json\" class=\"yoast-schema-graph\">{\"@context\":\"https:\/\/schema.org\",\"@graph\":[{\"@type\":\"WebPage\",\"@id\":\"https:\/\/omanivietnam.com\/index.php\/san-pham\/ckd-srl3-00-20b-570-r\/\",\"url\":\"https:\/\/omanivietnam.com\/index.php\/san-pham\/ckd-srl3-00-20b-570-r\/\",\"name\":\"CKD SRL3-00-20B-570-R - OMANI VI\u1ec6T NAM\",\"isPartOf\":{\"@id\":\"https:\/\/omanivietnam.com\/#website\"},\"primaryImageOfPage\":{\"@id\":\"https:\/\/omanivietnam.com\/index.php\/san-pham\/ckd-srl3-00-20b-570-r\/#primaryimage\"},\"image\":{\"@id\":\"https:\/\/omanivietnam.com\/index.php\/san-pham\/ckd-srl3-00-20b-570-r\/#primaryimage\"},\"thumbnailUrl\":\"https:\/\/omanivietnam.com\/wp-content\/uploads\/2025\/09\/SRL3-00-20B-570-R.png\",\"datePublished\":\"2025-09-27T08:33:04+00:00\",\"dateModified\":\"2025-09-27T08:33:04+00:00\",\"description\":\"CKD SRL3-00-20B-570-R Rodless cylinder\",\"breadcrumb\":{\"@id\":\"https:\/\/omanivietnam.com\/index.php\/san-pham\/ckd-srl3-00-20b-570-r\/#breadcrumb\"},\"inLanguage\":\"vi\",\"potentialAction\":[{\"@type\":\"ReadAction\",\"target\":[\"https:\/\/omanivietnam.com\/index.php\/san-pham\/ckd-srl3-00-20b-570-r\/\"]}]},{\"@type\":\"ImageObject\",\"inLanguage\":\"vi\",\"@id\":\"https:\/\/omanivietnam.com\/index.php\/san-pham\/ckd-srl3-00-20b-570-r\/#primaryimage\",\"url\":\"https:\/\/omanivietnam.com\/wp-content\/uploads\/2025\/09\/SRL3-00-20B-570-R.png\",\"contentUrl\":\"https:\/\/omanivietnam.com\/wp-content\/uploads\/2025\/09\/SRL3-00-20B-570-R.png\",\"width\":1197,\"height\":720},{\"@type\":\"BreadcrumbList\",\"@id\":\"https:\/\/omanivietnam.com\/index.php\/san-pham\/ckd-srl3-00-20b-570-r\/#breadcrumb\",\"itemListElement\":[{\"@type\":\"ListItem\",\"position\":1,\"name\":\"Home\",\"item\":\"https:\/\/omanivietnam.com\/\"},{\"@type\":\"ListItem\",\"position\":2,\"name\":\"S\u1ea2N PH\u1ea8M\",\"item\":\"https:\/\/omanivietnam.com\/index.php\/cua-hang\/\"},{\"@type\":\"ListItem\",\"position\":3,\"name\":\"CKD SRL3-00-20B-570-R\"}]},{\"@type\":\"WebSite\",\"@id\":\"https:\/\/omanivietnam.com\/#website\",\"url\":\"https:\/\/omanivietnam.com\/\",\"name\":\"OMANI VI\u1ec6T NAM\",\"description\":\"Nh\u00e0 ph\u00e2n ph\u1ed1i thi\u1ebft b\u1ecb kh\u00ed n\u00e9n v\u00e0 thi\u1ebft b\u1ecb t\u1ef1 \u0111\u1ed9ng h\u00f3a trong c\u00f4ng nghi\u1ec7p\",\"publisher\":{\"@id\":\"https:\/\/omanivietnam.com\/#\/schema\/person\/0ad398a980dc3fd696111c2c5c8fa897\"},\"potentialAction\":[{\"@type\":\"SearchAction\",\"target\":{\"@type\":\"EntryPoint\",\"urlTemplate\":\"https:\/\/omanivietnam.com\/?s={search_term_string}\"},\"query-input\":\"required name=search_term_string\"}],\"inLanguage\":\"vi\"},{\"@type\":[\"Person\",\"Organization\"],\"@id\":\"https:\/\/omanivietnam.com\/#\/schema\/person\/0ad398a980dc3fd696111c2c5c8fa897\",\"name\":\"Nguy\u1ec5n V\u0103n Kh\u00e1nh\",\"image\":{\"@type\":\"ImageObject\",\"inLanguage\":\"vi\",\"@id\":\"https:\/\/omanivietnam.com\/#\/schema\/person\/image\/\",\"url\":\"https:\/\/omanivietnam.com\/wp-content\/uploads\/2024\/06\/logo-1024x1024.png\",\"contentUrl\":\"https:\/\/omanivietnam.com\/wp-content\/uploads\/2024\/06\/logo-1024x1024.png\",\"width\":1024,\"height\":1024,\"caption\":\"Nguy\u1ec5n V\u0103n Kh\u00e1nh\"},\"logo\":{\"@id\":\"https:\/\/omanivietnam.com\/#\/schema\/person\/image\/\"},\"sameAs\":[\"https:\/\/omanivietnam.com\"]}]}<\/script>\n<!-- \/ Yoast SEO plugin. -->","yoast_head_json":{"title":"CKD SRL3-00-20B-570-R - OMANI VI\u1ec6T NAM","description":"CKD SRL3-00-20B-570-R Rodless cylinder","robots":{"index":"index","follow":"follow","max-snippet":"max-snippet:-1","max-image-preview":"max-image-preview:large","max-video-preview":"max-video-preview:-1"},"canonical":"https:\/\/omanivietnam.com\/index.php\/san-pham\/ckd-srl3-00-20b-570-r\/","og_locale":"vi_VN","og_type":"article","og_title":"CKD SRL3-00-20B-570-R - OMANI VI\u1ec6T NAM","og_description":"CKD SRL3-00-20B-570-R Rodless cylinder","og_url":"https:\/\/omanivietnam.com\/index.php\/san-pham\/ckd-srl3-00-20b-570-r\/","og_site_name":"OMANI VI\u1ec6T NAM","og_image":[{"width":1197,"height":720,"url":"https:\/\/omanivietnam.com\/wp-content\/uploads\/2025\/09\/SRL3-00-20B-570-R.png","type":"image\/png"}],"twitter_card":"summary_large_image","twitter_misc":{"\u01af\u1edbc t\u00ednh th\u1eddi gian \u0111\u1ecdc":"2 ph\u00fat"},"schema":{"@context":"https:\/\/schema.org","@graph":[{"@type":"WebPage","@id":"https:\/\/omanivietnam.com\/index.php\/san-pham\/ckd-srl3-00-20b-570-r\/","url":"https:\/\/omanivietnam.com\/index.php\/san-pham\/ckd-srl3-00-20b-570-r\/","name":"CKD SRL3-00-20B-570-R - OMANI VI\u1ec6T NAM","isPartOf":{"@id":"https:\/\/omanivietnam.com\/#website"},"primaryImageOfPage":{"@id":"https:\/\/omanivietnam.com\/index.php\/san-pham\/ckd-srl3-00-20b-570-r\/#primaryimage"},"image":{"@id":"https:\/\/omanivietnam.com\/index.php\/san-pham\/ckd-srl3-00-20b-570-r\/#primaryimage"},"thumbnailUrl":"https:\/\/omanivietnam.com\/wp-content\/uploads\/2025\/09\/SRL3-00-20B-570-R.png","datePublished":"2025-09-27T08:33:04+00:00","dateModified":"2025-09-27T08:33:04+00:00","description":"CKD SRL3-00-20B-570-R Rodless cylinder","breadcrumb":{"@id":"https:\/\/omanivietnam.com\/index.php\/san-pham\/ckd-srl3-00-20b-570-r\/#breadcrumb"},"inLanguage":"vi","potentialAction":[{"@type":"ReadAction","target":["https:\/\/omanivietnam.com\/index.php\/san-pham\/ckd-srl3-00-20b-570-r\/"]}]},{"@type":"ImageObject","inLanguage":"vi","@id":"https:\/\/omanivietnam.com\/index.php\/san-pham\/ckd-srl3-00-20b-570-r\/#primaryimage","url":"https:\/\/omanivietnam.com\/wp-content\/uploads\/2025\/09\/SRL3-00-20B-570-R.png","contentUrl":"https:\/\/omanivietnam.com\/wp-content\/uploads\/2025\/09\/SRL3-00-20B-570-R.png","width":1197,"height":720},{"@type":"BreadcrumbList","@id":"https:\/\/omanivietnam.com\/index.php\/san-pham\/ckd-srl3-00-20b-570-r\/#breadcrumb","itemListElement":[{"@type":"ListItem","position":1,"name":"Home","item":"https:\/\/omanivietnam.com\/"},{"@type":"ListItem","position":2,"name":"S\u1ea2N PH\u1ea8M","item":"https:\/\/omanivietnam.com\/index.php\/cua-hang\/"},{"@type":"ListItem","position":3,"name":"CKD SRL3-00-20B-570-R"}]},{"@type":"WebSite","@id":"https:\/\/omanivietnam.com\/#website","url":"https:\/\/omanivietnam.com\/","name":"OMANI VI\u1ec6T NAM","description":"Nh\u00e0 ph\u00e2n ph\u1ed1i thi\u1ebft b\u1ecb kh\u00ed n\u00e9n v\u00e0 thi\u1ebft b\u1ecb t\u1ef1 \u0111\u1ed9ng h\u00f3a trong c\u00f4ng nghi\u1ec7p","publisher":{"@id":"https:\/\/omanivietnam.com\/#\/schema\/person\/0ad398a980dc3fd696111c2c5c8fa897"},"potentialAction":[{"@type":"SearchAction","target":{"@type":"EntryPoint","urlTemplate":"https:\/\/omanivietnam.com\/?s={search_term_string}"},"query-input":"required name=search_term_string"}],"inLanguage":"vi"},{"@type":["Person","Organization"],"@id":"https:\/\/omanivietnam.com\/#\/schema\/person\/0ad398a980dc3fd696111c2c5c8fa897","name":"Nguy\u1ec5n V\u0103n Kh\u00e1nh","image":{"@type":"ImageObject","inLanguage":"vi","@id":"https:\/\/omanivietnam.com\/#\/schema\/person\/image\/","url":"https:\/\/omanivietnam.com\/wp-content\/uploads\/2024\/06\/logo-1024x1024.png","contentUrl":"https:\/\/omanivietnam.com\/wp-content\/uploads\/2024\/06\/logo-1024x1024.png","width":1024,"height":1024,"caption":"Nguy\u1ec5n V\u0103n Kh\u00e1nh"},"logo":{"@id":"https:\/\/omanivietnam.com\/#\/schema\/person\/image\/"},"sameAs":["https:\/\/omanivietnam.com"]}]}},"_links":{"self":[{"href":"https:\/\/omanivietnam.com\/index.php\/wp-json\/wp\/v2\/product\/4428","targetHints":{"allow":["GET"]}}],"collection":[{"href":"https:\/\/omanivietnam.com\/index.php\/wp-json\/wp\/v2\/product"}],"about":[{"href":"https:\/\/omanivietnam.com\/index.php\/wp-json\/wp\/v2\/types\/product"}],"replies":[{"embeddable":true,"href":"https:\/\/omanivietnam.com\/index.php\/wp-json\/wp\/v2\/comments?post=4428"}],"wp:featuredmedia":[{"embeddable":true,"href":"https:\/\/omanivietnam.com\/index.php\/wp-json\/wp\/v2\/media\/4429"}],"wp:attachment":[{"href":"https:\/\/omanivietnam.com\/index.php\/wp-json\/wp\/v2\/media?parent=4428"}],"wp:term":[{"taxonomy":"product_cat","embeddable":true,"href":"https:\/\/omanivietnam.com\/index.php\/wp-json\/wp\/v2\/product_cat?post=4428"},{"taxonomy":"product_tag","embeddable":true,"href":"https:\/\/omanivietnam.com\/index.php\/wp-json\/wp\/v2\/product_tag?post=4428"}],"curies":[{"name":"wp","href":"https:\/\/api.w.org\/{rel}","templated":true}]}}