{"id":4432,"date":"2025-09-29T21:34:47","date_gmt":"2025-09-29T14:34:47","guid":{"rendered":"https:\/\/omanivietnam.com\/?post_type=product&#038;p=4432"},"modified":"2025-09-29T21:34:47","modified_gmt":"2025-09-29T14:34:47","slug":"festo-dpa-63-10","status":"publish","type":"product","link":"https:\/\/omanivietnam.com\/index.php\/san-pham\/festo-dpa-63-10\/","title":{"rendered":"FESTO DPA-63-10"},"content":{"rendered":"<p>FESTO DPA-63-10<\/p>\n<p>DPA-40-16 DPA-40-10<\/p>\n<p>DPA-40-10-CRVZS5 DPA-40-16-CRVZS2<\/p>\n<div>B\u1ed9 t\u0103ng \u00e1p Festo DPA-63-10-A<\/div>\n<ul>\n<li>T\u0103ng \u00e1p su\u1ea5t kh\u00ed n\u00e9n l\u00ean \u0111\u1ebfn hai l\u1ea7n \u00e1p su\u1ea5t \u0111\u1ea7u v\u00e0o<\/li>\n<li>T\u00f9y ch\u1ecdn nh\u01b0 m\u1ed9t t\u1ed5 h\u1ee3p b\u1ed9 t\u0103ng \u00e1p \u2013 b\u00ecnh t\u00edch \u00e1p<\/li>\n<li>V\u1ecb tr\u00ed l\u1eafp b\u1ea5t k\u1ef3<\/li>\n<li>Th\u1eddi gian l\u00e0m \u0111\u1ea7y tr\u01b0\u1edbc ng\u1eafn<\/li>\n<li>Tu\u1ed5i th\u1ecd cao<\/li>\n<li>Thi\u1ebft k\u1ebf nh\u1ecf g\u1ecdn<\/li>\n<li>T\u00f9y ch\u1ecdn v\u1edbi t\u00f9y ch\u1ecdn truy v\u1ea5n<\/li>\n<li>T\u00ecnh tr\u1ea1ng : M\u1edbi 100%<\/li>\n<li>B\u1ea3o h\u00e0nh: Ch\u00ednh h\u00e3ng<\/li>\n<\/ul>\n<table class=\"table\" border=\"3\">\n<tbody>\n<tr>\n<td>Piston diameter<\/td>\n<td>63 mm<\/td>\n<\/tr>\n<tr>\n<td>installation position<\/td>\n<td>arbitrary<\/td>\n<\/tr>\n<tr>\n<td>Construction set up<\/td>\n<td>Double piston pressure transducer<\/td>\n<\/tr>\n<tr>\n<td>pressure display<\/td>\n<td>G1\/8 prepared<\/td>\n<\/tr>\n<tr>\n<td>Output pressure 2 [bar]<\/td>\n<td>4 to 10<\/td>\n<\/tr>\n<tr>\n<td>Operating pressure [bar]<\/td>\n<td>2 to 8<\/td>\n<\/tr>\n<tr>\n<td>Pressure regulation range [bar]<\/td>\n<td>4 to 10<\/td>\n<\/tr>\n<tr>\n<td>Input pressure 1 [bar]<\/td>\n<td>2 to 8<\/td>\n<\/tr>\n<tr>\n<td>Hinweis zum Druckregelbereich<\/td>\n<td>Ausgangsdr. 40% \u00fcberschr.<\/td>\n<\/tr>\n<tr>\n<td>Operating medium<\/td>\n<td>Compressed air to ISO 8573-1:2010 [7:3:4]<\/td>\n<\/tr>\n<tr>\n<td>Information about operating and control medium<\/td>\n<td>Oiled operation not possible<\/td>\n<\/tr>\n<tr>\n<td>Corrosion resistant class KBK<\/td>\n<td>2 \u2013 moderate corrosion stress<\/td>\n<\/tr>\n<tr>\n<td>Bearing temperature [\u00b0C]<\/td>\n<td>5 to 60<\/td>\n<\/tr>\n<tr>\n<td>ambient temperature [\u00b0C]<\/td>\n<td>5 to 60<\/td>\n<\/tr>\n<tr>\n<td>Product weight [g]<\/td>\n<td>6.000<\/td>\n<\/tr>\n<tr>\n<td>Fastening type<\/td>\n<td>with female thread<\/td>\n<\/tr>\n<tr>\n<td>Pneumatic connection 1<\/td>\n<td>G3\/8<\/td>\n<\/tr>\n<tr>\n<td>Pneumatic connection 2<\/td>\n<td>G3\/8<\/td>\n<\/tr>\n<tr>\n<td>Pneumatic connection 3<\/td>\n<td>G3\/8<\/td>\n<\/tr>\n<tr>\n<td>Material information<\/td>\n<td>RoHs compliant<\/td>\n<\/tr>\n<\/tbody>\n<\/table>\n<p>&nbsp;<\/p>\n","protected":false},"excerpt":{"rendered":"<p>FESTO DPA-63-10 DPA-40-16 DPA-40-10 DPA-40-10-CRVZS5 DPA-40-16-CRVZS2 B\u1ed9 t\u0103ng \u00e1p Festo DPA-63-10-A T\u0103ng \u00e1p su\u1ea5t kh\u00ed n\u00e9n l\u00ean \u0111\u1ebfn hai l\u1ea7n \u00e1p su\u1ea5t \u0111\u1ea7u v\u00e0o T\u00f9y ch\u1ecdn nh\u01b0 m\u1ed9t t\u1ed5 h\u1ee3p b\u1ed9 t\u0103ng \u00e1p \u2013 b\u00ecnh t\u00edch \u00e1p V\u1ecb tr\u00ed l\u1eafp b\u1ea5t k\u1ef3 Th\u1eddi gian l\u00e0m \u0111\u1ea7y tr\u01b0\u1edbc ng\u1eafn Tu\u1ed5i th\u1ecd&hellip; <\/p>\n","protected":false},"featured_media":4433,"comment_status":"open","ping_status":"closed","template":"","meta":[],"product_cat":[284],"product_tag":[364,363,426],"class_list":{"0":"post-4432","1":"product","2":"type-product","3":"status-publish","4":"has-post-thumbnail","6":"product_cat-festo","7":"product_tag-dai-ly-festo-viet-nam","8":"product_tag-festo-viet-nam","9":"product_tag-van-tang-ap","11":"first","12":"instock","13":"shipping-taxable","14":"product-type-simple"},"yoast_head":"<!-- This site is optimized with the Yoast SEO plugin v22.8 - https:\/\/yoast.com\/wordpress\/plugins\/seo\/ -->\n<title>FESTO DPA-63-10 - OMANI VI\u1ec6T NAM<\/title>\n<meta name=\"description\" content=\"FESTO DPA-63-10 Pressure booster\" \/>\n<meta name=\"robots\" content=\"index, follow, max-snippet:-1, max-image-preview:large, max-video-preview:-1\" \/>\n<link rel=\"canonical\" href=\"https:\/\/omanivietnam.com\/index.php\/san-pham\/festo-dpa-63-10\/\" \/>\n<meta property=\"og:locale\" content=\"vi_VN\" \/>\n<meta property=\"og:type\" content=\"article\" \/>\n<meta property=\"og:title\" content=\"FESTO DPA-63-10 - OMANI VI\u1ec6T NAM\" \/>\n<meta property=\"og:description\" content=\"FESTO DPA-63-10 Pressure booster\" \/>\n<meta property=\"og:url\" content=\"https:\/\/omanivietnam.com\/index.php\/san-pham\/festo-dpa-63-10\/\" \/>\n<meta property=\"og:site_name\" content=\"OMANI VI\u1ec6T NAM\" \/>\n<meta property=\"og:image\" content=\"https:\/\/omanivietnam.com\/wp-content\/uploads\/2025\/09\/DPA-63-10.png\" \/>\n\t<meta property=\"og:image:width\" content=\"594\" \/>\n\t<meta property=\"og:image:height\" content=\"772\" \/>\n\t<meta property=\"og:image:type\" content=\"image\/png\" \/>\n<meta name=\"twitter:card\" content=\"summary_large_image\" \/>\n<meta name=\"twitter:label1\" content=\"\u01af\u1edbc t\u00ednh th\u1eddi gian \u0111\u1ecdc\" \/>\n\t<meta name=\"twitter:data1\" content=\"2 ph\u00fat\" \/>\n<script type=\"application\/ld+json\" class=\"yoast-schema-graph\">{\"@context\":\"https:\/\/schema.org\",\"@graph\":[{\"@type\":\"WebPage\",\"@id\":\"https:\/\/omanivietnam.com\/index.php\/san-pham\/festo-dpa-63-10\/\",\"url\":\"https:\/\/omanivietnam.com\/index.php\/san-pham\/festo-dpa-63-10\/\",\"name\":\"FESTO DPA-63-10 - OMANI VI\u1ec6T NAM\",\"isPartOf\":{\"@id\":\"https:\/\/omanivietnam.com\/#website\"},\"primaryImageOfPage\":{\"@id\":\"https:\/\/omanivietnam.com\/index.php\/san-pham\/festo-dpa-63-10\/#primaryimage\"},\"image\":{\"@id\":\"https:\/\/omanivietnam.com\/index.php\/san-pham\/festo-dpa-63-10\/#primaryimage\"},\"thumbnailUrl\":\"https:\/\/omanivietnam.com\/wp-content\/uploads\/2025\/09\/DPA-63-10.png\",\"datePublished\":\"2025-09-29T14:34:47+00:00\",\"dateModified\":\"2025-09-29T14:34:47+00:00\",\"description\":\"FESTO DPA-63-10 Pressure booster\",\"breadcrumb\":{\"@id\":\"https:\/\/omanivietnam.com\/index.php\/san-pham\/festo-dpa-63-10\/#breadcrumb\"},\"inLanguage\":\"vi\",\"potentialAction\":[{\"@type\":\"ReadAction\",\"target\":[\"https:\/\/omanivietnam.com\/index.php\/san-pham\/festo-dpa-63-10\/\"]}]},{\"@type\":\"ImageObject\",\"inLanguage\":\"vi\",\"@id\":\"https:\/\/omanivietnam.com\/index.php\/san-pham\/festo-dpa-63-10\/#primaryimage\",\"url\":\"https:\/\/omanivietnam.com\/wp-content\/uploads\/2025\/09\/DPA-63-10.png\",\"contentUrl\":\"https:\/\/omanivietnam.com\/wp-content\/uploads\/2025\/09\/DPA-63-10.png\",\"width\":594,\"height\":772},{\"@type\":\"BreadcrumbList\",\"@id\":\"https:\/\/omanivietnam.com\/index.php\/san-pham\/festo-dpa-63-10\/#breadcrumb\",\"itemListElement\":[{\"@type\":\"ListItem\",\"position\":1,\"name\":\"Home\",\"item\":\"https:\/\/omanivietnam.com\/\"},{\"@type\":\"ListItem\",\"position\":2,\"name\":\"S\u1ea2N PH\u1ea8M\",\"item\":\"https:\/\/omanivietnam.com\/index.php\/cua-hang\/\"},{\"@type\":\"ListItem\",\"position\":3,\"name\":\"FESTO DPA-63-10\"}]},{\"@type\":\"WebSite\",\"@id\":\"https:\/\/omanivietnam.com\/#website\",\"url\":\"https:\/\/omanivietnam.com\/\",\"name\":\"OMANI VI\u1ec6T NAM\",\"description\":\"Nh\u00e0 ph\u00e2n ph\u1ed1i thi\u1ebft b\u1ecb kh\u00ed n\u00e9n v\u00e0 thi\u1ebft b\u1ecb t\u1ef1 \u0111\u1ed9ng h\u00f3a trong c\u00f4ng nghi\u1ec7p\",\"publisher\":{\"@id\":\"https:\/\/omanivietnam.com\/#\/schema\/person\/0ad398a980dc3fd696111c2c5c8fa897\"},\"potentialAction\":[{\"@type\":\"SearchAction\",\"target\":{\"@type\":\"EntryPoint\",\"urlTemplate\":\"https:\/\/omanivietnam.com\/?s={search_term_string}\"},\"query-input\":\"required name=search_term_string\"}],\"inLanguage\":\"vi\"},{\"@type\":[\"Person\",\"Organization\"],\"@id\":\"https:\/\/omanivietnam.com\/#\/schema\/person\/0ad398a980dc3fd696111c2c5c8fa897\",\"name\":\"Nguy\u1ec5n V\u0103n Kh\u00e1nh\",\"image\":{\"@type\":\"ImageObject\",\"inLanguage\":\"vi\",\"@id\":\"https:\/\/omanivietnam.com\/#\/schema\/person\/image\/\",\"url\":\"https:\/\/omanivietnam.com\/wp-content\/uploads\/2024\/06\/logo-1024x1024.png\",\"contentUrl\":\"https:\/\/omanivietnam.com\/wp-content\/uploads\/2024\/06\/logo-1024x1024.png\",\"width\":1024,\"height\":1024,\"caption\":\"Nguy\u1ec5n V\u0103n Kh\u00e1nh\"},\"logo\":{\"@id\":\"https:\/\/omanivietnam.com\/#\/schema\/person\/image\/\"},\"sameAs\":[\"https:\/\/omanivietnam.com\"]}]}<\/script>\n<!-- \/ Yoast SEO plugin. -->","yoast_head_json":{"title":"FESTO DPA-63-10 - OMANI VI\u1ec6T NAM","description":"FESTO DPA-63-10 Pressure booster","robots":{"index":"index","follow":"follow","max-snippet":"max-snippet:-1","max-image-preview":"max-image-preview:large","max-video-preview":"max-video-preview:-1"},"canonical":"https:\/\/omanivietnam.com\/index.php\/san-pham\/festo-dpa-63-10\/","og_locale":"vi_VN","og_type":"article","og_title":"FESTO DPA-63-10 - OMANI VI\u1ec6T NAM","og_description":"FESTO DPA-63-10 Pressure booster","og_url":"https:\/\/omanivietnam.com\/index.php\/san-pham\/festo-dpa-63-10\/","og_site_name":"OMANI VI\u1ec6T NAM","og_image":[{"width":594,"height":772,"url":"https:\/\/omanivietnam.com\/wp-content\/uploads\/2025\/09\/DPA-63-10.png","type":"image\/png"}],"twitter_card":"summary_large_image","twitter_misc":{"\u01af\u1edbc t\u00ednh th\u1eddi gian \u0111\u1ecdc":"2 ph\u00fat"},"schema":{"@context":"https:\/\/schema.org","@graph":[{"@type":"WebPage","@id":"https:\/\/omanivietnam.com\/index.php\/san-pham\/festo-dpa-63-10\/","url":"https:\/\/omanivietnam.com\/index.php\/san-pham\/festo-dpa-63-10\/","name":"FESTO DPA-63-10 - OMANI VI\u1ec6T NAM","isPartOf":{"@id":"https:\/\/omanivietnam.com\/#website"},"primaryImageOfPage":{"@id":"https:\/\/omanivietnam.com\/index.php\/san-pham\/festo-dpa-63-10\/#primaryimage"},"image":{"@id":"https:\/\/omanivietnam.com\/index.php\/san-pham\/festo-dpa-63-10\/#primaryimage"},"thumbnailUrl":"https:\/\/omanivietnam.com\/wp-content\/uploads\/2025\/09\/DPA-63-10.png","datePublished":"2025-09-29T14:34:47+00:00","dateModified":"2025-09-29T14:34:47+00:00","description":"FESTO DPA-63-10 Pressure booster","breadcrumb":{"@id":"https:\/\/omanivietnam.com\/index.php\/san-pham\/festo-dpa-63-10\/#breadcrumb"},"inLanguage":"vi","potentialAction":[{"@type":"ReadAction","target":["https:\/\/omanivietnam.com\/index.php\/san-pham\/festo-dpa-63-10\/"]}]},{"@type":"ImageObject","inLanguage":"vi","@id":"https:\/\/omanivietnam.com\/index.php\/san-pham\/festo-dpa-63-10\/#primaryimage","url":"https:\/\/omanivietnam.com\/wp-content\/uploads\/2025\/09\/DPA-63-10.png","contentUrl":"https:\/\/omanivietnam.com\/wp-content\/uploads\/2025\/09\/DPA-63-10.png","width":594,"height":772},{"@type":"BreadcrumbList","@id":"https:\/\/omanivietnam.com\/index.php\/san-pham\/festo-dpa-63-10\/#breadcrumb","itemListElement":[{"@type":"ListItem","position":1,"name":"Home","item":"https:\/\/omanivietnam.com\/"},{"@type":"ListItem","position":2,"name":"S\u1ea2N PH\u1ea8M","item":"https:\/\/omanivietnam.com\/index.php\/cua-hang\/"},{"@type":"ListItem","position":3,"name":"FESTO DPA-63-10"}]},{"@type":"WebSite","@id":"https:\/\/omanivietnam.com\/#website","url":"https:\/\/omanivietnam.com\/","name":"OMANI VI\u1ec6T NAM","description":"Nh\u00e0 ph\u00e2n ph\u1ed1i thi\u1ebft b\u1ecb kh\u00ed n\u00e9n v\u00e0 thi\u1ebft b\u1ecb t\u1ef1 \u0111\u1ed9ng h\u00f3a trong c\u00f4ng nghi\u1ec7p","publisher":{"@id":"https:\/\/omanivietnam.com\/#\/schema\/person\/0ad398a980dc3fd696111c2c5c8fa897"},"potentialAction":[{"@type":"SearchAction","target":{"@type":"EntryPoint","urlTemplate":"https:\/\/omanivietnam.com\/?s={search_term_string}"},"query-input":"required name=search_term_string"}],"inLanguage":"vi"},{"@type":["Person","Organization"],"@id":"https:\/\/omanivietnam.com\/#\/schema\/person\/0ad398a980dc3fd696111c2c5c8fa897","name":"Nguy\u1ec5n V\u0103n Kh\u00e1nh","image":{"@type":"ImageObject","inLanguage":"vi","@id":"https:\/\/omanivietnam.com\/#\/schema\/person\/image\/","url":"https:\/\/omanivietnam.com\/wp-content\/uploads\/2024\/06\/logo-1024x1024.png","contentUrl":"https:\/\/omanivietnam.com\/wp-content\/uploads\/2024\/06\/logo-1024x1024.png","width":1024,"height":1024,"caption":"Nguy\u1ec5n V\u0103n Kh\u00e1nh"},"logo":{"@id":"https:\/\/omanivietnam.com\/#\/schema\/person\/image\/"},"sameAs":["https:\/\/omanivietnam.com"]}]}},"_links":{"self":[{"href":"https:\/\/omanivietnam.com\/index.php\/wp-json\/wp\/v2\/product\/4432","targetHints":{"allow":["GET"]}}],"collection":[{"href":"https:\/\/omanivietnam.com\/index.php\/wp-json\/wp\/v2\/product"}],"about":[{"href":"https:\/\/omanivietnam.com\/index.php\/wp-json\/wp\/v2\/types\/product"}],"replies":[{"embeddable":true,"href":"https:\/\/omanivietnam.com\/index.php\/wp-json\/wp\/v2\/comments?post=4432"}],"wp:featuredmedia":[{"embeddable":true,"href":"https:\/\/omanivietnam.com\/index.php\/wp-json\/wp\/v2\/media\/4433"}],"wp:attachment":[{"href":"https:\/\/omanivietnam.com\/index.php\/wp-json\/wp\/v2\/media?parent=4432"}],"wp:term":[{"taxonomy":"product_cat","embeddable":true,"href":"https:\/\/omanivietnam.com\/index.php\/wp-json\/wp\/v2\/product_cat?post=4432"},{"taxonomy":"product_tag","embeddable":true,"href":"https:\/\/omanivietnam.com\/index.php\/wp-json\/wp\/v2\/product_tag?post=4432"}],"curies":[{"name":"wp","href":"https:\/\/api.w.org\/{rel}","templated":true}]}}