{"id":4456,"date":"2025-10-11T09:06:32","date_gmt":"2025-10-11T02:06:32","guid":{"rendered":"https:\/\/omanivietnam.com\/?post_type=product&#038;p=4456"},"modified":"2025-10-11T09:06:32","modified_gmt":"2025-10-11T02:06:32","slug":"dungs-mb-dle407b01s20","status":"publish","type":"product","link":"https:\/\/omanivietnam.com\/index.php\/san-pham\/dungs-mb-dle407b01s20\/","title":{"rendered":"DUNGS MB-DLE407B01S20"},"content":{"rendered":"<p>DUNGS MB-DLE407B01S20<\/p>\n<h2>Van Dungs MB-DLE 407 B01 S20<\/h2>\n<h3><strong>1.Th\u00f4ng tin s\u1ea3n ph\u1ea9m (DUNGS MB-DLE 407 B01 S20)<\/strong><\/h3>\n<p>MB-DLE 407 B01 S20 l\u00e0 c\u1ee5m van \u0111i\u1ec7n t\u1eeb \u0111a n\u0103ng \u0111\u01b0\u1ee3c s\u1eed d\u1ee5ng trong nhi\u1ec1u \u1ee9ng d\u1ee5ng kh\u00e1c nhau:<\/p>\n<ul>\n<li>Th\u00f4ng s\u1ed1 k\u1ef9 thu\u1eadt: Th\u01b0\u1eddng ch\u1ea1y tr\u00ean ngu\u1ed3n 230VAC v\u1edbi t\u1ea7n s\u1ed1 50-60Hz, v\u1edbi \u00e1p su\u1ea5t ho\u1ea1t \u0111\u1ed9ng t\u1ed1i \u0111a l\u00e0 500 mbar<\/li>\n<li>C\u00e1ch s\u1eed d\u1ee5ng: \u0110\u01b0\u1ee3c s\u1eed d\u1ee5ng trong c\u00e1c h\u1ec7 th\u1ed1ng ki\u1ec3m so\u00e1t kh\u00ed \u0111\u1ec3 \u0111\u1ecbnh h\u01b0\u1edbng v\u00e0 \u0111i\u1ec1u ch\u1ec9nh l\u01b0u l\u01b0\u1ee3ng kh\u00ed<\/li>\n<li>T\u00ednh s\u1eb5n c\u00f3: C\u00f3 s\u1eb5n r\u1ed9ng r\u00e3i th\u00f4ng qua nhi\u1ec1u nh\u00e0 cung c\u1ea5p kh\u00e1c nhau nh\u01b0 Weishaupt<\/li>\n<li>C\u00e1c bi\u1ebfn th\u1ec3: C\u00f3 nhi\u1ec1u m\u1eabu kh\u00e1c nhau, ch\u1eb3ng h\u1ea1n nh\u01b0 phi\u00ean b\u1ea3n 110V, \u0111\u00e1p \u1ee9ng c\u00e1c y\u00eau c\u1ea7u \u0111i\u1ec7n \u00e1p c\u1ee5 th\u1ec3<\/li>\n<\/ul>\n<h3><strong>2.C\u00e1c Model t\u01b0\u01a1ng t\u1ef1 (DUNGS MB-DLE 407 B01 S20)<\/strong><\/h3>\n<p>MB-DLE 407 B01 S20<\/p>\n<p>MB-DLE 407 B01 S50<\/p>\n<p>W-MF-SE507C01S22<\/p>\n<p>MB-DLE420B01S50<\/p>\n<p>SV-D507<\/p>\n<p>MB-DLE415B01S50<\/p>\n<p>MB-ZRDLE407B01S20<\/p>\n","protected":false},"excerpt":{"rendered":"<p>DUNGS MB-DLE407B01S20 Van Dungs MB-DLE 407 B01 S20 1.Th\u00f4ng tin s\u1ea3n ph\u1ea9m (DUNGS MB-DLE 407 B01 S20) MB-DLE 407 B01 S20 l\u00e0 c\u1ee5m van \u0111i\u1ec7n t\u1eeb \u0111a n\u0103ng \u0111\u01b0\u1ee3c s\u1eed d\u1ee5ng trong nhi\u1ec1u \u1ee9ng d\u1ee5ng kh\u00e1c nhau: Th\u00f4ng s\u1ed1 k\u1ef9 thu\u1eadt: Th\u01b0\u1eddng ch\u1ea1y tr\u00ean ngu\u1ed3n 230VAC v\u1edbi t\u1ea7n s\u1ed1 50-60Hz,&hellip; <\/p>\n","protected":false},"featured_media":4457,"comment_status":"open","ping_status":"closed","template":"","meta":[],"product_cat":[837],"product_tag":[839,838,451],"class_list":{"0":"post-4456","1":"product","2":"type-product","3":"status-publish","4":"has-post-thumbnail","6":"product_cat-dungs","7":"product_tag-dai-ly-dungs-viet-nam","8":"product_tag-dungs-viet-nam","9":"product_tag-van","11":"first","12":"instock","13":"shipping-taxable","14":"product-type-simple"},"yoast_head":"<!-- This site is optimized with the Yoast SEO plugin v22.8 - https:\/\/yoast.com\/wordpress\/plugins\/seo\/ -->\n<title>DUNGS MB-DLE407B01S20 - OMANI VI\u1ec6T NAM<\/title>\n<meta name=\"description\" content=\"DUNGS MB-DLE407B01S20 Gas Solenoid Valve\" \/>\n<meta name=\"robots\" content=\"index, follow, max-snippet:-1, max-image-preview:large, max-video-preview:-1\" \/>\n<link rel=\"canonical\" href=\"https:\/\/omanivietnam.com\/index.php\/san-pham\/dungs-mb-dle407b01s20\/\" \/>\n<meta property=\"og:locale\" content=\"vi_VN\" \/>\n<meta property=\"og:type\" content=\"article\" \/>\n<meta property=\"og:title\" content=\"DUNGS MB-DLE407B01S20 - OMANI VI\u1ec6T NAM\" \/>\n<meta property=\"og:description\" content=\"DUNGS MB-DLE407B01S20 Gas Solenoid Valve\" \/>\n<meta property=\"og:url\" content=\"https:\/\/omanivietnam.com\/index.php\/san-pham\/dungs-mb-dle407b01s20\/\" \/>\n<meta property=\"og:site_name\" content=\"OMANI VI\u1ec6T NAM\" \/>\n<meta property=\"og:image\" content=\"https:\/\/omanivietnam.com\/wp-content\/uploads\/2025\/10\/MB-DLE407B01S20.png\" \/>\n\t<meta property=\"og:image:width\" content=\"678\" \/>\n\t<meta property=\"og:image:height\" content=\"696\" \/>\n\t<meta property=\"og:image:type\" content=\"image\/png\" \/>\n<meta name=\"twitter:card\" content=\"summary_large_image\" \/>\n<meta name=\"twitter:label1\" content=\"\u01af\u1edbc t\u00ednh th\u1eddi gian \u0111\u1ecdc\" \/>\n\t<meta name=\"twitter:data1\" content=\"1 ph\u00fat\" \/>\n<script type=\"application\/ld+json\" class=\"yoast-schema-graph\">{\"@context\":\"https:\/\/schema.org\",\"@graph\":[{\"@type\":\"WebPage\",\"@id\":\"https:\/\/omanivietnam.com\/index.php\/san-pham\/dungs-mb-dle407b01s20\/\",\"url\":\"https:\/\/omanivietnam.com\/index.php\/san-pham\/dungs-mb-dle407b01s20\/\",\"name\":\"DUNGS MB-DLE407B01S20 - OMANI VI\u1ec6T NAM\",\"isPartOf\":{\"@id\":\"https:\/\/omanivietnam.com\/#website\"},\"primaryImageOfPage\":{\"@id\":\"https:\/\/omanivietnam.com\/index.php\/san-pham\/dungs-mb-dle407b01s20\/#primaryimage\"},\"image\":{\"@id\":\"https:\/\/omanivietnam.com\/index.php\/san-pham\/dungs-mb-dle407b01s20\/#primaryimage\"},\"thumbnailUrl\":\"https:\/\/omanivietnam.com\/wp-content\/uploads\/2025\/10\/MB-DLE407B01S20.png\",\"datePublished\":\"2025-10-11T02:06:32+00:00\",\"dateModified\":\"2025-10-11T02:06:32+00:00\",\"description\":\"DUNGS MB-DLE407B01S20 Gas Solenoid Valve\",\"breadcrumb\":{\"@id\":\"https:\/\/omanivietnam.com\/index.php\/san-pham\/dungs-mb-dle407b01s20\/#breadcrumb\"},\"inLanguage\":\"vi\",\"potentialAction\":[{\"@type\":\"ReadAction\",\"target\":[\"https:\/\/omanivietnam.com\/index.php\/san-pham\/dungs-mb-dle407b01s20\/\"]}]},{\"@type\":\"ImageObject\",\"inLanguage\":\"vi\",\"@id\":\"https:\/\/omanivietnam.com\/index.php\/san-pham\/dungs-mb-dle407b01s20\/#primaryimage\",\"url\":\"https:\/\/omanivietnam.com\/wp-content\/uploads\/2025\/10\/MB-DLE407B01S20.png\",\"contentUrl\":\"https:\/\/omanivietnam.com\/wp-content\/uploads\/2025\/10\/MB-DLE407B01S20.png\",\"width\":678,\"height\":696},{\"@type\":\"BreadcrumbList\",\"@id\":\"https:\/\/omanivietnam.com\/index.php\/san-pham\/dungs-mb-dle407b01s20\/#breadcrumb\",\"itemListElement\":[{\"@type\":\"ListItem\",\"position\":1,\"name\":\"Home\",\"item\":\"https:\/\/omanivietnam.com\/\"},{\"@type\":\"ListItem\",\"position\":2,\"name\":\"S\u1ea2N PH\u1ea8M\",\"item\":\"https:\/\/omanivietnam.com\/index.php\/cua-hang\/\"},{\"@type\":\"ListItem\",\"position\":3,\"name\":\"DUNGS MB-DLE407B01S20\"}]},{\"@type\":\"WebSite\",\"@id\":\"https:\/\/omanivietnam.com\/#website\",\"url\":\"https:\/\/omanivietnam.com\/\",\"name\":\"OMANI VI\u1ec6T NAM\",\"description\":\"Nh\u00e0 ph\u00e2n ph\u1ed1i thi\u1ebft b\u1ecb kh\u00ed n\u00e9n v\u00e0 thi\u1ebft b\u1ecb t\u1ef1 \u0111\u1ed9ng h\u00f3a trong c\u00f4ng nghi\u1ec7p\",\"publisher\":{\"@id\":\"https:\/\/omanivietnam.com\/#\/schema\/person\/0ad398a980dc3fd696111c2c5c8fa897\"},\"potentialAction\":[{\"@type\":\"SearchAction\",\"target\":{\"@type\":\"EntryPoint\",\"urlTemplate\":\"https:\/\/omanivietnam.com\/?s={search_term_string}\"},\"query-input\":\"required name=search_term_string\"}],\"inLanguage\":\"vi\"},{\"@type\":[\"Person\",\"Organization\"],\"@id\":\"https:\/\/omanivietnam.com\/#\/schema\/person\/0ad398a980dc3fd696111c2c5c8fa897\",\"name\":\"Nguy\u1ec5n V\u0103n Kh\u00e1nh\",\"image\":{\"@type\":\"ImageObject\",\"inLanguage\":\"vi\",\"@id\":\"https:\/\/omanivietnam.com\/#\/schema\/person\/image\/\",\"url\":\"https:\/\/omanivietnam.com\/wp-content\/uploads\/2024\/06\/logo-1024x1024.png\",\"contentUrl\":\"https:\/\/omanivietnam.com\/wp-content\/uploads\/2024\/06\/logo-1024x1024.png\",\"width\":1024,\"height\":1024,\"caption\":\"Nguy\u1ec5n V\u0103n Kh\u00e1nh\"},\"logo\":{\"@id\":\"https:\/\/omanivietnam.com\/#\/schema\/person\/image\/\"},\"sameAs\":[\"https:\/\/omanivietnam.com\"]}]}<\/script>\n<!-- \/ Yoast SEO plugin. -->","yoast_head_json":{"title":"DUNGS MB-DLE407B01S20 - OMANI VI\u1ec6T NAM","description":"DUNGS MB-DLE407B01S20 Gas Solenoid Valve","robots":{"index":"index","follow":"follow","max-snippet":"max-snippet:-1","max-image-preview":"max-image-preview:large","max-video-preview":"max-video-preview:-1"},"canonical":"https:\/\/omanivietnam.com\/index.php\/san-pham\/dungs-mb-dle407b01s20\/","og_locale":"vi_VN","og_type":"article","og_title":"DUNGS MB-DLE407B01S20 - OMANI VI\u1ec6T NAM","og_description":"DUNGS MB-DLE407B01S20 Gas Solenoid Valve","og_url":"https:\/\/omanivietnam.com\/index.php\/san-pham\/dungs-mb-dle407b01s20\/","og_site_name":"OMANI VI\u1ec6T NAM","og_image":[{"width":678,"height":696,"url":"https:\/\/omanivietnam.com\/wp-content\/uploads\/2025\/10\/MB-DLE407B01S20.png","type":"image\/png"}],"twitter_card":"summary_large_image","twitter_misc":{"\u01af\u1edbc t\u00ednh th\u1eddi gian \u0111\u1ecdc":"1 ph\u00fat"},"schema":{"@context":"https:\/\/schema.org","@graph":[{"@type":"WebPage","@id":"https:\/\/omanivietnam.com\/index.php\/san-pham\/dungs-mb-dle407b01s20\/","url":"https:\/\/omanivietnam.com\/index.php\/san-pham\/dungs-mb-dle407b01s20\/","name":"DUNGS MB-DLE407B01S20 - OMANI VI\u1ec6T NAM","isPartOf":{"@id":"https:\/\/omanivietnam.com\/#website"},"primaryImageOfPage":{"@id":"https:\/\/omanivietnam.com\/index.php\/san-pham\/dungs-mb-dle407b01s20\/#primaryimage"},"image":{"@id":"https:\/\/omanivietnam.com\/index.php\/san-pham\/dungs-mb-dle407b01s20\/#primaryimage"},"thumbnailUrl":"https:\/\/omanivietnam.com\/wp-content\/uploads\/2025\/10\/MB-DLE407B01S20.png","datePublished":"2025-10-11T02:06:32+00:00","dateModified":"2025-10-11T02:06:32+00:00","description":"DUNGS MB-DLE407B01S20 Gas Solenoid Valve","breadcrumb":{"@id":"https:\/\/omanivietnam.com\/index.php\/san-pham\/dungs-mb-dle407b01s20\/#breadcrumb"},"inLanguage":"vi","potentialAction":[{"@type":"ReadAction","target":["https:\/\/omanivietnam.com\/index.php\/san-pham\/dungs-mb-dle407b01s20\/"]}]},{"@type":"ImageObject","inLanguage":"vi","@id":"https:\/\/omanivietnam.com\/index.php\/san-pham\/dungs-mb-dle407b01s20\/#primaryimage","url":"https:\/\/omanivietnam.com\/wp-content\/uploads\/2025\/10\/MB-DLE407B01S20.png","contentUrl":"https:\/\/omanivietnam.com\/wp-content\/uploads\/2025\/10\/MB-DLE407B01S20.png","width":678,"height":696},{"@type":"BreadcrumbList","@id":"https:\/\/omanivietnam.com\/index.php\/san-pham\/dungs-mb-dle407b01s20\/#breadcrumb","itemListElement":[{"@type":"ListItem","position":1,"name":"Home","item":"https:\/\/omanivietnam.com\/"},{"@type":"ListItem","position":2,"name":"S\u1ea2N PH\u1ea8M","item":"https:\/\/omanivietnam.com\/index.php\/cua-hang\/"},{"@type":"ListItem","position":3,"name":"DUNGS MB-DLE407B01S20"}]},{"@type":"WebSite","@id":"https:\/\/omanivietnam.com\/#website","url":"https:\/\/omanivietnam.com\/","name":"OMANI VI\u1ec6T NAM","description":"Nh\u00e0 ph\u00e2n ph\u1ed1i thi\u1ebft b\u1ecb kh\u00ed n\u00e9n v\u00e0 thi\u1ebft b\u1ecb t\u1ef1 \u0111\u1ed9ng h\u00f3a trong c\u00f4ng nghi\u1ec7p","publisher":{"@id":"https:\/\/omanivietnam.com\/#\/schema\/person\/0ad398a980dc3fd696111c2c5c8fa897"},"potentialAction":[{"@type":"SearchAction","target":{"@type":"EntryPoint","urlTemplate":"https:\/\/omanivietnam.com\/?s={search_term_string}"},"query-input":"required name=search_term_string"}],"inLanguage":"vi"},{"@type":["Person","Organization"],"@id":"https:\/\/omanivietnam.com\/#\/schema\/person\/0ad398a980dc3fd696111c2c5c8fa897","name":"Nguy\u1ec5n V\u0103n Kh\u00e1nh","image":{"@type":"ImageObject","inLanguage":"vi","@id":"https:\/\/omanivietnam.com\/#\/schema\/person\/image\/","url":"https:\/\/omanivietnam.com\/wp-content\/uploads\/2024\/06\/logo-1024x1024.png","contentUrl":"https:\/\/omanivietnam.com\/wp-content\/uploads\/2024\/06\/logo-1024x1024.png","width":1024,"height":1024,"caption":"Nguy\u1ec5n V\u0103n Kh\u00e1nh"},"logo":{"@id":"https:\/\/omanivietnam.com\/#\/schema\/person\/image\/"},"sameAs":["https:\/\/omanivietnam.com"]}]}},"_links":{"self":[{"href":"https:\/\/omanivietnam.com\/index.php\/wp-json\/wp\/v2\/product\/4456","targetHints":{"allow":["GET"]}}],"collection":[{"href":"https:\/\/omanivietnam.com\/index.php\/wp-json\/wp\/v2\/product"}],"about":[{"href":"https:\/\/omanivietnam.com\/index.php\/wp-json\/wp\/v2\/types\/product"}],"replies":[{"embeddable":true,"href":"https:\/\/omanivietnam.com\/index.php\/wp-json\/wp\/v2\/comments?post=4456"}],"wp:featuredmedia":[{"embeddable":true,"href":"https:\/\/omanivietnam.com\/index.php\/wp-json\/wp\/v2\/media\/4457"}],"wp:attachment":[{"href":"https:\/\/omanivietnam.com\/index.php\/wp-json\/wp\/v2\/media?parent=4456"}],"wp:term":[{"taxonomy":"product_cat","embeddable":true,"href":"https:\/\/omanivietnam.com\/index.php\/wp-json\/wp\/v2\/product_cat?post=4456"},{"taxonomy":"product_tag","embeddable":true,"href":"https:\/\/omanivietnam.com\/index.php\/wp-json\/wp\/v2\/product_tag?post=4456"}],"curies":[{"name":"wp","href":"https:\/\/api.w.org\/{rel}","templated":true}]}}