{"id":4464,"date":"2025-10-11T15:13:14","date_gmt":"2025-10-11T08:13:14","guid":{"rendered":"https:\/\/omanivietnam.com\/?post_type=product&#038;p=4464"},"modified":"2025-10-11T15:13:14","modified_gmt":"2025-10-11T08:13:14","slug":"koganei-orv25x550","status":"publish","type":"product","link":"https:\/\/omanivietnam.com\/index.php\/san-pham\/koganei-orv25x550\/","title":{"rendered":"KOGANEI ORV25X550"},"content":{"rendered":"<p>KOGANEI ORV25X550<\/p>\n<p>KOGANEI ORV20x250<\/p>\n<p>KOGANEI ORV20x200<\/p>\n<p>KOGANEI ORV32X800<\/p>\n<p>Series: ORV16 ORV20 ORV25 ORV32 ORV40 ORV50<\/p>\n<table class=\"m-table\" border=\"1\" cellspacing=\"0\">\n<thead>\n<tr>\n<th>ORV16<\/th>\n<th>ORV20<\/th>\n<th>ORV25<\/th>\n<th>ORV32<\/th>\n<th>ORV40<\/th>\n<th>ORV50<\/th>\n<\/tr>\n<\/thead>\n<tbody>\n<tr>\n<th>\u0110\u01b0\u1eddng k\u00ednh xi lanh t\u01b0\u01a1ng \u0111\u01b0\u01a1ng<\/th>\n<th>mm<\/th>\n<td>16<\/td>\n<td>20<\/td>\n<td>hai m\u01b0\u01a1i l\u0103m<\/td>\n<td>32<\/td>\n<td>40<\/td>\n<td>50<\/td>\n<\/tr>\n<tr>\n<th>ch\u1ea5t l\u1ecfng l\u00e0m vi\u1ec7c<\/th>\n<td colspan=\"6\">L\u01b0u \u00fd kh\u00f4ng kh\u00ed\u00a0<sup>1<\/sup><\/td>\n<\/tr>\n<tr>\n<th>Ph\u01b0\u01a1ng th\u1ee9c ho\u1ea1t \u0111\u1ed9ng<\/th>\n<td colspan=\"6\">T\u00e1c \u0111\u1ed9ng k\u00e9p<\/td>\n<\/tr>\n<tr>\n<th>Ph\u1ea1m vi \u00e1p su\u1ea5t l\u00e0m vi\u1ec7c<\/th>\n<th>MPa<\/th>\n<td colspan=\"6\">0,15 \u0111\u1ebfn 0,8<\/td>\n<\/tr>\n<tr>\n<th>\u0110\u1ea3m b\u1ea3o ch\u1ecbu \u0111\u01b0\u1ee3c \u00e1p l\u1ef1c<\/th>\n<th>MPa<\/th>\n<td colspan=\"6\">1.2<\/td>\n<\/tr>\n<tr>\n<th>gi\u1edbi h\u1ea1n nhi\u1ec7t \u0111\u1ed9 ho\u1ea1t \u0111\u1ed9ng<\/th>\n<th>\u2103<\/th>\n<td colspan=\"6\">0 \u0111\u1ebfn +60<\/td>\n<\/tr>\n<tr>\n<th>ph\u1ea1m vi t\u1ed1c \u0111\u1ed9 ho\u1ea1t \u0111\u1ed9ng<\/th>\n<th>mm\/gi\u00e2y<\/th>\n<td colspan=\"6\">Cao su c\u1ea3n 80-500, 80-800 c\u00f3 gi\u1ea3m s\u00f3c<\/td>\n<\/tr>\n<tr>\n<th>c\u00e1i \u0111\u1ec7m<\/th>\n<th>ti\u00eau chu\u1ea9n<\/th>\n<td colspan=\"6\">V\u1edbi c\u1ea3n cao su<\/td>\n<\/tr>\n<tr>\n<th>l\u1ef1a ch\u1ecdn<\/th>\n<td colspan=\"6\">gi\u1ea3m ch\u1ea5n<\/td>\n<\/tr>\n<tr>\n<th>ti\u1ebfp nhi\u00ean li\u1ec7u<\/th>\n<td colspan=\"6\">Kh\u00f4ng y\u00eau c\u1ea7u (Khi b\u00f4i tr\u01a1n, d\u1ea7u tuabin lo\u1ea1i 1 [ISO VG32] ho\u1eb7c t\u01b0\u01a1ng \u0111\u01b0\u01a1ng)<\/td>\n<\/tr>\n<tr>\n<th>Ph\u1ea1m vi \u0111i\u1ec1u ch\u1ec9nh h\u00e0nh tr\u00ecnh<\/th>\n<th>mm<\/th>\n<th>V\u1edbi gi\u1ea3m x\u00f3c<\/th>\n<td colspan=\"4\">M\u1ed9t b\u00ean 0 \u0111\u1ebfn -20<\/td>\n<td colspan=\"2\">M\u1ed9t b\u00ean 0 \u0111\u1ebfn -30<\/td>\n<\/tr>\n<tr>\n<th>\u0111\u1ed9t qu\u1ef5 t\u1ed1i \u0111a<\/th>\n<th>mm<\/th>\n<td colspan=\"6\">2.000<\/td>\n<\/tr>\n<tr>\n<th>kh\u1ea3 n\u0103ng ch\u1ecbu \u0111\u1ed9t qu\u1ef5<\/th>\n<th>mm<\/th>\n<th>H\u00e0nh tr\u00ecnh<br \/>\n2.000mm tr\u1edf xu\u1ed1ng<\/th>\n<td>+1 \u0111\u1ebfn +5<\/td>\n<td>+1 \u0111\u1ebfn +6<\/td>\n<td>0 \u0111\u1ebfn +6<\/td>\n<td>+1 \u0111\u1ebfn +6<\/td>\n<td>+1 \u0111\u1ebfn +7<\/td>\n<td>+2 \u0111\u1ebfn +6<\/td>\n<\/tr>\n<tr>\n<th>\u0110\u01b0\u1eddng k\u00ednh k\u1ebft n\u1ed1i \u0111\u01b0\u1eddng \u1ed1ng<\/th>\n<td>M5\u00d70.8<\/td>\n<td>RC1\/8<\/td>\n<td>RC1\/8<\/td>\n<td>RC1\/4<\/td>\n<td>RC1\/4<\/td>\n<td>RC<\/td>\n<\/tr>\n<\/tbody>\n<\/table>\n<p>[T\u00ednh n\u0103ng]<br \/>\n\u30fbV\u1edbi c\u01a1 ch\u1ebf p\u00edt-t\u00f4ng ph\u1eb3ng c\u1ee7a ri\u00eang m\u00ecnh, \u0111\u00e2y l\u00e0 ti\u00eau chu\u1ea9n m\u1edbi cho thi\u1ebft b\u1ecb kh\u00f4ng tr\u1ee5c &#8220;r\u1ebb, ng\u1eafn v\u00e0 m\u1ecfng&#8221;.<br \/>\n\u30fbC\u00f3 th\u1ec3 thi\u1ebft k\u1ebf nh\u1ecf g\u1ecdn v\u00e0 \u0111\u01a1n gi\u1ea3n, th\u1ec3 hi\u1ec7n s\u1ee9c m\u1ea1nh ti\u1ebft ki\u1ec7m kh\u00f4ng gian c\u1ee7a n\u00f3.<br \/>\n\u30fbK\u1ebft h\u1ee3p v\u1edbi thanh d\u1eabn tuy\u1ebfn t\u00ednh, tr\u1ecdng t\u00e2m th\u1ea5p v\u00e0 tr\u01a1n tru.\u30fbB\u1edfi v\u00ec<br \/>\nthi\u1ebft b\u1ecb ch\u00ednh nh\u1eb9, ngay c\u1ea3 khi n\u00f3 \u0111\u01b0\u1ee3c s\u1eed d\u1ee5ng cho tr\u1ee5c Y v\u00e0 Z, kh\u00f4ng c\u00f3 t\u1ea3i tr\u1ecdng n\u00e0o \u0111\u01b0\u1ee3c \u00e1p d\u1ee5ng cho b\u1ed9 truy\u1ec1n \u0111\u1ed9ng ho\u1eb7c gi\u00e1 \u0111\u1ee1 l\u00e0 tr\u1ee5c c\u01a1 s\u1edf.\u00a0Ti\u1ebft ki\u1ec7m kh\u00f4ng gian v\u00e0 nh\u1eb9 cho to\u00e0n b\u1ed9 thi\u1ebft b\u1ecb<br \/>\n.\u30fbV\u1ecf cu\u1ed1i l\u00e0 lo\u1ea1i kh\u1ed1i c\u00f3 th\u1ec3 \u0111\u01b0\u1ee3c g\u1eafn tr\u1ef1c ti\u1ebfp m\u00e0 kh\u00f4ng c\u1ea7n gi\u00e1 \u0111\u1ee1.<br \/>\n\u30fbV\u1edbi kinh nghi\u1ec7m nhi\u1ec1u n\u0103m c\u1ee7a m\u00ecnh, ch\u00fang t\u00f4i \u0111\u00e3 s\u1eed d\u1ee5ng m\u1ed9t d\u1ea3i \u0111\u1ec7m b\u1eb1ng th\u00e9p kh\u00f4ng g\u1ec9 \u0111\u1ed9c \u0111\u00e1o.\u00a0\u0110\u1ea1t \u0111\u01b0\u1ee3c tu\u1ed5i th\u1ecd cao v\u00e0 \u0111\u1ed9 r\u00f2 r\u1ec9 th\u1ea5p so v\u1edbi c\u00e1c d\u1ea3i b\u1ecbt k\u00edn b\u1eb1ng nh\u1ef1a. &#8211;<br \/>\nB\u1eb1ng c\u00e1ch l\u00e0m cho h\u00ecnh d\u1ea1ng p\u00edt-t\u00f4ng ph\u1eb3ng, \u0111\u1ea1t \u0111\u01b0\u1ee3c m\u1ed9t thi\u1ebft k\u1ebf m\u1ecfng v\u1edbi chi\u1ec1u cao th\u00e2n c\u1ef1c th\u1ea5p. &#8211; M\u1ed9t<br \/>\nt\u00fai cho ph\u00e9p k\u00e9o d\u00e2y d\u1eabn c\u1ee7a nhi\u1ec1u c\u00f4ng t\u1eafc c\u1ea3m bi\u1ebfn nh\u00fang ra kh\u1ecfi m\u1ed9t b\u00ean S\u1eed d\u1ee5ng r\u00e3nh<br \/>\n[\u1ee8ng d\u1ee5ng]<br \/>\n\u30fbT\u01b0\u01a1ng th\u00edch v\u1edbi c\u00e1c thi\u1ebft b\u1ecb kh\u00ed n\u00e9n v\u00e0 d\u00e2y chuy\u1ec1n s\u1ea3n xu\u1ea5t trong m\u1ecdi ng\u00e0nh c\u00f4ng nghi\u1ec7p<\/p>\n<p><strong>Th\u00f4ng s\u1ed1 k\u1ef9 thu\u1eadt v\u00e0 k\u00edch th\u01b0\u1edbc ORV25X550<\/strong><\/p>\n<table class=\"m-table\" cellspacing=\"0\">\n<tbody>\n<tr>\n<th>c\u00e1c lo\u1ea1i<\/th>\n<td>xi lanh kh\u00f4ng c\u1ea7n<\/td>\n<th>\u0110\u01b0\u1eddng k\u00ednh trong xi lanh (\u03c6)<\/th>\n<td>25<\/td>\n<\/tr>\n<tr>\n<th>H\u00e0nh tr\u00ecnh (mm)<\/th>\n<td>550<\/td>\n<th>K\u00edch th\u01b0\u1edbc b\u1ea3ng Chi\u1ec1u d\u00e0i L(mm)<\/th>\n<td>85<\/td>\n<\/tr>\n<tr>\n<th>ch\u1ea5t li\u1ec7u b\u00e0n<\/th>\n<td>[Nh\u1ef1a] Nh\u1ef1a<\/td>\n<th>Rodless xi lanh lo\u1ea1i kh\u1edbp<\/th>\n<td>Lo\u1ea1i kh\u1edbp c\u01a1 kh\u00ed<\/td>\n<\/tr>\n<tr>\n<th>h\u01b0\u1edbng d\u1eabn ph\u01b0\u01a1ng ph\u00e1p<\/th>\n<td>kh\u00f4ng c\u00f3 h\u01b0\u1edbng d\u1eabn<\/td>\n<th>K\u00edch th\u01b0\u1edbc b\u1ea3ng Chi\u1ec1u r\u1ed9ng W(mm)<\/th>\n<td>35<\/td>\n<\/tr>\n<tr>\n<th>K\u00edch th\u01b0\u1edbc b\u00e0n Chi\u1ec1u cao H(mm)<\/th>\n<td>32<\/td>\n<th>x\u1eed l\u00fd b\u1ec1 m\u1eb7t b\u00e0n<\/th>\n<td>kh\u00f4ng c\u00f3<\/td>\n<\/tr>\n<tr>\n<th>\u00c1p su\u1ea5t l\u00e0m vi\u1ec7c (MPa)<\/th>\n<td>0,15 \u0111\u1ebfn 0,8<\/td>\n<th>m\u00f4i tr\u01b0\u1eddng<\/th>\n<td>m\u1ee5c \u0111\u00edch chung<\/td>\n<\/tr>\n<tr>\n<th>T\u1ed1c \u0111\u1ed9 l\u00e0m vi\u1ec7c (mm\/s)<\/th>\n<td>80-500<\/td>\n<th>Momen t\u0129nh cho ph\u00e9p Mp (N\u30fbm)<\/th>\n<td>6.3<\/td>\n<\/tr>\n<tr>\n<th>Moment cho ph\u00e9p t\u0129nh Mr(N\u30fbm)<\/th>\n<td>1.2<\/td>\n<th>Momen t\u0129nh cho ph\u00e9p My (N\u30fbm)<\/th>\n<td>1.2<\/td>\n<\/tr>\n<tr>\n<th>gi\u1ea3m ch\u1ea5n<\/th>\n<td>kh\u00f4ng c\u00f3<\/td>\n<th>\u0111\u01b0\u1eddng k\u00ednh k\u1ebft n\u1ed1i<\/th>\n<td>RC1\/8<\/td>\n<\/tr>\n<tr>\n<th>Gi\u00e1 treo lo\u1ea1i M<\/th>\n<td>kh\u00f4ng c\u00f3<\/td>\n<th>S\u1ed1 gi\u1ea3m x\u00f3c<\/th>\n<td>kh\u00f4ng c\u00f3<\/td>\n<\/tr>\n<tr>\n<th>gi\u00e1 \u0111\u1ee1<\/th>\n<td>kh\u00f4ng c\u00f3<\/td>\n<th>S\u1ed1 l\u01b0\u1ee3ng gi\u00e1 \u0111\u1ee1<\/th>\n<td>kh\u00f4ng c\u00f3<\/td>\n<\/tr>\n<tr>\n<th>chuy\u1ec3n \u0111\u1ed5i c\u1ea3m bi\u1ebfn<\/th>\n<td>Kh\u00f4ng c\u00f3 c\u00f4ng t\u1eafc c\u1ea3m bi\u1ebfn<\/td>\n<th>Chi\u1ec1u d\u00e0i d\u00e2y d\u1eabn (m)<\/th>\n<td>kh\u00f4ng c\u00f3<\/td>\n<\/tr>\n<tr>\n<th>S\u1ed1 c\u00f4ng t\u1eafc<\/th>\n<td>kh\u00f4ng c\u00f3<\/td>\n<\/tr>\n<\/tbody>\n<\/table>\n","protected":false},"excerpt":{"rendered":"<p>KOGANEI ORV25X550 KOGANEI ORV20x250 KOGANEI ORV20x200 KOGANEI ORV32X800 Series: ORV16 ORV20 ORV25 ORV32 ORV40 ORV50 ORV16 ORV20 ORV25 ORV32 ORV40 ORV50 \u0110\u01b0\u1eddng k\u00ednh xi lanh t\u01b0\u01a1ng \u0111\u01b0\u01a1ng mm 16 20 hai m\u01b0\u01a1i l\u0103m 32 40 50 ch\u1ea5t l\u1ecfng l\u00e0m vi\u1ec7c L\u01b0u \u00fd kh\u00f4ng kh\u00ed\u00a01 Ph\u01b0\u01a1ng th\u1ee9c ho\u1ea1t \u0111\u1ed9ng T\u00e1c \u0111\u1ed9ng&hellip; <\/p>\n","protected":false},"featured_media":4465,"comment_status":"open","ping_status":"closed","template":"","meta":[],"product_cat":[843],"product_tag":[845,844,98],"class_list":{"0":"post-4464","1":"product","2":"type-product","3":"status-publish","4":"has-post-thumbnail","6":"product_cat-koganei","7":"product_tag-dai-ly-koganei-viet-nam","8":"product_tag-koganei-viet-nam","9":"product_tag-xy-lanh-khi","11":"first","12":"instock","13":"shipping-taxable","14":"product-type-simple"},"yoast_head":"<!-- This site is optimized with the Yoast SEO plugin v22.8 - https:\/\/yoast.com\/wordpress\/plugins\/seo\/ -->\n<title>KOGANEI ORV25X550 - OMANI VI\u1ec6T NAM<\/title>\n<meta name=\"description\" content=\"KOGANEI ORV25X550 Cylinder\" \/>\n<meta name=\"robots\" content=\"index, follow, max-snippet:-1, max-image-preview:large, max-video-preview:-1\" \/>\n<link rel=\"canonical\" href=\"https:\/\/omanivietnam.com\/index.php\/san-pham\/koganei-orv25x550\/\" \/>\n<meta property=\"og:locale\" content=\"vi_VN\" \/>\n<meta property=\"og:type\" content=\"article\" \/>\n<meta property=\"og:title\" content=\"KOGANEI ORV25X550 - OMANI VI\u1ec6T NAM\" \/>\n<meta property=\"og:description\" content=\"KOGANEI ORV25X550 Cylinder\" \/>\n<meta property=\"og:url\" content=\"https:\/\/omanivietnam.com\/index.php\/san-pham\/koganei-orv25x550\/\" \/>\n<meta property=\"og:site_name\" content=\"OMANI VI\u1ec6T NAM\" \/>\n<meta property=\"og:image\" content=\"https:\/\/omanivietnam.com\/wp-content\/uploads\/2025\/10\/ORV25X550.png\" \/>\n\t<meta property=\"og:image:width\" content=\"750\" \/>\n\t<meta property=\"og:image:height\" content=\"555\" \/>\n\t<meta property=\"og:image:type\" content=\"image\/png\" \/>\n<meta name=\"twitter:card\" content=\"summary_large_image\" \/>\n<meta name=\"twitter:label1\" content=\"\u01af\u1edbc t\u00ednh th\u1eddi gian \u0111\u1ecdc\" \/>\n\t<meta name=\"twitter:data1\" content=\"4 ph\u00fat\" \/>\n<script type=\"application\/ld+json\" class=\"yoast-schema-graph\">{\"@context\":\"https:\/\/schema.org\",\"@graph\":[{\"@type\":\"WebPage\",\"@id\":\"https:\/\/omanivietnam.com\/index.php\/san-pham\/koganei-orv25x550\/\",\"url\":\"https:\/\/omanivietnam.com\/index.php\/san-pham\/koganei-orv25x550\/\",\"name\":\"KOGANEI ORV25X550 - OMANI VI\u1ec6T NAM\",\"isPartOf\":{\"@id\":\"https:\/\/omanivietnam.com\/#website\"},\"primaryImageOfPage\":{\"@id\":\"https:\/\/omanivietnam.com\/index.php\/san-pham\/koganei-orv25x550\/#primaryimage\"},\"image\":{\"@id\":\"https:\/\/omanivietnam.com\/index.php\/san-pham\/koganei-orv25x550\/#primaryimage\"},\"thumbnailUrl\":\"https:\/\/omanivietnam.com\/wp-content\/uploads\/2025\/10\/ORV25X550.png\",\"datePublished\":\"2025-10-11T08:13:14+00:00\",\"dateModified\":\"2025-10-11T08:13:14+00:00\",\"description\":\"KOGANEI ORV25X550 Cylinder\",\"breadcrumb\":{\"@id\":\"https:\/\/omanivietnam.com\/index.php\/san-pham\/koganei-orv25x550\/#breadcrumb\"},\"inLanguage\":\"vi\",\"potentialAction\":[{\"@type\":\"ReadAction\",\"target\":[\"https:\/\/omanivietnam.com\/index.php\/san-pham\/koganei-orv25x550\/\"]}]},{\"@type\":\"ImageObject\",\"inLanguage\":\"vi\",\"@id\":\"https:\/\/omanivietnam.com\/index.php\/san-pham\/koganei-orv25x550\/#primaryimage\",\"url\":\"https:\/\/omanivietnam.com\/wp-content\/uploads\/2025\/10\/ORV25X550.png\",\"contentUrl\":\"https:\/\/omanivietnam.com\/wp-content\/uploads\/2025\/10\/ORV25X550.png\",\"width\":750,\"height\":555},{\"@type\":\"BreadcrumbList\",\"@id\":\"https:\/\/omanivietnam.com\/index.php\/san-pham\/koganei-orv25x550\/#breadcrumb\",\"itemListElement\":[{\"@type\":\"ListItem\",\"position\":1,\"name\":\"Home\",\"item\":\"https:\/\/omanivietnam.com\/\"},{\"@type\":\"ListItem\",\"position\":2,\"name\":\"S\u1ea2N PH\u1ea8M\",\"item\":\"https:\/\/omanivietnam.com\/index.php\/cua-hang\/\"},{\"@type\":\"ListItem\",\"position\":3,\"name\":\"KOGANEI ORV25X550\"}]},{\"@type\":\"WebSite\",\"@id\":\"https:\/\/omanivietnam.com\/#website\",\"url\":\"https:\/\/omanivietnam.com\/\",\"name\":\"OMANI VI\u1ec6T NAM\",\"description\":\"Nh\u00e0 ph\u00e2n ph\u1ed1i thi\u1ebft b\u1ecb kh\u00ed n\u00e9n v\u00e0 thi\u1ebft b\u1ecb t\u1ef1 \u0111\u1ed9ng h\u00f3a trong c\u00f4ng nghi\u1ec7p\",\"publisher\":{\"@id\":\"https:\/\/omanivietnam.com\/#\/schema\/person\/0ad398a980dc3fd696111c2c5c8fa897\"},\"potentialAction\":[{\"@type\":\"SearchAction\",\"target\":{\"@type\":\"EntryPoint\",\"urlTemplate\":\"https:\/\/omanivietnam.com\/?s={search_term_string}\"},\"query-input\":\"required name=search_term_string\"}],\"inLanguage\":\"vi\"},{\"@type\":[\"Person\",\"Organization\"],\"@id\":\"https:\/\/omanivietnam.com\/#\/schema\/person\/0ad398a980dc3fd696111c2c5c8fa897\",\"name\":\"Nguy\u1ec5n V\u0103n Kh\u00e1nh\",\"image\":{\"@type\":\"ImageObject\",\"inLanguage\":\"vi\",\"@id\":\"https:\/\/omanivietnam.com\/#\/schema\/person\/image\/\",\"url\":\"https:\/\/omanivietnam.com\/wp-content\/uploads\/2024\/06\/logo-1024x1024.png\",\"contentUrl\":\"https:\/\/omanivietnam.com\/wp-content\/uploads\/2024\/06\/logo-1024x1024.png\",\"width\":1024,\"height\":1024,\"caption\":\"Nguy\u1ec5n V\u0103n Kh\u00e1nh\"},\"logo\":{\"@id\":\"https:\/\/omanivietnam.com\/#\/schema\/person\/image\/\"},\"sameAs\":[\"https:\/\/omanivietnam.com\"]}]}<\/script>\n<!-- \/ Yoast SEO plugin. -->","yoast_head_json":{"title":"KOGANEI ORV25X550 - OMANI VI\u1ec6T NAM","description":"KOGANEI ORV25X550 Cylinder","robots":{"index":"index","follow":"follow","max-snippet":"max-snippet:-1","max-image-preview":"max-image-preview:large","max-video-preview":"max-video-preview:-1"},"canonical":"https:\/\/omanivietnam.com\/index.php\/san-pham\/koganei-orv25x550\/","og_locale":"vi_VN","og_type":"article","og_title":"KOGANEI ORV25X550 - OMANI VI\u1ec6T NAM","og_description":"KOGANEI ORV25X550 Cylinder","og_url":"https:\/\/omanivietnam.com\/index.php\/san-pham\/koganei-orv25x550\/","og_site_name":"OMANI VI\u1ec6T NAM","og_image":[{"width":750,"height":555,"url":"https:\/\/omanivietnam.com\/wp-content\/uploads\/2025\/10\/ORV25X550.png","type":"image\/png"}],"twitter_card":"summary_large_image","twitter_misc":{"\u01af\u1edbc t\u00ednh th\u1eddi gian \u0111\u1ecdc":"4 ph\u00fat"},"schema":{"@context":"https:\/\/schema.org","@graph":[{"@type":"WebPage","@id":"https:\/\/omanivietnam.com\/index.php\/san-pham\/koganei-orv25x550\/","url":"https:\/\/omanivietnam.com\/index.php\/san-pham\/koganei-orv25x550\/","name":"KOGANEI ORV25X550 - OMANI VI\u1ec6T NAM","isPartOf":{"@id":"https:\/\/omanivietnam.com\/#website"},"primaryImageOfPage":{"@id":"https:\/\/omanivietnam.com\/index.php\/san-pham\/koganei-orv25x550\/#primaryimage"},"image":{"@id":"https:\/\/omanivietnam.com\/index.php\/san-pham\/koganei-orv25x550\/#primaryimage"},"thumbnailUrl":"https:\/\/omanivietnam.com\/wp-content\/uploads\/2025\/10\/ORV25X550.png","datePublished":"2025-10-11T08:13:14+00:00","dateModified":"2025-10-11T08:13:14+00:00","description":"KOGANEI ORV25X550 Cylinder","breadcrumb":{"@id":"https:\/\/omanivietnam.com\/index.php\/san-pham\/koganei-orv25x550\/#breadcrumb"},"inLanguage":"vi","potentialAction":[{"@type":"ReadAction","target":["https:\/\/omanivietnam.com\/index.php\/san-pham\/koganei-orv25x550\/"]}]},{"@type":"ImageObject","inLanguage":"vi","@id":"https:\/\/omanivietnam.com\/index.php\/san-pham\/koganei-orv25x550\/#primaryimage","url":"https:\/\/omanivietnam.com\/wp-content\/uploads\/2025\/10\/ORV25X550.png","contentUrl":"https:\/\/omanivietnam.com\/wp-content\/uploads\/2025\/10\/ORV25X550.png","width":750,"height":555},{"@type":"BreadcrumbList","@id":"https:\/\/omanivietnam.com\/index.php\/san-pham\/koganei-orv25x550\/#breadcrumb","itemListElement":[{"@type":"ListItem","position":1,"name":"Home","item":"https:\/\/omanivietnam.com\/"},{"@type":"ListItem","position":2,"name":"S\u1ea2N PH\u1ea8M","item":"https:\/\/omanivietnam.com\/index.php\/cua-hang\/"},{"@type":"ListItem","position":3,"name":"KOGANEI ORV25X550"}]},{"@type":"WebSite","@id":"https:\/\/omanivietnam.com\/#website","url":"https:\/\/omanivietnam.com\/","name":"OMANI VI\u1ec6T NAM","description":"Nh\u00e0 ph\u00e2n ph\u1ed1i thi\u1ebft b\u1ecb kh\u00ed n\u00e9n v\u00e0 thi\u1ebft b\u1ecb t\u1ef1 \u0111\u1ed9ng h\u00f3a trong c\u00f4ng nghi\u1ec7p","publisher":{"@id":"https:\/\/omanivietnam.com\/#\/schema\/person\/0ad398a980dc3fd696111c2c5c8fa897"},"potentialAction":[{"@type":"SearchAction","target":{"@type":"EntryPoint","urlTemplate":"https:\/\/omanivietnam.com\/?s={search_term_string}"},"query-input":"required name=search_term_string"}],"inLanguage":"vi"},{"@type":["Person","Organization"],"@id":"https:\/\/omanivietnam.com\/#\/schema\/person\/0ad398a980dc3fd696111c2c5c8fa897","name":"Nguy\u1ec5n V\u0103n Kh\u00e1nh","image":{"@type":"ImageObject","inLanguage":"vi","@id":"https:\/\/omanivietnam.com\/#\/schema\/person\/image\/","url":"https:\/\/omanivietnam.com\/wp-content\/uploads\/2024\/06\/logo-1024x1024.png","contentUrl":"https:\/\/omanivietnam.com\/wp-content\/uploads\/2024\/06\/logo-1024x1024.png","width":1024,"height":1024,"caption":"Nguy\u1ec5n V\u0103n Kh\u00e1nh"},"logo":{"@id":"https:\/\/omanivietnam.com\/#\/schema\/person\/image\/"},"sameAs":["https:\/\/omanivietnam.com"]}]}},"_links":{"self":[{"href":"https:\/\/omanivietnam.com\/index.php\/wp-json\/wp\/v2\/product\/4464","targetHints":{"allow":["GET"]}}],"collection":[{"href":"https:\/\/omanivietnam.com\/index.php\/wp-json\/wp\/v2\/product"}],"about":[{"href":"https:\/\/omanivietnam.com\/index.php\/wp-json\/wp\/v2\/types\/product"}],"replies":[{"embeddable":true,"href":"https:\/\/omanivietnam.com\/index.php\/wp-json\/wp\/v2\/comments?post=4464"}],"wp:featuredmedia":[{"embeddable":true,"href":"https:\/\/omanivietnam.com\/index.php\/wp-json\/wp\/v2\/media\/4465"}],"wp:attachment":[{"href":"https:\/\/omanivietnam.com\/index.php\/wp-json\/wp\/v2\/media?parent=4464"}],"wp:term":[{"taxonomy":"product_cat","embeddable":true,"href":"https:\/\/omanivietnam.com\/index.php\/wp-json\/wp\/v2\/product_cat?post=4464"},{"taxonomy":"product_tag","embeddable":true,"href":"https:\/\/omanivietnam.com\/index.php\/wp-json\/wp\/v2\/product_tag?post=4464"}],"curies":[{"name":"wp","href":"https:\/\/api.w.org\/{rel}","templated":true}]}}