{"id":4471,"date":"2025-10-18T08:35:58","date_gmt":"2025-10-18T01:35:58","guid":{"rendered":"https:\/\/omanivietnam.com\/?post_type=product&#038;p=4471"},"modified":"2025-10-18T08:35:58","modified_gmt":"2025-10-18T01:35:58","slug":"joil-jit-100dr-10p","status":"publish","type":"product","link":"https:\/\/omanivietnam.com\/index.php\/san-pham\/joil-jit-100dr-10p\/","title":{"rendered":"JOIL JIT-100DR-10P"},"content":{"rendered":"<p>JOIL JIT-100DR-10P<\/p>\n<div class=\"flex items-center justify-center font-medium bg-neutral-50 xl:justify-start xl:pl-5\">Model Name<\/div>\n<div class=\"min-h-[30px] flex items-center pl-3 xl:pl-5\">JIT-50D, JIT-100D(S), JIT-100D(S), JIT-100D, JIT-200D, JIT-200S, JIT-300D, JIT-100DC, JIT-100DR, JIT200DR, JIT-100DR-DC, JIT-200DR-DC, M160T, GT-201, GT-301<\/div>\n<div><\/div>\n<div>Trong c\u00e0i \u0111\u1eb7t b\u1ed9 \u0111\u1ebfm th\u1eddi gian, h\u00e3y \u0111\u1ea3m b\u1ea3o c\u00e0i \u0111\u1eb7t n\u00f3 ngo\u00e0i \u0111\u01b0\u1eddng d\u00e2y cao \u00e1p v\u00e0 tr\u01b0\u1eddng \u0111i\u1ec7n t\u1eeb (nguy\u00ean nh\u00e2n g\u00e2y ra s\u1ef1 c\u1ed1).<br \/>\nKhi k\u1ebft n\u1ed1i ngu\u1ed3n, h\u00e3y ki\u1ec3m tra \u0111\u1ea7u v\u00e0o v\u00e0 \u0111\u1ea7u ra.<br \/>\nKi\u1ec3m tra th\u1eddi gian, th\u1eddi gian t\u1eaft &amp; \u0111\u1ebfm v\u00e0 b\u1eadt ngu\u1ed3n.<br \/>\nKhi s\u1eed d\u1ee5ng nhi\u1ec1u nh\u1ecbp, h\u00e3y k\u1ebft n\u1ed1i t\u1eebng p, w, b v\u1edbi t\u1eebng \u0111\u1ea7u n\u1ed1i ph\u1eb3ng v\u00e0 \u0111\u1ed1i v\u1edbi ngu\u1ed3n \u0111i\u1ec7n, h\u00e3y \u0111\u1ea3m b\u1ea3o t\u00e1ch ri\u00eang R &amp; S v\u00e0<br \/>\nk\u1ebft n\u1ed1i v\u1edbi b\u1ed9 h\u1eb9n gi\u1edd ch\u00ednh v\u00e0 b\u1ed9 h\u1eb9n gi\u1edd ph\u1ee5 theo c\u00f9ng m\u1ed9t c\u00e1ch (n\u1ebfu R v\u00e0 S \u0111\u01b0\u1ee3c chuy\u1ec3n \u0111\u1ed5i, m\u1ea1ch P.W.B b\u1ecb \u0111\u1ee9t v\u00e0 tr\u1ee5c tr\u1eb7c<br \/>\nc\u00f3 th\u1ec3 \u0111\u01b0\u1ee3c g\u00e2y ra)<br \/>\nKhi s\u1eed d\u1ee5ng nhi\u1ec1u kho\u1ea3ng th\u1eddi gian, n\u00ean s\u1eed d\u1ee5ng 10p v\u00e0 20p cho b\u1ed9 h\u1eb9n gi\u1edd ch\u00ednh.<br \/>\nC\u1ea7n ng\u0103n ch\u1eb7n b\u1ee5i b\u1ea9n v\u00e0 h\u01a1i \u1ea9m x\u00e2m nh\u1eadp v\u00e0o h\u1ed9p h\u1eb9n gi\u1edd.<br \/>\nTh\u1eddi gian t\u1eaft: l\u00ean \u0111\u1ebfn 0 ~ 99 gi\u00e2y<br \/>\n\u0110\u00fang gi\u1edd: l\u00ean \u0111\u1ebfn 0,1 ~ 0,9 gi\u00e2y (c\u00f3 th\u1ec3 cho \u0111\u1ebfn 0,05 gi\u00e2y theo th\u00f4ng s\u1ed1 \u0111\u1eb7t h\u00e0ng)<br \/>\nB\u1eadt \u0111\u1ebfm: ho\u1ea1t \u0111\u1ed9ng m\u1ed9t nh\u1ecbp 1 ~ 30 \u0111i\u1ec3m, ho\u1ea1t \u0111\u1ed9ng nhi\u1ec1u nh\u1ecbp 1 ~ 100 \u0111i\u1ec3m.<\/div>\n<div><\/div>\n<div>\n<p>M\u1ea1ch \u0111i\u1ec1u khi\u1ec3n van gi\u0169 b\u1ee5i l\u00e0 thi\u1ebft b\u1ecb d\u00f9ng \u0111\u1ec3 c\u00e0i \u0111\u1eb7t th\u1eddi gian d\u00f2ng m\u1edf van \u0111\u1ec3 kh\u00ed \u0111i qua,v\u00e0 kho\u1ea3n c\u00e1ch th\u1eddi gian gi\u1eefa 2 van,\u0111\u1ed3ng th\u1eddi ch\u1ec9nh \u0111\u01b0\u1ee3c s\u1ed1 van c\u1ea7n s\u1eed d\u1ee5ng,v\u00e0 ch\u1ec9nh th\u00eam v\u00e0i th\u00f4ng s\u1ed1 kh\u00e1c.<\/p>\n<p>M\u1ea1ch \u0111i\u1ec1u khi\u1ec3n van gi\u0169 b\u1ee5i Joil c\u1ee7a H\u00e0n Qu\u1ed1c l\u00e0 m\u1ed9t th\u01b0\u01a1ng hi\u1ec7u l\u1edbn v\u00e0 r\u1ea5t c\u00f3 uy t\u00edn trong ng\u00e0nh l\u1ecdc b\u1ee5i.<\/p>\n<p>M\u1ea1ch \u0111i\u1ec1u khi\u1ec3n Joil c\u1ee7a H\u00e0n Qu\u1ed1c \u0111\u01b0\u1ee3c s\u1eed d\u1ee5ng r\u1ea5t nhi\u1ec1u \u1edf c\u00e1c h\u1ec7 th\u1ed1ng l\u1ecdc b\u1ee5i l\u1edbn \u1edf Vi\u1ec7t Nam.<\/p>\n<p>Ch\u1ea5t l\u01b0\u1ee3ng m\u1ea1ch c\u1ef1c k\u1ef3 t\u1ed1t,tu\u1ed5i th\u1ecd c\u1ee7a m\u1ea1ch r\u1ea5t cao.<\/p>\n<p>V\u1ecf h\u1ed9p c\u1ee7a m\u1ea1ch \u0111\u01b0\u1ee3c l\u00e0m b\u1eb1ng nh\u00f4m ho\u1eb7c nh\u1ef1a cao c\u1ea5p n\u00ean r\u1ea5t ch\u1eafc ch\u1eafn.<\/p>\n<p>M\u1ea1ch \u0111i\u1ec1u khi\u1ec3n Joil c\u1ee7a H\u00e0n Qu\u1ed1c c\u00f3 nhi\u1ec1u model 5 \u2013 6 \u2013 10 -15 \u2013 20 \u2013 30 c\u1ed5ng ra.<\/p>\n<p>D\u00f2ng \u0111i\u1ec7n \u00e1p ra van c\u00f3 2 l\u1ecd\u1ea1i AC220V v\u00e0 DC24V.<\/p>\n<p>M\u1ea1ch \u0111i\u1ec1u khi\u1ec3n Joil c\u00f3 th\u1eddi gian b\u1ea3o h\u00e0nh l\u00e2u d\u00e0i,v\u00e0 ch\u1ea5t l\u01b0\u1ee3ng c\u1ef1c k\u1ef3 t\u1ed1t,tu\u1ed5i th\u1ecd r\u1ea5t cao n\u00ean qu\u00fd kh\u00e1ch c\u00f3 th\u1ec3 y\u00ean t\u00e2m m\u00e0 s\u1eed d\u1ee5ng.<\/p>\n<p>\u0110\u1ea1i l\u00fd JOIL vietnam, JOIL viet nam, JOIL vietnam distributor, Ph\u00e2n ph\u1ed1i JOIL t\u1ea1i vi\u1ec7t nam<\/p>\n<p>\u0110\u1ea1i l\u00fd JOIL vietnam, JOIL viet nam, JOIL vietnam distributor, Ph\u00e2n ph\u1ed1i JOIL t\u1ea1i vi\u1ec7t nam<\/p>\n<p>\u0110\u1ea1i l\u00fd JOIL vietnam, JOIL viet nam, JOIL vietnam distributor, Ph\u00e2n ph\u1ed1i JOIL t\u1ea1i vi\u1ec7t nam<\/p>\n<\/div>\n","protected":false},"excerpt":{"rendered":"<p>JOIL JIT-100DR-10P Model Name JIT-50D, JIT-100D(S), JIT-100D(S), JIT-100D, JIT-200D, JIT-200S, JIT-300D, JIT-100DC, JIT-100DR, JIT200DR, JIT-100DR-DC, JIT-200DR-DC, M160T, GT-201, GT-301 Trong c\u00e0i \u0111\u1eb7t b\u1ed9 \u0111\u1ebfm th\u1eddi gian, h\u00e3y \u0111\u1ea3m b\u1ea3o c\u00e0i \u0111\u1eb7t n\u00f3 ngo\u00e0i \u0111\u01b0\u1eddng d\u00e2y cao \u00e1p v\u00e0 tr\u01b0\u1eddng \u0111i\u1ec7n t\u1eeb (nguy\u00ean nh\u00e2n g\u00e2y ra s\u1ef1 c\u1ed1). Khi k\u1ebft n\u1ed1i&hellip; <\/p>\n","protected":false},"featured_media":4472,"comment_status":"open","ping_status":"closed","template":"","meta":[],"product_cat":[432],"product_tag":[434,433,435],"class_list":{"0":"post-4471","1":"product","2":"type-product","3":"status-publish","4":"has-post-thumbnail","6":"product_cat-joil","7":"product_tag-dai-ly-joil-viet-nam","8":"product_tag-joil-viet-nam","9":"product_tag-thiet-bi-dinh-vi-thoi-gian","11":"first","12":"instock","13":"shipping-taxable","14":"product-type-simple"},"yoast_head":"<!-- This site is optimized with the Yoast SEO plugin v22.8 - https:\/\/yoast.com\/wordpress\/plugins\/seo\/ -->\n<title>JOIL JIT-100DR-10P - OMANI VI\u1ec6T NAM<\/title>\n<meta name=\"description\" content=\"JOIL JIT-100DR-10P Timer\" \/>\n<meta name=\"robots\" content=\"index, follow, max-snippet:-1, max-image-preview:large, max-video-preview:-1\" \/>\n<link rel=\"canonical\" href=\"https:\/\/omanivietnam.com\/index.php\/san-pham\/joil-jit-100dr-10p\/\" \/>\n<meta property=\"og:locale\" content=\"vi_VN\" \/>\n<meta property=\"og:type\" content=\"article\" \/>\n<meta property=\"og:title\" content=\"JOIL JIT-100DR-10P - OMANI VI\u1ec6T NAM\" \/>\n<meta property=\"og:description\" content=\"JOIL JIT-100DR-10P Timer\" \/>\n<meta property=\"og:url\" content=\"https:\/\/omanivietnam.com\/index.php\/san-pham\/joil-jit-100dr-10p\/\" \/>\n<meta property=\"og:site_name\" content=\"OMANI VI\u1ec6T NAM\" \/>\n<meta property=\"og:image\" content=\"https:\/\/omanivietnam.com\/wp-content\/uploads\/2025\/10\/JIT-100DR.png\" \/>\n\t<meta property=\"og:image:width\" content=\"905\" \/>\n\t<meta property=\"og:image:height\" content=\"951\" \/>\n\t<meta property=\"og:image:type\" content=\"image\/png\" \/>\n<meta name=\"twitter:card\" content=\"summary_large_image\" \/>\n<meta name=\"twitter:label1\" content=\"\u01af\u1edbc t\u00ednh th\u1eddi gian \u0111\u1ecdc\" \/>\n\t<meta name=\"twitter:data1\" content=\"3 ph\u00fat\" \/>\n<script type=\"application\/ld+json\" class=\"yoast-schema-graph\">{\"@context\":\"https:\/\/schema.org\",\"@graph\":[{\"@type\":\"WebPage\",\"@id\":\"https:\/\/omanivietnam.com\/index.php\/san-pham\/joil-jit-100dr-10p\/\",\"url\":\"https:\/\/omanivietnam.com\/index.php\/san-pham\/joil-jit-100dr-10p\/\",\"name\":\"JOIL JIT-100DR-10P - OMANI VI\u1ec6T NAM\",\"isPartOf\":{\"@id\":\"https:\/\/omanivietnam.com\/#website\"},\"primaryImageOfPage\":{\"@id\":\"https:\/\/omanivietnam.com\/index.php\/san-pham\/joil-jit-100dr-10p\/#primaryimage\"},\"image\":{\"@id\":\"https:\/\/omanivietnam.com\/index.php\/san-pham\/joil-jit-100dr-10p\/#primaryimage\"},\"thumbnailUrl\":\"https:\/\/omanivietnam.com\/wp-content\/uploads\/2025\/10\/JIT-100DR.png\",\"datePublished\":\"2025-10-18T01:35:58+00:00\",\"dateModified\":\"2025-10-18T01:35:58+00:00\",\"description\":\"JOIL JIT-100DR-10P Timer\",\"breadcrumb\":{\"@id\":\"https:\/\/omanivietnam.com\/index.php\/san-pham\/joil-jit-100dr-10p\/#breadcrumb\"},\"inLanguage\":\"vi\",\"potentialAction\":[{\"@type\":\"ReadAction\",\"target\":[\"https:\/\/omanivietnam.com\/index.php\/san-pham\/joil-jit-100dr-10p\/\"]}]},{\"@type\":\"ImageObject\",\"inLanguage\":\"vi\",\"@id\":\"https:\/\/omanivietnam.com\/index.php\/san-pham\/joil-jit-100dr-10p\/#primaryimage\",\"url\":\"https:\/\/omanivietnam.com\/wp-content\/uploads\/2025\/10\/JIT-100DR.png\",\"contentUrl\":\"https:\/\/omanivietnam.com\/wp-content\/uploads\/2025\/10\/JIT-100DR.png\",\"width\":905,\"height\":951},{\"@type\":\"BreadcrumbList\",\"@id\":\"https:\/\/omanivietnam.com\/index.php\/san-pham\/joil-jit-100dr-10p\/#breadcrumb\",\"itemListElement\":[{\"@type\":\"ListItem\",\"position\":1,\"name\":\"Home\",\"item\":\"https:\/\/omanivietnam.com\/\"},{\"@type\":\"ListItem\",\"position\":2,\"name\":\"S\u1ea2N PH\u1ea8M\",\"item\":\"https:\/\/omanivietnam.com\/index.php\/cua-hang\/\"},{\"@type\":\"ListItem\",\"position\":3,\"name\":\"JOIL JIT-100DR-10P\"}]},{\"@type\":\"WebSite\",\"@id\":\"https:\/\/omanivietnam.com\/#website\",\"url\":\"https:\/\/omanivietnam.com\/\",\"name\":\"OMANI VI\u1ec6T NAM\",\"description\":\"Nh\u00e0 ph\u00e2n ph\u1ed1i thi\u1ebft b\u1ecb kh\u00ed n\u00e9n v\u00e0 thi\u1ebft b\u1ecb t\u1ef1 \u0111\u1ed9ng h\u00f3a trong c\u00f4ng nghi\u1ec7p\",\"publisher\":{\"@id\":\"https:\/\/omanivietnam.com\/#\/schema\/person\/0ad398a980dc3fd696111c2c5c8fa897\"},\"potentialAction\":[{\"@type\":\"SearchAction\",\"target\":{\"@type\":\"EntryPoint\",\"urlTemplate\":\"https:\/\/omanivietnam.com\/?s={search_term_string}\"},\"query-input\":\"required name=search_term_string\"}],\"inLanguage\":\"vi\"},{\"@type\":[\"Person\",\"Organization\"],\"@id\":\"https:\/\/omanivietnam.com\/#\/schema\/person\/0ad398a980dc3fd696111c2c5c8fa897\",\"name\":\"Nguy\u1ec5n V\u0103n Kh\u00e1nh\",\"image\":{\"@type\":\"ImageObject\",\"inLanguage\":\"vi\",\"@id\":\"https:\/\/omanivietnam.com\/#\/schema\/person\/image\/\",\"url\":\"https:\/\/omanivietnam.com\/wp-content\/uploads\/2024\/06\/logo-1024x1024.png\",\"contentUrl\":\"https:\/\/omanivietnam.com\/wp-content\/uploads\/2024\/06\/logo-1024x1024.png\",\"width\":1024,\"height\":1024,\"caption\":\"Nguy\u1ec5n V\u0103n Kh\u00e1nh\"},\"logo\":{\"@id\":\"https:\/\/omanivietnam.com\/#\/schema\/person\/image\/\"},\"sameAs\":[\"https:\/\/omanivietnam.com\"]}]}<\/script>\n<!-- \/ Yoast SEO plugin. -->","yoast_head_json":{"title":"JOIL JIT-100DR-10P - OMANI VI\u1ec6T NAM","description":"JOIL JIT-100DR-10P Timer","robots":{"index":"index","follow":"follow","max-snippet":"max-snippet:-1","max-image-preview":"max-image-preview:large","max-video-preview":"max-video-preview:-1"},"canonical":"https:\/\/omanivietnam.com\/index.php\/san-pham\/joil-jit-100dr-10p\/","og_locale":"vi_VN","og_type":"article","og_title":"JOIL JIT-100DR-10P - OMANI VI\u1ec6T NAM","og_description":"JOIL JIT-100DR-10P Timer","og_url":"https:\/\/omanivietnam.com\/index.php\/san-pham\/joil-jit-100dr-10p\/","og_site_name":"OMANI VI\u1ec6T NAM","og_image":[{"width":905,"height":951,"url":"https:\/\/omanivietnam.com\/wp-content\/uploads\/2025\/10\/JIT-100DR.png","type":"image\/png"}],"twitter_card":"summary_large_image","twitter_misc":{"\u01af\u1edbc t\u00ednh th\u1eddi gian \u0111\u1ecdc":"3 ph\u00fat"},"schema":{"@context":"https:\/\/schema.org","@graph":[{"@type":"WebPage","@id":"https:\/\/omanivietnam.com\/index.php\/san-pham\/joil-jit-100dr-10p\/","url":"https:\/\/omanivietnam.com\/index.php\/san-pham\/joil-jit-100dr-10p\/","name":"JOIL JIT-100DR-10P - OMANI VI\u1ec6T NAM","isPartOf":{"@id":"https:\/\/omanivietnam.com\/#website"},"primaryImageOfPage":{"@id":"https:\/\/omanivietnam.com\/index.php\/san-pham\/joil-jit-100dr-10p\/#primaryimage"},"image":{"@id":"https:\/\/omanivietnam.com\/index.php\/san-pham\/joil-jit-100dr-10p\/#primaryimage"},"thumbnailUrl":"https:\/\/omanivietnam.com\/wp-content\/uploads\/2025\/10\/JIT-100DR.png","datePublished":"2025-10-18T01:35:58+00:00","dateModified":"2025-10-18T01:35:58+00:00","description":"JOIL JIT-100DR-10P Timer","breadcrumb":{"@id":"https:\/\/omanivietnam.com\/index.php\/san-pham\/joil-jit-100dr-10p\/#breadcrumb"},"inLanguage":"vi","potentialAction":[{"@type":"ReadAction","target":["https:\/\/omanivietnam.com\/index.php\/san-pham\/joil-jit-100dr-10p\/"]}]},{"@type":"ImageObject","inLanguage":"vi","@id":"https:\/\/omanivietnam.com\/index.php\/san-pham\/joil-jit-100dr-10p\/#primaryimage","url":"https:\/\/omanivietnam.com\/wp-content\/uploads\/2025\/10\/JIT-100DR.png","contentUrl":"https:\/\/omanivietnam.com\/wp-content\/uploads\/2025\/10\/JIT-100DR.png","width":905,"height":951},{"@type":"BreadcrumbList","@id":"https:\/\/omanivietnam.com\/index.php\/san-pham\/joil-jit-100dr-10p\/#breadcrumb","itemListElement":[{"@type":"ListItem","position":1,"name":"Home","item":"https:\/\/omanivietnam.com\/"},{"@type":"ListItem","position":2,"name":"S\u1ea2N PH\u1ea8M","item":"https:\/\/omanivietnam.com\/index.php\/cua-hang\/"},{"@type":"ListItem","position":3,"name":"JOIL JIT-100DR-10P"}]},{"@type":"WebSite","@id":"https:\/\/omanivietnam.com\/#website","url":"https:\/\/omanivietnam.com\/","name":"OMANI VI\u1ec6T NAM","description":"Nh\u00e0 ph\u00e2n ph\u1ed1i thi\u1ebft b\u1ecb kh\u00ed n\u00e9n v\u00e0 thi\u1ebft b\u1ecb t\u1ef1 \u0111\u1ed9ng h\u00f3a trong c\u00f4ng nghi\u1ec7p","publisher":{"@id":"https:\/\/omanivietnam.com\/#\/schema\/person\/0ad398a980dc3fd696111c2c5c8fa897"},"potentialAction":[{"@type":"SearchAction","target":{"@type":"EntryPoint","urlTemplate":"https:\/\/omanivietnam.com\/?s={search_term_string}"},"query-input":"required name=search_term_string"}],"inLanguage":"vi"},{"@type":["Person","Organization"],"@id":"https:\/\/omanivietnam.com\/#\/schema\/person\/0ad398a980dc3fd696111c2c5c8fa897","name":"Nguy\u1ec5n V\u0103n Kh\u00e1nh","image":{"@type":"ImageObject","inLanguage":"vi","@id":"https:\/\/omanivietnam.com\/#\/schema\/person\/image\/","url":"https:\/\/omanivietnam.com\/wp-content\/uploads\/2024\/06\/logo-1024x1024.png","contentUrl":"https:\/\/omanivietnam.com\/wp-content\/uploads\/2024\/06\/logo-1024x1024.png","width":1024,"height":1024,"caption":"Nguy\u1ec5n V\u0103n Kh\u00e1nh"},"logo":{"@id":"https:\/\/omanivietnam.com\/#\/schema\/person\/image\/"},"sameAs":["https:\/\/omanivietnam.com"]}]}},"_links":{"self":[{"href":"https:\/\/omanivietnam.com\/index.php\/wp-json\/wp\/v2\/product\/4471","targetHints":{"allow":["GET"]}}],"collection":[{"href":"https:\/\/omanivietnam.com\/index.php\/wp-json\/wp\/v2\/product"}],"about":[{"href":"https:\/\/omanivietnam.com\/index.php\/wp-json\/wp\/v2\/types\/product"}],"replies":[{"embeddable":true,"href":"https:\/\/omanivietnam.com\/index.php\/wp-json\/wp\/v2\/comments?post=4471"}],"wp:featuredmedia":[{"embeddable":true,"href":"https:\/\/omanivietnam.com\/index.php\/wp-json\/wp\/v2\/media\/4472"}],"wp:attachment":[{"href":"https:\/\/omanivietnam.com\/index.php\/wp-json\/wp\/v2\/media?parent=4471"}],"wp:term":[{"taxonomy":"product_cat","embeddable":true,"href":"https:\/\/omanivietnam.com\/index.php\/wp-json\/wp\/v2\/product_cat?post=4471"},{"taxonomy":"product_tag","embeddable":true,"href":"https:\/\/omanivietnam.com\/index.php\/wp-json\/wp\/v2\/product_tag?post=4471"}],"curies":[{"name":"wp","href":"https:\/\/api.w.org\/{rel}","templated":true}]}}