{"id":4479,"date":"2025-10-23T10:24:49","date_gmt":"2025-10-23T03:24:49","guid":{"rendered":"https:\/\/omanivietnam.com\/?post_type=product&#038;p=4479"},"modified":"2025-10-23T10:24:49","modified_gmt":"2025-10-23T03:24:49","slug":"hokuyo-ust-05ln-2","status":"publish","type":"product","link":"https:\/\/omanivietnam.com\/index.php\/san-pham\/hokuyo-ust-05ln-2\/","title":{"rendered":"HOKUYO UST-05LN"},"content":{"rendered":"<p>HOKUYO UST-05LN<\/p>\n<p>UST-05LNP, UST-05LN, UST-10LN, UST-20LN<\/p>\n<div class=\"kb0PBd cvP2Ce jGGQ5e\" data-snf=\"x5WNvb\" data-snhf=\"0\">\n<div class=\"yuRUbf\">\n<h3 class=\"sec_ttl\">Features<\/h3>\n<div class=\"sec_inner\">\n<div class=\"edit_box js-editor\">-&gt; 2D scanner for measuring distance between the sensor and its surroundings.<br \/>\n-&gt; Supply voltage 10 to 30V<br \/>\n-&gt; The smallest and lightest of its kind<br \/>\n-&gt; Measurement distance, 5m<br \/>\n-&gt; Faster response, 66msec<br \/>\n-&gt; More flexible field setting available<\/div>\n<\/div>\n<\/div>\n<\/div>\n<div><\/div>\n<div>\n<h2 class=\"p-search_detail__title\">Specification<\/h2>\n<div class=\"p-search_detail__content\">\n<section class=\"head\">\n<div class=\"sec_inner\">\n<div class=\"edit_box js-editor\">\n<div class=\"c-rwd_sheet\">\n<div class=\"inner\">\n<table border=\"2\" width=\"100%\">\n<tbody>\n<tr>\n<td align=\"center\" bgcolor=\"#c0c0c0\" width=\"22.2%\">Product name<\/td>\n<td align=\"center\" bgcolor=\"#c0c0c0\" width=\"77.8%\">Scanning Laser Range Finder<\/td>\n<\/tr>\n<tr>\n<td align=\"center\" bgcolor=\"#c0c0c0\">Model<\/td>\n<td align=\"center\" bgcolor=\"#c0c0c0\">UST-05LN<\/td>\n<\/tr>\n<tr>\n<td bgcolor=\"#c0c0c0\">Supply voltage<\/td>\n<td bgcolor=\"#ffffff\">DC 12V\/DC 24V (operation range 10 to 30V, ripple within 10%)<\/td>\n<\/tr>\n<tr>\n<td bgcolor=\"#c0c0c0\">Supply current<\/td>\n<td bgcolor=\"#ffffff\">150mA (DC 24V) or less (during start up about 400mA is necessary.)<\/td>\n<\/tr>\n<tr>\n<td bgcolor=\"#c0c0c0\">Light source<\/td>\n<td bgcolor=\"#ffffff\">Laser semiconductor (905nm), Laser class 1(IEC60825-1:2007, Accession number:1420210-000)<\/td>\n<\/tr>\n<tr>\n<td rowspan=\"3\" bgcolor=\"#c0c0c0\">Detection range and object<\/td>\n<td bgcolor=\"#ffffff\">60mm to 5000mm (white Kent sheet)<\/td>\n<\/tr>\n<tr>\n<td bgcolor=\"#ffffff\">60mm to 2000mm (diffuse reflectance 10% )<\/td>\n<\/tr>\n<tr>\n<td bgcolor=\"#ffffff\">Minimum detectable size 130mm (changes according to distance)<sup>*1<\/sup><\/td>\n<\/tr>\n<tr>\n<td bgcolor=\"#c0c0c0\">Accuracy<\/td>\n<td bgcolor=\"#ffffff\">60mm to 5000mm \u00b140mm<sup>*2<\/sup><\/td>\n<\/tr>\n<tr>\n<td bgcolor=\"#c0c0c0\">Standard deviation<\/td>\n<td bgcolor=\"#ffffff\">\u03c3&lt;20mm<sup>*2<\/sup><\/td>\n<\/tr>\n<tr>\n<td bgcolor=\"#c0c0c0\">Scan angle<\/td>\n<td bgcolor=\"#ffffff\">270\u00b0<\/td>\n<\/tr>\n<tr>\n<td bgcolor=\"#c0c0c0\">Scan speed<\/td>\n<td bgcolor=\"#ffffff\">25msec (motor speed 2400rpm)<\/td>\n<\/tr>\n<tr>\n<td bgcolor=\"#c0c0c0\">Angular resolution<\/td>\n<td bgcolor=\"#ffffff\">0.5\u00b0<\/td>\n<\/tr>\n<tr>\n<td bgcolor=\"#c0c0c0\">Start up time<\/td>\n<td bgcolor=\"#ffffff\">Within 10 sec (start up time differs if malfunction is detected during start up)<\/td>\n<\/tr>\n<tr>\n<td bgcolor=\"#c0c0c0\">Outputs<\/td>\n<td bgcolor=\"#ffffff\">Photo-coupler, open collector output Max DC 30V 50mA<br \/>\nOutput 1: Output 1 OFF during object detection<br \/>\nOutput 2: Output 2 OFF during object detection<br \/>\nOutput 3: Output 3 OFF during object detection<br \/>\nMalfunction output: ON during normal operation, OFF during malfunction<br \/>\nSynchronization output: Synchronization signal during Master\/Slave operation.<br \/>\nNote: Output 1 to 3 are switched OFF during malfunction state<\/td>\n<\/tr>\n<tr>\n<td bgcolor=\"#c0c0c0\">Inputs<\/td>\n<td bgcolor=\"#ffffff\">Photo-coupler, common anode, power supply is 4mA when input is ON<br \/>\nInput 1 to 5: Area switching inputs (refer Table1)<br \/>\nSynchronization input: Input synchronization signal during Slave operation.<\/td>\n<\/tr>\n<tr>\n<td bgcolor=\"#c0c0c0\">Output response time<sup>*3<\/sup><\/td>\n<td bgcolor=\"#ffffff\">OFF : 66msec to 3241msec<br \/>\nON : 66msec to 3241msec<\/td>\n<\/tr>\n<tr>\n<td bgcolor=\"#c0c0c0\">Hysteresis<\/td>\n<td bgcolor=\"#ffffff\">Hysteresis 6.25%<br \/>\nHysteresis 3.125%<br \/>\nNo Hysteresis (Default)<\/td>\n<\/tr>\n<tr>\n<td bgcolor=\"#c0c0c0\">Interface<\/td>\n<td bgcolor=\"#ffffff\">USB<\/td>\n<\/tr>\n<tr>\n<td bgcolor=\"#c0c0c0\">LED display<\/td>\n<td bgcolor=\"#ffffff\">Blue LED: ON during normal operation,blink during the start up<br \/>\nOutput 1 LED(Orange): ON during object detection<br \/>\nOutput 2 LED(Orange): ON during object detection<br \/>\nOutput 13LED(Orange): ON during object detection<\/td>\n<\/tr>\n<tr>\n<td bgcolor=\"#c0c0c0\">Synchronization function<\/td>\n<td bgcolor=\"#ffffff\">Master\/Slave Synchronization mode is set using the configuration software<sup>*4<\/sup><br \/>\nSlave synchronization mode (0\u00b0)<br \/>\nSlave synchronization mode (90\u00b0)<br \/>\nSlave synchronization mode (180\u00b0)<br \/>\nSlave synchronization mode (270\u00b0)<\/td>\n<\/tr>\n<tr>\n<td bgcolor=\"#c0c0c0\">Ambient illumination<\/td>\n<td bgcolor=\"#ffffff\">Less than 80,000lx<br \/>\nNote : Avoid direct sunlight or other illumination sources as it may cause sensor malfunction<\/td>\n<\/tr>\n<tr>\n<td bgcolor=\"#c0c0c0\">Ambient temperature and humidity<\/td>\n<td bgcolor=\"#ffffff\">-10\u00b0C to +50\u00b0C, below 85%RH (without dew, frost)<\/td>\n<\/tr>\n<tr>\n<td bgcolor=\"#c0c0c0\">Storage temperature and humidity<\/td>\n<td bgcolor=\"#ffffff\">-30\u00b0C to +70\u00b0C, below 85%RH (without dew, frost)<\/td>\n<\/tr>\n<tr>\n<td bgcolor=\"#c0c0c0\">Vibration resistance<\/td>\n<td bgcolor=\"#ffffff\">10 to 55Hz\u3000double amplitude of 1.5mm for 2hrs in each X, Y, and Z direction<br \/>\n55 to 200Hz 98m \/ s<sup>2<\/sup>\u00a0sweep of 2min for 1hr in each X,Y and Z direction<\/td>\n<\/tr>\n<tr>\n<td bgcolor=\"#c0c0c0\">Shock resistance<\/td>\n<td bgcolor=\"#ffffff\">196m\/s<sup>2<\/sup>\u00a0(20G)\u3000each X,Y and Z direction 10 times.<\/td>\n<\/tr>\n<tr>\n<td bgcolor=\"#c0c0c0\">Insulation resistance<\/td>\n<td bgcolor=\"#ffffff\">10M\u03a9,\u3000DC 500V<\/td>\n<\/tr>\n<tr>\n<td bgcolor=\"#c0c0c0\">Protective structure<\/td>\n<td bgcolor=\"#ffffff\">IP65<\/td>\n<\/tr>\n<tr>\n<td bgcolor=\"#c0c0c0\">EMC standards<\/td>\n<td bgcolor=\"#ffffff\">(EMI)<br \/>\nEN61326-1\uff1a2013<br \/>\nEN55011\uff1a2009 + A1\uff1a2010<br \/>\n(EMS)<br \/>\nEN61326-1:2013<br \/>\nEN61000-4-2:2009<br \/>\nEN61000-4-3:2006 + A1\uff1a2008 + A2\uff1a2010<br \/>\nEN61000-4-4:2012<br \/>\nEN61000-4-6:2009<br \/>\nEN61000-4-8:2010<\/td>\n<\/tr>\n<tr>\n<td bgcolor=\"#c0c0c0\">Weight<\/td>\n<td bgcolor=\"#ffffff\">130g<\/td>\n<\/tr>\n<tr>\n<td bgcolor=\"#c0c0c0\">Material<\/td>\n<td bgcolor=\"#ffffff\">Upper case: Polycarbonate, Lower case: Aluminum<\/td>\n<\/tr>\n<tr>\n<td bgcolor=\"#c0c0c0\">Dimensions (W\u00d7D\u00d7H)<\/td>\n<td bgcolor=\"#ffffff\">50\u00d750\u00d770mm<\/td>\n<\/tr>\n<\/tbody>\n<\/table>\n<\/div>\n<\/div>\n<p>*1. In the case of installing the sensor parallel to the Emitter\/Receiver surface. Minimum detectable size of the object can be set by Area Designer.<br \/>\n*2. Under the factory standard testing condition using white Kent sheet.<br \/>\n*3. Initial setting is 66msec. ON\/OFF delay function switching is possible by Area Designer. Response time can be further delayed by a maximum of 1scan during the area switching.<br \/>\n*4. Initial setting is synchronization master. Synchronization slave setting is possible using Area Designer<\/p><\/div>\n<\/div>\n<\/section>\n<\/div>\n<\/div>\n<div><\/div>\n<div class=\"attribute-list\">\n<div>\n<p>\u0110\u1ea1i l\u00fd HOKUYO vietnam, HOKUYO viet nam, HOKUYO vietnam distributor, Ph\u00e2n ph\u1ed1i HOKUYO t\u1ea1i vi\u1ec7t nam<\/p>\n<p>\u0110\u1ea1i l\u00fd HOKUYO vietnam, HOKUYO viet nam, HOKUYO vietnam distributor, Ph\u00e2n ph\u1ed1i HOKUYO t\u1ea1i vi\u1ec7t nam<\/p>\n<p>\u0110\u1ea1i l\u00fd HOKUYO vietnam, HOKUYO viet nam, HOKUYO vietnam distributor, Ph\u00e2n ph\u1ed1i HOKUYO t\u1ea1i vi\u1ec7t nam<\/p>\n<\/div>\n<\/div>\n<p>&nbsp;<\/p>\n","protected":false},"excerpt":{"rendered":"<p>HOKUYO UST-05LN UST-05LNP, UST-05LN, UST-10LN, UST-20LN Features -&gt; 2D scanner for measuring distance between the sensor and its surroundings. -&gt; Supply voltage 10 to 30V -&gt; The smallest and lightest of its kind -&gt; Measurement distance, 5m -&gt; Faster response, 66msec -&gt; More flexible field setting available Specification Product name&hellip; <\/p>\n","protected":false},"featured_media":4480,"comment_status":"open","ping_status":"closed","template":"","meta":[],"product_cat":[821],"product_tag":[88,823,822],"class_list":{"0":"post-4479","1":"product","2":"type-product","3":"status-publish","4":"has-post-thumbnail","6":"product_cat-hokuyo","7":"product_tag-cam-bien","8":"product_tag-dai-ly-hokuyo-viet-nam","9":"product_tag-hokuyo-viet-nam","11":"first","12":"instock","13":"shipping-taxable","14":"product-type-simple"},"yoast_head":"<!-- This site is optimized with the Yoast SEO plugin v22.8 - https:\/\/yoast.com\/wordpress\/plugins\/seo\/ -->\n<title>HOKUYO UST-05LN - OMANI VI\u1ec6T NAM<\/title>\n<meta name=\"description\" content=\"HOKUYO UST-05LN Sensor\" \/>\n<meta name=\"robots\" content=\"index, follow, max-snippet:-1, max-image-preview:large, max-video-preview:-1\" \/>\n<link rel=\"canonical\" href=\"https:\/\/omanivietnam.com\/index.php\/san-pham\/hokuyo-ust-05ln-2\/\" \/>\n<meta property=\"og:locale\" content=\"vi_VN\" \/>\n<meta property=\"og:type\" content=\"article\" \/>\n<meta property=\"og:title\" content=\"HOKUYO UST-05LN - OMANI VI\u1ec6T NAM\" \/>\n<meta property=\"og:description\" content=\"HOKUYO UST-05LN Sensor\" \/>\n<meta property=\"og:url\" content=\"https:\/\/omanivietnam.com\/index.php\/san-pham\/hokuyo-ust-05ln-2\/\" \/>\n<meta property=\"og:site_name\" content=\"OMANI VI\u1ec6T NAM\" \/>\n<meta property=\"og:image\" content=\"https:\/\/omanivietnam.com\/wp-content\/uploads\/2025\/10\/UST-05LN.png\" \/>\n\t<meta property=\"og:image:width\" content=\"597\" \/>\n\t<meta property=\"og:image:height\" content=\"931\" \/>\n\t<meta property=\"og:image:type\" content=\"image\/png\" \/>\n<meta name=\"twitter:card\" content=\"summary_large_image\" \/>\n<meta name=\"twitter:label1\" content=\"\u01af\u1edbc t\u00ednh th\u1eddi gian \u0111\u1ecdc\" \/>\n\t<meta name=\"twitter:data1\" content=\"4 ph\u00fat\" \/>\n<script type=\"application\/ld+json\" class=\"yoast-schema-graph\">{\"@context\":\"https:\/\/schema.org\",\"@graph\":[{\"@type\":\"WebPage\",\"@id\":\"https:\/\/omanivietnam.com\/index.php\/san-pham\/hokuyo-ust-05ln-2\/\",\"url\":\"https:\/\/omanivietnam.com\/index.php\/san-pham\/hokuyo-ust-05ln-2\/\",\"name\":\"HOKUYO UST-05LN - OMANI VI\u1ec6T NAM\",\"isPartOf\":{\"@id\":\"https:\/\/omanivietnam.com\/#website\"},\"primaryImageOfPage\":{\"@id\":\"https:\/\/omanivietnam.com\/index.php\/san-pham\/hokuyo-ust-05ln-2\/#primaryimage\"},\"image\":{\"@id\":\"https:\/\/omanivietnam.com\/index.php\/san-pham\/hokuyo-ust-05ln-2\/#primaryimage\"},\"thumbnailUrl\":\"https:\/\/omanivietnam.com\/wp-content\/uploads\/2025\/10\/UST-05LN.png\",\"datePublished\":\"2025-10-23T03:24:49+00:00\",\"dateModified\":\"2025-10-23T03:24:49+00:00\",\"description\":\"HOKUYO UST-05LN Sensor\",\"breadcrumb\":{\"@id\":\"https:\/\/omanivietnam.com\/index.php\/san-pham\/hokuyo-ust-05ln-2\/#breadcrumb\"},\"inLanguage\":\"vi\",\"potentialAction\":[{\"@type\":\"ReadAction\",\"target\":[\"https:\/\/omanivietnam.com\/index.php\/san-pham\/hokuyo-ust-05ln-2\/\"]}]},{\"@type\":\"ImageObject\",\"inLanguage\":\"vi\",\"@id\":\"https:\/\/omanivietnam.com\/index.php\/san-pham\/hokuyo-ust-05ln-2\/#primaryimage\",\"url\":\"https:\/\/omanivietnam.com\/wp-content\/uploads\/2025\/10\/UST-05LN.png\",\"contentUrl\":\"https:\/\/omanivietnam.com\/wp-content\/uploads\/2025\/10\/UST-05LN.png\",\"width\":597,\"height\":931},{\"@type\":\"BreadcrumbList\",\"@id\":\"https:\/\/omanivietnam.com\/index.php\/san-pham\/hokuyo-ust-05ln-2\/#breadcrumb\",\"itemListElement\":[{\"@type\":\"ListItem\",\"position\":1,\"name\":\"Home\",\"item\":\"https:\/\/omanivietnam.com\/\"},{\"@type\":\"ListItem\",\"position\":2,\"name\":\"S\u1ea2N PH\u1ea8M\",\"item\":\"https:\/\/omanivietnam.com\/index.php\/cua-hang\/\"},{\"@type\":\"ListItem\",\"position\":3,\"name\":\"HOKUYO UST-05LN\"}]},{\"@type\":\"WebSite\",\"@id\":\"https:\/\/omanivietnam.com\/#website\",\"url\":\"https:\/\/omanivietnam.com\/\",\"name\":\"OMANI VI\u1ec6T NAM\",\"description\":\"Nh\u00e0 ph\u00e2n ph\u1ed1i thi\u1ebft b\u1ecb kh\u00ed n\u00e9n v\u00e0 thi\u1ebft b\u1ecb t\u1ef1 \u0111\u1ed9ng h\u00f3a trong c\u00f4ng nghi\u1ec7p\",\"publisher\":{\"@id\":\"https:\/\/omanivietnam.com\/#\/schema\/person\/0ad398a980dc3fd696111c2c5c8fa897\"},\"potentialAction\":[{\"@type\":\"SearchAction\",\"target\":{\"@type\":\"EntryPoint\",\"urlTemplate\":\"https:\/\/omanivietnam.com\/?s={search_term_string}\"},\"query-input\":\"required name=search_term_string\"}],\"inLanguage\":\"vi\"},{\"@type\":[\"Person\",\"Organization\"],\"@id\":\"https:\/\/omanivietnam.com\/#\/schema\/person\/0ad398a980dc3fd696111c2c5c8fa897\",\"name\":\"Nguy\u1ec5n V\u0103n Kh\u00e1nh\",\"image\":{\"@type\":\"ImageObject\",\"inLanguage\":\"vi\",\"@id\":\"https:\/\/omanivietnam.com\/#\/schema\/person\/image\/\",\"url\":\"https:\/\/omanivietnam.com\/wp-content\/uploads\/2024\/06\/logo-1024x1024.png\",\"contentUrl\":\"https:\/\/omanivietnam.com\/wp-content\/uploads\/2024\/06\/logo-1024x1024.png\",\"width\":1024,\"height\":1024,\"caption\":\"Nguy\u1ec5n V\u0103n Kh\u00e1nh\"},\"logo\":{\"@id\":\"https:\/\/omanivietnam.com\/#\/schema\/person\/image\/\"},\"sameAs\":[\"https:\/\/omanivietnam.com\"]}]}<\/script>\n<!-- \/ Yoast SEO plugin. -->","yoast_head_json":{"title":"HOKUYO UST-05LN - OMANI VI\u1ec6T NAM","description":"HOKUYO UST-05LN Sensor","robots":{"index":"index","follow":"follow","max-snippet":"max-snippet:-1","max-image-preview":"max-image-preview:large","max-video-preview":"max-video-preview:-1"},"canonical":"https:\/\/omanivietnam.com\/index.php\/san-pham\/hokuyo-ust-05ln-2\/","og_locale":"vi_VN","og_type":"article","og_title":"HOKUYO UST-05LN - OMANI VI\u1ec6T NAM","og_description":"HOKUYO UST-05LN Sensor","og_url":"https:\/\/omanivietnam.com\/index.php\/san-pham\/hokuyo-ust-05ln-2\/","og_site_name":"OMANI VI\u1ec6T NAM","og_image":[{"width":597,"height":931,"url":"https:\/\/omanivietnam.com\/wp-content\/uploads\/2025\/10\/UST-05LN.png","type":"image\/png"}],"twitter_card":"summary_large_image","twitter_misc":{"\u01af\u1edbc t\u00ednh th\u1eddi gian \u0111\u1ecdc":"4 ph\u00fat"},"schema":{"@context":"https:\/\/schema.org","@graph":[{"@type":"WebPage","@id":"https:\/\/omanivietnam.com\/index.php\/san-pham\/hokuyo-ust-05ln-2\/","url":"https:\/\/omanivietnam.com\/index.php\/san-pham\/hokuyo-ust-05ln-2\/","name":"HOKUYO UST-05LN - OMANI VI\u1ec6T NAM","isPartOf":{"@id":"https:\/\/omanivietnam.com\/#website"},"primaryImageOfPage":{"@id":"https:\/\/omanivietnam.com\/index.php\/san-pham\/hokuyo-ust-05ln-2\/#primaryimage"},"image":{"@id":"https:\/\/omanivietnam.com\/index.php\/san-pham\/hokuyo-ust-05ln-2\/#primaryimage"},"thumbnailUrl":"https:\/\/omanivietnam.com\/wp-content\/uploads\/2025\/10\/UST-05LN.png","datePublished":"2025-10-23T03:24:49+00:00","dateModified":"2025-10-23T03:24:49+00:00","description":"HOKUYO UST-05LN Sensor","breadcrumb":{"@id":"https:\/\/omanivietnam.com\/index.php\/san-pham\/hokuyo-ust-05ln-2\/#breadcrumb"},"inLanguage":"vi","potentialAction":[{"@type":"ReadAction","target":["https:\/\/omanivietnam.com\/index.php\/san-pham\/hokuyo-ust-05ln-2\/"]}]},{"@type":"ImageObject","inLanguage":"vi","@id":"https:\/\/omanivietnam.com\/index.php\/san-pham\/hokuyo-ust-05ln-2\/#primaryimage","url":"https:\/\/omanivietnam.com\/wp-content\/uploads\/2025\/10\/UST-05LN.png","contentUrl":"https:\/\/omanivietnam.com\/wp-content\/uploads\/2025\/10\/UST-05LN.png","width":597,"height":931},{"@type":"BreadcrumbList","@id":"https:\/\/omanivietnam.com\/index.php\/san-pham\/hokuyo-ust-05ln-2\/#breadcrumb","itemListElement":[{"@type":"ListItem","position":1,"name":"Home","item":"https:\/\/omanivietnam.com\/"},{"@type":"ListItem","position":2,"name":"S\u1ea2N PH\u1ea8M","item":"https:\/\/omanivietnam.com\/index.php\/cua-hang\/"},{"@type":"ListItem","position":3,"name":"HOKUYO UST-05LN"}]},{"@type":"WebSite","@id":"https:\/\/omanivietnam.com\/#website","url":"https:\/\/omanivietnam.com\/","name":"OMANI VI\u1ec6T NAM","description":"Nh\u00e0 ph\u00e2n ph\u1ed1i thi\u1ebft b\u1ecb kh\u00ed n\u00e9n v\u00e0 thi\u1ebft b\u1ecb t\u1ef1 \u0111\u1ed9ng h\u00f3a trong c\u00f4ng nghi\u1ec7p","publisher":{"@id":"https:\/\/omanivietnam.com\/#\/schema\/person\/0ad398a980dc3fd696111c2c5c8fa897"},"potentialAction":[{"@type":"SearchAction","target":{"@type":"EntryPoint","urlTemplate":"https:\/\/omanivietnam.com\/?s={search_term_string}"},"query-input":"required name=search_term_string"}],"inLanguage":"vi"},{"@type":["Person","Organization"],"@id":"https:\/\/omanivietnam.com\/#\/schema\/person\/0ad398a980dc3fd696111c2c5c8fa897","name":"Nguy\u1ec5n V\u0103n Kh\u00e1nh","image":{"@type":"ImageObject","inLanguage":"vi","@id":"https:\/\/omanivietnam.com\/#\/schema\/person\/image\/","url":"https:\/\/omanivietnam.com\/wp-content\/uploads\/2024\/06\/logo-1024x1024.png","contentUrl":"https:\/\/omanivietnam.com\/wp-content\/uploads\/2024\/06\/logo-1024x1024.png","width":1024,"height":1024,"caption":"Nguy\u1ec5n V\u0103n Kh\u00e1nh"},"logo":{"@id":"https:\/\/omanivietnam.com\/#\/schema\/person\/image\/"},"sameAs":["https:\/\/omanivietnam.com"]}]}},"_links":{"self":[{"href":"https:\/\/omanivietnam.com\/index.php\/wp-json\/wp\/v2\/product\/4479","targetHints":{"allow":["GET"]}}],"collection":[{"href":"https:\/\/omanivietnam.com\/index.php\/wp-json\/wp\/v2\/product"}],"about":[{"href":"https:\/\/omanivietnam.com\/index.php\/wp-json\/wp\/v2\/types\/product"}],"replies":[{"embeddable":true,"href":"https:\/\/omanivietnam.com\/index.php\/wp-json\/wp\/v2\/comments?post=4479"}],"wp:featuredmedia":[{"embeddable":true,"href":"https:\/\/omanivietnam.com\/index.php\/wp-json\/wp\/v2\/media\/4480"}],"wp:attachment":[{"href":"https:\/\/omanivietnam.com\/index.php\/wp-json\/wp\/v2\/media?parent=4479"}],"wp:term":[{"taxonomy":"product_cat","embeddable":true,"href":"https:\/\/omanivietnam.com\/index.php\/wp-json\/wp\/v2\/product_cat?post=4479"},{"taxonomy":"product_tag","embeddable":true,"href":"https:\/\/omanivietnam.com\/index.php\/wp-json\/wp\/v2\/product_tag?post=4479"}],"curies":[{"name":"wp","href":"https:\/\/api.w.org\/{rel}","templated":true}]}}