{"id":4487,"date":"2025-10-29T21:56:05","date_gmt":"2025-10-29T14:56:05","guid":{"rendered":"https:\/\/omanivietnam.com\/?post_type=product&#038;p=4487"},"modified":"2025-12-28T16:21:22","modified_gmt":"2025-12-28T09:21:22","slug":"sensys-m5256-c3079e-020bg","status":"publish","type":"product","link":"https:\/\/omanivietnam.com\/index.php\/san-pham\/sensys-m5256-c3079e-020bg\/","title":{"rendered":"SENSYS M5256-C3079E-020BG"},"content":{"rendered":"<p>SENSYS M5256-C3079E-020BG<\/p>\n<p>C\u1ea3m bi\u1ebfn \u00e1p su\u1ea5t M5256-C3079E-010BG; M5256-C3079E-007BG; M5256-C3079E-070BG; M5256-C3079E-350BG<\/p>\n<p>C\u1ea3m bi\u1ebfn \u00e1p su\u1ea5t 20bar Sensys M5256-C3079E-020BG<\/p>\n<p>S\u00ea-ri n\u00e0y ph\u00f9 h\u1ee3p \u0111\u1ec3 \u0111o \u00e1p su\u1ea5t ch\u1ea5t l\u1ecfng ho\u1eb7c kh\u00ed, ngay c\u1ea3 \u0111\u1ed1i v\u1edbi c\u00e1c m\u00f4i tr\u01b0\u1eddng kh\u00f3 kh\u0103n nh\u01b0 n\u01b0\u1edbc b\u1ecb \u00f4 nhi\u1ec5m, h\u01a1i n\u01b0\u1edbc v\u00e0 ch\u1ea5t l\u1ecfng \u0103n m\u00f2n nh\u1eb9. V\u1eadt li\u1ec7u \u01b0\u1edbt \u0111\u01b0\u1ee3c l\u00e0m b\u1eb1ng th\u00e9p kh\u00f4ng g\u1ec9 STS630 (17-4PH) v\u00e0 \u0111\u1ed9 b\u1ec1n c\u1ee7a \u0111\u1ea7u d\u00f2 l\u00e0 tuy\u1ec7t v\u1eddi m\u00e0 kh\u00f4ng c\u00f3 v\u00f2ng \u0111\u1ec7m, m\u1ed1i h\u00e0n ho\u1eb7c ch\u1ea5t h\u1eefu c\u01a1 ti\u1ebfp x\u00fac v\u1edbi m\u00f4i tr\u01b0\u1eddng \u00e1p l\u1ef1c. M5200 c\u00f3 kh\u1ea3 n\u0103ng ch\u1ed1ng ch\u1ecbu th\u1eddi ti\u1ebft v\u00e0 v\u01b0\u1ee3t qu\u00e1 c\u00e1c y\u00eau c\u1ea7u CE\u00a0<span class=\"Highlight\">c\u00f4<\/span>ng nghi\u1ec7p n\u1eb7ng m\u1edbi nh\u1ea5t bao g\u1ed3m c\u1ea3 b\u1ea3o b\u1ec7 s\u1ef1 \u0111\u1ed9t bi\u1ebfn \u0111i\u1ec7n \u00e1p.\u00a0M\u1ea1ch \u0111\u01b0\u1ee3c b\u1ea3o v\u1ec7 kh\u1ecfi h\u1ec7 th\u1ed1ng d\u00e2y \u0111i\u1ec7n ng\u01b0\u1ee3c \u1edf \u0111\u1ea7u v\u00e0o v\u00e0 ng\u1eafn m\u1ea1ch \u1edf \u0111\u1ea7u ra.<\/p>\n<h2 data-end=\"1556\" data-start=\"1530\">Gi\u1ea3i ph\u00e1p khi s\u1eed d\u1ee5ng<\/h2>\n<ul data-end=\"1818\" data-start=\"1557\">\n<li data-end=\"1617\" data-start=\"1557\">\n<p data-end=\"1617\" data-start=\"1559\">\u0110o v\u00e0 gi\u00e1m s\u00e1t \u00e1p su\u1ea5t trong h\u1ec7 th\u1ed1ng kh\u00ed n\u00e9n, th\u1ee7y l\u1ef1c.<\/p>\n<\/li>\n<li data-end=\"1678\" data-start=\"1618\">\n<p data-end=\"1678\" data-start=\"1620\">\u1ee8ng d\u1ee5ng trong h\u1ec7 th\u1ed1ng b\u01a1m, m\u00e1y n\u00e9n kh\u00ed, thi\u1ebft b\u1ecb HVAC.<\/p>\n<\/li>\n<li data-end=\"1748\" data-start=\"1679\">\n<p data-end=\"1748\" data-start=\"1681\">Ki\u1ec3m so\u00e1t \u00e1p su\u1ea5t trong d\u00e2y chuy\u1ec1n ch\u1ebf bi\u1ebfn th\u1ef1c ph\u1ea9m, n\u01b0\u1edbc s\u1ea1ch.<\/p>\n<\/li>\n<li data-end=\"1818\" data-start=\"1749\">\n<p data-end=\"1818\" data-start=\"1751\">T\u00edch h\u1ee3p v\u00e0o PLC\/SCADA qua ng\u00f5 ra analog \u0111\u1ec3 gi\u00e1m s\u00e1t v\u00e0 c\u1ea3nh b\u00e1o.<\/p>\n<\/li>\n<\/ul>\n<h2 data-end=\"1853\" data-start=\"1825\">\u1ee8ng d\u1ee5ng trong l\u0129nh v\u1ef1c<\/h2>\n<ul data-end=\"2199\" data-start=\"1854\">\n<li data-end=\"1936\" data-start=\"1854\">\n<p data-end=\"1936\" data-start=\"1856\"><strong data-end=\"1890\" data-start=\"1856\">C\u00f4ng nghi\u1ec7p c\u01a1 kh\u00ed \u2013 th\u1ee7y l\u1ef1c:<\/strong>\u00a0ki\u1ec3m so\u00e1t \u00e1p su\u1ea5t d\u1ea7u trong xy lanh v\u00e0 b\u01a1m.<\/p>\n<\/li>\n<li data-end=\"2003\" data-start=\"1937\">\n<p data-end=\"2003\" data-start=\"1939\"><strong data-end=\"1960\" data-start=\"1939\">H\u1ec7 th\u1ed1ng kh\u00ed n\u00e9n:<\/strong>\u00a0gi\u00e1m s\u00e1t \u00e1p su\u1ea5t kh\u00ed \u0111\u1ec3 b\u1ea3o v\u1ec7 thi\u1ebft b\u1ecb.<\/p>\n<\/li>\n<li data-end=\"2068\" data-start=\"2004\">\n<p data-end=\"2068\" data-start=\"2006\"><strong data-end=\"2034\" data-start=\"2006\">X\u1eed l\u00fd n\u01b0\u1edbc &amp; m\u00f4i tr\u01b0\u1eddng:<\/strong>\u00a0\u0111o \u00e1p su\u1ea5t \u0111\u01b0\u1eddng \u1ed1ng, b\u1ed3n ch\u1ee9a.<\/p>\n<\/li>\n<li data-end=\"2131\" data-start=\"2069\">\n<p data-end=\"2131\" data-start=\"2071\"><strong data-end=\"2090\" data-start=\"2071\">\u0110i\u1ec7n \u2013 \u0111i\u1ec7n t\u1eed:<\/strong>\u00a0ki\u1ec3m so\u00e1t \u00e1p su\u1ea5t l\u00e0m m\u00e1t, kh\u00ed b\u1ea3o v\u1ec7.<\/p>\n<\/li>\n<li data-end=\"2199\" data-start=\"2132\">\n<p data-end=\"2199\" data-start=\"2134\"><strong data-end=\"2153\" data-start=\"2134\">\u00d4 t\u00f4 &amp; d\u1ec7t may:<\/strong>\u00a0gi\u00e1m s\u00e1t kh\u00ed n\u00e9n, th\u1ee7y l\u1ef1c tr\u00ean d\u00e2y chuy\u1ec1n.<\/p>\n<\/li>\n<\/ul>\n<h2 data-end=\"2226\" data-start=\"2206\">\u01afu \u0111i\u1ec3m n\u1ed5i b\u1eadt<\/h2>\n<ul data-end=\"2501\" data-start=\"2227\">\n<li data-end=\"2262\" data-start=\"2227\">\n<p data-end=\"2262\" data-start=\"2229\">\u0110\u1ed9 ch\u00ednh x\u00e1c cao (\u00b10,25% F.S.).<\/p>\n<\/li>\n<li data-end=\"2303\" data-start=\"2263\">\n<p data-end=\"2303\" data-start=\"2265\">D\u1ea3i \u0111o r\u1ed9ng, \u0111\u00e1p \u1ee9ng nhi\u1ec1u \u1ee9ng d\u1ee5ng.<\/p>\n<\/li>\n<li data-end=\"2347\" data-start=\"2304\">\n<p data-end=\"2347\" data-start=\"2306\">Thi\u1ebft k\u1ebf g\u1ecdn nh\u1eb9, v\u1ecf inox ch\u1ed1ng \u0103n m\u00f2n.<\/p>\n<\/li>\n<li data-end=\"2408\" data-start=\"2348\">\n<p data-end=\"2408\" data-start=\"2350\">T\u00edn hi\u1ec7u ng\u00f5 ra analog chu\u1ea9n c\u00f4ng nghi\u1ec7p (4\u201320mA\/0\u201310V).<\/p>\n<\/li>\n<li data-end=\"2449\" data-start=\"2409\">\n<p data-end=\"2449\" data-start=\"2411\">L\u1eafp \u0111\u1eb7t d\u1ec5 d\u00e0ng, k\u1ebft n\u1ed1i chu\u1ea9n G1\/4.<\/p>\n<\/li>\n<li data-end=\"2501\" data-start=\"2450\">\n<p data-end=\"2501\" data-start=\"2452\">Ho\u1ea1t \u0111\u1ed9ng \u1ed5n \u0111\u1ecbnh trong m\u00f4i tr\u01b0\u1eddng kh\u1eafc nghi\u1ec7t.<\/p>\n<\/li>\n<\/ul>\n<h2>Th\u00f4ng s\u1ed1 k\u1ef9 thu\u1eadt<\/h2>\n<p>&nbsp;<\/p>\n<p>&#8211; Ph\u1ea1m vi \u0111o: 0 ~ 20bar<\/p>\n<div>\n<p>&#8211;\u00a0Ng\u00f5 ra: 4~20mA\u00a02 d\u00e2y (\u0111\u01b0\u1ee3c b\u1ea3o v\u1ec7 n\u1ed1i ng\u01b0\u1ee3c c\u1ef1c v\u00e0 ng\u1eafn m\u1ea1ch).<\/p>\n<p>&#8211; Ngu\u1ed3n c\u1ea5p: 9-30VDC<\/p>\n<p>&#8211; M\u00f4i ch\u1ea5t: n\u01b0\u1edbc, d\u1ea7u, kh\u00ed.<\/p>\n<p>&#8211; \u0110i\u1ec7n tr\u1edf c\u00e1ch \u0111i\u1ec7n: 100\u03a9 @500VDC<\/p>\n<p>&#8211; Ki\u1ec3u n\u1ed1i c\u00e1p: Mini DIN43650<\/p>\n<p>&#8211; N\u1ed1i ren: PT1\/4&#8243;<\/p>\n<p>&#8211; Nhi\u1ec7t \u0111\u1ed9 ho\u1ea1t \u0111\u1ed9ng: -40~125\u2103.<\/p>\n<p>&#8211; \u00c1p su\u1ea5t \u0111\u1ed9t ng\u1ed9t: 5 l\u1ea7n \u00e1p su\u1ea5t \u0111\u1ecbnh m\u1ee9c<\/p>\n<p>&#8211; C\u1ea3m bi\u1ebfn \u00e1p su\u1ea5t 20bar Sensys M5256-C3079E-020BG c\u00f3 Th\u00e2n v\u1ecf th\u00e9p kh\u00f4ng g\u1ec9<\/p>\n<p>&#8211; Ch\u1ecbu rung 20G, 20~200Hz<\/p>\n<p>&#8211; Tr\u1ecdng l\u01b0\u1ee3ng C\u1ea3m bi\u1ebfn \u00e1p su\u1ea5t 20bar Sensys M5256-C3079E-020BG: 85g.<\/p>\n<p>&#8211; Gi\u1ea5y h\u1ee3p chu\u1ea9n CE v\u1ec1 c\u00f4ng ngh\u1ec7 n\u1eb7ng.<\/p>\n<p>&#8211; C\u1ea5p b\u1ea3o v\u1ec7 ch\u1ed1ng th\u1ea5m n\u01b0\u1edbc: IP65.<\/p>\n<p>&#8211; Xu\u1ea5t x\u1ee9: Korea.<\/p>\n<\/div>\n<h2>M\u1ed9t s\u1ed1 model th\u00f4ng d\u1ee5ng c\u1ee7a C\u1ea3m Bi\u1ebfn \u00c1p Su\u1ea5t SENSYS.<\/h2>\n<p>Model Sensys M5256-C3079E-007BG d\u00e3i \u0111o 0 \u2013 7 bar.<br \/>\nModel Sensys M5256-C3079E-010BG d\u00e3i \u0111o 0 \u2013 10 bar.<br \/>\nModel Sensys M5256-C3079E-3.5BG d\u00e3i \u0111o 0 \u2013 3.5 bar.<br \/>\nModel \u00a0Sensys M5256-C3079E-016BG d\u00e3i \u0111o 0 \u2013 16 bar.<br \/>\nModel Sensys M5256-C3079E-020BG d\u00e3i \u0111o 0 \u2013 20 bar.<br \/>\nModel Sensys M5256-C3079E-035BG d\u00e3i \u0111o 0 \u2013 35 bar.<br \/>\nModel Sensys M5256-C3079E-050BG d\u00e3i \u0111o 0 \u2013 50 bar.<br \/>\nModel Sensys M5256-C3079E-070BG d\u00e3i \u0111o 0 \u2013 70 bar.<br \/>\nModel Sensys M5256-C3079E-0100BG d\u00e3i \u0111o 0 \u2013 100 bar.<br \/>\nModel Sensys M5256-C3079E-0200BG d\u00e3i \u0111o 0 \u2013 200 bar.<br \/>\nModel Sensys M5256-C3079E-0250BG d\u00e3i \u0111o 0 \u2013 250 bar.<br \/>\nModel Sensys M5256-C3079E-0350BG d\u00e3i \u0111o 0 \u2013 350 bar.<br \/>\nModel Sensys M5256-C3079E-0500BG d\u00e3i \u0111o 0 \u2013 500 bar.<br \/>\nModel Sensys M5256-C3079E-0700BG d\u00e3i \u0111o 0 \u2013 700 bar.<br \/>\nModel Sensys\u00a0 M5256-C3079E-01KBBG\u00a0 d\u00e3i \u0111o 0 \u2013 1000 bar.<\/p>\n<div>\n<p>Pressure Transmitter, range 0 ~ 10 bars, 2 wire\/ 4~20mA, port: R(PT) 3\/8 Model: PTDH0010BAHA<\/p>\n<p>Pressure Transmitter, range 0 ~ 20 bars, 2 wire\/ 4~20mA, port: R(PT) 3\/8&#8243;: PTDH0020BAHA<\/p>\n<p>C\u1ea3m bi\u1ebfn \u00e1p su\u1ea5t DPUH1000, 0-1000 Pa, 11 ~ 28VDC<\/p>\n<p>C\u1ea3m bi\u1ebfn \u00e1p su\u1ea5t SBHA0200MKG, SBH 0-200Mpa, 1\/4&#8221;NPT&#8221;<\/p>\n<p>C\u1ea3m bi\u1ebfn \u00e1p su\u1ea5t SSGHA0015BCAG, SSG, 0-15 bar, 4~20mA(2Wire), 1\/4&#8221;PT&#8221;<\/p>\n<p>C\u1ea3m bi\u1ebfn \u00e1p su\u1ea5t SBHA0200MKG, SBH 0-200Mpa, 1\/4&#8221;NPT&#8221;<\/p>\n<p>C\u1ea3m bi\u1ebfn \u00e1p su\u1ea5t SSGGC0015BEAG, SSG, 0-15 bar, 4~20mA(3Wire) + 1-Ch Relay, RS485, 1\/2&#8221;PT<\/p>\n<p>C\u1ea3m bi\u1ebfn \u00e1p su\u1ea5t PTDK0400BDIA, PTD 0~400 bar, 0~10V (4Wire), G(PF)1\/4&#8221;<\/p>\n<p>C\u1ea3m bi\u1ebfn \u00e1p su\u1ea5t PTCH0001BCIA, PTC 0~1bar 4-20mA (2wire) 1\/4&#8221;PT +-0.5%,Din 43650-A connector<\/p>\n<p>M5256-C3079E-010BG(0~10 bar; 4-20 mA; 1\/4&#8221;PT)<\/p>\n<p>&nbsp;<\/p>\n<\/div>\n<p>\u0110\u1ea1i l\u00fd SENSYS vietnam, SENSYS viet nam, SENSYS vietnam distributor, Ph\u00e2n ph\u1ed1i SENSYS t\u1ea1i vi\u1ec7t nam<\/p>\n<p>\u0110\u1ea1i l\u00fd SENSYS vietnam, SENSYS viet nam, SENSYS vietnam distributor, Ph\u00e2n ph\u1ed1i SENSYS t\u1ea1i vi\u1ec7t nam<\/p>\n<p>\u0110\u1ea1i l\u00fd SENSYS vietnam, SENSYS viet nam, SENSYS vietnam distributor, Ph\u00e2n ph\u1ed1i SENSYS t\u1ea1i vi\u1ec7t nam<\/p>\n","protected":false},"excerpt":{"rendered":"<p>SENSYS M5256-C3079E-020BG C\u1ea3m bi\u1ebfn \u00e1p su\u1ea5t M5256-C3079E-010BG; M5256-C3079E-007BG; M5256-C3079E-070BG; M5256-C3079E-350BG C\u1ea3m bi\u1ebfn \u00e1p su\u1ea5t 20bar Sensys M5256-C3079E-020BG S\u00ea-ri n\u00e0y ph\u00f9 h\u1ee3p \u0111\u1ec3 \u0111o \u00e1p su\u1ea5t ch\u1ea5t l\u1ecfng ho\u1eb7c kh\u00ed, ngay c\u1ea3 \u0111\u1ed1i v\u1edbi c\u00e1c m\u00f4i tr\u01b0\u1eddng kh\u00f3 kh\u0103n nh\u01b0 n\u01b0\u1edbc b\u1ecb \u00f4 nhi\u1ec5m, h\u01a1i n\u01b0\u1edbc v\u00e0 ch\u1ea5t l\u1ecfng \u0103n m\u00f2n&hellip; <\/p>\n","protected":false},"featured_media":4488,"comment_status":"open","ping_status":"closed","template":"","meta":[],"product_cat":[849],"product_tag":[852,851,850],"class_list":{"0":"post-4487","1":"product","2":"type-product","3":"status-publish","4":"has-post-thumbnail","6":"product_cat-sensys","7":"product_tag-cam-bien-ap-suat","8":"product_tag-dai-ly-sensys-viet-nam","9":"product_tag-sensys-viet-nam","11":"first","12":"instock","13":"shipping-taxable","14":"product-type-simple"},"yoast_head":"<!-- This site is optimized with the Yoast SEO plugin v22.8 - https:\/\/yoast.com\/wordpress\/plugins\/seo\/ -->\n<title>SENSYS M5256-C3079E-020BG - OMANI VI\u1ec6T NAM<\/title>\n<meta name=\"description\" content=\"SENSYS M5256-C3079E-020BG pressure transducer\" \/>\n<meta name=\"robots\" content=\"index, follow, max-snippet:-1, max-image-preview:large, max-video-preview:-1\" \/>\n<link rel=\"canonical\" href=\"https:\/\/omanivietnam.com\/index.php\/san-pham\/sensys-m5256-c3079e-020bg\/\" \/>\n<meta property=\"og:locale\" content=\"vi_VN\" \/>\n<meta property=\"og:type\" content=\"article\" \/>\n<meta property=\"og:title\" content=\"SENSYS M5256-C3079E-020BG - OMANI VI\u1ec6T NAM\" \/>\n<meta property=\"og:description\" content=\"SENSYS M5256-C3079E-020BG pressure transducer\" \/>\n<meta property=\"og:url\" content=\"https:\/\/omanivietnam.com\/index.php\/san-pham\/sensys-m5256-c3079e-020bg\/\" \/>\n<meta property=\"og:site_name\" content=\"OMANI VI\u1ec6T NAM\" \/>\n<meta property=\"article:modified_time\" content=\"2025-12-28T09:21:22+00:00\" \/>\n<meta property=\"og:image\" content=\"https:\/\/omanivietnam.com\/wp-content\/uploads\/2025\/10\/M5256-C3079E-020BG.png\" \/>\n\t<meta property=\"og:image:width\" content=\"874\" \/>\n\t<meta property=\"og:image:height\" content=\"951\" \/>\n\t<meta property=\"og:image:type\" content=\"image\/png\" \/>\n<meta name=\"twitter:card\" content=\"summary_large_image\" \/>\n<meta name=\"twitter:label1\" content=\"\u01af\u1edbc t\u00ednh th\u1eddi gian \u0111\u1ecdc\" \/>\n\t<meta name=\"twitter:data1\" content=\"5 ph\u00fat\" \/>\n<script type=\"application\/ld+json\" class=\"yoast-schema-graph\">{\"@context\":\"https:\/\/schema.org\",\"@graph\":[{\"@type\":\"WebPage\",\"@id\":\"https:\/\/omanivietnam.com\/index.php\/san-pham\/sensys-m5256-c3079e-020bg\/\",\"url\":\"https:\/\/omanivietnam.com\/index.php\/san-pham\/sensys-m5256-c3079e-020bg\/\",\"name\":\"SENSYS M5256-C3079E-020BG - OMANI VI\u1ec6T NAM\",\"isPartOf\":{\"@id\":\"https:\/\/omanivietnam.com\/#website\"},\"primaryImageOfPage\":{\"@id\":\"https:\/\/omanivietnam.com\/index.php\/san-pham\/sensys-m5256-c3079e-020bg\/#primaryimage\"},\"image\":{\"@id\":\"https:\/\/omanivietnam.com\/index.php\/san-pham\/sensys-m5256-c3079e-020bg\/#primaryimage\"},\"thumbnailUrl\":\"https:\/\/omanivietnam.com\/wp-content\/uploads\/2025\/10\/M5256-C3079E-020BG.png\",\"datePublished\":\"2025-10-29T14:56:05+00:00\",\"dateModified\":\"2025-12-28T09:21:22+00:00\",\"description\":\"SENSYS M5256-C3079E-020BG pressure transducer\",\"breadcrumb\":{\"@id\":\"https:\/\/omanivietnam.com\/index.php\/san-pham\/sensys-m5256-c3079e-020bg\/#breadcrumb\"},\"inLanguage\":\"vi\",\"potentialAction\":[{\"@type\":\"ReadAction\",\"target\":[\"https:\/\/omanivietnam.com\/index.php\/san-pham\/sensys-m5256-c3079e-020bg\/\"]}]},{\"@type\":\"ImageObject\",\"inLanguage\":\"vi\",\"@id\":\"https:\/\/omanivietnam.com\/index.php\/san-pham\/sensys-m5256-c3079e-020bg\/#primaryimage\",\"url\":\"https:\/\/omanivietnam.com\/wp-content\/uploads\/2025\/10\/M5256-C3079E-020BG.png\",\"contentUrl\":\"https:\/\/omanivietnam.com\/wp-content\/uploads\/2025\/10\/M5256-C3079E-020BG.png\",\"width\":874,\"height\":951},{\"@type\":\"BreadcrumbList\",\"@id\":\"https:\/\/omanivietnam.com\/index.php\/san-pham\/sensys-m5256-c3079e-020bg\/#breadcrumb\",\"itemListElement\":[{\"@type\":\"ListItem\",\"position\":1,\"name\":\"Home\",\"item\":\"https:\/\/omanivietnam.com\/\"},{\"@type\":\"ListItem\",\"position\":2,\"name\":\"S\u1ea2N PH\u1ea8M\",\"item\":\"https:\/\/omanivietnam.com\/index.php\/cua-hang\/\"},{\"@type\":\"ListItem\",\"position\":3,\"name\":\"SENSYS M5256-C3079E-020BG\"}]},{\"@type\":\"WebSite\",\"@id\":\"https:\/\/omanivietnam.com\/#website\",\"url\":\"https:\/\/omanivietnam.com\/\",\"name\":\"OMANI VI\u1ec6T NAM\",\"description\":\"Nh\u00e0 ph\u00e2n ph\u1ed1i thi\u1ebft b\u1ecb kh\u00ed n\u00e9n v\u00e0 thi\u1ebft b\u1ecb t\u1ef1 \u0111\u1ed9ng h\u00f3a trong c\u00f4ng nghi\u1ec7p\",\"publisher\":{\"@id\":\"https:\/\/omanivietnam.com\/#\/schema\/person\/0ad398a980dc3fd696111c2c5c8fa897\"},\"potentialAction\":[{\"@type\":\"SearchAction\",\"target\":{\"@type\":\"EntryPoint\",\"urlTemplate\":\"https:\/\/omanivietnam.com\/?s={search_term_string}\"},\"query-input\":\"required name=search_term_string\"}],\"inLanguage\":\"vi\"},{\"@type\":[\"Person\",\"Organization\"],\"@id\":\"https:\/\/omanivietnam.com\/#\/schema\/person\/0ad398a980dc3fd696111c2c5c8fa897\",\"name\":\"Nguy\u1ec5n V\u0103n Kh\u00e1nh\",\"image\":{\"@type\":\"ImageObject\",\"inLanguage\":\"vi\",\"@id\":\"https:\/\/omanivietnam.com\/#\/schema\/person\/image\/\",\"url\":\"https:\/\/omanivietnam.com\/wp-content\/uploads\/2024\/06\/logo-1024x1024.png\",\"contentUrl\":\"https:\/\/omanivietnam.com\/wp-content\/uploads\/2024\/06\/logo-1024x1024.png\",\"width\":1024,\"height\":1024,\"caption\":\"Nguy\u1ec5n V\u0103n Kh\u00e1nh\"},\"logo\":{\"@id\":\"https:\/\/omanivietnam.com\/#\/schema\/person\/image\/\"},\"sameAs\":[\"https:\/\/omanivietnam.com\"]}]}<\/script>\n<!-- \/ Yoast SEO plugin. -->","yoast_head_json":{"title":"SENSYS M5256-C3079E-020BG - OMANI VI\u1ec6T NAM","description":"SENSYS M5256-C3079E-020BG pressure transducer","robots":{"index":"index","follow":"follow","max-snippet":"max-snippet:-1","max-image-preview":"max-image-preview:large","max-video-preview":"max-video-preview:-1"},"canonical":"https:\/\/omanivietnam.com\/index.php\/san-pham\/sensys-m5256-c3079e-020bg\/","og_locale":"vi_VN","og_type":"article","og_title":"SENSYS M5256-C3079E-020BG - OMANI VI\u1ec6T NAM","og_description":"SENSYS M5256-C3079E-020BG pressure transducer","og_url":"https:\/\/omanivietnam.com\/index.php\/san-pham\/sensys-m5256-c3079e-020bg\/","og_site_name":"OMANI VI\u1ec6T NAM","article_modified_time":"2025-12-28T09:21:22+00:00","og_image":[{"width":874,"height":951,"url":"https:\/\/omanivietnam.com\/wp-content\/uploads\/2025\/10\/M5256-C3079E-020BG.png","type":"image\/png"}],"twitter_card":"summary_large_image","twitter_misc":{"\u01af\u1edbc t\u00ednh th\u1eddi gian \u0111\u1ecdc":"5 ph\u00fat"},"schema":{"@context":"https:\/\/schema.org","@graph":[{"@type":"WebPage","@id":"https:\/\/omanivietnam.com\/index.php\/san-pham\/sensys-m5256-c3079e-020bg\/","url":"https:\/\/omanivietnam.com\/index.php\/san-pham\/sensys-m5256-c3079e-020bg\/","name":"SENSYS M5256-C3079E-020BG - OMANI VI\u1ec6T NAM","isPartOf":{"@id":"https:\/\/omanivietnam.com\/#website"},"primaryImageOfPage":{"@id":"https:\/\/omanivietnam.com\/index.php\/san-pham\/sensys-m5256-c3079e-020bg\/#primaryimage"},"image":{"@id":"https:\/\/omanivietnam.com\/index.php\/san-pham\/sensys-m5256-c3079e-020bg\/#primaryimage"},"thumbnailUrl":"https:\/\/omanivietnam.com\/wp-content\/uploads\/2025\/10\/M5256-C3079E-020BG.png","datePublished":"2025-10-29T14:56:05+00:00","dateModified":"2025-12-28T09:21:22+00:00","description":"SENSYS M5256-C3079E-020BG pressure transducer","breadcrumb":{"@id":"https:\/\/omanivietnam.com\/index.php\/san-pham\/sensys-m5256-c3079e-020bg\/#breadcrumb"},"inLanguage":"vi","potentialAction":[{"@type":"ReadAction","target":["https:\/\/omanivietnam.com\/index.php\/san-pham\/sensys-m5256-c3079e-020bg\/"]}]},{"@type":"ImageObject","inLanguage":"vi","@id":"https:\/\/omanivietnam.com\/index.php\/san-pham\/sensys-m5256-c3079e-020bg\/#primaryimage","url":"https:\/\/omanivietnam.com\/wp-content\/uploads\/2025\/10\/M5256-C3079E-020BG.png","contentUrl":"https:\/\/omanivietnam.com\/wp-content\/uploads\/2025\/10\/M5256-C3079E-020BG.png","width":874,"height":951},{"@type":"BreadcrumbList","@id":"https:\/\/omanivietnam.com\/index.php\/san-pham\/sensys-m5256-c3079e-020bg\/#breadcrumb","itemListElement":[{"@type":"ListItem","position":1,"name":"Home","item":"https:\/\/omanivietnam.com\/"},{"@type":"ListItem","position":2,"name":"S\u1ea2N PH\u1ea8M","item":"https:\/\/omanivietnam.com\/index.php\/cua-hang\/"},{"@type":"ListItem","position":3,"name":"SENSYS M5256-C3079E-020BG"}]},{"@type":"WebSite","@id":"https:\/\/omanivietnam.com\/#website","url":"https:\/\/omanivietnam.com\/","name":"OMANI VI\u1ec6T NAM","description":"Nh\u00e0 ph\u00e2n ph\u1ed1i thi\u1ebft b\u1ecb kh\u00ed n\u00e9n v\u00e0 thi\u1ebft b\u1ecb t\u1ef1 \u0111\u1ed9ng h\u00f3a trong c\u00f4ng nghi\u1ec7p","publisher":{"@id":"https:\/\/omanivietnam.com\/#\/schema\/person\/0ad398a980dc3fd696111c2c5c8fa897"},"potentialAction":[{"@type":"SearchAction","target":{"@type":"EntryPoint","urlTemplate":"https:\/\/omanivietnam.com\/?s={search_term_string}"},"query-input":"required name=search_term_string"}],"inLanguage":"vi"},{"@type":["Person","Organization"],"@id":"https:\/\/omanivietnam.com\/#\/schema\/person\/0ad398a980dc3fd696111c2c5c8fa897","name":"Nguy\u1ec5n V\u0103n Kh\u00e1nh","image":{"@type":"ImageObject","inLanguage":"vi","@id":"https:\/\/omanivietnam.com\/#\/schema\/person\/image\/","url":"https:\/\/omanivietnam.com\/wp-content\/uploads\/2024\/06\/logo-1024x1024.png","contentUrl":"https:\/\/omanivietnam.com\/wp-content\/uploads\/2024\/06\/logo-1024x1024.png","width":1024,"height":1024,"caption":"Nguy\u1ec5n V\u0103n Kh\u00e1nh"},"logo":{"@id":"https:\/\/omanivietnam.com\/#\/schema\/person\/image\/"},"sameAs":["https:\/\/omanivietnam.com"]}]}},"_links":{"self":[{"href":"https:\/\/omanivietnam.com\/index.php\/wp-json\/wp\/v2\/product\/4487","targetHints":{"allow":["GET"]}}],"collection":[{"href":"https:\/\/omanivietnam.com\/index.php\/wp-json\/wp\/v2\/product"}],"about":[{"href":"https:\/\/omanivietnam.com\/index.php\/wp-json\/wp\/v2\/types\/product"}],"replies":[{"embeddable":true,"href":"https:\/\/omanivietnam.com\/index.php\/wp-json\/wp\/v2\/comments?post=4487"}],"wp:featuredmedia":[{"embeddable":true,"href":"https:\/\/omanivietnam.com\/index.php\/wp-json\/wp\/v2\/media\/4488"}],"wp:attachment":[{"href":"https:\/\/omanivietnam.com\/index.php\/wp-json\/wp\/v2\/media?parent=4487"}],"wp:term":[{"taxonomy":"product_cat","embeddable":true,"href":"https:\/\/omanivietnam.com\/index.php\/wp-json\/wp\/v2\/product_cat?post=4487"},{"taxonomy":"product_tag","embeddable":true,"href":"https:\/\/omanivietnam.com\/index.php\/wp-json\/wp\/v2\/product_tag?post=4487"}],"curies":[{"name":"wp","href":"https:\/\/api.w.org\/{rel}","templated":true}]}}