{"id":4493,"date":"2025-10-31T15:43:39","date_gmt":"2025-10-31T08:43:39","guid":{"rendered":"https:\/\/omanivietnam.com\/?post_type=product&#038;p=4493"},"modified":"2025-10-31T17:55:05","modified_gmt":"2025-10-31T10:55:05","slug":"aventics-r415001307","status":"publish","type":"product","link":"https:\/\/omanivietnam.com\/index.php\/san-pham\/aventics-r415001307\/","title":{"rendered":"AVENTICS R415001307"},"content":{"rendered":"<p>AVENTICS R415001307<\/p>\n<p>R490104108 R415001307 R416001418 0820043085 Aventics<\/p>\n<p><strong>Van kh\u00ed n\u00e9n Aventics &#8211; Van \u0111i\u1ec1u khi\u1ec3n h\u01b0\u1edbng Aventics<\/strong>\u00a0\u0111\u1ee9ng \u0111\u1ea7u v\u1ec1 hi\u1ec7u qu\u1ea3 cho c\u00e1c nhi\u1ec7m v\u1ee5 t\u1ef1 \u0111\u1ed9ng h\u00f3a \u0111\u00f2i h\u1ecfi kh\u1eaft khe nh\u1ea5t. C\u00f4ng ngh\u1ec7 m\u00f4-\u0111un c\u1ee7a ch\u00fang t\u00f4i c\u00f3 th\u1ec3 th\u00edch \u1ee9ng v\u1edbi nhu c\u1ea7u kinh doanh \u0111ang thay \u0111\u1ed5i c\u1ee7a b\u1ea1n v\u00e0 c\u00e1c y\u00eau c\u1ea7u v\u1ec1 hi\u1ec7u su\u1ea5t ng\u00e0y c\u00e0ng t\u0103ng. \u0110\u01b0\u1ee3c h\u1ed7 tr\u1ee3 b\u1edfi nhi\u1ec1u t\u00f9y ch\u1ecdn k\u1ebft n\u1ed1i c\u0169ng nh\u01b0 c\u00e1c ph\u1ee5 ki\u1ec7n ch\u1ee9c n\u0103ng, danh m\u1ee5c \u0111\u1ea7u t\u01b0 c\u1ee7a ch\u00fang t\u00f4i cung c\u1ea5p gi\u1ea3i ph\u00e1p ph\u00f9 h\u1ee3p cho c\u00e1c \u1ee9ng d\u1ee5ng t\u1ef1 \u0111\u1ed9ng h\u00f3a trong ng\u00e0nh \u00f4 t\u00f4, th\u1ef1c ph\u1ea9m\/\u0111\u1ed3 u\u1ed1ng, bao b\u00ec v\u00e0 nhi\u1ec1u ng\u00e0nh kh\u00e1c.<\/p>\n<p>Aventics Valves l\u00e0 chuy\u00ean gia v\u1ec1 c\u00e1c d\u00f2ng s\u1ea3n ph\u1ea9m nh\u01b0:\u00a0<em>Van kh\u00ed n\u00e9n Aventics, Van \u0111i\u1ec1u khi\u1ec3n h\u01b0\u1edbng Aventics, Van an to\u00e0n Aventics, Van \u0111\u1ecbnh h\u01b0\u1edbng Aventics, Van l\u01b0u l\u01b0\u1ee3ng Aventics, Van ki\u1ec3m tra Aventics, <strong>Van \u00e1p su\u1ea5t Aventics<\/strong>\u2026<\/em><\/p>\n<p><strong>Omani<\/strong>\u00a0t\u1ef1 h\u00e0o l\u00e0 \u0111\u01a1n v\u1ecb chuy\u00ean cung c\u1ea5p\u00a0<strong>Van kh\u00ed n\u00e9n Aventics &#8211; Van \u0111i\u1ec1u khi\u1ec3n h\u01b0\u1edbng Aventics t\u1ea1i Vi\u1ec7t Nam<\/strong><\/p>\n<p>N\u1ebfu b\u1ea1n quan t\u00e2m \u0111\u1ebfn c\u00e1c d\u00f2ng s\u1ea3n ph\u1ea9m nh\u01b0\u00a0<strong>Van thu\u1ef7 l\u1ef1c Aventics<\/strong>,\u00a0<strong>Xi lanh kh\u00ed n\u00e9n Aventics<\/strong>, h\u00e3y li\u00ean h\u1ec7 ngay v\u1edbi ch\u00fang t\u00f4i \u0111\u1ec3 \u0111\u01b0\u1ee3c t\u01b0 v\u1ea5n v\u1ec1 k\u0129 thu\u1eadt c\u0169ng nh\u01b0 ch\u1ea5t l\u01b0\u1ee3ng v\u00e0 gi\u00e1 c\u1ea3 s\u1ea3n ph\u1ea9m t\u1ed1t nh\u1ea5t.<\/p>\n<p>Model c\u00e1c d\u00f2ng s\u1ea3n ph\u1ea9m chuy\u00ean s\u1eed d\u1ee5ng:<\/p>\n<table border=\"0\" cellspacing=\"0\" cellpadding=\"0\">\n<tbody>\n<tr>\n<td>R901102778<\/td>\n<td>EC160-3875-5<\/td>\n<\/tr>\n<tr>\n<td>R901269278<\/td>\n<td>HED 8 OA-2X\/350K14S<\/td>\n<\/tr>\n<tr>\n<td>R901278744<\/td>\n<td>ABZMS-41-1X\/0370\/M2\/AC-K14<\/td>\n<\/tr>\n<tr>\n<td>R901278761<\/td>\n<td>4WE 10 J5X\/EG24N9K4\/M<\/td>\n<\/tr>\n<tr>\n<td>R901278762<\/td>\n<td>4WE 10 E5X\/EG24N9K4\/M<\/td>\n<\/tr>\n<tr>\n<td>R901342033<\/td>\n<td>4WE 10 H5X\/EG24N9K4\/M<\/td>\n<\/tr>\n<tr>\n<td>R901362425<\/td>\n<td>HM 20-2X\/400-C-K35<\/td>\n<\/tr>\n<tr>\n<td>R901364927<\/td>\n<td>4WP10H5X\/\/M<\/td>\n<\/tr>\n<tr>\n<td>R901368303<\/td>\n<td>HM 20-2X\/010-C-K35-N<\/td>\n<\/tr>\n<tr>\n<td>R901435301<\/td>\n<td>LODO-XDN (ALSO A SUN VALVE)<\/td>\n<\/tr>\n<tr>\n<td>R901454046<\/td>\n<td>HAB2,5-350-6X\/0G07G-2N111-CE<\/td>\n<\/tr>\n<tr>\n<td>R901483258<\/td>\n<td>S6A05-1X\/450J3<\/td>\n<\/tr>\n<tr>\n<td>R901509295<\/td>\n<td>Z3DRE10VP2-1X\/315XLG24K4M<\/td>\n<\/tr>\n<tr>\n<td>R901515863<\/td>\n<td>4SEC 6 E2X\/G24N9K4<\/td>\n<\/tr>\n<tr>\n<td>R902002305<\/td>\n<td>S 30 A05-1X = 420J3<\/td>\n<\/tr>\n<tr>\n<td>R902002386<\/td>\n<td>A6VM160XX\/63W<\/td>\n<\/tr>\n<tr>\n<td>R902002395<\/td>\n<td>TW A4VG28 or A10VG28<\/td>\n<\/tr>\n<tr>\n<td>R902002438<\/td>\n<td>A4VG28-71EPHDDAEZ<\/td>\n<\/tr>\n<tr>\n<td>R902002445<\/td>\n<td>A10VG28\/10<\/td>\n<\/tr>\n<tr>\n<td>R902002448<\/td>\n<td>A10VG28-45\/10<\/td>\n<\/tr>\n<tr>\n<td>R902095560<\/td>\n<td>A10VG28-45\/10<\/td>\n<\/tr>\n<tr>\n<td>R902437728<\/td>\n<td>Seal Kit A10VG28HD\/EP\/EZ\/DA<\/td>\n<\/tr>\n<tr>\n<td>R902477271<\/td>\n<td>A10V 71R<\/td>\n<\/tr>\n<tr>\n<td>R902538601<\/td>\n<td>AL A10VSO140 DRS\/32R-VPB22U99<\/td>\n<\/tr>\n<tr>\n<td>R902549179<\/td>\n<td>A10VO 18<\/td>\n<\/tr>\n<tr>\n<td>R910923181<\/td>\n<td>A A4VSO 71 DP \/10R-VPB13N00 -SO109<\/td>\n<\/tr>\n<tr>\n<td>R911312547<\/td>\n<td>A10V O 28 DFR1\/31R-PSC62K01<\/td>\n<\/tr>\n<tr>\n<td>R913014726<\/td>\n<td>RLS1301\/C03<\/td>\n<\/tr>\n<tr>\n<td>R928005837<\/td>\n<td>ISO4762-M20X60-10.9<\/td>\n<\/tr>\n<tr>\n<td>R928006917<\/td>\n<td>1.0040 PWR10-A00-0-M<\/td>\n<\/tr>\n<tr>\n<td>R928010626<\/td>\n<td>2.0040 PWR10-A00-0-M<\/td>\n<\/tr>\n<tr>\n<td>R928019035<\/td>\n<td>2.0400 G25-A0V-0-M<\/td>\n<\/tr>\n<tr>\n<td>R961000697<\/td>\n<td>10.165LA PWR-10-A00-6-M SO3000<\/td>\n<\/tr>\n<tr>\n<td>R961001430<\/td>\n<td>ZDR 10 DA\/DB\/DP.-5X\/<\/td>\n<\/tr>\n<tr>\n<td>R961005669<\/td>\n<td>DBA.25.-2X\/<\/td>\n<\/tr>\n<tr>\n<td>R961007443<\/td>\n<td>Z2SS22.-5X\/<\/td>\n<\/tr>\n<tr>\n<td>R961007445<\/td>\n<td>DBD.10 K1C\/<\/td>\n<\/tr>\n<tr>\n<td>R939002349<\/td>\n<td>DBD.20 K1C\/<\/td>\n<\/tr>\n<tr>\n<td>R939002356<\/td>\n<td>R939002349 CA 50-210 NBR<\/td>\n<\/tr>\n<tr>\n<td>R939002786<\/td>\n<td>R939002356 CA 100\/140<\/td>\n<\/tr>\n<tr>\n<td>R939003924<\/td>\n<td>R939002786 PPS 200x230x10 NBR<\/td>\n<\/tr>\n<tr>\n<td>R939003930<\/td>\n<td>R939003924 CA 50-210<\/td>\n<\/tr>\n<tr>\n<td>R939004178<\/td>\n<td>R939003930 PPS 185x205x10 NBR<\/td>\n<\/tr>\n<tr>\n<td>R939004179<\/td>\n<td>R939004178 CA<\/td>\n<\/tr>\n<tr>\n<td>R939004728<\/td>\n<td>R939004179 CA<\/td>\n<\/tr>\n<tr>\n<td>R939004729<\/td>\n<td>R939004728 CA 50\/70<\/td>\n<\/tr>\n<tr>\n<td>785-7TN1A<\/td>\n<td>R939004729 CA 100\/40<\/td>\n<\/tr>\n<tr>\n<td>DC090-2500-2<\/td>\n<td>785-7TN1A<\/td>\n<\/tr>\n<tr>\n<td>EC003-1040CI<\/td>\n<td>DC090-2500-2<\/td>\n<\/tr>\n<tr>\n<td>EC003C-5480-DR<\/td>\n<td>EC003-1040CI<\/td>\n<\/tr>\n<tr>\n<td>EC003C-5480<\/td>\n<td>EC003C-5480-DR<\/td>\n<\/tr>\n<tr>\n<td>EC080-1425-1<\/td>\n<td>EC003C-5480<\/td>\n<\/tr>\n<tr>\n<td>EC080-3875-1<\/td>\n<td>EC080-1425-1<\/td>\n<\/tr>\n<tr>\n<td>EC100-1425-2<\/td>\n<td>EC080-3875-1<\/td>\n<\/tr>\n<tr>\n<td>EC100-3875-2<\/td>\n<td>EC100-1425-2<\/td>\n<\/tr>\n<tr>\n<td>EC120-1425-3<\/td>\n<td>EC100-3875-2<\/td>\n<\/tr>\n<tr>\n<td>EC120-3875-3<\/td>\n<td>EC120-1425-3<\/td>\n<\/tr>\n<tr>\n<td>EC140-1425-4<\/td>\n<td>EC120-3875-3<\/td>\n<\/tr>\n<tr>\n<td>EC140-1808-4<\/td>\n<td>EC140-1425-4<\/td>\n<\/tr>\n<tr>\n<td>EC140-3875-4<\/td>\n<td>EC140-1808-4<\/td>\n<\/tr>\n<tr>\n<td>EC160-1425-5<\/td>\n<td>EC140-3875-4<\/td>\n<\/tr>\n<tr>\n<td>EC160-3875-5<\/td>\n<td>EC160-1425-5<\/td>\n<\/tr>\n<\/tbody>\n<\/table>\n","protected":false},"excerpt":{"rendered":"<p>AVENTICS R415001307 R490104108 R415001307 R416001418 0820043085 Aventics Van kh\u00ed n\u00e9n Aventics &#8211; Van \u0111i\u1ec1u khi\u1ec3n h\u01b0\u1edbng Aventics\u00a0\u0111\u1ee9ng \u0111\u1ea7u v\u1ec1 hi\u1ec7u qu\u1ea3 cho c\u00e1c nhi\u1ec7m v\u1ee5 t\u1ef1 \u0111\u1ed9ng h\u00f3a \u0111\u00f2i h\u1ecfi kh\u1eaft khe nh\u1ea5t. C\u00f4ng ngh\u1ec7 m\u00f4-\u0111un c\u1ee7a ch\u00fang t\u00f4i c\u00f3 th\u1ec3 th\u00edch \u1ee9ng v\u1edbi nhu c\u1ea7u kinh doanh \u0111ang thay&hellip; <\/p>\n","protected":false},"featured_media":4494,"comment_status":"open","ping_status":"closed","template":"","meta":[],"product_cat":[303],"product_tag":[264,265,451],"class_list":{"0":"post-4493","1":"product","2":"type-product","3":"status-publish","4":"has-post-thumbnail","6":"product_cat-aventics","7":"product_tag-aventics-viet-nam","8":"product_tag-dai-ly-aventics-viet-nam","9":"product_tag-van","11":"first","12":"instock","13":"shipping-taxable","14":"product-type-simple"},"yoast_head":"<!-- This site is optimized with the Yoast SEO plugin v22.8 - https:\/\/yoast.com\/wordpress\/plugins\/seo\/ -->\n<title>AVENTICS R415001307 - OMANI VI\u1ec6T NAM<\/title>\n<meta name=\"description\" content=\"AVENTICS R415001307 Valve\" \/>\n<meta name=\"robots\" content=\"index, follow, max-snippet:-1, max-image-preview:large, max-video-preview:-1\" \/>\n<link rel=\"canonical\" href=\"https:\/\/omanivietnam.com\/index.php\/san-pham\/aventics-r415001307\/\" \/>\n<meta property=\"og:locale\" content=\"vi_VN\" \/>\n<meta property=\"og:type\" content=\"article\" \/>\n<meta property=\"og:title\" content=\"AVENTICS R415001307 - OMANI VI\u1ec6T NAM\" \/>\n<meta property=\"og:description\" content=\"AVENTICS R415001307 Valve\" \/>\n<meta property=\"og:url\" content=\"https:\/\/omanivietnam.com\/index.php\/san-pham\/aventics-r415001307\/\" \/>\n<meta property=\"og:site_name\" content=\"OMANI VI\u1ec6T NAM\" \/>\n<meta property=\"article:modified_time\" content=\"2025-10-31T10:55:05+00:00\" \/>\n<meta property=\"og:image\" content=\"https:\/\/omanivietnam.com\/wp-content\/uploads\/2025\/10\/R415001307.png\" \/>\n\t<meta property=\"og:image:width\" content=\"926\" \/>\n\t<meta property=\"og:image:height\" content=\"931\" \/>\n\t<meta property=\"og:image:type\" content=\"image\/png\" \/>\n<meta name=\"twitter:card\" content=\"summary_large_image\" \/>\n<meta name=\"twitter:label1\" content=\"\u01af\u1edbc t\u00ednh th\u1eddi gian \u0111\u1ecdc\" \/>\n\t<meta name=\"twitter:data1\" content=\"3 ph\u00fat\" \/>\n<script type=\"application\/ld+json\" class=\"yoast-schema-graph\">{\"@context\":\"https:\/\/schema.org\",\"@graph\":[{\"@type\":\"WebPage\",\"@id\":\"https:\/\/omanivietnam.com\/index.php\/san-pham\/aventics-r415001307\/\",\"url\":\"https:\/\/omanivietnam.com\/index.php\/san-pham\/aventics-r415001307\/\",\"name\":\"AVENTICS R415001307 - OMANI VI\u1ec6T NAM\",\"isPartOf\":{\"@id\":\"https:\/\/omanivietnam.com\/#website\"},\"primaryImageOfPage\":{\"@id\":\"https:\/\/omanivietnam.com\/index.php\/san-pham\/aventics-r415001307\/#primaryimage\"},\"image\":{\"@id\":\"https:\/\/omanivietnam.com\/index.php\/san-pham\/aventics-r415001307\/#primaryimage\"},\"thumbnailUrl\":\"https:\/\/omanivietnam.com\/wp-content\/uploads\/2025\/10\/R415001307.png\",\"datePublished\":\"2025-10-31T08:43:39+00:00\",\"dateModified\":\"2025-10-31T10:55:05+00:00\",\"description\":\"AVENTICS R415001307 Valve\",\"breadcrumb\":{\"@id\":\"https:\/\/omanivietnam.com\/index.php\/san-pham\/aventics-r415001307\/#breadcrumb\"},\"inLanguage\":\"vi\",\"potentialAction\":[{\"@type\":\"ReadAction\",\"target\":[\"https:\/\/omanivietnam.com\/index.php\/san-pham\/aventics-r415001307\/\"]}]},{\"@type\":\"ImageObject\",\"inLanguage\":\"vi\",\"@id\":\"https:\/\/omanivietnam.com\/index.php\/san-pham\/aventics-r415001307\/#primaryimage\",\"url\":\"https:\/\/omanivietnam.com\/wp-content\/uploads\/2025\/10\/R415001307.png\",\"contentUrl\":\"https:\/\/omanivietnam.com\/wp-content\/uploads\/2025\/10\/R415001307.png\",\"width\":926,\"height\":931},{\"@type\":\"BreadcrumbList\",\"@id\":\"https:\/\/omanivietnam.com\/index.php\/san-pham\/aventics-r415001307\/#breadcrumb\",\"itemListElement\":[{\"@type\":\"ListItem\",\"position\":1,\"name\":\"Home\",\"item\":\"https:\/\/omanivietnam.com\/\"},{\"@type\":\"ListItem\",\"position\":2,\"name\":\"S\u1ea2N PH\u1ea8M\",\"item\":\"https:\/\/omanivietnam.com\/index.php\/cua-hang\/\"},{\"@type\":\"ListItem\",\"position\":3,\"name\":\"AVENTICS R415001307\"}]},{\"@type\":\"WebSite\",\"@id\":\"https:\/\/omanivietnam.com\/#website\",\"url\":\"https:\/\/omanivietnam.com\/\",\"name\":\"OMANI VI\u1ec6T NAM\",\"description\":\"Nh\u00e0 ph\u00e2n ph\u1ed1i thi\u1ebft b\u1ecb kh\u00ed n\u00e9n v\u00e0 thi\u1ebft b\u1ecb t\u1ef1 \u0111\u1ed9ng h\u00f3a trong c\u00f4ng nghi\u1ec7p\",\"publisher\":{\"@id\":\"https:\/\/omanivietnam.com\/#\/schema\/person\/0ad398a980dc3fd696111c2c5c8fa897\"},\"potentialAction\":[{\"@type\":\"SearchAction\",\"target\":{\"@type\":\"EntryPoint\",\"urlTemplate\":\"https:\/\/omanivietnam.com\/?s={search_term_string}\"},\"query-input\":\"required name=search_term_string\"}],\"inLanguage\":\"vi\"},{\"@type\":[\"Person\",\"Organization\"],\"@id\":\"https:\/\/omanivietnam.com\/#\/schema\/person\/0ad398a980dc3fd696111c2c5c8fa897\",\"name\":\"Nguy\u1ec5n V\u0103n Kh\u00e1nh\",\"image\":{\"@type\":\"ImageObject\",\"inLanguage\":\"vi\",\"@id\":\"https:\/\/omanivietnam.com\/#\/schema\/person\/image\/\",\"url\":\"https:\/\/omanivietnam.com\/wp-content\/uploads\/2024\/06\/logo-1024x1024.png\",\"contentUrl\":\"https:\/\/omanivietnam.com\/wp-content\/uploads\/2024\/06\/logo-1024x1024.png\",\"width\":1024,\"height\":1024,\"caption\":\"Nguy\u1ec5n V\u0103n Kh\u00e1nh\"},\"logo\":{\"@id\":\"https:\/\/omanivietnam.com\/#\/schema\/person\/image\/\"},\"sameAs\":[\"https:\/\/omanivietnam.com\"]}]}<\/script>\n<!-- \/ Yoast SEO plugin. -->","yoast_head_json":{"title":"AVENTICS R415001307 - OMANI VI\u1ec6T NAM","description":"AVENTICS R415001307 Valve","robots":{"index":"index","follow":"follow","max-snippet":"max-snippet:-1","max-image-preview":"max-image-preview:large","max-video-preview":"max-video-preview:-1"},"canonical":"https:\/\/omanivietnam.com\/index.php\/san-pham\/aventics-r415001307\/","og_locale":"vi_VN","og_type":"article","og_title":"AVENTICS R415001307 - OMANI VI\u1ec6T NAM","og_description":"AVENTICS R415001307 Valve","og_url":"https:\/\/omanivietnam.com\/index.php\/san-pham\/aventics-r415001307\/","og_site_name":"OMANI VI\u1ec6T NAM","article_modified_time":"2025-10-31T10:55:05+00:00","og_image":[{"width":926,"height":931,"url":"https:\/\/omanivietnam.com\/wp-content\/uploads\/2025\/10\/R415001307.png","type":"image\/png"}],"twitter_card":"summary_large_image","twitter_misc":{"\u01af\u1edbc t\u00ednh th\u1eddi gian \u0111\u1ecdc":"3 ph\u00fat"},"schema":{"@context":"https:\/\/schema.org","@graph":[{"@type":"WebPage","@id":"https:\/\/omanivietnam.com\/index.php\/san-pham\/aventics-r415001307\/","url":"https:\/\/omanivietnam.com\/index.php\/san-pham\/aventics-r415001307\/","name":"AVENTICS R415001307 - OMANI VI\u1ec6T NAM","isPartOf":{"@id":"https:\/\/omanivietnam.com\/#website"},"primaryImageOfPage":{"@id":"https:\/\/omanivietnam.com\/index.php\/san-pham\/aventics-r415001307\/#primaryimage"},"image":{"@id":"https:\/\/omanivietnam.com\/index.php\/san-pham\/aventics-r415001307\/#primaryimage"},"thumbnailUrl":"https:\/\/omanivietnam.com\/wp-content\/uploads\/2025\/10\/R415001307.png","datePublished":"2025-10-31T08:43:39+00:00","dateModified":"2025-10-31T10:55:05+00:00","description":"AVENTICS R415001307 Valve","breadcrumb":{"@id":"https:\/\/omanivietnam.com\/index.php\/san-pham\/aventics-r415001307\/#breadcrumb"},"inLanguage":"vi","potentialAction":[{"@type":"ReadAction","target":["https:\/\/omanivietnam.com\/index.php\/san-pham\/aventics-r415001307\/"]}]},{"@type":"ImageObject","inLanguage":"vi","@id":"https:\/\/omanivietnam.com\/index.php\/san-pham\/aventics-r415001307\/#primaryimage","url":"https:\/\/omanivietnam.com\/wp-content\/uploads\/2025\/10\/R415001307.png","contentUrl":"https:\/\/omanivietnam.com\/wp-content\/uploads\/2025\/10\/R415001307.png","width":926,"height":931},{"@type":"BreadcrumbList","@id":"https:\/\/omanivietnam.com\/index.php\/san-pham\/aventics-r415001307\/#breadcrumb","itemListElement":[{"@type":"ListItem","position":1,"name":"Home","item":"https:\/\/omanivietnam.com\/"},{"@type":"ListItem","position":2,"name":"S\u1ea2N PH\u1ea8M","item":"https:\/\/omanivietnam.com\/index.php\/cua-hang\/"},{"@type":"ListItem","position":3,"name":"AVENTICS R415001307"}]},{"@type":"WebSite","@id":"https:\/\/omanivietnam.com\/#website","url":"https:\/\/omanivietnam.com\/","name":"OMANI VI\u1ec6T NAM","description":"Nh\u00e0 ph\u00e2n ph\u1ed1i thi\u1ebft b\u1ecb kh\u00ed n\u00e9n v\u00e0 thi\u1ebft b\u1ecb t\u1ef1 \u0111\u1ed9ng h\u00f3a trong c\u00f4ng nghi\u1ec7p","publisher":{"@id":"https:\/\/omanivietnam.com\/#\/schema\/person\/0ad398a980dc3fd696111c2c5c8fa897"},"potentialAction":[{"@type":"SearchAction","target":{"@type":"EntryPoint","urlTemplate":"https:\/\/omanivietnam.com\/?s={search_term_string}"},"query-input":"required name=search_term_string"}],"inLanguage":"vi"},{"@type":["Person","Organization"],"@id":"https:\/\/omanivietnam.com\/#\/schema\/person\/0ad398a980dc3fd696111c2c5c8fa897","name":"Nguy\u1ec5n V\u0103n Kh\u00e1nh","image":{"@type":"ImageObject","inLanguage":"vi","@id":"https:\/\/omanivietnam.com\/#\/schema\/person\/image\/","url":"https:\/\/omanivietnam.com\/wp-content\/uploads\/2024\/06\/logo-1024x1024.png","contentUrl":"https:\/\/omanivietnam.com\/wp-content\/uploads\/2024\/06\/logo-1024x1024.png","width":1024,"height":1024,"caption":"Nguy\u1ec5n V\u0103n Kh\u00e1nh"},"logo":{"@id":"https:\/\/omanivietnam.com\/#\/schema\/person\/image\/"},"sameAs":["https:\/\/omanivietnam.com"]}]}},"_links":{"self":[{"href":"https:\/\/omanivietnam.com\/index.php\/wp-json\/wp\/v2\/product\/4493","targetHints":{"allow":["GET"]}}],"collection":[{"href":"https:\/\/omanivietnam.com\/index.php\/wp-json\/wp\/v2\/product"}],"about":[{"href":"https:\/\/omanivietnam.com\/index.php\/wp-json\/wp\/v2\/types\/product"}],"replies":[{"embeddable":true,"href":"https:\/\/omanivietnam.com\/index.php\/wp-json\/wp\/v2\/comments?post=4493"}],"wp:featuredmedia":[{"embeddable":true,"href":"https:\/\/omanivietnam.com\/index.php\/wp-json\/wp\/v2\/media\/4494"}],"wp:attachment":[{"href":"https:\/\/omanivietnam.com\/index.php\/wp-json\/wp\/v2\/media?parent=4493"}],"wp:term":[{"taxonomy":"product_cat","embeddable":true,"href":"https:\/\/omanivietnam.com\/index.php\/wp-json\/wp\/v2\/product_cat?post=4493"},{"taxonomy":"product_tag","embeddable":true,"href":"https:\/\/omanivietnam.com\/index.php\/wp-json\/wp\/v2\/product_tag?post=4493"}],"curies":[{"name":"wp","href":"https:\/\/api.w.org\/{rel}","templated":true}]}}