{"id":4497,"date":"2025-11-02T16:03:18","date_gmt":"2025-11-02T09:03:18","guid":{"rendered":"https:\/\/omanivietnam.com\/?post_type=product&#038;p=4497"},"modified":"2025-11-02T16:08:34","modified_gmt":"2025-11-02T09:08:34","slug":"koganei-orv40x350","status":"publish","type":"product","link":"https:\/\/omanivietnam.com\/index.php\/san-pham\/koganei-orv40x350\/","title":{"rendered":"KOGANEI ORV40X350"},"content":{"rendered":"<p>KOGANEI ORV40X350<\/p>\n<p>Xy lanh kh\u00ed Koganei ORV, ORV16,\u00a0ORV\u00a020, ORV25, ORV32,\u00a0ORV 40,\u00a0ORV\u00a050<\/p>\n<p>Series: ORV16 ORV20 ORV25 ORV32 ORV40 ORV50<\/p>\n<table class=\"m-table\" border=\"1\" cellspacing=\"0\">\n<thead>\n<tr>\n<th>ORV16<\/th>\n<th>ORV20<\/th>\n<th>ORV25<\/th>\n<th>ORV32<\/th>\n<th>ORV40<\/th>\n<th>ORV50<\/th>\n<\/tr>\n<\/thead>\n<tbody>\n<tr>\n<th>\u0110\u01b0\u1eddng k\u00ednh xi lanh t\u01b0\u01a1ng \u0111\u01b0\u01a1ng<\/th>\n<th>mm<\/th>\n<td>16<\/td>\n<td>20<\/td>\n<td>hai m\u01b0\u01a1i l\u0103m<\/td>\n<td>32<\/td>\n<td>40<\/td>\n<td>50<\/td>\n<\/tr>\n<tr>\n<th>ch\u1ea5t l\u1ecfng l\u00e0m vi\u1ec7c<\/th>\n<td colspan=\"6\">L\u01b0u \u00fd kh\u00f4ng kh\u00ed\u00a0<sup>1<\/sup><\/td>\n<\/tr>\n<tr>\n<th>Ph\u01b0\u01a1ng th\u1ee9c ho\u1ea1t \u0111\u1ed9ng<\/th>\n<td colspan=\"6\">T\u00e1c \u0111\u1ed9ng k\u00e9p<\/td>\n<\/tr>\n<tr>\n<th>Ph\u1ea1m vi \u00e1p su\u1ea5t l\u00e0m vi\u1ec7c<\/th>\n<th>MPa<\/th>\n<td colspan=\"6\">0,15 \u0111\u1ebfn 0,8<\/td>\n<\/tr>\n<tr>\n<th>\u0110\u1ea3m b\u1ea3o ch\u1ecbu \u0111\u01b0\u1ee3c \u00e1p l\u1ef1c<\/th>\n<th>MPa<\/th>\n<td colspan=\"6\">1.2<\/td>\n<\/tr>\n<tr>\n<th>gi\u1edbi h\u1ea1n nhi\u1ec7t \u0111\u1ed9 ho\u1ea1t \u0111\u1ed9ng<\/th>\n<th>\u2103<\/th>\n<td colspan=\"6\">0 \u0111\u1ebfn +60<\/td>\n<\/tr>\n<tr>\n<th>ph\u1ea1m vi t\u1ed1c \u0111\u1ed9 ho\u1ea1t \u0111\u1ed9ng<\/th>\n<th>mm\/gi\u00e2y<\/th>\n<td colspan=\"6\">Cao su c\u1ea3n 80-500, 80-800 c\u00f3 gi\u1ea3m s\u00f3c<\/td>\n<\/tr>\n<tr>\n<th>c\u00e1i \u0111\u1ec7m<\/th>\n<th>ti\u00eau chu\u1ea9n<\/th>\n<td colspan=\"6\">V\u1edbi c\u1ea3n cao su<\/td>\n<\/tr>\n<tr>\n<th>l\u1ef1a ch\u1ecdn<\/th>\n<td colspan=\"6\">gi\u1ea3m ch\u1ea5n<\/td>\n<\/tr>\n<tr>\n<th>ti\u1ebfp nhi\u00ean li\u1ec7u<\/th>\n<td colspan=\"6\">Kh\u00f4ng y\u00eau c\u1ea7u (Khi b\u00f4i tr\u01a1n, d\u1ea7u tuabin lo\u1ea1i 1 [ISO VG32] ho\u1eb7c t\u01b0\u01a1ng \u0111\u01b0\u01a1ng)<\/td>\n<\/tr>\n<tr>\n<th>Ph\u1ea1m vi \u0111i\u1ec1u ch\u1ec9nh h\u00e0nh tr\u00ecnh<\/th>\n<th>mm<\/th>\n<th>V\u1edbi gi\u1ea3m x\u00f3c<\/th>\n<td colspan=\"4\">M\u1ed9t b\u00ean 0 \u0111\u1ebfn -20<\/td>\n<td colspan=\"2\">M\u1ed9t b\u00ean 0 \u0111\u1ebfn -30<\/td>\n<\/tr>\n<tr>\n<th>\u0111\u1ed9t qu\u1ef5 t\u1ed1i \u0111a<\/th>\n<th>mm<\/th>\n<td colspan=\"6\">2.000<\/td>\n<\/tr>\n<tr>\n<th>kh\u1ea3 n\u0103ng ch\u1ecbu \u0111\u1ed9t qu\u1ef5<\/th>\n<th>mm<\/th>\n<th>H\u00e0nh tr\u00ecnh<br \/>\n2.000mm tr\u1edf xu\u1ed1ng<\/th>\n<td>+1 \u0111\u1ebfn +5<\/td>\n<td>+1 \u0111\u1ebfn +6<\/td>\n<td>0 \u0111\u1ebfn +6<\/td>\n<td>+1 \u0111\u1ebfn +6<\/td>\n<td>+1 \u0111\u1ebfn +7<\/td>\n<td>+2 \u0111\u1ebfn +6<\/td>\n<\/tr>\n<tr>\n<th>\u0110\u01b0\u1eddng k\u00ednh k\u1ebft n\u1ed1i \u0111\u01b0\u1eddng \u1ed1ng<\/th>\n<td>M5\u00d70.8<\/td>\n<td>RC1\/8<\/td>\n<td>RC1\/8<\/td>\n<td>RC1\/4<\/td>\n<td>RC1\/4<\/td>\n<td>RC<\/td>\n<\/tr>\n<\/tbody>\n<\/table>\n<p>&nbsp;<\/p>\n<p>Slit type with guide cylinders ORGA Koganei<\/p>\n<p>ORK16X200 Koganei Vi\u1ec7t Nam<\/p>\n<p>ORK20X200 Koganei Vi\u1ec7t Nam<\/p>\n<p>ORK25X200 Koganei Vi\u1ec7t Nam<\/p>\n<p>ORK32X200 Koganei Vi\u1ec7t Nam<\/p>\n<p>ORK16X400 Koganei Vi\u1ec7t Nam<\/p>\n<p>ORK20X400 Koganei Vi\u1ec7t Nam<\/p>\n<p>ORK25X400 Koganei Vi\u1ec7t Nam<\/p>\n<p>ORK32X400 Koganei Vi\u1ec7t Nam<\/p>\n<p>ORK40X400 Koganei Vi\u1ec7t Nam<\/p>\n<p>ORK50X400 Koganei Vi\u1ec7t Nam<\/p>\n<p>ORK20X2000 ORK25X2000 ORK32X2000 ORK40X2000 ORK50X2000 ORK40X1800 ORK50X1800 ORK20X1600 ORK25X1600 ORK32X1600 ORK40X1600 ORK50X1600 ORK20X1400 ORK25X1400 ORK32X1400 ORK40X1400 ORK50X1400 ORK16X300 ORK20X300 ORK25X300 ORK32X300 ORK40X300 ORK50X300 ORC63X500 ORCF63X500 ORCL63X500 ORCLF63X500 ORC63X600 ORCF63X600 ORCL63X600 ORCLF63X600 ORC63X700 ORCF63X700 ORCL63X700 ORCLF63X700 ORC63X800 ORCF63X800 ORCL63X800 ORCLF63X800 ORC63X1000 ORCF63X1000 ORCL63X1000 ORCLF63X1000 ORC63X1200 ORCF63X1200 ORGA16X200 ORGA20X200 ORGA25X200 ORGA32X200 ORGA16X300 ORGA20X300 ORGA25X300 ORGA32X300 ORGA40X300 ORGA50X300 ORGA16X400 ORGA20X400 ORGA25X400 ORGA32X400 ORGA40X400 ORGA50X400<\/p>\n<p>&nbsp;<\/p>\n","protected":false},"excerpt":{"rendered":"<p>KOGANEI ORV40X350 Xy lanh kh\u00ed Koganei ORV, ORV16,\u00a0ORV\u00a020, ORV25, ORV32,\u00a0ORV 40,\u00a0ORV\u00a050 Series: ORV16 ORV20 ORV25 ORV32 ORV40 ORV50 ORV16 ORV20 ORV25 ORV32 ORV40 ORV50 \u0110\u01b0\u1eddng k\u00ednh xi lanh t\u01b0\u01a1ng \u0111\u01b0\u01a1ng mm 16 20 hai m\u01b0\u01a1i l\u0103m 32 40 50 ch\u1ea5t l\u1ecfng l\u00e0m vi\u1ec7c L\u01b0u \u00fd kh\u00f4ng kh\u00ed\u00a01 Ph\u01b0\u01a1ng th\u1ee9c ho\u1ea1t&hellip; <\/p>\n","protected":false},"featured_media":4498,"comment_status":"open","ping_status":"closed","template":"","meta":[],"product_cat":[843],"product_tag":[845,844,98],"class_list":{"0":"post-4497","1":"product","2":"type-product","3":"status-publish","4":"has-post-thumbnail","6":"product_cat-koganei","7":"product_tag-dai-ly-koganei-viet-nam","8":"product_tag-koganei-viet-nam","9":"product_tag-xy-lanh-khi","11":"first","12":"instock","13":"shipping-taxable","14":"product-type-simple"},"yoast_head":"<!-- This site is optimized with the Yoast SEO plugin v22.8 - https:\/\/yoast.com\/wordpress\/plugins\/seo\/ -->\n<title>KOGANEI ORV40X350 - OMANI VI\u1ec6T NAM<\/title>\n<meta name=\"description\" content=\"KOGANEI ORV40X350 Cylinder\" \/>\n<meta name=\"robots\" content=\"index, follow, max-snippet:-1, max-image-preview:large, max-video-preview:-1\" \/>\n<link rel=\"canonical\" href=\"https:\/\/omanivietnam.com\/index.php\/san-pham\/koganei-orv40x350\/\" \/>\n<meta property=\"og:locale\" content=\"vi_VN\" \/>\n<meta property=\"og:type\" content=\"article\" \/>\n<meta property=\"og:title\" content=\"KOGANEI ORV40X350 - OMANI VI\u1ec6T NAM\" \/>\n<meta property=\"og:description\" content=\"KOGANEI ORV40X350 Cylinder\" \/>\n<meta property=\"og:url\" content=\"https:\/\/omanivietnam.com\/index.php\/san-pham\/koganei-orv40x350\/\" \/>\n<meta property=\"og:site_name\" content=\"OMANI VI\u1ec6T NAM\" \/>\n<meta property=\"article:modified_time\" content=\"2025-11-02T09:08:34+00:00\" \/>\n<meta property=\"og:image\" content=\"https:\/\/omanivietnam.com\/wp-content\/uploads\/2025\/11\/ORV40X350.png\" \/>\n\t<meta property=\"og:image:width\" content=\"1277\" \/>\n\t<meta property=\"og:image:height\" content=\"591\" \/>\n\t<meta property=\"og:image:type\" content=\"image\/png\" \/>\n<meta name=\"twitter:card\" content=\"summary_large_image\" \/>\n<meta name=\"twitter:label1\" content=\"\u01af\u1edbc t\u00ednh th\u1eddi gian \u0111\u1ecdc\" \/>\n\t<meta name=\"twitter:data1\" content=\"2 ph\u00fat\" \/>\n<script type=\"application\/ld+json\" class=\"yoast-schema-graph\">{\"@context\":\"https:\/\/schema.org\",\"@graph\":[{\"@type\":\"WebPage\",\"@id\":\"https:\/\/omanivietnam.com\/index.php\/san-pham\/koganei-orv40x350\/\",\"url\":\"https:\/\/omanivietnam.com\/index.php\/san-pham\/koganei-orv40x350\/\",\"name\":\"KOGANEI ORV40X350 - OMANI VI\u1ec6T NAM\",\"isPartOf\":{\"@id\":\"https:\/\/omanivietnam.com\/#website\"},\"primaryImageOfPage\":{\"@id\":\"https:\/\/omanivietnam.com\/index.php\/san-pham\/koganei-orv40x350\/#primaryimage\"},\"image\":{\"@id\":\"https:\/\/omanivietnam.com\/index.php\/san-pham\/koganei-orv40x350\/#primaryimage\"},\"thumbnailUrl\":\"https:\/\/omanivietnam.com\/wp-content\/uploads\/2025\/11\/ORV40X350.png\",\"datePublished\":\"2025-11-02T09:03:18+00:00\",\"dateModified\":\"2025-11-02T09:08:34+00:00\",\"description\":\"KOGANEI ORV40X350 Cylinder\",\"breadcrumb\":{\"@id\":\"https:\/\/omanivietnam.com\/index.php\/san-pham\/koganei-orv40x350\/#breadcrumb\"},\"inLanguage\":\"vi\",\"potentialAction\":[{\"@type\":\"ReadAction\",\"target\":[\"https:\/\/omanivietnam.com\/index.php\/san-pham\/koganei-orv40x350\/\"]}]},{\"@type\":\"ImageObject\",\"inLanguage\":\"vi\",\"@id\":\"https:\/\/omanivietnam.com\/index.php\/san-pham\/koganei-orv40x350\/#primaryimage\",\"url\":\"https:\/\/omanivietnam.com\/wp-content\/uploads\/2025\/11\/ORV40X350.png\",\"contentUrl\":\"https:\/\/omanivietnam.com\/wp-content\/uploads\/2025\/11\/ORV40X350.png\",\"width\":1277,\"height\":591},{\"@type\":\"BreadcrumbList\",\"@id\":\"https:\/\/omanivietnam.com\/index.php\/san-pham\/koganei-orv40x350\/#breadcrumb\",\"itemListElement\":[{\"@type\":\"ListItem\",\"position\":1,\"name\":\"Home\",\"item\":\"https:\/\/omanivietnam.com\/\"},{\"@type\":\"ListItem\",\"position\":2,\"name\":\"S\u1ea2N PH\u1ea8M\",\"item\":\"https:\/\/omanivietnam.com\/index.php\/cua-hang\/\"},{\"@type\":\"ListItem\",\"position\":3,\"name\":\"KOGANEI ORV40X350\"}]},{\"@type\":\"WebSite\",\"@id\":\"https:\/\/omanivietnam.com\/#website\",\"url\":\"https:\/\/omanivietnam.com\/\",\"name\":\"OMANI VI\u1ec6T NAM\",\"description\":\"Nh\u00e0 ph\u00e2n ph\u1ed1i thi\u1ebft b\u1ecb kh\u00ed n\u00e9n v\u00e0 thi\u1ebft b\u1ecb t\u1ef1 \u0111\u1ed9ng h\u00f3a trong c\u00f4ng nghi\u1ec7p\",\"publisher\":{\"@id\":\"https:\/\/omanivietnam.com\/#\/schema\/person\/0ad398a980dc3fd696111c2c5c8fa897\"},\"potentialAction\":[{\"@type\":\"SearchAction\",\"target\":{\"@type\":\"EntryPoint\",\"urlTemplate\":\"https:\/\/omanivietnam.com\/?s={search_term_string}\"},\"query-input\":\"required name=search_term_string\"}],\"inLanguage\":\"vi\"},{\"@type\":[\"Person\",\"Organization\"],\"@id\":\"https:\/\/omanivietnam.com\/#\/schema\/person\/0ad398a980dc3fd696111c2c5c8fa897\",\"name\":\"Nguy\u1ec5n V\u0103n Kh\u00e1nh\",\"image\":{\"@type\":\"ImageObject\",\"inLanguage\":\"vi\",\"@id\":\"https:\/\/omanivietnam.com\/#\/schema\/person\/image\/\",\"url\":\"https:\/\/omanivietnam.com\/wp-content\/uploads\/2024\/06\/logo-1024x1024.png\",\"contentUrl\":\"https:\/\/omanivietnam.com\/wp-content\/uploads\/2024\/06\/logo-1024x1024.png\",\"width\":1024,\"height\":1024,\"caption\":\"Nguy\u1ec5n V\u0103n Kh\u00e1nh\"},\"logo\":{\"@id\":\"https:\/\/omanivietnam.com\/#\/schema\/person\/image\/\"},\"sameAs\":[\"https:\/\/omanivietnam.com\"]}]}<\/script>\n<!-- \/ Yoast SEO plugin. -->","yoast_head_json":{"title":"KOGANEI ORV40X350 - OMANI VI\u1ec6T NAM","description":"KOGANEI ORV40X350 Cylinder","robots":{"index":"index","follow":"follow","max-snippet":"max-snippet:-1","max-image-preview":"max-image-preview:large","max-video-preview":"max-video-preview:-1"},"canonical":"https:\/\/omanivietnam.com\/index.php\/san-pham\/koganei-orv40x350\/","og_locale":"vi_VN","og_type":"article","og_title":"KOGANEI ORV40X350 - OMANI VI\u1ec6T NAM","og_description":"KOGANEI ORV40X350 Cylinder","og_url":"https:\/\/omanivietnam.com\/index.php\/san-pham\/koganei-orv40x350\/","og_site_name":"OMANI VI\u1ec6T NAM","article_modified_time":"2025-11-02T09:08:34+00:00","og_image":[{"width":1277,"height":591,"url":"https:\/\/omanivietnam.com\/wp-content\/uploads\/2025\/11\/ORV40X350.png","type":"image\/png"}],"twitter_card":"summary_large_image","twitter_misc":{"\u01af\u1edbc t\u00ednh th\u1eddi gian \u0111\u1ecdc":"2 ph\u00fat"},"schema":{"@context":"https:\/\/schema.org","@graph":[{"@type":"WebPage","@id":"https:\/\/omanivietnam.com\/index.php\/san-pham\/koganei-orv40x350\/","url":"https:\/\/omanivietnam.com\/index.php\/san-pham\/koganei-orv40x350\/","name":"KOGANEI ORV40X350 - OMANI VI\u1ec6T NAM","isPartOf":{"@id":"https:\/\/omanivietnam.com\/#website"},"primaryImageOfPage":{"@id":"https:\/\/omanivietnam.com\/index.php\/san-pham\/koganei-orv40x350\/#primaryimage"},"image":{"@id":"https:\/\/omanivietnam.com\/index.php\/san-pham\/koganei-orv40x350\/#primaryimage"},"thumbnailUrl":"https:\/\/omanivietnam.com\/wp-content\/uploads\/2025\/11\/ORV40X350.png","datePublished":"2025-11-02T09:03:18+00:00","dateModified":"2025-11-02T09:08:34+00:00","description":"KOGANEI ORV40X350 Cylinder","breadcrumb":{"@id":"https:\/\/omanivietnam.com\/index.php\/san-pham\/koganei-orv40x350\/#breadcrumb"},"inLanguage":"vi","potentialAction":[{"@type":"ReadAction","target":["https:\/\/omanivietnam.com\/index.php\/san-pham\/koganei-orv40x350\/"]}]},{"@type":"ImageObject","inLanguage":"vi","@id":"https:\/\/omanivietnam.com\/index.php\/san-pham\/koganei-orv40x350\/#primaryimage","url":"https:\/\/omanivietnam.com\/wp-content\/uploads\/2025\/11\/ORV40X350.png","contentUrl":"https:\/\/omanivietnam.com\/wp-content\/uploads\/2025\/11\/ORV40X350.png","width":1277,"height":591},{"@type":"BreadcrumbList","@id":"https:\/\/omanivietnam.com\/index.php\/san-pham\/koganei-orv40x350\/#breadcrumb","itemListElement":[{"@type":"ListItem","position":1,"name":"Home","item":"https:\/\/omanivietnam.com\/"},{"@type":"ListItem","position":2,"name":"S\u1ea2N PH\u1ea8M","item":"https:\/\/omanivietnam.com\/index.php\/cua-hang\/"},{"@type":"ListItem","position":3,"name":"KOGANEI ORV40X350"}]},{"@type":"WebSite","@id":"https:\/\/omanivietnam.com\/#website","url":"https:\/\/omanivietnam.com\/","name":"OMANI VI\u1ec6T NAM","description":"Nh\u00e0 ph\u00e2n ph\u1ed1i thi\u1ebft b\u1ecb kh\u00ed n\u00e9n v\u00e0 thi\u1ebft b\u1ecb t\u1ef1 \u0111\u1ed9ng h\u00f3a trong c\u00f4ng nghi\u1ec7p","publisher":{"@id":"https:\/\/omanivietnam.com\/#\/schema\/person\/0ad398a980dc3fd696111c2c5c8fa897"},"potentialAction":[{"@type":"SearchAction","target":{"@type":"EntryPoint","urlTemplate":"https:\/\/omanivietnam.com\/?s={search_term_string}"},"query-input":"required name=search_term_string"}],"inLanguage":"vi"},{"@type":["Person","Organization"],"@id":"https:\/\/omanivietnam.com\/#\/schema\/person\/0ad398a980dc3fd696111c2c5c8fa897","name":"Nguy\u1ec5n V\u0103n Kh\u00e1nh","image":{"@type":"ImageObject","inLanguage":"vi","@id":"https:\/\/omanivietnam.com\/#\/schema\/person\/image\/","url":"https:\/\/omanivietnam.com\/wp-content\/uploads\/2024\/06\/logo-1024x1024.png","contentUrl":"https:\/\/omanivietnam.com\/wp-content\/uploads\/2024\/06\/logo-1024x1024.png","width":1024,"height":1024,"caption":"Nguy\u1ec5n V\u0103n Kh\u00e1nh"},"logo":{"@id":"https:\/\/omanivietnam.com\/#\/schema\/person\/image\/"},"sameAs":["https:\/\/omanivietnam.com"]}]}},"_links":{"self":[{"href":"https:\/\/omanivietnam.com\/index.php\/wp-json\/wp\/v2\/product\/4497","targetHints":{"allow":["GET"]}}],"collection":[{"href":"https:\/\/omanivietnam.com\/index.php\/wp-json\/wp\/v2\/product"}],"about":[{"href":"https:\/\/omanivietnam.com\/index.php\/wp-json\/wp\/v2\/types\/product"}],"replies":[{"embeddable":true,"href":"https:\/\/omanivietnam.com\/index.php\/wp-json\/wp\/v2\/comments?post=4497"}],"wp:featuredmedia":[{"embeddable":true,"href":"https:\/\/omanivietnam.com\/index.php\/wp-json\/wp\/v2\/media\/4498"}],"wp:attachment":[{"href":"https:\/\/omanivietnam.com\/index.php\/wp-json\/wp\/v2\/media?parent=4497"}],"wp:term":[{"taxonomy":"product_cat","embeddable":true,"href":"https:\/\/omanivietnam.com\/index.php\/wp-json\/wp\/v2\/product_cat?post=4497"},{"taxonomy":"product_tag","embeddable":true,"href":"https:\/\/omanivietnam.com\/index.php\/wp-json\/wp\/v2\/product_tag?post=4497"}],"curies":[{"name":"wp","href":"https:\/\/api.w.org\/{rel}","templated":true}]}}