{"id":4505,"date":"2025-11-07T21:57:35","date_gmt":"2025-11-07T14:57:35","guid":{"rendered":"https:\/\/omanivietnam.com\/?post_type=product&#038;p=4505"},"modified":"2025-11-07T21:57:35","modified_gmt":"2025-11-07T14:57:35","slug":"teco-a510-4020-se3c","status":"publish","type":"product","link":"https:\/\/omanivietnam.com\/index.php\/san-pham\/teco-a510-4020-se3c\/","title":{"rendered":"TECO A510-4020-SE3C"},"content":{"rendered":"<p>TECO A510-4020-SE3C<\/p>\n<p>Bi\u1ebfn t\u1ea7n\u00a0Teco \u0110\u00e0i Loan A510-4005-SE3C\/8\/10\/15\/20\/3.7\/7.5\/11\/15\/18.5kw \u0110i\u1ec7n \u00e1p ba pha<\/p>\n<p><em>Bi\u1ebfn t\u1ea7n Teco A510-4020-SE3C<\/em>\u00a0SG3C SH3C SC3C SH3-A C3-S H3-A<\/p>\n<ul>\n<li>Manufacturer: Teco<\/li>\n<li>Product Number: A510-4015-SE3C<\/li>\n<li>Product Type: Inverter<\/li>\n<\/ul>\n<p><strong>A510-4015SE3C<\/strong><\/p>\n<ul>\n<li>Series Model =\u00a0<strong>A510<\/strong>\u00a0: Inverter Series<\/li>\n<li>Voltage Rating =\u00a0<strong>4<\/strong>\u00a0: 460 V<\/li>\n<li>Motor Rating =\u00a0<strong>015<\/strong>\u00a0: 15 HP<\/li>\n<li>Input =\u00a0<strong>3<\/strong>\u00a0: 3 PH<\/li>\n<li>Operator Type =\u00a0<strong>C<\/strong>\u00a0: LCD Operator<\/li>\n<li><strong>Shipping Weight : 15.0 Kg<\/strong><\/li>\n<\/ul>\n","protected":false},"excerpt":{"rendered":"<p>TECO A510-4020-SE3C Bi\u1ebfn t\u1ea7n\u00a0Teco \u0110\u00e0i Loan A510-4005-SE3C\/8\/10\/15\/20\/3.7\/7.5\/11\/15\/18.5kw \u0110i\u1ec7n \u00e1p ba pha Bi\u1ebfn t\u1ea7n Teco A510-4020-SE3C\u00a0SG3C SH3C SC3C SH3-A C3-S H3-A Manufacturer: Teco Product Number: A510-4015-SE3C Product Type: Inverter A510-4015SE3C Series Model =\u00a0A510\u00a0: Inverter Series Voltage Rating =\u00a04\u00a0: 460 V Motor Rating =\u00a0015\u00a0: 15 HP Input =\u00a03\u00a0: 3 PH Operator Type&hellip; <\/p>\n","protected":false},"featured_media":4506,"comment_status":"open","ping_status":"closed","template":"","meta":[],"product_cat":[853],"product_tag":[306,855,854],"class_list":{"0":"post-4505","1":"product","2":"type-product","3":"status-publish","4":"has-post-thumbnail","6":"product_cat-teco","7":"product_tag-bien-tan","8":"product_tag-dai-ly-teco-viet-nam","9":"product_tag-teco-viet-nam","11":"first","12":"instock","13":"shipping-taxable","14":"product-type-simple"},"yoast_head":"<!-- This site is optimized with the Yoast SEO plugin v22.8 - https:\/\/yoast.com\/wordpress\/plugins\/seo\/ -->\n<title>TECO A510-4020-SE3C - OMANI VI\u1ec6T NAM<\/title>\n<meta name=\"description\" content=\"TECO A510-4020-SE3C Inverter\" \/>\n<meta name=\"robots\" content=\"index, follow, max-snippet:-1, max-image-preview:large, max-video-preview:-1\" \/>\n<link rel=\"canonical\" href=\"https:\/\/omanivietnam.com\/index.php\/san-pham\/teco-a510-4020-se3c\/\" \/>\n<meta property=\"og:locale\" content=\"vi_VN\" \/>\n<meta property=\"og:type\" content=\"article\" \/>\n<meta property=\"og:title\" content=\"TECO A510-4020-SE3C - OMANI VI\u1ec6T NAM\" \/>\n<meta property=\"og:description\" content=\"TECO A510-4020-SE3C Inverter\" \/>\n<meta property=\"og:url\" content=\"https:\/\/omanivietnam.com\/index.php\/san-pham\/teco-a510-4020-se3c\/\" \/>\n<meta property=\"og:site_name\" content=\"OMANI VI\u1ec6T NAM\" \/>\n<meta property=\"og:image\" content=\"https:\/\/omanivietnam.com\/wp-content\/uploads\/2025\/11\/A510-4020-SE3C.png\" \/>\n\t<meta property=\"og:image:width\" content=\"527\" \/>\n\t<meta property=\"og:image:height\" content=\"750\" \/>\n\t<meta property=\"og:image:type\" content=\"image\/png\" \/>\n<meta name=\"twitter:card\" content=\"summary_large_image\" \/>\n<meta name=\"twitter:label1\" content=\"\u01af\u1edbc t\u00ednh th\u1eddi gian \u0111\u1ecdc\" \/>\n\t<meta name=\"twitter:data1\" content=\"1 ph\u00fat\" \/>\n<script type=\"application\/ld+json\" class=\"yoast-schema-graph\">{\"@context\":\"https:\/\/schema.org\",\"@graph\":[{\"@type\":\"WebPage\",\"@id\":\"https:\/\/omanivietnam.com\/index.php\/san-pham\/teco-a510-4020-se3c\/\",\"url\":\"https:\/\/omanivietnam.com\/index.php\/san-pham\/teco-a510-4020-se3c\/\",\"name\":\"TECO A510-4020-SE3C - OMANI VI\u1ec6T NAM\",\"isPartOf\":{\"@id\":\"https:\/\/omanivietnam.com\/#website\"},\"primaryImageOfPage\":{\"@id\":\"https:\/\/omanivietnam.com\/index.php\/san-pham\/teco-a510-4020-se3c\/#primaryimage\"},\"image\":{\"@id\":\"https:\/\/omanivietnam.com\/index.php\/san-pham\/teco-a510-4020-se3c\/#primaryimage\"},\"thumbnailUrl\":\"https:\/\/omanivietnam.com\/wp-content\/uploads\/2025\/11\/A510-4020-SE3C.png\",\"datePublished\":\"2025-11-07T14:57:35+00:00\",\"dateModified\":\"2025-11-07T14:57:35+00:00\",\"description\":\"TECO A510-4020-SE3C Inverter\",\"breadcrumb\":{\"@id\":\"https:\/\/omanivietnam.com\/index.php\/san-pham\/teco-a510-4020-se3c\/#breadcrumb\"},\"inLanguage\":\"vi\",\"potentialAction\":[{\"@type\":\"ReadAction\",\"target\":[\"https:\/\/omanivietnam.com\/index.php\/san-pham\/teco-a510-4020-se3c\/\"]}]},{\"@type\":\"ImageObject\",\"inLanguage\":\"vi\",\"@id\":\"https:\/\/omanivietnam.com\/index.php\/san-pham\/teco-a510-4020-se3c\/#primaryimage\",\"url\":\"https:\/\/omanivietnam.com\/wp-content\/uploads\/2025\/11\/A510-4020-SE3C.png\",\"contentUrl\":\"https:\/\/omanivietnam.com\/wp-content\/uploads\/2025\/11\/A510-4020-SE3C.png\",\"width\":527,\"height\":750},{\"@type\":\"BreadcrumbList\",\"@id\":\"https:\/\/omanivietnam.com\/index.php\/san-pham\/teco-a510-4020-se3c\/#breadcrumb\",\"itemListElement\":[{\"@type\":\"ListItem\",\"position\":1,\"name\":\"Home\",\"item\":\"https:\/\/omanivietnam.com\/\"},{\"@type\":\"ListItem\",\"position\":2,\"name\":\"S\u1ea2N PH\u1ea8M\",\"item\":\"https:\/\/omanivietnam.com\/index.php\/cua-hang\/\"},{\"@type\":\"ListItem\",\"position\":3,\"name\":\"TECO A510-4020-SE3C\"}]},{\"@type\":\"WebSite\",\"@id\":\"https:\/\/omanivietnam.com\/#website\",\"url\":\"https:\/\/omanivietnam.com\/\",\"name\":\"OMANI VI\u1ec6T NAM\",\"description\":\"Nh\u00e0 ph\u00e2n ph\u1ed1i thi\u1ebft b\u1ecb kh\u00ed n\u00e9n v\u00e0 thi\u1ebft b\u1ecb t\u1ef1 \u0111\u1ed9ng h\u00f3a trong c\u00f4ng nghi\u1ec7p\",\"publisher\":{\"@id\":\"https:\/\/omanivietnam.com\/#\/schema\/person\/0ad398a980dc3fd696111c2c5c8fa897\"},\"potentialAction\":[{\"@type\":\"SearchAction\",\"target\":{\"@type\":\"EntryPoint\",\"urlTemplate\":\"https:\/\/omanivietnam.com\/?s={search_term_string}\"},\"query-input\":\"required name=search_term_string\"}],\"inLanguage\":\"vi\"},{\"@type\":[\"Person\",\"Organization\"],\"@id\":\"https:\/\/omanivietnam.com\/#\/schema\/person\/0ad398a980dc3fd696111c2c5c8fa897\",\"name\":\"Nguy\u1ec5n V\u0103n Kh\u00e1nh\",\"image\":{\"@type\":\"ImageObject\",\"inLanguage\":\"vi\",\"@id\":\"https:\/\/omanivietnam.com\/#\/schema\/person\/image\/\",\"url\":\"https:\/\/omanivietnam.com\/wp-content\/uploads\/2024\/06\/logo-1024x1024.png\",\"contentUrl\":\"https:\/\/omanivietnam.com\/wp-content\/uploads\/2024\/06\/logo-1024x1024.png\",\"width\":1024,\"height\":1024,\"caption\":\"Nguy\u1ec5n V\u0103n Kh\u00e1nh\"},\"logo\":{\"@id\":\"https:\/\/omanivietnam.com\/#\/schema\/person\/image\/\"},\"sameAs\":[\"https:\/\/omanivietnam.com\"]}]}<\/script>\n<!-- \/ Yoast SEO plugin. -->","yoast_head_json":{"title":"TECO A510-4020-SE3C - OMANI VI\u1ec6T NAM","description":"TECO A510-4020-SE3C Inverter","robots":{"index":"index","follow":"follow","max-snippet":"max-snippet:-1","max-image-preview":"max-image-preview:large","max-video-preview":"max-video-preview:-1"},"canonical":"https:\/\/omanivietnam.com\/index.php\/san-pham\/teco-a510-4020-se3c\/","og_locale":"vi_VN","og_type":"article","og_title":"TECO A510-4020-SE3C - OMANI VI\u1ec6T NAM","og_description":"TECO A510-4020-SE3C Inverter","og_url":"https:\/\/omanivietnam.com\/index.php\/san-pham\/teco-a510-4020-se3c\/","og_site_name":"OMANI VI\u1ec6T NAM","og_image":[{"width":527,"height":750,"url":"https:\/\/omanivietnam.com\/wp-content\/uploads\/2025\/11\/A510-4020-SE3C.png","type":"image\/png"}],"twitter_card":"summary_large_image","twitter_misc":{"\u01af\u1edbc t\u00ednh th\u1eddi gian \u0111\u1ecdc":"1 ph\u00fat"},"schema":{"@context":"https:\/\/schema.org","@graph":[{"@type":"WebPage","@id":"https:\/\/omanivietnam.com\/index.php\/san-pham\/teco-a510-4020-se3c\/","url":"https:\/\/omanivietnam.com\/index.php\/san-pham\/teco-a510-4020-se3c\/","name":"TECO A510-4020-SE3C - OMANI VI\u1ec6T NAM","isPartOf":{"@id":"https:\/\/omanivietnam.com\/#website"},"primaryImageOfPage":{"@id":"https:\/\/omanivietnam.com\/index.php\/san-pham\/teco-a510-4020-se3c\/#primaryimage"},"image":{"@id":"https:\/\/omanivietnam.com\/index.php\/san-pham\/teco-a510-4020-se3c\/#primaryimage"},"thumbnailUrl":"https:\/\/omanivietnam.com\/wp-content\/uploads\/2025\/11\/A510-4020-SE3C.png","datePublished":"2025-11-07T14:57:35+00:00","dateModified":"2025-11-07T14:57:35+00:00","description":"TECO A510-4020-SE3C Inverter","breadcrumb":{"@id":"https:\/\/omanivietnam.com\/index.php\/san-pham\/teco-a510-4020-se3c\/#breadcrumb"},"inLanguage":"vi","potentialAction":[{"@type":"ReadAction","target":["https:\/\/omanivietnam.com\/index.php\/san-pham\/teco-a510-4020-se3c\/"]}]},{"@type":"ImageObject","inLanguage":"vi","@id":"https:\/\/omanivietnam.com\/index.php\/san-pham\/teco-a510-4020-se3c\/#primaryimage","url":"https:\/\/omanivietnam.com\/wp-content\/uploads\/2025\/11\/A510-4020-SE3C.png","contentUrl":"https:\/\/omanivietnam.com\/wp-content\/uploads\/2025\/11\/A510-4020-SE3C.png","width":527,"height":750},{"@type":"BreadcrumbList","@id":"https:\/\/omanivietnam.com\/index.php\/san-pham\/teco-a510-4020-se3c\/#breadcrumb","itemListElement":[{"@type":"ListItem","position":1,"name":"Home","item":"https:\/\/omanivietnam.com\/"},{"@type":"ListItem","position":2,"name":"S\u1ea2N PH\u1ea8M","item":"https:\/\/omanivietnam.com\/index.php\/cua-hang\/"},{"@type":"ListItem","position":3,"name":"TECO A510-4020-SE3C"}]},{"@type":"WebSite","@id":"https:\/\/omanivietnam.com\/#website","url":"https:\/\/omanivietnam.com\/","name":"OMANI VI\u1ec6T NAM","description":"Nh\u00e0 ph\u00e2n ph\u1ed1i thi\u1ebft b\u1ecb kh\u00ed n\u00e9n v\u00e0 thi\u1ebft b\u1ecb t\u1ef1 \u0111\u1ed9ng h\u00f3a trong c\u00f4ng nghi\u1ec7p","publisher":{"@id":"https:\/\/omanivietnam.com\/#\/schema\/person\/0ad398a980dc3fd696111c2c5c8fa897"},"potentialAction":[{"@type":"SearchAction","target":{"@type":"EntryPoint","urlTemplate":"https:\/\/omanivietnam.com\/?s={search_term_string}"},"query-input":"required name=search_term_string"}],"inLanguage":"vi"},{"@type":["Person","Organization"],"@id":"https:\/\/omanivietnam.com\/#\/schema\/person\/0ad398a980dc3fd696111c2c5c8fa897","name":"Nguy\u1ec5n V\u0103n Kh\u00e1nh","image":{"@type":"ImageObject","inLanguage":"vi","@id":"https:\/\/omanivietnam.com\/#\/schema\/person\/image\/","url":"https:\/\/omanivietnam.com\/wp-content\/uploads\/2024\/06\/logo-1024x1024.png","contentUrl":"https:\/\/omanivietnam.com\/wp-content\/uploads\/2024\/06\/logo-1024x1024.png","width":1024,"height":1024,"caption":"Nguy\u1ec5n V\u0103n Kh\u00e1nh"},"logo":{"@id":"https:\/\/omanivietnam.com\/#\/schema\/person\/image\/"},"sameAs":["https:\/\/omanivietnam.com"]}]}},"_links":{"self":[{"href":"https:\/\/omanivietnam.com\/index.php\/wp-json\/wp\/v2\/product\/4505","targetHints":{"allow":["GET"]}}],"collection":[{"href":"https:\/\/omanivietnam.com\/index.php\/wp-json\/wp\/v2\/product"}],"about":[{"href":"https:\/\/omanivietnam.com\/index.php\/wp-json\/wp\/v2\/types\/product"}],"replies":[{"embeddable":true,"href":"https:\/\/omanivietnam.com\/index.php\/wp-json\/wp\/v2\/comments?post=4505"}],"wp:featuredmedia":[{"embeddable":true,"href":"https:\/\/omanivietnam.com\/index.php\/wp-json\/wp\/v2\/media\/4506"}],"wp:attachment":[{"href":"https:\/\/omanivietnam.com\/index.php\/wp-json\/wp\/v2\/media?parent=4505"}],"wp:term":[{"taxonomy":"product_cat","embeddable":true,"href":"https:\/\/omanivietnam.com\/index.php\/wp-json\/wp\/v2\/product_cat?post=4505"},{"taxonomy":"product_tag","embeddable":true,"href":"https:\/\/omanivietnam.com\/index.php\/wp-json\/wp\/v2\/product_tag?post=4505"}],"curies":[{"name":"wp","href":"https:\/\/api.w.org\/{rel}","templated":true}]}}