{"id":4511,"date":"2025-11-11T21:36:31","date_gmt":"2025-11-11T14:36:31","guid":{"rendered":"https:\/\/omanivietnam.com\/?post_type=product&#038;p=4511"},"modified":"2025-11-11T21:40:08","modified_gmt":"2025-11-11T14:40:08","slug":"allen-bradley-2198-d020-ers3","status":"publish","type":"product","link":"https:\/\/omanivietnam.com\/index.php\/san-pham\/allen-bradley-2198-d020-ers3\/","title":{"rendered":"ALLEN BRADLEY 2198-D020-ERS3"},"content":{"rendered":"<p>ALLEN BRADLEY 2198-D020-ERS3<\/p>\n<p>&nbsp;<\/p>\n<p>2198-D020-ERS3 Inverter\/ servo drive Allen-Bradley, AllenBradley Viet Nam, 2198-D020-ERS3 Inverter\/ servo drive ,\u00a0 Inverter\/ servo drive Allen-Bradley, 2198-D020-ERS3 Allen-Bradley<\/p>\n<p><strong>Gi\u1edbi thi\u1ec7u v\u1ec1<\/strong><strong>\u00a0Bi\u1ebfn t\u1ea7n Kinetix 5700\u00a0\u00a0<\/strong><strong>2198-D020-ERS3<\/strong><\/p>\n<p>Allen-Bradley 2198-D020-ERS3 l\u00e0 bi\u1ebfn t\u1ea7n, b\u1ed9 \u0111i\u1ec1u khi\u1ec3n servo tr\u1ee5c k\u00e9p Kinetix 5700. t\u00ednh n\u0103ng ng\u1eaft m\u00f4-men xo\u1eafn an to\u00e0n (STO) \u0111\u01b0\u1ee3c t\u00edch h\u1ee3p v\u00e0 c\u00f3 d\u00e2y c\u1ee9ng. N\u00f3 c\u0169ng cung c\u1ea5p h\u1ed7 tr\u1ee3 cho ph\u1ea3n h\u1ed3i b\u1ed9 m\u00e3 h\u00f3a Hiperface v\u00e0 DSL. Ph\u1ea7n m\u1ec1m Studio 5000 v\u1edbi t\u00ednh linh ho\u1ea1t \u0111\u01b0\u1ee3c c\u1ea3i thi\u1ec7n v\u00e0 m\u00f4i tr\u01b0\u1eddng thi\u1ebft k\u1ebf Logix duy nh\u1ea5t \u0111\u01b0\u1ee3c s\u1eed d\u1ee5ng \u0111\u1ec3 ki\u1ec3m so\u00e1t v\u00e0 m\u1edf r\u1ed9ng \u1ed5 \u0111\u0129a. C\u1ed5ng Ethernet k\u00e9p c\u1ee7a n\u00f3 cung c\u1ea5p h\u1ed7 tr\u1ee3 cho c\u1ea3 c\u1ea5u tr\u00fac li\u00ean k\u1ebft v\u00f2ng c\u1ea5p thi\u1ebft b\u1ecb v\u00e0 tuy\u1ebfn t\u00ednh (DLR). N\u00f3 s\u1eed d\u1ee5ng v\u1eadn h\u00e0nh m\u1ed9t d\u00e2y v\u00e0 \u00edt \u0111i\u1ec1u ch\u1ec9nh, \u0111\u01a1n gi\u1ea3n h\u00f3a vi\u1ec7c l\u1eafp \u0111\u1eb7t v\u00e0 ti\u1ebft ki\u1ec7m kh\u00f4ng gian.<\/p>\n<p>Allen-Bradley 2198-D020-ERS3 c\u00f3 thi\u1ebft k\u1ebf \u0111\u01a1n gi\u1ea3n, nh\u1ecf g\u1ecdn d\u00e0nh cho c\u00e1c m\u00e1y y\u00eau c\u1ea7u s\u1ed1 l\u01b0\u1ee3ng tr\u1ee5c l\u1edbn v\u00e0 c\u00f4ng su\u1ea5t cao h\u01a1n. V\u1edbi kh\u1ea3 n\u0103ng \u0111i\u1ec1u khi\u1ec3n \u0111\u1ed9ng c\u01a1 hi\u1ec7u su\u1ea5t cao v\u00e0 th\u1eddi gian t\u00edch h\u1ee3p \u00edt h\u01a1n, n\u00f3 \u0111\u01b0\u1ee3c \u1ee9ng d\u1ee5ng trong nhi\u1ec1u ng\u00e0nh c\u00f4ng nghi\u1ec7p kh\u00e1c nhau nh\u01b0 \u0111\u1ed3 u\u1ed1ng, m\u00e1y \u0111\u00f3ng t\u00e3, m\u00e1y \u0111\u00f3ng t\u00fai, m\u00e1y \u0111\u00f3ng l\u1ed1p, m\u00e1y x\u00fac khay, v.v.<\/p>\n<p>&nbsp;<\/p>\n<h3>Th\u00f4ng s\u1ed1 k\u1ef9 thu\u1eadt Allen-Bradley 2198-D020-ERS3:<\/h3>\n<p>&nbsp;<\/p>\n<p><strong>C\u00f4ng su\u1ea5t \u0111\u1ea7u ra li\u00ean t\u1ee5c:\u00a0\u00a0\u00a0\u00a0\u00a0\u00a0\u00a0\u00a0\u00a0\u00a0\u00a0\u00a0\u00a0\u00a0<\/strong>5.5 kWatts<\/p>\n<p><strong>D\u00f2ng \u0111i\u1ec7n \u0111\u1ea7u ra (rms):\u00a0\u00a0\u00a0\u00a0\u00a0\u00a0\u00a0\u00a0\u00a0\u00a0\u00a0\u00a0\u00a0\u00a0\u00a0\u00a0\u00a0\u00a0<\/strong>8.0 Amperes<\/p>\n<p><strong>D\u00f2ng \u0111i\u1ec7n \u0111\u1ea7u ra c\u1ef1c \u0111\u1ea1i:\u00a0\u00a0\u00a0\u00a0\u00a0\u00a0\u00a0\u00a0\u00a0\u00a0\u00a0\u00a0\u00a0\u00a0<\/strong>28.2 Amperes<\/p>\n<p><strong>\u0110i\u1ec1u khi\u1ec3n t\u1ed1c \u0111\u1ed9<\/strong>\u00a0<strong>:\u00a0\u00a0\u00a0\u00a0\u00a0\u00a0\u00a0\u00a0\u00a0\u00a0\u00a0\u00a0\u00a0\u00a0\u00a0\u00a0\u00a0\u00a0\u00a0\u00a0\u00a0\u00a0\u00a0\u00a0\u00a0\u00a0\u00a0<\/strong>400 Hz<\/p>\n<p><strong>\u0110i\u1ec1u khi\u1ec3n M\u00f4 men<\/strong><strong>:\u00a0\u00a0\u00a0\u00a0\u00a0\u00a0\u00a0\u00a0\u00a0\u00a0\u00a0\u00a0\u00a0\u00a0\u00a0\u00a0\u00a0\u00a0\u00a0\u00a0\u00a0\u00a0\u00a0\u00a0\u00a0\u00a0<\/strong>1000 Hz<\/p>\n<p><strong>\u0110i\u1ec7n \u00e1p \u0111\u1ea7u v\u00e0o:\u00a0\u00a0\u00a0\u00a0\u00a0\u00a0\u00a0\u00a0\u00a0\u00a0\u00a0\u00a0\u00a0\u00a0\u00a0\u00a0\u00a0\u00a0\u00a0\u00a0\u00a0\u00a0\u00a0\u00a0\u00a0\u00a0\u00a0\u00a0\u00a0\u00a0\u00a0\u00a0<\/strong>N\/A<\/p>\n<p><strong>K\u00edch th\u01b0\u1edbc:\u00a0\u00a0\u00a0\u00a0\u00a0\u00a0\u00a0\u00a0\u00a0\u00a0\u00a0\u00a0\u00a0\u00a0\u00a0\u00a0\u00a0\u00a0\u00a0\u00a0\u00a0\u00a0\u00a0\u00a0\u00a0\u00a0\u00a0\u00a0\u00a0\u00a0\u00a0\u00a0\u00a0\u00a0 \u00a0\u00a0 <\/strong>\u00a0252 x 55 x 358 mm<\/p>\n<p><strong>Tr\u1ecdng l\u01b0\u1ee3ng:\u00a0\u00a0\u00a0\u00a0\u00a0\u00a0\u00a0\u00a0\u00a0\u00a0\u00a0\u00a0\u00a0\u00a0\u00a0\u00a0\u00a0\u00a0\u00a0\u00a0\u00a0\u00a0\u00a0\u00a0\u00a0\u00a0\u00a0\u00a0\u00a0\u00a0\u00a0\u00a0\u00a0\u00a0\u00a0\u00a0\u00a0\u00a0\u00a0<\/strong>4.16 kg<\/p>\n<p>C\u00e1c m\u00e3 h\u00e0ng t\u01b0\u01a1ng t\u1ef1<\/p>\n<p>ALLEN-BRADLEY MPL-B320P-MK74AA<br \/>\nALLEN-BRADLEY MPL-B220T-VJ74AA<br \/>\nALLEN-BRADLEY MPL-B430P-MK74AA<br \/>\nALLEN-BRADLEY 1734-AENTRK<br \/>\nALLEN-BRADLEY 1734-IB8<br \/>\nALLEN-BRADLEY 1734-OB8E<br \/>\nALLEN-BRADLEY 2198-DBR40-F<br \/>\nALLEN-BRADLEY 1734-IB8S<br \/>\nALLEN-BRADLEY 2198-P070<br \/>\nALLEN-BRADLEY 2198-D020-ERS3<\/p>\n","protected":false},"excerpt":{"rendered":"<p>ALLEN BRADLEY 2198-D020-ERS3 &nbsp; 2198-D020-ERS3 Inverter\/ servo drive Allen-Bradley, AllenBradley Viet Nam, 2198-D020-ERS3 Inverter\/ servo drive ,\u00a0 Inverter\/ servo drive Allen-Bradley, 2198-D020-ERS3 Allen-Bradley Gi\u1edbi thi\u1ec7u v\u1ec1\u00a0Bi\u1ebfn t\u1ea7n Kinetix 5700\u00a0\u00a02198-D020-ERS3 Allen-Bradley 2198-D020-ERS3 l\u00e0 bi\u1ebfn t\u1ea7n, b\u1ed9 \u0111i\u1ec1u khi\u1ec3n servo tr\u1ee5c k\u00e9p Kinetix 5700. t\u00ednh n\u0103ng ng\u1eaft m\u00f4-men xo\u1eafn an to\u00e0n (STO)&hellip; <\/p>\n","protected":false},"featured_media":4512,"comment_status":"open","ping_status":"closed","template":"","meta":[],"product_cat":[295],"product_tag":[178,306,179],"class_list":{"0":"post-4511","1":"product","2":"type-product","3":"status-publish","4":"has-post-thumbnail","6":"product_cat-allen-bradley","7":"product_tag-allen-bradley-viet-nam","8":"product_tag-bien-tan","9":"product_tag-dai-ly-allen-bradley-viet-nam","11":"first","12":"instock","13":"shipping-taxable","14":"product-type-simple"},"yoast_head":"<!-- This site is optimized with the Yoast SEO plugin v22.8 - https:\/\/yoast.com\/wordpress\/plugins\/seo\/ -->\n<title>ALLEN BRADLEY 2198-D020-ERS3 - OMANI VI\u1ec6T NAM<\/title>\n<meta name=\"description\" content=\"ALLEN BRADLEY 2198-D020-ERS3 Inverter\" \/>\n<meta name=\"robots\" content=\"index, follow, max-snippet:-1, max-image-preview:large, max-video-preview:-1\" \/>\n<link rel=\"canonical\" href=\"https:\/\/omanivietnam.com\/index.php\/san-pham\/allen-bradley-2198-d020-ers3\/\" \/>\n<meta property=\"og:locale\" content=\"vi_VN\" \/>\n<meta property=\"og:type\" content=\"article\" \/>\n<meta property=\"og:title\" content=\"ALLEN BRADLEY 2198-D020-ERS3 - OMANI VI\u1ec6T NAM\" \/>\n<meta property=\"og:description\" content=\"ALLEN BRADLEY 2198-D020-ERS3 Inverter\" \/>\n<meta property=\"og:url\" content=\"https:\/\/omanivietnam.com\/index.php\/san-pham\/allen-bradley-2198-d020-ers3\/\" \/>\n<meta property=\"og:site_name\" content=\"OMANI VI\u1ec6T NAM\" \/>\n<meta property=\"article:modified_time\" content=\"2025-11-11T14:40:08+00:00\" \/>\n<meta property=\"og:image\" content=\"https:\/\/omanivietnam.com\/wp-content\/uploads\/2025\/11\/2198-D020-ERS3.png\" \/>\n\t<meta property=\"og:image:width\" content=\"609\" \/>\n\t<meta property=\"og:image:height\" content=\"460\" \/>\n\t<meta property=\"og:image:type\" content=\"image\/png\" \/>\n<meta name=\"twitter:card\" content=\"summary_large_image\" \/>\n<meta name=\"twitter:label1\" content=\"\u01af\u1edbc t\u00ednh th\u1eddi gian \u0111\u1ecdc\" \/>\n\t<meta name=\"twitter:data1\" content=\"2 ph\u00fat\" \/>\n<script type=\"application\/ld+json\" class=\"yoast-schema-graph\">{\"@context\":\"https:\/\/schema.org\",\"@graph\":[{\"@type\":\"WebPage\",\"@id\":\"https:\/\/omanivietnam.com\/index.php\/san-pham\/allen-bradley-2198-d020-ers3\/\",\"url\":\"https:\/\/omanivietnam.com\/index.php\/san-pham\/allen-bradley-2198-d020-ers3\/\",\"name\":\"ALLEN BRADLEY 2198-D020-ERS3 - OMANI VI\u1ec6T NAM\",\"isPartOf\":{\"@id\":\"https:\/\/omanivietnam.com\/#website\"},\"primaryImageOfPage\":{\"@id\":\"https:\/\/omanivietnam.com\/index.php\/san-pham\/allen-bradley-2198-d020-ers3\/#primaryimage\"},\"image\":{\"@id\":\"https:\/\/omanivietnam.com\/index.php\/san-pham\/allen-bradley-2198-d020-ers3\/#primaryimage\"},\"thumbnailUrl\":\"https:\/\/omanivietnam.com\/wp-content\/uploads\/2025\/11\/2198-D020-ERS3.png\",\"datePublished\":\"2025-11-11T14:36:31+00:00\",\"dateModified\":\"2025-11-11T14:40:08+00:00\",\"description\":\"ALLEN BRADLEY 2198-D020-ERS3 Inverter\",\"breadcrumb\":{\"@id\":\"https:\/\/omanivietnam.com\/index.php\/san-pham\/allen-bradley-2198-d020-ers3\/#breadcrumb\"},\"inLanguage\":\"vi\",\"potentialAction\":[{\"@type\":\"ReadAction\",\"target\":[\"https:\/\/omanivietnam.com\/index.php\/san-pham\/allen-bradley-2198-d020-ers3\/\"]}]},{\"@type\":\"ImageObject\",\"inLanguage\":\"vi\",\"@id\":\"https:\/\/omanivietnam.com\/index.php\/san-pham\/allen-bradley-2198-d020-ers3\/#primaryimage\",\"url\":\"https:\/\/omanivietnam.com\/wp-content\/uploads\/2025\/11\/2198-D020-ERS3.png\",\"contentUrl\":\"https:\/\/omanivietnam.com\/wp-content\/uploads\/2025\/11\/2198-D020-ERS3.png\",\"width\":609,\"height\":460},{\"@type\":\"BreadcrumbList\",\"@id\":\"https:\/\/omanivietnam.com\/index.php\/san-pham\/allen-bradley-2198-d020-ers3\/#breadcrumb\",\"itemListElement\":[{\"@type\":\"ListItem\",\"position\":1,\"name\":\"Home\",\"item\":\"https:\/\/omanivietnam.com\/\"},{\"@type\":\"ListItem\",\"position\":2,\"name\":\"S\u1ea2N PH\u1ea8M\",\"item\":\"https:\/\/omanivietnam.com\/index.php\/cua-hang\/\"},{\"@type\":\"ListItem\",\"position\":3,\"name\":\"ALLEN BRADLEY 2198-D020-ERS3\"}]},{\"@type\":\"WebSite\",\"@id\":\"https:\/\/omanivietnam.com\/#website\",\"url\":\"https:\/\/omanivietnam.com\/\",\"name\":\"OMANI VI\u1ec6T NAM\",\"description\":\"Nh\u00e0 ph\u00e2n ph\u1ed1i thi\u1ebft b\u1ecb kh\u00ed n\u00e9n v\u00e0 thi\u1ebft b\u1ecb t\u1ef1 \u0111\u1ed9ng h\u00f3a trong c\u00f4ng nghi\u1ec7p\",\"publisher\":{\"@id\":\"https:\/\/omanivietnam.com\/#\/schema\/person\/0ad398a980dc3fd696111c2c5c8fa897\"},\"potentialAction\":[{\"@type\":\"SearchAction\",\"target\":{\"@type\":\"EntryPoint\",\"urlTemplate\":\"https:\/\/omanivietnam.com\/?s={search_term_string}\"},\"query-input\":\"required name=search_term_string\"}],\"inLanguage\":\"vi\"},{\"@type\":[\"Person\",\"Organization\"],\"@id\":\"https:\/\/omanivietnam.com\/#\/schema\/person\/0ad398a980dc3fd696111c2c5c8fa897\",\"name\":\"Nguy\u1ec5n V\u0103n Kh\u00e1nh\",\"image\":{\"@type\":\"ImageObject\",\"inLanguage\":\"vi\",\"@id\":\"https:\/\/omanivietnam.com\/#\/schema\/person\/image\/\",\"url\":\"https:\/\/omanivietnam.com\/wp-content\/uploads\/2024\/06\/logo-1024x1024.png\",\"contentUrl\":\"https:\/\/omanivietnam.com\/wp-content\/uploads\/2024\/06\/logo-1024x1024.png\",\"width\":1024,\"height\":1024,\"caption\":\"Nguy\u1ec5n V\u0103n Kh\u00e1nh\"},\"logo\":{\"@id\":\"https:\/\/omanivietnam.com\/#\/schema\/person\/image\/\"},\"sameAs\":[\"https:\/\/omanivietnam.com\"]}]}<\/script>\n<!-- \/ Yoast SEO plugin. -->","yoast_head_json":{"title":"ALLEN BRADLEY 2198-D020-ERS3 - OMANI VI\u1ec6T NAM","description":"ALLEN BRADLEY 2198-D020-ERS3 Inverter","robots":{"index":"index","follow":"follow","max-snippet":"max-snippet:-1","max-image-preview":"max-image-preview:large","max-video-preview":"max-video-preview:-1"},"canonical":"https:\/\/omanivietnam.com\/index.php\/san-pham\/allen-bradley-2198-d020-ers3\/","og_locale":"vi_VN","og_type":"article","og_title":"ALLEN BRADLEY 2198-D020-ERS3 - OMANI VI\u1ec6T NAM","og_description":"ALLEN BRADLEY 2198-D020-ERS3 Inverter","og_url":"https:\/\/omanivietnam.com\/index.php\/san-pham\/allen-bradley-2198-d020-ers3\/","og_site_name":"OMANI VI\u1ec6T NAM","article_modified_time":"2025-11-11T14:40:08+00:00","og_image":[{"width":609,"height":460,"url":"https:\/\/omanivietnam.com\/wp-content\/uploads\/2025\/11\/2198-D020-ERS3.png","type":"image\/png"}],"twitter_card":"summary_large_image","twitter_misc":{"\u01af\u1edbc t\u00ednh th\u1eddi gian \u0111\u1ecdc":"2 ph\u00fat"},"schema":{"@context":"https:\/\/schema.org","@graph":[{"@type":"WebPage","@id":"https:\/\/omanivietnam.com\/index.php\/san-pham\/allen-bradley-2198-d020-ers3\/","url":"https:\/\/omanivietnam.com\/index.php\/san-pham\/allen-bradley-2198-d020-ers3\/","name":"ALLEN BRADLEY 2198-D020-ERS3 - OMANI VI\u1ec6T NAM","isPartOf":{"@id":"https:\/\/omanivietnam.com\/#website"},"primaryImageOfPage":{"@id":"https:\/\/omanivietnam.com\/index.php\/san-pham\/allen-bradley-2198-d020-ers3\/#primaryimage"},"image":{"@id":"https:\/\/omanivietnam.com\/index.php\/san-pham\/allen-bradley-2198-d020-ers3\/#primaryimage"},"thumbnailUrl":"https:\/\/omanivietnam.com\/wp-content\/uploads\/2025\/11\/2198-D020-ERS3.png","datePublished":"2025-11-11T14:36:31+00:00","dateModified":"2025-11-11T14:40:08+00:00","description":"ALLEN BRADLEY 2198-D020-ERS3 Inverter","breadcrumb":{"@id":"https:\/\/omanivietnam.com\/index.php\/san-pham\/allen-bradley-2198-d020-ers3\/#breadcrumb"},"inLanguage":"vi","potentialAction":[{"@type":"ReadAction","target":["https:\/\/omanivietnam.com\/index.php\/san-pham\/allen-bradley-2198-d020-ers3\/"]}]},{"@type":"ImageObject","inLanguage":"vi","@id":"https:\/\/omanivietnam.com\/index.php\/san-pham\/allen-bradley-2198-d020-ers3\/#primaryimage","url":"https:\/\/omanivietnam.com\/wp-content\/uploads\/2025\/11\/2198-D020-ERS3.png","contentUrl":"https:\/\/omanivietnam.com\/wp-content\/uploads\/2025\/11\/2198-D020-ERS3.png","width":609,"height":460},{"@type":"BreadcrumbList","@id":"https:\/\/omanivietnam.com\/index.php\/san-pham\/allen-bradley-2198-d020-ers3\/#breadcrumb","itemListElement":[{"@type":"ListItem","position":1,"name":"Home","item":"https:\/\/omanivietnam.com\/"},{"@type":"ListItem","position":2,"name":"S\u1ea2N PH\u1ea8M","item":"https:\/\/omanivietnam.com\/index.php\/cua-hang\/"},{"@type":"ListItem","position":3,"name":"ALLEN BRADLEY 2198-D020-ERS3"}]},{"@type":"WebSite","@id":"https:\/\/omanivietnam.com\/#website","url":"https:\/\/omanivietnam.com\/","name":"OMANI VI\u1ec6T NAM","description":"Nh\u00e0 ph\u00e2n ph\u1ed1i thi\u1ebft b\u1ecb kh\u00ed n\u00e9n v\u00e0 thi\u1ebft b\u1ecb t\u1ef1 \u0111\u1ed9ng h\u00f3a trong c\u00f4ng nghi\u1ec7p","publisher":{"@id":"https:\/\/omanivietnam.com\/#\/schema\/person\/0ad398a980dc3fd696111c2c5c8fa897"},"potentialAction":[{"@type":"SearchAction","target":{"@type":"EntryPoint","urlTemplate":"https:\/\/omanivietnam.com\/?s={search_term_string}"},"query-input":"required name=search_term_string"}],"inLanguage":"vi"},{"@type":["Person","Organization"],"@id":"https:\/\/omanivietnam.com\/#\/schema\/person\/0ad398a980dc3fd696111c2c5c8fa897","name":"Nguy\u1ec5n V\u0103n Kh\u00e1nh","image":{"@type":"ImageObject","inLanguage":"vi","@id":"https:\/\/omanivietnam.com\/#\/schema\/person\/image\/","url":"https:\/\/omanivietnam.com\/wp-content\/uploads\/2024\/06\/logo-1024x1024.png","contentUrl":"https:\/\/omanivietnam.com\/wp-content\/uploads\/2024\/06\/logo-1024x1024.png","width":1024,"height":1024,"caption":"Nguy\u1ec5n V\u0103n Kh\u00e1nh"},"logo":{"@id":"https:\/\/omanivietnam.com\/#\/schema\/person\/image\/"},"sameAs":["https:\/\/omanivietnam.com"]}]}},"_links":{"self":[{"href":"https:\/\/omanivietnam.com\/index.php\/wp-json\/wp\/v2\/product\/4511","targetHints":{"allow":["GET"]}}],"collection":[{"href":"https:\/\/omanivietnam.com\/index.php\/wp-json\/wp\/v2\/product"}],"about":[{"href":"https:\/\/omanivietnam.com\/index.php\/wp-json\/wp\/v2\/types\/product"}],"replies":[{"embeddable":true,"href":"https:\/\/omanivietnam.com\/index.php\/wp-json\/wp\/v2\/comments?post=4511"}],"wp:featuredmedia":[{"embeddable":true,"href":"https:\/\/omanivietnam.com\/index.php\/wp-json\/wp\/v2\/media\/4512"}],"wp:attachment":[{"href":"https:\/\/omanivietnam.com\/index.php\/wp-json\/wp\/v2\/media?parent=4511"}],"wp:term":[{"taxonomy":"product_cat","embeddable":true,"href":"https:\/\/omanivietnam.com\/index.php\/wp-json\/wp\/v2\/product_cat?post=4511"},{"taxonomy":"product_tag","embeddable":true,"href":"https:\/\/omanivietnam.com\/index.php\/wp-json\/wp\/v2\/product_tag?post=4511"}],"curies":[{"name":"wp","href":"https:\/\/api.w.org\/{rel}","templated":true}]}}