{"id":4530,"date":"2025-11-19T21:45:30","date_gmt":"2025-11-19T14:45:30","guid":{"rendered":"https:\/\/omanivietnam.com\/?post_type=product&#038;p=4530"},"modified":"2025-11-19T21:47:37","modified_gmt":"2025-11-19T14:47:37","slug":"hakko-394","status":"publish","type":"product","link":"https:\/\/omanivietnam.com\/index.php\/san-pham\/hakko-394\/","title":{"rendered":"HAKKO 394"},"content":{"rendered":"<p>HAKKO 394<\/p>\n<h1 class=\"head02\"><span style=\"color: #222222;font-size: 15px;font-weight: 400\">Th\u00f4ng tin s\u1ea3n ph\u1ea9m<\/span><\/h1>\n<div id=\"dnn_ctr1212_productdetail_descriptionDiv\">\n<h3>Thi\u1ebft b\u1ecb h\u00fat ch\u00e2n kh\u00f4ng HAKKO 394<\/h3>\n<table class=\"product_table\" border=\"0\" width=\"520\" cellspacing=\"0\" cellpadding=\"1\" align=\"center\">\n<tbody>\n<tr>\n<td class=\"product_synop\" colspan=\"2\">D\u1ee5ng c\u1ee5 \u0111\u00f3n kh\u00f4ng d\u00e2y<\/td>\n<\/tr>\n<tr>\n<td valign=\"top\"><img decoding=\"async\" src=\"http:\/\/www.hakko.com\/english\/images\/common\/blue_right.gif\" alt=\"\" width=\"6\" height=\"9\" \/><\/td>\n<td class=\"product\" valign=\"bottom\">B\u01a1m c\u00f4ng su\u1ea5t cao si\u00eau nh\u1ecf g\u1ecdn gi\u00fap lo\u1ea1i b\u1ecf nhu c\u1ea7u v\u1ec1 d\u00e2y ngu\u1ed3n v\u00e0 \u1ed1ng kh\u00ed.<\/td>\n<\/tr>\n<tr>\n<td valign=\"top\"><img decoding=\"async\" src=\"http:\/\/www.hakko.com\/english\/images\/common\/blue_right.gif\" alt=\"\" width=\"6\" height=\"9\" \/><\/td>\n<td class=\"product\" valign=\"bottom\">H\u00fat li\u00ean t\u1ee5c cho ph\u00e9p d\u1ec5 d\u00e0ng x\u1eed l\u00fd c\u00e1c \u0111\u1ed1i t\u01b0\u1ee3ng.<\/td>\n<\/tr>\n<tr>\n<td valign=\"top\"><img decoding=\"async\" src=\"http:\/\/www.hakko.com\/english\/images\/common\/blue_right.gif\" alt=\"\" width=\"6\" height=\"9\" \/><\/td>\n<td class=\"product\" valign=\"bottom\">C\u00f4ng t\u1eafc c\u1ea3m \u1ee9ng m\u1ec1m<\/td>\n<\/tr>\n<tr>\n<td valign=\"top\"><img decoding=\"async\" src=\"http:\/\/www.hakko.com\/english\/images\/common\/blue_right.gif\" alt=\"\" width=\"6\" height=\"9\" \/><\/td>\n<td class=\"product\" valign=\"bottom\">Th\u00e2n b\u00fat d\u1ec5 d\u00e0ng ph\u00f9 h\u1ee3p v\u1edbi b\u00e0n tay c\u1ee7a b\u1ea1n.<\/td>\n<\/tr>\n<tr>\n<td valign=\"top\"><img decoding=\"async\" src=\"http:\/\/www.hakko.com\/english\/images\/common\/blue_right.gif\" alt=\"\" width=\"6\" height=\"9\" \/><\/td>\n<td class=\"product\" valign=\"bottom\">S\u1eed d\u1ee5ng v\u1eadt li\u1ec7u ch\u1ed1ng t\u0129nh \u0111i\u1ec7n<\/td>\n<\/tr>\n<tr>\n<td valign=\"top\"><img decoding=\"async\" src=\"http:\/\/www.hakko.com\/english\/images\/common\/blue_right.gif\" alt=\"\" width=\"6\" height=\"9\" \/><\/td>\n<td class=\"product\" valign=\"bottom\">V\u00f2i phun c\u00f3 n\u00fat ch\u1eb7n<br \/>\n\u00b7 N\u00fat ch\u1eb7n ng\u0103n ng\u00f2i v\u00f2i phun xuy\u00ean qua mi\u1ebfng \u0111\u1ec7m, l\u00e0m h\u1ecfng c\u00e1c b\u1ed9 ph\u1eadn v\u00e0 g\u00e2y ra l\u1ed7i h\u00fat.<\/td>\n<\/tr>\n<\/tbody>\n<\/table>\n<table border=\"0\" width=\"520\" cellspacing=\"0\" cellpadding=\"0\" align=\"center\">\n<tbody>\n<tr>\n<td class=\"product\"><img decoding=\"async\" src=\"http:\/\/www.hakko.com\/english\/images\/common\/blue_right.gif\" alt=\"\" width=\"6\" height=\"9\" \/>\u00a0D\u1ef1 \u0111\u1ecbnh l\u00e0m vi\u1ec7c<\/td>\n<\/tr>\n<\/tbody>\n<\/table>\n<table border=\"0\" width=\"520\" cellspacing=\"1\" cellpadding=\"3\" align=\"center\">\n<tbody>\n<tr>\n<td class=\"product\">C\u00e1c c\u00f4ng vi\u1ec7c li\u00ean quan \u0111\u1ebfn ch\u1ea5t b\u00e1n d\u1eabn<br \/>\nPick-up SMs<br \/>\nL\u1eafp r\u00e1p b\u1ec1 m\u1eb7t l\u1eafp r\u00e1p PCB<br \/>\nTruy\u1ec1n t\u1ea3i IC<\/td>\n<\/tr>\n<\/tbody>\n<\/table>\n<table border=\"0\" width=\"520\" cellspacing=\"0\" cellpadding=\"3\" align=\"center\">\n<tbody>\n<tr>\n<td class=\"product\">C\u00f4ng c\u1ee5 l\u1ea5y h\u00e0ng \u0111\u01b0\u1ee3c thi\u1ebft k\u1ebf \u0111\u1ec3 h\u00fat c\u00e1c th\u00e0nh ph\u1ea7n vi m\u00f4 \u0111\u01b0\u1ee3c s\u1eed d\u1ee5ng cho PCB, v.v. v\u00e0 kh\u00f4ng h\u00fat b\u1ee5i.\u00a0N\u1ebfu \u0111\u01b0\u1ee3c s\u1eed d\u1ee5ng \u0111\u1ec3 h\u1ea5p th\u1ee5 b\u1ee5i, n\u00f3 c\u00f3 th\u1ec3 kh\u00f4ng ho\u1ea1t \u0111\u1ed9ng do t\u1eafc ngh\u1ebdn c\u00e1c b\u1ed9 l\u1ecdc \u0111\u01b0\u1ee3c g\u1eafn b\u00ean trong.<\/td>\n<\/tr>\n<\/tbody>\n<\/table>\n<table border=\"0\" width=\"520\" cellspacing=\"0\" cellpadding=\"3\" align=\"center\">\n<tbody>\n<tr>\n<td valign=\"top\"><img decoding=\"async\" src=\"http:\/\/www.hakko.com\/english\/images\/common\/blue_right.gif\" alt=\"\" width=\"6\" height=\"9\" \/><\/td>\n<td class=\"black12\">Th\u00f4ng s\u1ed1 k\u1ef9 thu\u1eadt c\u1ee7a pad<\/td>\n<\/tr>\n<tr>\n<td colspan=\"2\">\n<table class=\"outline\" border=\"0\" cellspacing=\"0\" cellpadding=\"3\">\n<tbody>\n<tr>\n<td class=\"outline_th\">V\u1eadt ch\u1ea5t<\/td>\n<td class=\"outline_td\">Cao su silicon d\u1eabn \u0111i\u1ec7n<\/td>\n<\/tr>\n<tr>\n<td class=\"outline_th\">Nhi\u1ec7t \u0111\u1ed9 c\u00e1ch nhi\u1ec7t<\/td>\n<td class=\"outline_td\">Kho\u1ea3ng 150\u00a0\u00b0 C<\/td>\n<\/tr>\n<tr>\n<td class=\"outline_th\">Gi\u00e1 tr\u1ecb kh\u00e1ng<\/td>\n<td class=\"outline_td\">10\u00a04\u00a0\u03a9 \u0111\u1ebfn 10\u00a06\u00a0\u03a9<\/td>\n<\/tr>\n<tr>\n<td class=\"outline_th\">Ch\u1ec9 \u0111\u1ecbnh thay th\u1ebf pad<\/td>\n<td class=\"outline_td\">Khi t\u00ecm th\u1ea5y b\u1ea5t k\u1ef3 v\u1ebft n\u1ee9t ho\u1eb7c v\u1ebft r\u00e1ch n\u00e0o trong qu\u00e1 tr\u00ecnh ki\u1ec3m tra tr\u1ef1c quan, ho\u1eb7c c\u00e1c v\u1eadt th\u1ec3 kh\u00f4ng th\u1ec3 \u0111\u01b0\u1ee3c h\u00fat l\u00ean m\u1ed9t c\u00e1ch hi\u1ec7u qu\u1ea3<\/td>\n<\/tr>\n<\/tbody>\n<\/table>\n<\/td>\n<\/tr>\n<\/tbody>\n<\/table>\n<h1 class=\"head02\">Specifications<\/h1>\n<section>\n<div class=\"spec_area\">\n<div class=\"bscTbl tbl02 tblS blueTbl spec\">\n<table class=\"specTable\">\n<tbody>\n<tr>\n<th width=\"30%\">Model No.<\/th>\n<td>394<\/td>\n<\/tr>\n<tr>\n<th width=\"30%\">Power supply<\/th>\n<td>Two size AAA batteries<\/td>\n<\/tr>\n<tr>\n<th width=\"30%\">Pad<\/th>\n<td>Conductive silicone rubber<\/td>\n<\/tr>\n<tr>\n<th width=\"30%\">Time of continuous use<\/th>\n<td>Approx. 30,000 suction cycles (with alkaline batteries)<\/td>\n<\/tr>\n<tr>\n<th width=\"30%\">Suction capacity<\/th>\n<td>120 gf (with 10 mm dia. pad)<\/td>\n<\/tr>\n<tr>\n<th width=\"30%\">Dimensions<\/th>\n<td>130 (W) \u00d7 29 (H) \u00d7 22 (D) mm<\/td>\n<\/tr>\n<tr>\n<th width=\"30%\">Weight<\/th>\n<td>43 g<\/td>\n<\/tr>\n<\/tbody>\n<\/table>\n<\/div>\n<p class=\"head03\">Cordless suction pick-up tool<\/p>\n<p class=\"head04\">Ultra-compact high powered pump eliminates need for a power cord and an air tube.<\/p>\n<p class=\"head04\">Continuous suction allows easy handling of objects.<\/p>\n<p class=\"head04\">Soft touch switch<\/p>\n<p class=\"head04\">Pen-type body is easy to fit into your hand.<\/p>\n<p class=\"head04\">Utilizes antistatic material<\/p>\n<p class=\"head04\">Nozzle with a stopper<\/p>\n<h3 class=\"head04\">Examples of nozzle and pad combinations and suction power<\/h3>\n<div class=\"bscTbl tbl02 tableScroll btm40\">\n<table class=\"specTable\">\n<thead>\n<tr>\n<th scope=\"col\">Image of combination<\/th>\n<th scope=\"col\">Nozzle<\/th>\n<th scope=\"col\">Pad<\/th>\n<th scope=\"col\">Maximum suction power<\/th>\n<\/tr>\n<\/thead>\n<tbody>\n<tr>\n<td rowspan=\"4\"><img decoding=\"async\" src=\"https:\/\/www.hakko.com\/english\/products\/imgs\/other\/394_op_10.gif\" \/><\/td>\n<td rowspan=\"4\">A1165<\/td>\n<td>A1166<br \/>\n3 mm dia.<\/td>\n<td>6 gf<br \/>\n(option)<\/td>\n<\/tr>\n<tr>\n<td>A1312<br \/>\n5 mm dia.<\/td>\n<td>40 gf<\/td>\n<\/tr>\n<tr>\n<td>A1167<br \/>\n7 mm dia.<\/td>\n<td>80 gf<br \/>\n(option)<\/td>\n<\/tr>\n<tr>\n<td>A1311<br \/>\n10 mm dia.<\/td>\n<td>120 gf<\/td>\n<\/tr>\n<tr>\n<td rowspan=\"4\"><img decoding=\"async\" src=\"https:\/\/www.hakko.com\/english\/products\/imgs\/other\/394_op_13.gif\" \/><\/td>\n<td rowspan=\"4\">A1486<\/td>\n<td>A1166<br \/>\n3 mm dia.<\/td>\n<td>6 gf<br \/>\n(option)<\/td>\n<\/tr>\n<tr>\n<td>A1312<br \/>\n5 mm dia.<\/td>\n<td>40 gf<\/td>\n<\/tr>\n<tr>\n<td>A1167<br \/>\n7 mm dia.<\/td>\n<td>80 gf<br \/>\n(option)<\/td>\n<\/tr>\n<tr>\n<td>A1311<br \/>\n10 mm dia.<\/td>\n<td>120 gf<\/td>\n<\/tr>\n<\/tbody>\n<\/table>\n<\/div>\n<h3 class=\"head04\">Nozzle single use<\/h3>\n<div class=\"bscTbl tbl02 tableScroll btm40\">\n<table class=\"specTable\">\n<thead>\n<tr>\n<th colspan=\"3\" scope=\"col\">Nozzle<\/th>\n<th scope=\"col\">Maximum suction power<\/th>\n<th scope=\"col\">Application<\/th>\n<th scope=\"col\">Mark\u00a0<sup>*2<\/sup><\/th>\n<\/tr>\n<\/thead>\n<tbody>\n<tr>\n<td>Bent nozzle<\/td>\n<td>\uff211164<br \/>\n0.4 mm dia.<\/td>\n<td><img decoding=\"async\" src=\"https:\/\/www.hakko.com\/english\/products\/imgs\/other\/394_op_01.gif\" alt=\"Bent Nozzle\" \/><br \/>\noption<\/td>\n<td>0.6 gf<\/td>\n<td>Chip resistors, other tiny components<\/td>\n<td>\u300c22\u300d<\/td>\n<\/tr>\n<tr>\n<td>Bent nozzle<\/td>\n<td>\uff211198<br \/>\n0.26 mm dia.<\/td>\n<td><img decoding=\"async\" src=\"https:\/\/www.hakko.com\/english\/products\/imgs\/other\/394_op_02.gif\" alt=\"Bent Nozzle\" \/><br \/>\noption<\/td>\n<td>\uff0d<\/td>\n<td>0603 chip<\/td>\n<td>\u300c25\u300d<\/td>\n<\/tr>\n<\/tbody>\n<\/table>\n<\/div>\n<\/div>\n<\/section>\n<\/div>\n","protected":false},"excerpt":{"rendered":"<p>HAKKO 394 Th\u00f4ng tin s\u1ea3n ph\u1ea9m Thi\u1ebft b\u1ecb h\u00fat ch\u00e2n kh\u00f4ng HAKKO 394 D\u1ee5ng c\u1ee5 \u0111\u00f3n kh\u00f4ng d\u00e2y B\u01a1m c\u00f4ng su\u1ea5t cao si\u00eau nh\u1ecf g\u1ecdn gi\u00fap lo\u1ea1i b\u1ecf nhu c\u1ea7u v\u1ec1 d\u00e2y ngu\u1ed3n v\u00e0 \u1ed1ng kh\u00ed. H\u00fat li\u00ean t\u1ee5c cho ph\u00e9p d\u1ec5 d\u00e0ng x\u1eed l\u00fd c\u00e1c \u0111\u1ed1i t\u01b0\u1ee3ng. C\u00f4ng t\u1eafc&hellip; <\/p>\n","protected":false},"featured_media":4531,"comment_status":"open","ping_status":"closed","template":"","meta":[],"product_cat":[856],"product_tag":[858,857,859],"class_list":{"0":"post-4530","1":"product","2":"type-product","3":"status-publish","4":"has-post-thumbnail","6":"product_cat-hakko","7":"product_tag-dai-ly-hakko-viet-nam","8":"product_tag-hakko-viet-nam","9":"product_tag-thiet-bi-hut-chan-khong","11":"first","12":"instock","13":"shipping-taxable","14":"product-type-simple"},"yoast_head":"<!-- This site is optimized with the Yoast SEO plugin v22.8 - https:\/\/yoast.com\/wordpress\/plugins\/seo\/ -->\n<title>HAKKO 394 - OMANI VI\u1ec6T NAM<\/title>\n<meta name=\"description\" content=\"HAKKO 394 Battery-powered suction pick-up tool with built-in vacuum pump\" \/>\n<meta name=\"robots\" content=\"index, follow, max-snippet:-1, max-image-preview:large, max-video-preview:-1\" \/>\n<link rel=\"canonical\" href=\"https:\/\/omanivietnam.com\/index.php\/san-pham\/hakko-394\/\" \/>\n<meta property=\"og:locale\" content=\"vi_VN\" \/>\n<meta property=\"og:type\" content=\"article\" \/>\n<meta property=\"og:title\" content=\"HAKKO 394 - OMANI VI\u1ec6T NAM\" \/>\n<meta property=\"og:description\" content=\"HAKKO 394 Battery-powered suction pick-up tool with built-in vacuum pump\" \/>\n<meta property=\"og:url\" content=\"https:\/\/omanivietnam.com\/index.php\/san-pham\/hakko-394\/\" \/>\n<meta property=\"og:site_name\" content=\"OMANI VI\u1ec6T NAM\" \/>\n<meta property=\"article:modified_time\" content=\"2025-11-19T14:47:37+00:00\" \/>\n<meta property=\"og:image\" content=\"https:\/\/omanivietnam.com\/wp-content\/uploads\/2025\/11\/394.png\" \/>\n\t<meta property=\"og:image:width\" content=\"500\" \/>\n\t<meta property=\"og:image:height\" content=\"293\" \/>\n\t<meta property=\"og:image:type\" content=\"image\/png\" \/>\n<meta name=\"twitter:card\" content=\"summary_large_image\" \/>\n<meta name=\"twitter:label1\" content=\"\u01af\u1edbc t\u00ednh th\u1eddi gian \u0111\u1ecdc\" \/>\n\t<meta name=\"twitter:data1\" content=\"5 ph\u00fat\" \/>\n<script type=\"application\/ld+json\" class=\"yoast-schema-graph\">{\"@context\":\"https:\/\/schema.org\",\"@graph\":[{\"@type\":\"WebPage\",\"@id\":\"https:\/\/omanivietnam.com\/index.php\/san-pham\/hakko-394\/\",\"url\":\"https:\/\/omanivietnam.com\/index.php\/san-pham\/hakko-394\/\",\"name\":\"HAKKO 394 - OMANI VI\u1ec6T NAM\",\"isPartOf\":{\"@id\":\"https:\/\/omanivietnam.com\/#website\"},\"primaryImageOfPage\":{\"@id\":\"https:\/\/omanivietnam.com\/index.php\/san-pham\/hakko-394\/#primaryimage\"},\"image\":{\"@id\":\"https:\/\/omanivietnam.com\/index.php\/san-pham\/hakko-394\/#primaryimage\"},\"thumbnailUrl\":\"https:\/\/omanivietnam.com\/wp-content\/uploads\/2025\/11\/394.png\",\"datePublished\":\"2025-11-19T14:45:30+00:00\",\"dateModified\":\"2025-11-19T14:47:37+00:00\",\"description\":\"HAKKO 394 Battery-powered suction pick-up tool with built-in vacuum pump\",\"breadcrumb\":{\"@id\":\"https:\/\/omanivietnam.com\/index.php\/san-pham\/hakko-394\/#breadcrumb\"},\"inLanguage\":\"vi\",\"potentialAction\":[{\"@type\":\"ReadAction\",\"target\":[\"https:\/\/omanivietnam.com\/index.php\/san-pham\/hakko-394\/\"]}]},{\"@type\":\"ImageObject\",\"inLanguage\":\"vi\",\"@id\":\"https:\/\/omanivietnam.com\/index.php\/san-pham\/hakko-394\/#primaryimage\",\"url\":\"https:\/\/omanivietnam.com\/wp-content\/uploads\/2025\/11\/394.png\",\"contentUrl\":\"https:\/\/omanivietnam.com\/wp-content\/uploads\/2025\/11\/394.png\",\"width\":500,\"height\":293},{\"@type\":\"BreadcrumbList\",\"@id\":\"https:\/\/omanivietnam.com\/index.php\/san-pham\/hakko-394\/#breadcrumb\",\"itemListElement\":[{\"@type\":\"ListItem\",\"position\":1,\"name\":\"Home\",\"item\":\"https:\/\/omanivietnam.com\/\"},{\"@type\":\"ListItem\",\"position\":2,\"name\":\"S\u1ea2N PH\u1ea8M\",\"item\":\"https:\/\/omanivietnam.com\/index.php\/cua-hang\/\"},{\"@type\":\"ListItem\",\"position\":3,\"name\":\"HAKKO 394\"}]},{\"@type\":\"WebSite\",\"@id\":\"https:\/\/omanivietnam.com\/#website\",\"url\":\"https:\/\/omanivietnam.com\/\",\"name\":\"OMANI VI\u1ec6T NAM\",\"description\":\"Nh\u00e0 ph\u00e2n ph\u1ed1i thi\u1ebft b\u1ecb kh\u00ed n\u00e9n v\u00e0 thi\u1ebft b\u1ecb t\u1ef1 \u0111\u1ed9ng h\u00f3a trong c\u00f4ng nghi\u1ec7p\",\"publisher\":{\"@id\":\"https:\/\/omanivietnam.com\/#\/schema\/person\/0ad398a980dc3fd696111c2c5c8fa897\"},\"potentialAction\":[{\"@type\":\"SearchAction\",\"target\":{\"@type\":\"EntryPoint\",\"urlTemplate\":\"https:\/\/omanivietnam.com\/?s={search_term_string}\"},\"query-input\":\"required name=search_term_string\"}],\"inLanguage\":\"vi\"},{\"@type\":[\"Person\",\"Organization\"],\"@id\":\"https:\/\/omanivietnam.com\/#\/schema\/person\/0ad398a980dc3fd696111c2c5c8fa897\",\"name\":\"Nguy\u1ec5n V\u0103n Kh\u00e1nh\",\"image\":{\"@type\":\"ImageObject\",\"inLanguage\":\"vi\",\"@id\":\"https:\/\/omanivietnam.com\/#\/schema\/person\/image\/\",\"url\":\"https:\/\/omanivietnam.com\/wp-content\/uploads\/2024\/06\/logo-1024x1024.png\",\"contentUrl\":\"https:\/\/omanivietnam.com\/wp-content\/uploads\/2024\/06\/logo-1024x1024.png\",\"width\":1024,\"height\":1024,\"caption\":\"Nguy\u1ec5n V\u0103n Kh\u00e1nh\"},\"logo\":{\"@id\":\"https:\/\/omanivietnam.com\/#\/schema\/person\/image\/\"},\"sameAs\":[\"https:\/\/omanivietnam.com\"]}]}<\/script>\n<!-- \/ Yoast SEO plugin. -->","yoast_head_json":{"title":"HAKKO 394 - OMANI VI\u1ec6T NAM","description":"HAKKO 394 Battery-powered suction pick-up tool with built-in vacuum pump","robots":{"index":"index","follow":"follow","max-snippet":"max-snippet:-1","max-image-preview":"max-image-preview:large","max-video-preview":"max-video-preview:-1"},"canonical":"https:\/\/omanivietnam.com\/index.php\/san-pham\/hakko-394\/","og_locale":"vi_VN","og_type":"article","og_title":"HAKKO 394 - OMANI VI\u1ec6T NAM","og_description":"HAKKO 394 Battery-powered suction pick-up tool with built-in vacuum pump","og_url":"https:\/\/omanivietnam.com\/index.php\/san-pham\/hakko-394\/","og_site_name":"OMANI VI\u1ec6T NAM","article_modified_time":"2025-11-19T14:47:37+00:00","og_image":[{"width":500,"height":293,"url":"https:\/\/omanivietnam.com\/wp-content\/uploads\/2025\/11\/394.png","type":"image\/png"}],"twitter_card":"summary_large_image","twitter_misc":{"\u01af\u1edbc t\u00ednh th\u1eddi gian \u0111\u1ecdc":"5 ph\u00fat"},"schema":{"@context":"https:\/\/schema.org","@graph":[{"@type":"WebPage","@id":"https:\/\/omanivietnam.com\/index.php\/san-pham\/hakko-394\/","url":"https:\/\/omanivietnam.com\/index.php\/san-pham\/hakko-394\/","name":"HAKKO 394 - OMANI VI\u1ec6T NAM","isPartOf":{"@id":"https:\/\/omanivietnam.com\/#website"},"primaryImageOfPage":{"@id":"https:\/\/omanivietnam.com\/index.php\/san-pham\/hakko-394\/#primaryimage"},"image":{"@id":"https:\/\/omanivietnam.com\/index.php\/san-pham\/hakko-394\/#primaryimage"},"thumbnailUrl":"https:\/\/omanivietnam.com\/wp-content\/uploads\/2025\/11\/394.png","datePublished":"2025-11-19T14:45:30+00:00","dateModified":"2025-11-19T14:47:37+00:00","description":"HAKKO 394 Battery-powered suction pick-up tool with built-in vacuum pump","breadcrumb":{"@id":"https:\/\/omanivietnam.com\/index.php\/san-pham\/hakko-394\/#breadcrumb"},"inLanguage":"vi","potentialAction":[{"@type":"ReadAction","target":["https:\/\/omanivietnam.com\/index.php\/san-pham\/hakko-394\/"]}]},{"@type":"ImageObject","inLanguage":"vi","@id":"https:\/\/omanivietnam.com\/index.php\/san-pham\/hakko-394\/#primaryimage","url":"https:\/\/omanivietnam.com\/wp-content\/uploads\/2025\/11\/394.png","contentUrl":"https:\/\/omanivietnam.com\/wp-content\/uploads\/2025\/11\/394.png","width":500,"height":293},{"@type":"BreadcrumbList","@id":"https:\/\/omanivietnam.com\/index.php\/san-pham\/hakko-394\/#breadcrumb","itemListElement":[{"@type":"ListItem","position":1,"name":"Home","item":"https:\/\/omanivietnam.com\/"},{"@type":"ListItem","position":2,"name":"S\u1ea2N PH\u1ea8M","item":"https:\/\/omanivietnam.com\/index.php\/cua-hang\/"},{"@type":"ListItem","position":3,"name":"HAKKO 394"}]},{"@type":"WebSite","@id":"https:\/\/omanivietnam.com\/#website","url":"https:\/\/omanivietnam.com\/","name":"OMANI VI\u1ec6T NAM","description":"Nh\u00e0 ph\u00e2n ph\u1ed1i thi\u1ebft b\u1ecb kh\u00ed n\u00e9n v\u00e0 thi\u1ebft b\u1ecb t\u1ef1 \u0111\u1ed9ng h\u00f3a trong c\u00f4ng nghi\u1ec7p","publisher":{"@id":"https:\/\/omanivietnam.com\/#\/schema\/person\/0ad398a980dc3fd696111c2c5c8fa897"},"potentialAction":[{"@type":"SearchAction","target":{"@type":"EntryPoint","urlTemplate":"https:\/\/omanivietnam.com\/?s={search_term_string}"},"query-input":"required name=search_term_string"}],"inLanguage":"vi"},{"@type":["Person","Organization"],"@id":"https:\/\/omanivietnam.com\/#\/schema\/person\/0ad398a980dc3fd696111c2c5c8fa897","name":"Nguy\u1ec5n V\u0103n Kh\u00e1nh","image":{"@type":"ImageObject","inLanguage":"vi","@id":"https:\/\/omanivietnam.com\/#\/schema\/person\/image\/","url":"https:\/\/omanivietnam.com\/wp-content\/uploads\/2024\/06\/logo-1024x1024.png","contentUrl":"https:\/\/omanivietnam.com\/wp-content\/uploads\/2024\/06\/logo-1024x1024.png","width":1024,"height":1024,"caption":"Nguy\u1ec5n V\u0103n Kh\u00e1nh"},"logo":{"@id":"https:\/\/omanivietnam.com\/#\/schema\/person\/image\/"},"sameAs":["https:\/\/omanivietnam.com"]}]}},"_links":{"self":[{"href":"https:\/\/omanivietnam.com\/index.php\/wp-json\/wp\/v2\/product\/4530","targetHints":{"allow":["GET"]}}],"collection":[{"href":"https:\/\/omanivietnam.com\/index.php\/wp-json\/wp\/v2\/product"}],"about":[{"href":"https:\/\/omanivietnam.com\/index.php\/wp-json\/wp\/v2\/types\/product"}],"replies":[{"embeddable":true,"href":"https:\/\/omanivietnam.com\/index.php\/wp-json\/wp\/v2\/comments?post=4530"}],"wp:featuredmedia":[{"embeddable":true,"href":"https:\/\/omanivietnam.com\/index.php\/wp-json\/wp\/v2\/media\/4531"}],"wp:attachment":[{"href":"https:\/\/omanivietnam.com\/index.php\/wp-json\/wp\/v2\/media?parent=4530"}],"wp:term":[{"taxonomy":"product_cat","embeddable":true,"href":"https:\/\/omanivietnam.com\/index.php\/wp-json\/wp\/v2\/product_cat?post=4530"},{"taxonomy":"product_tag","embeddable":true,"href":"https:\/\/omanivietnam.com\/index.php\/wp-json\/wp\/v2\/product_tag?post=4530"}],"curies":[{"name":"wp","href":"https:\/\/api.w.org\/{rel}","templated":true}]}}