{"id":4557,"date":"2025-11-26T22:08:04","date_gmt":"2025-11-26T15:08:04","guid":{"rendered":"https:\/\/omanivietnam.com\/?post_type=product&#038;p=4557"},"modified":"2025-11-26T22:08:04","modified_gmt":"2025-11-26T15:08:04","slug":"leuze-prk25c-a2-6g","status":"publish","type":"product","link":"https:\/\/omanivietnam.com\/index.php\/san-pham\/leuze-prk25c-a2-6g\/","title":{"rendered":"LEUZE PRK25C.A2\/6G"},"content":{"rendered":"<p>LEUZE PRK25C.A2\/6G 50141896<\/p>\n<p>LEUZE PRK25C.A2\/6G-200-M12 50144817<\/p>\n<h2 data-start=\"281\" data-end=\"306\">Gi\u1edbi thi\u1ec7u C\u1ea3m Bi\u1ebfn Quang Leuze PRK25C.A2\/6G<\/h2>\n<p data-start=\"307\" data-end=\"742\">S\u1ea3n ph\u1ea9m C\u1ea3m Bi\u1ebfn Quang Leuze PRK25C.A2\/6G l\u00e0 m\u1ed9t trong nh\u1eefng thi\u1ebft b\u1ecb thu\u1ed9c danh m\u1ee5c c\u1ea3m bi\u1ebfn quang, \u0111\u01b0\u1ee3c thi\u1ebft k\u1ebf nh\u1eb1m \u0111\u00e1p \u1ee9ng nhu c\u1ea7u trong c\u00e1c h\u1ec7 th\u1ed1ng t\u1ef1 \u0111\u1ed9ng h\u00f3a v\u00e0 d\u00e2y chuy\u1ec1n s\u1ea3n xu\u1ea5t hi\u1ec7n \u0111\u1ea1i. V\u1edbi kh\u1ea3 n\u0103ng ho\u1ea1t \u0111\u1ed9ng \u1ed5n \u0111\u1ecbnh, \u0111\u1ed9 b\u1ec1n cao v\u00e0 t\u00ednh linh ho\u1ea1t, 168506 \u0111\u01b0\u1ee3c nhi\u1ec1u doanh nghi\u1ec7p l\u1ef1a ch\u1ecdn \u0111\u1ec3 n\u00e2ng cao hi\u1ec7u su\u1ea5t, t\u1ed1i \u01b0u chi ph\u00ed v\u1eadn h\u00e0nh v\u00e0 \u0111\u1ea3m b\u1ea3o an to\u00e0n cho h\u1ec7 th\u1ed1ng.<\/p>\n<div>\n<div class=\"group _tableWrapper_1rjym_13 flex w-fit flex-col-reverse\"><\/div>\n<h3 data-start=\"749\" data-end=\"771\">\u0110\u1eb7c \u0111i\u1ec3m n\u1ed5i b\u1eadt<\/h3>\n<ul data-start=\"772\" data-end=\"1437\">\n<li data-start=\"772\" data-end=\"916\">\n<p data-start=\"774\" data-end=\"916\">Hi\u1ec7u su\u1ea5t cao: S\u1ea3n ph\u1ea9m \u0111\u01b0\u1ee3c ch\u1ebf t\u1ea1o t\u1eeb v\u1eadt li\u1ec7u ch\u1ea5t l\u01b0\u1ee3ng, \u0111\u1ea3m b\u1ea3o kh\u1ea3 n\u0103ng v\u1eadn h\u00e0nh \u1ed5n \u0111\u1ecbnh trong m\u00f4i tr\u01b0\u1eddng c\u00f4ng nghi\u1ec7p kh\u1eafc nghi\u1ec7t.<\/p>\n<\/li>\n<li data-start=\"917\" data-end=\"1032\">\n<p data-start=\"919\" data-end=\"1032\">Thi\u1ebft k\u1ebf t\u1ed1i \u01b0u: K\u00edch th\u01b0\u1edbc nh\u1ecf g\u1ecdn, d\u1ec5 l\u1eafp \u0111\u1eb7t v\u00e0 t\u01b0\u01a1ng th\u00edch v\u1edbi nhi\u1ec1u thi\u1ebft b\u1ecb kh\u00e1c nhau trong h\u1ec7 th\u1ed1ng.<\/p>\n<\/li>\n<li data-start=\"1033\" data-end=\"1171\">\n<p data-start=\"1035\" data-end=\"1171\">\u0110\u1ed9 ch\u00ednh x\u00e1c v\u00e0 tin c\u1eady: \u0110\u01b0\u1ee3c s\u1ea3n xu\u1ea5t theo ti\u00eau chu\u1ea9n qu\u1ed1c t\u1ebf, gi\u00fap gi\u1ea3m thi\u1ec3u sai s\u1ed1 v\u00e0 t\u0103ng \u0111\u1ed9 tin c\u1eady trong qu\u00e1 tr\u00ecnh s\u1eed d\u1ee5ng.<\/p>\n<\/li>\n<li data-start=\"1172\" data-end=\"1301\">\n<p data-start=\"1174\" data-end=\"1301\">An to\u00e0n v\u00e0 b\u1ec1n b\u1ec9: Ch\u1ecbu \u0111\u01b0\u1ee3c va \u0111\u1eadp, rung \u0111\u1ed9ng, b\u1ee5i b\u1ea9n v\u00e0 nhi\u1ec7t \u0111\u1ed9 cao; tu\u1ed5i th\u1ecd ho\u1ea1t \u0111\u1ed9ng d\u00e0i, h\u1ea1n ch\u1ebf chi ph\u00ed b\u1ea3o tr\u00ec.<\/p>\n<\/li>\n<li data-start=\"1302\" data-end=\"1437\">\n<p data-start=\"1304\" data-end=\"1437\">T\u00ednh linh ho\u1ea1t cao: C\u00f3 nhi\u1ec1u t\u00f9y ch\u1ecdn v\u1ec1 c\u00f4ng su\u1ea5t, k\u00edch th\u01b0\u1edbc, \u0111i\u1ec7n \u00e1p ho\u1eb7c ng\u00f5 ra \u2013 ph\u00f9 h\u1ee3p v\u1edbi \u0111a d\u1ea1ng \u1ee9ng d\u1ee5ng c\u00f4ng nghi\u1ec7p.<\/p>\n<\/li>\n<\/ul>\n<h3 data-start=\"1444\" data-end=\"1466\">\u1ee8ng d\u1ee5ng th\u1ef1c t\u1ebf<\/h3>\n<p data-start=\"1467\" data-end=\"1547\"><strong>C\u1ea3m Bi\u1ebfn Quang Leuze PRK25C.A2\/6G<\/strong>\u00a0\u0111\u01b0\u1ee3c s\u1eed d\u1ee5ng r\u1ed9ng r\u00e3i trong nhi\u1ec1u l\u0129nh v\u1ef1c c\u00f4ng nghi\u1ec7p nh\u01b0:<\/p>\n<ul data-start=\"1548\" data-end=\"2070\">\n<li data-start=\"1548\" data-end=\"1626\">\n<p data-start=\"1550\" data-end=\"1626\">T\u1ef1 \u0111\u1ed9ng h\u00f3a nh\u00e0 m\u00e1y: \u0110i\u1ec1u khi\u1ec3n thi\u1ebft b\u1ecb, gi\u00e1m s\u00e1t quy tr\u00ecnh s\u1ea3n xu\u1ea5t.<\/p>\n<\/li>\n<li data-start=\"1627\" data-end=\"1720\">\n<p data-start=\"1629\" data-end=\"1720\">H\u1ec7 th\u1ed1ng \u0111i\u1ec7n \u2013 \u0111i\u1ec7n t\u1eed: D\u00f9ng trong t\u1ee7 \u0111i\u1ec7n, tr\u1ea1m \u0111i\u1ec1u khi\u1ec3n ho\u1eb7c d\u00e2y chuy\u1ec1n l\u1eafp r\u00e1p.<\/p>\n<\/li>\n<li data-start=\"1721\" data-end=\"1834\">\n<p data-start=\"1723\" data-end=\"1834\">Ng\u00e0nh th\u1ef1c ph\u1ea9m, d\u01b0\u1ee3c ph\u1ea9m, bao b\u00ec: \u0110\u1ea3m b\u1ea3o ho\u1ea1t \u0111\u1ed9ng \u1ed5n \u0111\u1ecbnh, ch\u00ednh x\u00e1c, \u0111\u00e1p \u1ee9ng ti\u00eau chu\u1ea9n an to\u00e0n cao.<\/p>\n<\/li>\n<li data-start=\"1835\" data-end=\"1944\">\n<p data-start=\"1837\" data-end=\"1944\">C\u01a1 kh\u00ed v\u00e0 ch\u1ebf t\u1ea1o m\u00e1y: T\u00edch h\u1ee3p d\u1ec5 d\u00e0ng trong h\u1ec7 th\u1ed1ng truy\u1ec1n \u0111\u1ed9ng, c\u1ea3m bi\u1ebfn, ho\u1eb7c thi\u1ebft b\u1ecb \u0111o l\u01b0\u1eddng.<\/p>\n<\/li>\n<li data-start=\"1945\" data-end=\"2070\">\n<p data-start=\"1947\" data-end=\"2070\">Ng\u00e0nh n\u0103ng l\u01b0\u1ee3ng v\u00e0 m\u00f4i tr\u01b0\u1eddng: H\u1ed7 tr\u1ee3 ki\u1ec3m so\u00e1t d\u00f2ng \u0111i\u1ec7n, \u00e1p su\u1ea5t, l\u01b0u l\u01b0\u1ee3ng, nhi\u1ec7t \u0111\u1ed9 trong c\u00e1c quy tr\u00ecnh t\u1ef1 \u0111\u1ed9ng.<\/p>\n<\/li>\n<\/ul>\n<\/div>\n<h2 class=\"title-product item_name\">C\u1ea3m bi\u1ebfn Leuze PRK25C.A2\/6G 50141896<\/h2>\n<h3>1.C\u1ea3m bi\u1ebfn\u00a0PRK25C.A2\/6G 50141896:<\/h3>\n<div>\n<p>Lo\u1ea1t 25C<br \/>\nNguy\u00ean l\u00fd ho\u1ea1t \u0111\u1ed9ng Nguy\u00ean l\u00fd ph\u1ea3n x\u1ea1<br \/>\n\u1ee8ng d\u1ee5ng Ph\u00e1t hi\u1ec7n chai c\u00f3 \u0111\u1ed9 trong su\u1ed1t cao<br \/>\nPh\u00e1t hi\u1ec7n m\u00e0ng trong su\u1ed1t<br \/>\nPhi\u00ean b\u1ea3n \u0111\u1eb7c bi\u1ec7t T\u1ef1 \u0111\u1ed9ng chu\u1ea9n tr\u1ef1c<br \/>\nPh\u1ea1m vi ho\u1ea1t \u0111\u1ed9ng 0 \u2026 5 m, C\u00f3 g\u01b0\u01a1ng ph\u1ea3n x\u1ea1 TK(S) 100\u00d7100<br \/>\nPh\u1ea1m vi ho\u1ea1t \u0111\u1ed9ng Ph\u1ea1m vi ho\u1ea1t \u0111\u1ed9ng \u0111\u01b0\u1ee3c \u0111\u1ea3m b\u1ea3o<br \/>\nGi\u1edbi h\u1ea1n ph\u1ea1m vi ho\u1ea1t \u0111\u1ed9ng Ph\u1ea1m vi ho\u1ea1t \u0111\u1ed9ng \u0111i\u1ec3n h\u00ecnh<br \/>\nGi\u1edbi h\u1ea1n ph\u1ea1m vi ho\u1ea1t \u0111\u1ed9ng 0 \u2026 6 m, C\u00f3 ch\u00f3a ph\u1ea3n quang TK(S) 100\u00d7100<br \/>\nNgu\u1ed3n s\u00e1ng \u0111\u00e8n LED, m\u00e0u \u0111\u1ecf<br \/>\nB\u01b0\u1edbc s\u00f3ng 640nm<br \/>\nNh\u00f3m \u0111\u00e8n LED Nh\u00f3m \u0111\u01b0\u1ee3c mi\u1ec5n tr\u1eeb (theo EN 62471)<br \/>\nM\u1ea1ch b\u1ea3o v\u1ec7 B\u1ea3o v\u1ec7 \u0111\u1ea3o c\u1ef1c<br \/>\nb\u1ea3o v\u1ec7 ng\u1eafn m\u1ea1ch<br \/>\n\u0110i\u1ec7n \u00e1p cung c\u1ea5p U B 10 \u2026 30 V, DC, Bao g\u1ed3m. g\u1ee3n s\u00f3ng d\u01b0<br \/>\ng\u1ee3n s\u00f3ng d\u01b0 0 \u2026 15 %, T\u1eeb U B<br \/>\nD\u00f2ng \u0111i\u1ec7n h\u1edf m\u1ea1ch 0 \u2026 20 mA<\/p>\n<h3 id=\"brxe-fqxzsn\" class=\"brxe-heading\">S\u1ea3n ph\u1ea9m t\u01b0\u01a1ng t\u1ef1<\/h3>\n<p>C\u1ea3m bi\u1ebfn Leuze HT46C\/6G-M12<\/p>\n<p>C\u1ea3m bi\u1ebfn Leuze CML730i-R20-950.A\/PB-M12<\/p>\n<p>C\u1ea3m Bi\u1ebfn Quang Leuze MLC500T90-1350\/A<\/p>\n<p>C\u1ea3m Bi\u1ebfn Quang Sick WL9LGC-3P2232B02<\/p>\n<p>Balluff BOS 6K-XI-RS10-02 C\u1ea3m Bi\u1ebfn Quang<\/p>\n<p>Sick WLA12L-34162130A00<\/p>\n<p>Balluff BOH TK-R003-007-01-S49F<\/p>\n<p>C\u1ea3m Bi\u1ebfn Quang Sick WTB9L-3P3491<\/p>\n<p>C\u1ea3m Bi\u1ebfn Quang Sick ZTB18-8AB5B1D04<\/p>\n<p>Balluff BOS 18KF-NA-1PE-C-02 C\u1ea3m bi\u1ebfn<\/p>\n<p>Leuze CML720i-R40-1570.A\/PN-M12<\/p>\n<p>C\u1ea3m Bi\u1ebfn Quang Banner DS18VN6R<\/p>\n<p>C\u1ea3m Bi\u1ebfn Quang Banner QS18VP6FF150Q5<\/p>\n<p>C\u1ea3m Bi\u1ebfn Quang Leuze PRK3C.A3\/4-M8.3<\/p>\n<p>C\u1ea3m Bi\u1ebfn Quang Banner T30AD9FF150<\/p>\n<p>C\u1ea3m Bi\u1ebfn Quang Leuze MLC320R40-450<\/p>\n<p>C\u1ea3m bi\u1ebfn Leuze MMS-A-2N55 C\u1ea3m bi\u1ebfn<\/p>\n<p>Leuze CML730i-R20-150.A\/D3-M12<\/p>\n<p>C\u1ea3m Bi\u1ebfn Quang Sick GL6-P1311<\/p>\n<p>C\u1ea3m Bi\u1ebfn Ti\u1ec7m C\u1eadn Leuze MC336-S1C2-A Bar code readers Leuze DCR 202i FIX-L1-102-R3 C\u1ea3m Bi\u1ebfn Quang Leuze MLC530R30-450\/V<\/p>\n<p>C\u1ea3m Bi\u1ebfn \u00c1nh S\u00e1ng Leuze CML720i-T10-960.A-M12<\/p>\n<p>C\u1ea3m Bi\u1ebfn Quang Sick WTB4FP-31312120ZZZ<\/p>\n<p>C\u1ea3m Bi\u1ebfn Quang Leuze MLC500T14-1350H\/A<\/p>\n<p>C\u1ea3m Bi\u1ebfn Quang Leuze PRK412B\/4 Balluff BOS 5K-NU-LH12-02 Safety command devices Leuze ERS200-M0C3-M20-HLR<\/p>\n<p>C\u1ea3m Bi\u1ebfn Quang Banner SM30PRLQDC<\/p>\n<p>C\u1ea3m Bi\u1ebfn Quang Banner VS8LEJQ<\/p>\n<p>C\u1ea3m Bi\u1ebfn Quang Leuze PRK5B\/4X-350-M12 Fork Sensor Leuze GSX14E\/1WT.3-M12V<\/p>\n<p>C\u1ea3m Bi\u1ebfn Quang Leuze MLC500T20-1800-EX2<\/p>\n<p>C\u1ea3m Bi\u1ebfn Quang Leuze PRK3C.TT3\/LP-M8<\/p>\n<p>C\u1ea3m Bi\u1ebfn Quang Sick WTB9LC-3P2462A70<\/p>\n<p>C\u1ea3m Bi\u1ebfn Quang Leuze MLC520R20-1350-EX2<\/p>\n<p>C\u1ea3m bi\u1ebfn Leuze CML730i-R40-2210.A\/D3-M12<\/p>\n<p>C\u1ea3m Bi\u1ebfn Quang Sick GSE10-P1211<\/p>\n<p>C\u1ea3m Bi\u1ebfn Quang Banner S18-2VPRL-Q5<\/p>\n<p>C\u1ea3m bi\u1ebfn Leuze LE5\/2N-M8<\/p>\n<p>C\u1ea3m bi\u1ebfn Leuze A7-V1-DS-O-T<\/p>\n<p>C\u00e1p K\u1ebft N\u1ed1i Leuze KS U-M12-4A-V1-020<\/p>\n<p>C\u1ea3m bi\u1ebfn Leuze CML720i-R20-2710.A\/L-M12<\/p>\n<p>C\u1ea3m Bi\u1ebfn C\u1ea3m \u1ee8ng Leuze IS 230MM\/4NO-22E-S12<\/p>\n<p>C\u1ea3m Bi\u1ebfn Quang Banner Q20PLVQ7<\/p>\n<p>B\u1ed9 Chuy\u1ec3n \u0110\u1ed5i Leuze DDLS 508i 120.3 L Optoelectronic Sensors Wenglor P1NL101<\/p>\n<p>C\u1ea3m bi\u1ebfn Leuze A7-V1-DS-R-T Optoelectronic Sensors Wenglor LM89PA2<\/p>\n<p>C\u1ea3m Bi\u1ebfn Quang Leuze Set PRK25C.D\/4P-200-M12+BTU25<\/p>\n<p>C\u1ea3m Bi\u1ebfn Quang Leuze PRK 2\/42,150-S12<\/p>\n<p>C\u1ea3m Bi\u1ebfn \u00c1nh S\u00e1ng Leuze CML720i-T10-1740.A-M12-EX<\/p>\n<p>C\u1ea3m Bi\u1ebfn Quang Leuze MLC310R30-1800<\/p>\n<p>C\u1ea3m Bi\u1ebfn Quang Banner QS18WE W\/30 Bar code readers Leuze DCR 258i FIX-L1-102-I3-G-H C\u1ea3m Bi\u1ebfn Quang Sick ZTB18-9AB4B1D04<\/p>\n<p>C\u1ea3m bi\u1ebfn Leuze CML730i-R05-1120.A\/CV-M12<\/p>\n<p>C\u1ea3m Bi\u1ebfn C\u1ea3m \u1ee8ng Leuze ISS 244PP.1\/44-30N-S12<\/p>\n<p>C\u1ea3m Bi\u1ebfn Quang Leuze PRK15\/4 C\u1ea3m Bi\u1ebfn Quang Leuze MLC520R40-1500H<\/p>\n<div class=\"post-content\"><\/div>\n<\/div>\n","protected":false},"excerpt":{"rendered":"<p>LEUZE PRK25C.A2\/6G 50141896 LEUZE PRK25C.A2\/6G-200-M12 50144817 Gi\u1edbi thi\u1ec7u C\u1ea3m Bi\u1ebfn Quang Leuze PRK25C.A2\/6G S\u1ea3n ph\u1ea9m C\u1ea3m Bi\u1ebfn Quang Leuze PRK25C.A2\/6G l\u00e0 m\u1ed9t trong nh\u1eefng thi\u1ebft b\u1ecb thu\u1ed9c danh m\u1ee5c c\u1ea3m bi\u1ebfn quang, \u0111\u01b0\u1ee3c thi\u1ebft k\u1ebf nh\u1eb1m \u0111\u00e1p \u1ee9ng nhu c\u1ea7u trong c\u00e1c h\u1ec7 th\u1ed1ng t\u1ef1 \u0111\u1ed9ng h\u00f3a v\u00e0 d\u00e2y chuy\u1ec1n&hellip; <\/p>\n","protected":false},"featured_media":4558,"comment_status":"open","ping_status":"closed","template":"","meta":[],"product_cat":[345],"product_tag":[88,269,268],"class_list":{"0":"post-4557","1":"product","2":"type-product","3":"status-publish","4":"has-post-thumbnail","6":"product_cat-leuze","7":"product_tag-cam-bien","8":"product_tag-dai-ly-leuze-viet-nam","9":"product_tag-leuze-viet-nam","11":"first","12":"instock","13":"shipping-taxable","14":"product-type-simple"},"yoast_head":"<!-- This site is optimized with the Yoast SEO plugin v22.8 - https:\/\/yoast.com\/wordpress\/plugins\/seo\/ -->\n<title>LEUZE PRK25C.A2\/6G - OMANI VI\u1ec6T NAM<\/title>\n<meta name=\"description\" content=\"LEUZE PRK25C.A2\/6G Sensor\" \/>\n<meta name=\"robots\" content=\"index, follow, max-snippet:-1, max-image-preview:large, max-video-preview:-1\" \/>\n<link rel=\"canonical\" href=\"https:\/\/omanivietnam.com\/index.php\/san-pham\/leuze-prk25c-a2-6g\/\" \/>\n<meta property=\"og:locale\" content=\"vi_VN\" \/>\n<meta property=\"og:type\" content=\"article\" \/>\n<meta property=\"og:title\" content=\"LEUZE PRK25C.A2\/6G - OMANI VI\u1ec6T NAM\" \/>\n<meta property=\"og:description\" content=\"LEUZE PRK25C.A2\/6G Sensor\" \/>\n<meta property=\"og:url\" content=\"https:\/\/omanivietnam.com\/index.php\/san-pham\/leuze-prk25c-a2-6g\/\" \/>\n<meta property=\"og:site_name\" content=\"OMANI VI\u1ec6T NAM\" \/>\n<meta property=\"og:image\" content=\"https:\/\/omanivietnam.com\/wp-content\/uploads\/2025\/11\/PRK25C.A2-6G-50141896.png\" \/>\n\t<meta property=\"og:image:width\" content=\"717\" \/>\n\t<meta property=\"og:image:height\" content=\"709\" \/>\n\t<meta property=\"og:image:type\" content=\"image\/png\" \/>\n<meta name=\"twitter:card\" content=\"summary_large_image\" \/>\n<meta name=\"twitter:label1\" content=\"\u01af\u1edbc t\u00ednh th\u1eddi gian \u0111\u1ecdc\" \/>\n\t<meta name=\"twitter:data1\" content=\"5 ph\u00fat\" \/>\n<script type=\"application\/ld+json\" class=\"yoast-schema-graph\">{\"@context\":\"https:\/\/schema.org\",\"@graph\":[{\"@type\":\"WebPage\",\"@id\":\"https:\/\/omanivietnam.com\/index.php\/san-pham\/leuze-prk25c-a2-6g\/\",\"url\":\"https:\/\/omanivietnam.com\/index.php\/san-pham\/leuze-prk25c-a2-6g\/\",\"name\":\"LEUZE PRK25C.A2\/6G - OMANI VI\u1ec6T NAM\",\"isPartOf\":{\"@id\":\"https:\/\/omanivietnam.com\/#website\"},\"primaryImageOfPage\":{\"@id\":\"https:\/\/omanivietnam.com\/index.php\/san-pham\/leuze-prk25c-a2-6g\/#primaryimage\"},\"image\":{\"@id\":\"https:\/\/omanivietnam.com\/index.php\/san-pham\/leuze-prk25c-a2-6g\/#primaryimage\"},\"thumbnailUrl\":\"https:\/\/omanivietnam.com\/wp-content\/uploads\/2025\/11\/PRK25C.A2-6G-50141896.png\",\"datePublished\":\"2025-11-26T15:08:04+00:00\",\"dateModified\":\"2025-11-26T15:08:04+00:00\",\"description\":\"LEUZE PRK25C.A2\/6G Sensor\",\"breadcrumb\":{\"@id\":\"https:\/\/omanivietnam.com\/index.php\/san-pham\/leuze-prk25c-a2-6g\/#breadcrumb\"},\"inLanguage\":\"vi\",\"potentialAction\":[{\"@type\":\"ReadAction\",\"target\":[\"https:\/\/omanivietnam.com\/index.php\/san-pham\/leuze-prk25c-a2-6g\/\"]}]},{\"@type\":\"ImageObject\",\"inLanguage\":\"vi\",\"@id\":\"https:\/\/omanivietnam.com\/index.php\/san-pham\/leuze-prk25c-a2-6g\/#primaryimage\",\"url\":\"https:\/\/omanivietnam.com\/wp-content\/uploads\/2025\/11\/PRK25C.A2-6G-50141896.png\",\"contentUrl\":\"https:\/\/omanivietnam.com\/wp-content\/uploads\/2025\/11\/PRK25C.A2-6G-50141896.png\",\"width\":717,\"height\":709},{\"@type\":\"BreadcrumbList\",\"@id\":\"https:\/\/omanivietnam.com\/index.php\/san-pham\/leuze-prk25c-a2-6g\/#breadcrumb\",\"itemListElement\":[{\"@type\":\"ListItem\",\"position\":1,\"name\":\"Home\",\"item\":\"https:\/\/omanivietnam.com\/\"},{\"@type\":\"ListItem\",\"position\":2,\"name\":\"S\u1ea2N PH\u1ea8M\",\"item\":\"https:\/\/omanivietnam.com\/index.php\/cua-hang\/\"},{\"@type\":\"ListItem\",\"position\":3,\"name\":\"LEUZE PRK25C.A2\/6G\"}]},{\"@type\":\"WebSite\",\"@id\":\"https:\/\/omanivietnam.com\/#website\",\"url\":\"https:\/\/omanivietnam.com\/\",\"name\":\"OMANI VI\u1ec6T NAM\",\"description\":\"Nh\u00e0 ph\u00e2n ph\u1ed1i thi\u1ebft b\u1ecb kh\u00ed n\u00e9n v\u00e0 thi\u1ebft b\u1ecb t\u1ef1 \u0111\u1ed9ng h\u00f3a trong c\u00f4ng nghi\u1ec7p\",\"publisher\":{\"@id\":\"https:\/\/omanivietnam.com\/#\/schema\/person\/0ad398a980dc3fd696111c2c5c8fa897\"},\"potentialAction\":[{\"@type\":\"SearchAction\",\"target\":{\"@type\":\"EntryPoint\",\"urlTemplate\":\"https:\/\/omanivietnam.com\/?s={search_term_string}\"},\"query-input\":\"required name=search_term_string\"}],\"inLanguage\":\"vi\"},{\"@type\":[\"Person\",\"Organization\"],\"@id\":\"https:\/\/omanivietnam.com\/#\/schema\/person\/0ad398a980dc3fd696111c2c5c8fa897\",\"name\":\"Nguy\u1ec5n V\u0103n Kh\u00e1nh\",\"image\":{\"@type\":\"ImageObject\",\"inLanguage\":\"vi\",\"@id\":\"https:\/\/omanivietnam.com\/#\/schema\/person\/image\/\",\"url\":\"https:\/\/omanivietnam.com\/wp-content\/uploads\/2024\/06\/logo-1024x1024.png\",\"contentUrl\":\"https:\/\/omanivietnam.com\/wp-content\/uploads\/2024\/06\/logo-1024x1024.png\",\"width\":1024,\"height\":1024,\"caption\":\"Nguy\u1ec5n V\u0103n Kh\u00e1nh\"},\"logo\":{\"@id\":\"https:\/\/omanivietnam.com\/#\/schema\/person\/image\/\"},\"sameAs\":[\"https:\/\/omanivietnam.com\"]}]}<\/script>\n<!-- \/ Yoast SEO plugin. -->","yoast_head_json":{"title":"LEUZE PRK25C.A2\/6G - OMANI VI\u1ec6T NAM","description":"LEUZE PRK25C.A2\/6G Sensor","robots":{"index":"index","follow":"follow","max-snippet":"max-snippet:-1","max-image-preview":"max-image-preview:large","max-video-preview":"max-video-preview:-1"},"canonical":"https:\/\/omanivietnam.com\/index.php\/san-pham\/leuze-prk25c-a2-6g\/","og_locale":"vi_VN","og_type":"article","og_title":"LEUZE PRK25C.A2\/6G - OMANI VI\u1ec6T NAM","og_description":"LEUZE PRK25C.A2\/6G Sensor","og_url":"https:\/\/omanivietnam.com\/index.php\/san-pham\/leuze-prk25c-a2-6g\/","og_site_name":"OMANI VI\u1ec6T NAM","og_image":[{"width":717,"height":709,"url":"https:\/\/omanivietnam.com\/wp-content\/uploads\/2025\/11\/PRK25C.A2-6G-50141896.png","type":"image\/png"}],"twitter_card":"summary_large_image","twitter_misc":{"\u01af\u1edbc t\u00ednh th\u1eddi gian \u0111\u1ecdc":"5 ph\u00fat"},"schema":{"@context":"https:\/\/schema.org","@graph":[{"@type":"WebPage","@id":"https:\/\/omanivietnam.com\/index.php\/san-pham\/leuze-prk25c-a2-6g\/","url":"https:\/\/omanivietnam.com\/index.php\/san-pham\/leuze-prk25c-a2-6g\/","name":"LEUZE PRK25C.A2\/6G - OMANI VI\u1ec6T NAM","isPartOf":{"@id":"https:\/\/omanivietnam.com\/#website"},"primaryImageOfPage":{"@id":"https:\/\/omanivietnam.com\/index.php\/san-pham\/leuze-prk25c-a2-6g\/#primaryimage"},"image":{"@id":"https:\/\/omanivietnam.com\/index.php\/san-pham\/leuze-prk25c-a2-6g\/#primaryimage"},"thumbnailUrl":"https:\/\/omanivietnam.com\/wp-content\/uploads\/2025\/11\/PRK25C.A2-6G-50141896.png","datePublished":"2025-11-26T15:08:04+00:00","dateModified":"2025-11-26T15:08:04+00:00","description":"LEUZE PRK25C.A2\/6G Sensor","breadcrumb":{"@id":"https:\/\/omanivietnam.com\/index.php\/san-pham\/leuze-prk25c-a2-6g\/#breadcrumb"},"inLanguage":"vi","potentialAction":[{"@type":"ReadAction","target":["https:\/\/omanivietnam.com\/index.php\/san-pham\/leuze-prk25c-a2-6g\/"]}]},{"@type":"ImageObject","inLanguage":"vi","@id":"https:\/\/omanivietnam.com\/index.php\/san-pham\/leuze-prk25c-a2-6g\/#primaryimage","url":"https:\/\/omanivietnam.com\/wp-content\/uploads\/2025\/11\/PRK25C.A2-6G-50141896.png","contentUrl":"https:\/\/omanivietnam.com\/wp-content\/uploads\/2025\/11\/PRK25C.A2-6G-50141896.png","width":717,"height":709},{"@type":"BreadcrumbList","@id":"https:\/\/omanivietnam.com\/index.php\/san-pham\/leuze-prk25c-a2-6g\/#breadcrumb","itemListElement":[{"@type":"ListItem","position":1,"name":"Home","item":"https:\/\/omanivietnam.com\/"},{"@type":"ListItem","position":2,"name":"S\u1ea2N PH\u1ea8M","item":"https:\/\/omanivietnam.com\/index.php\/cua-hang\/"},{"@type":"ListItem","position":3,"name":"LEUZE PRK25C.A2\/6G"}]},{"@type":"WebSite","@id":"https:\/\/omanivietnam.com\/#website","url":"https:\/\/omanivietnam.com\/","name":"OMANI VI\u1ec6T NAM","description":"Nh\u00e0 ph\u00e2n ph\u1ed1i thi\u1ebft b\u1ecb kh\u00ed n\u00e9n v\u00e0 thi\u1ebft b\u1ecb t\u1ef1 \u0111\u1ed9ng h\u00f3a trong c\u00f4ng nghi\u1ec7p","publisher":{"@id":"https:\/\/omanivietnam.com\/#\/schema\/person\/0ad398a980dc3fd696111c2c5c8fa897"},"potentialAction":[{"@type":"SearchAction","target":{"@type":"EntryPoint","urlTemplate":"https:\/\/omanivietnam.com\/?s={search_term_string}"},"query-input":"required name=search_term_string"}],"inLanguage":"vi"},{"@type":["Person","Organization"],"@id":"https:\/\/omanivietnam.com\/#\/schema\/person\/0ad398a980dc3fd696111c2c5c8fa897","name":"Nguy\u1ec5n V\u0103n Kh\u00e1nh","image":{"@type":"ImageObject","inLanguage":"vi","@id":"https:\/\/omanivietnam.com\/#\/schema\/person\/image\/","url":"https:\/\/omanivietnam.com\/wp-content\/uploads\/2024\/06\/logo-1024x1024.png","contentUrl":"https:\/\/omanivietnam.com\/wp-content\/uploads\/2024\/06\/logo-1024x1024.png","width":1024,"height":1024,"caption":"Nguy\u1ec5n V\u0103n Kh\u00e1nh"},"logo":{"@id":"https:\/\/omanivietnam.com\/#\/schema\/person\/image\/"},"sameAs":["https:\/\/omanivietnam.com"]}]}},"_links":{"self":[{"href":"https:\/\/omanivietnam.com\/index.php\/wp-json\/wp\/v2\/product\/4557","targetHints":{"allow":["GET"]}}],"collection":[{"href":"https:\/\/omanivietnam.com\/index.php\/wp-json\/wp\/v2\/product"}],"about":[{"href":"https:\/\/omanivietnam.com\/index.php\/wp-json\/wp\/v2\/types\/product"}],"replies":[{"embeddable":true,"href":"https:\/\/omanivietnam.com\/index.php\/wp-json\/wp\/v2\/comments?post=4557"}],"wp:featuredmedia":[{"embeddable":true,"href":"https:\/\/omanivietnam.com\/index.php\/wp-json\/wp\/v2\/media\/4558"}],"wp:attachment":[{"href":"https:\/\/omanivietnam.com\/index.php\/wp-json\/wp\/v2\/media?parent=4557"}],"wp:term":[{"taxonomy":"product_cat","embeddable":true,"href":"https:\/\/omanivietnam.com\/index.php\/wp-json\/wp\/v2\/product_cat?post=4557"},{"taxonomy":"product_tag","embeddable":true,"href":"https:\/\/omanivietnam.com\/index.php\/wp-json\/wp\/v2\/product_tag?post=4557"}],"curies":[{"name":"wp","href":"https:\/\/api.w.org\/{rel}","templated":true}]}}