{"id":4565,"date":"2025-11-28T22:28:19","date_gmt":"2025-11-28T15:28:19","guid":{"rendered":"https:\/\/omanivietnam.com\/?post_type=product&#038;p=4565"},"modified":"2025-11-28T22:28:20","modified_gmt":"2025-11-28T15:28:20","slug":"leuze-elc100t30-1200","status":"publish","type":"product","link":"https:\/\/omanivietnam.com\/index.php\/san-pham\/leuze-elc100t30-1200\/","title":{"rendered":"LEUZE ELC100T30-1200"},"content":{"rendered":"<p>LEUZE ELC100T30-1200<\/p>\n<p>LEUZE ELC110R30-1200<\/p>\n<p>Basic data<\/p>\n<div class=\"card\">\n<div id=\"sdhaWpJDXdCollapse\" class=\"collapse show\" aria-labelledby=\"sdhaWpJDXdHeading\">\n<div class=\"card-body\">\n<div class=\"table-responsive\">\n<table class=\"table table-bordered\">\n<tbody class=\"d-table w-100\">\n<tr>\n<td class=\"w-fix-50 text-bold is-level-0\">Series<\/td>\n<td class=\"w-fix-50\">ELC100<\/td>\n<\/tr>\n<tr>\n<td class=\"w-fix-50 text-bold is-level-0\">Device type<\/td>\n<td class=\"w-fix-50\">Transmitter<\/td>\n<\/tr>\n<tr>\n<td class=\"w-fix-50 text-bold is-level-0\">Contains<\/td>\n<td class=\"w-fix-50\">2x sliding block<\/td>\n<\/tr>\n<tr>\n<td class=\"w-fix-50 text-bold is-level-0\">Application<\/td>\n<td class=\"w-fix-50\">Hand protection<\/td>\n<\/tr>\n<\/tbody>\n<\/table>\n<\/div>\n<\/div>\n<\/div>\n<\/div>\n<div class=\"card\">\n<div id=\"nmVupJBVEmHeading\" class=\"card-header px-md-0\">\n<div class=\"mb-0 is-level-0\"><\/div>\n<\/div>\n<div id=\"nmVupJBVEmCollapse\" class=\"collapse show\" aria-labelledby=\"nmVupJBVEmHeading\">\n<div class=\"card-body\">\n<div class=\"table-responsive\">\n<table class=\"table table-bordered\">\n<tbody class=\"d-table w-100\">\n<tr>\n<td class=\"w-fix-50 text-bold is-level-0\">Type<\/td>\n<td class=\"w-fix-50\">4,\u00a0IEC\/EN 61496<\/td>\n<\/tr>\n<tr>\n<td class=\"w-fix-50 text-bold is-level-0\">SIL<\/td>\n<td class=\"w-fix-50\">3,\u00a0IEC 61508<\/td>\n<\/tr>\n<tr>\n<td class=\"w-fix-50 text-bold is-level-0\">SILCL<\/td>\n<td class=\"w-fix-50\">3,\u00a0IEC\/EN 62061<\/td>\n<\/tr>\n<tr>\n<td class=\"w-fix-50 text-bold is-level-0\">Mission time<\/td>\n<td class=\"w-fix-50\">20 years,\u00a0EN ISO 13849-1<\/td>\n<\/tr>\n<\/tbody>\n<\/table>\n<\/div>\n<\/div>\n<\/div>\n<\/div>\n<div class=\"card\">\n<div id=\"hyvMPpwSoPHeading\" class=\"card-header px-md-0\">\n<div class=\"mb-0 is-level-0\"><\/div>\n<\/div>\n<div id=\"hyvMPpwSoPCollapse\" class=\"collapse show\" aria-labelledby=\"hyvMPpwSoPHeading\">\n<div class=\"card-body\">\n<div class=\"table-responsive\">\n<table class=\"table table-bordered\">\n<tbody class=\"d-table w-100\">\n<tr>\n<td class=\"w-fix-50 text-bold is-level-0\">Resolution<\/td>\n<td class=\"w-fix-50\">30 mm<\/td>\n<\/tr>\n<tr>\n<td class=\"w-fix-50 text-bold is-level-0\">Protective field height<\/td>\n<td class=\"w-fix-50\">1,200 mm<\/td>\n<\/tr>\n<tr>\n<td class=\"w-fix-50 text-bold is-level-0\">Operating range<\/td>\n<td class=\"w-fix-50\">0.5 &#8230; 6 m<\/td>\n<\/tr>\n<\/tbody>\n<\/table>\n<\/div>\n<\/div>\n<\/div>\n<\/div>\n<div class=\"card\">\n<div id=\"shoApspLRsHeading\" class=\"card-header px-md-0\">\n<div class=\"mb-0 is-level-0\"><\/div>\n<\/div>\n<div id=\"shoApspLRsCollapse\" class=\"collapse show\" aria-labelledby=\"shoApspLRsHeading\">\n<div class=\"card-body\">\n<div class=\"table-responsive\">\n<table class=\"table table-bordered\">\n<tbody class=\"d-table w-100\">\n<tr>\n<td class=\"w-fix-50 text-bold is-level-0\">Synchronization<\/td>\n<td class=\"w-fix-50\">Optical between transmitter and receiver<\/td>\n<\/tr>\n<tr>\n<td class=\"w-fix-50 text-bold is-level-0\">Light source<\/td>\n<td class=\"w-fix-50\">LED,\u00a0Infrared<\/td>\n<\/tr>\n<tr>\n<td class=\"w-fix-50 text-bold is-level-0\">Wavelength<\/td>\n<td class=\"w-fix-50\">940 nm<\/td>\n<\/tr>\n<tr>\n<td class=\"w-fix-50 text-bold is-level-0\">Mean power of transmitter diode<\/td>\n<td class=\"w-fix-50\">50 \u00b5W<\/td>\n<\/tr>\n<tr>\n<td class=\"w-fix-50 text-bold is-level-0\">Transmitted-signal shape<\/td>\n<td class=\"w-fix-50\">Pulsed<\/td>\n<\/tr>\n<tr>\n<td class=\"w-fix-50 text-bold is-level-0\">LED risk group<\/td>\n<td class=\"w-fix-50\">Exempt group (in acc. with EN 62471:2008)<\/td>\n<\/tr>\n<\/tbody>\n<\/table>\n<\/div>\n<\/div>\n<\/div>\n<\/div>\n<div class=\"card\">\n<div id=\"FaSCRiufxWHeading\" class=\"card-header px-md-0\">\n<div class=\"mb-0 is-level-0\"><\/div>\n<\/div>\n<div id=\"FaSCRiufxWCollapse\" class=\"collapse show\" aria-labelledby=\"FaSCRiufxWHeading\">\n<div class=\"card-body\">\n<div class=\"table-responsive\">\n<table class=\"table table-bordered\">\n<tbody class=\"d-table w-100\">\n<tr>\n<td class=\"w-fix-50 text-bold is-level-0\">Protective circuit<\/td>\n<td class=\"w-fix-50\">Overvoltage protection<br \/>\nShort circuit protected<\/td>\n<\/tr>\n<\/tbody>\n<\/table>\n<\/div>\n<div id=\"accordion-level-InLBUNyZlZ\" class=\"accordion\">\n<div class=\"card\">\n<div id=\"OqrzKuFgBfHeading\" class=\"card-header px-md-0\">\n<div class=\"mb-0 is-level-1\"><\/div>\n<\/div>\n<\/div>\n<div class=\"card\">\n<div id=\"y_Zz_CvNZCHeading\" class=\"card-header px-md-0\">\n<div class=\"mb-0 is-level-1\"><\/div>\n<\/div>\n<\/div>\n<\/div>\n<\/div>\n<\/div>\n<\/div>\n<div class=\"card\">\n<div id=\"KhjBzOjgKkHeading\" class=\"card-header px-md-0\">\n<div class=\"mb-0 is-level-0\"><\/div>\n<\/div>\n<\/div>\n<div class=\"card\">\n<div id=\"L_KvqbCvNIHeading\" class=\"card-header px-md-0\">\n<div class=\"mb-0 is-level-0\"><\/div>\n<\/div>\n<div id=\"L_KvqbCvNICollapse\" class=\"collapse show\" aria-labelledby=\"L_KvqbCvNIHeading\">\n<div class=\"card-body\">\n<div class=\"table-responsive\">\n<table class=\"table table-bordered\">\n<tbody class=\"d-table w-100\">\n<tr>\n<td class=\"w-fix-50 text-bold is-level-0\">Dimension (W x H x L)<\/td>\n<td class=\"w-fix-50\">34.7 mm\u00a0x\u00a01,215 mm\u00a0x\u00a039.3 mm<\/td>\n<\/tr>\n<tr>\n<td class=\"w-fix-50 text-bold is-level-0\">Housing material<\/td>\n<td class=\"w-fix-50\">Metal<\/td>\n<\/tr>\n<tr>\n<td class=\"w-fix-50 text-bold is-level-0\">Metal housing<\/td>\n<td class=\"w-fix-50\">Aluminum<\/td>\n<\/tr>\n<tr>\n<td class=\"w-fix-50 text-bold is-level-0\">Lens cover material<\/td>\n<td class=\"w-fix-50\">Plastic \/ PMMA<\/td>\n<\/tr>\n<tr>\n<td class=\"w-fix-50 text-bold is-level-0\">Material of end caps<\/td>\n<td class=\"w-fix-50\">Diecast zinc<\/td>\n<\/tr>\n<tr>\n<td class=\"w-fix-50 text-bold is-level-0\">Net weight<\/td>\n<td class=\"w-fix-50\">1,710 g<\/td>\n<\/tr>\n<tr>\n<td class=\"w-fix-50 text-bold is-level-0\">Housing color<\/td>\n<td class=\"w-fix-50\">Yellow, RAL 1021<\/td>\n<\/tr>\n<tr>\n<td class=\"w-fix-50 text-bold is-level-0\">Type of fastening<\/td>\n<td class=\"w-fix-50\">Groove mounting<br \/>\nMounting brackets<\/td>\n<\/tr>\n<\/tbody>\n<\/table>\n<\/div>\n<\/div>\n<\/div>\n<\/div>\n<div class=\"card\">\n<div id=\"lxUvBEPeKMHeading\" class=\"card-header px-md-0\">\n<div class=\"mb-0 is-level-0\"><\/div>\n<\/div>\n<\/div>\n<div class=\"card\">\n<div id=\"JyDMkKXMGGHeading\" class=\"card-header px-md-0\">\n<div class=\"mb-0 is-level-0\"><\/div>\n<\/div>\n<div id=\"JyDMkKXMGGCollapse\" class=\"show\" aria-labelledby=\"JyDMkKXMGGHeading\">\n<div class=\"card-body\">\n<div class=\"table-responsive\">\n<table class=\"table table-bordered\">\n<tbody class=\"d-table w-100\">\n<tr>\n<td class=\"w-fix-50 text-bold is-level-0\">Ambient temperature, operation<\/td>\n<td class=\"w-fix-50\">0 &#8230; 50 \u00b0C<\/td>\n<\/tr>\n<tr>\n<td class=\"w-fix-50 text-bold is-level-0\">Ambient temperature, storage<\/td>\n<td class=\"w-fix-50\">-30 &#8230; 70 \u00b0C<\/td>\n<\/tr>\n<tr>\n<td class=\"w-fix-50 text-bold is-level-0\">Relative humidity (non-condensing)<\/td>\n<td class=\"w-fix-50\">0 &#8230; 95 %<\/td>\n<\/tr>\n<\/tbody>\n<\/table>\n<\/div>\n<\/div>\n<\/div>\n<\/div>\n<div class=\"card\">\n<div id=\"oPkOleKVgdHeading\" class=\"card-header px-md-0\">\n<div class=\"mb-0 is-level-0\"><\/div>\n<\/div>\n<div id=\"oPkOleKVgdCollapse\" class=\"show\" aria-labelledby=\"oPkOleKVgdHeading\">\n<div class=\"card-body\">\n<div class=\"table-responsive\">\n<table class=\"table table-bordered\">\n<tbody class=\"d-table w-100\">\n<tr>\n<td class=\"w-fix-50 text-bold is-level-0\">Degree of protection<\/td>\n<td class=\"w-fix-50\">IP 65<\/td>\n<\/tr>\n<tr>\n<td class=\"w-fix-50 text-bold is-level-0\">Protection class<\/td>\n<td class=\"w-fix-50\">III<\/td>\n<\/tr>\n<tr>\n<td class=\"w-fix-50 text-bold is-level-0\">Approvals<\/td>\n<td class=\"w-fix-50\">KCs<br \/>\nT\u00dcV S\u00fcd<br \/>\nc UL US<\/td>\n<\/tr>\n<tr>\n<td class=\"w-fix-50 text-bold is-level-0\">Vibration resistance<\/td>\n<td class=\"w-fix-50\">50 m\/s\u00b2<\/td>\n<\/tr>\n<tr>\n<td class=\"w-fix-50 text-bold is-level-0\">Test procedure for oscillation in accordance with standard<\/td>\n<td class=\"w-fix-50\">IEC\/EN 60068-2-6<\/td>\n<\/tr>\n<tr>\n<td class=\"w-fix-50 text-bold is-level-0\">Test procedure for shock in accordance with standard<\/td>\n<td class=\"w-fix-50\">IEC\/EN 60068-2-6<\/td>\n<\/tr>\n<tr>\n<td class=\"w-fix-50 text-bold is-level-0\">US patents<\/td>\n<td class=\"w-fix-50\">US 6,418,546 B<\/td>\n<\/tr>\n<\/tbody>\n<\/table>\n<\/div>\n<\/div>\n<\/div>\n<\/div>\n","protected":false},"excerpt":{"rendered":"<p>LEUZE ELC100T30-1200 LEUZE ELC110R30-1200 Basic data Series ELC100 Device type Transmitter Contains 2x sliding block Application Hand protection Type 4,\u00a0IEC\/EN 61496 SIL 3,\u00a0IEC 61508 SILCL 3,\u00a0IEC\/EN 62061 Mission time 20 years,\u00a0EN ISO 13849-1 Resolution 30 mm Protective field height 1,200 mm Operating range 0.5 &#8230; 6 m Synchronization Optical between&hellip; <\/p>\n","protected":false},"featured_media":4566,"comment_status":"open","ping_status":"closed","template":"","meta":[],"product_cat":[345],"product_tag":[88,269,268],"class_list":{"0":"post-4565","1":"product","2":"type-product","3":"status-publish","4":"has-post-thumbnail","6":"product_cat-leuze","7":"product_tag-cam-bien","8":"product_tag-dai-ly-leuze-viet-nam","9":"product_tag-leuze-viet-nam","11":"first","12":"instock","13":"shipping-taxable","14":"product-type-simple"},"yoast_head":"<!-- This site is optimized with the Yoast SEO plugin v22.8 - https:\/\/yoast.com\/wordpress\/plugins\/seo\/ -->\n<title>LEUZE ELC100T30-1200 - OMANI VI\u1ec6T NAM<\/title>\n<meta name=\"description\" content=\"LEUZE ELC100T30-1200 Safety light curtain transmitter\" \/>\n<meta name=\"robots\" content=\"index, follow, max-snippet:-1, max-image-preview:large, max-video-preview:-1\" \/>\n<link rel=\"canonical\" href=\"https:\/\/omanivietnam.com\/index.php\/san-pham\/leuze-elc100t30-1200\/\" \/>\n<meta property=\"og:locale\" content=\"vi_VN\" \/>\n<meta property=\"og:type\" content=\"article\" \/>\n<meta property=\"og:title\" content=\"LEUZE ELC100T30-1200 - OMANI VI\u1ec6T NAM\" \/>\n<meta property=\"og:description\" content=\"LEUZE ELC100T30-1200 Safety light curtain transmitter\" \/>\n<meta property=\"og:url\" content=\"https:\/\/omanivietnam.com\/index.php\/san-pham\/leuze-elc100t30-1200\/\" \/>\n<meta property=\"og:site_name\" content=\"OMANI VI\u1ec6T NAM\" \/>\n<meta property=\"article:modified_time\" content=\"2025-11-28T15:28:20+00:00\" \/>\n<meta property=\"og:image\" content=\"https:\/\/omanivietnam.com\/wp-content\/uploads\/2025\/11\/ELC100T30-1200.png\" \/>\n\t<meta property=\"og:image:width\" content=\"925\" \/>\n\t<meta property=\"og:image:height\" content=\"641\" \/>\n\t<meta property=\"og:image:type\" content=\"image\/png\" \/>\n<meta name=\"twitter:card\" content=\"summary_large_image\" \/>\n<meta name=\"twitter:label1\" content=\"\u01af\u1edbc t\u00ednh th\u1eddi gian \u0111\u1ecdc\" \/>\n\t<meta name=\"twitter:data1\" content=\"2 ph\u00fat\" \/>\n<script type=\"application\/ld+json\" class=\"yoast-schema-graph\">{\"@context\":\"https:\/\/schema.org\",\"@graph\":[{\"@type\":\"WebPage\",\"@id\":\"https:\/\/omanivietnam.com\/index.php\/san-pham\/leuze-elc100t30-1200\/\",\"url\":\"https:\/\/omanivietnam.com\/index.php\/san-pham\/leuze-elc100t30-1200\/\",\"name\":\"LEUZE ELC100T30-1200 - OMANI VI\u1ec6T NAM\",\"isPartOf\":{\"@id\":\"https:\/\/omanivietnam.com\/#website\"},\"primaryImageOfPage\":{\"@id\":\"https:\/\/omanivietnam.com\/index.php\/san-pham\/leuze-elc100t30-1200\/#primaryimage\"},\"image\":{\"@id\":\"https:\/\/omanivietnam.com\/index.php\/san-pham\/leuze-elc100t30-1200\/#primaryimage\"},\"thumbnailUrl\":\"https:\/\/omanivietnam.com\/wp-content\/uploads\/2025\/11\/ELC100T30-1200.png\",\"datePublished\":\"2025-11-28T15:28:19+00:00\",\"dateModified\":\"2025-11-28T15:28:20+00:00\",\"description\":\"LEUZE ELC100T30-1200 Safety light curtain transmitter\",\"breadcrumb\":{\"@id\":\"https:\/\/omanivietnam.com\/index.php\/san-pham\/leuze-elc100t30-1200\/#breadcrumb\"},\"inLanguage\":\"vi\",\"potentialAction\":[{\"@type\":\"ReadAction\",\"target\":[\"https:\/\/omanivietnam.com\/index.php\/san-pham\/leuze-elc100t30-1200\/\"]}]},{\"@type\":\"ImageObject\",\"inLanguage\":\"vi\",\"@id\":\"https:\/\/omanivietnam.com\/index.php\/san-pham\/leuze-elc100t30-1200\/#primaryimage\",\"url\":\"https:\/\/omanivietnam.com\/wp-content\/uploads\/2025\/11\/ELC100T30-1200.png\",\"contentUrl\":\"https:\/\/omanivietnam.com\/wp-content\/uploads\/2025\/11\/ELC100T30-1200.png\",\"width\":925,\"height\":641},{\"@type\":\"BreadcrumbList\",\"@id\":\"https:\/\/omanivietnam.com\/index.php\/san-pham\/leuze-elc100t30-1200\/#breadcrumb\",\"itemListElement\":[{\"@type\":\"ListItem\",\"position\":1,\"name\":\"Home\",\"item\":\"https:\/\/omanivietnam.com\/\"},{\"@type\":\"ListItem\",\"position\":2,\"name\":\"S\u1ea2N PH\u1ea8M\",\"item\":\"https:\/\/omanivietnam.com\/index.php\/cua-hang\/\"},{\"@type\":\"ListItem\",\"position\":3,\"name\":\"LEUZE ELC100T30-1200\"}]},{\"@type\":\"WebSite\",\"@id\":\"https:\/\/omanivietnam.com\/#website\",\"url\":\"https:\/\/omanivietnam.com\/\",\"name\":\"OMANI VI\u1ec6T NAM\",\"description\":\"Nh\u00e0 ph\u00e2n ph\u1ed1i thi\u1ebft b\u1ecb kh\u00ed n\u00e9n v\u00e0 thi\u1ebft b\u1ecb t\u1ef1 \u0111\u1ed9ng h\u00f3a trong c\u00f4ng nghi\u1ec7p\",\"publisher\":{\"@id\":\"https:\/\/omanivietnam.com\/#\/schema\/person\/0ad398a980dc3fd696111c2c5c8fa897\"},\"potentialAction\":[{\"@type\":\"SearchAction\",\"target\":{\"@type\":\"EntryPoint\",\"urlTemplate\":\"https:\/\/omanivietnam.com\/?s={search_term_string}\"},\"query-input\":\"required name=search_term_string\"}],\"inLanguage\":\"vi\"},{\"@type\":[\"Person\",\"Organization\"],\"@id\":\"https:\/\/omanivietnam.com\/#\/schema\/person\/0ad398a980dc3fd696111c2c5c8fa897\",\"name\":\"Nguy\u1ec5n V\u0103n Kh\u00e1nh\",\"image\":{\"@type\":\"ImageObject\",\"inLanguage\":\"vi\",\"@id\":\"https:\/\/omanivietnam.com\/#\/schema\/person\/image\/\",\"url\":\"https:\/\/omanivietnam.com\/wp-content\/uploads\/2024\/06\/logo-1024x1024.png\",\"contentUrl\":\"https:\/\/omanivietnam.com\/wp-content\/uploads\/2024\/06\/logo-1024x1024.png\",\"width\":1024,\"height\":1024,\"caption\":\"Nguy\u1ec5n V\u0103n Kh\u00e1nh\"},\"logo\":{\"@id\":\"https:\/\/omanivietnam.com\/#\/schema\/person\/image\/\"},\"sameAs\":[\"https:\/\/omanivietnam.com\"]}]}<\/script>\n<!-- \/ Yoast SEO plugin. -->","yoast_head_json":{"title":"LEUZE ELC100T30-1200 - OMANI VI\u1ec6T NAM","description":"LEUZE ELC100T30-1200 Safety light curtain transmitter","robots":{"index":"index","follow":"follow","max-snippet":"max-snippet:-1","max-image-preview":"max-image-preview:large","max-video-preview":"max-video-preview:-1"},"canonical":"https:\/\/omanivietnam.com\/index.php\/san-pham\/leuze-elc100t30-1200\/","og_locale":"vi_VN","og_type":"article","og_title":"LEUZE ELC100T30-1200 - OMANI VI\u1ec6T NAM","og_description":"LEUZE ELC100T30-1200 Safety light curtain transmitter","og_url":"https:\/\/omanivietnam.com\/index.php\/san-pham\/leuze-elc100t30-1200\/","og_site_name":"OMANI VI\u1ec6T NAM","article_modified_time":"2025-11-28T15:28:20+00:00","og_image":[{"width":925,"height":641,"url":"https:\/\/omanivietnam.com\/wp-content\/uploads\/2025\/11\/ELC100T30-1200.png","type":"image\/png"}],"twitter_card":"summary_large_image","twitter_misc":{"\u01af\u1edbc t\u00ednh th\u1eddi gian \u0111\u1ecdc":"2 ph\u00fat"},"schema":{"@context":"https:\/\/schema.org","@graph":[{"@type":"WebPage","@id":"https:\/\/omanivietnam.com\/index.php\/san-pham\/leuze-elc100t30-1200\/","url":"https:\/\/omanivietnam.com\/index.php\/san-pham\/leuze-elc100t30-1200\/","name":"LEUZE ELC100T30-1200 - OMANI VI\u1ec6T NAM","isPartOf":{"@id":"https:\/\/omanivietnam.com\/#website"},"primaryImageOfPage":{"@id":"https:\/\/omanivietnam.com\/index.php\/san-pham\/leuze-elc100t30-1200\/#primaryimage"},"image":{"@id":"https:\/\/omanivietnam.com\/index.php\/san-pham\/leuze-elc100t30-1200\/#primaryimage"},"thumbnailUrl":"https:\/\/omanivietnam.com\/wp-content\/uploads\/2025\/11\/ELC100T30-1200.png","datePublished":"2025-11-28T15:28:19+00:00","dateModified":"2025-11-28T15:28:20+00:00","description":"LEUZE ELC100T30-1200 Safety light curtain transmitter","breadcrumb":{"@id":"https:\/\/omanivietnam.com\/index.php\/san-pham\/leuze-elc100t30-1200\/#breadcrumb"},"inLanguage":"vi","potentialAction":[{"@type":"ReadAction","target":["https:\/\/omanivietnam.com\/index.php\/san-pham\/leuze-elc100t30-1200\/"]}]},{"@type":"ImageObject","inLanguage":"vi","@id":"https:\/\/omanivietnam.com\/index.php\/san-pham\/leuze-elc100t30-1200\/#primaryimage","url":"https:\/\/omanivietnam.com\/wp-content\/uploads\/2025\/11\/ELC100T30-1200.png","contentUrl":"https:\/\/omanivietnam.com\/wp-content\/uploads\/2025\/11\/ELC100T30-1200.png","width":925,"height":641},{"@type":"BreadcrumbList","@id":"https:\/\/omanivietnam.com\/index.php\/san-pham\/leuze-elc100t30-1200\/#breadcrumb","itemListElement":[{"@type":"ListItem","position":1,"name":"Home","item":"https:\/\/omanivietnam.com\/"},{"@type":"ListItem","position":2,"name":"S\u1ea2N PH\u1ea8M","item":"https:\/\/omanivietnam.com\/index.php\/cua-hang\/"},{"@type":"ListItem","position":3,"name":"LEUZE ELC100T30-1200"}]},{"@type":"WebSite","@id":"https:\/\/omanivietnam.com\/#website","url":"https:\/\/omanivietnam.com\/","name":"OMANI VI\u1ec6T NAM","description":"Nh\u00e0 ph\u00e2n ph\u1ed1i thi\u1ebft b\u1ecb kh\u00ed n\u00e9n v\u00e0 thi\u1ebft b\u1ecb t\u1ef1 \u0111\u1ed9ng h\u00f3a trong c\u00f4ng nghi\u1ec7p","publisher":{"@id":"https:\/\/omanivietnam.com\/#\/schema\/person\/0ad398a980dc3fd696111c2c5c8fa897"},"potentialAction":[{"@type":"SearchAction","target":{"@type":"EntryPoint","urlTemplate":"https:\/\/omanivietnam.com\/?s={search_term_string}"},"query-input":"required name=search_term_string"}],"inLanguage":"vi"},{"@type":["Person","Organization"],"@id":"https:\/\/omanivietnam.com\/#\/schema\/person\/0ad398a980dc3fd696111c2c5c8fa897","name":"Nguy\u1ec5n V\u0103n Kh\u00e1nh","image":{"@type":"ImageObject","inLanguage":"vi","@id":"https:\/\/omanivietnam.com\/#\/schema\/person\/image\/","url":"https:\/\/omanivietnam.com\/wp-content\/uploads\/2024\/06\/logo-1024x1024.png","contentUrl":"https:\/\/omanivietnam.com\/wp-content\/uploads\/2024\/06\/logo-1024x1024.png","width":1024,"height":1024,"caption":"Nguy\u1ec5n V\u0103n Kh\u00e1nh"},"logo":{"@id":"https:\/\/omanivietnam.com\/#\/schema\/person\/image\/"},"sameAs":["https:\/\/omanivietnam.com"]}]}},"_links":{"self":[{"href":"https:\/\/omanivietnam.com\/index.php\/wp-json\/wp\/v2\/product\/4565","targetHints":{"allow":["GET"]}}],"collection":[{"href":"https:\/\/omanivietnam.com\/index.php\/wp-json\/wp\/v2\/product"}],"about":[{"href":"https:\/\/omanivietnam.com\/index.php\/wp-json\/wp\/v2\/types\/product"}],"replies":[{"embeddable":true,"href":"https:\/\/omanivietnam.com\/index.php\/wp-json\/wp\/v2\/comments?post=4565"}],"wp:featuredmedia":[{"embeddable":true,"href":"https:\/\/omanivietnam.com\/index.php\/wp-json\/wp\/v2\/media\/4566"}],"wp:attachment":[{"href":"https:\/\/omanivietnam.com\/index.php\/wp-json\/wp\/v2\/media?parent=4565"}],"wp:term":[{"taxonomy":"product_cat","embeddable":true,"href":"https:\/\/omanivietnam.com\/index.php\/wp-json\/wp\/v2\/product_cat?post=4565"},{"taxonomy":"product_tag","embeddable":true,"href":"https:\/\/omanivietnam.com\/index.php\/wp-json\/wp\/v2\/product_tag?post=4565"}],"curies":[{"name":"wp","href":"https:\/\/api.w.org\/{rel}","templated":true}]}}