{"id":4575,"date":"2025-12-01T20:58:33","date_gmt":"2025-12-01T13:58:33","guid":{"rendered":"https:\/\/omanivietnam.com\/?post_type=product&#038;p=4575"},"modified":"2025-12-01T20:58:33","modified_gmt":"2025-12-01T13:58:33","slug":"kromschroder-dg-6ug-3","status":"publish","type":"product","link":"https:\/\/omanivietnam.com\/index.php\/san-pham\/kromschroder-dg-6ug-3\/","title":{"rendered":"KROMSCHRODER DG 6UG-3"},"content":{"rendered":"<p>KROMSCHRODER DG 6UG-3 84447270<\/p>\n<p><span data-product=\"46039\">C\u00f4ng t\u1eafc \u00e1p su\u1ea5t DG 6UG-3, pressure switch for gas 84447270<\/span><\/p>\n<div id=\"description\" class=\"tab product_description\">\n<p>Kromschroder pressure switch for gas for monitoring gas and air pressures, also for biologically produced methane<br \/>\nD\u1ea3i \u0111o: 0,4-6 mbar<br \/>\nSwitches with rising positive pressure (gas\/air), negative pressure (air), differential pressure (air-air)<br \/>\nWith gold-plated contacts<br \/>\nElectrical connection via screw terminals and M16 cable gland, IP 54<\/p>\n<p>C\u00f4ng t\u1eafc \u00e1p su\u1ea5t DG 6UG-3, 84447270 pressure switch for gas is a good solution to make your equipment work again.<\/p>\n<p>Product type code:<\/p>\n<table border=\"1\">\n<tbody>\n<tr>\n<td><strong>DG<\/strong><\/td>\n<td><strong>Pressure Switch for Gas<\/strong><\/td>\n<\/tr>\n<tr>\n<td>1,5<\/td>\n<td>Negative pressure<br \/>\nAdjusting range -1.5 \u2013 -0.5\/+0.5 \u2013 +3 mbar<\/td>\n<\/tr>\n<tr>\n<td>6<\/td>\n<td>Adjusting range 0.4 \u2013 6 mbar<\/td>\n<\/tr>\n<tr>\n<td>10<\/td>\n<td>Adjusting range 1 \u2013 10 mbar<\/td>\n<\/tr>\n<tr>\n<td>12<\/td>\n<td>Negative pressure<br \/>\nAdjusting range -12 \u2013 -1\/+1 \u2013 +7 mbar<\/td>\n<\/tr>\n<tr>\n<td>18<\/td>\n<td>Negative pressure<br \/>\nAdjusting range -2 \u2013 -18 mbar<\/td>\n<\/tr>\n<tr>\n<td>30<\/td>\n<td>Adjusting range 2.5 \u2013 30 mbar<\/td>\n<\/tr>\n<tr>\n<td>50<\/td>\n<td>Adjusting range 2.5 \u2013 50 mbar<\/td>\n<\/tr>\n<tr>\n<td>120<\/td>\n<td>Negative pressure<br \/>\nAdjusting range -10 \u2013 -120 mbar<\/td>\n<\/tr>\n<tr>\n<td>150<\/td>\n<td>Adjusting range 30 \u2013 150 mbar<\/td>\n<\/tr>\n<tr>\n<td>400<\/td>\n<td>Adjusting range 50 \u2013 400 mbar<\/td>\n<\/tr>\n<tr>\n<td>450<\/td>\n<td>Negative pressure<br \/>\nAdjusting range -80 \u2013 -450 mbar<\/td>\n<\/tr>\n<tr>\n<td>500<\/td>\n<td>Adjusting range 100 \u2013 500 mbar<\/td>\n<\/tr>\n<tr>\n<td colspan=\"\"><strong>Version<\/strong><\/td>\n<\/tr>\n<tr>\n<td>U<\/td>\n<td>Switches with rising positive pressure (gas\/air), negative pressure (air), differential pressure (air-air)<\/td>\n<\/tr>\n<tr>\n<td colspan=\"\"><strong>Contact Type<\/strong><\/td>\n<\/tr>\n<tr>\n<td>G<\/td>\n<td>Gold-plated contacts<\/td>\n<\/tr>\n<tr>\n<td colspan=\"\"><strong>Connection Type<\/strong><\/td>\n<\/tr>\n<tr>\n<td>-3<\/td>\n<td>Electrical connection via screw terminals<\/td>\n<\/tr>\n<tr>\n<td>-4<\/td>\n<td>Electrical connection via screw terminals, IP 65<\/td>\n<\/tr>\n<tr>\n<td>-5<\/td>\n<td>Electrical connection via 4-pin plug, without socket, IP 54<\/td>\n<\/tr>\n<tr>\n<td>-6<\/td>\n<td>Electrical connection via 4-pin plug, with socket, IP 54<\/td>\n<\/tr>\n<tr>\n<td>-9<\/td>\n<td>Electrical connection via 4-pin plug, with socket, IP 65<\/td>\n<\/tr>\n<tr>\n<td colspan=\"\"><strong>Indicator Light<\/strong><\/td>\n<\/tr>\n<tr>\n<td>K2<\/td>\n<td>Red\/green pilot LED for 24 V DC\/AC<\/td>\n<\/tr>\n<tr>\n<td>T<\/td>\n<td>Blue pilot lamp for 230 V AC<\/td>\n<\/tr>\n<tr>\n<td>T2<\/td>\n<td>Red\/green pilot LED for 110 to 230 V AC<\/td>\n<\/tr>\n<tr>\n<td>N<\/td>\n<td>Blue pilot lamp for 120 V AC<\/td>\n<\/tr>\n<\/tbody>\n<\/table>\n<\/div>\n","protected":false},"excerpt":{"rendered":"<p>KROMSCHRODER DG 6UG-3 84447270 C\u00f4ng t\u1eafc \u00e1p su\u1ea5t DG 6UG-3, pressure switch for gas 84447270 Kromschroder pressure switch for gas for monitoring gas and air pressures, also for biologically produced methane D\u1ea3i \u0111o: 0,4-6 mbar Switches with rising positive pressure (gas\/air), negative pressure (air), differential pressure (air-air) With gold-plated contacts&hellip; <\/p>\n","protected":false},"featured_media":4576,"comment_status":"open","ping_status":"closed","template":"","meta":[],"product_cat":[418],"product_tag":[852,194,193],"class_list":{"0":"post-4575","1":"product","2":"type-product","3":"status-publish","4":"has-post-thumbnail","6":"product_cat-kromschroder","7":"product_tag-cam-bien-ap-suat","8":"product_tag-dai-ly-kromschroder-viet-nam","9":"product_tag-kromschroder-viet-nam","11":"first","12":"instock","13":"shipping-taxable","14":"product-type-simple"},"yoast_head":"<!-- This site is optimized with the Yoast SEO plugin v22.8 - https:\/\/yoast.com\/wordpress\/plugins\/seo\/ -->\n<title>KROMSCHRODER DG 6UG-3 - OMANI VI\u1ec6T NAM<\/title>\n<meta name=\"description\" content=\"KROMSCHRODER DG 6UG-3 Pressure switch\" \/>\n<meta name=\"robots\" content=\"index, follow, max-snippet:-1, max-image-preview:large, max-video-preview:-1\" \/>\n<link rel=\"canonical\" href=\"https:\/\/omanivietnam.com\/index.php\/san-pham\/kromschroder-dg-6ug-3\/\" \/>\n<meta property=\"og:locale\" content=\"vi_VN\" \/>\n<meta property=\"og:type\" content=\"article\" \/>\n<meta property=\"og:title\" content=\"KROMSCHRODER DG 6UG-3 - OMANI VI\u1ec6T NAM\" \/>\n<meta property=\"og:description\" content=\"KROMSCHRODER DG 6UG-3 Pressure switch\" \/>\n<meta property=\"og:url\" content=\"https:\/\/omanivietnam.com\/index.php\/san-pham\/kromschroder-dg-6ug-3\/\" \/>\n<meta property=\"og:site_name\" content=\"OMANI VI\u1ec6T NAM\" \/>\n<meta property=\"og:image\" content=\"https:\/\/omanivietnam.com\/wp-content\/uploads\/2025\/12\/DG-6UG-3-84447270.png\" \/>\n\t<meta property=\"og:image:width\" content=\"906\" \/>\n\t<meta property=\"og:image:height\" content=\"854\" \/>\n\t<meta property=\"og:image:type\" content=\"image\/png\" \/>\n<meta name=\"twitter:card\" content=\"summary_large_image\" \/>\n<meta name=\"twitter:label1\" content=\"\u01af\u1edbc t\u00ednh th\u1eddi gian \u0111\u1ecdc\" \/>\n\t<meta name=\"twitter:data1\" content=\"2 ph\u00fat\" \/>\n<script type=\"application\/ld+json\" class=\"yoast-schema-graph\">{\"@context\":\"https:\/\/schema.org\",\"@graph\":[{\"@type\":\"WebPage\",\"@id\":\"https:\/\/omanivietnam.com\/index.php\/san-pham\/kromschroder-dg-6ug-3\/\",\"url\":\"https:\/\/omanivietnam.com\/index.php\/san-pham\/kromschroder-dg-6ug-3\/\",\"name\":\"KROMSCHRODER DG 6UG-3 - OMANI VI\u1ec6T NAM\",\"isPartOf\":{\"@id\":\"https:\/\/omanivietnam.com\/#website\"},\"primaryImageOfPage\":{\"@id\":\"https:\/\/omanivietnam.com\/index.php\/san-pham\/kromschroder-dg-6ug-3\/#primaryimage\"},\"image\":{\"@id\":\"https:\/\/omanivietnam.com\/index.php\/san-pham\/kromschroder-dg-6ug-3\/#primaryimage\"},\"thumbnailUrl\":\"https:\/\/omanivietnam.com\/wp-content\/uploads\/2025\/12\/DG-6UG-3-84447270.png\",\"datePublished\":\"2025-12-01T13:58:33+00:00\",\"dateModified\":\"2025-12-01T13:58:33+00:00\",\"description\":\"KROMSCHRODER DG 6UG-3 Pressure switch\",\"breadcrumb\":{\"@id\":\"https:\/\/omanivietnam.com\/index.php\/san-pham\/kromschroder-dg-6ug-3\/#breadcrumb\"},\"inLanguage\":\"vi\",\"potentialAction\":[{\"@type\":\"ReadAction\",\"target\":[\"https:\/\/omanivietnam.com\/index.php\/san-pham\/kromschroder-dg-6ug-3\/\"]}]},{\"@type\":\"ImageObject\",\"inLanguage\":\"vi\",\"@id\":\"https:\/\/omanivietnam.com\/index.php\/san-pham\/kromschroder-dg-6ug-3\/#primaryimage\",\"url\":\"https:\/\/omanivietnam.com\/wp-content\/uploads\/2025\/12\/DG-6UG-3-84447270.png\",\"contentUrl\":\"https:\/\/omanivietnam.com\/wp-content\/uploads\/2025\/12\/DG-6UG-3-84447270.png\",\"width\":906,\"height\":854},{\"@type\":\"BreadcrumbList\",\"@id\":\"https:\/\/omanivietnam.com\/index.php\/san-pham\/kromschroder-dg-6ug-3\/#breadcrumb\",\"itemListElement\":[{\"@type\":\"ListItem\",\"position\":1,\"name\":\"Home\",\"item\":\"https:\/\/omanivietnam.com\/\"},{\"@type\":\"ListItem\",\"position\":2,\"name\":\"S\u1ea2N PH\u1ea8M\",\"item\":\"https:\/\/omanivietnam.com\/index.php\/cua-hang\/\"},{\"@type\":\"ListItem\",\"position\":3,\"name\":\"KROMSCHRODER DG 6UG-3\"}]},{\"@type\":\"WebSite\",\"@id\":\"https:\/\/omanivietnam.com\/#website\",\"url\":\"https:\/\/omanivietnam.com\/\",\"name\":\"OMANI VI\u1ec6T NAM\",\"description\":\"Nh\u00e0 ph\u00e2n ph\u1ed1i thi\u1ebft b\u1ecb kh\u00ed n\u00e9n v\u00e0 thi\u1ebft b\u1ecb t\u1ef1 \u0111\u1ed9ng h\u00f3a trong c\u00f4ng nghi\u1ec7p\",\"publisher\":{\"@id\":\"https:\/\/omanivietnam.com\/#\/schema\/person\/0ad398a980dc3fd696111c2c5c8fa897\"},\"potentialAction\":[{\"@type\":\"SearchAction\",\"target\":{\"@type\":\"EntryPoint\",\"urlTemplate\":\"https:\/\/omanivietnam.com\/?s={search_term_string}\"},\"query-input\":\"required name=search_term_string\"}],\"inLanguage\":\"vi\"},{\"@type\":[\"Person\",\"Organization\"],\"@id\":\"https:\/\/omanivietnam.com\/#\/schema\/person\/0ad398a980dc3fd696111c2c5c8fa897\",\"name\":\"Nguy\u1ec5n V\u0103n Kh\u00e1nh\",\"image\":{\"@type\":\"ImageObject\",\"inLanguage\":\"vi\",\"@id\":\"https:\/\/omanivietnam.com\/#\/schema\/person\/image\/\",\"url\":\"https:\/\/omanivietnam.com\/wp-content\/uploads\/2024\/06\/logo-1024x1024.png\",\"contentUrl\":\"https:\/\/omanivietnam.com\/wp-content\/uploads\/2024\/06\/logo-1024x1024.png\",\"width\":1024,\"height\":1024,\"caption\":\"Nguy\u1ec5n V\u0103n Kh\u00e1nh\"},\"logo\":{\"@id\":\"https:\/\/omanivietnam.com\/#\/schema\/person\/image\/\"},\"sameAs\":[\"https:\/\/omanivietnam.com\"]}]}<\/script>\n<!-- \/ Yoast SEO plugin. -->","yoast_head_json":{"title":"KROMSCHRODER DG 6UG-3 - OMANI VI\u1ec6T NAM","description":"KROMSCHRODER DG 6UG-3 Pressure switch","robots":{"index":"index","follow":"follow","max-snippet":"max-snippet:-1","max-image-preview":"max-image-preview:large","max-video-preview":"max-video-preview:-1"},"canonical":"https:\/\/omanivietnam.com\/index.php\/san-pham\/kromschroder-dg-6ug-3\/","og_locale":"vi_VN","og_type":"article","og_title":"KROMSCHRODER DG 6UG-3 - OMANI VI\u1ec6T NAM","og_description":"KROMSCHRODER DG 6UG-3 Pressure switch","og_url":"https:\/\/omanivietnam.com\/index.php\/san-pham\/kromschroder-dg-6ug-3\/","og_site_name":"OMANI VI\u1ec6T NAM","og_image":[{"width":906,"height":854,"url":"https:\/\/omanivietnam.com\/wp-content\/uploads\/2025\/12\/DG-6UG-3-84447270.png","type":"image\/png"}],"twitter_card":"summary_large_image","twitter_misc":{"\u01af\u1edbc t\u00ednh th\u1eddi gian \u0111\u1ecdc":"2 ph\u00fat"},"schema":{"@context":"https:\/\/schema.org","@graph":[{"@type":"WebPage","@id":"https:\/\/omanivietnam.com\/index.php\/san-pham\/kromschroder-dg-6ug-3\/","url":"https:\/\/omanivietnam.com\/index.php\/san-pham\/kromschroder-dg-6ug-3\/","name":"KROMSCHRODER DG 6UG-3 - OMANI VI\u1ec6T NAM","isPartOf":{"@id":"https:\/\/omanivietnam.com\/#website"},"primaryImageOfPage":{"@id":"https:\/\/omanivietnam.com\/index.php\/san-pham\/kromschroder-dg-6ug-3\/#primaryimage"},"image":{"@id":"https:\/\/omanivietnam.com\/index.php\/san-pham\/kromschroder-dg-6ug-3\/#primaryimage"},"thumbnailUrl":"https:\/\/omanivietnam.com\/wp-content\/uploads\/2025\/12\/DG-6UG-3-84447270.png","datePublished":"2025-12-01T13:58:33+00:00","dateModified":"2025-12-01T13:58:33+00:00","description":"KROMSCHRODER DG 6UG-3 Pressure switch","breadcrumb":{"@id":"https:\/\/omanivietnam.com\/index.php\/san-pham\/kromschroder-dg-6ug-3\/#breadcrumb"},"inLanguage":"vi","potentialAction":[{"@type":"ReadAction","target":["https:\/\/omanivietnam.com\/index.php\/san-pham\/kromschroder-dg-6ug-3\/"]}]},{"@type":"ImageObject","inLanguage":"vi","@id":"https:\/\/omanivietnam.com\/index.php\/san-pham\/kromschroder-dg-6ug-3\/#primaryimage","url":"https:\/\/omanivietnam.com\/wp-content\/uploads\/2025\/12\/DG-6UG-3-84447270.png","contentUrl":"https:\/\/omanivietnam.com\/wp-content\/uploads\/2025\/12\/DG-6UG-3-84447270.png","width":906,"height":854},{"@type":"BreadcrumbList","@id":"https:\/\/omanivietnam.com\/index.php\/san-pham\/kromschroder-dg-6ug-3\/#breadcrumb","itemListElement":[{"@type":"ListItem","position":1,"name":"Home","item":"https:\/\/omanivietnam.com\/"},{"@type":"ListItem","position":2,"name":"S\u1ea2N PH\u1ea8M","item":"https:\/\/omanivietnam.com\/index.php\/cua-hang\/"},{"@type":"ListItem","position":3,"name":"KROMSCHRODER DG 6UG-3"}]},{"@type":"WebSite","@id":"https:\/\/omanivietnam.com\/#website","url":"https:\/\/omanivietnam.com\/","name":"OMANI VI\u1ec6T NAM","description":"Nh\u00e0 ph\u00e2n ph\u1ed1i thi\u1ebft b\u1ecb kh\u00ed n\u00e9n v\u00e0 thi\u1ebft b\u1ecb t\u1ef1 \u0111\u1ed9ng h\u00f3a trong c\u00f4ng nghi\u1ec7p","publisher":{"@id":"https:\/\/omanivietnam.com\/#\/schema\/person\/0ad398a980dc3fd696111c2c5c8fa897"},"potentialAction":[{"@type":"SearchAction","target":{"@type":"EntryPoint","urlTemplate":"https:\/\/omanivietnam.com\/?s={search_term_string}"},"query-input":"required name=search_term_string"}],"inLanguage":"vi"},{"@type":["Person","Organization"],"@id":"https:\/\/omanivietnam.com\/#\/schema\/person\/0ad398a980dc3fd696111c2c5c8fa897","name":"Nguy\u1ec5n V\u0103n Kh\u00e1nh","image":{"@type":"ImageObject","inLanguage":"vi","@id":"https:\/\/omanivietnam.com\/#\/schema\/person\/image\/","url":"https:\/\/omanivietnam.com\/wp-content\/uploads\/2024\/06\/logo-1024x1024.png","contentUrl":"https:\/\/omanivietnam.com\/wp-content\/uploads\/2024\/06\/logo-1024x1024.png","width":1024,"height":1024,"caption":"Nguy\u1ec5n V\u0103n Kh\u00e1nh"},"logo":{"@id":"https:\/\/omanivietnam.com\/#\/schema\/person\/image\/"},"sameAs":["https:\/\/omanivietnam.com"]}]}},"_links":{"self":[{"href":"https:\/\/omanivietnam.com\/index.php\/wp-json\/wp\/v2\/product\/4575","targetHints":{"allow":["GET"]}}],"collection":[{"href":"https:\/\/omanivietnam.com\/index.php\/wp-json\/wp\/v2\/product"}],"about":[{"href":"https:\/\/omanivietnam.com\/index.php\/wp-json\/wp\/v2\/types\/product"}],"replies":[{"embeddable":true,"href":"https:\/\/omanivietnam.com\/index.php\/wp-json\/wp\/v2\/comments?post=4575"}],"wp:featuredmedia":[{"embeddable":true,"href":"https:\/\/omanivietnam.com\/index.php\/wp-json\/wp\/v2\/media\/4576"}],"wp:attachment":[{"href":"https:\/\/omanivietnam.com\/index.php\/wp-json\/wp\/v2\/media?parent=4575"}],"wp:term":[{"taxonomy":"product_cat","embeddable":true,"href":"https:\/\/omanivietnam.com\/index.php\/wp-json\/wp\/v2\/product_cat?post=4575"},{"taxonomy":"product_tag","embeddable":true,"href":"https:\/\/omanivietnam.com\/index.php\/wp-json\/wp\/v2\/product_tag?post=4575"}],"curies":[{"name":"wp","href":"https:\/\/api.w.org\/{rel}","templated":true}]}}