{"id":4577,"date":"2025-12-01T21:13:46","date_gmt":"2025-12-01T14:13:46","guid":{"rendered":"https:\/\/omanivietnam.com\/?post_type=product&#038;p=4577"},"modified":"2025-12-01T21:13:46","modified_gmt":"2025-12-01T14:13:46","slug":"eaton-tp48-3-n-ndi","status":"publish","type":"product","link":"https:\/\/omanivietnam.com\/index.php\/san-pham\/eaton-tp48-3-n-ndi\/","title":{"rendered":"EATON TP48-3-N-NDI"},"content":{"rendered":"<p>EATON TP48-3-N-NDI<\/p>\n<p>EATON TP48-3-N<\/p>\n<h1 class=\"product-specification-item__title\">General specifications<\/h1>\n<div class=\"product-specification-item__content\">\n<div><\/div>\n<table class=\"specifications-table\">\n<tbody>\n<tr class=\"specification-row\">\n<td class=\"specification-title\"><strong>Product Name<\/strong><\/td>\n<td class=\"specification-value\">\n<div class=\"module-table__value value-type-default\"><span class=\"specification-value-secondary\">Eaton Crouse-Hinds series MTL TP48 surge protector<\/span><\/div>\n<\/td>\n<\/tr>\n<tr class=\"specification-row\">\n<td class=\"specification-title\"><strong>Product Name<\/strong><\/td>\n<td class=\"specification-value\">\n<div class=\"module-table__value value-type-default\"><span class=\"specification-value-secondary\">Eaton Crouse-Hinds series MTL TP48 surge protector<\/span><\/div>\n<\/td>\n<\/tr>\n<tr class=\"specification-row\">\n<td class=\"specification-title\"><strong>Catalog Number<\/strong><\/td>\n<td class=\"specification-value\">\n<div class=\"module-table__value value-type-default\"><span class=\"specification-value-secondary\">TP48-3-N-NDI<\/span><\/div>\n<\/td>\n<\/tr>\n<tr class=\"specification-row\">\n<td class=\"specification-title\"><strong>Product Length\/Depth<\/strong><\/td>\n<td class=\"specification-value\">\n<div class=\"module-table__value value-type-default\"><span class=\"specification-value-secondary\">75 mm<\/span><\/div>\n<\/td>\n<\/tr>\n<tr class=\"specification-row\">\n<td class=\"specification-title\"><strong>Product Height<\/strong><\/td>\n<td class=\"specification-value\">\n<div class=\"module-table__value value-type-default\"><span class=\"specification-value-secondary\">27 mm<\/span><\/div>\n<\/td>\n<\/tr>\n<tr class=\"specification-row\">\n<td class=\"specification-title\"><strong>Product Width<\/strong><\/td>\n<td class=\"specification-value\">\n<div class=\"module-table__value value-type-default\"><span class=\"specification-value-secondary\">23 mm<\/span><\/div>\n<\/td>\n<\/tr>\n<tr class=\"specification-row\">\n<td class=\"specification-title\"><strong>Product Weight<\/strong><\/td>\n<td class=\"specification-value\">\n<div class=\"module-table__value value-type-default\"><span class=\"specification-value-secondary\">175 g<\/span><\/div>\n<\/td>\n<\/tr>\n<tr class=\"specification-row\">\n<td class=\"specification-title\"><strong>Global Catalog<\/strong><\/td>\n<td class=\"specification-value\">\n<div class=\"module-table__value value-type-default\"><span class=\"specification-value-secondary\">TP48-3-N-NDI<\/span><\/div>\n<\/td>\n<\/tr>\n<tr class=\"specification-row\">\n<td class=\"specification-title\"><strong>Product Type<\/strong><\/td>\n<td class=\"specification-value\">\n<div class=\"module-table__value value-type-default\"><span class=\"specification-value-secondary\">Surge protector<\/span><\/div>\n<\/td>\n<\/tr>\n<\/tbody>\n<\/table>\n<\/div>\n<h2 class=\"product-specification-item__title\">Product specifications<\/h2>\n<div class=\"product-specification-item__content\">\n<div><\/div>\n<table class=\"specifications-table\">\n<tbody>\n<tr class=\"specification-row\">\n<td class=\"specification-title\"><strong>Area classification<\/strong><\/td>\n<td class=\"specification-value\">\n<div class=\"module-table__value value-type-default\"><span class=\"specification-value-secondary\">Hazardous\/Classified Locations<\/span><\/div>\n<\/td>\n<\/tr>\n<tr class=\"specification-row\">\n<td class=\"specification-title\"><strong>Standards type<\/strong><\/td>\n<td class=\"specification-value\">\n<div class=\"module-table__value value-type-default\"><span class=\"specification-value-secondary\">NEC\/CEC<br \/>\nIEC<br \/>\nIECEx\/ATEX<\/span><\/div>\n<\/td>\n<\/tr>\n<tr class=\"specification-row\">\n<td class=\"specification-title\"><strong>IECEx\/ATEX hazardous rating<\/strong><\/td>\n<td class=\"specification-value\">\n<div class=\"module-table__value value-type-default\"><span class=\"specification-value-secondary\">Zone 2<\/span><\/div>\n<\/td>\n<\/tr>\n<tr class=\"specification-row\">\n<td class=\"specification-title\"><strong>Ingress protection (IP) ratings<\/strong><\/td>\n<td class=\"specification-value\">\n<div class=\"module-table__value value-type-default\"><span class=\"specification-value-secondary\">IP66<\/span><\/div>\n<\/td>\n<\/tr>\n<tr class=\"specification-row\">\n<td class=\"specification-title\"><strong>Material<\/strong><\/td>\n<td class=\"specification-value\">\n<div class=\"module-table__value value-type-default\"><span class=\"specification-value-secondary\">316 stainless steel<\/span><\/div>\n<\/td>\n<\/tr>\n<tr class=\"specification-row\">\n<td class=\"specification-title\"><strong>Type<\/strong><\/td>\n<td class=\"specification-value\">\n<div class=\"module-table__value value-type-default\"><span class=\"specification-value-secondary\">Certified<\/span><\/div>\n<\/td>\n<\/tr>\n<tr class=\"specification-row\">\n<td class=\"specification-title\"><strong>Frequency<\/strong><\/td>\n<td class=\"specification-value\">\n<div class=\"module-table__value value-type-default\"><span class=\"specification-value-secondary\">1 MHz<\/span><\/div>\n<\/td>\n<\/tr>\n<tr class=\"specification-row\">\n<td class=\"specification-title\"><strong>Thread Size<\/strong><\/td>\n<td class=\"specification-value\">\n<div class=\"module-table__value value-type-default\"><span class=\"specification-value-secondary\">1\/2&#8243; NPT<\/span><\/div>\n<\/td>\n<\/tr>\n<tr class=\"specification-row\">\n<td class=\"specification-title\"><strong>Category Tested Acc. IEC 61643-21<\/strong><\/td>\n<td class=\"specification-value\">\n<div class=\"module-table__value value-type-default\"><span class=\"specification-value-secondary\">A2, B2, C1, C2, C3, D1<\/span><\/div>\n<\/td>\n<\/tr>\n<tr class=\"specification-row\">\n<td class=\"specification-title\"><strong>Connection Details<\/strong><\/td>\n<td class=\"specification-value\">\n<div class=\"module-table__value value-type-default\"><span class=\"specification-value-secondary\">4 flying leads (+ve, -ve, signal and earth)<\/span><\/div>\n<\/td>\n<\/tr>\n<tr class=\"specification-row\">\n<td class=\"specification-title\"><strong>Conductor Cross-section AWG<\/strong><\/td>\n<td class=\"specification-value\">\n<div class=\"module-table__value value-type-default\"><span class=\"specification-value-secondary\">18 AWG<\/span><\/div>\n<\/td>\n<\/tr>\n<tr class=\"specification-row\">\n<td class=\"specification-title\"><strong>Minimum Ambient Operating Temperature<\/strong><\/td>\n<td class=\"specification-value\">\n<div class=\"module-table__value value-type-default\"><span class=\"specification-value-secondary\">-40 \u00b0C<\/span><\/div>\n<\/td>\n<\/tr>\n<tr class=\"specification-row\">\n<td class=\"specification-title\"><strong>Maximum Ambient Operating Temperature<\/strong><\/td>\n<td class=\"specification-value\">\n<div class=\"module-table__value value-type-default\"><span class=\"specification-value-secondary\">60 \u00b0C<\/span><\/div>\n<\/td>\n<\/tr>\n<tr class=\"specification-row\">\n<td class=\"specification-title\"><strong>Minimum Ambient Storage Temperature<\/strong><\/td>\n<td class=\"specification-value\">\n<div class=\"module-table__value value-type-default\"><span class=\"specification-value-secondary\">-40 \u00b0C<\/span><\/div>\n<\/td>\n<\/tr>\n<tr class=\"specification-row\">\n<td class=\"specification-title\"><strong>Maximum Ambient Storage Temperature<\/strong><\/td>\n<td class=\"specification-value\">\n<div class=\"module-table__value value-type-default\"><span class=\"specification-value-secondary\">85 \u00b0C<\/span><\/div>\n<\/td>\n<\/tr>\n<tr class=\"specification-row\">\n<td class=\"specification-title\"><strong>Humidity<\/strong><\/td>\n<td class=\"specification-value\">\n<div class=\"module-table__value value-type-default\"><span class=\"specification-value-secondary\">5-95% RH (non-condensing)<\/span><\/div>\n<\/td>\n<\/tr>\n<tr class=\"specification-row\">\n<td class=\"specification-title\"><strong>Modes of Protection<\/strong><\/td>\n<td class=\"specification-value\">\n<div class=\"module-table__value value-type-default\"><span class=\"specification-value-secondary\">Safeguards electronic process transmitters against induced surges and transients from field cabling<\/span><\/div>\n<\/td>\n<\/tr>\n<tr class=\"specification-row\">\n<td class=\"specification-title\"><strong>Nominal Voltage DC<\/strong><\/td>\n<td class=\"specification-value\">\n<div class=\"module-table__value value-type-default\"><span class=\"specification-value-secondary\">35V<\/span><\/div>\n<\/td>\n<\/tr>\n<tr class=\"specification-row\">\n<td class=\"specification-title\"><strong>Nominal Discharge Surge Current (8\/20)<\/strong><\/td>\n<td class=\"specification-value\">\n<div class=\"module-table__value value-type-default\"><span class=\"specification-value-secondary\">10 kA<\/span><\/div>\n<\/td>\n<\/tr>\n<tr class=\"specification-row\">\n<td class=\"specification-title\"><strong>Lightning Impulse Current (10\/350 \u00b5s)<\/strong><\/td>\n<td class=\"specification-value\">\n<div class=\"module-table__value value-type-default\"><span class=\"specification-value-secondary\">2.5 kA<\/span><\/div>\n<\/td>\n<\/tr>\n<tr class=\"specification-row\">\n<td class=\"specification-title\"><strong>Voltage Protection Level at In<\/strong><\/td>\n<td class=\"specification-value\">\n<div class=\"module-table__value value-type-default\"><span class=\"specification-value-secondary\">90V<\/span><\/div>\n<\/td>\n<\/tr>\n<tr class=\"specification-row\">\n<td class=\"specification-title\"><strong>Voltage Protection Level at 1kV\/\u00b5S<\/strong><\/td>\n<td class=\"specification-value\">\n<div class=\"module-table__value value-type-default\"><span class=\"specification-value-secondary\">&lt;76V<\/span><\/div>\n<\/td>\n<\/tr>\n<tr class=\"specification-row\">\n<td class=\"specification-title\"><strong>Max. Leakage Current<\/strong><\/td>\n<td class=\"specification-value\">\n<div class=\"module-table__value value-type-default\"><span class=\"specification-value-secondary\">&lt;1\u03bcA<\/span><\/div>\n<\/td>\n<\/tr>\n<tr class=\"specification-row\">\n<td class=\"specification-title\"><strong>Max. Continuous Voltage DC<\/strong><\/td>\n<td class=\"specification-value\">\n<div class=\"module-table__value value-type-default\"><span class=\"specification-value-secondary\">58V<\/span><\/div>\n<\/td>\n<\/tr>\n<tr class=\"specification-row\">\n<td class=\"specification-title\"><strong>IEC<\/strong><\/td>\n<td class=\"specification-value\">\n<div class=\"module-table__value value-type-default\"><span class=\"specification-value-secondary\">IEC 61508<br \/>\nIEC 61511<\/span><\/div>\n<\/td>\n<\/tr>\n<\/tbody>\n<\/table>\n<\/div>\n<p>&nbsp;<\/p>\n<p>TP48-N Non-certified SPD &#8211; 1\/2\u201d NPT thread<br \/>\nTP48-I Non-certified SPD &#8211; 20mm ISO thread<br \/>\nTP48-G Non-certified SPD &#8211; G 1\/2\u201d (BSP 1\/2 inch)<br \/>\nTP48-3-N Non-certified SPD &#8211; 1\/2\u201d NPT thread<br \/>\nTP48-3-I Non-certified SPD &#8211; 20mm ISO thread<br \/>\nTP48-3-G Non-certified SPD &#8211; G 1\/2\u201d BSP 1\/2 inch<br \/>\nTP48-4-N Non-certified SPD &#8211; 1\/2\u201d NPT thread<br \/>\nTP48-4-I Non-certified SPD &#8211; 20mm ISO thread<br \/>\nTP48-4-G Non-certified SPD &#8211; G 1\/2\u201d BSP 1\/2 inch<\/p>\n<p>TP48-N-NDI Certified SPD &#8211; 1\/2\u201d NPT thread<br \/>\nTP48-I-NDI Certified SPD &#8211; 20mm ISO thread<br \/>\nTP48-G-NDI Certified SPD &#8211; G 1\/2\u201d (BSP 1\/2 inch)<br \/>\nTP48-3-N-NDI Certified SPD &#8211; 1\/2\u201d NPT thread<br \/>\nTP48-3-I-NDI Certified SPD &#8211; 20mm ISO thread<br \/>\nTP48-3-G-NDI Certified SPD &#8211; 20mm ISO thread<br \/>\nTP48-4-N-NDI Certified SPD &#8211; 1\/2\u201d NPT thread<br \/>\nTP48-4-I-NDI Certified SPD &#8211; 20mm ISO thread<br \/>\nTP48-4-G-NDI Certified SPD &#8211; G 1\/2\u201d &#8211; BSP 1\/2 inch<\/p>\n","protected":false},"excerpt":{"rendered":"<p>EATON TP48-3-N-NDI EATON TP48-3-N General specifications Product Name Eaton Crouse-Hinds series MTL TP48 surge protector Product Name Eaton Crouse-Hinds series MTL TP48 surge protector Catalog Number TP48-3-N-NDI Product Length\/Depth 75 mm Product Height 27 mm Product Width 23 mm Product Weight 175 g Global Catalog TP48-3-N-NDI Product Type Surge protector&hellip; <\/p>\n","protected":false},"featured_media":4578,"comment_status":"open","ping_status":"closed","template":"","meta":[],"product_cat":[653],"product_tag":[88,655,654],"class_list":{"0":"post-4577","1":"product","2":"type-product","3":"status-publish","4":"has-post-thumbnail","6":"product_cat-eaton","7":"product_tag-cam-bien","8":"product_tag-dai-ly-eaton-viet-nam","9":"product_tag-eaton-viet-nam","11":"first","12":"instock","13":"shipping-taxable","14":"product-type-simple"},"yoast_head":"<!-- This site is optimized with the Yoast SEO plugin v22.8 - https:\/\/yoast.com\/wordpress\/plugins\/seo\/ -->\n<title>EATON TP48-3-N-NDI - OMANI VI\u1ec6T NAM<\/title>\n<meta name=\"description\" content=\"EATON TP48-3-N-NDI surge protector\" \/>\n<meta name=\"robots\" content=\"index, follow, max-snippet:-1, max-image-preview:large, max-video-preview:-1\" \/>\n<link rel=\"canonical\" href=\"https:\/\/omanivietnam.com\/index.php\/san-pham\/eaton-tp48-3-n-ndi\/\" \/>\n<meta property=\"og:locale\" content=\"vi_VN\" \/>\n<meta property=\"og:type\" content=\"article\" \/>\n<meta property=\"og:title\" content=\"EATON TP48-3-N-NDI - OMANI VI\u1ec6T NAM\" \/>\n<meta property=\"og:description\" content=\"EATON TP48-3-N-NDI surge protector\" \/>\n<meta property=\"og:url\" content=\"https:\/\/omanivietnam.com\/index.php\/san-pham\/eaton-tp48-3-n-ndi\/\" \/>\n<meta property=\"og:site_name\" content=\"OMANI VI\u1ec6T NAM\" \/>\n<meta property=\"og:image\" content=\"https:\/\/omanivietnam.com\/wp-content\/uploads\/2025\/12\/TP48-3-N-NDI.png\" \/>\n\t<meta property=\"og:image:width\" content=\"898\" \/>\n\t<meta property=\"og:image:height\" content=\"895\" \/>\n\t<meta property=\"og:image:type\" content=\"image\/png\" \/>\n<meta name=\"twitter:card\" content=\"summary_large_image\" \/>\n<meta name=\"twitter:label1\" content=\"\u01af\u1edbc t\u00ednh th\u1eddi gian \u0111\u1ecdc\" \/>\n\t<meta name=\"twitter:data1\" content=\"2 ph\u00fat\" \/>\n<script type=\"application\/ld+json\" class=\"yoast-schema-graph\">{\"@context\":\"https:\/\/schema.org\",\"@graph\":[{\"@type\":\"WebPage\",\"@id\":\"https:\/\/omanivietnam.com\/index.php\/san-pham\/eaton-tp48-3-n-ndi\/\",\"url\":\"https:\/\/omanivietnam.com\/index.php\/san-pham\/eaton-tp48-3-n-ndi\/\",\"name\":\"EATON TP48-3-N-NDI - OMANI VI\u1ec6T NAM\",\"isPartOf\":{\"@id\":\"https:\/\/omanivietnam.com\/#website\"},\"primaryImageOfPage\":{\"@id\":\"https:\/\/omanivietnam.com\/index.php\/san-pham\/eaton-tp48-3-n-ndi\/#primaryimage\"},\"image\":{\"@id\":\"https:\/\/omanivietnam.com\/index.php\/san-pham\/eaton-tp48-3-n-ndi\/#primaryimage\"},\"thumbnailUrl\":\"https:\/\/omanivietnam.com\/wp-content\/uploads\/2025\/12\/TP48-3-N-NDI.png\",\"datePublished\":\"2025-12-01T14:13:46+00:00\",\"dateModified\":\"2025-12-01T14:13:46+00:00\",\"description\":\"EATON TP48-3-N-NDI surge protector\",\"breadcrumb\":{\"@id\":\"https:\/\/omanivietnam.com\/index.php\/san-pham\/eaton-tp48-3-n-ndi\/#breadcrumb\"},\"inLanguage\":\"vi\",\"potentialAction\":[{\"@type\":\"ReadAction\",\"target\":[\"https:\/\/omanivietnam.com\/index.php\/san-pham\/eaton-tp48-3-n-ndi\/\"]}]},{\"@type\":\"ImageObject\",\"inLanguage\":\"vi\",\"@id\":\"https:\/\/omanivietnam.com\/index.php\/san-pham\/eaton-tp48-3-n-ndi\/#primaryimage\",\"url\":\"https:\/\/omanivietnam.com\/wp-content\/uploads\/2025\/12\/TP48-3-N-NDI.png\",\"contentUrl\":\"https:\/\/omanivietnam.com\/wp-content\/uploads\/2025\/12\/TP48-3-N-NDI.png\",\"width\":898,\"height\":895},{\"@type\":\"BreadcrumbList\",\"@id\":\"https:\/\/omanivietnam.com\/index.php\/san-pham\/eaton-tp48-3-n-ndi\/#breadcrumb\",\"itemListElement\":[{\"@type\":\"ListItem\",\"position\":1,\"name\":\"Home\",\"item\":\"https:\/\/omanivietnam.com\/\"},{\"@type\":\"ListItem\",\"position\":2,\"name\":\"S\u1ea2N PH\u1ea8M\",\"item\":\"https:\/\/omanivietnam.com\/index.php\/cua-hang\/\"},{\"@type\":\"ListItem\",\"position\":3,\"name\":\"EATON TP48-3-N-NDI\"}]},{\"@type\":\"WebSite\",\"@id\":\"https:\/\/omanivietnam.com\/#website\",\"url\":\"https:\/\/omanivietnam.com\/\",\"name\":\"OMANI VI\u1ec6T NAM\",\"description\":\"Nh\u00e0 ph\u00e2n ph\u1ed1i thi\u1ebft b\u1ecb kh\u00ed n\u00e9n v\u00e0 thi\u1ebft b\u1ecb t\u1ef1 \u0111\u1ed9ng h\u00f3a trong c\u00f4ng nghi\u1ec7p\",\"publisher\":{\"@id\":\"https:\/\/omanivietnam.com\/#\/schema\/person\/0ad398a980dc3fd696111c2c5c8fa897\"},\"potentialAction\":[{\"@type\":\"SearchAction\",\"target\":{\"@type\":\"EntryPoint\",\"urlTemplate\":\"https:\/\/omanivietnam.com\/?s={search_term_string}\"},\"query-input\":\"required name=search_term_string\"}],\"inLanguage\":\"vi\"},{\"@type\":[\"Person\",\"Organization\"],\"@id\":\"https:\/\/omanivietnam.com\/#\/schema\/person\/0ad398a980dc3fd696111c2c5c8fa897\",\"name\":\"Nguy\u1ec5n V\u0103n Kh\u00e1nh\",\"image\":{\"@type\":\"ImageObject\",\"inLanguage\":\"vi\",\"@id\":\"https:\/\/omanivietnam.com\/#\/schema\/person\/image\/\",\"url\":\"https:\/\/omanivietnam.com\/wp-content\/uploads\/2024\/06\/logo-1024x1024.png\",\"contentUrl\":\"https:\/\/omanivietnam.com\/wp-content\/uploads\/2024\/06\/logo-1024x1024.png\",\"width\":1024,\"height\":1024,\"caption\":\"Nguy\u1ec5n V\u0103n Kh\u00e1nh\"},\"logo\":{\"@id\":\"https:\/\/omanivietnam.com\/#\/schema\/person\/image\/\"},\"sameAs\":[\"https:\/\/omanivietnam.com\"]}]}<\/script>\n<!-- \/ Yoast SEO plugin. -->","yoast_head_json":{"title":"EATON TP48-3-N-NDI - OMANI VI\u1ec6T NAM","description":"EATON TP48-3-N-NDI surge protector","robots":{"index":"index","follow":"follow","max-snippet":"max-snippet:-1","max-image-preview":"max-image-preview:large","max-video-preview":"max-video-preview:-1"},"canonical":"https:\/\/omanivietnam.com\/index.php\/san-pham\/eaton-tp48-3-n-ndi\/","og_locale":"vi_VN","og_type":"article","og_title":"EATON TP48-3-N-NDI - OMANI VI\u1ec6T NAM","og_description":"EATON TP48-3-N-NDI surge protector","og_url":"https:\/\/omanivietnam.com\/index.php\/san-pham\/eaton-tp48-3-n-ndi\/","og_site_name":"OMANI VI\u1ec6T NAM","og_image":[{"width":898,"height":895,"url":"https:\/\/omanivietnam.com\/wp-content\/uploads\/2025\/12\/TP48-3-N-NDI.png","type":"image\/png"}],"twitter_card":"summary_large_image","twitter_misc":{"\u01af\u1edbc t\u00ednh th\u1eddi gian \u0111\u1ecdc":"2 ph\u00fat"},"schema":{"@context":"https:\/\/schema.org","@graph":[{"@type":"WebPage","@id":"https:\/\/omanivietnam.com\/index.php\/san-pham\/eaton-tp48-3-n-ndi\/","url":"https:\/\/omanivietnam.com\/index.php\/san-pham\/eaton-tp48-3-n-ndi\/","name":"EATON TP48-3-N-NDI - OMANI VI\u1ec6T NAM","isPartOf":{"@id":"https:\/\/omanivietnam.com\/#website"},"primaryImageOfPage":{"@id":"https:\/\/omanivietnam.com\/index.php\/san-pham\/eaton-tp48-3-n-ndi\/#primaryimage"},"image":{"@id":"https:\/\/omanivietnam.com\/index.php\/san-pham\/eaton-tp48-3-n-ndi\/#primaryimage"},"thumbnailUrl":"https:\/\/omanivietnam.com\/wp-content\/uploads\/2025\/12\/TP48-3-N-NDI.png","datePublished":"2025-12-01T14:13:46+00:00","dateModified":"2025-12-01T14:13:46+00:00","description":"EATON TP48-3-N-NDI surge protector","breadcrumb":{"@id":"https:\/\/omanivietnam.com\/index.php\/san-pham\/eaton-tp48-3-n-ndi\/#breadcrumb"},"inLanguage":"vi","potentialAction":[{"@type":"ReadAction","target":["https:\/\/omanivietnam.com\/index.php\/san-pham\/eaton-tp48-3-n-ndi\/"]}]},{"@type":"ImageObject","inLanguage":"vi","@id":"https:\/\/omanivietnam.com\/index.php\/san-pham\/eaton-tp48-3-n-ndi\/#primaryimage","url":"https:\/\/omanivietnam.com\/wp-content\/uploads\/2025\/12\/TP48-3-N-NDI.png","contentUrl":"https:\/\/omanivietnam.com\/wp-content\/uploads\/2025\/12\/TP48-3-N-NDI.png","width":898,"height":895},{"@type":"BreadcrumbList","@id":"https:\/\/omanivietnam.com\/index.php\/san-pham\/eaton-tp48-3-n-ndi\/#breadcrumb","itemListElement":[{"@type":"ListItem","position":1,"name":"Home","item":"https:\/\/omanivietnam.com\/"},{"@type":"ListItem","position":2,"name":"S\u1ea2N PH\u1ea8M","item":"https:\/\/omanivietnam.com\/index.php\/cua-hang\/"},{"@type":"ListItem","position":3,"name":"EATON TP48-3-N-NDI"}]},{"@type":"WebSite","@id":"https:\/\/omanivietnam.com\/#website","url":"https:\/\/omanivietnam.com\/","name":"OMANI VI\u1ec6T NAM","description":"Nh\u00e0 ph\u00e2n ph\u1ed1i thi\u1ebft b\u1ecb kh\u00ed n\u00e9n v\u00e0 thi\u1ebft b\u1ecb t\u1ef1 \u0111\u1ed9ng h\u00f3a trong c\u00f4ng nghi\u1ec7p","publisher":{"@id":"https:\/\/omanivietnam.com\/#\/schema\/person\/0ad398a980dc3fd696111c2c5c8fa897"},"potentialAction":[{"@type":"SearchAction","target":{"@type":"EntryPoint","urlTemplate":"https:\/\/omanivietnam.com\/?s={search_term_string}"},"query-input":"required name=search_term_string"}],"inLanguage":"vi"},{"@type":["Person","Organization"],"@id":"https:\/\/omanivietnam.com\/#\/schema\/person\/0ad398a980dc3fd696111c2c5c8fa897","name":"Nguy\u1ec5n V\u0103n Kh\u00e1nh","image":{"@type":"ImageObject","inLanguage":"vi","@id":"https:\/\/omanivietnam.com\/#\/schema\/person\/image\/","url":"https:\/\/omanivietnam.com\/wp-content\/uploads\/2024\/06\/logo-1024x1024.png","contentUrl":"https:\/\/omanivietnam.com\/wp-content\/uploads\/2024\/06\/logo-1024x1024.png","width":1024,"height":1024,"caption":"Nguy\u1ec5n V\u0103n Kh\u00e1nh"},"logo":{"@id":"https:\/\/omanivietnam.com\/#\/schema\/person\/image\/"},"sameAs":["https:\/\/omanivietnam.com"]}]}},"_links":{"self":[{"href":"https:\/\/omanivietnam.com\/index.php\/wp-json\/wp\/v2\/product\/4577","targetHints":{"allow":["GET"]}}],"collection":[{"href":"https:\/\/omanivietnam.com\/index.php\/wp-json\/wp\/v2\/product"}],"about":[{"href":"https:\/\/omanivietnam.com\/index.php\/wp-json\/wp\/v2\/types\/product"}],"replies":[{"embeddable":true,"href":"https:\/\/omanivietnam.com\/index.php\/wp-json\/wp\/v2\/comments?post=4577"}],"wp:featuredmedia":[{"embeddable":true,"href":"https:\/\/omanivietnam.com\/index.php\/wp-json\/wp\/v2\/media\/4578"}],"wp:attachment":[{"href":"https:\/\/omanivietnam.com\/index.php\/wp-json\/wp\/v2\/media?parent=4577"}],"wp:term":[{"taxonomy":"product_cat","embeddable":true,"href":"https:\/\/omanivietnam.com\/index.php\/wp-json\/wp\/v2\/product_cat?post=4577"},{"taxonomy":"product_tag","embeddable":true,"href":"https:\/\/omanivietnam.com\/index.php\/wp-json\/wp\/v2\/product_tag?post=4577"}],"curies":[{"name":"wp","href":"https:\/\/api.w.org\/{rel}","templated":true}]}}