{"id":4588,"date":"2025-12-05T21:05:38","date_gmt":"2025-12-05T14:05:38","guid":{"rendered":"https:\/\/omanivietnam.com\/?post_type=product&#038;p=4588"},"modified":"2025-12-05T21:13:01","modified_gmt":"2025-12-05T14:13:01","slug":"novotechnik-tlh-0150-025306","status":"publish","type":"product","link":"https:\/\/omanivietnam.com\/index.php\/san-pham\/novotechnik-tlh-0150-025306\/","title":{"rendered":"NOVOTECHNIK TLH-0150 025306"},"content":{"rendered":"<p>NOVOTECHNIK TLH-0150 025306<\/p>\n<h3><em><strong>C\u1ea3m bi\u1ebfn Novotechnik TLH-0150<\/strong><\/em><\/h3>\n<p>\u0110\u1ea7u d\u00f2 TLH \u0111\u01b0\u1ee3c thi\u1ebft k\u1ebf \u0111\u1ec3 \u0111o tr\u1ef1c ti\u1ebfp, ch\u00ednh x\u00e1c \u0111\u1ed9 d\u1ecbch chuy\u1ec3n ho\u1eb7c chi\u1ec1u d\u00e0i trong c\u00e1c \u1ee9ng d\u1ee5ng \u0111i\u1ec1u khi\u1ec3n, \u0111i\u1ec1u ch\u1ec9nh v\u00e0 \u0111o l\u01b0\u1eddng.<\/p>\n<p>Thi\u1ebft k\u1ebf kh\u00f4ng c\u1ea7n thanh s\u1eed d\u1ee5ng d\u1ea3i th\u00e9p kh\u00f4ng g\u1ec9 c\u00f3 t\u1eeb t\u00ednh \u0111\u1ec3 che l\u1ed7 h\u1edf m\u00e0 b\u1ed9 truy\u1ec1n \u0111\u1ed9ng ho\u1ea1t \u0111\u1ed9ng. Do \u0111\u00f3, b\u1ed9 truy\u1ec1n \u0111\u1ed9ng \u0111\u01b0\u1ee3c d\u1eabn \u0111\u1ed9ng t\u1eeb b\u00ean c\u1ea1nh, d\u1ecdc theo chi\u1ec1u d\u00e0i \u0111\u01a1n v\u1ecb. \u0110i\u1ec1u n\u00e0y cho ph\u00e9p \u0111\u1ea7u d\u00f2 ng\u1eafn h\u01a1n v\u00e0 cho ph\u00e9p chi\u1ec1u d\u00e0i h\u00e0nh tr\u00ecnh l\u00ean t\u1edbi 3000 mm.<\/p>\n<p>Kh\u1edbp n\u1ed1i bi h\u1ea1n ch\u1ebf l\u1ef1c truy\u1ec1n \u0111\u1ed9ng song song ho\u1eb7c g\u00f3c truy\u1ec1n \u0111\u1ebfn c\u00e1c \u1ed5 tr\u1ee5c c\u1ea3m bi\u1ebfn. D\u00f2ng TLH \u0111\u01b0\u1ee3c thi\u1ebft k\u1ebf \u0111\u1ec3 s\u1eed d\u1ee5ng v\u1edbi k\u1eb9p l\u1eafp gi\u00fap \u0111\u01a1n gi\u1ea3n h\u00f3a vi\u1ec7c l\u1eafp \u0111\u1eb7t v\u00e0 \u0111i\u1ec1u ch\u1ec9nh.<\/p>\n<p>Do thi\u1ebft k\u1ebf v\u00e0 v\u1eadt li\u1ec7u \u0111\u01b0\u1ee3c l\u1ef1a ch\u1ecdn n\u00ean h\u1ec7 s\u1ed1 nhi\u1ec7t \u0111\u1ed9 c\u1ee7a \u0111\u1ea7u d\u00f2 c\u1ef1c k\u1ef3 nh\u1ecf. Thi\u1ebft k\u1ebf ch\u1eafc ch\u1eafn \u0111\u1ea3m b\u1ea3o ho\u1ea1t \u0111\u1ed9ng \u0111\u00e1ng tin c\u1eady ngay c\u1ea3 trong \u0111i\u1ec1u ki\u1ec7n m\u00f4i tr\u01b0\u1eddng kh\u1eafc nghi\u1ec7t nh\u01b0 rung \u0111\u1ed9ng ho\u1eb7c thay \u0111\u1ed5i nhi\u1ec7t \u0111\u1ed9.<\/p>\n<p><strong>T\u00ednh n\u0103ng \u0111\u1eb7c bi\u1ec7t:<\/strong><br \/>\n\u2022 thi\u1ebft k\u1ebf kh\u00f4ng c\u1ea7n thanh<br \/>\n\u2022 t\u1ed1c \u0111\u1ed9 ho\u1ea1t \u0111\u1ed9ng r\u1ea5t cao<br \/>\n\u2022 kh\u1edbp n\u1ed1i bi tr\u00e1nh t\u1ea3i tr\u1ecdng b\u00ean<br \/>\n\u2022 tu\u1ed5i th\u1ecd cao &gt;100 x 106 chuy\u1ec3n \u0111\u1ed9ng<br \/>\n\u2022 tuy\u1ebfn t\u00ednh v\u01b0\u1ee3t tr\u1ed9i \u2013 l\u00ean t\u1edbi \u00b10,02 %<br \/>\n\u2022 \u0111\u1ed9 ph\u00e2n gi\u1ea3i cao \u2013 t\u1ed1t h\u01a1n 0,01mm<br \/>\n\u2022 \u0111\u1ea7u ra th\u1eddi gian th\u1ef1c<br \/>\n\u2022 \u0111\u1ea7u n\u1ed1i DIN 43650 (\u0111\u1ea7u n\u1ed1i th\u1ee7y l\u1ef1c)<br \/>\n\u2022 c\u1ea5p b\u1ea3o v\u1ec7 IP 54 \u2013 g\u1eafn thanh tr\u01b0\u1ee3t xu\u1ed1ng<\/p>\n<h3><b>TLH-2750<\/b><\/h3>\n<p>\u0110\u1eb7c \u0111i\u1ec3m:<\/p>\n<p>Kho\u1ea3ng \u0111o \u0111i\u1ec7n: 2750 mm<\/p>\n<p>Kho\u1ea3ng x\u00e1c \u0111\u1ecbnh: 2770 mm<\/p>\n<p>Chi\u1ec1u d\u00e0i c\u1ea3m bi\u1ebfn: 2918 mm<\/p>\n<p>H\u00e0nh tr\u00ecnh c\u01a1 kh\u00ed: 2776 mm<\/p>\n<p>Gi\u00e1 tr\u1ecb \u0111i\u1ec7n tr\u1edf: 20 k\u03a9<\/p>\n<p>Tuy\u1ebfn t\u00ednh \u0111\u1ed9c l\u1eadp: 0.02 %FS<\/p>\n<p>\u0110i\u1ec7n \u00e1p ho\u1ea1t \u0111\u1ed9ng: t\u1ed1i \u0111a 42 VDC<\/p>\n<p>IP40\/IP54<\/p>\n<p><strong>Ngo\u00e0i ra ch\u00fang t\u00f4i c\u00f2n cung c\u1ea5p c\u00e1c Model kh\u00e1c nh\u01b0:<\/strong><\/p>\n<p>TLH-0100 025304<\/p>\n<p>TLH-0130 025305<\/p>\n<p>TLH-0150 025306<\/p>\n<p>TLH-0225 025309<\/p>\n<p>TLH-0300 025312<\/p>\n<p>TLH-0360 025314<\/p>\n<p>TLH-0450 025318<\/p>\n<p>TLH-0500 025320<\/p>\n<p>TLH-0600 025324<\/p>\n<p>TLH-0750 025330<\/p>\n<p>TLH-0900 025336<\/p>\n<p>TLH-1000 025340<\/p>\n<p>TLH-1250 025350<\/p>\n<p>TLH-1500 025360<\/p>\n<p>TLH-1750 025370<\/p>\n<p>TLH-2000 025380<\/p>\n<p>TLH-2250 025381<\/p>\n<p>TLH-2500 025383<\/p>\n<p>TLH-2750 025384<\/p>\n<p>TLH-3000 025385<\/p>\n","protected":false},"excerpt":{"rendered":"<p>NOVOTECHNIK TLH-0150 025306 C\u1ea3m bi\u1ebfn Novotechnik TLH-0150 \u0110\u1ea7u d\u00f2 TLH \u0111\u01b0\u1ee3c thi\u1ebft k\u1ebf \u0111\u1ec3 \u0111o tr\u1ef1c ti\u1ebfp, ch\u00ednh x\u00e1c \u0111\u1ed9 d\u1ecbch chuy\u1ec3n ho\u1eb7c chi\u1ec1u d\u00e0i trong c\u00e1c \u1ee9ng d\u1ee5ng \u0111i\u1ec1u khi\u1ec3n, \u0111i\u1ec1u ch\u1ec9nh v\u00e0 \u0111o l\u01b0\u1eddng. Thi\u1ebft k\u1ebf kh\u00f4ng c\u1ea7n thanh s\u1eed d\u1ee5ng d\u1ea3i th\u00e9p kh\u00f4ng g\u1ec9 c\u00f3 t\u1eeb t\u00ednh&hellip; <\/p>\n","protected":false},"featured_media":4589,"comment_status":"open","ping_status":"closed","template":"","meta":[],"product_cat":[876],"product_tag":[88,878,877],"class_list":{"0":"post-4588","1":"product","2":"type-product","3":"status-publish","4":"has-post-thumbnail","6":"product_cat-novotechnik","7":"product_tag-cam-bien","8":"product_tag-dai-ly-novotechnik-viet-nam","9":"product_tag-novotechnik-viet-nam","11":"first","12":"instock","13":"shipping-taxable","14":"product-type-simple"},"yoast_head":"<!-- This site is optimized with the Yoast SEO plugin v22.8 - https:\/\/yoast.com\/wordpress\/plugins\/seo\/ -->\n<title>NOVOTECHNIK TLH-0150 025306 - OMANI VI\u1ec6T NAM<\/title>\n<meta name=\"description\" content=\"NOVOTECHNIK TLH-0150 025306 Linear Position Transducer\" \/>\n<meta name=\"robots\" content=\"index, follow, max-snippet:-1, max-image-preview:large, max-video-preview:-1\" \/>\n<link rel=\"canonical\" href=\"https:\/\/omanivietnam.com\/index.php\/san-pham\/novotechnik-tlh-0150-025306\/\" \/>\n<meta property=\"og:locale\" content=\"vi_VN\" \/>\n<meta property=\"og:type\" content=\"article\" \/>\n<meta property=\"og:title\" content=\"NOVOTECHNIK TLH-0150 025306 - OMANI VI\u1ec6T NAM\" \/>\n<meta property=\"og:description\" content=\"NOVOTECHNIK TLH-0150 025306 Linear Position Transducer\" \/>\n<meta property=\"og:url\" content=\"https:\/\/omanivietnam.com\/index.php\/san-pham\/novotechnik-tlh-0150-025306\/\" \/>\n<meta property=\"og:site_name\" content=\"OMANI VI\u1ec6T NAM\" \/>\n<meta property=\"article:modified_time\" content=\"2025-12-05T14:13:01+00:00\" \/>\n<meta property=\"og:image\" content=\"https:\/\/omanivietnam.com\/wp-content\/uploads\/2025\/12\/TLH-0150-025306.png\" \/>\n\t<meta property=\"og:image:width\" content=\"1172\" \/>\n\t<meta property=\"og:image:height\" content=\"897\" \/>\n\t<meta property=\"og:image:type\" content=\"image\/png\" \/>\n<meta name=\"twitter:card\" content=\"summary_large_image\" \/>\n<meta name=\"twitter:label1\" content=\"\u01af\u1edbc t\u00ednh th\u1eddi gian \u0111\u1ecdc\" \/>\n\t<meta name=\"twitter:data1\" content=\"3 ph\u00fat\" \/>\n<script type=\"application\/ld+json\" class=\"yoast-schema-graph\">{\"@context\":\"https:\/\/schema.org\",\"@graph\":[{\"@type\":\"WebPage\",\"@id\":\"https:\/\/omanivietnam.com\/index.php\/san-pham\/novotechnik-tlh-0150-025306\/\",\"url\":\"https:\/\/omanivietnam.com\/index.php\/san-pham\/novotechnik-tlh-0150-025306\/\",\"name\":\"NOVOTECHNIK TLH-0150 025306 - OMANI VI\u1ec6T NAM\",\"isPartOf\":{\"@id\":\"https:\/\/omanivietnam.com\/#website\"},\"primaryImageOfPage\":{\"@id\":\"https:\/\/omanivietnam.com\/index.php\/san-pham\/novotechnik-tlh-0150-025306\/#primaryimage\"},\"image\":{\"@id\":\"https:\/\/omanivietnam.com\/index.php\/san-pham\/novotechnik-tlh-0150-025306\/#primaryimage\"},\"thumbnailUrl\":\"https:\/\/omanivietnam.com\/wp-content\/uploads\/2025\/12\/TLH-0150-025306.png\",\"datePublished\":\"2025-12-05T14:05:38+00:00\",\"dateModified\":\"2025-12-05T14:13:01+00:00\",\"description\":\"NOVOTECHNIK TLH-0150 025306 Linear Position Transducer\",\"breadcrumb\":{\"@id\":\"https:\/\/omanivietnam.com\/index.php\/san-pham\/novotechnik-tlh-0150-025306\/#breadcrumb\"},\"inLanguage\":\"vi\",\"potentialAction\":[{\"@type\":\"ReadAction\",\"target\":[\"https:\/\/omanivietnam.com\/index.php\/san-pham\/novotechnik-tlh-0150-025306\/\"]}]},{\"@type\":\"ImageObject\",\"inLanguage\":\"vi\",\"@id\":\"https:\/\/omanivietnam.com\/index.php\/san-pham\/novotechnik-tlh-0150-025306\/#primaryimage\",\"url\":\"https:\/\/omanivietnam.com\/wp-content\/uploads\/2025\/12\/TLH-0150-025306.png\",\"contentUrl\":\"https:\/\/omanivietnam.com\/wp-content\/uploads\/2025\/12\/TLH-0150-025306.png\",\"width\":1172,\"height\":897},{\"@type\":\"BreadcrumbList\",\"@id\":\"https:\/\/omanivietnam.com\/index.php\/san-pham\/novotechnik-tlh-0150-025306\/#breadcrumb\",\"itemListElement\":[{\"@type\":\"ListItem\",\"position\":1,\"name\":\"Home\",\"item\":\"https:\/\/omanivietnam.com\/\"},{\"@type\":\"ListItem\",\"position\":2,\"name\":\"S\u1ea2N PH\u1ea8M\",\"item\":\"https:\/\/omanivietnam.com\/index.php\/cua-hang\/\"},{\"@type\":\"ListItem\",\"position\":3,\"name\":\"NOVOTECHNIK TLH-0150 025306\"}]},{\"@type\":\"WebSite\",\"@id\":\"https:\/\/omanivietnam.com\/#website\",\"url\":\"https:\/\/omanivietnam.com\/\",\"name\":\"OMANI VI\u1ec6T NAM\",\"description\":\"Nh\u00e0 ph\u00e2n ph\u1ed1i thi\u1ebft b\u1ecb kh\u00ed n\u00e9n v\u00e0 thi\u1ebft b\u1ecb t\u1ef1 \u0111\u1ed9ng h\u00f3a trong c\u00f4ng nghi\u1ec7p\",\"publisher\":{\"@id\":\"https:\/\/omanivietnam.com\/#\/schema\/person\/0ad398a980dc3fd696111c2c5c8fa897\"},\"potentialAction\":[{\"@type\":\"SearchAction\",\"target\":{\"@type\":\"EntryPoint\",\"urlTemplate\":\"https:\/\/omanivietnam.com\/?s={search_term_string}\"},\"query-input\":\"required name=search_term_string\"}],\"inLanguage\":\"vi\"},{\"@type\":[\"Person\",\"Organization\"],\"@id\":\"https:\/\/omanivietnam.com\/#\/schema\/person\/0ad398a980dc3fd696111c2c5c8fa897\",\"name\":\"Nguy\u1ec5n V\u0103n Kh\u00e1nh\",\"image\":{\"@type\":\"ImageObject\",\"inLanguage\":\"vi\",\"@id\":\"https:\/\/omanivietnam.com\/#\/schema\/person\/image\/\",\"url\":\"https:\/\/omanivietnam.com\/wp-content\/uploads\/2024\/06\/logo-1024x1024.png\",\"contentUrl\":\"https:\/\/omanivietnam.com\/wp-content\/uploads\/2024\/06\/logo-1024x1024.png\",\"width\":1024,\"height\":1024,\"caption\":\"Nguy\u1ec5n V\u0103n Kh\u00e1nh\"},\"logo\":{\"@id\":\"https:\/\/omanivietnam.com\/#\/schema\/person\/image\/\"},\"sameAs\":[\"https:\/\/omanivietnam.com\"]}]}<\/script>\n<!-- \/ Yoast SEO plugin. -->","yoast_head_json":{"title":"NOVOTECHNIK TLH-0150 025306 - OMANI VI\u1ec6T NAM","description":"NOVOTECHNIK TLH-0150 025306 Linear Position Transducer","robots":{"index":"index","follow":"follow","max-snippet":"max-snippet:-1","max-image-preview":"max-image-preview:large","max-video-preview":"max-video-preview:-1"},"canonical":"https:\/\/omanivietnam.com\/index.php\/san-pham\/novotechnik-tlh-0150-025306\/","og_locale":"vi_VN","og_type":"article","og_title":"NOVOTECHNIK TLH-0150 025306 - OMANI VI\u1ec6T NAM","og_description":"NOVOTECHNIK TLH-0150 025306 Linear Position Transducer","og_url":"https:\/\/omanivietnam.com\/index.php\/san-pham\/novotechnik-tlh-0150-025306\/","og_site_name":"OMANI VI\u1ec6T NAM","article_modified_time":"2025-12-05T14:13:01+00:00","og_image":[{"width":1172,"height":897,"url":"https:\/\/omanivietnam.com\/wp-content\/uploads\/2025\/12\/TLH-0150-025306.png","type":"image\/png"}],"twitter_card":"summary_large_image","twitter_misc":{"\u01af\u1edbc t\u00ednh th\u1eddi gian \u0111\u1ecdc":"3 ph\u00fat"},"schema":{"@context":"https:\/\/schema.org","@graph":[{"@type":"WebPage","@id":"https:\/\/omanivietnam.com\/index.php\/san-pham\/novotechnik-tlh-0150-025306\/","url":"https:\/\/omanivietnam.com\/index.php\/san-pham\/novotechnik-tlh-0150-025306\/","name":"NOVOTECHNIK TLH-0150 025306 - OMANI VI\u1ec6T NAM","isPartOf":{"@id":"https:\/\/omanivietnam.com\/#website"},"primaryImageOfPage":{"@id":"https:\/\/omanivietnam.com\/index.php\/san-pham\/novotechnik-tlh-0150-025306\/#primaryimage"},"image":{"@id":"https:\/\/omanivietnam.com\/index.php\/san-pham\/novotechnik-tlh-0150-025306\/#primaryimage"},"thumbnailUrl":"https:\/\/omanivietnam.com\/wp-content\/uploads\/2025\/12\/TLH-0150-025306.png","datePublished":"2025-12-05T14:05:38+00:00","dateModified":"2025-12-05T14:13:01+00:00","description":"NOVOTECHNIK TLH-0150 025306 Linear Position Transducer","breadcrumb":{"@id":"https:\/\/omanivietnam.com\/index.php\/san-pham\/novotechnik-tlh-0150-025306\/#breadcrumb"},"inLanguage":"vi","potentialAction":[{"@type":"ReadAction","target":["https:\/\/omanivietnam.com\/index.php\/san-pham\/novotechnik-tlh-0150-025306\/"]}]},{"@type":"ImageObject","inLanguage":"vi","@id":"https:\/\/omanivietnam.com\/index.php\/san-pham\/novotechnik-tlh-0150-025306\/#primaryimage","url":"https:\/\/omanivietnam.com\/wp-content\/uploads\/2025\/12\/TLH-0150-025306.png","contentUrl":"https:\/\/omanivietnam.com\/wp-content\/uploads\/2025\/12\/TLH-0150-025306.png","width":1172,"height":897},{"@type":"BreadcrumbList","@id":"https:\/\/omanivietnam.com\/index.php\/san-pham\/novotechnik-tlh-0150-025306\/#breadcrumb","itemListElement":[{"@type":"ListItem","position":1,"name":"Home","item":"https:\/\/omanivietnam.com\/"},{"@type":"ListItem","position":2,"name":"S\u1ea2N PH\u1ea8M","item":"https:\/\/omanivietnam.com\/index.php\/cua-hang\/"},{"@type":"ListItem","position":3,"name":"NOVOTECHNIK TLH-0150 025306"}]},{"@type":"WebSite","@id":"https:\/\/omanivietnam.com\/#website","url":"https:\/\/omanivietnam.com\/","name":"OMANI VI\u1ec6T NAM","description":"Nh\u00e0 ph\u00e2n ph\u1ed1i thi\u1ebft b\u1ecb kh\u00ed n\u00e9n v\u00e0 thi\u1ebft b\u1ecb t\u1ef1 \u0111\u1ed9ng h\u00f3a trong c\u00f4ng nghi\u1ec7p","publisher":{"@id":"https:\/\/omanivietnam.com\/#\/schema\/person\/0ad398a980dc3fd696111c2c5c8fa897"},"potentialAction":[{"@type":"SearchAction","target":{"@type":"EntryPoint","urlTemplate":"https:\/\/omanivietnam.com\/?s={search_term_string}"},"query-input":"required name=search_term_string"}],"inLanguage":"vi"},{"@type":["Person","Organization"],"@id":"https:\/\/omanivietnam.com\/#\/schema\/person\/0ad398a980dc3fd696111c2c5c8fa897","name":"Nguy\u1ec5n V\u0103n Kh\u00e1nh","image":{"@type":"ImageObject","inLanguage":"vi","@id":"https:\/\/omanivietnam.com\/#\/schema\/person\/image\/","url":"https:\/\/omanivietnam.com\/wp-content\/uploads\/2024\/06\/logo-1024x1024.png","contentUrl":"https:\/\/omanivietnam.com\/wp-content\/uploads\/2024\/06\/logo-1024x1024.png","width":1024,"height":1024,"caption":"Nguy\u1ec5n V\u0103n Kh\u00e1nh"},"logo":{"@id":"https:\/\/omanivietnam.com\/#\/schema\/person\/image\/"},"sameAs":["https:\/\/omanivietnam.com"]}]}},"_links":{"self":[{"href":"https:\/\/omanivietnam.com\/index.php\/wp-json\/wp\/v2\/product\/4588","targetHints":{"allow":["GET"]}}],"collection":[{"href":"https:\/\/omanivietnam.com\/index.php\/wp-json\/wp\/v2\/product"}],"about":[{"href":"https:\/\/omanivietnam.com\/index.php\/wp-json\/wp\/v2\/types\/product"}],"replies":[{"embeddable":true,"href":"https:\/\/omanivietnam.com\/index.php\/wp-json\/wp\/v2\/comments?post=4588"}],"wp:featuredmedia":[{"embeddable":true,"href":"https:\/\/omanivietnam.com\/index.php\/wp-json\/wp\/v2\/media\/4589"}],"wp:attachment":[{"href":"https:\/\/omanivietnam.com\/index.php\/wp-json\/wp\/v2\/media?parent=4588"}],"wp:term":[{"taxonomy":"product_cat","embeddable":true,"href":"https:\/\/omanivietnam.com\/index.php\/wp-json\/wp\/v2\/product_cat?post=4588"},{"taxonomy":"product_tag","embeddable":true,"href":"https:\/\/omanivietnam.com\/index.php\/wp-json\/wp\/v2\/product_tag?post=4588"}],"curies":[{"name":"wp","href":"https:\/\/api.w.org\/{rel}","templated":true}]}}