{"id":4609,"date":"2025-12-08T23:08:20","date_gmt":"2025-12-08T16:08:20","guid":{"rendered":"https:\/\/omanivietnam.com\/?post_type=product&#038;p=4609"},"modified":"2025-12-08T23:08:20","modified_gmt":"2025-12-08T16:08:20","slug":"sick-tim310-1030000","status":"publish","type":"product","link":"https:\/\/omanivietnam.com\/index.php\/san-pham\/sick-tim310-1030000\/","title":{"rendered":"SICK TIM310-1030000"},"content":{"rendered":"<p>SICK TIM310-1030000<\/p>\n<h2>Hi\u1ec7u qu\u1ea3 chi ph\u00ed \u0111\u00e1p \u1ee9ng hi\u1ec7u su\u1ea5t trong m\u1ed9t thi\u1ebft k\u1ebf nh\u1ecf g\u1ecdn<\/h2>\n<p>C\u1ea3m bi\u1ebfn TiM 2D LiDAR mang l\u1ea1i hi\u1ec7u su\u1ea5t cao cho vi\u1ec7c \u0111\u00e1nh gi\u00e1 hi\u1ec7n tr\u01b0\u1eddng v\u00e0 xu\u1ea5t d\u1eef li\u1ec7u \u0111o l\u01b0\u1eddng trong m\u1ed9t v\u1ecf nh\u1ecf g\u1ecdn. Cho d\u00f9 \u0111\u00f3 l\u00e0 \u1ee9ng d\u1ee5ng di \u0111\u1ed9ng hay c\u1ed1 \u0111\u1ecbnh, t\u1ef1 \u0111\u1ed9ng h\u00f3a, gi\u00e1m s\u00e1t ho\u1eb7c an to\u00e0n \u2013 v\u1edbi ph\u1ea1m vi qu\u00e9t l\u00ean t\u1edbi 25 m v\u00e0 ph\u1ea1m vi ho\u1ea1t \u0111\u1ed9ng l\u00ean t\u1edbi 270\u00b0, c\u00e1c c\u1ea3m bi\u1ebfn n\u00e0y s\u1ebd ph\u00e1t hi\u1ec7n m\u00f4i tr\u01b0\u1eddng c\u1ee7a ch\u00fang tr\u00ean m\u1ed9t khu v\u1ef1c r\u1ed9ng v\u00e0 ch\u00ednh x\u00e1c. C\u00e1c b\u1ec1 m\u1eb7t kh\u00e1c nhau ho\u00e0n to\u00e0n kh\u00f4ng ph\u1ea3i l\u00e0 v\u1ea5n \u0111\u1ec1 \u0111\u1ed1i v\u1edbi ch\u00fang. Nh\u1edd c\u00f4ng ngh\u1ec7 \u0111a xung HDDM\/HDDM+ \u0111\u00e3 \u0111\u01b0\u1ee3c c\u1ea5p b\u1eb1ng s\u00e1ng ch\u1ebf, TiM ph\u00e1t hi\u1ec7n to\u00e0n b\u1ed9 ph\u1ea1m vi qu\u00e9t m\u00e0 kh\u00f4ng c\u00f3 kho\u1ea3ng tr\u1ed1ng, t\u1eeb \u0111\u00f3 \u0111\u1ea3m b\u1ea3o ch\u1ea5t l\u01b0\u1ee3ng \u0111o cao nh\u1ea5t qu\u00e1n. \u0110\u01b0\u1ee3c x\u00e2y d\u1ef1ng ch\u1eafc ch\u1eafn v\u00e0 \u0111\u01b0\u1ee3c trang b\u1ecb c\u00e1c c\u00f4ng ngh\u1ec7 k\u1ebft n\u1ed1i ch\u1ea5t l\u01b0\u1ee3ng cao, ch\u00fang ph\u00f9 h\u1ee3p cho c\u00e1c \u1ee9ng d\u1ee5ng c\u00f4ng nghi\u1ec7p \u0111\u00f2i h\u1ecfi kh\u1eaft khe trong nhi\u1ec1u ng\u00e0nh v\u00e0 l\u0129nh v\u1ef1c kh\u00e1c nhau.<\/p>\n<h2>\u0110\u1eb7c \u0110i\u1ec3m K\u1ef9 Thu\u1eadt<\/h2>\n<p>Ph\u1ea1m vi c\u1ea3m bi\u1ebfn l\u00ean t\u1edbi 25 m<br \/>\nPh\u1ea1m vi l\u00e0m vi\u1ec7c l\u00ean t\u1edbi 270\u00b0<br \/>\n\u0110\u1ed9 ph\u00e2n gi\u1ea3i g\u00f3c t\u1eeb 1\u00b0 \u0111\u1ebfn 0,33\u00b0<br \/>\nC\u00f4ng ngh\u1ec7 HDDM\/HDDM+ \u0111\u1ec3 ph\u00e1t hi\u1ec7n li\u1ec1n m\u1ea1ch c\u00e1c v\u1eadt th\u1ec3 nh\u1ecf<br \/>\nKh\u1ea3 n\u0103ng mi\u1ec5n d\u1ecbch \u00e1nh s\u00e1ng xung quanh cao l\u00ean t\u1edbi 80.000 lx<br \/>\nX\u1ebfp h\u1ea1ng bao v\u00e2y l\u00ean t\u1edbi IP67<br \/>\nGiao di\u1ec7n truy\u1ec1n th\u00f4ng \u0111\u01b0\u1ee3c ti\u00eau chu\u1ea9n h\u00f3a<br \/>\nTi\u00eau th\u1ee5 \u0111i\u1ec7n n\u0103ng r\u1ea5t th\u1ea5p<\/p>\n<p><strong>SICK 2D LiDAR sensors\u00a0<\/strong><strong>TIM310-1030000<\/strong><strong>\u00a0&#8211; C\u1ea3m bi\u1ebfn kho\u1ea3ng c\u00e1ch LiDAR 2D\u00a0<\/strong>\u0111\u01b0\u1ee3c nh\u1eadp kh\u1ea9u v\u00e0 ph\u00e2n ph\u1ed1i ch\u00ednh h\u00e3ng b\u1edfi\u00a0<strong>T\u00e2n H\u01b0ng H<\/strong><\/p>\n<table class=\"feature__metadata--tab active w-100\" data-tab=\"0\">\n<thead class=\"d-table w-100\">\n<tr>\n<td>\n<h2 class=\"text-danger fw-bold fs-4\">Th\u00f4ng s\u1ed1 k\u1ef9 thu\u1eadt c\u1ee7a C\u1ea3m bi\u1ebfn 2D LiDAR\u00a0 SICK TIM310-1030000<\/h2>\n<\/td>\n<\/tr>\n<\/thead>\n<tbody class=\"d-block mt-1\">\n<tr class=\"bg-light\">\n<td class=\"feature__metadata__td--first p-2 rounded-left\"><label id=\"param_2\">V\u00f9ng l\u00e0m vi\u1ec7c<\/label><\/td>\n<td class=\"feature__metadata__td--middle p-2\">\n<div>0.05&#8230;4m<\/div>\n<\/td>\n<td class=\"p-2 rounded-right\"><label><\/label><\/td>\n<\/tr>\n<tr class=\"\">\n<td class=\"feature__metadata__td--first p-2 rounded-left\"><label id=\"param_2\">G\u00f3c qu\u00e9t chi\u1ec1u ngang<\/label><\/td>\n<td class=\"feature__metadata__td--middle p-2\">\n<div>Ngang 270\u00b0<\/div>\n<\/td>\n<td class=\"p-2 rounded-right\"><label><\/label><\/td>\n<\/tr>\n<tr class=\"bg-light\">\n<td class=\"feature__metadata__td--first p-2 rounded-left\"><label id=\"param_2\">\u0110\u1ed9 ph\u00e2n gi\u1ea3i g\u00f3c qu\u00e9t chi\u1ec1u ngang<\/label><\/td>\n<td class=\"feature__metadata__td--middle p-2\">\n<div>1\u00b0<\/div>\n<\/td>\n<td class=\"p-2 rounded-right\"><label><\/label><\/td>\n<\/tr>\n<tr class=\"\">\n<td class=\"feature__metadata__td--first p-2 rounded-left\"><label id=\"param_2\">T\u1ea7n s\u1ed1 qu\u00e9t<\/label><\/td>\n<td class=\"feature__metadata__td--middle p-2\">\n<div>15Hz<\/div>\n<\/td>\n<td class=\"p-2 rounded-right\"><label><\/label><\/td>\n<\/tr>\n<tr class=\"bg-light\">\n<td class=\"feature__metadata__td--first p-2 rounded-left\"><label id=\"param_2\">Th\u1eddi gian ph\u1ea3n h\u1ed3i<\/label><\/td>\n<td class=\"feature__metadata__td--middle p-2\">\n<div>67ms (1 scan), 134ms (Max-2 scan)<\/div>\n<\/td>\n<td class=\"p-2 rounded-right\"><label><\/label><\/td>\n<\/tr>\n<tr class=\"\">\n<td class=\"feature__metadata__td--first p-2 rounded-left\"><label id=\"param_2\">\u0110i\u1ec7n \u00e1p ngu\u1ed3n c\u1ea5p<\/label><\/td>\n<td class=\"feature__metadata__td--middle p-2\">\n<div>9&#8230;28VDC<\/div>\n<\/td>\n<td class=\"p-2 rounded-right\"><label><\/label><\/td>\n<\/tr>\n<tr class=\"bg-light\">\n<td class=\"feature__metadata__td--first p-2 rounded-left\"><label id=\"param_2\">Lo\u1ea1i<\/label><\/td>\n<td class=\"feature__metadata__td--middle p-2\">\n<div>2D<\/div>\n<\/td>\n<td class=\"p-2 rounded-right\"><label><\/label><\/td>\n<\/tr>\n<tr class=\"\">\n<td class=\"feature__metadata__td--first p-2 rounded-left\"><label id=\"param_2\">Ngu\u1ed3n s\u00e1ng<\/label><\/td>\n<td class=\"feature__metadata__td--middle p-2\">\n<div>H\u1ed3ng ngo\u1ea1i (850nm)<\/div>\n<\/td>\n<td class=\"p-2 rounded-right\"><label><\/label><\/td>\n<\/tr>\n<tr class=\"bg-light\">\n<td class=\"feature__metadata__td--first p-2 rounded-left\"><label id=\"param_2\">L\u1edbp laser<\/label><\/td>\n<td class=\"feature__metadata__td--middle p-2\">\n<div>1<\/div>\n<\/td>\n<td class=\"p-2 rounded-right\"><label><\/label><\/td>\n<\/tr>\n<tr class=\"\">\n<td class=\"feature__metadata__td--first p-2 rounded-left\"><label id=\"param_2\">Ch\u1ecbu s\u00e1ng<\/label><\/td>\n<td class=\"feature__metadata__td--middle p-2\">\n<div>80,000lx<\/div>\n<\/td>\n<td class=\"p-2 rounded-right\"><label><\/label><\/td>\n<\/tr>\n<tr class=\"bg-light\">\n<td class=\"feature__metadata__td--first p-2 rounded-left\"><label id=\"param_2\">\u0110i\u1ec7n n\u0103ng ti\u00eau th\u1ee5<\/label><\/td>\n<td class=\"feature__metadata__td--middle p-2\">\n<div>4W, 16W (v\u1edbi 4 \u0111\u1ea7u ra k\u1ef9 thu\u1eadt s\u1ed1 t\u1ea3i t\u1ed1i \u0111a)<\/div>\n<\/td>\n<td class=\"p-2 rounded-right\"><label><\/label><\/td>\n<\/tr>\n<tr class=\"\">\n<td class=\"feature__metadata__td--first p-2 rounded-left\"><label id=\"param_2\">D\u00f2ng \u0111i\u1ec7n \u0111\u1ea7u ra<\/label><\/td>\n<td class=\"feature__metadata__td--middle p-2\">\n<div>100mA (Max)<\/div>\n<\/td>\n<td class=\"p-2 rounded-right\"><label><\/label><\/td>\n<\/tr>\n<tr class=\"bg-light\">\n<td class=\"feature__metadata__td--first p-2 rounded-left\"><label id=\"param_2\">C\u1ed5ng truy\u1ec1n th\u00f4ng<\/label><\/td>\n<td class=\"feature__metadata__td--middle p-2\">\n<div>Micro USB<\/div>\n<\/td>\n<td class=\"p-2 rounded-right\"><label><\/label><\/td>\n<\/tr>\n<tr class=\"\">\n<td class=\"feature__metadata__td--first p-2 rounded-left\"><label id=\"param_2\">Lo\u1ea1i \u0111\u1ea7u v\u00e0o<\/label><\/td>\n<td class=\"feature__metadata__td--middle p-2\">\n<div>4<\/div>\n<\/td>\n<td class=\"p-2 rounded-right\"><label><\/label><\/td>\n<\/tr>\n<tr class=\"bg-light\">\n<td class=\"feature__metadata__td--first p-2 rounded-left\"><label id=\"param_2\">Lo\u1ea1i \u0111\u1ea7u ra<\/label><\/td>\n<td class=\"feature__metadata__td--middle p-2\">\n<div>3 x PNP<\/div>\n<\/td>\n<td class=\"p-2 rounded-right\"><label><\/label><\/td>\n<\/tr>\n<tr class=\"\">\n<td class=\"feature__metadata__td--first p-2 rounded-left\"><label id=\"param_2\">Ph\u01b0\u01a1ng ph\u00e1p l\u1eafp \u0111\u1eb7t<\/label><\/td>\n<td class=\"feature__metadata__td--middle p-2\">\n<div>D\u00e2y d\u1eabn c\u00f3 connector<\/div>\n<\/td>\n<td class=\"p-2 rounded-right\"><label><\/label><\/td>\n<\/tr>\n<tr class=\"bg-light\">\n<td class=\"feature__metadata__td--first p-2 rounded-left\"><label id=\"param_2\">M\u00f4i tr\u01b0\u1eddng ho\u1ea1t \u0111\u1ed9ng<\/label><\/td>\n<td class=\"feature__metadata__td--middle p-2\">\n<div>Kh\u1ea3 n\u0103ng ch\u1ed1ng rung, Kh\u1ea3 n\u0103ng ch\u1ed1ng va \u0111\u1eadp, Trong nh\u00e0<\/div>\n<\/td>\n<td class=\"p-2 rounded-right\"><label><\/label><\/td>\n<\/tr>\n<tr class=\"\">\n<td class=\"feature__metadata__td--first p-2 rounded-left\"><label id=\"param_2\">Ki\u1ec3u l\u1eafp \u0111\u1eb7t<\/label><\/td>\n<td class=\"feature__metadata__td--middle p-2\">\n<div>L\u1eafp b\u1ec1 m\u1eb7t<\/div>\n<\/td>\n<td class=\"p-2 rounded-right\"><label><\/label><\/td>\n<\/tr>\n<tr class=\"bg-light\">\n<td class=\"feature__metadata__td--first p-2 rounded-left\"><label id=\"param_2\">M\u00e0u v\u1ecf<\/label><\/td>\n<td class=\"feature__metadata__td--middle p-2\">\n<div>Light blue (RAL 5012)<\/div>\n<\/td>\n<td class=\"p-2 rounded-right\"><label><\/label><\/td>\n<\/tr>\n<tr class=\"\">\n<td class=\"feature__metadata__td--first p-2 rounded-left\"><label id=\"param_2\">Nhi\u1ec7t \u0111\u1ed9 m\u00f4i tr\u01b0\u1eddng<\/label><\/td>\n<td class=\"feature__metadata__td--middle p-2\">\n<div>-10&#8230;50\u00b0C<\/div>\n<\/td>\n<td class=\"p-2 rounded-right\"><label><\/label><\/td>\n<\/tr>\n<tr class=\"bg-light\">\n<td class=\"feature__metadata__td--first p-2 rounded-left\"><label id=\"param_2\">\u0110\u1ed9 \u1ea9m m\u00f4i tr\u01b0\u1eddng<\/label><\/td>\n<td class=\"feature__metadata__td--middle p-2\">\n<div>80&#8230;90%<\/div>\n<\/td>\n<td class=\"p-2 rounded-right\"><label><\/label><\/td>\n<\/tr>\n<tr class=\"\">\n<td class=\"feature__metadata__td--first p-2 rounded-left\"><label id=\"param_2\">\u0110\u1eb7c \u0111i\u1ec3m rieng<\/label><\/td>\n<td class=\"feature__metadata__td--middle p-2\">\n<div>\u1ee8ng d\u1ee5ng t\u00edch h\u1ee3p: \u0110\u00e1nh gi\u00e1 th\u1ef1c \u0111\u1ecba, S\u1ed1 l\u01b0\u1ee3ng tr\u01b0\u1eddng \u0111\u01b0\u1ee3c thi\u1ebft l\u1eadp:\u00a0<span class=\"moreellipses\">\u00a0<\/span><span class=\"morecontent\"><span class=\"morelink text-primary\" role=\"button\">\u00a0[&#8230;]<\/span><\/span><\/div>\n<\/td>\n<td class=\"p-2 rounded-right\"><label><\/label><\/td>\n<\/tr>\n<tr class=\"bg-light\">\n<td class=\"feature__metadata__td--first p-2 rounded-left\"><label id=\"param_2\">Kh\u1ed1i l\u01b0\u1ee3ng<\/label><\/td>\n<td class=\"feature__metadata__td--middle p-2\">\n<div>150g (kh\u00f4ng bao g\u1ed3m c\u00e1p k\u1ebft n\u1ed1i)<\/div>\n<\/td>\n<td class=\"p-2 rounded-right\"><label><\/label><\/td>\n<\/tr>\n<tr class=\"\">\n<td class=\"feature__metadata__td--first p-2 rounded-left\"><label id=\"param_2\">Chi\u1ec1u r\u1ed9ng t\u1ed5ng th\u1ec3<\/label><\/td>\n<td class=\"feature__metadata__td--middle p-2\">\n<div>60mm<\/div>\n<\/td>\n<td class=\"p-2 rounded-right\"><label><\/label><\/td>\n<\/tr>\n<tr class=\"bg-light\">\n<td class=\"feature__metadata__td--first p-2 rounded-left\"><label id=\"param_2\">Chi\u1ec1u cao t\u1ed5ng th\u1ec3<\/label><\/td>\n<td class=\"feature__metadata__td--middle p-2\">\n<div>79mm<\/div>\n<\/td>\n<td class=\"p-2 rounded-right\"><label><\/label><\/td>\n<\/tr>\n<tr class=\"\">\n<td class=\"feature__metadata__td--first p-2 rounded-left\"><label id=\"param_2\">Chi\u1ec1u d\u00e0i t\u1ed5ng th\u1ec3<\/label><\/td>\n<td class=\"feature__metadata__td--middle p-2\">\n<div>60mm<\/div>\n<\/td>\n<td class=\"p-2 rounded-right\"><label><\/label><\/td>\n<\/tr>\n<tr class=\"bg-light\">\n<td class=\"feature__metadata__td--first p-2 rounded-left\"><label id=\"param_2\">C\u1ea5p b\u1ea3o v\u1ec7<\/label><\/td>\n<td class=\"feature__metadata__td--middle p-2\">\n<div>IP65<\/div>\n<\/td>\n<td class=\"p-2 rounded-right\"><label><\/label><\/td>\n<\/tr>\n<tr class=\"\">\n<td class=\"feature__metadata__td--first p-2 rounded-left\"><label id=\"param_2\">Ti\u00eau chu\u1ea9n<\/label><\/td>\n<td class=\"feature__metadata__td--middle p-2\">\n<div>EU, UK, ACMA, IEC<\/div>\n<\/td>\n<\/tr>\n<\/tbody>\n<\/table>\n","protected":false},"excerpt":{"rendered":"<p>SICK TIM310-1030000 Hi\u1ec7u qu\u1ea3 chi ph\u00ed \u0111\u00e1p \u1ee9ng hi\u1ec7u su\u1ea5t trong m\u1ed9t thi\u1ebft k\u1ebf nh\u1ecf g\u1ecdn C\u1ea3m bi\u1ebfn TiM 2D LiDAR mang l\u1ea1i hi\u1ec7u su\u1ea5t cao cho vi\u1ec7c \u0111\u00e1nh gi\u00e1 hi\u1ec7n tr\u01b0\u1eddng v\u00e0 xu\u1ea5t d\u1eef li\u1ec7u \u0111o l\u01b0\u1eddng trong m\u1ed9t v\u1ecf nh\u1ecf g\u1ecdn. Cho d\u00f9 \u0111\u00f3 l\u00e0 \u1ee9ng d\u1ee5ng di&hellip; <\/p>\n","protected":false},"featured_media":4610,"comment_status":"open","ping_status":"closed","template":"","meta":[],"product_cat":[297],"product_tag":[88,89,90],"class_list":{"0":"post-4609","1":"product","2":"type-product","3":"status-publish","4":"has-post-thumbnail","6":"product_cat-sick","7":"product_tag-cam-bien","8":"product_tag-dai-ly-sick-viet-nam","9":"product_tag-sick-viet-nam","11":"first","12":"instock","13":"shipping-taxable","14":"product-type-simple"},"yoast_head":"<!-- This site is optimized with the Yoast SEO plugin v22.8 - https:\/\/yoast.com\/wordpress\/plugins\/seo\/ -->\n<title>SICK TIM310-1030000 - OMANI VI\u1ec6T NAM<\/title>\n<meta name=\"description\" content=\"SICK TIM310-1030000 LiDAR sensors\" \/>\n<meta name=\"robots\" content=\"index, follow, max-snippet:-1, max-image-preview:large, max-video-preview:-1\" \/>\n<link rel=\"canonical\" href=\"https:\/\/omanivietnam.com\/index.php\/san-pham\/sick-tim310-1030000\/\" \/>\n<meta property=\"og:locale\" content=\"vi_VN\" \/>\n<meta property=\"og:type\" content=\"article\" \/>\n<meta property=\"og:title\" content=\"SICK TIM310-1030000 - OMANI VI\u1ec6T NAM\" \/>\n<meta property=\"og:description\" content=\"SICK TIM310-1030000 LiDAR sensors\" \/>\n<meta property=\"og:url\" content=\"https:\/\/omanivietnam.com\/index.php\/san-pham\/sick-tim310-1030000\/\" \/>\n<meta property=\"og:site_name\" content=\"OMANI VI\u1ec6T NAM\" \/>\n<meta property=\"og:image\" content=\"https:\/\/omanivietnam.com\/wp-content\/uploads\/2025\/12\/TIM310-1030000.png\" \/>\n\t<meta property=\"og:image:width\" content=\"612\" \/>\n\t<meta property=\"og:image:height\" content=\"575\" \/>\n\t<meta property=\"og:image:type\" content=\"image\/png\" \/>\n<meta name=\"twitter:card\" content=\"summary_large_image\" \/>\n<meta name=\"twitter:label1\" content=\"\u01af\u1edbc t\u00ednh th\u1eddi gian \u0111\u1ecdc\" \/>\n\t<meta name=\"twitter:data1\" content=\"3 ph\u00fat\" \/>\n<script type=\"application\/ld+json\" class=\"yoast-schema-graph\">{\"@context\":\"https:\/\/schema.org\",\"@graph\":[{\"@type\":\"WebPage\",\"@id\":\"https:\/\/omanivietnam.com\/index.php\/san-pham\/sick-tim310-1030000\/\",\"url\":\"https:\/\/omanivietnam.com\/index.php\/san-pham\/sick-tim310-1030000\/\",\"name\":\"SICK TIM310-1030000 - OMANI VI\u1ec6T NAM\",\"isPartOf\":{\"@id\":\"https:\/\/omanivietnam.com\/#website\"},\"primaryImageOfPage\":{\"@id\":\"https:\/\/omanivietnam.com\/index.php\/san-pham\/sick-tim310-1030000\/#primaryimage\"},\"image\":{\"@id\":\"https:\/\/omanivietnam.com\/index.php\/san-pham\/sick-tim310-1030000\/#primaryimage\"},\"thumbnailUrl\":\"https:\/\/omanivietnam.com\/wp-content\/uploads\/2025\/12\/TIM310-1030000.png\",\"datePublished\":\"2025-12-08T16:08:20+00:00\",\"dateModified\":\"2025-12-08T16:08:20+00:00\",\"description\":\"SICK TIM310-1030000 LiDAR sensors\",\"breadcrumb\":{\"@id\":\"https:\/\/omanivietnam.com\/index.php\/san-pham\/sick-tim310-1030000\/#breadcrumb\"},\"inLanguage\":\"vi\",\"potentialAction\":[{\"@type\":\"ReadAction\",\"target\":[\"https:\/\/omanivietnam.com\/index.php\/san-pham\/sick-tim310-1030000\/\"]}]},{\"@type\":\"ImageObject\",\"inLanguage\":\"vi\",\"@id\":\"https:\/\/omanivietnam.com\/index.php\/san-pham\/sick-tim310-1030000\/#primaryimage\",\"url\":\"https:\/\/omanivietnam.com\/wp-content\/uploads\/2025\/12\/TIM310-1030000.png\",\"contentUrl\":\"https:\/\/omanivietnam.com\/wp-content\/uploads\/2025\/12\/TIM310-1030000.png\",\"width\":612,\"height\":575},{\"@type\":\"BreadcrumbList\",\"@id\":\"https:\/\/omanivietnam.com\/index.php\/san-pham\/sick-tim310-1030000\/#breadcrumb\",\"itemListElement\":[{\"@type\":\"ListItem\",\"position\":1,\"name\":\"Home\",\"item\":\"https:\/\/omanivietnam.com\/\"},{\"@type\":\"ListItem\",\"position\":2,\"name\":\"S\u1ea2N PH\u1ea8M\",\"item\":\"https:\/\/omanivietnam.com\/index.php\/cua-hang\/\"},{\"@type\":\"ListItem\",\"position\":3,\"name\":\"SICK TIM310-1030000\"}]},{\"@type\":\"WebSite\",\"@id\":\"https:\/\/omanivietnam.com\/#website\",\"url\":\"https:\/\/omanivietnam.com\/\",\"name\":\"OMANI VI\u1ec6T NAM\",\"description\":\"Nh\u00e0 ph\u00e2n ph\u1ed1i thi\u1ebft b\u1ecb kh\u00ed n\u00e9n v\u00e0 thi\u1ebft b\u1ecb t\u1ef1 \u0111\u1ed9ng h\u00f3a trong c\u00f4ng nghi\u1ec7p\",\"publisher\":{\"@id\":\"https:\/\/omanivietnam.com\/#\/schema\/person\/0ad398a980dc3fd696111c2c5c8fa897\"},\"potentialAction\":[{\"@type\":\"SearchAction\",\"target\":{\"@type\":\"EntryPoint\",\"urlTemplate\":\"https:\/\/omanivietnam.com\/?s={search_term_string}\"},\"query-input\":\"required name=search_term_string\"}],\"inLanguage\":\"vi\"},{\"@type\":[\"Person\",\"Organization\"],\"@id\":\"https:\/\/omanivietnam.com\/#\/schema\/person\/0ad398a980dc3fd696111c2c5c8fa897\",\"name\":\"Nguy\u1ec5n V\u0103n Kh\u00e1nh\",\"image\":{\"@type\":\"ImageObject\",\"inLanguage\":\"vi\",\"@id\":\"https:\/\/omanivietnam.com\/#\/schema\/person\/image\/\",\"url\":\"https:\/\/omanivietnam.com\/wp-content\/uploads\/2024\/06\/logo-1024x1024.png\",\"contentUrl\":\"https:\/\/omanivietnam.com\/wp-content\/uploads\/2024\/06\/logo-1024x1024.png\",\"width\":1024,\"height\":1024,\"caption\":\"Nguy\u1ec5n V\u0103n Kh\u00e1nh\"},\"logo\":{\"@id\":\"https:\/\/omanivietnam.com\/#\/schema\/person\/image\/\"},\"sameAs\":[\"https:\/\/omanivietnam.com\"]}]}<\/script>\n<!-- \/ Yoast SEO plugin. -->","yoast_head_json":{"title":"SICK TIM310-1030000 - OMANI VI\u1ec6T NAM","description":"SICK TIM310-1030000 LiDAR sensors","robots":{"index":"index","follow":"follow","max-snippet":"max-snippet:-1","max-image-preview":"max-image-preview:large","max-video-preview":"max-video-preview:-1"},"canonical":"https:\/\/omanivietnam.com\/index.php\/san-pham\/sick-tim310-1030000\/","og_locale":"vi_VN","og_type":"article","og_title":"SICK TIM310-1030000 - OMANI VI\u1ec6T NAM","og_description":"SICK TIM310-1030000 LiDAR sensors","og_url":"https:\/\/omanivietnam.com\/index.php\/san-pham\/sick-tim310-1030000\/","og_site_name":"OMANI VI\u1ec6T NAM","og_image":[{"width":612,"height":575,"url":"https:\/\/omanivietnam.com\/wp-content\/uploads\/2025\/12\/TIM310-1030000.png","type":"image\/png"}],"twitter_card":"summary_large_image","twitter_misc":{"\u01af\u1edbc t\u00ednh th\u1eddi gian \u0111\u1ecdc":"3 ph\u00fat"},"schema":{"@context":"https:\/\/schema.org","@graph":[{"@type":"WebPage","@id":"https:\/\/omanivietnam.com\/index.php\/san-pham\/sick-tim310-1030000\/","url":"https:\/\/omanivietnam.com\/index.php\/san-pham\/sick-tim310-1030000\/","name":"SICK TIM310-1030000 - OMANI VI\u1ec6T NAM","isPartOf":{"@id":"https:\/\/omanivietnam.com\/#website"},"primaryImageOfPage":{"@id":"https:\/\/omanivietnam.com\/index.php\/san-pham\/sick-tim310-1030000\/#primaryimage"},"image":{"@id":"https:\/\/omanivietnam.com\/index.php\/san-pham\/sick-tim310-1030000\/#primaryimage"},"thumbnailUrl":"https:\/\/omanivietnam.com\/wp-content\/uploads\/2025\/12\/TIM310-1030000.png","datePublished":"2025-12-08T16:08:20+00:00","dateModified":"2025-12-08T16:08:20+00:00","description":"SICK TIM310-1030000 LiDAR sensors","breadcrumb":{"@id":"https:\/\/omanivietnam.com\/index.php\/san-pham\/sick-tim310-1030000\/#breadcrumb"},"inLanguage":"vi","potentialAction":[{"@type":"ReadAction","target":["https:\/\/omanivietnam.com\/index.php\/san-pham\/sick-tim310-1030000\/"]}]},{"@type":"ImageObject","inLanguage":"vi","@id":"https:\/\/omanivietnam.com\/index.php\/san-pham\/sick-tim310-1030000\/#primaryimage","url":"https:\/\/omanivietnam.com\/wp-content\/uploads\/2025\/12\/TIM310-1030000.png","contentUrl":"https:\/\/omanivietnam.com\/wp-content\/uploads\/2025\/12\/TIM310-1030000.png","width":612,"height":575},{"@type":"BreadcrumbList","@id":"https:\/\/omanivietnam.com\/index.php\/san-pham\/sick-tim310-1030000\/#breadcrumb","itemListElement":[{"@type":"ListItem","position":1,"name":"Home","item":"https:\/\/omanivietnam.com\/"},{"@type":"ListItem","position":2,"name":"S\u1ea2N PH\u1ea8M","item":"https:\/\/omanivietnam.com\/index.php\/cua-hang\/"},{"@type":"ListItem","position":3,"name":"SICK TIM310-1030000"}]},{"@type":"WebSite","@id":"https:\/\/omanivietnam.com\/#website","url":"https:\/\/omanivietnam.com\/","name":"OMANI VI\u1ec6T NAM","description":"Nh\u00e0 ph\u00e2n ph\u1ed1i thi\u1ebft b\u1ecb kh\u00ed n\u00e9n v\u00e0 thi\u1ebft b\u1ecb t\u1ef1 \u0111\u1ed9ng h\u00f3a trong c\u00f4ng nghi\u1ec7p","publisher":{"@id":"https:\/\/omanivietnam.com\/#\/schema\/person\/0ad398a980dc3fd696111c2c5c8fa897"},"potentialAction":[{"@type":"SearchAction","target":{"@type":"EntryPoint","urlTemplate":"https:\/\/omanivietnam.com\/?s={search_term_string}"},"query-input":"required name=search_term_string"}],"inLanguage":"vi"},{"@type":["Person","Organization"],"@id":"https:\/\/omanivietnam.com\/#\/schema\/person\/0ad398a980dc3fd696111c2c5c8fa897","name":"Nguy\u1ec5n V\u0103n Kh\u00e1nh","image":{"@type":"ImageObject","inLanguage":"vi","@id":"https:\/\/omanivietnam.com\/#\/schema\/person\/image\/","url":"https:\/\/omanivietnam.com\/wp-content\/uploads\/2024\/06\/logo-1024x1024.png","contentUrl":"https:\/\/omanivietnam.com\/wp-content\/uploads\/2024\/06\/logo-1024x1024.png","width":1024,"height":1024,"caption":"Nguy\u1ec5n V\u0103n Kh\u00e1nh"},"logo":{"@id":"https:\/\/omanivietnam.com\/#\/schema\/person\/image\/"},"sameAs":["https:\/\/omanivietnam.com"]}]}},"_links":{"self":[{"href":"https:\/\/omanivietnam.com\/index.php\/wp-json\/wp\/v2\/product\/4609","targetHints":{"allow":["GET"]}}],"collection":[{"href":"https:\/\/omanivietnam.com\/index.php\/wp-json\/wp\/v2\/product"}],"about":[{"href":"https:\/\/omanivietnam.com\/index.php\/wp-json\/wp\/v2\/types\/product"}],"replies":[{"embeddable":true,"href":"https:\/\/omanivietnam.com\/index.php\/wp-json\/wp\/v2\/comments?post=4609"}],"wp:featuredmedia":[{"embeddable":true,"href":"https:\/\/omanivietnam.com\/index.php\/wp-json\/wp\/v2\/media\/4610"}],"wp:attachment":[{"href":"https:\/\/omanivietnam.com\/index.php\/wp-json\/wp\/v2\/media?parent=4609"}],"wp:term":[{"taxonomy":"product_cat","embeddable":true,"href":"https:\/\/omanivietnam.com\/index.php\/wp-json\/wp\/v2\/product_cat?post=4609"},{"taxonomy":"product_tag","embeddable":true,"href":"https:\/\/omanivietnam.com\/index.php\/wp-json\/wp\/v2\/product_tag?post=4609"}],"curies":[{"name":"wp","href":"https:\/\/api.w.org\/{rel}","templated":true}]}}