{"id":4611,"date":"2025-12-08T23:19:08","date_gmt":"2025-12-08T16:19:08","guid":{"rendered":"https:\/\/omanivietnam.com\/?post_type=product&#038;p=4611"},"modified":"2025-12-08T23:19:08","modified_gmt":"2025-12-08T16:19:08","slug":"sick-wtb27-3s3741","status":"publish","type":"product","link":"https:\/\/omanivietnam.com\/index.php\/san-pham\/sick-wtb27-3s3741\/","title":{"rendered":"SICK WTB27-3S3741"},"content":{"rendered":"<p>SICK WTB27-3S3741<\/p>\n<h2 data-start=\"281\" data-end=\"306\">Gi\u1edbi thi\u1ec7u s\u1ea3n ph\u1ea9m C\u1ea3m Bi\u1ebfn Quang Sick WTB27-3S3741<\/h2>\n<p data-start=\"307\" data-end=\"742\">S\u1ea3n ph\u1ea9m C\u1ea3m Bi\u1ebfn Quang Sick WTB27-3S3741 l\u00e0 m\u1ed9t trong nh\u1eefng thi\u1ebft b\u1ecb thu\u1ed9c danh m\u1ee5c C\u1ea3m bi\u1ebfn, \u0111\u01b0\u1ee3c thi\u1ebft k\u1ebf nh\u1eb1m \u0111\u00e1p \u1ee9ng nhu c\u1ea7u trong c\u00e1c h\u1ec7 th\u1ed1ng t\u1ef1 \u0111\u1ed9ng h\u00f3a v\u00e0 d\u00e2y chuy\u1ec1n s\u1ea3n xu\u1ea5t hi\u1ec7n \u0111\u1ea1i. V\u1edbi kh\u1ea3 n\u0103ng ho\u1ea1t \u0111\u1ed9ng \u1ed5n \u0111\u1ecbnh, \u0111\u1ed9 b\u1ec1n cao v\u00e0 t\u00ednh linh ho\u1ea1t, 107752 \u0111\u01b0\u1ee3c nhi\u1ec1u doanh nghi\u1ec7p l\u1ef1a ch\u1ecdn \u0111\u1ec3 n\u00e2ng cao hi\u1ec7u su\u1ea5t, t\u1ed1i \u01b0u chi ph\u00ed v\u1eadn h\u00e0nh v\u00e0 \u0111\u1ea3m b\u1ea3o an to\u00e0n cho h\u1ec7 th\u1ed1ng.<\/p>\n<div>\n<div>\n<div>Model WTB27-3S3741 107752<\/div>\n<\/div>\n<div class=\"group _tableWrapper_1rjym_13 flex w-fit flex-col-reverse\">\n<div class=\"motasanpham\">\n<table>\n<tbody>\n<tr>\n<td>M\u1ee5c<\/td>\n<td>Th\u00f4ng tin<\/td>\n<\/tr>\n<tr>\n<td>Object distance (min.)<\/td>\n<td>30 mm<\/td>\n<\/tr>\n<tr>\n<td>Object distance (max.)<\/td>\n<td>1100 mm<\/td>\n<\/tr>\n<tr>\n<td>Connection type<\/td>\n<td>cable with male connector<\/td>\n<\/tr>\n<\/tbody>\n<\/table>\n<\/div>\n<\/div>\n<h3 data-start=\"749\" data-end=\"771\">\u0110\u1eb7c \u0111i\u1ec3m n\u1ed5i b\u1eadt<\/h3>\n<ul data-start=\"772\" data-end=\"1437\">\n<li data-start=\"772\" data-end=\"916\">\n<p data-start=\"774\" data-end=\"916\">Hi\u1ec7u su\u1ea5t cao: S\u1ea3n ph\u1ea9m \u0111\u01b0\u1ee3c ch\u1ebf t\u1ea1o t\u1eeb v\u1eadt li\u1ec7u ch\u1ea5t l\u01b0\u1ee3ng, \u0111\u1ea3m b\u1ea3o kh\u1ea3 n\u0103ng v\u1eadn h\u00e0nh \u1ed5n \u0111\u1ecbnh trong m\u00f4i tr\u01b0\u1eddng c\u00f4ng nghi\u1ec7p kh\u1eafc nghi\u1ec7t.<\/p>\n<\/li>\n<li data-start=\"917\" data-end=\"1032\">\n<p data-start=\"919\" data-end=\"1032\">Thi\u1ebft k\u1ebf t\u1ed1i \u01b0u: K\u00edch th\u01b0\u1edbc nh\u1ecf g\u1ecdn, d\u1ec5 l\u1eafp \u0111\u1eb7t v\u00e0 t\u01b0\u01a1ng th\u00edch v\u1edbi nhi\u1ec1u thi\u1ebft b\u1ecb kh\u00e1c nhau trong h\u1ec7 th\u1ed1ng.<\/p>\n<\/li>\n<li data-start=\"1033\" data-end=\"1171\">\n<p data-start=\"1035\" data-end=\"1171\">\u0110\u1ed9 ch\u00ednh x\u00e1c v\u00e0 tin c\u1eady: \u0110\u01b0\u1ee3c s\u1ea3n xu\u1ea5t theo ti\u00eau chu\u1ea9n qu\u1ed1c t\u1ebf, gi\u00fap gi\u1ea3m thi\u1ec3u sai s\u1ed1 v\u00e0 t\u0103ng \u0111\u1ed9 tin c\u1eady trong qu\u00e1 tr\u00ecnh s\u1eed d\u1ee5ng.<\/p>\n<\/li>\n<li data-start=\"1172\" data-end=\"1301\">\n<p data-start=\"1174\" data-end=\"1301\">An to\u00e0n v\u00e0 b\u1ec1n b\u1ec9: Ch\u1ecbu \u0111\u01b0\u1ee3c va \u0111\u1eadp, rung \u0111\u1ed9ng, b\u1ee5i b\u1ea9n v\u00e0 nhi\u1ec7t \u0111\u1ed9 cao; tu\u1ed5i th\u1ecd ho\u1ea1t \u0111\u1ed9ng d\u00e0i, h\u1ea1n ch\u1ebf chi ph\u00ed b\u1ea3o tr\u00ec.<\/p>\n<\/li>\n<li data-start=\"1302\" data-end=\"1437\">\n<p data-start=\"1304\" data-end=\"1437\">T\u00ednh linh ho\u1ea1t cao: C\u00f3 nhi\u1ec1u t\u00f9y ch\u1ecdn v\u1ec1 c\u00f4ng su\u1ea5t, k\u00edch th\u01b0\u1edbc, \u0111i\u1ec7n \u00e1p ho\u1eb7c ng\u00f5 ra \u2013 ph\u00f9 h\u1ee3p v\u1edbi \u0111a d\u1ea1ng \u1ee9ng d\u1ee5ng c\u00f4ng nghi\u1ec7p.<\/p>\n<\/li>\n<\/ul>\n<h3 data-start=\"1444\" data-end=\"1466\">\u1ee8ng d\u1ee5ng th\u1ef1c t\u1ebf<\/h3>\n<p data-start=\"1467\" data-end=\"1547\"><strong>C\u1ea3m Bi\u1ebfn Quang Sick WTB27-3S3741<\/strong>\u00a0\u0111\u01b0\u1ee3c s\u1eed d\u1ee5ng r\u1ed9ng r\u00e3i trong nhi\u1ec1u l\u0129nh v\u1ef1c c\u00f4ng nghi\u1ec7p nh\u01b0:<\/p>\n<ul data-start=\"1548\" data-end=\"2070\">\n<li data-start=\"1548\" data-end=\"1626\">\n<p data-start=\"1550\" data-end=\"1626\">T\u1ef1 \u0111\u1ed9ng h\u00f3a nh\u00e0 m\u00e1y: \u0110i\u1ec1u khi\u1ec3n thi\u1ebft b\u1ecb, gi\u00e1m s\u00e1t quy tr\u00ecnh s\u1ea3n xu\u1ea5t.<\/p>\n<\/li>\n<li data-start=\"1627\" data-end=\"1720\">\n<p data-start=\"1629\" data-end=\"1720\">H\u1ec7 th\u1ed1ng \u0111i\u1ec7n \u2013 \u0111i\u1ec7n t\u1eed: D\u00f9ng trong t\u1ee7 \u0111i\u1ec7n, tr\u1ea1m \u0111i\u1ec1u khi\u1ec3n ho\u1eb7c d\u00e2y chuy\u1ec1n l\u1eafp r\u00e1p.<\/p>\n<\/li>\n<li data-start=\"1721\" data-end=\"1834\">\n<p data-start=\"1723\" data-end=\"1834\">Ng\u00e0nh th\u1ef1c ph\u1ea9m, d\u01b0\u1ee3c ph\u1ea9m, bao b\u00ec: \u0110\u1ea3m b\u1ea3o ho\u1ea1t \u0111\u1ed9ng \u1ed5n \u0111\u1ecbnh, ch\u00ednh x\u00e1c, \u0111\u00e1p \u1ee9ng ti\u00eau chu\u1ea9n an to\u00e0n cao.<\/p>\n<\/li>\n<li data-start=\"1835\" data-end=\"1944\">\n<p data-start=\"1837\" data-end=\"1944\">C\u01a1 kh\u00ed v\u00e0 ch\u1ebf t\u1ea1o m\u00e1y: T\u00edch h\u1ee3p d\u1ec5 d\u00e0ng trong h\u1ec7 th\u1ed1ng truy\u1ec1n \u0111\u1ed9ng, c\u1ea3m bi\u1ebfn, ho\u1eb7c thi\u1ebft b\u1ecb \u0111o l\u01b0\u1eddng.<\/p>\n<\/li>\n<li data-start=\"1945\" data-end=\"2070\">\n<p data-start=\"1947\" data-end=\"2070\">Ng\u00e0nh n\u0103ng l\u01b0\u1ee3ng v\u00e0 m\u00f4i tr\u01b0\u1eddng: H\u1ed7 tr\u1ee3 ki\u1ec3m so\u00e1t d\u00f2ng \u0111i\u1ec7n, \u00e1p su\u1ea5t, l\u01b0u l\u01b0\u1ee3ng, nhi\u1ec7t \u0111\u1ed9 trong c\u00e1c quy tr\u00ecnh t\u1ef1 \u0111\u1ed9ng.<\/p>\n<\/li>\n<\/ul>\n<\/div>\n","protected":false},"excerpt":{"rendered":"<p>SICK WTB27-3S3741 Gi\u1edbi thi\u1ec7u s\u1ea3n ph\u1ea9m C\u1ea3m Bi\u1ebfn Quang Sick WTB27-3S3741 S\u1ea3n ph\u1ea9m C\u1ea3m Bi\u1ebfn Quang Sick WTB27-3S3741 l\u00e0 m\u1ed9t trong nh\u1eefng thi\u1ebft b\u1ecb thu\u1ed9c danh m\u1ee5c C\u1ea3m bi\u1ebfn, \u0111\u01b0\u1ee3c thi\u1ebft k\u1ebf nh\u1eb1m \u0111\u00e1p \u1ee9ng nhu c\u1ea7u trong c\u00e1c h\u1ec7 th\u1ed1ng t\u1ef1 \u0111\u1ed9ng h\u00f3a v\u00e0 d\u00e2y chuy\u1ec1n s\u1ea3n xu\u1ea5t hi\u1ec7n&hellip; <\/p>\n","protected":false},"featured_media":4612,"comment_status":"open","ping_status":"closed","template":"","meta":[],"product_cat":[297],"product_tag":[88,89,90],"class_list":{"0":"post-4611","1":"product","2":"type-product","3":"status-publish","4":"has-post-thumbnail","6":"product_cat-sick","7":"product_tag-cam-bien","8":"product_tag-dai-ly-sick-viet-nam","9":"product_tag-sick-viet-nam","11":"first","12":"instock","13":"shipping-taxable","14":"product-type-simple"},"yoast_head":"<!-- This site is optimized with the Yoast SEO plugin v22.8 - https:\/\/yoast.com\/wordpress\/plugins\/seo\/ -->\n<title>SICK WTB27-3S3741 - OMANI VI\u1ec6T NAM<\/title>\n<meta name=\"description\" content=\"SICK WTB27-3S3741Photoelectric Sensor\" \/>\n<meta name=\"robots\" content=\"index, follow, max-snippet:-1, max-image-preview:large, max-video-preview:-1\" \/>\n<link rel=\"canonical\" href=\"https:\/\/omanivietnam.com\/index.php\/san-pham\/sick-wtb27-3s3741\/\" \/>\n<meta property=\"og:locale\" content=\"vi_VN\" \/>\n<meta property=\"og:type\" content=\"article\" \/>\n<meta property=\"og:title\" content=\"SICK WTB27-3S3741 - OMANI VI\u1ec6T NAM\" \/>\n<meta property=\"og:description\" content=\"SICK WTB27-3S3741Photoelectric Sensor\" \/>\n<meta property=\"og:url\" content=\"https:\/\/omanivietnam.com\/index.php\/san-pham\/sick-wtb27-3s3741\/\" \/>\n<meta property=\"og:site_name\" content=\"OMANI VI\u1ec6T NAM\" \/>\n<meta property=\"og:image\" content=\"https:\/\/omanivietnam.com\/wp-content\/uploads\/2025\/12\/WTB27-3S3741.png\" \/>\n\t<meta property=\"og:image:width\" content=\"898\" \/>\n\t<meta property=\"og:image:height\" content=\"620\" \/>\n\t<meta property=\"og:image:type\" content=\"image\/png\" \/>\n<meta name=\"twitter:card\" content=\"summary_large_image\" \/>\n<meta name=\"twitter:label1\" content=\"\u01af\u1edbc t\u00ednh th\u1eddi gian \u0111\u1ecdc\" \/>\n\t<meta name=\"twitter:data1\" content=\"3 ph\u00fat\" \/>\n<script type=\"application\/ld+json\" class=\"yoast-schema-graph\">{\"@context\":\"https:\/\/schema.org\",\"@graph\":[{\"@type\":\"WebPage\",\"@id\":\"https:\/\/omanivietnam.com\/index.php\/san-pham\/sick-wtb27-3s3741\/\",\"url\":\"https:\/\/omanivietnam.com\/index.php\/san-pham\/sick-wtb27-3s3741\/\",\"name\":\"SICK WTB27-3S3741 - OMANI VI\u1ec6T NAM\",\"isPartOf\":{\"@id\":\"https:\/\/omanivietnam.com\/#website\"},\"primaryImageOfPage\":{\"@id\":\"https:\/\/omanivietnam.com\/index.php\/san-pham\/sick-wtb27-3s3741\/#primaryimage\"},\"image\":{\"@id\":\"https:\/\/omanivietnam.com\/index.php\/san-pham\/sick-wtb27-3s3741\/#primaryimage\"},\"thumbnailUrl\":\"https:\/\/omanivietnam.com\/wp-content\/uploads\/2025\/12\/WTB27-3S3741.png\",\"datePublished\":\"2025-12-08T16:19:08+00:00\",\"dateModified\":\"2025-12-08T16:19:08+00:00\",\"description\":\"SICK WTB27-3S3741Photoelectric Sensor\",\"breadcrumb\":{\"@id\":\"https:\/\/omanivietnam.com\/index.php\/san-pham\/sick-wtb27-3s3741\/#breadcrumb\"},\"inLanguage\":\"vi\",\"potentialAction\":[{\"@type\":\"ReadAction\",\"target\":[\"https:\/\/omanivietnam.com\/index.php\/san-pham\/sick-wtb27-3s3741\/\"]}]},{\"@type\":\"ImageObject\",\"inLanguage\":\"vi\",\"@id\":\"https:\/\/omanivietnam.com\/index.php\/san-pham\/sick-wtb27-3s3741\/#primaryimage\",\"url\":\"https:\/\/omanivietnam.com\/wp-content\/uploads\/2025\/12\/WTB27-3S3741.png\",\"contentUrl\":\"https:\/\/omanivietnam.com\/wp-content\/uploads\/2025\/12\/WTB27-3S3741.png\",\"width\":898,\"height\":620},{\"@type\":\"BreadcrumbList\",\"@id\":\"https:\/\/omanivietnam.com\/index.php\/san-pham\/sick-wtb27-3s3741\/#breadcrumb\",\"itemListElement\":[{\"@type\":\"ListItem\",\"position\":1,\"name\":\"Home\",\"item\":\"https:\/\/omanivietnam.com\/\"},{\"@type\":\"ListItem\",\"position\":2,\"name\":\"S\u1ea2N PH\u1ea8M\",\"item\":\"https:\/\/omanivietnam.com\/index.php\/cua-hang\/\"},{\"@type\":\"ListItem\",\"position\":3,\"name\":\"SICK WTB27-3S3741\"}]},{\"@type\":\"WebSite\",\"@id\":\"https:\/\/omanivietnam.com\/#website\",\"url\":\"https:\/\/omanivietnam.com\/\",\"name\":\"OMANI VI\u1ec6T NAM\",\"description\":\"Nh\u00e0 ph\u00e2n ph\u1ed1i thi\u1ebft b\u1ecb kh\u00ed n\u00e9n v\u00e0 thi\u1ebft b\u1ecb t\u1ef1 \u0111\u1ed9ng h\u00f3a trong c\u00f4ng nghi\u1ec7p\",\"publisher\":{\"@id\":\"https:\/\/omanivietnam.com\/#\/schema\/person\/0ad398a980dc3fd696111c2c5c8fa897\"},\"potentialAction\":[{\"@type\":\"SearchAction\",\"target\":{\"@type\":\"EntryPoint\",\"urlTemplate\":\"https:\/\/omanivietnam.com\/?s={search_term_string}\"},\"query-input\":\"required name=search_term_string\"}],\"inLanguage\":\"vi\"},{\"@type\":[\"Person\",\"Organization\"],\"@id\":\"https:\/\/omanivietnam.com\/#\/schema\/person\/0ad398a980dc3fd696111c2c5c8fa897\",\"name\":\"Nguy\u1ec5n V\u0103n Kh\u00e1nh\",\"image\":{\"@type\":\"ImageObject\",\"inLanguage\":\"vi\",\"@id\":\"https:\/\/omanivietnam.com\/#\/schema\/person\/image\/\",\"url\":\"https:\/\/omanivietnam.com\/wp-content\/uploads\/2024\/06\/logo-1024x1024.png\",\"contentUrl\":\"https:\/\/omanivietnam.com\/wp-content\/uploads\/2024\/06\/logo-1024x1024.png\",\"width\":1024,\"height\":1024,\"caption\":\"Nguy\u1ec5n V\u0103n Kh\u00e1nh\"},\"logo\":{\"@id\":\"https:\/\/omanivietnam.com\/#\/schema\/person\/image\/\"},\"sameAs\":[\"https:\/\/omanivietnam.com\"]}]}<\/script>\n<!-- \/ Yoast SEO plugin. -->","yoast_head_json":{"title":"SICK WTB27-3S3741 - OMANI VI\u1ec6T NAM","description":"SICK WTB27-3S3741Photoelectric Sensor","robots":{"index":"index","follow":"follow","max-snippet":"max-snippet:-1","max-image-preview":"max-image-preview:large","max-video-preview":"max-video-preview:-1"},"canonical":"https:\/\/omanivietnam.com\/index.php\/san-pham\/sick-wtb27-3s3741\/","og_locale":"vi_VN","og_type":"article","og_title":"SICK WTB27-3S3741 - OMANI VI\u1ec6T NAM","og_description":"SICK WTB27-3S3741Photoelectric Sensor","og_url":"https:\/\/omanivietnam.com\/index.php\/san-pham\/sick-wtb27-3s3741\/","og_site_name":"OMANI VI\u1ec6T NAM","og_image":[{"width":898,"height":620,"url":"https:\/\/omanivietnam.com\/wp-content\/uploads\/2025\/12\/WTB27-3S3741.png","type":"image\/png"}],"twitter_card":"summary_large_image","twitter_misc":{"\u01af\u1edbc t\u00ednh th\u1eddi gian \u0111\u1ecdc":"3 ph\u00fat"},"schema":{"@context":"https:\/\/schema.org","@graph":[{"@type":"WebPage","@id":"https:\/\/omanivietnam.com\/index.php\/san-pham\/sick-wtb27-3s3741\/","url":"https:\/\/omanivietnam.com\/index.php\/san-pham\/sick-wtb27-3s3741\/","name":"SICK WTB27-3S3741 - OMANI VI\u1ec6T NAM","isPartOf":{"@id":"https:\/\/omanivietnam.com\/#website"},"primaryImageOfPage":{"@id":"https:\/\/omanivietnam.com\/index.php\/san-pham\/sick-wtb27-3s3741\/#primaryimage"},"image":{"@id":"https:\/\/omanivietnam.com\/index.php\/san-pham\/sick-wtb27-3s3741\/#primaryimage"},"thumbnailUrl":"https:\/\/omanivietnam.com\/wp-content\/uploads\/2025\/12\/WTB27-3S3741.png","datePublished":"2025-12-08T16:19:08+00:00","dateModified":"2025-12-08T16:19:08+00:00","description":"SICK WTB27-3S3741Photoelectric Sensor","breadcrumb":{"@id":"https:\/\/omanivietnam.com\/index.php\/san-pham\/sick-wtb27-3s3741\/#breadcrumb"},"inLanguage":"vi","potentialAction":[{"@type":"ReadAction","target":["https:\/\/omanivietnam.com\/index.php\/san-pham\/sick-wtb27-3s3741\/"]}]},{"@type":"ImageObject","inLanguage":"vi","@id":"https:\/\/omanivietnam.com\/index.php\/san-pham\/sick-wtb27-3s3741\/#primaryimage","url":"https:\/\/omanivietnam.com\/wp-content\/uploads\/2025\/12\/WTB27-3S3741.png","contentUrl":"https:\/\/omanivietnam.com\/wp-content\/uploads\/2025\/12\/WTB27-3S3741.png","width":898,"height":620},{"@type":"BreadcrumbList","@id":"https:\/\/omanivietnam.com\/index.php\/san-pham\/sick-wtb27-3s3741\/#breadcrumb","itemListElement":[{"@type":"ListItem","position":1,"name":"Home","item":"https:\/\/omanivietnam.com\/"},{"@type":"ListItem","position":2,"name":"S\u1ea2N PH\u1ea8M","item":"https:\/\/omanivietnam.com\/index.php\/cua-hang\/"},{"@type":"ListItem","position":3,"name":"SICK WTB27-3S3741"}]},{"@type":"WebSite","@id":"https:\/\/omanivietnam.com\/#website","url":"https:\/\/omanivietnam.com\/","name":"OMANI VI\u1ec6T NAM","description":"Nh\u00e0 ph\u00e2n ph\u1ed1i thi\u1ebft b\u1ecb kh\u00ed n\u00e9n v\u00e0 thi\u1ebft b\u1ecb t\u1ef1 \u0111\u1ed9ng h\u00f3a trong c\u00f4ng nghi\u1ec7p","publisher":{"@id":"https:\/\/omanivietnam.com\/#\/schema\/person\/0ad398a980dc3fd696111c2c5c8fa897"},"potentialAction":[{"@type":"SearchAction","target":{"@type":"EntryPoint","urlTemplate":"https:\/\/omanivietnam.com\/?s={search_term_string}"},"query-input":"required name=search_term_string"}],"inLanguage":"vi"},{"@type":["Person","Organization"],"@id":"https:\/\/omanivietnam.com\/#\/schema\/person\/0ad398a980dc3fd696111c2c5c8fa897","name":"Nguy\u1ec5n V\u0103n Kh\u00e1nh","image":{"@type":"ImageObject","inLanguage":"vi","@id":"https:\/\/omanivietnam.com\/#\/schema\/person\/image\/","url":"https:\/\/omanivietnam.com\/wp-content\/uploads\/2024\/06\/logo-1024x1024.png","contentUrl":"https:\/\/omanivietnam.com\/wp-content\/uploads\/2024\/06\/logo-1024x1024.png","width":1024,"height":1024,"caption":"Nguy\u1ec5n V\u0103n Kh\u00e1nh"},"logo":{"@id":"https:\/\/omanivietnam.com\/#\/schema\/person\/image\/"},"sameAs":["https:\/\/omanivietnam.com"]}]}},"_links":{"self":[{"href":"https:\/\/omanivietnam.com\/index.php\/wp-json\/wp\/v2\/product\/4611","targetHints":{"allow":["GET"]}}],"collection":[{"href":"https:\/\/omanivietnam.com\/index.php\/wp-json\/wp\/v2\/product"}],"about":[{"href":"https:\/\/omanivietnam.com\/index.php\/wp-json\/wp\/v2\/types\/product"}],"replies":[{"embeddable":true,"href":"https:\/\/omanivietnam.com\/index.php\/wp-json\/wp\/v2\/comments?post=4611"}],"wp:featuredmedia":[{"embeddable":true,"href":"https:\/\/omanivietnam.com\/index.php\/wp-json\/wp\/v2\/media\/4612"}],"wp:attachment":[{"href":"https:\/\/omanivietnam.com\/index.php\/wp-json\/wp\/v2\/media?parent=4611"}],"wp:term":[{"taxonomy":"product_cat","embeddable":true,"href":"https:\/\/omanivietnam.com\/index.php\/wp-json\/wp\/v2\/product_cat?post=4611"},{"taxonomy":"product_tag","embeddable":true,"href":"https:\/\/omanivietnam.com\/index.php\/wp-json\/wp\/v2\/product_tag?post=4611"}],"curies":[{"name":"wp","href":"https:\/\/api.w.org\/{rel}","templated":true}]}}