{"id":4614,"date":"2025-12-10T22:11:03","date_gmt":"2025-12-10T15:11:03","guid":{"rendered":"https:\/\/omanivietnam.com\/?post_type=product&#038;p=4614"},"modified":"2025-12-10T22:13:34","modified_gmt":"2025-12-10T15:13:34","slug":"bst-ems-c-g-24-dunker","status":"publish","type":"product","link":"https:\/\/omanivietnam.com\/index.php\/san-pham\/bst-ems-c-g-24-dunker\/","title":{"rendered":"BST EMS C.G\/24\/DUNKER"},"content":{"rendered":"<p>BST EMS C.G\/24\/DUNKER<\/p>\n<p>BST ELTROMAT EMS C.G\/24\/DUNKER<\/p>\n<ul class=\"product_info\">\n<li>Electromechanical actuators are implemented wherever very quick reactions to changes in the web position are necessary. The connection of the actuator can take place directly at the control unit. The ready-to-fit construction allows for quick and inexpensive installation, which is also beneficial in the retrofit of existing systems.Use the BST eltromat actuator in combination with our positioning devices for a number of web guiding tasks.<\/li>\n<\/ul>\n<p><strong>H\u00e3ng s\u1ea3n xu\u1ea5t :\u00a0BST eltromat International GmbH ( \u0110\u1ee9c )<\/strong><\/p>\n<p><strong>Special Features :\u00a0<\/strong><\/p>\n<p>Complete actuator with maintenance-free drive<\/p>\n<p>Plug-type connection<\/p>\n<p>for linear positioning<\/p>\n<p>various combinations of stroke, positioning force and positioning speed are possible<\/p>\n<p><strong>Th\u00f4ng s\u1ed1 k\u1ef9 thu\u1eadt :<\/strong><\/p>\n<p>Nominal Positioning Force F<sub>N\u00a0\u00a0<\/sub>:\u00a0840 (N)<\/p>\n<p>Nominal Positioning Speed V<sub>N\u00a0<\/sub>:\u00a010 (mm\/s)<\/p>\n<p>Available Stroke :\u00a0200 (mm)<\/p>\n<p><em><strong>Th\u00f4ng s\u1ed1 k\u1ef9 thu\u1eadt (c\u01a1 kh\u00ed)<\/strong><\/em><\/p>\n<p>Noise Emission :\u00a0&lt; 70 (dB)<\/p>\n<p>Protection Class :\u00a0IP 54<\/p>\n<p>RoHS Conformity : Yes<\/p>\n<p><em><strong>Th\u00f4ng s\u1ed1 k\u1ef9 thu\u1eadt (\u0111i\u1ec7n)<\/strong><\/em><\/p>\n<p>Nominal Voltage : 24 (VDC)<\/p>\n<p>Nominal Current : 1,1 (A)<\/p>\n<p>Nominal Power : 12 (W)<\/p>\n<p>Electrical Connection : Only via BST eltromat connection cable<\/p>\n<p>Power Supply : 12 \u2013 24 (VDC)<\/p>\n<p>Output Value\u00a0 \u00a0:\u00a0 0 \u2013 10 (V) ; maximal 1 mA<\/p>\n<p>&nbsp;<\/p>\n<p>\u0110\u1ea1i l\u00fd BST vietnam, BST viet nam, BST vietnam distributor, Ph\u00e2n ph\u1ed1i BST t\u1ea1i vi\u1ec7t nam<\/p>\n<p>\u0110\u1ea1i l\u00fd BST vietnam, BST viet nam, BST vietnam distributor, Ph\u00e2n ph\u1ed1i BST t\u1ea1i vi\u1ec7t nam<\/p>\n<p>\u0110\u1ea1i l\u00fd BST vietnam, BST viet nam, BST vietnam distributor, Ph\u00e2n ph\u1ed1i BST t\u1ea1i vi\u1ec7t nam<\/p>\n","protected":false},"excerpt":{"rendered":"<p>BST EMS C.G\/24\/DUNKER BST ELTROMAT EMS C.G\/24\/DUNKER Electromechanical actuators are implemented wherever very quick reactions to changes in the web position are necessary. The connection of the actuator can take place directly at the control unit. The ready-to-fit construction allows for quick and inexpensive installation, which is also beneficial in&hellip; <\/p>\n","protected":false},"featured_media":4615,"comment_status":"open","ping_status":"closed","template":"","meta":[],"product_cat":[425],"product_tag":[203,204,120],"class_list":{"0":"post-4614","1":"product","2":"type-product","3":"status-publish","4":"has-post-thumbnail","6":"product_cat-bst","7":"product_tag-bst-viet-nam","8":"product_tag-dai-ly-bst-viet-nam","9":"product_tag-dong-co","11":"first","12":"instock","13":"shipping-taxable","14":"product-type-simple"},"yoast_head":"<!-- This site is optimized with the Yoast SEO plugin v22.8 - https:\/\/yoast.com\/wordpress\/plugins\/seo\/ -->\n<title>BST EMS C.G\/24\/DUNKER - OMANI VI\u1ec6T NAM<\/title>\n<meta name=\"description\" content=\"BST EMS C.G\/24\/DUNKER Motor\" \/>\n<meta name=\"robots\" content=\"index, follow, max-snippet:-1, max-image-preview:large, max-video-preview:-1\" \/>\n<link rel=\"canonical\" href=\"https:\/\/omanivietnam.com\/index.php\/san-pham\/bst-ems-c-g-24-dunker\/\" \/>\n<meta property=\"og:locale\" content=\"vi_VN\" \/>\n<meta property=\"og:type\" content=\"article\" \/>\n<meta property=\"og:title\" content=\"BST EMS C.G\/24\/DUNKER - OMANI VI\u1ec6T NAM\" \/>\n<meta property=\"og:description\" content=\"BST EMS C.G\/24\/DUNKER Motor\" \/>\n<meta property=\"og:url\" content=\"https:\/\/omanivietnam.com\/index.php\/san-pham\/bst-ems-c-g-24-dunker\/\" \/>\n<meta property=\"og:site_name\" content=\"OMANI VI\u1ec6T NAM\" \/>\n<meta property=\"article:modified_time\" content=\"2025-12-10T15:13:34+00:00\" \/>\n<meta property=\"og:image\" content=\"https:\/\/omanivietnam.com\/wp-content\/uploads\/2025\/12\/EMS-C.G-24-DUNKER.png\" \/>\n\t<meta property=\"og:image:width\" content=\"707\" \/>\n\t<meta property=\"og:image:height\" content=\"874\" \/>\n\t<meta property=\"og:image:type\" content=\"image\/png\" \/>\n<meta name=\"twitter:card\" content=\"summary_large_image\" \/>\n<meta name=\"twitter:label1\" content=\"\u01af\u1edbc t\u00ednh th\u1eddi gian \u0111\u1ecdc\" \/>\n\t<meta name=\"twitter:data1\" content=\"2 ph\u00fat\" \/>\n<script type=\"application\/ld+json\" class=\"yoast-schema-graph\">{\"@context\":\"https:\/\/schema.org\",\"@graph\":[{\"@type\":\"WebPage\",\"@id\":\"https:\/\/omanivietnam.com\/index.php\/san-pham\/bst-ems-c-g-24-dunker\/\",\"url\":\"https:\/\/omanivietnam.com\/index.php\/san-pham\/bst-ems-c-g-24-dunker\/\",\"name\":\"BST EMS C.G\/24\/DUNKER - OMANI VI\u1ec6T NAM\",\"isPartOf\":{\"@id\":\"https:\/\/omanivietnam.com\/#website\"},\"primaryImageOfPage\":{\"@id\":\"https:\/\/omanivietnam.com\/index.php\/san-pham\/bst-ems-c-g-24-dunker\/#primaryimage\"},\"image\":{\"@id\":\"https:\/\/omanivietnam.com\/index.php\/san-pham\/bst-ems-c-g-24-dunker\/#primaryimage\"},\"thumbnailUrl\":\"https:\/\/omanivietnam.com\/wp-content\/uploads\/2025\/12\/EMS-C.G-24-DUNKER.png\",\"datePublished\":\"2025-12-10T15:11:03+00:00\",\"dateModified\":\"2025-12-10T15:13:34+00:00\",\"description\":\"BST EMS C.G\/24\/DUNKER Motor\",\"breadcrumb\":{\"@id\":\"https:\/\/omanivietnam.com\/index.php\/san-pham\/bst-ems-c-g-24-dunker\/#breadcrumb\"},\"inLanguage\":\"vi\",\"potentialAction\":[{\"@type\":\"ReadAction\",\"target\":[\"https:\/\/omanivietnam.com\/index.php\/san-pham\/bst-ems-c-g-24-dunker\/\"]}]},{\"@type\":\"ImageObject\",\"inLanguage\":\"vi\",\"@id\":\"https:\/\/omanivietnam.com\/index.php\/san-pham\/bst-ems-c-g-24-dunker\/#primaryimage\",\"url\":\"https:\/\/omanivietnam.com\/wp-content\/uploads\/2025\/12\/EMS-C.G-24-DUNKER.png\",\"contentUrl\":\"https:\/\/omanivietnam.com\/wp-content\/uploads\/2025\/12\/EMS-C.G-24-DUNKER.png\",\"width\":707,\"height\":874},{\"@type\":\"BreadcrumbList\",\"@id\":\"https:\/\/omanivietnam.com\/index.php\/san-pham\/bst-ems-c-g-24-dunker\/#breadcrumb\",\"itemListElement\":[{\"@type\":\"ListItem\",\"position\":1,\"name\":\"Home\",\"item\":\"https:\/\/omanivietnam.com\/\"},{\"@type\":\"ListItem\",\"position\":2,\"name\":\"S\u1ea2N PH\u1ea8M\",\"item\":\"https:\/\/omanivietnam.com\/index.php\/cua-hang\/\"},{\"@type\":\"ListItem\",\"position\":3,\"name\":\"BST EMS C.G\/24\/DUNKER\"}]},{\"@type\":\"WebSite\",\"@id\":\"https:\/\/omanivietnam.com\/#website\",\"url\":\"https:\/\/omanivietnam.com\/\",\"name\":\"OMANI VI\u1ec6T NAM\",\"description\":\"Nh\u00e0 ph\u00e2n ph\u1ed1i thi\u1ebft b\u1ecb kh\u00ed n\u00e9n v\u00e0 thi\u1ebft b\u1ecb t\u1ef1 \u0111\u1ed9ng h\u00f3a trong c\u00f4ng nghi\u1ec7p\",\"publisher\":{\"@id\":\"https:\/\/omanivietnam.com\/#\/schema\/person\/0ad398a980dc3fd696111c2c5c8fa897\"},\"potentialAction\":[{\"@type\":\"SearchAction\",\"target\":{\"@type\":\"EntryPoint\",\"urlTemplate\":\"https:\/\/omanivietnam.com\/?s={search_term_string}\"},\"query-input\":\"required name=search_term_string\"}],\"inLanguage\":\"vi\"},{\"@type\":[\"Person\",\"Organization\"],\"@id\":\"https:\/\/omanivietnam.com\/#\/schema\/person\/0ad398a980dc3fd696111c2c5c8fa897\",\"name\":\"Nguy\u1ec5n V\u0103n Kh\u00e1nh\",\"image\":{\"@type\":\"ImageObject\",\"inLanguage\":\"vi\",\"@id\":\"https:\/\/omanivietnam.com\/#\/schema\/person\/image\/\",\"url\":\"https:\/\/omanivietnam.com\/wp-content\/uploads\/2024\/06\/logo-1024x1024.png\",\"contentUrl\":\"https:\/\/omanivietnam.com\/wp-content\/uploads\/2024\/06\/logo-1024x1024.png\",\"width\":1024,\"height\":1024,\"caption\":\"Nguy\u1ec5n V\u0103n Kh\u00e1nh\"},\"logo\":{\"@id\":\"https:\/\/omanivietnam.com\/#\/schema\/person\/image\/\"},\"sameAs\":[\"https:\/\/omanivietnam.com\"]}]}<\/script>\n<!-- \/ Yoast SEO plugin. -->","yoast_head_json":{"title":"BST EMS C.G\/24\/DUNKER - OMANI VI\u1ec6T NAM","description":"BST EMS C.G\/24\/DUNKER Motor","robots":{"index":"index","follow":"follow","max-snippet":"max-snippet:-1","max-image-preview":"max-image-preview:large","max-video-preview":"max-video-preview:-1"},"canonical":"https:\/\/omanivietnam.com\/index.php\/san-pham\/bst-ems-c-g-24-dunker\/","og_locale":"vi_VN","og_type":"article","og_title":"BST EMS C.G\/24\/DUNKER - OMANI VI\u1ec6T NAM","og_description":"BST EMS C.G\/24\/DUNKER Motor","og_url":"https:\/\/omanivietnam.com\/index.php\/san-pham\/bst-ems-c-g-24-dunker\/","og_site_name":"OMANI VI\u1ec6T NAM","article_modified_time":"2025-12-10T15:13:34+00:00","og_image":[{"width":707,"height":874,"url":"https:\/\/omanivietnam.com\/wp-content\/uploads\/2025\/12\/EMS-C.G-24-DUNKER.png","type":"image\/png"}],"twitter_card":"summary_large_image","twitter_misc":{"\u01af\u1edbc t\u00ednh th\u1eddi gian \u0111\u1ecdc":"2 ph\u00fat"},"schema":{"@context":"https:\/\/schema.org","@graph":[{"@type":"WebPage","@id":"https:\/\/omanivietnam.com\/index.php\/san-pham\/bst-ems-c-g-24-dunker\/","url":"https:\/\/omanivietnam.com\/index.php\/san-pham\/bst-ems-c-g-24-dunker\/","name":"BST EMS C.G\/24\/DUNKER - OMANI VI\u1ec6T NAM","isPartOf":{"@id":"https:\/\/omanivietnam.com\/#website"},"primaryImageOfPage":{"@id":"https:\/\/omanivietnam.com\/index.php\/san-pham\/bst-ems-c-g-24-dunker\/#primaryimage"},"image":{"@id":"https:\/\/omanivietnam.com\/index.php\/san-pham\/bst-ems-c-g-24-dunker\/#primaryimage"},"thumbnailUrl":"https:\/\/omanivietnam.com\/wp-content\/uploads\/2025\/12\/EMS-C.G-24-DUNKER.png","datePublished":"2025-12-10T15:11:03+00:00","dateModified":"2025-12-10T15:13:34+00:00","description":"BST EMS C.G\/24\/DUNKER Motor","breadcrumb":{"@id":"https:\/\/omanivietnam.com\/index.php\/san-pham\/bst-ems-c-g-24-dunker\/#breadcrumb"},"inLanguage":"vi","potentialAction":[{"@type":"ReadAction","target":["https:\/\/omanivietnam.com\/index.php\/san-pham\/bst-ems-c-g-24-dunker\/"]}]},{"@type":"ImageObject","inLanguage":"vi","@id":"https:\/\/omanivietnam.com\/index.php\/san-pham\/bst-ems-c-g-24-dunker\/#primaryimage","url":"https:\/\/omanivietnam.com\/wp-content\/uploads\/2025\/12\/EMS-C.G-24-DUNKER.png","contentUrl":"https:\/\/omanivietnam.com\/wp-content\/uploads\/2025\/12\/EMS-C.G-24-DUNKER.png","width":707,"height":874},{"@type":"BreadcrumbList","@id":"https:\/\/omanivietnam.com\/index.php\/san-pham\/bst-ems-c-g-24-dunker\/#breadcrumb","itemListElement":[{"@type":"ListItem","position":1,"name":"Home","item":"https:\/\/omanivietnam.com\/"},{"@type":"ListItem","position":2,"name":"S\u1ea2N PH\u1ea8M","item":"https:\/\/omanivietnam.com\/index.php\/cua-hang\/"},{"@type":"ListItem","position":3,"name":"BST EMS C.G\/24\/DUNKER"}]},{"@type":"WebSite","@id":"https:\/\/omanivietnam.com\/#website","url":"https:\/\/omanivietnam.com\/","name":"OMANI VI\u1ec6T NAM","description":"Nh\u00e0 ph\u00e2n ph\u1ed1i thi\u1ebft b\u1ecb kh\u00ed n\u00e9n v\u00e0 thi\u1ebft b\u1ecb t\u1ef1 \u0111\u1ed9ng h\u00f3a trong c\u00f4ng nghi\u1ec7p","publisher":{"@id":"https:\/\/omanivietnam.com\/#\/schema\/person\/0ad398a980dc3fd696111c2c5c8fa897"},"potentialAction":[{"@type":"SearchAction","target":{"@type":"EntryPoint","urlTemplate":"https:\/\/omanivietnam.com\/?s={search_term_string}"},"query-input":"required name=search_term_string"}],"inLanguage":"vi"},{"@type":["Person","Organization"],"@id":"https:\/\/omanivietnam.com\/#\/schema\/person\/0ad398a980dc3fd696111c2c5c8fa897","name":"Nguy\u1ec5n V\u0103n Kh\u00e1nh","image":{"@type":"ImageObject","inLanguage":"vi","@id":"https:\/\/omanivietnam.com\/#\/schema\/person\/image\/","url":"https:\/\/omanivietnam.com\/wp-content\/uploads\/2024\/06\/logo-1024x1024.png","contentUrl":"https:\/\/omanivietnam.com\/wp-content\/uploads\/2024\/06\/logo-1024x1024.png","width":1024,"height":1024,"caption":"Nguy\u1ec5n V\u0103n Kh\u00e1nh"},"logo":{"@id":"https:\/\/omanivietnam.com\/#\/schema\/person\/image\/"},"sameAs":["https:\/\/omanivietnam.com"]}]}},"_links":{"self":[{"href":"https:\/\/omanivietnam.com\/index.php\/wp-json\/wp\/v2\/product\/4614","targetHints":{"allow":["GET"]}}],"collection":[{"href":"https:\/\/omanivietnam.com\/index.php\/wp-json\/wp\/v2\/product"}],"about":[{"href":"https:\/\/omanivietnam.com\/index.php\/wp-json\/wp\/v2\/types\/product"}],"replies":[{"embeddable":true,"href":"https:\/\/omanivietnam.com\/index.php\/wp-json\/wp\/v2\/comments?post=4614"}],"wp:featuredmedia":[{"embeddable":true,"href":"https:\/\/omanivietnam.com\/index.php\/wp-json\/wp\/v2\/media\/4615"}],"wp:attachment":[{"href":"https:\/\/omanivietnam.com\/index.php\/wp-json\/wp\/v2\/media?parent=4614"}],"wp:term":[{"taxonomy":"product_cat","embeddable":true,"href":"https:\/\/omanivietnam.com\/index.php\/wp-json\/wp\/v2\/product_cat?post=4614"},{"taxonomy":"product_tag","embeddable":true,"href":"https:\/\/omanivietnam.com\/index.php\/wp-json\/wp\/v2\/product_tag?post=4614"}],"curies":[{"name":"wp","href":"https:\/\/api.w.org\/{rel}","templated":true}]}}