{"id":4626,"date":"2025-12-16T12:00:02","date_gmt":"2025-12-16T05:00:02","guid":{"rendered":"https:\/\/omanivietnam.com\/?post_type=product&#038;p=4626"},"modified":"2025-12-16T12:00:02","modified_gmt":"2025-12-16T05:00:02","slug":"sick-dl100-21aa2101","status":"publish","type":"product","link":"https:\/\/omanivietnam.com\/index.php\/san-pham\/sick-dl100-21aa2101\/","title":{"rendered":"SICK DL100-21AA2101"},"content":{"rendered":"<p>SICK DL100-21AA2101<\/p>\n<p>LONG RANGE DISTANCE SENSORS, TARGET: REFLECTOR , DL10021AA2103 \/ 1052688<\/p>\n<p>SICK DL100-21AA2101 DL100-21AA2112<\/p>\n<p class=\"QN2lPu\">DL100-21AA2101<\/p>\n<p class=\"QN2lPu\">DL100-21AA2102<\/p>\n<p class=\"QN2lPu\">DL100-21AA2103<\/p>\n<h2 class=\"tab-header\">Product Information<\/h2>\n<div class=\"table-overflow-wrapper\">\n<table class=\"table table-sm\">\n<tbody>\n<tr>\n<td><b>Alternative Part Number:<\/b><\/td>\n<td>1052688<\/td>\n<\/tr>\n<tr>\n<td><b>Manufacturer:<\/b><\/td>\n<td>Sick<\/td>\n<\/tr>\n<tr>\n<td><b>Pricing Unit:<\/b><\/td>\n<td>Each<\/td>\n<\/tr>\n<tr>\n<td><b>Weight:<\/b><\/td>\n<td>1.015 kg (each)<\/td>\n<\/tr>\n<\/tbody>\n<\/table>\n<h2 class=\"tab-header\">Product Details<\/h2>\n<table id=\"productDetails\" class=\"table table-sm\">\n<tbody>\n<tr class=\"d-md-table-row d-block mb-md-0 mb-2\">\n<td class=\"d-md-table-cell d-block\"><b>ETIM Group:<\/b><\/td>\n<td class=\"d-md-table-cell d-block\">Sensors<\/td>\n<\/tr>\n<tr class=\"d-md-table-row d-block mb-md-0 mb-2\">\n<td class=\"d-md-table-cell d-block\"><b>ETIM Class:<\/b><\/td>\n<td class=\"d-md-table-cell d-block\">Optical distance sensor<\/td>\n<\/tr>\n<tr class=\"d-md-table-row d-block mb-md-0 mb-2\">\n<td class=\"d-md-table-cell d-block\"><b>Ambient temperature:<\/b><\/td>\n<td class=\"d-md-table-cell d-block\">-20 &#8211; 55\u00b0C<\/td>\n<\/tr>\n<tr class=\"d-md-table-row d-block mb-md-0 mb-2\">\n<td class=\"d-md-table-cell d-block\"><b>AWG-number:<\/b><\/td>\n<td class=\"d-md-table-cell d-block\">&#8211;<\/td>\n<\/tr>\n<tr class=\"d-md-table-row d-block mb-md-0 mb-2\">\n<td class=\"d-md-table-cell d-block\"><b>Degree of protection (IP):<\/b><\/td>\n<td class=\"d-md-table-cell d-block\">IP65<\/td>\n<\/tr>\n<tr class=\"d-md-table-row d-block mb-md-0 mb-2\">\n<td class=\"d-md-table-cell d-block\"><b>Diameter sensor:<\/b><\/td>\n<td class=\"d-md-table-cell d-block\">&#8211;<\/td>\n<\/tr>\n<tr class=\"d-md-table-row d-block mb-md-0 mb-2\">\n<td class=\"d-md-table-cell d-block\"><b>Geometrical resolution:<\/b><\/td>\n<td class=\"d-md-table-cell d-block\">&#8211;<\/td>\n<\/tr>\n<tr class=\"d-md-table-row d-block mb-md-0 mb-2\">\n<td class=\"d-md-table-cell d-block\"><b>Height of sensor:<\/b><\/td>\n<td class=\"d-md-table-cell d-block\">82.5mm<\/td>\n<\/tr>\n<tr class=\"d-md-table-row d-block mb-md-0 mb-2\">\n<td class=\"d-md-table-cell d-block\"><b>Laser protection class:<\/b><\/td>\n<td class=\"d-md-table-cell d-block\">Class 2<\/td>\n<\/tr>\n<tr class=\"d-md-table-row d-block mb-md-0 mb-2\">\n<td class=\"d-md-table-cell d-block\"><b>Length of sensor:<\/b><\/td>\n<td class=\"d-md-table-cell d-block\">100.2mm<\/td>\n<\/tr>\n<tr class=\"d-md-table-row d-block mb-md-0 mb-2\">\n<td class=\"d-md-table-cell d-block\"><b>Light dot:<\/b><\/td>\n<td class=\"d-md-table-cell d-block\">&#8211;<\/td>\n<\/tr>\n<tr class=\"d-md-table-row d-block mb-md-0 mb-2\">\n<td class=\"d-md-table-cell d-block\"><b>Material housing:<\/b><\/td>\n<td class=\"d-md-table-cell d-block\">Other<\/td>\n<\/tr>\n<tr class=\"d-md-table-row d-block mb-md-0 mb-2\">\n<td class=\"d-md-table-cell d-block\"><b>Material of optical surface:<\/b><\/td>\n<td class=\"d-md-table-cell d-block\">Plastic<\/td>\n<\/tr>\n<tr class=\"d-md-table-row d-block mb-md-0 mb-2\">\n<td class=\"d-md-table-cell d-block\"><b>Max. output current:<\/b><\/td>\n<td class=\"d-md-table-cell d-block\">&#8211;<\/td>\n<\/tr>\n<tr class=\"d-md-table-row d-block mb-md-0 mb-2\">\n<td class=\"d-md-table-cell d-block\"><b>Measuring principle for optical distance measurement:<\/b><\/td>\n<td class=\"d-md-table-cell d-block\">Light delay time<\/td>\n<\/tr>\n<tr class=\"d-md-table-row d-block mb-md-0 mb-2\">\n<td class=\"d-md-table-cell d-block\"><b>Measuring range length:<\/b><\/td>\n<td class=\"d-md-table-cell d-block\">100000 &#8211; 100000mm<\/td>\n<\/tr>\n<tr class=\"d-md-table-row d-block mb-md-0 mb-2\">\n<td class=\"d-md-table-cell d-block\"><b>Operation agent-safety class:<\/b><\/td>\n<td class=\"d-md-table-cell d-block\">Safety class 3<\/td>\n<\/tr>\n<tr class=\"d-md-table-row d-block mb-md-0 mb-2\">\n<td class=\"d-md-table-cell d-block\"><b>Pre failure notice:<\/b><\/td>\n<td class=\"d-md-table-cell d-block\">&#8211;<\/td>\n<\/tr>\n<tr class=\"d-md-table-row d-block mb-md-0 mb-2\">\n<td class=\"d-md-table-cell d-block\"><b>Relative accuracy of measurement:<\/b><\/td>\n<td class=\"d-md-table-cell d-block\">&#8211;<\/td>\n<\/tr>\n<tr class=\"d-md-table-row d-block mb-md-0 mb-2\">\n<td class=\"d-md-table-cell d-block\"><b>Relative linearity deflection:<\/b><\/td>\n<td class=\"d-md-table-cell d-block\">&#8211;<\/td>\n<\/tr>\n<tr class=\"d-md-table-row d-block mb-md-0 mb-2\">\n<td class=\"d-md-table-cell d-block\"><b>Relative repeat accuracy:<\/b><\/td>\n<td class=\"d-md-table-cell d-block\">&#8211;<\/td>\n<\/tr>\n<tr class=\"d-md-table-row d-block mb-md-0 mb-2\">\n<td class=\"d-md-table-cell d-block\"><b>Signalling interval:<\/b><\/td>\n<td class=\"d-md-table-cell d-block\">&#8211;<\/td>\n<\/tr>\n<tr class=\"d-md-table-row d-block mb-md-0 mb-2\">\n<td class=\"d-md-table-cell d-block\"><b>Standard for interfaces:<\/b><\/td>\n<td class=\"d-md-table-cell d-block\">Serial<\/td>\n<\/tr>\n<tr class=\"d-md-table-row d-block mb-md-0 mb-2\">\n<td class=\"d-md-table-cell d-block\"><b>Supply voltage:<\/b><\/td>\n<td class=\"d-md-table-cell d-block\">18 &#8211; 30V<\/td>\n<\/tr>\n<tr class=\"d-md-table-row d-block mb-md-0 mb-2\">\n<td class=\"d-md-table-cell d-block\"><b>Switching frequency:<\/b><\/td>\n<td class=\"d-md-table-cell d-block\">&#8211;<\/td>\n<\/tr>\n<tr class=\"d-md-table-row d-block mb-md-0 mb-2\">\n<td class=\"d-md-table-cell d-block\"><b>Type of electric connection:<\/b><\/td>\n<td class=\"d-md-table-cell d-block\">Other<\/td>\n<\/tr>\n<tr class=\"d-md-table-row d-block mb-md-0 mb-2\">\n<td class=\"d-md-table-cell d-block\"><b>Type of light:<\/b><\/td>\n<td class=\"d-md-table-cell d-block\">Polarized red light<\/td>\n<\/tr>\n<tr class=\"d-md-table-row d-block mb-md-0 mb-2\">\n<td class=\"d-md-table-cell d-block\"><b>Voltage type:<\/b><\/td>\n<td class=\"d-md-table-cell d-block\">DC<\/td>\n<\/tr>\n<tr class=\"d-md-table-row d-block mb-md-0 mb-2\">\n<td class=\"d-md-table-cell d-block\"><b>Width sensor:<\/b><\/td>\n<td class=\"d-md-table-cell d-block\">69.4mm<\/td>\n<\/tr>\n<\/tbody>\n<\/table>\n<\/div>\n<p>&nbsp;<\/p>\n","protected":false},"excerpt":{"rendered":"<p>SICK DL100-21AA2101 LONG RANGE DISTANCE SENSORS, TARGET: REFLECTOR , DL10021AA2103 \/ 1052688 SICK DL100-21AA2101 DL100-21AA2112 DL100-21AA2101 DL100-21AA2102 DL100-21AA2103 Product Information Alternative Part Number: 1052688 Manufacturer: Sick Pricing Unit: Each Weight: 1.015 kg (each) Product Details ETIM Group: Sensors ETIM Class: Optical distance sensor Ambient temperature: -20 &#8211; 55\u00b0C AWG-number: &#8211;&hellip; <\/p>\n","protected":false},"featured_media":4627,"comment_status":"open","ping_status":"closed","template":"","meta":[],"product_cat":[297],"product_tag":[88,89,90],"class_list":{"0":"post-4626","1":"product","2":"type-product","3":"status-publish","4":"has-post-thumbnail","6":"product_cat-sick","7":"product_tag-cam-bien","8":"product_tag-dai-ly-sick-viet-nam","9":"product_tag-sick-viet-nam","11":"first","12":"instock","13":"shipping-taxable","14":"product-type-simple"},"yoast_head":"<!-- This site is optimized with the Yoast SEO plugin v22.8 - https:\/\/yoast.com\/wordpress\/plugins\/seo\/ -->\n<title>SICK DL100-21AA2101 - OMANI VI\u1ec6T NAM<\/title>\n<meta name=\"description\" content=\"SICK DL100-21AA2101 Sensor\" \/>\n<meta name=\"robots\" content=\"index, follow, max-snippet:-1, max-image-preview:large, max-video-preview:-1\" \/>\n<link rel=\"canonical\" href=\"https:\/\/omanivietnam.com\/index.php\/san-pham\/sick-dl100-21aa2101\/\" \/>\n<meta property=\"og:locale\" content=\"vi_VN\" \/>\n<meta property=\"og:type\" content=\"article\" \/>\n<meta property=\"og:title\" content=\"SICK DL100-21AA2101 - OMANI VI\u1ec6T NAM\" \/>\n<meta property=\"og:description\" content=\"SICK DL100-21AA2101 Sensor\" \/>\n<meta property=\"og:url\" content=\"https:\/\/omanivietnam.com\/index.php\/san-pham\/sick-dl100-21aa2101\/\" \/>\n<meta property=\"og:site_name\" content=\"OMANI VI\u1ec6T NAM\" \/>\n<meta property=\"og:image\" content=\"https:\/\/omanivietnam.com\/wp-content\/uploads\/2025\/12\/DL100-21AA2101.png\" \/>\n\t<meta property=\"og:image:width\" content=\"776\" \/>\n\t<meta property=\"og:image:height\" content=\"887\" \/>\n\t<meta property=\"og:image:type\" content=\"image\/png\" \/>\n<meta name=\"twitter:card\" content=\"summary_large_image\" \/>\n<meta name=\"twitter:label1\" content=\"\u01af\u1edbc t\u00ednh th\u1eddi gian \u0111\u1ecdc\" \/>\n\t<meta name=\"twitter:data1\" content=\"1 ph\u00fat\" \/>\n<script type=\"application\/ld+json\" class=\"yoast-schema-graph\">{\"@context\":\"https:\/\/schema.org\",\"@graph\":[{\"@type\":\"WebPage\",\"@id\":\"https:\/\/omanivietnam.com\/index.php\/san-pham\/sick-dl100-21aa2101\/\",\"url\":\"https:\/\/omanivietnam.com\/index.php\/san-pham\/sick-dl100-21aa2101\/\",\"name\":\"SICK DL100-21AA2101 - OMANI VI\u1ec6T NAM\",\"isPartOf\":{\"@id\":\"https:\/\/omanivietnam.com\/#website\"},\"primaryImageOfPage\":{\"@id\":\"https:\/\/omanivietnam.com\/index.php\/san-pham\/sick-dl100-21aa2101\/#primaryimage\"},\"image\":{\"@id\":\"https:\/\/omanivietnam.com\/index.php\/san-pham\/sick-dl100-21aa2101\/#primaryimage\"},\"thumbnailUrl\":\"https:\/\/omanivietnam.com\/wp-content\/uploads\/2025\/12\/DL100-21AA2101.png\",\"datePublished\":\"2025-12-16T05:00:02+00:00\",\"dateModified\":\"2025-12-16T05:00:02+00:00\",\"description\":\"SICK DL100-21AA2101 Sensor\",\"breadcrumb\":{\"@id\":\"https:\/\/omanivietnam.com\/index.php\/san-pham\/sick-dl100-21aa2101\/#breadcrumb\"},\"inLanguage\":\"vi\",\"potentialAction\":[{\"@type\":\"ReadAction\",\"target\":[\"https:\/\/omanivietnam.com\/index.php\/san-pham\/sick-dl100-21aa2101\/\"]}]},{\"@type\":\"ImageObject\",\"inLanguage\":\"vi\",\"@id\":\"https:\/\/omanivietnam.com\/index.php\/san-pham\/sick-dl100-21aa2101\/#primaryimage\",\"url\":\"https:\/\/omanivietnam.com\/wp-content\/uploads\/2025\/12\/DL100-21AA2101.png\",\"contentUrl\":\"https:\/\/omanivietnam.com\/wp-content\/uploads\/2025\/12\/DL100-21AA2101.png\",\"width\":776,\"height\":887},{\"@type\":\"BreadcrumbList\",\"@id\":\"https:\/\/omanivietnam.com\/index.php\/san-pham\/sick-dl100-21aa2101\/#breadcrumb\",\"itemListElement\":[{\"@type\":\"ListItem\",\"position\":1,\"name\":\"Home\",\"item\":\"https:\/\/omanivietnam.com\/\"},{\"@type\":\"ListItem\",\"position\":2,\"name\":\"S\u1ea2N PH\u1ea8M\",\"item\":\"https:\/\/omanivietnam.com\/index.php\/cua-hang\/\"},{\"@type\":\"ListItem\",\"position\":3,\"name\":\"SICK DL100-21AA2101\"}]},{\"@type\":\"WebSite\",\"@id\":\"https:\/\/omanivietnam.com\/#website\",\"url\":\"https:\/\/omanivietnam.com\/\",\"name\":\"OMANI VI\u1ec6T NAM\",\"description\":\"Nh\u00e0 ph\u00e2n ph\u1ed1i thi\u1ebft b\u1ecb kh\u00ed n\u00e9n v\u00e0 thi\u1ebft b\u1ecb t\u1ef1 \u0111\u1ed9ng h\u00f3a trong c\u00f4ng nghi\u1ec7p\",\"publisher\":{\"@id\":\"https:\/\/omanivietnam.com\/#\/schema\/person\/0ad398a980dc3fd696111c2c5c8fa897\"},\"potentialAction\":[{\"@type\":\"SearchAction\",\"target\":{\"@type\":\"EntryPoint\",\"urlTemplate\":\"https:\/\/omanivietnam.com\/?s={search_term_string}\"},\"query-input\":\"required name=search_term_string\"}],\"inLanguage\":\"vi\"},{\"@type\":[\"Person\",\"Organization\"],\"@id\":\"https:\/\/omanivietnam.com\/#\/schema\/person\/0ad398a980dc3fd696111c2c5c8fa897\",\"name\":\"Nguy\u1ec5n V\u0103n Kh\u00e1nh\",\"image\":{\"@type\":\"ImageObject\",\"inLanguage\":\"vi\",\"@id\":\"https:\/\/omanivietnam.com\/#\/schema\/person\/image\/\",\"url\":\"https:\/\/omanivietnam.com\/wp-content\/uploads\/2024\/06\/logo-1024x1024.png\",\"contentUrl\":\"https:\/\/omanivietnam.com\/wp-content\/uploads\/2024\/06\/logo-1024x1024.png\",\"width\":1024,\"height\":1024,\"caption\":\"Nguy\u1ec5n V\u0103n Kh\u00e1nh\"},\"logo\":{\"@id\":\"https:\/\/omanivietnam.com\/#\/schema\/person\/image\/\"},\"sameAs\":[\"https:\/\/omanivietnam.com\"]}]}<\/script>\n<!-- \/ Yoast SEO plugin. -->","yoast_head_json":{"title":"SICK DL100-21AA2101 - OMANI VI\u1ec6T NAM","description":"SICK DL100-21AA2101 Sensor","robots":{"index":"index","follow":"follow","max-snippet":"max-snippet:-1","max-image-preview":"max-image-preview:large","max-video-preview":"max-video-preview:-1"},"canonical":"https:\/\/omanivietnam.com\/index.php\/san-pham\/sick-dl100-21aa2101\/","og_locale":"vi_VN","og_type":"article","og_title":"SICK DL100-21AA2101 - OMANI VI\u1ec6T NAM","og_description":"SICK DL100-21AA2101 Sensor","og_url":"https:\/\/omanivietnam.com\/index.php\/san-pham\/sick-dl100-21aa2101\/","og_site_name":"OMANI VI\u1ec6T NAM","og_image":[{"width":776,"height":887,"url":"https:\/\/omanivietnam.com\/wp-content\/uploads\/2025\/12\/DL100-21AA2101.png","type":"image\/png"}],"twitter_card":"summary_large_image","twitter_misc":{"\u01af\u1edbc t\u00ednh th\u1eddi gian \u0111\u1ecdc":"1 ph\u00fat"},"schema":{"@context":"https:\/\/schema.org","@graph":[{"@type":"WebPage","@id":"https:\/\/omanivietnam.com\/index.php\/san-pham\/sick-dl100-21aa2101\/","url":"https:\/\/omanivietnam.com\/index.php\/san-pham\/sick-dl100-21aa2101\/","name":"SICK DL100-21AA2101 - OMANI VI\u1ec6T NAM","isPartOf":{"@id":"https:\/\/omanivietnam.com\/#website"},"primaryImageOfPage":{"@id":"https:\/\/omanivietnam.com\/index.php\/san-pham\/sick-dl100-21aa2101\/#primaryimage"},"image":{"@id":"https:\/\/omanivietnam.com\/index.php\/san-pham\/sick-dl100-21aa2101\/#primaryimage"},"thumbnailUrl":"https:\/\/omanivietnam.com\/wp-content\/uploads\/2025\/12\/DL100-21AA2101.png","datePublished":"2025-12-16T05:00:02+00:00","dateModified":"2025-12-16T05:00:02+00:00","description":"SICK DL100-21AA2101 Sensor","breadcrumb":{"@id":"https:\/\/omanivietnam.com\/index.php\/san-pham\/sick-dl100-21aa2101\/#breadcrumb"},"inLanguage":"vi","potentialAction":[{"@type":"ReadAction","target":["https:\/\/omanivietnam.com\/index.php\/san-pham\/sick-dl100-21aa2101\/"]}]},{"@type":"ImageObject","inLanguage":"vi","@id":"https:\/\/omanivietnam.com\/index.php\/san-pham\/sick-dl100-21aa2101\/#primaryimage","url":"https:\/\/omanivietnam.com\/wp-content\/uploads\/2025\/12\/DL100-21AA2101.png","contentUrl":"https:\/\/omanivietnam.com\/wp-content\/uploads\/2025\/12\/DL100-21AA2101.png","width":776,"height":887},{"@type":"BreadcrumbList","@id":"https:\/\/omanivietnam.com\/index.php\/san-pham\/sick-dl100-21aa2101\/#breadcrumb","itemListElement":[{"@type":"ListItem","position":1,"name":"Home","item":"https:\/\/omanivietnam.com\/"},{"@type":"ListItem","position":2,"name":"S\u1ea2N PH\u1ea8M","item":"https:\/\/omanivietnam.com\/index.php\/cua-hang\/"},{"@type":"ListItem","position":3,"name":"SICK DL100-21AA2101"}]},{"@type":"WebSite","@id":"https:\/\/omanivietnam.com\/#website","url":"https:\/\/omanivietnam.com\/","name":"OMANI VI\u1ec6T NAM","description":"Nh\u00e0 ph\u00e2n ph\u1ed1i thi\u1ebft b\u1ecb kh\u00ed n\u00e9n v\u00e0 thi\u1ebft b\u1ecb t\u1ef1 \u0111\u1ed9ng h\u00f3a trong c\u00f4ng nghi\u1ec7p","publisher":{"@id":"https:\/\/omanivietnam.com\/#\/schema\/person\/0ad398a980dc3fd696111c2c5c8fa897"},"potentialAction":[{"@type":"SearchAction","target":{"@type":"EntryPoint","urlTemplate":"https:\/\/omanivietnam.com\/?s={search_term_string}"},"query-input":"required name=search_term_string"}],"inLanguage":"vi"},{"@type":["Person","Organization"],"@id":"https:\/\/omanivietnam.com\/#\/schema\/person\/0ad398a980dc3fd696111c2c5c8fa897","name":"Nguy\u1ec5n V\u0103n Kh\u00e1nh","image":{"@type":"ImageObject","inLanguage":"vi","@id":"https:\/\/omanivietnam.com\/#\/schema\/person\/image\/","url":"https:\/\/omanivietnam.com\/wp-content\/uploads\/2024\/06\/logo-1024x1024.png","contentUrl":"https:\/\/omanivietnam.com\/wp-content\/uploads\/2024\/06\/logo-1024x1024.png","width":1024,"height":1024,"caption":"Nguy\u1ec5n V\u0103n Kh\u00e1nh"},"logo":{"@id":"https:\/\/omanivietnam.com\/#\/schema\/person\/image\/"},"sameAs":["https:\/\/omanivietnam.com"]}]}},"_links":{"self":[{"href":"https:\/\/omanivietnam.com\/index.php\/wp-json\/wp\/v2\/product\/4626","targetHints":{"allow":["GET"]}}],"collection":[{"href":"https:\/\/omanivietnam.com\/index.php\/wp-json\/wp\/v2\/product"}],"about":[{"href":"https:\/\/omanivietnam.com\/index.php\/wp-json\/wp\/v2\/types\/product"}],"replies":[{"embeddable":true,"href":"https:\/\/omanivietnam.com\/index.php\/wp-json\/wp\/v2\/comments?post=4626"}],"wp:featuredmedia":[{"embeddable":true,"href":"https:\/\/omanivietnam.com\/index.php\/wp-json\/wp\/v2\/media\/4627"}],"wp:attachment":[{"href":"https:\/\/omanivietnam.com\/index.php\/wp-json\/wp\/v2\/media?parent=4626"}],"wp:term":[{"taxonomy":"product_cat","embeddable":true,"href":"https:\/\/omanivietnam.com\/index.php\/wp-json\/wp\/v2\/product_cat?post=4626"},{"taxonomy":"product_tag","embeddable":true,"href":"https:\/\/omanivietnam.com\/index.php\/wp-json\/wp\/v2\/product_tag?post=4626"}],"curies":[{"name":"wp","href":"https:\/\/api.w.org\/{rel}","templated":true}]}}