{"id":4639,"date":"2025-12-21T14:57:18","date_gmt":"2025-12-21T07:57:18","guid":{"rendered":"https:\/\/omanivietnam.com\/?post_type=product&#038;p=4639"},"modified":"2025-12-21T14:58:40","modified_gmt":"2025-12-21T07:58:40","slug":"mitsubishi-qj71e71-100","status":"publish","type":"product","link":"https:\/\/omanivietnam.com\/index.php\/san-pham\/mitsubishi-qj71e71-100\/","title":{"rendered":"MITSUBISHI QJ71E71-100"},"content":{"rendered":"<p>MITSUBISHI QJ71E71-100<\/p>\n<h2>Th\u00f4ng s\u1ed1 k\u1ef9 thu\u1eadt QJ71E71-100<\/h2>\n<table>\n<thead>\n<tr>\n<th>M\u1ee5c<\/th>\n<th>Chi ti\u1ebft<\/th>\n<\/tr>\n<\/thead>\n<tbody>\n<tr>\n<td>Lo\u1ea1i m\u00f4-\u0111un<\/td>\n<td>M\u00f4-\u0111un giao ti\u1ebfp Ethernet<\/td>\n<\/tr>\n<tr>\n<td>Ch\u1ee9c n\u0103ng<\/td>\n<td>K\u1ebft n\u1ed1i PLC v\u1edbi m\u1ea1ng Ethernet<\/td>\n<\/tr>\n<tr>\n<td>C\u1ed5ng giao ti\u1ebfp<\/td>\n<td>1x Ethernet (RJ45)<\/td>\n<\/tr>\n<tr>\n<td>Giao th\u1ee9c<\/td>\n<td>TCP\/IP, UDP<\/td>\n<\/tr>\n<tr>\n<td>T\u1ed1c \u0111\u1ed9 truy\u1ec1n<\/td>\n<td>10\/100 Mbps (Auto-Negotiation)<\/td>\n<\/tr>\n<tr>\n<td>S\u1ed1 l\u01b0\u1ee3ng k\u1ebft n\u1ed1i t\u1ed1i \u0111a<\/td>\n<td>4 k\u1ebft n\u1ed1i \u0111\u1ed3ng th\u1eddi<\/td>\n<\/tr>\n<tr>\n<td>\u0110\u1ecba ch\u1ec9 IP<\/td>\n<td>C\u00f3 th\u1ec3 c\u1ea5u h\u00ecnh qua ph\u1ea7n m\u1ec1m l\u1eadp tr\u00ecnh<\/td>\n<\/tr>\n<tr>\n<td>\u0110i\u1ec7n \u00e1p cung c\u1ea5p<\/td>\n<td>24 VDC (20.4 \u0111\u1ebfn 26.4 VDC)<\/td>\n<\/tr>\n<tr>\n<td>C\u00f4ng su\u1ea5t ti\u00eau th\u1ee5<\/td>\n<td>Kho\u1ea3ng 4W<\/td>\n<\/tr>\n<tr>\n<td>Nhi\u1ec7t \u0111\u1ed9 ho\u1ea1t \u0111\u1ed9ng<\/td>\n<td>0 \u0111\u1ebfn 55\u00b0C<\/td>\n<\/tr>\n<tr>\n<td>\u0110\u1ed9 \u1ea9m ho\u1ea1t \u0111\u1ed9ng<\/td>\n<td>10% \u0111\u1ebfn 95% RH (kh\u00f4ng ng\u01b0ng t\u1ee5)<\/td>\n<\/tr>\n<tr>\n<td>Ti\u00eau chu\u1ea9n b\u1ea3o v\u1ec7<\/td>\n<td>IP20<\/td>\n<\/tr>\n<tr>\n<td>K\u00edch th\u01b0\u1edbc (W x H x D)<\/td>\n<td>90 x 90 x 90 mm<\/td>\n<\/tr>\n<tr>\n<td>Tr\u1ecdng l\u01b0\u1ee3ng<\/td>\n<td>Kho\u1ea3ng 0.4 kg<\/td>\n<\/tr>\n<tr>\n<td>Ph\u01b0\u01a1ng ph\u00e1p l\u1eafp \u0111\u1eb7t<\/td>\n<td>G\u1eafn tr\u00ean thanh ray DIN ho\u1eb7c l\u1eafp \u0111\u1eb7t tr\u1ef1c ti\u1ebfp v\u00e0o b\u1ea3ng \u0111i\u1ec1u khi\u1ec3n<\/td>\n<\/tr>\n<tr>\n<td>Ch\u1ee9ng nh\u1eadn<\/td>\n<td>CE, RoHS<\/td>\n<\/tr>\n<tr>\n<td>Ng\u00f4n ng\u1eef h\u1ed7 tr\u1ee3<\/td>\n<td>Kh\u00f4ng \u00e1p d\u1ee5ng<\/td>\n<\/tr>\n<tr>\n<td>\u1ee8ng d\u1ee5ng<\/td>\n<td>K\u1ebft n\u1ed1i PLC v\u1edbi m\u1ea1ng Ethernet cho c\u00e1c \u1ee9ng d\u1ee5ng t\u1ef1 \u0111\u1ed9ng h\u00f3a v\u00e0 \u0111i\u1ec1u khi\u1ec3n c\u00f4ng nghi\u1ec7p<\/td>\n<\/tr>\n<\/tbody>\n<\/table>\n<p>Lo\u1ea1i:<br \/>\nM\u1ea1ng: ETHERNET<br \/>\n10BASE-T\/100BASE-TX<\/p>\n<div id=\"tablepress-466_wrapper\" class=\"dt-container dt-empty-footer\">\n<div class=\"dt-layout-row\"><\/div>\n<div class=\"dt-layout-row dt-layout-table\">\n<div class=\"dt-layout-cell dt-layout-full\">\n<table id=\"tablepress-466\" class=\"tablepress tablepress-id-466 dataTable\">\n<colgroup>\n<col data-dt-column=\"0\" \/>\n<col data-dt-column=\"1\" \/>\n<col data-dt-column=\"2\" \/>\n<col data-dt-column=\"3\" \/><\/colgroup>\n<thead>\n<tr class=\"row-1\">\n<th class=\"column-1 dt-orderable-none\" colspan=\"1\" rowspan=\"1\" data-dt-column=\"0\"><span class=\"dt-column-title\">M\u00e3 s\u1ea3n ph\u1ea9m<\/span><\/th>\n<th class=\"column-2 dt-orderable-none\" colspan=\"1\" rowspan=\"1\" data-dt-column=\"1\"><span class=\"dt-column-title\">Lo\u1ea1i<\/span><\/th>\n<th class=\"column-3 dt-orderable-none\" colspan=\"1\" rowspan=\"1\" data-dt-column=\"2\"><span class=\"dt-column-title\">M\u1ea1ng<\/span><\/th>\n<th class=\"column-4 dt-orderable-none\" colspan=\"1\" rowspan=\"1\" data-dt-column=\"3\"><span class=\"dt-column-title\">Ghi ch\u00fa<\/span><\/th>\n<\/tr>\n<\/thead>\n<tbody class=\"row-striping row-hover\">\n<tr class=\"row-2\">\n<td class=\"column-1\">QJ71LP21-25<\/td>\n<td class=\"column-2\">Optical (SI)<\/td>\n<td class=\"column-3\">MELSECNET\/H<\/td>\n<td class=\"column-4\">Controller or remote I\/O<\/td>\n<\/tr>\n<tr class=\"row-3\">\n<td class=\"column-1\">QJ71LP21S-25<\/td>\n<td class=\"column-2\">Optical (SI)<\/td>\n<td class=\"column-3\">MELSECNET\/H<\/td>\n<td class=\"column-4\">Controller or remote I\/O<\/td>\n<\/tr>\n<tr class=\"row-4\">\n<td class=\"column-1\">QJ72LP25-25<\/td>\n<td class=\"column-2\">Optical (SI)<\/td>\n<td class=\"column-3\">MELSECNET\/H<\/td>\n<td class=\"column-4\">Remote I\/O<\/td>\n<\/tr>\n<tr class=\"row-5\">\n<td class=\"column-1\">QJ71LP21G<\/td>\n<td class=\"column-2\">Optical (50GI)<\/td>\n<td class=\"column-3\">MELSECNET\/H<\/td>\n<td class=\"column-4\">Controller or remote I\/O<\/td>\n<\/tr>\n<tr class=\"row-6\">\n<td class=\"column-1\">QJ72LP25G<\/td>\n<td class=\"column-2\">Optical (50GI)<\/td>\n<td class=\"column-3\">MELSECNET\/H<\/td>\n<td class=\"column-4\">Remote I\/O<\/td>\n<\/tr>\n<tr class=\"row-7\">\n<td class=\"column-1\">QJ71LP21GE<\/td>\n<td class=\"column-2\">Optical (62.5GI)<\/td>\n<td class=\"column-3\">MELSECNET\/H<\/td>\n<td class=\"column-4\">Controller or remote I\/O<\/td>\n<\/tr>\n<tr class=\"row-8\">\n<td class=\"column-1\">QJ72LP25GE<\/td>\n<td class=\"column-2\">Optical (62.5GI)<\/td>\n<td class=\"column-3\">MELSECNET\/H<\/td>\n<td class=\"column-4\">Remote I\/O<\/td>\n<\/tr>\n<tr class=\"row-9\">\n<td class=\"column-1\">QJ71BR11<\/td>\n<td class=\"column-2\">Coaxial bus<\/td>\n<td class=\"column-3\">MELSECNET\/H<\/td>\n<td class=\"column-4\">Controller or remote I\/O<\/td>\n<\/tr>\n<tr class=\"row-10\">\n<td class=\"column-1\">QJ72BR15<\/td>\n<td class=\"column-2\">Coaxial bus<\/td>\n<td class=\"column-3\">MELSECNET\/H<\/td>\n<td class=\"column-4\">Remote I\/O<\/td>\n<\/tr>\n<tr class=\"row-11\">\n<td class=\"column-1\">Q80BD-J71LP21-25<\/td>\n<td class=\"column-2\">PC I\/F board<\/td>\n<td class=\"column-3\">MELSECNET\/H<\/td>\n<td class=\"column-4\">PCI bus, Optical (SI)<\/td>\n<\/tr>\n<tr class=\"row-12\">\n<td class=\"column-1\">Q80BD-J71LP21S-25<\/td>\n<td class=\"column-2\">PC I\/F board<\/td>\n<td class=\"column-3\">MELSECNET\/H<\/td>\n<td class=\"column-4\">PCI bus, Optical (SI)<\/td>\n<\/tr>\n<tr class=\"row-13\">\n<td class=\"column-1\">Q80BD-J71LP21G<\/td>\n<td class=\"column-2\">PC I\/F board<\/td>\n<td class=\"column-3\">MELSECNET\/H<\/td>\n<td class=\"column-4\">PCI bus, Optical (50GI)<\/td>\n<\/tr>\n<tr class=\"row-14\">\n<td class=\"column-1\">Q80BD-J71LP21GE<\/td>\n<td class=\"column-2\">PC I\/F board<\/td>\n<td class=\"column-3\">MELSECNET\/H<\/td>\n<td class=\"column-4\">PCI bus, Optical (62.5GI)<\/td>\n<\/tr>\n<tr class=\"row-15\">\n<td class=\"column-1\">Q80BD-J71BR11<\/td>\n<td class=\"column-2\">PC I\/F board<\/td>\n<td class=\"column-3\">MELSECNET\/H<\/td>\n<td class=\"column-4\">PCI bus, Coaxial bus<\/td>\n<\/tr>\n<tr class=\"row-16\">\n<td class=\"column-1\">QJ71E71-100<\/td>\n<td class=\"column-2\"><\/td>\n<td class=\"column-3\">ETHERNET<\/td>\n<td class=\"column-4\">10BASE-T\/100BASE-TX<\/td>\n<\/tr>\n<tr class=\"row-17\">\n<td class=\"column-1\">QJ71E71-B5<\/td>\n<td class=\"column-2\"><\/td>\n<td class=\"column-3\">ETHERNET<\/td>\n<td class=\"column-4\">10BASE5<\/td>\n<\/tr>\n<tr class=\"row-18\">\n<td class=\"column-1\">QJ71E71-B2<\/td>\n<td class=\"column-2\"><\/td>\n<td class=\"column-3\">ETHERNET<\/td>\n<td class=\"column-4\">10BASE2<\/td>\n<\/tr>\n<tr class=\"row-19\">\n<td class=\"column-1\">QJ61BT11N<\/td>\n<td class=\"column-2\"><\/td>\n<td class=\"column-3\">CC-LINK Ver.2<\/td>\n<td class=\"column-4\">Master\/Local station<\/td>\n<\/tr>\n<tr class=\"row-20\">\n<td class=\"column-1\">Q80BD-J61BT11N<\/td>\n<td class=\"column-2\">PC I\/F board<\/td>\n<td class=\"column-3\">CC-LINK Ver.2<\/td>\n<td class=\"column-4\">PCI bus, master\/local station<\/td>\n<\/tr>\n<tr class=\"row-21\">\n<td class=\"column-1\">QJ61CL12<\/td>\n<td class=\"column-2\"><\/td>\n<td class=\"column-3\">CC-LINK\/LT<\/td>\n<td class=\"column-4\">Master station<\/td>\n<\/tr>\n<tr class=\"row-22\">\n<td class=\"column-1\">QJ71C24N<\/td>\n<td class=\"column-2\"><\/td>\n<td class=\"column-3\">Serial communication<\/td>\n<td class=\"column-4\">RS-232: 1CH, RS-422\/485: 1CH<\/td>\n<\/tr>\n<tr class=\"row-23\">\n<td class=\"column-1\">QJ71C24N-R2<\/td>\n<td class=\"column-2\"><\/td>\n<td class=\"column-3\">Serial communication<\/td>\n<td class=\"column-4\">RS-232: 2CH<\/td>\n<\/tr>\n<tr class=\"row-24\">\n<td class=\"column-1\">QJ71C24N-R4<\/td>\n<td class=\"column-2\"><\/td>\n<td class=\"column-3\">Serial communication<\/td>\n<td class=\"column-4\">RS-422\/485: 2CH<\/td>\n<\/tr>\n<tr class=\"row-25\">\n<td class=\"column-1\">QD51<\/td>\n<td class=\"column-2\"><\/td>\n<td class=\"column-3\">Intelligent communication<\/td>\n<td class=\"column-4\">RS-232: 2CH<\/td>\n<\/tr>\n<tr class=\"row-26\">\n<td class=\"column-1\">QD51-R24<\/td>\n<td class=\"column-2\"><\/td>\n<td class=\"column-3\">Intelligent communication<\/td>\n<td class=\"column-4\">RS-232: 1CH<\/td>\n<\/tr>\n<tr class=\"row-27\">\n<td class=\"column-1\">QJ71FL71-T-F01<\/td>\n<td class=\"column-2\"><\/td>\n<td class=\"column-3\">FL-Net(OPCN-2) Ver.2<\/td>\n<td class=\"column-4\">10BASE-T\/100BASE-TX<\/td>\n<\/tr>\n<tr class=\"row-28\">\n<td class=\"column-1\">QJ71FL71-B5-F01<\/td>\n<td class=\"column-2\"><\/td>\n<td class=\"column-3\">FL-Net(OPCN-2) Ver.2<\/td>\n<td class=\"column-4\">10BASE5<\/td>\n<\/tr>\n<tr class=\"row-29\">\n<td class=\"column-1\">QJ71FL71-B2-F01<\/td>\n<td class=\"column-2\"><\/td>\n<td class=\"column-3\">FL-Net(OPCN-2) Ver.2<\/td>\n<td class=\"column-4\">10BASE2<\/td>\n<\/tr>\n<tr class=\"row-30\">\n<td class=\"column-1\">QJ71AS92<\/td>\n<td class=\"column-2\"><\/td>\n<td class=\"column-3\">AS-I<\/td>\n<td class=\"column-4\">Master station, Ver2.11<\/td>\n<\/tr>\n<tr class=\"row-31\">\n<td class=\"column-1\">QJ71MES96<\/td>\n<td class=\"column-2\"><\/td>\n<td class=\"column-3\">MES Interface<\/td>\n<td class=\"column-4\">10BASE-T\/100BASE-TX<\/td>\n<\/tr>\n<tr class=\"row-32\">\n<td class=\"column-1\">GT05-MEM-128MC<\/td>\n<td class=\"column-2\"><\/td>\n<td class=\"column-3\">CompactFlash card<\/td>\n<td class=\"column-4\">128MB<\/td>\n<\/tr>\n<tr class=\"row-33\">\n<td class=\"column-1\">GT05-MEM-256MC<\/td>\n<td class=\"column-2\"><\/td>\n<td class=\"column-3\">CompactFlash card<\/td>\n<td class=\"column-4\">256MB<\/td>\n<\/tr>\n<\/tbody>\n<\/table>\n<\/div>\n<p>\u0110\u1ea1i l\u00fd MITSUBISHI vietnam, MITSUBISHI viet nam, MITSUBISHI vietnam distributor, Ph\u00e2n ph\u1ed1i MITSUBISHI t\u1ea1i vi\u1ec7t nam<\/p>\n<p>\u0110\u1ea1i l\u00fd MITSUBISHI vietnam, MITSUBISHI viet nam, MITSUBISHI vietnam distributor, Ph\u00e2n ph\u1ed1i MITSUBISHI t\u1ea1i vi\u1ec7t nam<\/p>\n<p>\u0110\u1ea1i l\u00fd MITSUBISHI vietnam, MITSUBISHI viet nam, MITSUBISHI vietnam distributor, Ph\u00e2n ph\u1ed1i MITSUBISHI t\u1ea1i vi\u1ec7t nam<\/p>\n<\/div>\n<\/div>\n","protected":false},"excerpt":{"rendered":"<p>MITSUBISHI QJ71E71-100 Th\u00f4ng s\u1ed1 k\u1ef9 thu\u1eadt QJ71E71-100 M\u1ee5c Chi ti\u1ebft Lo\u1ea1i m\u00f4-\u0111un M\u00f4-\u0111un giao ti\u1ebfp Ethernet Ch\u1ee9c n\u0103ng K\u1ebft n\u1ed1i PLC v\u1edbi m\u1ea1ng Ethernet C\u1ed5ng giao ti\u1ebfp 1x Ethernet (RJ45) Giao th\u1ee9c TCP\/IP, UDP T\u1ed1c \u0111\u1ed9 truy\u1ec1n 10\/100 Mbps (Auto-Negotiation) S\u1ed1 l\u01b0\u1ee3ng k\u1ebft n\u1ed1i t\u1ed1i \u0111a 4 k\u1ebft n\u1ed1i \u0111\u1ed3ng&hellip; <\/p>\n","protected":false},"featured_media":4640,"comment_status":"open","ping_status":"closed","template":"","meta":[],"product_cat":[305],"product_tag":[158,157,159],"class_list":{"0":"post-4639","1":"product","2":"type-product","3":"status-publish","4":"has-post-thumbnail","6":"product_cat-mitsubishi","7":"product_tag-dai-ly-mitsubishi-viet-nam","8":"product_tag-mitsubishi-viet-nam","9":"product_tag-mo-dun","11":"first","12":"instock","13":"shipping-taxable","14":"product-type-simple"},"yoast_head":"<!-- This site is optimized with the Yoast SEO plugin v22.8 - https:\/\/yoast.com\/wordpress\/plugins\/seo\/ -->\n<title>MITSUBISHI QJ71E71-100 - OMANI VI\u1ec6T NAM<\/title>\n<meta name=\"description\" content=\"MITSUBISHI QJ71E71-100 Module Ethernet\" \/>\n<meta name=\"robots\" content=\"index, follow, max-snippet:-1, max-image-preview:large, max-video-preview:-1\" \/>\n<link rel=\"canonical\" href=\"https:\/\/omanivietnam.com\/index.php\/san-pham\/mitsubishi-qj71e71-100\/\" \/>\n<meta property=\"og:locale\" content=\"vi_VN\" \/>\n<meta property=\"og:type\" content=\"article\" \/>\n<meta property=\"og:title\" content=\"MITSUBISHI QJ71E71-100 - OMANI VI\u1ec6T NAM\" \/>\n<meta property=\"og:description\" content=\"MITSUBISHI QJ71E71-100 Module Ethernet\" \/>\n<meta property=\"og:url\" content=\"https:\/\/omanivietnam.com\/index.php\/san-pham\/mitsubishi-qj71e71-100\/\" \/>\n<meta property=\"og:site_name\" content=\"OMANI VI\u1ec6T NAM\" \/>\n<meta property=\"article:modified_time\" content=\"2025-12-21T07:58:40+00:00\" \/>\n<meta property=\"og:image\" content=\"https:\/\/omanivietnam.com\/wp-content\/uploads\/2025\/12\/QJ71E71-100.png\" \/>\n\t<meta property=\"og:image:width\" content=\"538\" \/>\n\t<meta property=\"og:image:height\" content=\"684\" \/>\n\t<meta property=\"og:image:type\" content=\"image\/png\" \/>\n<meta name=\"twitter:card\" content=\"summary_large_image\" \/>\n<meta name=\"twitter:label1\" content=\"\u01af\u1edbc t\u00ednh th\u1eddi gian \u0111\u1ecdc\" \/>\n\t<meta name=\"twitter:data1\" content=\"3 ph\u00fat\" \/>\n<script type=\"application\/ld+json\" class=\"yoast-schema-graph\">{\"@context\":\"https:\/\/schema.org\",\"@graph\":[{\"@type\":\"WebPage\",\"@id\":\"https:\/\/omanivietnam.com\/index.php\/san-pham\/mitsubishi-qj71e71-100\/\",\"url\":\"https:\/\/omanivietnam.com\/index.php\/san-pham\/mitsubishi-qj71e71-100\/\",\"name\":\"MITSUBISHI QJ71E71-100 - OMANI VI\u1ec6T NAM\",\"isPartOf\":{\"@id\":\"https:\/\/omanivietnam.com\/#website\"},\"primaryImageOfPage\":{\"@id\":\"https:\/\/omanivietnam.com\/index.php\/san-pham\/mitsubishi-qj71e71-100\/#primaryimage\"},\"image\":{\"@id\":\"https:\/\/omanivietnam.com\/index.php\/san-pham\/mitsubishi-qj71e71-100\/#primaryimage\"},\"thumbnailUrl\":\"https:\/\/omanivietnam.com\/wp-content\/uploads\/2025\/12\/QJ71E71-100.png\",\"datePublished\":\"2025-12-21T07:57:18+00:00\",\"dateModified\":\"2025-12-21T07:58:40+00:00\",\"description\":\"MITSUBISHI QJ71E71-100 Module Ethernet\",\"breadcrumb\":{\"@id\":\"https:\/\/omanivietnam.com\/index.php\/san-pham\/mitsubishi-qj71e71-100\/#breadcrumb\"},\"inLanguage\":\"vi\",\"potentialAction\":[{\"@type\":\"ReadAction\",\"target\":[\"https:\/\/omanivietnam.com\/index.php\/san-pham\/mitsubishi-qj71e71-100\/\"]}]},{\"@type\":\"ImageObject\",\"inLanguage\":\"vi\",\"@id\":\"https:\/\/omanivietnam.com\/index.php\/san-pham\/mitsubishi-qj71e71-100\/#primaryimage\",\"url\":\"https:\/\/omanivietnam.com\/wp-content\/uploads\/2025\/12\/QJ71E71-100.png\",\"contentUrl\":\"https:\/\/omanivietnam.com\/wp-content\/uploads\/2025\/12\/QJ71E71-100.png\",\"width\":538,\"height\":684},{\"@type\":\"BreadcrumbList\",\"@id\":\"https:\/\/omanivietnam.com\/index.php\/san-pham\/mitsubishi-qj71e71-100\/#breadcrumb\",\"itemListElement\":[{\"@type\":\"ListItem\",\"position\":1,\"name\":\"Home\",\"item\":\"https:\/\/omanivietnam.com\/\"},{\"@type\":\"ListItem\",\"position\":2,\"name\":\"S\u1ea2N PH\u1ea8M\",\"item\":\"https:\/\/omanivietnam.com\/index.php\/cua-hang\/\"},{\"@type\":\"ListItem\",\"position\":3,\"name\":\"MITSUBISHI QJ71E71-100\"}]},{\"@type\":\"WebSite\",\"@id\":\"https:\/\/omanivietnam.com\/#website\",\"url\":\"https:\/\/omanivietnam.com\/\",\"name\":\"OMANI VI\u1ec6T NAM\",\"description\":\"Nh\u00e0 ph\u00e2n ph\u1ed1i thi\u1ebft b\u1ecb kh\u00ed n\u00e9n v\u00e0 thi\u1ebft b\u1ecb t\u1ef1 \u0111\u1ed9ng h\u00f3a trong c\u00f4ng nghi\u1ec7p\",\"publisher\":{\"@id\":\"https:\/\/omanivietnam.com\/#\/schema\/person\/0ad398a980dc3fd696111c2c5c8fa897\"},\"potentialAction\":[{\"@type\":\"SearchAction\",\"target\":{\"@type\":\"EntryPoint\",\"urlTemplate\":\"https:\/\/omanivietnam.com\/?s={search_term_string}\"},\"query-input\":\"required name=search_term_string\"}],\"inLanguage\":\"vi\"},{\"@type\":[\"Person\",\"Organization\"],\"@id\":\"https:\/\/omanivietnam.com\/#\/schema\/person\/0ad398a980dc3fd696111c2c5c8fa897\",\"name\":\"Nguy\u1ec5n V\u0103n Kh\u00e1nh\",\"image\":{\"@type\":\"ImageObject\",\"inLanguage\":\"vi\",\"@id\":\"https:\/\/omanivietnam.com\/#\/schema\/person\/image\/\",\"url\":\"https:\/\/omanivietnam.com\/wp-content\/uploads\/2024\/06\/logo-1024x1024.png\",\"contentUrl\":\"https:\/\/omanivietnam.com\/wp-content\/uploads\/2024\/06\/logo-1024x1024.png\",\"width\":1024,\"height\":1024,\"caption\":\"Nguy\u1ec5n V\u0103n Kh\u00e1nh\"},\"logo\":{\"@id\":\"https:\/\/omanivietnam.com\/#\/schema\/person\/image\/\"},\"sameAs\":[\"https:\/\/omanivietnam.com\"]}]}<\/script>\n<!-- \/ Yoast SEO plugin. -->","yoast_head_json":{"title":"MITSUBISHI QJ71E71-100 - OMANI VI\u1ec6T NAM","description":"MITSUBISHI QJ71E71-100 Module Ethernet","robots":{"index":"index","follow":"follow","max-snippet":"max-snippet:-1","max-image-preview":"max-image-preview:large","max-video-preview":"max-video-preview:-1"},"canonical":"https:\/\/omanivietnam.com\/index.php\/san-pham\/mitsubishi-qj71e71-100\/","og_locale":"vi_VN","og_type":"article","og_title":"MITSUBISHI QJ71E71-100 - OMANI VI\u1ec6T NAM","og_description":"MITSUBISHI QJ71E71-100 Module Ethernet","og_url":"https:\/\/omanivietnam.com\/index.php\/san-pham\/mitsubishi-qj71e71-100\/","og_site_name":"OMANI VI\u1ec6T NAM","article_modified_time":"2025-12-21T07:58:40+00:00","og_image":[{"width":538,"height":684,"url":"https:\/\/omanivietnam.com\/wp-content\/uploads\/2025\/12\/QJ71E71-100.png","type":"image\/png"}],"twitter_card":"summary_large_image","twitter_misc":{"\u01af\u1edbc t\u00ednh th\u1eddi gian \u0111\u1ecdc":"3 ph\u00fat"},"schema":{"@context":"https:\/\/schema.org","@graph":[{"@type":"WebPage","@id":"https:\/\/omanivietnam.com\/index.php\/san-pham\/mitsubishi-qj71e71-100\/","url":"https:\/\/omanivietnam.com\/index.php\/san-pham\/mitsubishi-qj71e71-100\/","name":"MITSUBISHI QJ71E71-100 - OMANI VI\u1ec6T NAM","isPartOf":{"@id":"https:\/\/omanivietnam.com\/#website"},"primaryImageOfPage":{"@id":"https:\/\/omanivietnam.com\/index.php\/san-pham\/mitsubishi-qj71e71-100\/#primaryimage"},"image":{"@id":"https:\/\/omanivietnam.com\/index.php\/san-pham\/mitsubishi-qj71e71-100\/#primaryimage"},"thumbnailUrl":"https:\/\/omanivietnam.com\/wp-content\/uploads\/2025\/12\/QJ71E71-100.png","datePublished":"2025-12-21T07:57:18+00:00","dateModified":"2025-12-21T07:58:40+00:00","description":"MITSUBISHI QJ71E71-100 Module Ethernet","breadcrumb":{"@id":"https:\/\/omanivietnam.com\/index.php\/san-pham\/mitsubishi-qj71e71-100\/#breadcrumb"},"inLanguage":"vi","potentialAction":[{"@type":"ReadAction","target":["https:\/\/omanivietnam.com\/index.php\/san-pham\/mitsubishi-qj71e71-100\/"]}]},{"@type":"ImageObject","inLanguage":"vi","@id":"https:\/\/omanivietnam.com\/index.php\/san-pham\/mitsubishi-qj71e71-100\/#primaryimage","url":"https:\/\/omanivietnam.com\/wp-content\/uploads\/2025\/12\/QJ71E71-100.png","contentUrl":"https:\/\/omanivietnam.com\/wp-content\/uploads\/2025\/12\/QJ71E71-100.png","width":538,"height":684},{"@type":"BreadcrumbList","@id":"https:\/\/omanivietnam.com\/index.php\/san-pham\/mitsubishi-qj71e71-100\/#breadcrumb","itemListElement":[{"@type":"ListItem","position":1,"name":"Home","item":"https:\/\/omanivietnam.com\/"},{"@type":"ListItem","position":2,"name":"S\u1ea2N PH\u1ea8M","item":"https:\/\/omanivietnam.com\/index.php\/cua-hang\/"},{"@type":"ListItem","position":3,"name":"MITSUBISHI QJ71E71-100"}]},{"@type":"WebSite","@id":"https:\/\/omanivietnam.com\/#website","url":"https:\/\/omanivietnam.com\/","name":"OMANI VI\u1ec6T NAM","description":"Nh\u00e0 ph\u00e2n ph\u1ed1i thi\u1ebft b\u1ecb kh\u00ed n\u00e9n v\u00e0 thi\u1ebft b\u1ecb t\u1ef1 \u0111\u1ed9ng h\u00f3a trong c\u00f4ng nghi\u1ec7p","publisher":{"@id":"https:\/\/omanivietnam.com\/#\/schema\/person\/0ad398a980dc3fd696111c2c5c8fa897"},"potentialAction":[{"@type":"SearchAction","target":{"@type":"EntryPoint","urlTemplate":"https:\/\/omanivietnam.com\/?s={search_term_string}"},"query-input":"required name=search_term_string"}],"inLanguage":"vi"},{"@type":["Person","Organization"],"@id":"https:\/\/omanivietnam.com\/#\/schema\/person\/0ad398a980dc3fd696111c2c5c8fa897","name":"Nguy\u1ec5n V\u0103n Kh\u00e1nh","image":{"@type":"ImageObject","inLanguage":"vi","@id":"https:\/\/omanivietnam.com\/#\/schema\/person\/image\/","url":"https:\/\/omanivietnam.com\/wp-content\/uploads\/2024\/06\/logo-1024x1024.png","contentUrl":"https:\/\/omanivietnam.com\/wp-content\/uploads\/2024\/06\/logo-1024x1024.png","width":1024,"height":1024,"caption":"Nguy\u1ec5n V\u0103n Kh\u00e1nh"},"logo":{"@id":"https:\/\/omanivietnam.com\/#\/schema\/person\/image\/"},"sameAs":["https:\/\/omanivietnam.com"]}]}},"_links":{"self":[{"href":"https:\/\/omanivietnam.com\/index.php\/wp-json\/wp\/v2\/product\/4639","targetHints":{"allow":["GET"]}}],"collection":[{"href":"https:\/\/omanivietnam.com\/index.php\/wp-json\/wp\/v2\/product"}],"about":[{"href":"https:\/\/omanivietnam.com\/index.php\/wp-json\/wp\/v2\/types\/product"}],"replies":[{"embeddable":true,"href":"https:\/\/omanivietnam.com\/index.php\/wp-json\/wp\/v2\/comments?post=4639"}],"wp:featuredmedia":[{"embeddable":true,"href":"https:\/\/omanivietnam.com\/index.php\/wp-json\/wp\/v2\/media\/4640"}],"wp:attachment":[{"href":"https:\/\/omanivietnam.com\/index.php\/wp-json\/wp\/v2\/media?parent=4639"}],"wp:term":[{"taxonomy":"product_cat","embeddable":true,"href":"https:\/\/omanivietnam.com\/index.php\/wp-json\/wp\/v2\/product_cat?post=4639"},{"taxonomy":"product_tag","embeddable":true,"href":"https:\/\/omanivietnam.com\/index.php\/wp-json\/wp\/v2\/product_tag?post=4639"}],"curies":[{"name":"wp","href":"https:\/\/api.w.org\/{rel}","templated":true}]}}