{"id":4646,"date":"2025-12-21T16:10:29","date_gmt":"2025-12-21T09:10:29","guid":{"rendered":"https:\/\/omanivietnam.com\/?post_type=product&#038;p=4646"},"modified":"2025-12-21T16:12:53","modified_gmt":"2025-12-21T09:12:53","slug":"stnc-tg2521-08","status":"publish","type":"product","link":"https:\/\/omanivietnam.com\/index.php\/san-pham\/stnc-tg2521-08\/","title":{"rendered":"STNC TG2521-08"},"content":{"rendered":"<p>STNC TG2521-08 DC24V<\/p>\n<p>STNC TG2521-08 AC220V<\/p>\n<p>Van \u0111i\u1ec7n t\u1eeb TG2521-08 l\u00e0 lo\u1ea1i van k\u00edch ho\u1ea1t b\u1eb1ng \u0111i\u1ec7n, g\u1ed3m c\u00f3 1 \u0111\u1ea7u \u0111i\u1ec7n, 5 c\u1eeda v\u00e0 2 v\u1ecb tr\u00ed. 2 c\u1eeda n\u1eb1m ph\u00eda tr\u00ean v\u00e0 3 c\u1eeda n\u1eb1m ph\u00eda d\u01b0\u1edbi. M\u1eb7t tr\u00ean c\u1ee7a chi\u1ebfc van g\u1ed3m 2 c\u1eeda l\u00e0 2 c\u1eeda (Out), kh\u00ed tho\u00e1t ra ngo\u00e0i qua 2 c\u1eeda n\u00e0y \u0111\u1ebfn k\u00edch ho\u1ea1t xy lanh ho\u1ea1t \u0111\u1ed9ng. V\u1edbi k\u1ebft c\u1ea5u v\u00f4 c\u00f9ng \u0111\u01a1n gi\u1ea3n 1 \u0111\u1ea7u \u0111i\u1ec7n v\u00e0 1 th\u00e2n van. TG 2521-08 th\u1ef1c hi\u1ec7n \u0111\u1ea7y \u0111\u1ee7 c\u00e1c ch\u1ee9c n\u0103ng \u0111\u00f3ng m\u1edf \u0111i\u1ec1u khi\u1ec3n, cung c\u1ea5p kh\u00ed n\u00e9n cho c\u00e1c lo\u1ea1i xi lanh, b\u1ed9 l\u1ecdc ho\u1ea1t \u0111\u1ed9ng \u1ed5n \u0111\u1ecbnh v\u00e0 n\u0103ng su\u1ea5t.<\/p>\n<p>\u0110\u1ea7u \u0111i\u1ec7n c\u00f3 v\u1ecf b\u1ecdc b\u1eb1ng nh\u1ef1a t\u1ed1t, l\u00f5i l\u00e0 cu\u1ed9n d\u00e2y \u0111\u1ed3ng. Ch\u1ee9c n\u0103ng c\u1ee7a n\u00f3 l\u00e0 s\u1ea3n sinh ra t\u1eeb tr\u01b0\u1eddng m\u1ed9t c\u00e1ch nhanh ch\u00f3ng \u0111\u1ec3 cung c\u1ea5p cho van. Th\u00e2n van \u0111\u01b0\u1ee3c b\u1ed1 tr\u00ed 5 c\u1eeda van: c\u1eeda kh\u00ed v\u00e0o, c\u1eeda x\u1ea3, c\u1eeda kh\u00ed l\u00e0m vi\u1ec7c v\u00e0 2 v\u1ecb tr\u00ed thanh tr\u01b0\u1ee3t. Khi c\u00f3 l\u1ef1c t\u1eeb tr\u01b0\u1eddng \u0111\u01b0\u1ee3c truy\u1ec1n \u0111\u1ebfn th\u00e2n van qua tr\u1ee5c s\u1ebd t\u00e1c \u0111\u1ed9ng l\u00e0m c\u1eeda van chuy\u1ec3n tr\u1ea1ng th\u00e1i ho\u1ea1t \u0111\u1ed9ng. Khi ng\u1eaft \u0111i\u1ec7n, van tr\u1edf v\u1ec1 tr\u1ea1ng th\u00e1i ban \u0111\u1ea7u ch\u1ec9 trong v\u00f2ng t\u01b0 2-4s.<\/p>\n<h3><strong>Th\u00f4ng S\u1ed1 K\u1ef9 Thu\u1eadt\u00a0STNC TG2521-08<\/strong><\/h3>\n<ul>\n<li>Model: TG2521-08<\/li>\n<li>Th\u01b0\u01a1ng hi\u1ec7u: STNC<\/li>\n<li>L\u01b0u ch\u1ea5t: Kh\u00ed<\/li>\n<li>Pipe size: G1\/4<\/li>\n<li>Norminal Diameter: 8mm<\/li>\n<li>Lo\u1ea1i van: 5 port 2 position<\/li>\n<li>\u00c1p su\u1ea5t ho\u1ea1t \u0111\u1ed9ng: 0.15~0.8 MPa<\/li>\n<li>Nhi\u1ec7t \u0111\u1ed9 ho\u1ea1t \u0111\u1ed9ng:\u00a0-5\u00b0C ~ 60 \u00b0C<\/li>\n<li>Tr\u1ecdng l\u01b0\u1ee3ng: 230g<\/li>\n<\/ul>\n<h3><strong>\u1ee8ng D\u1ee5ng C\u1ee7a\u00a0Van \u0110i\u1ec7n T\u1eeb Kh\u00ed \u00a0N\u00e9n STNC TG2521-08<\/strong><\/h3>\n<ul>\n<li>\u1ee8ng d\u1ee5ng c\u1ee7a\u00a0TG 2521-08 r\u1ea5t phong ph\u00fa. N\u00f3 xu\u1ea5t hi\u1ec7n h\u1ea7u h\u1ebft trong c\u00e1c h\u1ec7 th\u1ed1ng kh\u00ed n\u00e9n c\u1ee7a nh\u00e0 m\u00e1y c\u00f4ng nghi\u1ec7p:<\/li>\n<li>Khai th\u00e1c kho\u00e1ng s\u1ea3n, luy\u1ec7n kim, c\u01a1 kh\u00ed ch\u1ebf t\u1ea1o, s\u1ea3n xu\u1ea5t \u00f4 t\u00f4, l\u1eafp r\u00e1p \u0111i\u1ec7n t\u1eed, h\u00f3a ch\u1ea5t, xi m\u0103ng, ph\u00e2n b\u00f3n\u2026<\/li>\n<li>D\u01b0\u1ee3c ph\u1ea9m, ch\u1ebf bi\u1ebfn n\u00f4ng l\u00e2m s\u1ea3n, \u0111\u00f3ng g\u00f3i th\u00e0nh ph\u1ea9m, s\u1ea3n xu\u1ea5t n\u01b0\u1edbc gi\u1ea3i kh\u00e1t, thi\u1ebft b\u1ecb y t\u1ebf, d\u1ec7t may\u2026<\/li>\n<\/ul>\n<h2>Th\u00f4ng s\u1ed1 k\u1ef9 thu\u1eadt v\u00e0 t\u00ednh n\u0103ng c\u1ee7a van \u0111i\u1ec7n t\u1eeb kh\u00ed n\u00e9n STNC TG2521-08 (Ren 13, van solenoid 5\/2)<\/h2>\n<p><strong>Van \u0111i\u1ec7n t\u1eeb kh\u00ed n\u00e9n\u00a0<\/strong>STNC TG2521\u00a0l\u00e0 lo\u1ea1i van h\u01a1i c\u00f3 5 c\u1ed5ng 2 v\u1ecb tr\u00ed (5\/2) v\u00e0 1 \u0111\u1ea7u coil \u0111i\u1ec7n, th\u01b0\u1eddng \u0111\u01b0\u1ee3c d\u00f9ng \u0111\u1ec3 \u0111i\u1ec1u khi\u1ec3n v\u00e0 ph\u00e2n ph\u1ed1i kh\u00ed gi\u00fap xi lanh kh\u00ed n\u00e9n (ben h\u01a1i) ho\u1ea1t \u0111\u1ed9ng.<\/p>\n<p class=\"fr-tag\">K\u00edch th\u01b0\u1edbc c\u1ed5ng: 1\/4\u2033 (ren 13mm).<\/p>\n<p class=\"fr-tag\">\u00c1p su\u1ea5t ho\u1ea1t \u0111\u1ed9ng:\u00a0<span class=\"fontArticleDesc\">0.2 \u2013 0.8<\/span>\u00a0MPa.<\/p>\n<p class=\"fr-tag\">Lo\u1ea1i van 5 c\u1eeda 2 v\u1ecb tr\u00ed. (1 \u0110\u1ea7u Coil \u0110i\u1ec7n)<\/p>\n<p class=\"fr-tag\">Nhi\u1ec7t \u0111\u1ed9 ho\u1ea1t \u0111\u1ed9ng: -5~60<sup>o<\/sup>C.<\/p>\n<p class=\"fr-tag\">H\u00e3ng s\u1ea3n xu\u1ea5t: STNC (Trung Qu\u1ed1c)<\/p>\n<p class=\"fr-tag\">D\u00f2ng series TG25 c\u00f3 c\u00e1c lo\u1ea1i nh\u01b0 sau:<\/p>\n<p>TG2511\u00a0l\u00e0 lo\u1ea1i van h\u01a1i 5\/2 c\u00f3 1 \u0111\u1ea7u coil \u0111i\u1ec7n (Ren 9,6mm)<\/p>\n<p>TG2512\u00a0l\u00e0 lo\u1ea1i van h\u01a1i 5\/2 c\u00f3 2 \u0111\u1ea7u coil \u0111i\u1ec7n (Ren 9,6mm)<\/p>\n<p>TG2521\u00a0l\u00e0 lo\u1ea1i van h\u01a1i 5\/2 c\u00f3 1 \u0111\u1ea7u coil \u0111i\u1ec7n (Ren 13mm)<\/p>\n<p>TG2522\u00a0l\u00e0 lo\u1ea1i van h\u01a1i 5\/2 c\u00f3 2 \u0111\u1ea7u coil \u0111i\u1ec7n (Ren 13mm)<\/p>\n<p>TG2531\u00a0l\u00e0 lo\u1ea1i van h\u01a1i 5\/2 c\u00f3 1 \u0111\u1ea7u coil \u0111i\u1ec7n (Ren 17mm)<\/p>\n<div>TG2532\u00a0l\u00e0 lo\u1ea1i van h\u01a1i 5\/2 c\u00f3 2 \u0111\u1ea7u coil \u0111i\u1ec7n (Ren 17mm)<\/div>\n<div>TG2541\u00a0l\u00e0 lo\u1ea1i van h\u01a1i 5\/2 c\u00f3 1 \u0111\u1ea7u coil \u0111i\u1ec7n (Ren 21mm)<\/div>\n<p>TG2542\u00a0l\u00e0 lo\u1ea1i van h\u01a1i 5\/2 c\u00f3 2 \u0111\u1ea7u coil \u0111i\u1ec7n (Ren 21mm)<\/p>\n<p>\u0110\u1ea1i l\u00fd STNC vietnam, STNC viet nam, STNC vietnam distributor, Ph\u00e2n ph\u1ed1i STNC t\u1ea1i vi\u1ec7t nam<\/p>\n<p>\u0110\u1ea1i l\u00fd STNC vietnam, STNC viet nam, STNC vietnam distributor, Ph\u00e2n ph\u1ed1i STNC t\u1ea1i vi\u1ec7t nam<\/p>\n<p>\u0110\u1ea1i l\u00fd STNC vietnam, STNC viet nam, STNC vietnam distributor, Ph\u00e2n ph\u1ed1i STNC t\u1ea1i vi\u1ec7t nam<\/p>\n","protected":false},"excerpt":{"rendered":"<p>STNC TG2521-08 DC24V STNC TG2521-08 AC220V Van \u0111i\u1ec7n t\u1eeb TG2521-08 l\u00e0 lo\u1ea1i van k\u00edch ho\u1ea1t b\u1eb1ng \u0111i\u1ec7n, g\u1ed3m c\u00f3 1 \u0111\u1ea7u \u0111i\u1ec7n, 5 c\u1eeda v\u00e0 2 v\u1ecb tr\u00ed. 2 c\u1eeda n\u1eb1m ph\u00eda tr\u00ean v\u00e0 3 c\u1eeda n\u1eb1m ph\u00eda d\u01b0\u1edbi. M\u1eb7t tr\u00ean c\u1ee7a chi\u1ebfc van g\u1ed3m 2 c\u1eeda l\u00e0 2 c\u1eeda&hellip; <\/p>\n","protected":false},"featured_media":4647,"comment_status":"open","ping_status":"closed","template":"","meta":[],"product_cat":[369],"product_tag":[371,370,690],"class_list":{"0":"post-4646","1":"product","2":"type-product","3":"status-publish","4":"has-post-thumbnail","6":"product_cat-stnc","7":"product_tag-dai-ly-stnc-viet-nam","8":"product_tag-stnc-viet-nam","9":"product_tag-van-dien-tu","11":"first","12":"instock","13":"shipping-taxable","14":"product-type-simple"},"yoast_head":"<!-- This site is optimized with the Yoast SEO plugin v22.8 - https:\/\/yoast.com\/wordpress\/plugins\/seo\/ -->\n<title>STNC TG2521-08 - OMANI VI\u1ec6T NAM<\/title>\n<meta name=\"description\" content=\"STNC TG2521-08 solenoid Valve\" \/>\n<meta name=\"robots\" content=\"index, follow, max-snippet:-1, max-image-preview:large, max-video-preview:-1\" \/>\n<link rel=\"canonical\" href=\"https:\/\/omanivietnam.com\/index.php\/san-pham\/stnc-tg2521-08\/\" \/>\n<meta property=\"og:locale\" content=\"vi_VN\" \/>\n<meta property=\"og:type\" content=\"article\" \/>\n<meta property=\"og:title\" content=\"STNC TG2521-08 - OMANI VI\u1ec6T NAM\" \/>\n<meta property=\"og:description\" content=\"STNC TG2521-08 solenoid Valve\" \/>\n<meta property=\"og:url\" content=\"https:\/\/omanivietnam.com\/index.php\/san-pham\/stnc-tg2521-08\/\" \/>\n<meta property=\"og:site_name\" content=\"OMANI VI\u1ec6T NAM\" \/>\n<meta property=\"article:modified_time\" content=\"2025-12-21T09:12:53+00:00\" \/>\n<meta property=\"og:image\" content=\"https:\/\/omanivietnam.com\/wp-content\/uploads\/2025\/12\/TG2521-08.png\" \/>\n\t<meta property=\"og:image:width\" content=\"786\" \/>\n\t<meta property=\"og:image:height\" content=\"511\" \/>\n\t<meta property=\"og:image:type\" content=\"image\/png\" \/>\n<meta name=\"twitter:card\" content=\"summary_large_image\" \/>\n<meta name=\"twitter:label1\" content=\"\u01af\u1edbc t\u00ednh th\u1eddi gian \u0111\u1ecdc\" \/>\n\t<meta name=\"twitter:data1\" content=\"4 ph\u00fat\" \/>\n<script type=\"application\/ld+json\" class=\"yoast-schema-graph\">{\"@context\":\"https:\/\/schema.org\",\"@graph\":[{\"@type\":\"WebPage\",\"@id\":\"https:\/\/omanivietnam.com\/index.php\/san-pham\/stnc-tg2521-08\/\",\"url\":\"https:\/\/omanivietnam.com\/index.php\/san-pham\/stnc-tg2521-08\/\",\"name\":\"STNC TG2521-08 - OMANI VI\u1ec6T NAM\",\"isPartOf\":{\"@id\":\"https:\/\/omanivietnam.com\/#website\"},\"primaryImageOfPage\":{\"@id\":\"https:\/\/omanivietnam.com\/index.php\/san-pham\/stnc-tg2521-08\/#primaryimage\"},\"image\":{\"@id\":\"https:\/\/omanivietnam.com\/index.php\/san-pham\/stnc-tg2521-08\/#primaryimage\"},\"thumbnailUrl\":\"https:\/\/omanivietnam.com\/wp-content\/uploads\/2025\/12\/TG2521-08.png\",\"datePublished\":\"2025-12-21T09:10:29+00:00\",\"dateModified\":\"2025-12-21T09:12:53+00:00\",\"description\":\"STNC TG2521-08 solenoid Valve\",\"breadcrumb\":{\"@id\":\"https:\/\/omanivietnam.com\/index.php\/san-pham\/stnc-tg2521-08\/#breadcrumb\"},\"inLanguage\":\"vi\",\"potentialAction\":[{\"@type\":\"ReadAction\",\"target\":[\"https:\/\/omanivietnam.com\/index.php\/san-pham\/stnc-tg2521-08\/\"]}]},{\"@type\":\"ImageObject\",\"inLanguage\":\"vi\",\"@id\":\"https:\/\/omanivietnam.com\/index.php\/san-pham\/stnc-tg2521-08\/#primaryimage\",\"url\":\"https:\/\/omanivietnam.com\/wp-content\/uploads\/2025\/12\/TG2521-08.png\",\"contentUrl\":\"https:\/\/omanivietnam.com\/wp-content\/uploads\/2025\/12\/TG2521-08.png\",\"width\":786,\"height\":511},{\"@type\":\"BreadcrumbList\",\"@id\":\"https:\/\/omanivietnam.com\/index.php\/san-pham\/stnc-tg2521-08\/#breadcrumb\",\"itemListElement\":[{\"@type\":\"ListItem\",\"position\":1,\"name\":\"Home\",\"item\":\"https:\/\/omanivietnam.com\/\"},{\"@type\":\"ListItem\",\"position\":2,\"name\":\"S\u1ea2N PH\u1ea8M\",\"item\":\"https:\/\/omanivietnam.com\/index.php\/cua-hang\/\"},{\"@type\":\"ListItem\",\"position\":3,\"name\":\"STNC TG2521-08\"}]},{\"@type\":\"WebSite\",\"@id\":\"https:\/\/omanivietnam.com\/#website\",\"url\":\"https:\/\/omanivietnam.com\/\",\"name\":\"OMANI VI\u1ec6T NAM\",\"description\":\"Nh\u00e0 ph\u00e2n ph\u1ed1i thi\u1ebft b\u1ecb kh\u00ed n\u00e9n v\u00e0 thi\u1ebft b\u1ecb t\u1ef1 \u0111\u1ed9ng h\u00f3a trong c\u00f4ng nghi\u1ec7p\",\"publisher\":{\"@id\":\"https:\/\/omanivietnam.com\/#\/schema\/person\/0ad398a980dc3fd696111c2c5c8fa897\"},\"potentialAction\":[{\"@type\":\"SearchAction\",\"target\":{\"@type\":\"EntryPoint\",\"urlTemplate\":\"https:\/\/omanivietnam.com\/?s={search_term_string}\"},\"query-input\":\"required name=search_term_string\"}],\"inLanguage\":\"vi\"},{\"@type\":[\"Person\",\"Organization\"],\"@id\":\"https:\/\/omanivietnam.com\/#\/schema\/person\/0ad398a980dc3fd696111c2c5c8fa897\",\"name\":\"Nguy\u1ec5n V\u0103n Kh\u00e1nh\",\"image\":{\"@type\":\"ImageObject\",\"inLanguage\":\"vi\",\"@id\":\"https:\/\/omanivietnam.com\/#\/schema\/person\/image\/\",\"url\":\"https:\/\/omanivietnam.com\/wp-content\/uploads\/2024\/06\/logo-1024x1024.png\",\"contentUrl\":\"https:\/\/omanivietnam.com\/wp-content\/uploads\/2024\/06\/logo-1024x1024.png\",\"width\":1024,\"height\":1024,\"caption\":\"Nguy\u1ec5n V\u0103n Kh\u00e1nh\"},\"logo\":{\"@id\":\"https:\/\/omanivietnam.com\/#\/schema\/person\/image\/\"},\"sameAs\":[\"https:\/\/omanivietnam.com\"]}]}<\/script>\n<!-- \/ Yoast SEO plugin. -->","yoast_head_json":{"title":"STNC TG2521-08 - OMANI VI\u1ec6T NAM","description":"STNC TG2521-08 solenoid Valve","robots":{"index":"index","follow":"follow","max-snippet":"max-snippet:-1","max-image-preview":"max-image-preview:large","max-video-preview":"max-video-preview:-1"},"canonical":"https:\/\/omanivietnam.com\/index.php\/san-pham\/stnc-tg2521-08\/","og_locale":"vi_VN","og_type":"article","og_title":"STNC TG2521-08 - OMANI VI\u1ec6T NAM","og_description":"STNC TG2521-08 solenoid Valve","og_url":"https:\/\/omanivietnam.com\/index.php\/san-pham\/stnc-tg2521-08\/","og_site_name":"OMANI VI\u1ec6T NAM","article_modified_time":"2025-12-21T09:12:53+00:00","og_image":[{"width":786,"height":511,"url":"https:\/\/omanivietnam.com\/wp-content\/uploads\/2025\/12\/TG2521-08.png","type":"image\/png"}],"twitter_card":"summary_large_image","twitter_misc":{"\u01af\u1edbc t\u00ednh th\u1eddi gian \u0111\u1ecdc":"4 ph\u00fat"},"schema":{"@context":"https:\/\/schema.org","@graph":[{"@type":"WebPage","@id":"https:\/\/omanivietnam.com\/index.php\/san-pham\/stnc-tg2521-08\/","url":"https:\/\/omanivietnam.com\/index.php\/san-pham\/stnc-tg2521-08\/","name":"STNC TG2521-08 - OMANI VI\u1ec6T NAM","isPartOf":{"@id":"https:\/\/omanivietnam.com\/#website"},"primaryImageOfPage":{"@id":"https:\/\/omanivietnam.com\/index.php\/san-pham\/stnc-tg2521-08\/#primaryimage"},"image":{"@id":"https:\/\/omanivietnam.com\/index.php\/san-pham\/stnc-tg2521-08\/#primaryimage"},"thumbnailUrl":"https:\/\/omanivietnam.com\/wp-content\/uploads\/2025\/12\/TG2521-08.png","datePublished":"2025-12-21T09:10:29+00:00","dateModified":"2025-12-21T09:12:53+00:00","description":"STNC TG2521-08 solenoid Valve","breadcrumb":{"@id":"https:\/\/omanivietnam.com\/index.php\/san-pham\/stnc-tg2521-08\/#breadcrumb"},"inLanguage":"vi","potentialAction":[{"@type":"ReadAction","target":["https:\/\/omanivietnam.com\/index.php\/san-pham\/stnc-tg2521-08\/"]}]},{"@type":"ImageObject","inLanguage":"vi","@id":"https:\/\/omanivietnam.com\/index.php\/san-pham\/stnc-tg2521-08\/#primaryimage","url":"https:\/\/omanivietnam.com\/wp-content\/uploads\/2025\/12\/TG2521-08.png","contentUrl":"https:\/\/omanivietnam.com\/wp-content\/uploads\/2025\/12\/TG2521-08.png","width":786,"height":511},{"@type":"BreadcrumbList","@id":"https:\/\/omanivietnam.com\/index.php\/san-pham\/stnc-tg2521-08\/#breadcrumb","itemListElement":[{"@type":"ListItem","position":1,"name":"Home","item":"https:\/\/omanivietnam.com\/"},{"@type":"ListItem","position":2,"name":"S\u1ea2N PH\u1ea8M","item":"https:\/\/omanivietnam.com\/index.php\/cua-hang\/"},{"@type":"ListItem","position":3,"name":"STNC TG2521-08"}]},{"@type":"WebSite","@id":"https:\/\/omanivietnam.com\/#website","url":"https:\/\/omanivietnam.com\/","name":"OMANI VI\u1ec6T NAM","description":"Nh\u00e0 ph\u00e2n ph\u1ed1i thi\u1ebft b\u1ecb kh\u00ed n\u00e9n v\u00e0 thi\u1ebft b\u1ecb t\u1ef1 \u0111\u1ed9ng h\u00f3a trong c\u00f4ng nghi\u1ec7p","publisher":{"@id":"https:\/\/omanivietnam.com\/#\/schema\/person\/0ad398a980dc3fd696111c2c5c8fa897"},"potentialAction":[{"@type":"SearchAction","target":{"@type":"EntryPoint","urlTemplate":"https:\/\/omanivietnam.com\/?s={search_term_string}"},"query-input":"required name=search_term_string"}],"inLanguage":"vi"},{"@type":["Person","Organization"],"@id":"https:\/\/omanivietnam.com\/#\/schema\/person\/0ad398a980dc3fd696111c2c5c8fa897","name":"Nguy\u1ec5n V\u0103n Kh\u00e1nh","image":{"@type":"ImageObject","inLanguage":"vi","@id":"https:\/\/omanivietnam.com\/#\/schema\/person\/image\/","url":"https:\/\/omanivietnam.com\/wp-content\/uploads\/2024\/06\/logo-1024x1024.png","contentUrl":"https:\/\/omanivietnam.com\/wp-content\/uploads\/2024\/06\/logo-1024x1024.png","width":1024,"height":1024,"caption":"Nguy\u1ec5n V\u0103n Kh\u00e1nh"},"logo":{"@id":"https:\/\/omanivietnam.com\/#\/schema\/person\/image\/"},"sameAs":["https:\/\/omanivietnam.com"]}]}},"_links":{"self":[{"href":"https:\/\/omanivietnam.com\/index.php\/wp-json\/wp\/v2\/product\/4646","targetHints":{"allow":["GET"]}}],"collection":[{"href":"https:\/\/omanivietnam.com\/index.php\/wp-json\/wp\/v2\/product"}],"about":[{"href":"https:\/\/omanivietnam.com\/index.php\/wp-json\/wp\/v2\/types\/product"}],"replies":[{"embeddable":true,"href":"https:\/\/omanivietnam.com\/index.php\/wp-json\/wp\/v2\/comments?post=4646"}],"wp:featuredmedia":[{"embeddable":true,"href":"https:\/\/omanivietnam.com\/index.php\/wp-json\/wp\/v2\/media\/4647"}],"wp:attachment":[{"href":"https:\/\/omanivietnam.com\/index.php\/wp-json\/wp\/v2\/media?parent=4646"}],"wp:term":[{"taxonomy":"product_cat","embeddable":true,"href":"https:\/\/omanivietnam.com\/index.php\/wp-json\/wp\/v2\/product_cat?post=4646"},{"taxonomy":"product_tag","embeddable":true,"href":"https:\/\/omanivietnam.com\/index.php\/wp-json\/wp\/v2\/product_tag?post=4646"}],"curies":[{"name":"wp","href":"https:\/\/api.w.org\/{rel}","templated":true}]}}