{"id":4653,"date":"2025-12-24T22:05:27","date_gmt":"2025-12-24T15:05:27","guid":{"rendered":"https:\/\/omanivietnam.com\/?post_type=product&#038;p=4653"},"modified":"2025-12-24T22:08:37","modified_gmt":"2025-12-24T15:08:37","slug":"hbm-hlcb1c3-4-4t","status":"publish","type":"product","link":"https:\/\/omanivietnam.com\/index.php\/san-pham\/hbm-hlcb1c3-4-4t\/","title":{"rendered":"HBM HLCB1C3 4.4T"},"content":{"rendered":"<p>HBM HLCB1C3 4.4T<\/p>\n<p>HBM VKK1R-4 HBM HLC\/ZPU 4.4T<\/p>\n<p id=\"_-P9Laae2F9-Svr0P2f298AM_11\" class=\"LC20lb MBeuO DKV0Md\">C\u1ea3m bi\u1ebfn l\u1ef1c HBM load cell HLCB1C3-220\/550kg1.1\/2.2\/4.4T<\/p>\n<p>Loadcell HBM HLCB \u2013 Nh\u1eefng \u0110\u1eb7c \u0110i\u1ec3m N\u1ed5i B\u1eadt :<\/p>\n<p>\u2013 Loadcell HBM HLCB hay c\u00f2n g\u1ecdi l\u00e0 c\u1ea3m bi\u1ebfn l\u1ef1c HBM HLCB\u00a0c\u1ee7a h\u00e3ng HBM \u2013 Germany. L\u00e0 d\u00f2ng loadcell d\u1ea1ng thanh thi\u1ebft k\u1ebf d\u00e0nh cho c\u00e1c \u1ee9ng d\u1ee5ng c\u00e2n b\u00e0n, c\u00e2n s\u00e0n, c\u00e2n b\u1ed3n\u2026. Loadcell HBM HLCB\u00a0l\u00e0m b\u1eb1ng inox ch\u1ecbu t\u1ea3i l\u00ean \u0111\u1ebfn 300%, c\u00f3 \u0111\u1ed9 b\u1ec1n cao, ch\u1ecbu \u0111\u01b0\u1ee3c m\u00f4i tr\u01b0\u1eddng kh\u1eafc nghi\u1ec7t.<\/p>\n<p>\u2013 Loadcell HBM HLCB \u0111\u1ea1t ti\u00eau chu\u1ea9n c\u1ea5t l\u01b0\u1ee3ng. M\u00e0u s\u1eafc d\u00e2y : \u0110\u1ecf , \u0110en , Xanh , Tr\u1eafng, V\u00e0ng<\/p>\n<p>\u2013 \u1ee8ng d\u1ee5ng c\u00e2n b\u0103ng t\u1ea3i, c\u00e2n \u0111\u00f3ng g\u00f3i, c\u00e2n s\u00e0n , c\u00e2n b\u1ed3n, .. .<\/p>\n<ol>\n<li>Loadcell HBM HLCB\u2013 Th\u00f4ng S\u1ed1 K\u1ef7 Thu\u1eadt:<\/li>\n<\/ol>\n<table border=\"1\" width=\"698\" cellspacing=\"0\" cellpadding=\"5\">\n<tbody>\n<tr>\n<td>MODEL<\/td>\n<td><strong>HLCB1C3 4.4T<\/strong><\/td>\n<\/tr>\n<tr>\n<td>T\u1ea3i tr\u1ecdng<\/td>\n<td>4.4T<\/td>\n<\/tr>\n<tr>\n<td>\u0110i\u1ec7n tr\u1edf<\/td>\n<td>1.94mV\/V<\/td>\n<\/tr>\n<tr>\n<td>Tr\u1edf kh\u00e1ng ng\u00f5 v\u00e0o<\/td>\n<td>350\u03a9\u2026480\u03a9<\/td>\n<\/tr>\n<tr>\n<td>Tr\u1edf kh\u00e1ng ng\u00f5 ra<\/td>\n<td>350\u00a0\u00a0\u00b1 0.2\u03a9<\/td>\n<\/tr>\n<tr>\n<td>Qu\u00e1 t\u1ea3i an to\u00e0n<\/td>\n<td>150% F.S.<\/td>\n<\/tr>\n<tr>\n<td>Qu\u00e1 t\u1ea3i t\u1ed1i \u0111a<\/td>\n<td>300% F.S.<\/td>\n<\/tr>\n<tr>\n<td>D\u00e2y t\u00edn hi\u1ec7u<\/td>\n<td>L\u00f5i 6 d\u00e2y, c\u00e1p PVC<\/td>\n<\/tr>\n<tr>\n<td>\u0110i\u1ec7n \u00e1p ho\u1ea1t \u0111\u1ed9ng<\/td>\n<td>0.5 \u0111\u1ebfn 15V<\/td>\n<\/tr>\n<tr>\n<td>\u0110i\u1ec7n tr\u1edf c\u00e1ch \u0111i\u1ec7n<\/td>\n<td>\u00a0&gt;5000M\u03a9<\/td>\n<\/tr>\n<tr>\n<td>Nhi\u1ec7t \u0111\u1ed9 ho\u1ea1t \u0111\u1ed9ng<\/td>\n<td>-10\u00b0C \u2013 40\u00b0C<\/td>\n<\/tr>\n<tr>\n<td>Ti\u00eau chu\u1ea9n<\/td>\n<td>IP68<\/td>\n<\/tr>\n<tr>\n<td>D\u00e2y t\u00edn hi\u1ec7u<\/td>\n<td>~ 3m<\/td>\n<\/tr>\n<tr>\n<td>V\u1eadt li\u1ec7u<\/td>\n<td>Inox<\/td>\n<\/tr>\n<tr>\n<td>\u1ee8ng d\u1ee5ng<\/td>\n<td>C\u00e2n \u0111i\u1ec7n t\u1eed, \u1ee9ng d\u1ee5ng \u0111o l\u01b0\u1eddng, c\u00e2n b\u0103ng t\u1ea3i, c\u00e2n b\u1ed3n.<\/td>\n<\/tr>\n<\/tbody>\n<\/table>\n<p>&nbsp;<\/p>\n<p>\u0110\u1ea1i l\u00fd HBM vietnam, HBM viet nam, HBM vietnam distributor, Ph\u00e2n ph\u1ed1i HBM t\u1ea1i vi\u1ec7t nam<\/p>\n<p>\u0110\u1ea1i l\u00fd HBM vietnam, HBM viet nam, HBM vietnam distributor, Ph\u00e2n ph\u1ed1i HBM t\u1ea1i vi\u1ec7t nam<\/p>\n<p>\u0110\u1ea1i l\u00fd HBM vietnam, HBM viet nam, HBM vietnam distributor, Ph\u00e2n ph\u1ed1i HBM t\u1ea1i vi\u1ec7t nam<\/p>\n","protected":false},"excerpt":{"rendered":"<p>HBM HLCB1C3 4.4T HBM VKK1R-4 HBM HLC\/ZPU 4.4T C\u1ea3m bi\u1ebfn l\u1ef1c HBM load cell HLCB1C3-220\/550kg1.1\/2.2\/4.4T Loadcell HBM HLCB \u2013 Nh\u1eefng \u0110\u1eb7c \u0110i\u1ec3m N\u1ed5i B\u1eadt : \u2013 Loadcell HBM HLCB hay c\u00f2n g\u1ecdi l\u00e0 c\u1ea3m bi\u1ebfn l\u1ef1c HBM HLCB\u00a0c\u1ee7a h\u00e3ng HBM \u2013 Germany. L\u00e0 d\u00f2ng loadcell d\u1ea1ng thanh thi\u1ebft k\u1ebf d\u00e0nh&hellip; <\/p>\n","protected":false},"featured_media":4654,"comment_status":"open","ping_status":"closed","template":"","meta":[],"product_cat":[390],"product_tag":[650,392,391],"class_list":{"0":"post-4653","1":"product","2":"type-product","3":"status-publish","4":"has-post-thumbnail","6":"product_cat-hbm","7":"product_tag-cam-bien-luc","8":"product_tag-dai-ly-hbm-viet-nam","9":"product_tag-hbm-viet-nam","11":"first","12":"instock","13":"shipping-taxable","14":"product-type-simple"},"yoast_head":"<!-- This site is optimized with the Yoast SEO plugin v22.8 - https:\/\/yoast.com\/wordpress\/plugins\/seo\/ -->\n<title>HBM HLCB1C3 4.4T - OMANI VI\u1ec6T NAM<\/title>\n<meta name=\"description\" content=\"HBM HLCB1C3 4.4T Load Cell\" \/>\n<meta name=\"robots\" content=\"index, follow, max-snippet:-1, max-image-preview:large, max-video-preview:-1\" \/>\n<link rel=\"canonical\" href=\"https:\/\/omanivietnam.com\/index.php\/san-pham\/hbm-hlcb1c3-4-4t\/\" \/>\n<meta property=\"og:locale\" content=\"vi_VN\" \/>\n<meta property=\"og:type\" content=\"article\" \/>\n<meta property=\"og:title\" content=\"HBM HLCB1C3 4.4T - OMANI VI\u1ec6T NAM\" \/>\n<meta property=\"og:description\" content=\"HBM HLCB1C3 4.4T Load Cell\" \/>\n<meta property=\"og:url\" content=\"https:\/\/omanivietnam.com\/index.php\/san-pham\/hbm-hlcb1c3-4-4t\/\" \/>\n<meta property=\"og:site_name\" content=\"OMANI VI\u1ec6T NAM\" \/>\n<meta property=\"article:modified_time\" content=\"2025-12-24T15:08:37+00:00\" \/>\n<meta property=\"og:image\" content=\"https:\/\/omanivietnam.com\/wp-content\/uploads\/2025\/12\/HLCB1C3-4.4T.png\" \/>\n\t<meta property=\"og:image:width\" content=\"676\" \/>\n\t<meta property=\"og:image:height\" content=\"830\" \/>\n\t<meta property=\"og:image:type\" content=\"image\/png\" \/>\n<meta name=\"twitter:card\" content=\"summary_large_image\" \/>\n<meta name=\"twitter:label1\" content=\"\u01af\u1edbc t\u00ednh th\u1eddi gian \u0111\u1ecdc\" \/>\n\t<meta name=\"twitter:data1\" content=\"2 ph\u00fat\" \/>\n<script type=\"application\/ld+json\" class=\"yoast-schema-graph\">{\"@context\":\"https:\/\/schema.org\",\"@graph\":[{\"@type\":\"WebPage\",\"@id\":\"https:\/\/omanivietnam.com\/index.php\/san-pham\/hbm-hlcb1c3-4-4t\/\",\"url\":\"https:\/\/omanivietnam.com\/index.php\/san-pham\/hbm-hlcb1c3-4-4t\/\",\"name\":\"HBM HLCB1C3 4.4T - OMANI VI\u1ec6T NAM\",\"isPartOf\":{\"@id\":\"https:\/\/omanivietnam.com\/#website\"},\"primaryImageOfPage\":{\"@id\":\"https:\/\/omanivietnam.com\/index.php\/san-pham\/hbm-hlcb1c3-4-4t\/#primaryimage\"},\"image\":{\"@id\":\"https:\/\/omanivietnam.com\/index.php\/san-pham\/hbm-hlcb1c3-4-4t\/#primaryimage\"},\"thumbnailUrl\":\"https:\/\/omanivietnam.com\/wp-content\/uploads\/2025\/12\/HLCB1C3-4.4T.png\",\"datePublished\":\"2025-12-24T15:05:27+00:00\",\"dateModified\":\"2025-12-24T15:08:37+00:00\",\"description\":\"HBM HLCB1C3 4.4T Load Cell\",\"breadcrumb\":{\"@id\":\"https:\/\/omanivietnam.com\/index.php\/san-pham\/hbm-hlcb1c3-4-4t\/#breadcrumb\"},\"inLanguage\":\"vi\",\"potentialAction\":[{\"@type\":\"ReadAction\",\"target\":[\"https:\/\/omanivietnam.com\/index.php\/san-pham\/hbm-hlcb1c3-4-4t\/\"]}]},{\"@type\":\"ImageObject\",\"inLanguage\":\"vi\",\"@id\":\"https:\/\/omanivietnam.com\/index.php\/san-pham\/hbm-hlcb1c3-4-4t\/#primaryimage\",\"url\":\"https:\/\/omanivietnam.com\/wp-content\/uploads\/2025\/12\/HLCB1C3-4.4T.png\",\"contentUrl\":\"https:\/\/omanivietnam.com\/wp-content\/uploads\/2025\/12\/HLCB1C3-4.4T.png\",\"width\":676,\"height\":830},{\"@type\":\"BreadcrumbList\",\"@id\":\"https:\/\/omanivietnam.com\/index.php\/san-pham\/hbm-hlcb1c3-4-4t\/#breadcrumb\",\"itemListElement\":[{\"@type\":\"ListItem\",\"position\":1,\"name\":\"Home\",\"item\":\"https:\/\/omanivietnam.com\/\"},{\"@type\":\"ListItem\",\"position\":2,\"name\":\"S\u1ea2N PH\u1ea8M\",\"item\":\"https:\/\/omanivietnam.com\/index.php\/cua-hang\/\"},{\"@type\":\"ListItem\",\"position\":3,\"name\":\"HBM HLCB1C3 4.4T\"}]},{\"@type\":\"WebSite\",\"@id\":\"https:\/\/omanivietnam.com\/#website\",\"url\":\"https:\/\/omanivietnam.com\/\",\"name\":\"OMANI VI\u1ec6T NAM\",\"description\":\"Nh\u00e0 ph\u00e2n ph\u1ed1i thi\u1ebft b\u1ecb kh\u00ed n\u00e9n v\u00e0 thi\u1ebft b\u1ecb t\u1ef1 \u0111\u1ed9ng h\u00f3a trong c\u00f4ng nghi\u1ec7p\",\"publisher\":{\"@id\":\"https:\/\/omanivietnam.com\/#\/schema\/person\/0ad398a980dc3fd696111c2c5c8fa897\"},\"potentialAction\":[{\"@type\":\"SearchAction\",\"target\":{\"@type\":\"EntryPoint\",\"urlTemplate\":\"https:\/\/omanivietnam.com\/?s={search_term_string}\"},\"query-input\":\"required name=search_term_string\"}],\"inLanguage\":\"vi\"},{\"@type\":[\"Person\",\"Organization\"],\"@id\":\"https:\/\/omanivietnam.com\/#\/schema\/person\/0ad398a980dc3fd696111c2c5c8fa897\",\"name\":\"Nguy\u1ec5n V\u0103n Kh\u00e1nh\",\"image\":{\"@type\":\"ImageObject\",\"inLanguage\":\"vi\",\"@id\":\"https:\/\/omanivietnam.com\/#\/schema\/person\/image\/\",\"url\":\"https:\/\/omanivietnam.com\/wp-content\/uploads\/2024\/06\/logo-1024x1024.png\",\"contentUrl\":\"https:\/\/omanivietnam.com\/wp-content\/uploads\/2024\/06\/logo-1024x1024.png\",\"width\":1024,\"height\":1024,\"caption\":\"Nguy\u1ec5n V\u0103n Kh\u00e1nh\"},\"logo\":{\"@id\":\"https:\/\/omanivietnam.com\/#\/schema\/person\/image\/\"},\"sameAs\":[\"https:\/\/omanivietnam.com\"]}]}<\/script>\n<!-- \/ Yoast SEO plugin. -->","yoast_head_json":{"title":"HBM HLCB1C3 4.4T - OMANI VI\u1ec6T NAM","description":"HBM HLCB1C3 4.4T Load Cell","robots":{"index":"index","follow":"follow","max-snippet":"max-snippet:-1","max-image-preview":"max-image-preview:large","max-video-preview":"max-video-preview:-1"},"canonical":"https:\/\/omanivietnam.com\/index.php\/san-pham\/hbm-hlcb1c3-4-4t\/","og_locale":"vi_VN","og_type":"article","og_title":"HBM HLCB1C3 4.4T - OMANI VI\u1ec6T NAM","og_description":"HBM HLCB1C3 4.4T Load Cell","og_url":"https:\/\/omanivietnam.com\/index.php\/san-pham\/hbm-hlcb1c3-4-4t\/","og_site_name":"OMANI VI\u1ec6T NAM","article_modified_time":"2025-12-24T15:08:37+00:00","og_image":[{"width":676,"height":830,"url":"https:\/\/omanivietnam.com\/wp-content\/uploads\/2025\/12\/HLCB1C3-4.4T.png","type":"image\/png"}],"twitter_card":"summary_large_image","twitter_misc":{"\u01af\u1edbc t\u00ednh th\u1eddi gian \u0111\u1ecdc":"2 ph\u00fat"},"schema":{"@context":"https:\/\/schema.org","@graph":[{"@type":"WebPage","@id":"https:\/\/omanivietnam.com\/index.php\/san-pham\/hbm-hlcb1c3-4-4t\/","url":"https:\/\/omanivietnam.com\/index.php\/san-pham\/hbm-hlcb1c3-4-4t\/","name":"HBM HLCB1C3 4.4T - OMANI VI\u1ec6T NAM","isPartOf":{"@id":"https:\/\/omanivietnam.com\/#website"},"primaryImageOfPage":{"@id":"https:\/\/omanivietnam.com\/index.php\/san-pham\/hbm-hlcb1c3-4-4t\/#primaryimage"},"image":{"@id":"https:\/\/omanivietnam.com\/index.php\/san-pham\/hbm-hlcb1c3-4-4t\/#primaryimage"},"thumbnailUrl":"https:\/\/omanivietnam.com\/wp-content\/uploads\/2025\/12\/HLCB1C3-4.4T.png","datePublished":"2025-12-24T15:05:27+00:00","dateModified":"2025-12-24T15:08:37+00:00","description":"HBM HLCB1C3 4.4T Load Cell","breadcrumb":{"@id":"https:\/\/omanivietnam.com\/index.php\/san-pham\/hbm-hlcb1c3-4-4t\/#breadcrumb"},"inLanguage":"vi","potentialAction":[{"@type":"ReadAction","target":["https:\/\/omanivietnam.com\/index.php\/san-pham\/hbm-hlcb1c3-4-4t\/"]}]},{"@type":"ImageObject","inLanguage":"vi","@id":"https:\/\/omanivietnam.com\/index.php\/san-pham\/hbm-hlcb1c3-4-4t\/#primaryimage","url":"https:\/\/omanivietnam.com\/wp-content\/uploads\/2025\/12\/HLCB1C3-4.4T.png","contentUrl":"https:\/\/omanivietnam.com\/wp-content\/uploads\/2025\/12\/HLCB1C3-4.4T.png","width":676,"height":830},{"@type":"BreadcrumbList","@id":"https:\/\/omanivietnam.com\/index.php\/san-pham\/hbm-hlcb1c3-4-4t\/#breadcrumb","itemListElement":[{"@type":"ListItem","position":1,"name":"Home","item":"https:\/\/omanivietnam.com\/"},{"@type":"ListItem","position":2,"name":"S\u1ea2N PH\u1ea8M","item":"https:\/\/omanivietnam.com\/index.php\/cua-hang\/"},{"@type":"ListItem","position":3,"name":"HBM HLCB1C3 4.4T"}]},{"@type":"WebSite","@id":"https:\/\/omanivietnam.com\/#website","url":"https:\/\/omanivietnam.com\/","name":"OMANI VI\u1ec6T NAM","description":"Nh\u00e0 ph\u00e2n ph\u1ed1i thi\u1ebft b\u1ecb kh\u00ed n\u00e9n v\u00e0 thi\u1ebft b\u1ecb t\u1ef1 \u0111\u1ed9ng h\u00f3a trong c\u00f4ng nghi\u1ec7p","publisher":{"@id":"https:\/\/omanivietnam.com\/#\/schema\/person\/0ad398a980dc3fd696111c2c5c8fa897"},"potentialAction":[{"@type":"SearchAction","target":{"@type":"EntryPoint","urlTemplate":"https:\/\/omanivietnam.com\/?s={search_term_string}"},"query-input":"required name=search_term_string"}],"inLanguage":"vi"},{"@type":["Person","Organization"],"@id":"https:\/\/omanivietnam.com\/#\/schema\/person\/0ad398a980dc3fd696111c2c5c8fa897","name":"Nguy\u1ec5n V\u0103n Kh\u00e1nh","image":{"@type":"ImageObject","inLanguage":"vi","@id":"https:\/\/omanivietnam.com\/#\/schema\/person\/image\/","url":"https:\/\/omanivietnam.com\/wp-content\/uploads\/2024\/06\/logo-1024x1024.png","contentUrl":"https:\/\/omanivietnam.com\/wp-content\/uploads\/2024\/06\/logo-1024x1024.png","width":1024,"height":1024,"caption":"Nguy\u1ec5n V\u0103n Kh\u00e1nh"},"logo":{"@id":"https:\/\/omanivietnam.com\/#\/schema\/person\/image\/"},"sameAs":["https:\/\/omanivietnam.com"]}]}},"_links":{"self":[{"href":"https:\/\/omanivietnam.com\/index.php\/wp-json\/wp\/v2\/product\/4653","targetHints":{"allow":["GET"]}}],"collection":[{"href":"https:\/\/omanivietnam.com\/index.php\/wp-json\/wp\/v2\/product"}],"about":[{"href":"https:\/\/omanivietnam.com\/index.php\/wp-json\/wp\/v2\/types\/product"}],"replies":[{"embeddable":true,"href":"https:\/\/omanivietnam.com\/index.php\/wp-json\/wp\/v2\/comments?post=4653"}],"wp:featuredmedia":[{"embeddable":true,"href":"https:\/\/omanivietnam.com\/index.php\/wp-json\/wp\/v2\/media\/4654"}],"wp:attachment":[{"href":"https:\/\/omanivietnam.com\/index.php\/wp-json\/wp\/v2\/media?parent=4653"}],"wp:term":[{"taxonomy":"product_cat","embeddable":true,"href":"https:\/\/omanivietnam.com\/index.php\/wp-json\/wp\/v2\/product_cat?post=4653"},{"taxonomy":"product_tag","embeddable":true,"href":"https:\/\/omanivietnam.com\/index.php\/wp-json\/wp\/v2\/product_tag?post=4653"}],"curies":[{"name":"wp","href":"https:\/\/api.w.org\/{rel}","templated":true}]}}