{"id":4658,"date":"2025-12-26T23:31:07","date_gmt":"2025-12-26T16:31:07","guid":{"rendered":"https:\/\/omanivietnam.com\/?post_type=product&#038;p=4658"},"modified":"2025-12-26T23:32:25","modified_gmt":"2025-12-26T16:32:25","slug":"oriental-esmc-c2","status":"publish","type":"product","link":"https:\/\/omanivietnam.com\/index.php\/san-pham\/oriental-esmc-c2\/","title":{"rendered":"ORIENTAL ESMC-C2"},"content":{"rendered":"<p>ORIENTAL ESMC-C2<\/p>\n<div class=\"question d-flex justify-content-space-between\">\n<p class=\"title text-left text-bold mt-3 mb-3\">Product Information<\/p>\n<p class=\"arrow flex justify-content-end align-items-center\">Description:<\/p>\n<\/div>\n<div class=\"drawer mx-0\">\n<div class=\"drawer__content\">\n<div class=\"product-information\">\n<ul>\n<li class=\"flex\">\n<div><\/div>\n<p>ESMC-C2<\/li>\n<li class=\"flex\">\n<div><\/div>\n<p>CONTROLLER<\/li>\n<li class=\"flex\">\n<div><\/div>\n<p>LINEAR MOTION<\/li>\n<li class=\"flex\">\n<div><\/div>\n<p>SINGLE PHASE<\/li>\n<li class=\"flex\">\n<div><\/div>\n<p>EZ LIMO SERIES<\/li>\n<li class=\"flex\">\n<div><\/div>\n<p>200-230 V<\/li>\n<li class=\"flex\">\n<div><\/div>\n<p>50\/60 HZ<\/li>\n<li class=\"flex\">\n<div><\/div>\n<p>85% OR LESS AMBIENT HUMIDITY<\/li>\n<li class=\"flex\">\n<div><\/div>\n<p>ROHS COMPLIANT<\/p>\n<p>\u0110\u1ea1i l\u00fd ORIENTAL vietnam, ORIENTAL viet nam, ORIENTAL vietnam distributor, Ph\u00e2n ph\u1ed1i ORIENTAL t\u1ea1i vi\u1ec7t nam<\/p>\n<p>\u0110\u1ea1i l\u00fd ORIENTAL vietnam, ORIENTAL viet nam, ORIENTAL vietnam distributor, Ph\u00e2n ph\u1ed1i ORIENTAL t\u1ea1i vi\u1ec7t nam<\/p>\n<p>\u0110\u1ea1i l\u00fd ORIENTAL vietnam, ORIENTAL viet nam, ORIENTAL vietnam distributor, Ph\u00e2n ph\u1ed1i ORIENTAL t\u1ea1i vi\u1ec7t nam<\/li>\n<\/ul>\n<\/div>\n<\/div>\n<\/div>\n","protected":false},"excerpt":{"rendered":"<p>ORIENTAL ESMC-C2 Product Information Description: ESMC-C2 CONTROLLER LINEAR MOTION SINGLE PHASE EZ LIMO SERIES 200-230 V 50\/60 HZ 85% OR LESS AMBIENT HUMIDITY ROHS COMPLIANT \u0110\u1ea1i l\u00fd ORIENTAL vietnam, ORIENTAL viet nam, ORIENTAL vietnam distributor, Ph\u00e2n ph\u1ed1i ORIENTAL t\u1ea1i vi\u1ec7t nam \u0110\u1ea1i l\u00fd ORIENTAL vietnam, ORIENTAL viet nam, ORIENTAL vietnam&hellip; <\/p>\n","protected":false},"featured_media":4659,"comment_status":"open","ping_status":"closed","template":"","meta":[],"product_cat":[376],"product_tag":[167,119,118],"class_list":{"0":"post-4658","1":"product","2":"type-product","3":"status-publish","4":"has-post-thumbnail","6":"product_cat-oriental","7":"product_tag-bo-dieu-khien","8":"product_tag-dai-ly-oriental-viet-nam","9":"product_tag-oriental-viet-nam","11":"first","12":"instock","13":"shipping-taxable","14":"product-type-simple"},"yoast_head":"<!-- This site is optimized with the Yoast SEO plugin v22.8 - https:\/\/yoast.com\/wordpress\/plugins\/seo\/ -->\n<title>ORIENTAL ESMC-C2 - OMANI VI\u1ec6T NAM<\/title>\n<meta name=\"description\" content=\"ORIENTAL ESMC-C2 CONTROLLER\" \/>\n<meta name=\"robots\" content=\"index, follow, max-snippet:-1, max-image-preview:large, max-video-preview:-1\" \/>\n<link rel=\"canonical\" href=\"https:\/\/omanivietnam.com\/index.php\/san-pham\/oriental-esmc-c2\/\" \/>\n<meta property=\"og:locale\" content=\"vi_VN\" \/>\n<meta property=\"og:type\" content=\"article\" \/>\n<meta property=\"og:title\" content=\"ORIENTAL ESMC-C2 - OMANI VI\u1ec6T NAM\" \/>\n<meta property=\"og:description\" content=\"ORIENTAL ESMC-C2 CONTROLLER\" \/>\n<meta property=\"og:url\" content=\"https:\/\/omanivietnam.com\/index.php\/san-pham\/oriental-esmc-c2\/\" \/>\n<meta property=\"og:site_name\" content=\"OMANI VI\u1ec6T NAM\" \/>\n<meta property=\"article:modified_time\" content=\"2025-12-26T16:32:25+00:00\" \/>\n<meta property=\"og:image\" content=\"https:\/\/omanivietnam.com\/wp-content\/uploads\/2025\/12\/ESMC-C2.png\" \/>\n\t<meta property=\"og:image:width\" content=\"608\" \/>\n\t<meta property=\"og:image:height\" content=\"649\" \/>\n\t<meta property=\"og:image:type\" content=\"image\/png\" \/>\n<meta name=\"twitter:card\" content=\"summary_large_image\" \/>\n<meta name=\"twitter:label1\" content=\"\u01af\u1edbc t\u00ednh th\u1eddi gian \u0111\u1ecdc\" \/>\n\t<meta name=\"twitter:data1\" content=\"1 ph\u00fat\" \/>\n<script type=\"application\/ld+json\" class=\"yoast-schema-graph\">{\"@context\":\"https:\/\/schema.org\",\"@graph\":[{\"@type\":\"WebPage\",\"@id\":\"https:\/\/omanivietnam.com\/index.php\/san-pham\/oriental-esmc-c2\/\",\"url\":\"https:\/\/omanivietnam.com\/index.php\/san-pham\/oriental-esmc-c2\/\",\"name\":\"ORIENTAL ESMC-C2 - OMANI VI\u1ec6T NAM\",\"isPartOf\":{\"@id\":\"https:\/\/omanivietnam.com\/#website\"},\"primaryImageOfPage\":{\"@id\":\"https:\/\/omanivietnam.com\/index.php\/san-pham\/oriental-esmc-c2\/#primaryimage\"},\"image\":{\"@id\":\"https:\/\/omanivietnam.com\/index.php\/san-pham\/oriental-esmc-c2\/#primaryimage\"},\"thumbnailUrl\":\"https:\/\/omanivietnam.com\/wp-content\/uploads\/2025\/12\/ESMC-C2.png\",\"datePublished\":\"2025-12-26T16:31:07+00:00\",\"dateModified\":\"2025-12-26T16:32:25+00:00\",\"description\":\"ORIENTAL ESMC-C2 CONTROLLER\",\"breadcrumb\":{\"@id\":\"https:\/\/omanivietnam.com\/index.php\/san-pham\/oriental-esmc-c2\/#breadcrumb\"},\"inLanguage\":\"vi\",\"potentialAction\":[{\"@type\":\"ReadAction\",\"target\":[\"https:\/\/omanivietnam.com\/index.php\/san-pham\/oriental-esmc-c2\/\"]}]},{\"@type\":\"ImageObject\",\"inLanguage\":\"vi\",\"@id\":\"https:\/\/omanivietnam.com\/index.php\/san-pham\/oriental-esmc-c2\/#primaryimage\",\"url\":\"https:\/\/omanivietnam.com\/wp-content\/uploads\/2025\/12\/ESMC-C2.png\",\"contentUrl\":\"https:\/\/omanivietnam.com\/wp-content\/uploads\/2025\/12\/ESMC-C2.png\",\"width\":608,\"height\":649},{\"@type\":\"BreadcrumbList\",\"@id\":\"https:\/\/omanivietnam.com\/index.php\/san-pham\/oriental-esmc-c2\/#breadcrumb\",\"itemListElement\":[{\"@type\":\"ListItem\",\"position\":1,\"name\":\"Home\",\"item\":\"https:\/\/omanivietnam.com\/\"},{\"@type\":\"ListItem\",\"position\":2,\"name\":\"S\u1ea2N PH\u1ea8M\",\"item\":\"https:\/\/omanivietnam.com\/index.php\/cua-hang\/\"},{\"@type\":\"ListItem\",\"position\":3,\"name\":\"ORIENTAL ESMC-C2\"}]},{\"@type\":\"WebSite\",\"@id\":\"https:\/\/omanivietnam.com\/#website\",\"url\":\"https:\/\/omanivietnam.com\/\",\"name\":\"OMANI VI\u1ec6T NAM\",\"description\":\"Nh\u00e0 ph\u00e2n ph\u1ed1i thi\u1ebft b\u1ecb kh\u00ed n\u00e9n v\u00e0 thi\u1ebft b\u1ecb t\u1ef1 \u0111\u1ed9ng h\u00f3a trong c\u00f4ng nghi\u1ec7p\",\"publisher\":{\"@id\":\"https:\/\/omanivietnam.com\/#\/schema\/person\/0ad398a980dc3fd696111c2c5c8fa897\"},\"potentialAction\":[{\"@type\":\"SearchAction\",\"target\":{\"@type\":\"EntryPoint\",\"urlTemplate\":\"https:\/\/omanivietnam.com\/?s={search_term_string}\"},\"query-input\":\"required name=search_term_string\"}],\"inLanguage\":\"vi\"},{\"@type\":[\"Person\",\"Organization\"],\"@id\":\"https:\/\/omanivietnam.com\/#\/schema\/person\/0ad398a980dc3fd696111c2c5c8fa897\",\"name\":\"Nguy\u1ec5n V\u0103n Kh\u00e1nh\",\"image\":{\"@type\":\"ImageObject\",\"inLanguage\":\"vi\",\"@id\":\"https:\/\/omanivietnam.com\/#\/schema\/person\/image\/\",\"url\":\"https:\/\/omanivietnam.com\/wp-content\/uploads\/2024\/06\/logo-1024x1024.png\",\"contentUrl\":\"https:\/\/omanivietnam.com\/wp-content\/uploads\/2024\/06\/logo-1024x1024.png\",\"width\":1024,\"height\":1024,\"caption\":\"Nguy\u1ec5n V\u0103n Kh\u00e1nh\"},\"logo\":{\"@id\":\"https:\/\/omanivietnam.com\/#\/schema\/person\/image\/\"},\"sameAs\":[\"https:\/\/omanivietnam.com\"]}]}<\/script>\n<!-- \/ Yoast SEO plugin. -->","yoast_head_json":{"title":"ORIENTAL ESMC-C2 - OMANI VI\u1ec6T NAM","description":"ORIENTAL ESMC-C2 CONTROLLER","robots":{"index":"index","follow":"follow","max-snippet":"max-snippet:-1","max-image-preview":"max-image-preview:large","max-video-preview":"max-video-preview:-1"},"canonical":"https:\/\/omanivietnam.com\/index.php\/san-pham\/oriental-esmc-c2\/","og_locale":"vi_VN","og_type":"article","og_title":"ORIENTAL ESMC-C2 - OMANI VI\u1ec6T NAM","og_description":"ORIENTAL ESMC-C2 CONTROLLER","og_url":"https:\/\/omanivietnam.com\/index.php\/san-pham\/oriental-esmc-c2\/","og_site_name":"OMANI VI\u1ec6T NAM","article_modified_time":"2025-12-26T16:32:25+00:00","og_image":[{"width":608,"height":649,"url":"https:\/\/omanivietnam.com\/wp-content\/uploads\/2025\/12\/ESMC-C2.png","type":"image\/png"}],"twitter_card":"summary_large_image","twitter_misc":{"\u01af\u1edbc t\u00ednh th\u1eddi gian \u0111\u1ecdc":"1 ph\u00fat"},"schema":{"@context":"https:\/\/schema.org","@graph":[{"@type":"WebPage","@id":"https:\/\/omanivietnam.com\/index.php\/san-pham\/oriental-esmc-c2\/","url":"https:\/\/omanivietnam.com\/index.php\/san-pham\/oriental-esmc-c2\/","name":"ORIENTAL ESMC-C2 - OMANI VI\u1ec6T NAM","isPartOf":{"@id":"https:\/\/omanivietnam.com\/#website"},"primaryImageOfPage":{"@id":"https:\/\/omanivietnam.com\/index.php\/san-pham\/oriental-esmc-c2\/#primaryimage"},"image":{"@id":"https:\/\/omanivietnam.com\/index.php\/san-pham\/oriental-esmc-c2\/#primaryimage"},"thumbnailUrl":"https:\/\/omanivietnam.com\/wp-content\/uploads\/2025\/12\/ESMC-C2.png","datePublished":"2025-12-26T16:31:07+00:00","dateModified":"2025-12-26T16:32:25+00:00","description":"ORIENTAL ESMC-C2 CONTROLLER","breadcrumb":{"@id":"https:\/\/omanivietnam.com\/index.php\/san-pham\/oriental-esmc-c2\/#breadcrumb"},"inLanguage":"vi","potentialAction":[{"@type":"ReadAction","target":["https:\/\/omanivietnam.com\/index.php\/san-pham\/oriental-esmc-c2\/"]}]},{"@type":"ImageObject","inLanguage":"vi","@id":"https:\/\/omanivietnam.com\/index.php\/san-pham\/oriental-esmc-c2\/#primaryimage","url":"https:\/\/omanivietnam.com\/wp-content\/uploads\/2025\/12\/ESMC-C2.png","contentUrl":"https:\/\/omanivietnam.com\/wp-content\/uploads\/2025\/12\/ESMC-C2.png","width":608,"height":649},{"@type":"BreadcrumbList","@id":"https:\/\/omanivietnam.com\/index.php\/san-pham\/oriental-esmc-c2\/#breadcrumb","itemListElement":[{"@type":"ListItem","position":1,"name":"Home","item":"https:\/\/omanivietnam.com\/"},{"@type":"ListItem","position":2,"name":"S\u1ea2N PH\u1ea8M","item":"https:\/\/omanivietnam.com\/index.php\/cua-hang\/"},{"@type":"ListItem","position":3,"name":"ORIENTAL ESMC-C2"}]},{"@type":"WebSite","@id":"https:\/\/omanivietnam.com\/#website","url":"https:\/\/omanivietnam.com\/","name":"OMANI VI\u1ec6T NAM","description":"Nh\u00e0 ph\u00e2n ph\u1ed1i thi\u1ebft b\u1ecb kh\u00ed n\u00e9n v\u00e0 thi\u1ebft b\u1ecb t\u1ef1 \u0111\u1ed9ng h\u00f3a trong c\u00f4ng nghi\u1ec7p","publisher":{"@id":"https:\/\/omanivietnam.com\/#\/schema\/person\/0ad398a980dc3fd696111c2c5c8fa897"},"potentialAction":[{"@type":"SearchAction","target":{"@type":"EntryPoint","urlTemplate":"https:\/\/omanivietnam.com\/?s={search_term_string}"},"query-input":"required name=search_term_string"}],"inLanguage":"vi"},{"@type":["Person","Organization"],"@id":"https:\/\/omanivietnam.com\/#\/schema\/person\/0ad398a980dc3fd696111c2c5c8fa897","name":"Nguy\u1ec5n V\u0103n Kh\u00e1nh","image":{"@type":"ImageObject","inLanguage":"vi","@id":"https:\/\/omanivietnam.com\/#\/schema\/person\/image\/","url":"https:\/\/omanivietnam.com\/wp-content\/uploads\/2024\/06\/logo-1024x1024.png","contentUrl":"https:\/\/omanivietnam.com\/wp-content\/uploads\/2024\/06\/logo-1024x1024.png","width":1024,"height":1024,"caption":"Nguy\u1ec5n V\u0103n Kh\u00e1nh"},"logo":{"@id":"https:\/\/omanivietnam.com\/#\/schema\/person\/image\/"},"sameAs":["https:\/\/omanivietnam.com"]}]}},"_links":{"self":[{"href":"https:\/\/omanivietnam.com\/index.php\/wp-json\/wp\/v2\/product\/4658","targetHints":{"allow":["GET"]}}],"collection":[{"href":"https:\/\/omanivietnam.com\/index.php\/wp-json\/wp\/v2\/product"}],"about":[{"href":"https:\/\/omanivietnam.com\/index.php\/wp-json\/wp\/v2\/types\/product"}],"replies":[{"embeddable":true,"href":"https:\/\/omanivietnam.com\/index.php\/wp-json\/wp\/v2\/comments?post=4658"}],"wp:featuredmedia":[{"embeddable":true,"href":"https:\/\/omanivietnam.com\/index.php\/wp-json\/wp\/v2\/media\/4659"}],"wp:attachment":[{"href":"https:\/\/omanivietnam.com\/index.php\/wp-json\/wp\/v2\/media?parent=4658"}],"wp:term":[{"taxonomy":"product_cat","embeddable":true,"href":"https:\/\/omanivietnam.com\/index.php\/wp-json\/wp\/v2\/product_cat?post=4658"},{"taxonomy":"product_tag","embeddable":true,"href":"https:\/\/omanivietnam.com\/index.php\/wp-json\/wp\/v2\/product_tag?post=4658"}],"curies":[{"name":"wp","href":"https:\/\/api.w.org\/{rel}","templated":true}]}}