{"id":4662,"date":"2025-12-28T16:19:21","date_gmt":"2025-12-28T09:19:21","guid":{"rendered":"https:\/\/omanivietnam.com\/?post_type=product&#038;p=4662"},"modified":"2025-12-28T16:20:27","modified_gmt":"2025-12-28T09:20:27","slug":"sensys-m5256-c3079e-010bg","status":"publish","type":"product","link":"https:\/\/omanivietnam.com\/index.php\/san-pham\/sensys-m5256-c3079e-010bg\/","title":{"rendered":"SENSYS M5256-C3079E-010BG"},"content":{"rendered":"<h2><strong>SENSYS <\/strong>M5256-C3079E-010BG<\/h2>\n<h2><strong>Th\u00f4ng s\u1ed1 k\u1ef9 thu\u1eadt c\u1ea3m bi\u1ebfn \u00e1p su\u1ea5t SENSYS<\/strong><\/h2>\n<ul>\n<li>Th\u01b0\u01a1ng hi\u1ec7u: SENSYS<\/li>\n<li>Xu\u1ea5t x\u1ee9: H\u00e0n Qu\u1ed1c.<\/li>\n<li>D\u00e3i \u0111o \u00e1p su\u1ea5t \u0111a d\u1ea1ng: 0 \u2013 10 bar, 0 \u2013 100 bar, 0 \u2013 1000 bar\u2026<\/li>\n<li>Gi\u1ea5y t\u1edd h\u1ee3p chu\u1ea9n CE ( ti\u00eau chu\u1ea9n c\u00f4ng ngh\u1ec7 Ch\u00e2u\u00a0 \u00c2u ).<\/li>\n<li>C\u1ea5p b\u1ea3o v\u1ec7: IP65.<\/li>\n<li>\u0110i\u1ec7n tr\u1edf c\u00e1ch \u0111i\u1ec7n: 100\u33c1 @500VDC.<\/li>\n<li>Ki\u1ec3u n\u1ed1i c\u00e1p: Mini DIN43650<\/li>\n<li>Ng\u00f5 ra: 4~20mA (\u0111\u01b0\u1ee3c b\u1ea3o v\u1ec7 n\u1ed1i ng\u01b0\u1ee3c c\u1ef1c v\u00e0 ng\u1eafn m\u1ea1ch).<\/li>\n<li>Ngu\u1ed3n c\u1ea5p: 9-30VDC.<\/li>\n<li>N\u1ed1i ren: PT1\/4\u2033.<\/li>\n<li>Nhi\u1ec7t \u0111\u1ed9 ho\u1ea1t \u0111\u1ed9ng: -40~125\u2103.<\/li>\n<li>\u00c1p su\u1ea5t \u0111\u1ed9t ng\u1ed9t: 5 l\u1ea7n \u00e1p su\u1ea5t \u0111\u1ecbnh m\u1ee9c.<\/li>\n<li>V\u1eadt li\u1ec7u: Th\u00e2n v\u1ecf th\u00e9p kh\u00f4ng g\u1ec9.<\/li>\n<li>Ch\u1ecbu rung 20G, 20~200Hz.<\/li>\n<li>M\u00f4i ch\u1ea5t: n\u01b0\u1edbc, d\u1ea7u, kh\u00ed.<\/li>\n<\/ul>\n<p class=\"title-page\">C\u1ea3m Bi\u1ec3n \u00c1p Su\u1ea5t SENSYS L\u00e0 G\u00ec? \u01afu \u0110i\u1ec3m C\u1ea3m Bi\u1ebfn \u00c1p Su\u1ea5t SENSYS Trong C\u00f4ng Nghi\u1ec7p<\/p>\n<p>khi t\u00ecm hi\u1ec3u v\u1ec1 nguy\u00ean l\u00fd ho\u1ea1t \u0111\u1ed9ng c\u1ee7a c\u00e1c thi\u1ebft b\u1ecb \u0111i\u1ec7n t\u1eed, ch\u1eafc h\u1eb3n b\u1ea1n \u0111\u00e3 t\u1eebng nghe \u0111\u1ebfn c\u1ea3m bi\u1ebfn \u00e1p su\u1ea5t. V\u1eady c\u1ea3m bi\u1ebfn \u00e1p su\u1ea5t SENSYS l\u00e0 g\u00ec, c\u01a1 ch\u1ebf ho\u1ea1t \u0111\u1ed9ng ra sao v\u00e0 \u0111\u1ea3m nhi\u1ec7m ch\u1ee9c n\u0103ng g\u00ec? H\u00e3y c\u00f9ng Cao Phong kh\u00e1m ph\u00e1 chi ti\u1ebft qua b\u00e0i vi\u1ebft d\u01b0\u1edbi \u0111\u00e2y.<\/p>\n<h2><strong>C\u1ea3m bi\u1ebfn \u00e1p su\u1ea5t SENSYS l\u00e0 g\u00ec?<\/strong><\/h2>\n<p>C\u1ea3m bi\u1ebfn \u00e1p su\u1ea5t SENSYS l\u00e0 g\u00ec? c\u1ea3m bi\u1ebfn \u00e1p su\u1ea5t, c\u00f2n g\u1ecdi l\u00e0 c\u1ea3m bi\u1ebfn \u00e1p l\u1ef1c hay c\u1ea3m bi\u1ebfn \u0111o \u00e1p su\u1ea5t, l\u00e0 m\u1ed9t thi\u1ebft b\u1ecb c\u01a1 \u0111i\u1ec7n t\u1eed r\u1ea5t ph\u1ed5 bi\u1ebfn v\u00e0 \u0111\u01b0\u1ee3c s\u1eed d\u1ee5ng r\u1ed9ng r\u00e3i trong c\u00e1c \u1ee9ng d\u1ee5ng c\u00f4ng nghi\u1ec7p nh\u1eb1m m\u1ee5c \u0111\u00edch ki\u1ec3m so\u00e1t v\u00e0 \u0111o l\u01b0\u1eddng gi\u00e1 tr\u1ecb \u00e1p su\u1ea5t. Thi\u1ebft b\u1ecb n\u00e0y c\u00f3 kh\u1ea3 n\u0103ng chuy\u1ec3n \u0111\u1ed5i t\u00edn hi\u1ec7u \u00e1p su\u1ea5t th\u00e0nh t\u00edn hi\u1ec7u \u0111i\u1ec7n.<\/p>\n<p>Sensys l\u00e0 th\u01b0\u01a1ng hi\u1ec7u \u0111\u1ebfn t\u1eeb H\u00e0n Qu\u1ed1c, n\u1ed5i ti\u1ebfng v\u1edbi s\u1ea3n ph\u1ea9m c\u1ea3m bi\u1ebfn \u00e1p su\u1ea5t cao c\u1ea5p, \u0111\u1ed3ng h\u1ed3 \u00e1p su\u1ea5t v\u00e0 c\u1ea3m bi\u1ebfn nhi\u1ec7t, trong \u0111\u00f3 c\u1ea3m bi\u1ebfn \u00e1p su\u1ea5t Sensys \u0111\u01b0\u1ee3c \u0111\u00e1nh gi\u00e1 l\u00e0 thi\u1ebft b\u1ecb \u0111o \u00e1p su\u1ea5t ch\u1ea5t l\u1ecfng v\u00e0 kh\u00ed ch\u1ea5t l\u01b0\u1ee3ng cao.<\/p>\n<p>\u0110\u00e2y l\u00e0 d\u00f2ng c\u1ea3m bi\u1ebfn \u00e1p su\u1ea5t \u0111\u00e3 thi\u1ebft l\u1eadp m\u1ed9t ti\u00eau chu\u1ea9n m\u1edbi, nghi\u00eam ng\u1eb7t h\u01a1n cho c\u00e1c \u1ee9ng d\u1ee5ng th\u01b0\u01a1ng m\u1ea1i v\u00e0 c\u00f4ng nghi\u1ec7p \u0111\u00f2i h\u1ecfi hi\u1ec7u su\u1ea5t v\u01b0\u1ee3t tr\u1ed9i. S\u1ea3n ph\u1ea9m c\u00f3 ph\u1ea1m vi \u0111o r\u1ed9ng v\u00e0 cung c\u1ea5p \u0111a d\u1ea1ng c\u00e1c lo\u1ea1i t\u00edn hi\u1ec7u \u0111\u1ea7u ra.<\/p>\n<h2>M\u1ed9t s\u1ed1 model th\u00f4ng d\u1ee5ng c\u1ee7a C\u1ea3m Bi\u1ebfn \u00c1p Su\u1ea5t SENSYS.<\/h2>\n<p>Model Sensys M5256-C3079E-007BG d\u00e3i \u0111o 0 \u2013 7 bar.<br \/>\nModel Sensys M5256-C3079E-010BG d\u00e3i \u0111o 0 \u2013 10 bar.<br \/>\nModel Sensys M5256-C3079E-3.5BG d\u00e3i \u0111o 0 \u2013 3.5 bar.<br \/>\nModel \u00a0Sensys M5256-C3079E-016BG d\u00e3i \u0111o 0 \u2013 16 bar.<br \/>\nModel Sensys M5256-C3079E-020BG d\u00e3i \u0111o 0 \u2013 20 bar.<br \/>\nModel Sensys M5256-C3079E-035BG d\u00e3i \u0111o 0 \u2013 35 bar.<br \/>\nModel Sensys M5256-C3079E-050BG d\u00e3i \u0111o 0 \u2013 50 bar.<br \/>\nModel Sensys M5256-C3079E-070BG d\u00e3i \u0111o 0 \u2013 70 bar.<br \/>\nModel Sensys M5256-C3079E-0100BG d\u00e3i \u0111o 0 \u2013 100 bar.<br \/>\nModel Sensys M5256-C3079E-0200BG d\u00e3i \u0111o 0 \u2013 200 bar.<br \/>\nModel Sensys M5256-C3079E-0250BG d\u00e3i \u0111o 0 \u2013 250 bar.<br \/>\nModel Sensys M5256-C3079E-0350BG d\u00e3i \u0111o 0 \u2013 350 bar.<br \/>\nModel Sensys M5256-C3079E-0500BG d\u00e3i \u0111o 0 \u2013 500 bar.<br \/>\nModel Sensys M5256-C3079E-0700BG d\u00e3i \u0111o 0 \u2013 700 bar.<br \/>\nModel Sensys\u00a0 M5256-C3079E-01KBBG\u00a0 d\u00e3i \u0111o 0 \u2013 1000 bar.<\/p>\n<div>\n<p>Pressure Transmitter, range 0 ~ 10 bars, 2 wire\/ 4~20mA, port: R(PT) 3\/8 Model: PTDH0010BAHA<\/p>\n<p>Pressure Transmitter, range 0 ~ 20 bars, 2 wire\/ 4~20mA, port: R(PT) 3\/8&#8243;: PTDH0020BAHA<\/p>\n<p>C\u1ea3m bi\u1ebfn \u00e1p su\u1ea5t DPUH1000, 0-1000 Pa, 11 ~ 28VDC<\/p>\n<p>C\u1ea3m bi\u1ebfn \u00e1p su\u1ea5t SBHA0200MKG, SBH 0-200Mpa, 1\/4&#8221;NPT&#8221;<\/p>\n<p>C\u1ea3m bi\u1ebfn \u00e1p su\u1ea5t SSGHA0015BCAG, SSG, 0-15 bar, 4~20mA(2Wire), 1\/4&#8221;PT&#8221;<\/p>\n<p>C\u1ea3m bi\u1ebfn \u00e1p su\u1ea5t SBHA0200MKG, SBH 0-200Mpa, 1\/4&#8221;NPT&#8221;<\/p>\n<p>C\u1ea3m bi\u1ebfn \u00e1p su\u1ea5t SSGGC0015BEAG, SSG, 0-15 bar, 4~20mA(3Wire) + 1-Ch Relay, RS485, 1\/2&#8221;PT<\/p>\n<p>C\u1ea3m bi\u1ebfn \u00e1p su\u1ea5t PTDK0400BDIA, PTD 0~400 bar, 0~10V (4Wire), G(PF)1\/4&#8221;<\/p>\n<p>C\u1ea3m bi\u1ebfn \u00e1p su\u1ea5t PTCH0001BCIA, PTC 0~1bar 4-20mA (2wire) 1\/4&#8221;PT +-0.5%,Din 43650-A connector<\/p>\n<p>M5256-C3079E-010BG(0~10 bar; 4-20 mA; 1\/4&#8221;PT)<\/p>\n<\/div>\n<p>\u0110\u1ea1i l\u00fd SENSYS vietnam, SENSYS viet nam, SENSYS vietnam distributor, Ph\u00e2n ph\u1ed1i SENSYS t\u1ea1i vi\u1ec7t nam<\/p>\n<p>\u0110\u1ea1i l\u00fd SENSYS vietnam, SENSYS viet nam, SENSYS vietnam distributor, Ph\u00e2n ph\u1ed1i SENSYS t\u1ea1i vi\u1ec7t nam<\/p>\n<p>\u0110\u1ea1i l\u00fd SENSYS vietnam, SENSYS viet nam, SENSYS vietnam distributor, Ph\u00e2n ph\u1ed1i SENSYS t\u1ea1i vi\u1ec7t nam<\/p>\n","protected":false},"excerpt":{"rendered":"<p>SENSYS M5256-C3079E-010BG Th\u00f4ng s\u1ed1 k\u1ef9 thu\u1eadt c\u1ea3m bi\u1ebfn \u00e1p su\u1ea5t SENSYS Th\u01b0\u01a1ng hi\u1ec7u: SENSYS Xu\u1ea5t x\u1ee9: H\u00e0n Qu\u1ed1c. D\u00e3i \u0111o \u00e1p su\u1ea5t \u0111a d\u1ea1ng: 0 \u2013 10 bar, 0 \u2013 100 bar, 0 \u2013 1000 bar\u2026 Gi\u1ea5y t\u1edd h\u1ee3p chu\u1ea9n CE ( ti\u00eau chu\u1ea9n c\u00f4ng ngh\u1ec7 Ch\u00e2u\u00a0 \u00c2u ). C\u1ea5p&hellip; <\/p>\n","protected":false},"featured_media":4663,"comment_status":"open","ping_status":"closed","template":"","meta":[],"product_cat":[849],"product_tag":[852,851,850],"class_list":{"0":"post-4662","1":"product","2":"type-product","3":"status-publish","4":"has-post-thumbnail","6":"product_cat-sensys","7":"product_tag-cam-bien-ap-suat","8":"product_tag-dai-ly-sensys-viet-nam","9":"product_tag-sensys-viet-nam","11":"first","12":"instock","13":"shipping-taxable","14":"product-type-simple"},"yoast_head":"<!-- This site is optimized with the Yoast SEO plugin v22.8 - https:\/\/yoast.com\/wordpress\/plugins\/seo\/ -->\n<title>SENSYS M5256-C3079E-010BG - OMANI VI\u1ec6T NAM<\/title>\n<meta name=\"description\" content=\"SENSYS M5256-C3079E-010BG Pressure Sensor\" \/>\n<meta name=\"robots\" content=\"index, follow, max-snippet:-1, max-image-preview:large, max-video-preview:-1\" \/>\n<link rel=\"canonical\" href=\"https:\/\/omanivietnam.com\/index.php\/san-pham\/sensys-m5256-c3079e-010bg\/\" \/>\n<meta property=\"og:locale\" content=\"vi_VN\" \/>\n<meta property=\"og:type\" content=\"article\" \/>\n<meta property=\"og:title\" content=\"SENSYS M5256-C3079E-010BG - OMANI VI\u1ec6T NAM\" \/>\n<meta property=\"og:description\" content=\"SENSYS M5256-C3079E-010BG Pressure Sensor\" \/>\n<meta property=\"og:url\" content=\"https:\/\/omanivietnam.com\/index.php\/san-pham\/sensys-m5256-c3079e-010bg\/\" \/>\n<meta property=\"og:site_name\" content=\"OMANI VI\u1ec6T NAM\" \/>\n<meta property=\"article:modified_time\" content=\"2025-12-28T09:20:27+00:00\" \/>\n<meta property=\"og:image\" content=\"https:\/\/omanivietnam.com\/wp-content\/uploads\/2025\/12\/M5256-C3079E-010BG.png\" \/>\n\t<meta property=\"og:image:width\" content=\"1026\" \/>\n\t<meta property=\"og:image:height\" content=\"891\" \/>\n\t<meta property=\"og:image:type\" content=\"image\/png\" \/>\n<meta name=\"twitter:card\" content=\"summary_large_image\" \/>\n<meta name=\"twitter:label1\" content=\"\u01af\u1edbc t\u00ednh th\u1eddi gian \u0111\u1ecdc\" \/>\n\t<meta name=\"twitter:data1\" content=\"4 ph\u00fat\" \/>\n<script type=\"application\/ld+json\" class=\"yoast-schema-graph\">{\"@context\":\"https:\/\/schema.org\",\"@graph\":[{\"@type\":\"WebPage\",\"@id\":\"https:\/\/omanivietnam.com\/index.php\/san-pham\/sensys-m5256-c3079e-010bg\/\",\"url\":\"https:\/\/omanivietnam.com\/index.php\/san-pham\/sensys-m5256-c3079e-010bg\/\",\"name\":\"SENSYS M5256-C3079E-010BG - OMANI VI\u1ec6T NAM\",\"isPartOf\":{\"@id\":\"https:\/\/omanivietnam.com\/#website\"},\"primaryImageOfPage\":{\"@id\":\"https:\/\/omanivietnam.com\/index.php\/san-pham\/sensys-m5256-c3079e-010bg\/#primaryimage\"},\"image\":{\"@id\":\"https:\/\/omanivietnam.com\/index.php\/san-pham\/sensys-m5256-c3079e-010bg\/#primaryimage\"},\"thumbnailUrl\":\"https:\/\/omanivietnam.com\/wp-content\/uploads\/2025\/12\/M5256-C3079E-010BG.png\",\"datePublished\":\"2025-12-28T09:19:21+00:00\",\"dateModified\":\"2025-12-28T09:20:27+00:00\",\"description\":\"SENSYS M5256-C3079E-010BG Pressure Sensor\",\"breadcrumb\":{\"@id\":\"https:\/\/omanivietnam.com\/index.php\/san-pham\/sensys-m5256-c3079e-010bg\/#breadcrumb\"},\"inLanguage\":\"vi\",\"potentialAction\":[{\"@type\":\"ReadAction\",\"target\":[\"https:\/\/omanivietnam.com\/index.php\/san-pham\/sensys-m5256-c3079e-010bg\/\"]}]},{\"@type\":\"ImageObject\",\"inLanguage\":\"vi\",\"@id\":\"https:\/\/omanivietnam.com\/index.php\/san-pham\/sensys-m5256-c3079e-010bg\/#primaryimage\",\"url\":\"https:\/\/omanivietnam.com\/wp-content\/uploads\/2025\/12\/M5256-C3079E-010BG.png\",\"contentUrl\":\"https:\/\/omanivietnam.com\/wp-content\/uploads\/2025\/12\/M5256-C3079E-010BG.png\",\"width\":1026,\"height\":891},{\"@type\":\"BreadcrumbList\",\"@id\":\"https:\/\/omanivietnam.com\/index.php\/san-pham\/sensys-m5256-c3079e-010bg\/#breadcrumb\",\"itemListElement\":[{\"@type\":\"ListItem\",\"position\":1,\"name\":\"Home\",\"item\":\"https:\/\/omanivietnam.com\/\"},{\"@type\":\"ListItem\",\"position\":2,\"name\":\"S\u1ea2N PH\u1ea8M\",\"item\":\"https:\/\/omanivietnam.com\/index.php\/cua-hang\/\"},{\"@type\":\"ListItem\",\"position\":3,\"name\":\"SENSYS M5256-C3079E-010BG\"}]},{\"@type\":\"WebSite\",\"@id\":\"https:\/\/omanivietnam.com\/#website\",\"url\":\"https:\/\/omanivietnam.com\/\",\"name\":\"OMANI VI\u1ec6T NAM\",\"description\":\"Nh\u00e0 ph\u00e2n ph\u1ed1i thi\u1ebft b\u1ecb kh\u00ed n\u00e9n v\u00e0 thi\u1ebft b\u1ecb t\u1ef1 \u0111\u1ed9ng h\u00f3a trong c\u00f4ng nghi\u1ec7p\",\"publisher\":{\"@id\":\"https:\/\/omanivietnam.com\/#\/schema\/person\/0ad398a980dc3fd696111c2c5c8fa897\"},\"potentialAction\":[{\"@type\":\"SearchAction\",\"target\":{\"@type\":\"EntryPoint\",\"urlTemplate\":\"https:\/\/omanivietnam.com\/?s={search_term_string}\"},\"query-input\":\"required name=search_term_string\"}],\"inLanguage\":\"vi\"},{\"@type\":[\"Person\",\"Organization\"],\"@id\":\"https:\/\/omanivietnam.com\/#\/schema\/person\/0ad398a980dc3fd696111c2c5c8fa897\",\"name\":\"Nguy\u1ec5n V\u0103n Kh\u00e1nh\",\"image\":{\"@type\":\"ImageObject\",\"inLanguage\":\"vi\",\"@id\":\"https:\/\/omanivietnam.com\/#\/schema\/person\/image\/\",\"url\":\"https:\/\/omanivietnam.com\/wp-content\/uploads\/2024\/06\/logo-1024x1024.png\",\"contentUrl\":\"https:\/\/omanivietnam.com\/wp-content\/uploads\/2024\/06\/logo-1024x1024.png\",\"width\":1024,\"height\":1024,\"caption\":\"Nguy\u1ec5n V\u0103n Kh\u00e1nh\"},\"logo\":{\"@id\":\"https:\/\/omanivietnam.com\/#\/schema\/person\/image\/\"},\"sameAs\":[\"https:\/\/omanivietnam.com\"]}]}<\/script>\n<!-- \/ Yoast SEO plugin. -->","yoast_head_json":{"title":"SENSYS M5256-C3079E-010BG - OMANI VI\u1ec6T NAM","description":"SENSYS M5256-C3079E-010BG Pressure Sensor","robots":{"index":"index","follow":"follow","max-snippet":"max-snippet:-1","max-image-preview":"max-image-preview:large","max-video-preview":"max-video-preview:-1"},"canonical":"https:\/\/omanivietnam.com\/index.php\/san-pham\/sensys-m5256-c3079e-010bg\/","og_locale":"vi_VN","og_type":"article","og_title":"SENSYS M5256-C3079E-010BG - OMANI VI\u1ec6T NAM","og_description":"SENSYS M5256-C3079E-010BG Pressure Sensor","og_url":"https:\/\/omanivietnam.com\/index.php\/san-pham\/sensys-m5256-c3079e-010bg\/","og_site_name":"OMANI VI\u1ec6T NAM","article_modified_time":"2025-12-28T09:20:27+00:00","og_image":[{"width":1026,"height":891,"url":"https:\/\/omanivietnam.com\/wp-content\/uploads\/2025\/12\/M5256-C3079E-010BG.png","type":"image\/png"}],"twitter_card":"summary_large_image","twitter_misc":{"\u01af\u1edbc t\u00ednh th\u1eddi gian \u0111\u1ecdc":"4 ph\u00fat"},"schema":{"@context":"https:\/\/schema.org","@graph":[{"@type":"WebPage","@id":"https:\/\/omanivietnam.com\/index.php\/san-pham\/sensys-m5256-c3079e-010bg\/","url":"https:\/\/omanivietnam.com\/index.php\/san-pham\/sensys-m5256-c3079e-010bg\/","name":"SENSYS M5256-C3079E-010BG - OMANI VI\u1ec6T NAM","isPartOf":{"@id":"https:\/\/omanivietnam.com\/#website"},"primaryImageOfPage":{"@id":"https:\/\/omanivietnam.com\/index.php\/san-pham\/sensys-m5256-c3079e-010bg\/#primaryimage"},"image":{"@id":"https:\/\/omanivietnam.com\/index.php\/san-pham\/sensys-m5256-c3079e-010bg\/#primaryimage"},"thumbnailUrl":"https:\/\/omanivietnam.com\/wp-content\/uploads\/2025\/12\/M5256-C3079E-010BG.png","datePublished":"2025-12-28T09:19:21+00:00","dateModified":"2025-12-28T09:20:27+00:00","description":"SENSYS M5256-C3079E-010BG Pressure Sensor","breadcrumb":{"@id":"https:\/\/omanivietnam.com\/index.php\/san-pham\/sensys-m5256-c3079e-010bg\/#breadcrumb"},"inLanguage":"vi","potentialAction":[{"@type":"ReadAction","target":["https:\/\/omanivietnam.com\/index.php\/san-pham\/sensys-m5256-c3079e-010bg\/"]}]},{"@type":"ImageObject","inLanguage":"vi","@id":"https:\/\/omanivietnam.com\/index.php\/san-pham\/sensys-m5256-c3079e-010bg\/#primaryimage","url":"https:\/\/omanivietnam.com\/wp-content\/uploads\/2025\/12\/M5256-C3079E-010BG.png","contentUrl":"https:\/\/omanivietnam.com\/wp-content\/uploads\/2025\/12\/M5256-C3079E-010BG.png","width":1026,"height":891},{"@type":"BreadcrumbList","@id":"https:\/\/omanivietnam.com\/index.php\/san-pham\/sensys-m5256-c3079e-010bg\/#breadcrumb","itemListElement":[{"@type":"ListItem","position":1,"name":"Home","item":"https:\/\/omanivietnam.com\/"},{"@type":"ListItem","position":2,"name":"S\u1ea2N PH\u1ea8M","item":"https:\/\/omanivietnam.com\/index.php\/cua-hang\/"},{"@type":"ListItem","position":3,"name":"SENSYS M5256-C3079E-010BG"}]},{"@type":"WebSite","@id":"https:\/\/omanivietnam.com\/#website","url":"https:\/\/omanivietnam.com\/","name":"OMANI VI\u1ec6T NAM","description":"Nh\u00e0 ph\u00e2n ph\u1ed1i thi\u1ebft b\u1ecb kh\u00ed n\u00e9n v\u00e0 thi\u1ebft b\u1ecb t\u1ef1 \u0111\u1ed9ng h\u00f3a trong c\u00f4ng nghi\u1ec7p","publisher":{"@id":"https:\/\/omanivietnam.com\/#\/schema\/person\/0ad398a980dc3fd696111c2c5c8fa897"},"potentialAction":[{"@type":"SearchAction","target":{"@type":"EntryPoint","urlTemplate":"https:\/\/omanivietnam.com\/?s={search_term_string}"},"query-input":"required name=search_term_string"}],"inLanguage":"vi"},{"@type":["Person","Organization"],"@id":"https:\/\/omanivietnam.com\/#\/schema\/person\/0ad398a980dc3fd696111c2c5c8fa897","name":"Nguy\u1ec5n V\u0103n Kh\u00e1nh","image":{"@type":"ImageObject","inLanguage":"vi","@id":"https:\/\/omanivietnam.com\/#\/schema\/person\/image\/","url":"https:\/\/omanivietnam.com\/wp-content\/uploads\/2024\/06\/logo-1024x1024.png","contentUrl":"https:\/\/omanivietnam.com\/wp-content\/uploads\/2024\/06\/logo-1024x1024.png","width":1024,"height":1024,"caption":"Nguy\u1ec5n V\u0103n Kh\u00e1nh"},"logo":{"@id":"https:\/\/omanivietnam.com\/#\/schema\/person\/image\/"},"sameAs":["https:\/\/omanivietnam.com"]}]}},"_links":{"self":[{"href":"https:\/\/omanivietnam.com\/index.php\/wp-json\/wp\/v2\/product\/4662","targetHints":{"allow":["GET"]}}],"collection":[{"href":"https:\/\/omanivietnam.com\/index.php\/wp-json\/wp\/v2\/product"}],"about":[{"href":"https:\/\/omanivietnam.com\/index.php\/wp-json\/wp\/v2\/types\/product"}],"replies":[{"embeddable":true,"href":"https:\/\/omanivietnam.com\/index.php\/wp-json\/wp\/v2\/comments?post=4662"}],"wp:featuredmedia":[{"embeddable":true,"href":"https:\/\/omanivietnam.com\/index.php\/wp-json\/wp\/v2\/media\/4663"}],"wp:attachment":[{"href":"https:\/\/omanivietnam.com\/index.php\/wp-json\/wp\/v2\/media?parent=4662"}],"wp:term":[{"taxonomy":"product_cat","embeddable":true,"href":"https:\/\/omanivietnam.com\/index.php\/wp-json\/wp\/v2\/product_cat?post=4662"},{"taxonomy":"product_tag","embeddable":true,"href":"https:\/\/omanivietnam.com\/index.php\/wp-json\/wp\/v2\/product_tag?post=4662"}],"curies":[{"name":"wp","href":"https:\/\/api.w.org\/{rel}","templated":true}]}}