{"id":4705,"date":"2026-01-16T15:08:52","date_gmt":"2026-01-16T08:08:52","guid":{"rendered":"https:\/\/omanivietnam.com\/?post_type=product&#038;p=4705"},"modified":"2026-01-16T15:10:12","modified_gmt":"2026-01-16T08:10:12","slug":"allen-bradley-440n-z21u26h","status":"publish","type":"product","link":"https:\/\/omanivietnam.com\/index.php\/san-pham\/allen-bradley-440n-z21u26h\/","title":{"rendered":"ALLEN BRADLEY 440N-Z21U26H"},"content":{"rendered":"<p>ALLEN BRADLEY 440N-Z21U26H<\/p>\n<p>440N-Z21U26H AB GUARDMASTER SENSAGUARD NONCONTACT SWITCH 61259882788 GENUINE<\/p>\n<p>Features<br \/>\nSwitches can be connect to a standard safety relay, for example,<br \/>\nthe MSR126, MSR127, MSR200\/300 Family, SmartGuard\u2122 and<br \/>\nSafety I\/O Blocks<br \/>\nMultiple actuator sizes for large sensing distance<br \/>\nIP69K environmental rating<br \/>\nShort-circuit and over-voltage protection<br \/>\nLED located on the switch for door status and troubleshooting<br \/>\nUnique coded version<br \/>\n\u2212 Automatic learn process at unit power up<br \/>\n\u2212 During commissioning you have the option to select if the sensor<br \/>\ncan learn a new actuator up to eight times or lock the unit so it<br \/>\ncan not learn another actuator<br \/>\nIntegrated latch version<br \/>\n\u2212 Adjustable magnetic latch force 20\u202660N<br \/>\n\u2212 Designed for easy mounting on aluminum profile<\/p>\n<p>Benefits<br \/>\nNo dedicated controller required<br \/>\nCat 4\/SIL 3 rating maintained even with multiple units connected<br \/>\nin series<br \/>\nSwitches can be connected in series with other devices (light<br \/>\ncurtain, E-stops, key interlock switches)<br \/>\nExtended diagnostics for easy troubleshooting<br \/>\nLarge sensing distances<br \/>\nTolerance to misalignment<br \/>\nMultiple sensing directions<br \/>\nStainless steel version suitable for use in harsh environments<br \/>\nUse standard proximity brackets<\/p>\n<p>When it comes to machine safety, Rockwell Automation knows that<br \/>\nprotection of personnel and equipment is your main concern. At the<br \/>\nsame time, flexibility and productivity are points that must also be<br \/>\nconsidered as you design your safety system. Optimize all of these<br \/>\nwith the new Allen-Bradley SensaGuard family of non-contact<br \/>\nswitches.<br \/>\nFeaturing the latest generation of RFID technology for coding and<br \/>\ninductive technology for sensing, SensaGuard\u2019s large sensing range<br \/>\nand tolerance to misalignment is a cost-effective solution that is<br \/>\nideally suited for a wide range of industrial safety applications.<br \/>\nThe SensaGuard product line is a Category 4\/SIL 3 rated switch per<br \/>\nEN954-1, T\u00dcV functional safety approved to IEC 61508.<\/p>\n<p>440N-Z21U17A, 440N-ZLPRECB, 440N-Z21US3PH, 440N-ZULPRECB, 440N-Z21US3PJ,<br \/>\n440N-Z21US3PB, 440N-Z21SS3PJ, 440N-Z21SS3PH, 440N-Z21SS3PA, 440N-Z21US3PA,<br \/>\n440N-Z21SS3PB, 440N-Z21X16J, 440N-Z21US2H, 440N-Z21US2B, 440N-Z21US2A, 440N-Z21XS2H.<br \/>\n440N-Z21SS2HN9-FF, 440N-Z21SS2H-AS, 440N-Z21SS2JN9, 440N-Z21SS2BN9, 440N-Z21SS2AN9,<br \/>\n440N-Z21SS2HN9, 440N-Z21SS2JN, 440N-Z21SS2BN, 440N-Z21SS2AN, 440N-Z21SS2HN,<br \/>\n440N-Z21SS2J, 440N-Z21SS2B, 440N-Z21SS2A, 440N-Z21SS2H, 440N-Z21S17B-PUR,<br \/>\n440N-Z21SS2H- AG, 440N-Z21XU2H, 440N-Z21US2H-C, 440N-Z21US2JN9, 440N-Z21US2JN,<br \/>\n440N-Z21US2J, 440N-Z21US2HN9, 440N-Z21US2BN9, 440N-Z21US2AN9, 440N-Z21US2HN,<br \/>\n440N-Z21US2BN, 440N-Z21US2AN, 440N-Z21S17H, 440N-Z21S17B, 440N-Z21S17A,<br \/>\n440N-Z21S16E, 440N-Z21X16H, 440N-Z21U26J, 440N-Z21S26J, 440N-Z21U16J, 440N-Z21S16J.<br \/>\n440N-Z21U26H, 440N-Z21U26B, 440N-Z21U26A, 440N-Z21S26H, 440N-Z21S26B, 440N-Z21S26A,<br \/>\n440N-Z21U16H, 440N-Z21U16B, 440N-Z21U16A, 440N-Z21S16H, 440N-Z21S16B, 440N-Z21S16A,<br \/>\n440N-Z21U17J, 440N-Z21S17J, 440N-Z21U17H, 440N-Z21U17B<\/p>\n<p>&nbsp;<\/p>\n<p>\u0110\u1ea1i l\u00fd ALLEN BRADLEY vietnam, ALLEN BRADLEY viet nam,ALLEN BRADLEY vietnam distributor, Ph\u00e2n ph\u1ed1i ALLEN BRADLEY t\u1ea1i vi\u1ec7t nam<\/p>\n<p>\u0110\u1ea1i l\u00fd ALLEN BRADLEY vietnam, ALLEN BRADLEY viet nam,ALLEN BRADLEY vietnam distributor, Ph\u00e2n ph\u1ed1i ALLEN BRADLEY t\u1ea1i vi\u1ec7t nam<\/p>\n<p>\u0110\u1ea1i l\u00fd ALLEN BRADLEY vietnam, ALLEN BRADLEY viet nam,ALLEN BRADLEY vietnam distributor, Ph\u00e2n ph\u1ed1i ALLEN BRADLEY t\u1ea1i vi\u1ec7t nam<\/p>\n","protected":false},"excerpt":{"rendered":"<p>ALLEN BRADLEY 440N-Z21U26H 440N-Z21U26H AB GUARDMASTER SENSAGUARD NONCONTACT SWITCH 61259882788 GENUINE Features Switches can be connect to a standard safety relay, for example, the MSR126, MSR127, MSR200\/300 Family, SmartGuard\u2122 and Safety I\/O Blocks Multiple actuator sizes for large sensing distance IP69K environmental rating Short-circuit and over-voltage protection LED located on&hellip; <\/p>\n","protected":false},"featured_media":4706,"comment_status":"open","ping_status":"closed","template":"","meta":[],"product_cat":[295],"product_tag":[178,180,179],"class_list":{"0":"post-4705","1":"product","2":"type-product","3":"status-publish","4":"has-post-thumbnail","6":"product_cat-allen-bradley","7":"product_tag-allen-bradley-viet-nam","8":"product_tag-cong-tac-hanh-trinh","9":"product_tag-dai-ly-allen-bradley-viet-nam","11":"first","12":"instock","13":"shipping-taxable","14":"product-type-simple"},"yoast_head":"<!-- This site is optimized with the Yoast SEO plugin v22.8 - https:\/\/yoast.com\/wordpress\/plugins\/seo\/ -->\n<title>ALLEN BRADLEY 440N-Z21U26H - OMANI VI\u1ec6T NAM<\/title>\n<meta name=\"description\" content=\"ALLEN BRADLEY 440N-Z21U26H Safety Switches\" \/>\n<meta name=\"robots\" content=\"index, follow, max-snippet:-1, max-image-preview:large, max-video-preview:-1\" \/>\n<link rel=\"canonical\" href=\"https:\/\/omanivietnam.com\/index.php\/san-pham\/allen-bradley-440n-z21u26h\/\" \/>\n<meta property=\"og:locale\" content=\"vi_VN\" \/>\n<meta property=\"og:type\" content=\"article\" \/>\n<meta property=\"og:title\" content=\"ALLEN BRADLEY 440N-Z21U26H - OMANI VI\u1ec6T NAM\" \/>\n<meta property=\"og:description\" content=\"ALLEN BRADLEY 440N-Z21U26H Safety Switches\" \/>\n<meta property=\"og:url\" content=\"https:\/\/omanivietnam.com\/index.php\/san-pham\/allen-bradley-440n-z21u26h\/\" \/>\n<meta property=\"og:site_name\" content=\"OMANI VI\u1ec6T NAM\" \/>\n<meta property=\"article:modified_time\" content=\"2026-01-16T08:10:12+00:00\" \/>\n<meta property=\"og:image\" content=\"https:\/\/omanivietnam.com\/wp-content\/uploads\/2026\/01\/440N-Z21U26H.png\" \/>\n\t<meta property=\"og:image:width\" content=\"1230\" \/>\n\t<meta property=\"og:image:height\" content=\"897\" \/>\n\t<meta property=\"og:image:type\" content=\"image\/png\" \/>\n<meta name=\"twitter:card\" content=\"summary_large_image\" \/>\n<meta name=\"twitter:label1\" content=\"\u01af\u1edbc t\u00ednh th\u1eddi gian \u0111\u1ecdc\" \/>\n\t<meta name=\"twitter:data1\" content=\"3 ph\u00fat\" \/>\n<script type=\"application\/ld+json\" class=\"yoast-schema-graph\">{\"@context\":\"https:\/\/schema.org\",\"@graph\":[{\"@type\":\"WebPage\",\"@id\":\"https:\/\/omanivietnam.com\/index.php\/san-pham\/allen-bradley-440n-z21u26h\/\",\"url\":\"https:\/\/omanivietnam.com\/index.php\/san-pham\/allen-bradley-440n-z21u26h\/\",\"name\":\"ALLEN BRADLEY 440N-Z21U26H - OMANI VI\u1ec6T NAM\",\"isPartOf\":{\"@id\":\"https:\/\/omanivietnam.com\/#website\"},\"primaryImageOfPage\":{\"@id\":\"https:\/\/omanivietnam.com\/index.php\/san-pham\/allen-bradley-440n-z21u26h\/#primaryimage\"},\"image\":{\"@id\":\"https:\/\/omanivietnam.com\/index.php\/san-pham\/allen-bradley-440n-z21u26h\/#primaryimage\"},\"thumbnailUrl\":\"https:\/\/omanivietnam.com\/wp-content\/uploads\/2026\/01\/440N-Z21U26H.png\",\"datePublished\":\"2026-01-16T08:08:52+00:00\",\"dateModified\":\"2026-01-16T08:10:12+00:00\",\"description\":\"ALLEN BRADLEY 440N-Z21U26H Safety Switches\",\"breadcrumb\":{\"@id\":\"https:\/\/omanivietnam.com\/index.php\/san-pham\/allen-bradley-440n-z21u26h\/#breadcrumb\"},\"inLanguage\":\"vi\",\"potentialAction\":[{\"@type\":\"ReadAction\",\"target\":[\"https:\/\/omanivietnam.com\/index.php\/san-pham\/allen-bradley-440n-z21u26h\/\"]}]},{\"@type\":\"ImageObject\",\"inLanguage\":\"vi\",\"@id\":\"https:\/\/omanivietnam.com\/index.php\/san-pham\/allen-bradley-440n-z21u26h\/#primaryimage\",\"url\":\"https:\/\/omanivietnam.com\/wp-content\/uploads\/2026\/01\/440N-Z21U26H.png\",\"contentUrl\":\"https:\/\/omanivietnam.com\/wp-content\/uploads\/2026\/01\/440N-Z21U26H.png\",\"width\":1230,\"height\":897},{\"@type\":\"BreadcrumbList\",\"@id\":\"https:\/\/omanivietnam.com\/index.php\/san-pham\/allen-bradley-440n-z21u26h\/#breadcrumb\",\"itemListElement\":[{\"@type\":\"ListItem\",\"position\":1,\"name\":\"Home\",\"item\":\"https:\/\/omanivietnam.com\/\"},{\"@type\":\"ListItem\",\"position\":2,\"name\":\"S\u1ea2N PH\u1ea8M\",\"item\":\"https:\/\/omanivietnam.com\/index.php\/cua-hang\/\"},{\"@type\":\"ListItem\",\"position\":3,\"name\":\"ALLEN BRADLEY 440N-Z21U26H\"}]},{\"@type\":\"WebSite\",\"@id\":\"https:\/\/omanivietnam.com\/#website\",\"url\":\"https:\/\/omanivietnam.com\/\",\"name\":\"OMANI VI\u1ec6T NAM\",\"description\":\"Nh\u00e0 ph\u00e2n ph\u1ed1i thi\u1ebft b\u1ecb kh\u00ed n\u00e9n v\u00e0 thi\u1ebft b\u1ecb t\u1ef1 \u0111\u1ed9ng h\u00f3a trong c\u00f4ng nghi\u1ec7p\",\"publisher\":{\"@id\":\"https:\/\/omanivietnam.com\/#\/schema\/person\/0ad398a980dc3fd696111c2c5c8fa897\"},\"potentialAction\":[{\"@type\":\"SearchAction\",\"target\":{\"@type\":\"EntryPoint\",\"urlTemplate\":\"https:\/\/omanivietnam.com\/?s={search_term_string}\"},\"query-input\":\"required name=search_term_string\"}],\"inLanguage\":\"vi\"},{\"@type\":[\"Person\",\"Organization\"],\"@id\":\"https:\/\/omanivietnam.com\/#\/schema\/person\/0ad398a980dc3fd696111c2c5c8fa897\",\"name\":\"Nguy\u1ec5n V\u0103n Kh\u00e1nh\",\"image\":{\"@type\":\"ImageObject\",\"inLanguage\":\"vi\",\"@id\":\"https:\/\/omanivietnam.com\/#\/schema\/person\/image\/\",\"url\":\"https:\/\/omanivietnam.com\/wp-content\/uploads\/2024\/06\/logo-1024x1024.png\",\"contentUrl\":\"https:\/\/omanivietnam.com\/wp-content\/uploads\/2024\/06\/logo-1024x1024.png\",\"width\":1024,\"height\":1024,\"caption\":\"Nguy\u1ec5n V\u0103n Kh\u00e1nh\"},\"logo\":{\"@id\":\"https:\/\/omanivietnam.com\/#\/schema\/person\/image\/\"},\"sameAs\":[\"https:\/\/omanivietnam.com\"]}]}<\/script>\n<!-- \/ Yoast SEO plugin. -->","yoast_head_json":{"title":"ALLEN BRADLEY 440N-Z21U26H - OMANI VI\u1ec6T NAM","description":"ALLEN BRADLEY 440N-Z21U26H Safety Switches","robots":{"index":"index","follow":"follow","max-snippet":"max-snippet:-1","max-image-preview":"max-image-preview:large","max-video-preview":"max-video-preview:-1"},"canonical":"https:\/\/omanivietnam.com\/index.php\/san-pham\/allen-bradley-440n-z21u26h\/","og_locale":"vi_VN","og_type":"article","og_title":"ALLEN BRADLEY 440N-Z21U26H - OMANI VI\u1ec6T NAM","og_description":"ALLEN BRADLEY 440N-Z21U26H Safety Switches","og_url":"https:\/\/omanivietnam.com\/index.php\/san-pham\/allen-bradley-440n-z21u26h\/","og_site_name":"OMANI VI\u1ec6T NAM","article_modified_time":"2026-01-16T08:10:12+00:00","og_image":[{"width":1230,"height":897,"url":"https:\/\/omanivietnam.com\/wp-content\/uploads\/2026\/01\/440N-Z21U26H.png","type":"image\/png"}],"twitter_card":"summary_large_image","twitter_misc":{"\u01af\u1edbc t\u00ednh th\u1eddi gian \u0111\u1ecdc":"3 ph\u00fat"},"schema":{"@context":"https:\/\/schema.org","@graph":[{"@type":"WebPage","@id":"https:\/\/omanivietnam.com\/index.php\/san-pham\/allen-bradley-440n-z21u26h\/","url":"https:\/\/omanivietnam.com\/index.php\/san-pham\/allen-bradley-440n-z21u26h\/","name":"ALLEN BRADLEY 440N-Z21U26H - OMANI VI\u1ec6T NAM","isPartOf":{"@id":"https:\/\/omanivietnam.com\/#website"},"primaryImageOfPage":{"@id":"https:\/\/omanivietnam.com\/index.php\/san-pham\/allen-bradley-440n-z21u26h\/#primaryimage"},"image":{"@id":"https:\/\/omanivietnam.com\/index.php\/san-pham\/allen-bradley-440n-z21u26h\/#primaryimage"},"thumbnailUrl":"https:\/\/omanivietnam.com\/wp-content\/uploads\/2026\/01\/440N-Z21U26H.png","datePublished":"2026-01-16T08:08:52+00:00","dateModified":"2026-01-16T08:10:12+00:00","description":"ALLEN BRADLEY 440N-Z21U26H Safety Switches","breadcrumb":{"@id":"https:\/\/omanivietnam.com\/index.php\/san-pham\/allen-bradley-440n-z21u26h\/#breadcrumb"},"inLanguage":"vi","potentialAction":[{"@type":"ReadAction","target":["https:\/\/omanivietnam.com\/index.php\/san-pham\/allen-bradley-440n-z21u26h\/"]}]},{"@type":"ImageObject","inLanguage":"vi","@id":"https:\/\/omanivietnam.com\/index.php\/san-pham\/allen-bradley-440n-z21u26h\/#primaryimage","url":"https:\/\/omanivietnam.com\/wp-content\/uploads\/2026\/01\/440N-Z21U26H.png","contentUrl":"https:\/\/omanivietnam.com\/wp-content\/uploads\/2026\/01\/440N-Z21U26H.png","width":1230,"height":897},{"@type":"BreadcrumbList","@id":"https:\/\/omanivietnam.com\/index.php\/san-pham\/allen-bradley-440n-z21u26h\/#breadcrumb","itemListElement":[{"@type":"ListItem","position":1,"name":"Home","item":"https:\/\/omanivietnam.com\/"},{"@type":"ListItem","position":2,"name":"S\u1ea2N PH\u1ea8M","item":"https:\/\/omanivietnam.com\/index.php\/cua-hang\/"},{"@type":"ListItem","position":3,"name":"ALLEN BRADLEY 440N-Z21U26H"}]},{"@type":"WebSite","@id":"https:\/\/omanivietnam.com\/#website","url":"https:\/\/omanivietnam.com\/","name":"OMANI VI\u1ec6T NAM","description":"Nh\u00e0 ph\u00e2n ph\u1ed1i thi\u1ebft b\u1ecb kh\u00ed n\u00e9n v\u00e0 thi\u1ebft b\u1ecb t\u1ef1 \u0111\u1ed9ng h\u00f3a trong c\u00f4ng nghi\u1ec7p","publisher":{"@id":"https:\/\/omanivietnam.com\/#\/schema\/person\/0ad398a980dc3fd696111c2c5c8fa897"},"potentialAction":[{"@type":"SearchAction","target":{"@type":"EntryPoint","urlTemplate":"https:\/\/omanivietnam.com\/?s={search_term_string}"},"query-input":"required name=search_term_string"}],"inLanguage":"vi"},{"@type":["Person","Organization"],"@id":"https:\/\/omanivietnam.com\/#\/schema\/person\/0ad398a980dc3fd696111c2c5c8fa897","name":"Nguy\u1ec5n V\u0103n Kh\u00e1nh","image":{"@type":"ImageObject","inLanguage":"vi","@id":"https:\/\/omanivietnam.com\/#\/schema\/person\/image\/","url":"https:\/\/omanivietnam.com\/wp-content\/uploads\/2024\/06\/logo-1024x1024.png","contentUrl":"https:\/\/omanivietnam.com\/wp-content\/uploads\/2024\/06\/logo-1024x1024.png","width":1024,"height":1024,"caption":"Nguy\u1ec5n V\u0103n Kh\u00e1nh"},"logo":{"@id":"https:\/\/omanivietnam.com\/#\/schema\/person\/image\/"},"sameAs":["https:\/\/omanivietnam.com"]}]}},"_links":{"self":[{"href":"https:\/\/omanivietnam.com\/index.php\/wp-json\/wp\/v2\/product\/4705","targetHints":{"allow":["GET"]}}],"collection":[{"href":"https:\/\/omanivietnam.com\/index.php\/wp-json\/wp\/v2\/product"}],"about":[{"href":"https:\/\/omanivietnam.com\/index.php\/wp-json\/wp\/v2\/types\/product"}],"replies":[{"embeddable":true,"href":"https:\/\/omanivietnam.com\/index.php\/wp-json\/wp\/v2\/comments?post=4705"}],"wp:featuredmedia":[{"embeddable":true,"href":"https:\/\/omanivietnam.com\/index.php\/wp-json\/wp\/v2\/media\/4706"}],"wp:attachment":[{"href":"https:\/\/omanivietnam.com\/index.php\/wp-json\/wp\/v2\/media?parent=4705"}],"wp:term":[{"taxonomy":"product_cat","embeddable":true,"href":"https:\/\/omanivietnam.com\/index.php\/wp-json\/wp\/v2\/product_cat?post=4705"},{"taxonomy":"product_tag","embeddable":true,"href":"https:\/\/omanivietnam.com\/index.php\/wp-json\/wp\/v2\/product_tag?post=4705"}],"curies":[{"name":"wp","href":"https:\/\/api.w.org\/{rel}","templated":true}]}}