{"id":4709,"date":"2026-01-16T16:47:56","date_gmt":"2026-01-16T09:47:56","guid":{"rendered":"https:\/\/omanivietnam.com\/?post_type=product&#038;p=4709"},"modified":"2026-01-16T16:49:08","modified_gmt":"2026-01-16T09:49:08","slug":"sesame-pee70-10-p2","status":"publish","type":"product","link":"https:\/\/omanivietnam.com\/index.php\/san-pham\/sesame-pee70-10-p2\/","title":{"rendered":"SESAME PEE70-10-P2"},"content":{"rendered":"<p>SESAME PEE70-10-P2<\/p>\n<p>Gear Box, model PEE70-10-P2 for SESAME, Motor ECMA-C20604 ratio 1\/10<\/p>\n<ul>\n<li>H\u00e3ng s\u1ea3n xu\u1ea5t: SESAME.\u00a0Xu\u1ea5t x\u1ee9: \u0110\u00e0i Loan<\/li>\n<li>Seri PEE (C\u1ed1t d\u01b0\u01a1ng). Model: PEE70-10-P2<\/li>\n<li>M\u1eb7t b\u00edch \u0111\u1ea7u v\u00e0o (mm): 50, 70, 90, 120, 142, 180<\/li>\n<li>D\u1ea3i t\u1ec9 s\u1ed1 truy\u1ec1n t\u00edch h\u1ee3p: 3, 4, 5, 7, 10, 15, 20, 25, 30, 35, 40, 50, 70,100<\/li>\n<li>T\u1ed1c \u0111\u1ed9 \u0111\u1ea7u v\u00e0o \u0111\u1ecbnh m\u1ee9c: \u2264 3000 rpm (Max 6000 rpm)<\/li>\n<li>Khe h\u1edf b\u00e1nh r\u0103ng: C\u00f3 th\u1ec3 \u0111\u1ea1t \u0111\u1ebfn \u2264 7 arcmin<\/li>\n<li>Nhi\u1ec7t \u0111\u1ed9 ho\u1ea1t \u0111\u1ed9ng: -100C ~ 900C<\/li>\n<li>Ti\u00eau chu\u1ea9n b\u1ea3o v\u1ec7: IP65<\/li>\n<\/ul>\n<h1><strong>1. H\u1ed9p s\u1ed1 Sesame l\u00e0 g\u00ec?<\/strong><\/h1>\n<p>PEE70-10-P2 l\u00e0 d\u00f2ng h\u1ed9p s\u1ed1 c\u1ee7a h\u00e3ng Sesame thu\u1ed9c lo\u1ea1i\u00a0<strong>c\u1ed1t d\u01b0\u01a1ng<\/strong>\u00a0cung c\u1ea5p 2 c\u1ea5p ch\u00ednh x\u00e1c v\u00e0 6 lo\u1ea1i k\u00edch th\u01b0\u1edbc \u0111\u1ec3 l\u1ef1a ch\u1ecdn. PEE \u0111\u00e1p \u1ee9ng h\u1ea7u h\u1ebft c\u00e1c \u1ee9ng d\u1ee5ng trong c\u00f4ng nghi\u1ec7p v\u00e0 \u0111i\u1ec1u khi\u1ec3n chuy\u1ec3n \u0111\u1ed9ng. M\u1eb7t b\u00edch h\u00ecnh vu\u00f4ng k\u00edch th\u01b0\u1edbc l\u1edbn nh\u1ea5t l\u00ean \u0111\u1ebfn 180mm. C\u00f4ng su\u1ea5t momen xo\u1eafn cao, v\u1eadn h\u00e0nh \u00eam \u00e1i v\u00e0 hi\u1ec7u su\u1ea5t \u1ed5n \u0111\u1ecbnh v\u1edbi \u0111\u1ed9 ch\u00ednh x\u00e1c c\u00f3 th\u1ec3 l\u00ean \u0111\u1ebfn \u2264 7 arcmin. T\u1ef7 l\u1ec7 3:1 \u0111\u1ebfn 100:1. C\u00f4ng su\u1ea5t momen xo\u1eafn cao, v\u1eadn h\u00e0nh \u00eam \u00e1i v\u00e0 hi\u1ec7u su\u1ea5t \u1ed5n \u0111\u1ecbnh v\u1edbi \u0111\u1ed9 ch\u00ednh x\u00e1c c\u00f3 th\u1ec3 l\u00ean \u0111\u1ebfn \u2264 7 arcmin. T\u1ef7 l\u1ec7 3:1 \u0111\u1ebfn 100:1.<\/p>\n<p>H\u1ee3p s\u1ed1 l\u00e0 m\u1ed9t s\u1ed1 t\u1ef1 nhi\u00ean c\u00f3 th\u1ec3 bi\u1ec3u di\u1ec5n th\u00e0nh t\u00edch c\u1ee7a hai s\u1ed1 t\u1ef1 nhi\u00ean kh\u00e1c nh\u1ecf h\u01a1n n\u00f3. M\u1ed9t \u0111\u1ecbnh ngh\u0129a kh\u00e1c t\u01b0\u01a1ng \u0111\u01b0\u01a1ng: h\u1ee3p s\u1ed1 l\u00e0 s\u1ed1 chia h\u1ebft cho c\u00e1c s\u1ed1 kh\u00e1c ngo\u00e0i 1 v\u00e0 ch\u00ednh n\u00f3. M\u1ecdi s\u1ed1 nguy\u00ean d\u01b0\u01a1ng b\u1ea5t k\u1ef3 ho\u1eb7c l\u00e0 1, ho\u1eb7c l\u00e0 s\u1ed1 nguy\u00ean t\u1ed1, ho\u1eb7c l\u00e0 h\u1ee3p s\u1ed1. S\u1ed1 nguy\u00ean t\u1ed1 trong ti\u1ebfng anh \u0111\u01b0\u1ee3c g\u1ecdi l\u00e0 prime numbers.<\/p>\n<p>N\u1ebfu b\u1ea1n kh\u00f3 c\u00f3 th\u1ec3 h\u00ecnh dung \u0111\u01b0\u1ee3c s\u1ed1 nguy\u00ean t\u1ed1 l\u00e0 g\u00ec, th\u00ec c\u00f3 th\u1ec3 \u0111\u01b0\u1ee3c gi\u1ea3i th\u00edch nh\u01b0 sau: \u201cS\u1ed1 nguy\u00ean t\u1ed1 l\u00e0 m\u1ed9t s\u1ed1 t\u1ef1 nhi\u00ean l\u1edbn h\u01a1n 1, n\u1ebfu nh\u01b0 ngo\u00e0i b\u1ea3n th\u00e2n n\u00f3 v\u00e0 1 ra, s\u1ed1 \u0111\u00f3 kh\u00f4ng chia h\u1ebft cho b\u1ea5t c\u1ee9 s\u1ed1 n\u00e0o kh\u00e1c n\u1eefa th\u00ec n\u00f3 l\u00e0 s\u1ed1 nguy\u00ean t\u1ed1\u201d.<\/p>\n<h1><span id=\"2_Thong_so_ky_thuat\" class=\"ez-toc-section\"><\/span><strong>2. Th\u00f4ng s\u1ed1 k\u1ef9 thu\u1eadt<\/strong><\/h1>\n<h3><span id=\"Model_PEE70-10-P2\" class=\"ez-toc-section\"><\/span>Model: PEE70-10-P2<\/h3>\n<ul>\n<li>K\u00edch th\u01b0\u1edbc m\u1eb7t b\u00edch \u0111\u1ea7u v\u00e0o (mm): 50, 70, 90, 120, 142, 180<\/li>\n<li>T\u1ef7 s\u1ed1 truy\u1ec1n: 3-100:1<\/li>\n<li>T\u1ed1c \u0111\u1ed9 \u0111\u1ea7u v\u00e0o \u0111\u1ecbnh m\u1ee9c (rpm): 2000 \u2013 3000<\/li>\n<li>T\u1ed1c \u0111\u1ed9 \u0111\u1ea7u v\u00e0o l\u1edbn nh\u1ea5t (rpm): 4000 \u2013 6000<\/li>\n<li>Khe h\u1edf b\u00e1nh r\u0103ng (arcmin): 7-12 cho lo\u1ea1i m\u1ed9t giai \u0111o\u1ea1n, 9-15 cho lo\u1ea1i 2 giai \u0111o\u1ea1n.<\/li>\n<li>T\u1ea3i tr\u1ecdng xuy\u00ean t\u00e2m t\u1ed1i \u0111a (N): 350 \u2013 7260.<\/li>\n<li>\u0110\u1ed9 \u1ed3n (dBA\/1m): 65 \u2013 75<\/li>\n<li>Ti\u00eau chu\u1ea9n b\u1ea3o v\u1ec7: IP65<\/li>\n<li>D\u1ea7u b\u00f4i tr\u01a1n: Ch\u1ea5t b\u00f4i tr\u01a1n t\u1ed5ng h\u1ee3p \u0111\u1eb7c bi\u1ec7t kh\u00f4ng c\u1ea7n b\u1ea3o tr\u00ec b\u1ea3o d\u01b0\u1ee1ng tr\u1ecdn \u0111\u1eddi.<\/li>\n<\/ul>\n<h1><span id=\"3_Tinh_nang\" class=\"ez-toc-section\"><\/span><strong>3. T\u00ednh n\u0103ng<\/strong><\/h1>\n<p>PEE70-10-P2 H\u1ed9p s\u1ed1 sesame \u0111\u01b0\u1ee3c thi\u1ebft k\u1ebf \u0111\u1ec3 \u1ee9ng d\u1ee5ng d\u00f9ng k\u1ebft h\u1ee3p v\u1edbi motor servo gi\u00fap \u0111i\u1ec1u khi\u1ec3n ch\u00ednh x\u00e1c v\u1ecb tr\u00ed, h\u1ed9p s\u1ed1 b\u00e1nh r\u0103ng h\u00e0nh tinh \u0111\u01b0\u1ee3c \u1ee9ng d\u1ee5ng r\u1ed9ng r\u00e3i trong c\u00e1c m\u00e1y m\u00f3c t\u1ef1 \u0111\u1ed9ng h\u00f3a nh\u01b0: H\u00e0ng kh\u00f4ng v\u0169 tr\u1ee5, V\u1ec7 tinh, Y khoa, K\u1ef9 thu\u1eadt qu\u00e2n s\u1ef1, C\u00f4ng ngh\u1ec7 b\u00e1n d\u1eabn, Robot \u2026<\/p>\n<ul>\n<li>C\u1ea5u h\u00ecnh n\u1ed9i tuy\u1ebfn v\u1edbi tr\u1ee5c \u0111\u1ea7u ra \u0111\u01b0\u1eddng k\u00ednh t\u1eeb 13mm \u0111\u1ebfn 55mm.<\/li>\n<li>Ph\u1ea1m vi c\u00f4ng su\u1ea5t momen xo\u1eafn: 10N.m \u0111\u1ebfn 1151N.m.<\/li>\n<li>Ph\u1ea1m vi t\u1ec9 l\u1ec7 r\u1ed9ng: 5 t\u1ec9 l\u1ec7 m\u1ed9t giai \u0111o\u1ea1n v\u00e0 9 t\u1ec9 l\u1ec7 hai giai \u0111o\u1ea1n.<\/li>\n<li>Hi\u1ec7u su\u1ea5t cao, ti\u1ebfng \u1ed3n th\u1ea5p.<\/li>\n<li>\u0110\u1ea7u v\u00e0o c\u00f3 k\u00edch th\u01b0\u1edbc m\u1eb7t b\u00edch t\u1eeb 50mm \u0111\u1ebfn 180mm v\u1edbi c\u00e1c k\u00edch th\u01b0\u1edbc t\u00f9y ch\u1ecdn.<\/li>\n<\/ul>\n<h1><span id=\"4_Cac_ung_dung\" class=\"ez-toc-section\"><\/span><strong>4. C\u00e1c \u1ee9ng d\u1ee5ng:<\/strong><\/h1>\n<ul>\n<li>M\u00e1y c\u1eaft g\u1ecdt kim lo\u1ea1i, M\u00e1y in phun, M\u00e1y h\u00e0n, H\u1ec7 th\u1ed1ng CNC, M\u00e1y in c\u00f4ng nghi\u1ec7p, M\u00e1y \u0111\u00f3ng g\u00f3i, M\u00e1y m\u00f3c ngh\u00e0nh nh\u1ef1a, B\u0103ng t\u1ea3i v\u00e0 t\u1ef1 \u0111\u1ed9ng h\u00f3a c\u00f4ng nghi\u1ec7p.<\/li>\n<li>M\u00e1y c\u00f4ng c\u1ee5, M\u00e1y ch\u1ebf bi\u1ebfn th\u1ef1c ph\u1ea9m, L\u00f2 n\u01b0\u1edbng b\u00e1nh m\u1ef3, M\u00e1y d\u1ec7t, M\u00e1y gia c\u00f4ng gi\u00e0y, M\u00e1y ch\u1ebf bi\u1ebfn g\u1ed7, M\u00e1y c\u1eaft bao b\u00ec, M\u00e1y c\u1eaft t\u00f4n.<\/li>\n<li>C\u00e1c ngh\u00e0nh c\u00f4ng nghi\u1ec7p xanh, Thi\u1ebft b\u1ecb th\u1eed nghi\u1ec7m, Thi\u1ebft b\u1ecb t\u1ef1 \u0111\u1ed9ng h\u00f3a v\u00e0 \u0111i\u1ec1u khi\u1ec3n v\u1ecb tr\u00ed ch\u00ednh x\u00e1c d\u00f9ng servo.<\/li>\n<\/ul>\n<h1><strong>5. L\u1ef1a ch\u1ecdn c\u00e1c thi\u1ebft b\u1ecb kh\u00e1c<\/strong><\/h1>\n<p>PEE70-5-P2 L\u01b0u \u00fd khi c\u00e0i h\u1ed9p s\u1ed1 \u0111i\u1ec7n t\u1eed cho \u0111\u1ed9ng c\u01a1 servo th\u00ec c\u00e1c b\u1ea1n c\u1ea7n ph\u1ea3i c\u00e0i t\u1ef7 l\u1ec7 n\u00e0y trong ng\u01b0\u1ee1ng cho ph\u00e9p c\u1ee7a nh\u00e0 s\u1ea3n xu\u1ea5t. N\u1ebfu c\u00e0i ngo\u00e0i ng\u01b0\u1ee1ng n\u00e0y c\u00f3 th\u1ec3 khi\u1ebfn cho driver b\u00e1o l\u1ed7i ho\u1eb7c \u0111\u1ed9ng c\u01a1 servo s\u1ebd ch\u1ea1y kh\u00f4ng c\u00f2n ch\u00ednh x\u00e1c. Ch\u00ednh v\u00ec v\u1eady m\u00e0 khi s\u1eed d\u1ee5ng plc c\u00f3 ng\u00f5 ra ph\u00e1t xung t\u1ed1c \u0111\u1ed9 cao nh\u01b0ng v\u1edbi t\u1ea7n s\u1ed1 ch\u1ec9 kho\u1ea3ng 10kHz th\u00ec c\u00e1c b\u1ea1n n\u00ean ch\u1ecdn lo\u1ea1i servo c\u00f3 \u0111\u1ed9 ph\u00e2n gi\u1ea3i th\u1ea5p th\u00f4i, ch\u1ecdn lo\u1ea1i qu\u00e1 cao th\u00ec c\u00e1c b\u1ea1n r\u1ea5t kh\u00f3 kh\u0103n trong vi\u1ec7c l\u1eadp tr\u00ecnh.<\/p>\n<p>&nbsp;<\/p>\n<table border=\"1\" cellspacing=\"1\" cellpadding=\"1\">\n<tbody>\n<tr>\n<td>C\u00f4ng su\u1ea5t<\/td>\n<td>M\u1eb7t b\u00edch<\/td>\n<td>T\u1ec9 s\u1ed1<\/td>\n<td>Model<\/td>\n<\/tr>\n<tr>\n<td>0.4 kW<\/td>\n<td>80 MM<\/td>\n<td>1\/10<\/td>\n<td>PEE70-10-P2<\/td>\n<\/tr>\n<tr>\n<td>0.4 kW<\/td>\n<td>60 MM<\/td>\n<td>1\/5<\/td>\n<td>PEE70-5-P2<\/td>\n<\/tr>\n<tr>\n<td>0.4 kW<\/td>\n<td>60 MM<\/td>\n<td>1\/10<\/td>\n<td>PEE70-10-P2<\/td>\n<\/tr>\n<tr>\n<td>0.4 kW<\/td>\n<td>60 MM<\/td>\n<td>1\/15<\/td>\n<td>PEE70-15-P2<\/td>\n<\/tr>\n<tr>\n<td>0.4 kW<\/td>\n<td>60 MM<\/td>\n<td>1\/20<\/td>\n<td>PEE70-20-P2<\/td>\n<\/tr>\n<tr>\n<td>0.4 kW<\/td>\n<td>60 MM<\/td>\n<td>1\/5<\/td>\n<td>PGL60-05-P1<\/td>\n<\/tr>\n<tr>\n<td>0.4 kW<\/td>\n<td>60 MM<\/td>\n<td>1\/8<\/td>\n<td>PGL60-08-P1<\/td>\n<\/tr>\n<tr>\n<td>0.75 kW<\/td>\n<td>80 MM<\/td>\n<td>\u00a01\/5<\/td>\n<td>PEE90-5-P2<\/td>\n<\/tr>\n<tr>\n<td>0.75 kW<\/td>\n<td>80 MM<\/td>\n<td>1\/10<\/td>\n<td>PEE90-10-P2<\/td>\n<\/tr>\n<tr>\n<td>1 ~2 kW<\/td>\n<td>130 MM<\/td>\n<td>1\/10<\/td>\n<td>\u00a0 PEE120-10-P2<\/td>\n<\/tr>\n<tr>\n<td>1 ~2 kW<\/td>\n<td>130 MM<\/td>\n<td>1\/15<\/td>\n<td>PEE120-15-P2<\/td>\n<\/tr>\n<tr>\n<td>1 ~2 kW<\/td>\n<td>130 MM<\/td>\n<td>1\/20<\/td>\n<td>PEE120T-20-P2<\/td>\n<\/tr>\n<tr>\n<td>1 ~2 kW<\/td>\n<td>130 MM<\/td>\n<td>1\/25<\/td>\n<td>PEE120T-25-P2<\/td>\n<\/tr>\n<\/tbody>\n<\/table>\n<p>\u0110\u1ea1i l\u00fd SESAME vietnam, SESAME viet nam,SESAME vietnam distributor, Ph\u00e2n ph\u1ed1i SESAME t\u1ea1i vi\u1ec7t nam<\/p>\n<p>\u0110\u1ea1i l\u00fd SESAME vietnam, SESAME viet nam,SESAME vietnam distributor, Ph\u00e2n ph\u1ed1i SESAME t\u1ea1i vi\u1ec7t nam<\/p>\n<p>\u0110\u1ea1i l\u00fd SESAME vietnam, SESAME viet nam,SESAME vietnam distributor, Ph\u00e2n ph\u1ed1i SESAME t\u1ea1i vi\u1ec7t nam<\/p>\n","protected":false},"excerpt":{"rendered":"<p>SESAME PEE70-10-P2 Gear Box, model PEE70-10-P2 for SESAME, Motor ECMA-C20604 ratio 1\/10 H\u00e3ng s\u1ea3n xu\u1ea5t: SESAME.\u00a0Xu\u1ea5t x\u1ee9: \u0110\u00e0i Loan Seri PEE (C\u1ed1t d\u01b0\u01a1ng). Model: PEE70-10-P2 M\u1eb7t b\u00edch \u0111\u1ea7u v\u00e0o (mm): 50, 70, 90, 120, 142, 180 D\u1ea3i t\u1ec9 s\u1ed1 truy\u1ec1n t\u00edch h\u1ee3p: 3, 4, 5, 7, 10, 15, 20, 25,&hellip; <\/p>\n","protected":false},"featured_media":4710,"comment_status":"open","ping_status":"closed","template":"","meta":[],"product_cat":[895],"product_tag":[897,129,896],"class_list":{"0":"post-4709","1":"product","2":"type-product","3":"status-publish","4":"has-post-thumbnail","6":"product_cat-sesame","7":"product_tag-dai-ly-sesame-viet-nam","8":"product_tag-hop-so","9":"product_tag-sesame-viet-nam","11":"first","12":"instock","13":"shipping-taxable","14":"product-type-simple"},"yoast_head":"<!-- This site is optimized with the Yoast SEO plugin v22.8 - https:\/\/yoast.com\/wordpress\/plugins\/seo\/ -->\n<title>SESAME PEE70-10-P2 - OMANI VI\u1ec6T NAM<\/title>\n<meta name=\"description\" content=\"SESAME PEE70-10-P2 Gear Box\" \/>\n<meta name=\"robots\" content=\"index, follow, max-snippet:-1, max-image-preview:large, max-video-preview:-1\" \/>\n<link rel=\"canonical\" href=\"https:\/\/omanivietnam.com\/index.php\/san-pham\/sesame-pee70-10-p2\/\" \/>\n<meta property=\"og:locale\" content=\"vi_VN\" \/>\n<meta property=\"og:type\" content=\"article\" \/>\n<meta property=\"og:title\" content=\"SESAME PEE70-10-P2 - OMANI VI\u1ec6T NAM\" \/>\n<meta property=\"og:description\" content=\"SESAME PEE70-10-P2 Gear Box\" \/>\n<meta property=\"og:url\" content=\"https:\/\/omanivietnam.com\/index.php\/san-pham\/sesame-pee70-10-p2\/\" \/>\n<meta property=\"og:site_name\" content=\"OMANI VI\u1ec6T NAM\" \/>\n<meta property=\"article:modified_time\" content=\"2026-01-16T09:49:08+00:00\" \/>\n<meta property=\"og:image\" content=\"https:\/\/omanivietnam.com\/wp-content\/uploads\/2026\/01\/PEE70-10-P2.png\" \/>\n\t<meta property=\"og:image:width\" content=\"389\" \/>\n\t<meta property=\"og:image:height\" content=\"515\" \/>\n\t<meta property=\"og:image:type\" content=\"image\/png\" \/>\n<meta name=\"twitter:card\" content=\"summary_large_image\" \/>\n<meta name=\"twitter:label1\" content=\"\u01af\u1edbc t\u00ednh th\u1eddi gian \u0111\u1ecdc\" \/>\n\t<meta name=\"twitter:data1\" content=\"6 ph\u00fat\" \/>\n<script type=\"application\/ld+json\" class=\"yoast-schema-graph\">{\"@context\":\"https:\/\/schema.org\",\"@graph\":[{\"@type\":\"WebPage\",\"@id\":\"https:\/\/omanivietnam.com\/index.php\/san-pham\/sesame-pee70-10-p2\/\",\"url\":\"https:\/\/omanivietnam.com\/index.php\/san-pham\/sesame-pee70-10-p2\/\",\"name\":\"SESAME PEE70-10-P2 - OMANI VI\u1ec6T NAM\",\"isPartOf\":{\"@id\":\"https:\/\/omanivietnam.com\/#website\"},\"primaryImageOfPage\":{\"@id\":\"https:\/\/omanivietnam.com\/index.php\/san-pham\/sesame-pee70-10-p2\/#primaryimage\"},\"image\":{\"@id\":\"https:\/\/omanivietnam.com\/index.php\/san-pham\/sesame-pee70-10-p2\/#primaryimage\"},\"thumbnailUrl\":\"https:\/\/omanivietnam.com\/wp-content\/uploads\/2026\/01\/PEE70-10-P2.png\",\"datePublished\":\"2026-01-16T09:47:56+00:00\",\"dateModified\":\"2026-01-16T09:49:08+00:00\",\"description\":\"SESAME PEE70-10-P2 Gear Box\",\"breadcrumb\":{\"@id\":\"https:\/\/omanivietnam.com\/index.php\/san-pham\/sesame-pee70-10-p2\/#breadcrumb\"},\"inLanguage\":\"vi\",\"potentialAction\":[{\"@type\":\"ReadAction\",\"target\":[\"https:\/\/omanivietnam.com\/index.php\/san-pham\/sesame-pee70-10-p2\/\"]}]},{\"@type\":\"ImageObject\",\"inLanguage\":\"vi\",\"@id\":\"https:\/\/omanivietnam.com\/index.php\/san-pham\/sesame-pee70-10-p2\/#primaryimage\",\"url\":\"https:\/\/omanivietnam.com\/wp-content\/uploads\/2026\/01\/PEE70-10-P2.png\",\"contentUrl\":\"https:\/\/omanivietnam.com\/wp-content\/uploads\/2026\/01\/PEE70-10-P2.png\",\"width\":389,\"height\":515},{\"@type\":\"BreadcrumbList\",\"@id\":\"https:\/\/omanivietnam.com\/index.php\/san-pham\/sesame-pee70-10-p2\/#breadcrumb\",\"itemListElement\":[{\"@type\":\"ListItem\",\"position\":1,\"name\":\"Home\",\"item\":\"https:\/\/omanivietnam.com\/\"},{\"@type\":\"ListItem\",\"position\":2,\"name\":\"S\u1ea2N PH\u1ea8M\",\"item\":\"https:\/\/omanivietnam.com\/index.php\/cua-hang\/\"},{\"@type\":\"ListItem\",\"position\":3,\"name\":\"SESAME PEE70-10-P2\"}]},{\"@type\":\"WebSite\",\"@id\":\"https:\/\/omanivietnam.com\/#website\",\"url\":\"https:\/\/omanivietnam.com\/\",\"name\":\"OMANI VI\u1ec6T NAM\",\"description\":\"Nh\u00e0 ph\u00e2n ph\u1ed1i thi\u1ebft b\u1ecb kh\u00ed n\u00e9n v\u00e0 thi\u1ebft b\u1ecb t\u1ef1 \u0111\u1ed9ng h\u00f3a trong c\u00f4ng nghi\u1ec7p\",\"publisher\":{\"@id\":\"https:\/\/omanivietnam.com\/#\/schema\/person\/0ad398a980dc3fd696111c2c5c8fa897\"},\"potentialAction\":[{\"@type\":\"SearchAction\",\"target\":{\"@type\":\"EntryPoint\",\"urlTemplate\":\"https:\/\/omanivietnam.com\/?s={search_term_string}\"},\"query-input\":\"required name=search_term_string\"}],\"inLanguage\":\"vi\"},{\"@type\":[\"Person\",\"Organization\"],\"@id\":\"https:\/\/omanivietnam.com\/#\/schema\/person\/0ad398a980dc3fd696111c2c5c8fa897\",\"name\":\"Nguy\u1ec5n V\u0103n Kh\u00e1nh\",\"image\":{\"@type\":\"ImageObject\",\"inLanguage\":\"vi\",\"@id\":\"https:\/\/omanivietnam.com\/#\/schema\/person\/image\/\",\"url\":\"https:\/\/omanivietnam.com\/wp-content\/uploads\/2024\/06\/logo-1024x1024.png\",\"contentUrl\":\"https:\/\/omanivietnam.com\/wp-content\/uploads\/2024\/06\/logo-1024x1024.png\",\"width\":1024,\"height\":1024,\"caption\":\"Nguy\u1ec5n V\u0103n Kh\u00e1nh\"},\"logo\":{\"@id\":\"https:\/\/omanivietnam.com\/#\/schema\/person\/image\/\"},\"sameAs\":[\"https:\/\/omanivietnam.com\"]}]}<\/script>\n<!-- \/ Yoast SEO plugin. -->","yoast_head_json":{"title":"SESAME PEE70-10-P2 - OMANI VI\u1ec6T NAM","description":"SESAME PEE70-10-P2 Gear Box","robots":{"index":"index","follow":"follow","max-snippet":"max-snippet:-1","max-image-preview":"max-image-preview:large","max-video-preview":"max-video-preview:-1"},"canonical":"https:\/\/omanivietnam.com\/index.php\/san-pham\/sesame-pee70-10-p2\/","og_locale":"vi_VN","og_type":"article","og_title":"SESAME PEE70-10-P2 - OMANI VI\u1ec6T NAM","og_description":"SESAME PEE70-10-P2 Gear Box","og_url":"https:\/\/omanivietnam.com\/index.php\/san-pham\/sesame-pee70-10-p2\/","og_site_name":"OMANI VI\u1ec6T NAM","article_modified_time":"2026-01-16T09:49:08+00:00","og_image":[{"width":389,"height":515,"url":"https:\/\/omanivietnam.com\/wp-content\/uploads\/2026\/01\/PEE70-10-P2.png","type":"image\/png"}],"twitter_card":"summary_large_image","twitter_misc":{"\u01af\u1edbc t\u00ednh th\u1eddi gian \u0111\u1ecdc":"6 ph\u00fat"},"schema":{"@context":"https:\/\/schema.org","@graph":[{"@type":"WebPage","@id":"https:\/\/omanivietnam.com\/index.php\/san-pham\/sesame-pee70-10-p2\/","url":"https:\/\/omanivietnam.com\/index.php\/san-pham\/sesame-pee70-10-p2\/","name":"SESAME PEE70-10-P2 - OMANI VI\u1ec6T NAM","isPartOf":{"@id":"https:\/\/omanivietnam.com\/#website"},"primaryImageOfPage":{"@id":"https:\/\/omanivietnam.com\/index.php\/san-pham\/sesame-pee70-10-p2\/#primaryimage"},"image":{"@id":"https:\/\/omanivietnam.com\/index.php\/san-pham\/sesame-pee70-10-p2\/#primaryimage"},"thumbnailUrl":"https:\/\/omanivietnam.com\/wp-content\/uploads\/2026\/01\/PEE70-10-P2.png","datePublished":"2026-01-16T09:47:56+00:00","dateModified":"2026-01-16T09:49:08+00:00","description":"SESAME PEE70-10-P2 Gear Box","breadcrumb":{"@id":"https:\/\/omanivietnam.com\/index.php\/san-pham\/sesame-pee70-10-p2\/#breadcrumb"},"inLanguage":"vi","potentialAction":[{"@type":"ReadAction","target":["https:\/\/omanivietnam.com\/index.php\/san-pham\/sesame-pee70-10-p2\/"]}]},{"@type":"ImageObject","inLanguage":"vi","@id":"https:\/\/omanivietnam.com\/index.php\/san-pham\/sesame-pee70-10-p2\/#primaryimage","url":"https:\/\/omanivietnam.com\/wp-content\/uploads\/2026\/01\/PEE70-10-P2.png","contentUrl":"https:\/\/omanivietnam.com\/wp-content\/uploads\/2026\/01\/PEE70-10-P2.png","width":389,"height":515},{"@type":"BreadcrumbList","@id":"https:\/\/omanivietnam.com\/index.php\/san-pham\/sesame-pee70-10-p2\/#breadcrumb","itemListElement":[{"@type":"ListItem","position":1,"name":"Home","item":"https:\/\/omanivietnam.com\/"},{"@type":"ListItem","position":2,"name":"S\u1ea2N PH\u1ea8M","item":"https:\/\/omanivietnam.com\/index.php\/cua-hang\/"},{"@type":"ListItem","position":3,"name":"SESAME PEE70-10-P2"}]},{"@type":"WebSite","@id":"https:\/\/omanivietnam.com\/#website","url":"https:\/\/omanivietnam.com\/","name":"OMANI VI\u1ec6T NAM","description":"Nh\u00e0 ph\u00e2n ph\u1ed1i thi\u1ebft b\u1ecb kh\u00ed n\u00e9n v\u00e0 thi\u1ebft b\u1ecb t\u1ef1 \u0111\u1ed9ng h\u00f3a trong c\u00f4ng nghi\u1ec7p","publisher":{"@id":"https:\/\/omanivietnam.com\/#\/schema\/person\/0ad398a980dc3fd696111c2c5c8fa897"},"potentialAction":[{"@type":"SearchAction","target":{"@type":"EntryPoint","urlTemplate":"https:\/\/omanivietnam.com\/?s={search_term_string}"},"query-input":"required name=search_term_string"}],"inLanguage":"vi"},{"@type":["Person","Organization"],"@id":"https:\/\/omanivietnam.com\/#\/schema\/person\/0ad398a980dc3fd696111c2c5c8fa897","name":"Nguy\u1ec5n V\u0103n Kh\u00e1nh","image":{"@type":"ImageObject","inLanguage":"vi","@id":"https:\/\/omanivietnam.com\/#\/schema\/person\/image\/","url":"https:\/\/omanivietnam.com\/wp-content\/uploads\/2024\/06\/logo-1024x1024.png","contentUrl":"https:\/\/omanivietnam.com\/wp-content\/uploads\/2024\/06\/logo-1024x1024.png","width":1024,"height":1024,"caption":"Nguy\u1ec5n V\u0103n Kh\u00e1nh"},"logo":{"@id":"https:\/\/omanivietnam.com\/#\/schema\/person\/image\/"},"sameAs":["https:\/\/omanivietnam.com"]}]}},"_links":{"self":[{"href":"https:\/\/omanivietnam.com\/index.php\/wp-json\/wp\/v2\/product\/4709","targetHints":{"allow":["GET"]}}],"collection":[{"href":"https:\/\/omanivietnam.com\/index.php\/wp-json\/wp\/v2\/product"}],"about":[{"href":"https:\/\/omanivietnam.com\/index.php\/wp-json\/wp\/v2\/types\/product"}],"replies":[{"embeddable":true,"href":"https:\/\/omanivietnam.com\/index.php\/wp-json\/wp\/v2\/comments?post=4709"}],"wp:featuredmedia":[{"embeddable":true,"href":"https:\/\/omanivietnam.com\/index.php\/wp-json\/wp\/v2\/media\/4710"}],"wp:attachment":[{"href":"https:\/\/omanivietnam.com\/index.php\/wp-json\/wp\/v2\/media?parent=4709"}],"wp:term":[{"taxonomy":"product_cat","embeddable":true,"href":"https:\/\/omanivietnam.com\/index.php\/wp-json\/wp\/v2\/product_cat?post=4709"},{"taxonomy":"product_tag","embeddable":true,"href":"https:\/\/omanivietnam.com\/index.php\/wp-json\/wp\/v2\/product_tag?post=4709"}],"curies":[{"name":"wp","href":"https:\/\/api.w.org\/{rel}","templated":true}]}}