{"id":4712,"date":"2026-01-17T16:48:30","date_gmt":"2026-01-17T09:48:30","guid":{"rendered":"https:\/\/omanivietnam.com\/?post_type=product&#038;p=4712"},"modified":"2026-01-17T16:49:57","modified_gmt":"2026-01-17T09:49:57","slug":"sick-mpa-503thtpo","status":"publish","type":"product","link":"https:\/\/omanivietnam.com\/index.php\/san-pham\/sick-mpa-503thtpo\/","title":{"rendered":"SICK MPA-503THTPO"},"content":{"rendered":"<p>SICK MPA-503THTPO<\/p>\n<p class=\"page-title\"><span class=\"base\" data-ui-id=\"page-title-wrapper\">SICK MPA-503THTP0 Sensor,Magnetic Cylinder,503 mm Range,15-30 VDC,2 mT,Cable with M8,1.15 ms,Alum<\/span><\/p>\n<h3>Overview<\/h3>\n<p><strong>MPA &#8211; Precision and versatility up to 1,007 mm<\/strong><br \/>\nThe MPA is a precision magnetic positioning sensor with analog output, offering an economical alternative to potentiometers or other displacement sensors. The system is impressive with significantly reduced time and effort required for installation. The MPA is available for measured lengths between 107 mm to 1,007 mm and can be directly mounted on a host of pneumatic drives or deployed with a separate position transducer thanks to its universal housing with fastening adapters. An intuitive capacitive Teach Pad as well as the 4-color LED display means the sensor can be commissioned quickly and easily.<\/p>\n<p><strong>At a Glance<\/strong><br \/>\n\u25cfAnalog positioning sensor, can be mounted on a vast range of cylinders thanks to its universal housing with adapters<br \/>\n\u25cfMeasured lengths from 107 mm to 1,007 mm in 36 mm increments<br \/>\n\u25cfOutput signals 4 mA to 20 mA as well as 0 V to 10 V in a single sensor<br \/>\n\u25cfLinearity of 0.5 mm (typ.) at a sampling rate of 1.15 ms (typ.), and a resolution of 0.06 mm (typ.)<br \/>\n\u25cfElectric setting of zero point and end point via teach pushbutton<br \/>\n\u25cfIP 67 protection class<\/p>\n<div class=\"product-spec-block\">\n<h3>Product Specifications<\/h3>\n<table id=\"product-attribute-specs-table\" class=\"data table additional-attributes\">\n<thead>\n<tr>\n<th>\n<h4>Product Attribute<\/h4>\n<\/th>\n<th>\n<h4>Attribute Value<\/h4>\n<\/th>\n<\/tr>\n<\/thead>\n<tbody>\n<tr>\n<th class=\"col label\" scope=\"row\">Alternate Mfr Part Number<\/th>\n<td class=\"col data\" data-th=\"Alternate Mfr Part Number\">1059464<\/td>\n<\/tr>\n<tr>\n<th class=\"col label\" scope=\"row\">Body Style<\/th>\n<td class=\"col data\" data-th=\"Body Style\">Cylinder<\/td>\n<\/tr>\n<tr>\n<th class=\"col label\" scope=\"row\">Brand<\/th>\n<td class=\"col data\" data-th=\"Brand\">SICK<\/td>\n<\/tr>\n<tr>\n<th class=\"col label\" scope=\"row\">Connection Type<\/th>\n<td class=\"col data\" data-th=\"Connection Type\">Cable with M8 male connector, 4-pin, 0.3 m (Do not bend below 0 \u00b0C)<\/td>\n<\/tr>\n<tr>\n<th class=\"col label\" scope=\"row\">Housing Material<\/th>\n<td class=\"col data\" data-th=\"Housing Material\">Aluminum, PA, strengthened<\/td>\n<\/tr>\n<tr>\n<th class=\"col label\" scope=\"row\">Manufacturer Part Number<\/th>\n<td class=\"col data\" data-th=\"Manufacturer Part Number\">MPA-503THTP0<\/td>\n<\/tr>\n<tr>\n<th class=\"col label\" scope=\"row\">Output Current<\/th>\n<td class=\"col data\" data-th=\"Output Current\">4 mA &#8230; 20 mA A<\/td>\n<\/tr>\n<tr>\n<th class=\"col label\" scope=\"row\">Output Type<\/th>\n<td class=\"col data\" data-th=\"Output Type\">Analog, IO-Link<\/td>\n<\/tr>\n<tr>\n<th class=\"col label\" scope=\"row\">Sensing Range<\/th>\n<td class=\"col data\" data-th=\"Sensing Range\">\u2265 503 mm (\u00b1 1 mm)<\/td>\n<\/tr>\n<tr>\n<th class=\"col label\" scope=\"row\">Series<\/th>\n<td class=\"col data\" data-th=\"Series\">MPA<\/td>\n<\/tr>\n<tr>\n<th class=\"col label\" scope=\"row\">Supply Voltage<\/th>\n<td class=\"col data\" data-th=\"Supply Voltage\">15-30 VDC<\/td>\n<\/tr>\n<tr>\n<th class=\"col label\" scope=\"row\">Type<\/th>\n<td class=\"col data\" data-th=\"Type\">Magnetic, Analog Positioning<\/td>\n<\/tr>\n<\/tbody>\n<\/table>\n<\/div>\n<p>\u0110\u1ea1i l\u00fd SICK vietnam, SICK viet nam,SICK vietnam distributor, Ph\u00e2n ph\u1ed1i SICK t\u1ea1i vi\u1ec7t nam<\/p>\n<p>\u0110\u1ea1i l\u00fd SICK vietnam, SICK viet nam,SICK vietnam distributor, Ph\u00e2n ph\u1ed1i SICK t\u1ea1i vi\u1ec7t nam<\/p>\n<p>\u0110\u1ea1i l\u00fd SICK vietnam, SICK viet nam,SICK vietnam distributor, Ph\u00e2n ph\u1ed1i SICK t\u1ea1i vi\u1ec7t nam<\/p>\n","protected":false},"excerpt":{"rendered":"<p>SICK MPA-503THTPO SICK MPA-503THTP0 Sensor,Magnetic Cylinder,503 mm Range,15-30 VDC,2 mT,Cable with M8,1.15 ms,Alum Overview MPA &#8211; Precision and versatility up to 1,007 mm The MPA is a precision magnetic positioning sensor with analog output, offering an economical alternative to potentiometers or other displacement sensors. The system is impressive with significantly&hellip; <\/p>\n","protected":false},"featured_media":4713,"comment_status":"open","ping_status":"closed","template":"","meta":[],"product_cat":[297],"product_tag":[88,89,90],"class_list":{"0":"post-4712","1":"product","2":"type-product","3":"status-publish","4":"has-post-thumbnail","6":"product_cat-sick","7":"product_tag-cam-bien","8":"product_tag-dai-ly-sick-viet-nam","9":"product_tag-sick-viet-nam","11":"first","12":"instock","13":"shipping-taxable","14":"product-type-simple"},"yoast_head":"<!-- This site is optimized with the Yoast SEO plugin v22.8 - https:\/\/yoast.com\/wordpress\/plugins\/seo\/ -->\n<title>SICK MPA-503THTPO - OMANI VI\u1ec6T NAM<\/title>\n<meta name=\"description\" content=\"SICK MPA-503THTPO Sensor\" \/>\n<meta name=\"robots\" content=\"index, follow, max-snippet:-1, max-image-preview:large, max-video-preview:-1\" \/>\n<link rel=\"canonical\" href=\"https:\/\/omanivietnam.com\/index.php\/san-pham\/sick-mpa-503thtpo\/\" \/>\n<meta property=\"og:locale\" content=\"vi_VN\" \/>\n<meta property=\"og:type\" content=\"article\" \/>\n<meta property=\"og:title\" content=\"SICK MPA-503THTPO - OMANI VI\u1ec6T NAM\" \/>\n<meta property=\"og:description\" content=\"SICK MPA-503THTPO Sensor\" \/>\n<meta property=\"og:url\" content=\"https:\/\/omanivietnam.com\/index.php\/san-pham\/sick-mpa-503thtpo\/\" \/>\n<meta property=\"og:site_name\" content=\"OMANI VI\u1ec6T NAM\" \/>\n<meta property=\"article:modified_time\" content=\"2026-01-17T09:49:57+00:00\" \/>\n<meta property=\"og:image\" content=\"https:\/\/omanivietnam.com\/wp-content\/uploads\/2026\/01\/MPA-503THTPO.png\" \/>\n\t<meta property=\"og:image:width\" content=\"1293\" \/>\n\t<meta property=\"og:image:height\" content=\"698\" \/>\n\t<meta property=\"og:image:type\" content=\"image\/png\" \/>\n<meta name=\"twitter:card\" content=\"summary_large_image\" \/>\n<meta name=\"twitter:label1\" content=\"\u01af\u1edbc t\u00ednh th\u1eddi gian \u0111\u1ecdc\" \/>\n\t<meta name=\"twitter:data1\" content=\"2 ph\u00fat\" \/>\n<script type=\"application\/ld+json\" class=\"yoast-schema-graph\">{\"@context\":\"https:\/\/schema.org\",\"@graph\":[{\"@type\":\"WebPage\",\"@id\":\"https:\/\/omanivietnam.com\/index.php\/san-pham\/sick-mpa-503thtpo\/\",\"url\":\"https:\/\/omanivietnam.com\/index.php\/san-pham\/sick-mpa-503thtpo\/\",\"name\":\"SICK MPA-503THTPO - OMANI VI\u1ec6T NAM\",\"isPartOf\":{\"@id\":\"https:\/\/omanivietnam.com\/#website\"},\"primaryImageOfPage\":{\"@id\":\"https:\/\/omanivietnam.com\/index.php\/san-pham\/sick-mpa-503thtpo\/#primaryimage\"},\"image\":{\"@id\":\"https:\/\/omanivietnam.com\/index.php\/san-pham\/sick-mpa-503thtpo\/#primaryimage\"},\"thumbnailUrl\":\"https:\/\/omanivietnam.com\/wp-content\/uploads\/2026\/01\/MPA-503THTPO.png\",\"datePublished\":\"2026-01-17T09:48:30+00:00\",\"dateModified\":\"2026-01-17T09:49:57+00:00\",\"description\":\"SICK MPA-503THTPO Sensor\",\"breadcrumb\":{\"@id\":\"https:\/\/omanivietnam.com\/index.php\/san-pham\/sick-mpa-503thtpo\/#breadcrumb\"},\"inLanguage\":\"vi\",\"potentialAction\":[{\"@type\":\"ReadAction\",\"target\":[\"https:\/\/omanivietnam.com\/index.php\/san-pham\/sick-mpa-503thtpo\/\"]}]},{\"@type\":\"ImageObject\",\"inLanguage\":\"vi\",\"@id\":\"https:\/\/omanivietnam.com\/index.php\/san-pham\/sick-mpa-503thtpo\/#primaryimage\",\"url\":\"https:\/\/omanivietnam.com\/wp-content\/uploads\/2026\/01\/MPA-503THTPO.png\",\"contentUrl\":\"https:\/\/omanivietnam.com\/wp-content\/uploads\/2026\/01\/MPA-503THTPO.png\",\"width\":1293,\"height\":698},{\"@type\":\"BreadcrumbList\",\"@id\":\"https:\/\/omanivietnam.com\/index.php\/san-pham\/sick-mpa-503thtpo\/#breadcrumb\",\"itemListElement\":[{\"@type\":\"ListItem\",\"position\":1,\"name\":\"Home\",\"item\":\"https:\/\/omanivietnam.com\/\"},{\"@type\":\"ListItem\",\"position\":2,\"name\":\"S\u1ea2N PH\u1ea8M\",\"item\":\"https:\/\/omanivietnam.com\/index.php\/cua-hang\/\"},{\"@type\":\"ListItem\",\"position\":3,\"name\":\"SICK MPA-503THTPO\"}]},{\"@type\":\"WebSite\",\"@id\":\"https:\/\/omanivietnam.com\/#website\",\"url\":\"https:\/\/omanivietnam.com\/\",\"name\":\"OMANI VI\u1ec6T NAM\",\"description\":\"Nh\u00e0 ph\u00e2n ph\u1ed1i thi\u1ebft b\u1ecb kh\u00ed n\u00e9n v\u00e0 thi\u1ebft b\u1ecb t\u1ef1 \u0111\u1ed9ng h\u00f3a trong c\u00f4ng nghi\u1ec7p\",\"publisher\":{\"@id\":\"https:\/\/omanivietnam.com\/#\/schema\/person\/0ad398a980dc3fd696111c2c5c8fa897\"},\"potentialAction\":[{\"@type\":\"SearchAction\",\"target\":{\"@type\":\"EntryPoint\",\"urlTemplate\":\"https:\/\/omanivietnam.com\/?s={search_term_string}\"},\"query-input\":\"required name=search_term_string\"}],\"inLanguage\":\"vi\"},{\"@type\":[\"Person\",\"Organization\"],\"@id\":\"https:\/\/omanivietnam.com\/#\/schema\/person\/0ad398a980dc3fd696111c2c5c8fa897\",\"name\":\"Nguy\u1ec5n V\u0103n Kh\u00e1nh\",\"image\":{\"@type\":\"ImageObject\",\"inLanguage\":\"vi\",\"@id\":\"https:\/\/omanivietnam.com\/#\/schema\/person\/image\/\",\"url\":\"https:\/\/omanivietnam.com\/wp-content\/uploads\/2024\/06\/logo-1024x1024.png\",\"contentUrl\":\"https:\/\/omanivietnam.com\/wp-content\/uploads\/2024\/06\/logo-1024x1024.png\",\"width\":1024,\"height\":1024,\"caption\":\"Nguy\u1ec5n V\u0103n Kh\u00e1nh\"},\"logo\":{\"@id\":\"https:\/\/omanivietnam.com\/#\/schema\/person\/image\/\"},\"sameAs\":[\"https:\/\/omanivietnam.com\"]}]}<\/script>\n<!-- \/ Yoast SEO plugin. -->","yoast_head_json":{"title":"SICK MPA-503THTPO - OMANI VI\u1ec6T NAM","description":"SICK MPA-503THTPO Sensor","robots":{"index":"index","follow":"follow","max-snippet":"max-snippet:-1","max-image-preview":"max-image-preview:large","max-video-preview":"max-video-preview:-1"},"canonical":"https:\/\/omanivietnam.com\/index.php\/san-pham\/sick-mpa-503thtpo\/","og_locale":"vi_VN","og_type":"article","og_title":"SICK MPA-503THTPO - OMANI VI\u1ec6T NAM","og_description":"SICK MPA-503THTPO Sensor","og_url":"https:\/\/omanivietnam.com\/index.php\/san-pham\/sick-mpa-503thtpo\/","og_site_name":"OMANI VI\u1ec6T NAM","article_modified_time":"2026-01-17T09:49:57+00:00","og_image":[{"width":1293,"height":698,"url":"https:\/\/omanivietnam.com\/wp-content\/uploads\/2026\/01\/MPA-503THTPO.png","type":"image\/png"}],"twitter_card":"summary_large_image","twitter_misc":{"\u01af\u1edbc t\u00ednh th\u1eddi gian \u0111\u1ecdc":"2 ph\u00fat"},"schema":{"@context":"https:\/\/schema.org","@graph":[{"@type":"WebPage","@id":"https:\/\/omanivietnam.com\/index.php\/san-pham\/sick-mpa-503thtpo\/","url":"https:\/\/omanivietnam.com\/index.php\/san-pham\/sick-mpa-503thtpo\/","name":"SICK MPA-503THTPO - OMANI VI\u1ec6T NAM","isPartOf":{"@id":"https:\/\/omanivietnam.com\/#website"},"primaryImageOfPage":{"@id":"https:\/\/omanivietnam.com\/index.php\/san-pham\/sick-mpa-503thtpo\/#primaryimage"},"image":{"@id":"https:\/\/omanivietnam.com\/index.php\/san-pham\/sick-mpa-503thtpo\/#primaryimage"},"thumbnailUrl":"https:\/\/omanivietnam.com\/wp-content\/uploads\/2026\/01\/MPA-503THTPO.png","datePublished":"2026-01-17T09:48:30+00:00","dateModified":"2026-01-17T09:49:57+00:00","description":"SICK MPA-503THTPO Sensor","breadcrumb":{"@id":"https:\/\/omanivietnam.com\/index.php\/san-pham\/sick-mpa-503thtpo\/#breadcrumb"},"inLanguage":"vi","potentialAction":[{"@type":"ReadAction","target":["https:\/\/omanivietnam.com\/index.php\/san-pham\/sick-mpa-503thtpo\/"]}]},{"@type":"ImageObject","inLanguage":"vi","@id":"https:\/\/omanivietnam.com\/index.php\/san-pham\/sick-mpa-503thtpo\/#primaryimage","url":"https:\/\/omanivietnam.com\/wp-content\/uploads\/2026\/01\/MPA-503THTPO.png","contentUrl":"https:\/\/omanivietnam.com\/wp-content\/uploads\/2026\/01\/MPA-503THTPO.png","width":1293,"height":698},{"@type":"BreadcrumbList","@id":"https:\/\/omanivietnam.com\/index.php\/san-pham\/sick-mpa-503thtpo\/#breadcrumb","itemListElement":[{"@type":"ListItem","position":1,"name":"Home","item":"https:\/\/omanivietnam.com\/"},{"@type":"ListItem","position":2,"name":"S\u1ea2N PH\u1ea8M","item":"https:\/\/omanivietnam.com\/index.php\/cua-hang\/"},{"@type":"ListItem","position":3,"name":"SICK MPA-503THTPO"}]},{"@type":"WebSite","@id":"https:\/\/omanivietnam.com\/#website","url":"https:\/\/omanivietnam.com\/","name":"OMANI VI\u1ec6T NAM","description":"Nh\u00e0 ph\u00e2n ph\u1ed1i thi\u1ebft b\u1ecb kh\u00ed n\u00e9n v\u00e0 thi\u1ebft b\u1ecb t\u1ef1 \u0111\u1ed9ng h\u00f3a trong c\u00f4ng nghi\u1ec7p","publisher":{"@id":"https:\/\/omanivietnam.com\/#\/schema\/person\/0ad398a980dc3fd696111c2c5c8fa897"},"potentialAction":[{"@type":"SearchAction","target":{"@type":"EntryPoint","urlTemplate":"https:\/\/omanivietnam.com\/?s={search_term_string}"},"query-input":"required name=search_term_string"}],"inLanguage":"vi"},{"@type":["Person","Organization"],"@id":"https:\/\/omanivietnam.com\/#\/schema\/person\/0ad398a980dc3fd696111c2c5c8fa897","name":"Nguy\u1ec5n V\u0103n Kh\u00e1nh","image":{"@type":"ImageObject","inLanguage":"vi","@id":"https:\/\/omanivietnam.com\/#\/schema\/person\/image\/","url":"https:\/\/omanivietnam.com\/wp-content\/uploads\/2024\/06\/logo-1024x1024.png","contentUrl":"https:\/\/omanivietnam.com\/wp-content\/uploads\/2024\/06\/logo-1024x1024.png","width":1024,"height":1024,"caption":"Nguy\u1ec5n V\u0103n Kh\u00e1nh"},"logo":{"@id":"https:\/\/omanivietnam.com\/#\/schema\/person\/image\/"},"sameAs":["https:\/\/omanivietnam.com"]}]}},"_links":{"self":[{"href":"https:\/\/omanivietnam.com\/index.php\/wp-json\/wp\/v2\/product\/4712","targetHints":{"allow":["GET"]}}],"collection":[{"href":"https:\/\/omanivietnam.com\/index.php\/wp-json\/wp\/v2\/product"}],"about":[{"href":"https:\/\/omanivietnam.com\/index.php\/wp-json\/wp\/v2\/types\/product"}],"replies":[{"embeddable":true,"href":"https:\/\/omanivietnam.com\/index.php\/wp-json\/wp\/v2\/comments?post=4712"}],"wp:featuredmedia":[{"embeddable":true,"href":"https:\/\/omanivietnam.com\/index.php\/wp-json\/wp\/v2\/media\/4713"}],"wp:attachment":[{"href":"https:\/\/omanivietnam.com\/index.php\/wp-json\/wp\/v2\/media?parent=4712"}],"wp:term":[{"taxonomy":"product_cat","embeddable":true,"href":"https:\/\/omanivietnam.com\/index.php\/wp-json\/wp\/v2\/product_cat?post=4712"},{"taxonomy":"product_tag","embeddable":true,"href":"https:\/\/omanivietnam.com\/index.php\/wp-json\/wp\/v2\/product_tag?post=4712"}],"curies":[{"name":"wp","href":"https:\/\/api.w.org\/{rel}","templated":true}]}}