{"id":4714,"date":"2026-01-17T22:28:41","date_gmt":"2026-01-17T15:28:41","guid":{"rendered":"https:\/\/omanivietnam.com\/?post_type=product&#038;p=4714"},"modified":"2026-01-17T22:29:56","modified_gmt":"2026-01-17T15:29:56","slug":"gefran-r-eth100","status":"publish","type":"product","link":"https:\/\/omanivietnam.com\/index.php\/san-pham\/gefran-r-eth100\/","title":{"rendered":"GEFRAN R-ETH100"},"content":{"rendered":"<p>GEFRAN R-ETH100 F026081<\/p>\n<p>R-ETH100 l\u00e0 m\u00f4-\u0111un c\u1ea7u n\u1ed1i v\u1edbi giao di\u1ec7n Fast-Ethernet cho GDNET.<\/p>\n<p>N\u00f3 \u0111i\u1ec1u khi\u1ec3n giao ti\u1ebfp 100 Mbps v\u1edbi thi\u1ebft b\u1ecb \u0111\u1ea7u cu\u1ed1i c\u1ee7a ng\u01b0\u1eddi v\u1eadn h\u00e0nh \u1edf m\u1ed9t b\u00ean v\u00e0 c\u1ea5p ngu\u1ed3n c\u0169ng nh\u01b0 \u0111i\u1ec1u khi\u1ec3n c\u00e1c m\u00f4-\u0111un \u0111\u01b0\u1ee3c c\u00e0i \u0111\u1eb7t tr\u00ean b\u1ea3ng n\u1ed1i \u0111a n\u0103ng R-BUS(x) \u1edf b\u00ean kia, thu th\u1eadp d\u1eef li\u1ec7u t\u1eeb t\u1ea5t c\u1ea3 I\/O c\u1ee9 sau 100\u00b5s.<\/p>\n<p>N\u00f3 c\u00f3 th\u1ec3 \u0111i\u1ec1u khi\u1ec3n t\u1ed1i \u0111a 16 m\u00f4-\u0111un I\/O.<\/p>\n<p>C\u00f4ng t\u1eafc xoay tr\u00ean b\u1ea3ng \u0111i\u1ec1u khi\u1ec3n ph\u00eda tr\u01b0\u1edbc cho ph\u00e9p b\u1ea1n ch\u1ec9 \u0111\u1ecbnh s\u1ed1 n\u00fat trong m\u1ea1ng (1-15).<\/p>\n<p>C\u1ed5ng giao ti\u1ebfp c\u00f3 \u0111\u1ea7u c\u1eafm RJ45 v\u00e0 hai \u0111\u00e8n LED b\u00e1o hi\u1ec7u (li\u00ean k\u1ebft v\u00e0 d\u1eef li\u1ec7u).<\/p>\n<p>R-ETH100 \u0111\u01b0\u1ee3c c\u1ea5p ngu\u1ed3n 24 VDC th\u00f4ng qua \u0111\u1ea7u n\u1ed1i c\u00f3 th\u1ec3 th\u00e1o r\u1eddi.<\/p>\n<ul>\n<li>Ki\u1ec3m so\u00e1t ho\u00e0n to\u00e0n m\u1eb7t sau R-BUS(x)<\/li>\n<li>L\u00e0m m\u1edbi t\u1ea5t c\u1ea3 I\/O \u0111\u00e3 c\u00e0i \u0111\u1eb7t trong 100us (1 n\u00fat)<\/li>\n<li>Giao di\u1ec7n GDNet<\/li>\n<li>Cung c\u1ea5p n\u0103ng l\u01b0\u1ee3ng c\u1ee7a b\u1ea3ng n\u1ed1i \u0111a n\u0103ng<\/li>\n<li>Ph\u00f9 h\u1ee3p v\u1edbi UL508<\/li>\n<\/ul>\n<h2>M\u00f4 \u0111un ngu\u1ed3n Gefran R-ETH100<\/h2>\n<p><strong>D\u01b0\u1edbi \u0111\u00e2y l\u00e0 th\u00f4ng tin s\u1ea3n ph\u1ea9m M\u00f4 \u0111un ngu\u1ed3n Gefran R-ETH100:<\/strong><\/p>\n<h3><b>1. Th\u00f4ng tin s\u1ea3n ph\u1ea9m<\/b><\/h3>\n<p><b>T\u00ean s\u1ea3n ph\u1ea9m: M\u00f4 \u0111un ngu\u1ed3n Gefran R-ETH100<\/b><\/p>\n<p><b>M\u00e3 s\u1ea3n ph\u1ea9m: R-ETH100<\/b><\/p>\n<p>M\u00f4 t\u1ea3:<\/p>\n<p>R-ETH100 l\u00e0 m\u00f4-\u0111un c\u1ea7u n\u1ed1i c\u00f3 giao di\u1ec7n Fast-Ethernet cho GDnet. N\u00f3 \u0111i\u1ec1u khi\u1ec3n giao ti\u1ebfp 100 Mbps v\u1edbi thi\u1ebft b\u1ecb \u0111\u1ea7u cu\u1ed1i c\u1ee7a nh\u00e0 \u0111i\u1ec1u h\u00e0nh \u1edf m\u1ed9t b\u00ean, \u0111\u1ed3ng th\u1eddi c\u1ea5p ngu\u1ed3n v\u00e0 \u0111i\u1ec1u khi\u1ec3n c\u00e1c m\u00f4-\u0111un \u0111\u01b0\u1ee3c c\u00e0i \u0111\u1eb7t tr\u00ean b\u1ea3ng n\u1ed1i \u0111a n\u0103ng R-BUS(x) \u1edf b\u00ean kia, thu th\u1eadp d\u1eef li\u1ec7u t\u1eeb t\u1ea5t c\u1ea3 I\/O c\u1ee9 sau 100\u00b5s. N\u00f3 c\u00f3 th\u1ec3 \u0111i\u1ec1u khi\u1ec3n t\u1ed1i \u0111a 16 m\u00f4-\u0111un I\/O.<\/p>\n<p>Ngu\u1ed3n c\u1ea5p: 24VDC \u00b125% 2A<\/p>\n<p>\u0110\u00e8n hi\u1ec3n th\u1ecb: Power, Run, Failt<\/p>\n<p>C\u1ed5ng giao ti\u1ebfp Ethernet: \u2013 K\u1ebft n\u1ed1i RJ45 ti\u00eau chu\u1ea9n- C\u00f4ng t\u1eafc xoay 16 v\u1ecb tr\u00ed d\u00e0nh cho c\u1ea5u h\u00ecnh n\u00fat: 0: ch\u01b0a \u0111\u01b0\u1ee3c c\u1eafm v\u00e0o m\u1ea1ng, ch\u01b0a \u0111\u01b0\u1ee3c c\u1ea5u h\u00ecnh 1\u2026F n\u00fat ch\u1ecdn 1\u202615 t\u1ed1c \u0111\u1ed9 100Mbps<\/p>\n<p>K\u00edch th\u01b0\u1edbc: 92x90x25,4mm<\/p>\n<p>Tr\u1ecdng l\u01b0\u1ee3ng: 150g<\/p>\n<p>B\u1ea3o v\u1ec7 IP20<\/p>\n<p><strong>H\u00e3ng s\u1ea3n xu\u1ea5t: Gefran<\/strong><\/p>\n<p><b>Th\u1eddi gian b\u1ea3o h\u00e0nh:\u00a0<\/b>Theo quy \u0111\u1ecbnh c\u1ee7a nh\u00e0 s\u1ea3n xu\u1ea5t<\/p>\n<p>\u0110\u1ea1i l\u00fd GEFRAN vietnam, GEFRAN viet nam,GEFRAN vietnam distributor, Ph\u00e2n ph\u1ed1i GEFRAN t\u1ea1i vi\u1ec7t nam<\/p>\n<p>\u0110\u1ea1i l\u00fd GEFRAN vietnam, GEFRAN viet nam,GEFRAN vietnam distributor, Ph\u00e2n ph\u1ed1i GEFRAN t\u1ea1i vi\u1ec7t nam<\/p>\n<p>\u0110\u1ea1i l\u00fd GEFRAN vietnam, GEFRAN viet nam,GEFRAN vietnam distributor, Ph\u00e2n ph\u1ed1i GEFRAN t\u1ea1i vi\u1ec7t nam<\/p>\n","protected":false},"excerpt":{"rendered":"<p>GEFRAN R-ETH100 F026081 R-ETH100 l\u00e0 m\u00f4-\u0111un c\u1ea7u n\u1ed1i v\u1edbi giao di\u1ec7n Fast-Ethernet cho GDNET. N\u00f3 \u0111i\u1ec1u khi\u1ec3n giao ti\u1ebfp 100 Mbps v\u1edbi thi\u1ebft b\u1ecb \u0111\u1ea7u cu\u1ed1i c\u1ee7a ng\u01b0\u1eddi v\u1eadn h\u00e0nh \u1edf m\u1ed9t b\u00ean v\u00e0 c\u1ea5p ngu\u1ed3n c\u0169ng nh\u01b0 \u0111i\u1ec1u khi\u1ec3n c\u00e1c m\u00f4-\u0111un \u0111\u01b0\u1ee3c c\u00e0i \u0111\u1eb7t tr\u00ean b\u1ea3ng n\u1ed1i \u0111a n\u0103ng&hellip; <\/p>\n","protected":false},"featured_media":4715,"comment_status":"open","ping_status":"closed","template":"","meta":[],"product_cat":[887],"product_tag":[889,888,159],"class_list":{"0":"post-4714","1":"product","2":"type-product","3":"status-publish","4":"has-post-thumbnail","6":"product_cat-gefran","7":"product_tag-dai-ly-gefran-viet-nam","8":"product_tag-gefran-viet-nam","9":"product_tag-mo-dun","11":"first","12":"instock","13":"shipping-taxable","14":"product-type-simple"},"yoast_head":"<!-- This site is optimized with the Yoast SEO plugin v22.8 - https:\/\/yoast.com\/wordpress\/plugins\/seo\/ -->\n<title>GEFRAN R-ETH100 - OMANI VI\u1ec6T NAM<\/title>\n<meta name=\"description\" content=\"GEFRAN R-ETH100 Module\" \/>\n<meta name=\"robots\" content=\"index, follow, max-snippet:-1, max-image-preview:large, max-video-preview:-1\" \/>\n<link rel=\"canonical\" href=\"https:\/\/omanivietnam.com\/index.php\/san-pham\/gefran-r-eth100\/\" \/>\n<meta property=\"og:locale\" content=\"vi_VN\" \/>\n<meta property=\"og:type\" content=\"article\" \/>\n<meta property=\"og:title\" content=\"GEFRAN R-ETH100 - OMANI VI\u1ec6T NAM\" \/>\n<meta property=\"og:description\" content=\"GEFRAN R-ETH100 Module\" \/>\n<meta property=\"og:url\" content=\"https:\/\/omanivietnam.com\/index.php\/san-pham\/gefran-r-eth100\/\" \/>\n<meta property=\"og:site_name\" content=\"OMANI VI\u1ec6T NAM\" \/>\n<meta property=\"article:modified_time\" content=\"2026-01-17T15:29:56+00:00\" \/>\n<meta property=\"og:image\" content=\"https:\/\/omanivietnam.com\/wp-content\/uploads\/2026\/01\/R-ETH100.png\" \/>\n\t<meta property=\"og:image:width\" content=\"529\" \/>\n\t<meta property=\"og:image:height\" content=\"586\" \/>\n\t<meta property=\"og:image:type\" content=\"image\/png\" \/>\n<meta name=\"twitter:card\" content=\"summary_large_image\" \/>\n<meta name=\"twitter:label1\" content=\"\u01af\u1edbc t\u00ednh th\u1eddi gian \u0111\u1ecdc\" \/>\n\t<meta name=\"twitter:data1\" content=\"3 ph\u00fat\" \/>\n<script type=\"application\/ld+json\" class=\"yoast-schema-graph\">{\"@context\":\"https:\/\/schema.org\",\"@graph\":[{\"@type\":\"WebPage\",\"@id\":\"https:\/\/omanivietnam.com\/index.php\/san-pham\/gefran-r-eth100\/\",\"url\":\"https:\/\/omanivietnam.com\/index.php\/san-pham\/gefran-r-eth100\/\",\"name\":\"GEFRAN R-ETH100 - OMANI VI\u1ec6T NAM\",\"isPartOf\":{\"@id\":\"https:\/\/omanivietnam.com\/#website\"},\"primaryImageOfPage\":{\"@id\":\"https:\/\/omanivietnam.com\/index.php\/san-pham\/gefran-r-eth100\/#primaryimage\"},\"image\":{\"@id\":\"https:\/\/omanivietnam.com\/index.php\/san-pham\/gefran-r-eth100\/#primaryimage\"},\"thumbnailUrl\":\"https:\/\/omanivietnam.com\/wp-content\/uploads\/2026\/01\/R-ETH100.png\",\"datePublished\":\"2026-01-17T15:28:41+00:00\",\"dateModified\":\"2026-01-17T15:29:56+00:00\",\"description\":\"GEFRAN R-ETH100 Module\",\"breadcrumb\":{\"@id\":\"https:\/\/omanivietnam.com\/index.php\/san-pham\/gefran-r-eth100\/#breadcrumb\"},\"inLanguage\":\"vi\",\"potentialAction\":[{\"@type\":\"ReadAction\",\"target\":[\"https:\/\/omanivietnam.com\/index.php\/san-pham\/gefran-r-eth100\/\"]}]},{\"@type\":\"ImageObject\",\"inLanguage\":\"vi\",\"@id\":\"https:\/\/omanivietnam.com\/index.php\/san-pham\/gefran-r-eth100\/#primaryimage\",\"url\":\"https:\/\/omanivietnam.com\/wp-content\/uploads\/2026\/01\/R-ETH100.png\",\"contentUrl\":\"https:\/\/omanivietnam.com\/wp-content\/uploads\/2026\/01\/R-ETH100.png\",\"width\":529,\"height\":586},{\"@type\":\"BreadcrumbList\",\"@id\":\"https:\/\/omanivietnam.com\/index.php\/san-pham\/gefran-r-eth100\/#breadcrumb\",\"itemListElement\":[{\"@type\":\"ListItem\",\"position\":1,\"name\":\"Home\",\"item\":\"https:\/\/omanivietnam.com\/\"},{\"@type\":\"ListItem\",\"position\":2,\"name\":\"S\u1ea2N PH\u1ea8M\",\"item\":\"https:\/\/omanivietnam.com\/index.php\/cua-hang\/\"},{\"@type\":\"ListItem\",\"position\":3,\"name\":\"GEFRAN R-ETH100\"}]},{\"@type\":\"WebSite\",\"@id\":\"https:\/\/omanivietnam.com\/#website\",\"url\":\"https:\/\/omanivietnam.com\/\",\"name\":\"OMANI VI\u1ec6T NAM\",\"description\":\"Nh\u00e0 ph\u00e2n ph\u1ed1i thi\u1ebft b\u1ecb kh\u00ed n\u00e9n v\u00e0 thi\u1ebft b\u1ecb t\u1ef1 \u0111\u1ed9ng h\u00f3a trong c\u00f4ng nghi\u1ec7p\",\"publisher\":{\"@id\":\"https:\/\/omanivietnam.com\/#\/schema\/person\/0ad398a980dc3fd696111c2c5c8fa897\"},\"potentialAction\":[{\"@type\":\"SearchAction\",\"target\":{\"@type\":\"EntryPoint\",\"urlTemplate\":\"https:\/\/omanivietnam.com\/?s={search_term_string}\"},\"query-input\":\"required name=search_term_string\"}],\"inLanguage\":\"vi\"},{\"@type\":[\"Person\",\"Organization\"],\"@id\":\"https:\/\/omanivietnam.com\/#\/schema\/person\/0ad398a980dc3fd696111c2c5c8fa897\",\"name\":\"Nguy\u1ec5n V\u0103n Kh\u00e1nh\",\"image\":{\"@type\":\"ImageObject\",\"inLanguage\":\"vi\",\"@id\":\"https:\/\/omanivietnam.com\/#\/schema\/person\/image\/\",\"url\":\"https:\/\/omanivietnam.com\/wp-content\/uploads\/2024\/06\/logo-1024x1024.png\",\"contentUrl\":\"https:\/\/omanivietnam.com\/wp-content\/uploads\/2024\/06\/logo-1024x1024.png\",\"width\":1024,\"height\":1024,\"caption\":\"Nguy\u1ec5n V\u0103n Kh\u00e1nh\"},\"logo\":{\"@id\":\"https:\/\/omanivietnam.com\/#\/schema\/person\/image\/\"},\"sameAs\":[\"https:\/\/omanivietnam.com\"]}]}<\/script>\n<!-- \/ Yoast SEO plugin. -->","yoast_head_json":{"title":"GEFRAN R-ETH100 - OMANI VI\u1ec6T NAM","description":"GEFRAN R-ETH100 Module","robots":{"index":"index","follow":"follow","max-snippet":"max-snippet:-1","max-image-preview":"max-image-preview:large","max-video-preview":"max-video-preview:-1"},"canonical":"https:\/\/omanivietnam.com\/index.php\/san-pham\/gefran-r-eth100\/","og_locale":"vi_VN","og_type":"article","og_title":"GEFRAN R-ETH100 - OMANI VI\u1ec6T NAM","og_description":"GEFRAN R-ETH100 Module","og_url":"https:\/\/omanivietnam.com\/index.php\/san-pham\/gefran-r-eth100\/","og_site_name":"OMANI VI\u1ec6T NAM","article_modified_time":"2026-01-17T15:29:56+00:00","og_image":[{"width":529,"height":586,"url":"https:\/\/omanivietnam.com\/wp-content\/uploads\/2026\/01\/R-ETH100.png","type":"image\/png"}],"twitter_card":"summary_large_image","twitter_misc":{"\u01af\u1edbc t\u00ednh th\u1eddi gian \u0111\u1ecdc":"3 ph\u00fat"},"schema":{"@context":"https:\/\/schema.org","@graph":[{"@type":"WebPage","@id":"https:\/\/omanivietnam.com\/index.php\/san-pham\/gefran-r-eth100\/","url":"https:\/\/omanivietnam.com\/index.php\/san-pham\/gefran-r-eth100\/","name":"GEFRAN R-ETH100 - OMANI VI\u1ec6T NAM","isPartOf":{"@id":"https:\/\/omanivietnam.com\/#website"},"primaryImageOfPage":{"@id":"https:\/\/omanivietnam.com\/index.php\/san-pham\/gefran-r-eth100\/#primaryimage"},"image":{"@id":"https:\/\/omanivietnam.com\/index.php\/san-pham\/gefran-r-eth100\/#primaryimage"},"thumbnailUrl":"https:\/\/omanivietnam.com\/wp-content\/uploads\/2026\/01\/R-ETH100.png","datePublished":"2026-01-17T15:28:41+00:00","dateModified":"2026-01-17T15:29:56+00:00","description":"GEFRAN R-ETH100 Module","breadcrumb":{"@id":"https:\/\/omanivietnam.com\/index.php\/san-pham\/gefran-r-eth100\/#breadcrumb"},"inLanguage":"vi","potentialAction":[{"@type":"ReadAction","target":["https:\/\/omanivietnam.com\/index.php\/san-pham\/gefran-r-eth100\/"]}]},{"@type":"ImageObject","inLanguage":"vi","@id":"https:\/\/omanivietnam.com\/index.php\/san-pham\/gefran-r-eth100\/#primaryimage","url":"https:\/\/omanivietnam.com\/wp-content\/uploads\/2026\/01\/R-ETH100.png","contentUrl":"https:\/\/omanivietnam.com\/wp-content\/uploads\/2026\/01\/R-ETH100.png","width":529,"height":586},{"@type":"BreadcrumbList","@id":"https:\/\/omanivietnam.com\/index.php\/san-pham\/gefran-r-eth100\/#breadcrumb","itemListElement":[{"@type":"ListItem","position":1,"name":"Home","item":"https:\/\/omanivietnam.com\/"},{"@type":"ListItem","position":2,"name":"S\u1ea2N PH\u1ea8M","item":"https:\/\/omanivietnam.com\/index.php\/cua-hang\/"},{"@type":"ListItem","position":3,"name":"GEFRAN R-ETH100"}]},{"@type":"WebSite","@id":"https:\/\/omanivietnam.com\/#website","url":"https:\/\/omanivietnam.com\/","name":"OMANI VI\u1ec6T NAM","description":"Nh\u00e0 ph\u00e2n ph\u1ed1i thi\u1ebft b\u1ecb kh\u00ed n\u00e9n v\u00e0 thi\u1ebft b\u1ecb t\u1ef1 \u0111\u1ed9ng h\u00f3a trong c\u00f4ng nghi\u1ec7p","publisher":{"@id":"https:\/\/omanivietnam.com\/#\/schema\/person\/0ad398a980dc3fd696111c2c5c8fa897"},"potentialAction":[{"@type":"SearchAction","target":{"@type":"EntryPoint","urlTemplate":"https:\/\/omanivietnam.com\/?s={search_term_string}"},"query-input":"required name=search_term_string"}],"inLanguage":"vi"},{"@type":["Person","Organization"],"@id":"https:\/\/omanivietnam.com\/#\/schema\/person\/0ad398a980dc3fd696111c2c5c8fa897","name":"Nguy\u1ec5n V\u0103n Kh\u00e1nh","image":{"@type":"ImageObject","inLanguage":"vi","@id":"https:\/\/omanivietnam.com\/#\/schema\/person\/image\/","url":"https:\/\/omanivietnam.com\/wp-content\/uploads\/2024\/06\/logo-1024x1024.png","contentUrl":"https:\/\/omanivietnam.com\/wp-content\/uploads\/2024\/06\/logo-1024x1024.png","width":1024,"height":1024,"caption":"Nguy\u1ec5n V\u0103n Kh\u00e1nh"},"logo":{"@id":"https:\/\/omanivietnam.com\/#\/schema\/person\/image\/"},"sameAs":["https:\/\/omanivietnam.com"]}]}},"_links":{"self":[{"href":"https:\/\/omanivietnam.com\/index.php\/wp-json\/wp\/v2\/product\/4714","targetHints":{"allow":["GET"]}}],"collection":[{"href":"https:\/\/omanivietnam.com\/index.php\/wp-json\/wp\/v2\/product"}],"about":[{"href":"https:\/\/omanivietnam.com\/index.php\/wp-json\/wp\/v2\/types\/product"}],"replies":[{"embeddable":true,"href":"https:\/\/omanivietnam.com\/index.php\/wp-json\/wp\/v2\/comments?post=4714"}],"wp:featuredmedia":[{"embeddable":true,"href":"https:\/\/omanivietnam.com\/index.php\/wp-json\/wp\/v2\/media\/4715"}],"wp:attachment":[{"href":"https:\/\/omanivietnam.com\/index.php\/wp-json\/wp\/v2\/media?parent=4714"}],"wp:term":[{"taxonomy":"product_cat","embeddable":true,"href":"https:\/\/omanivietnam.com\/index.php\/wp-json\/wp\/v2\/product_cat?post=4714"},{"taxonomy":"product_tag","embeddable":true,"href":"https:\/\/omanivietnam.com\/index.php\/wp-json\/wp\/v2\/product_tag?post=4714"}],"curies":[{"name":"wp","href":"https:\/\/api.w.org\/{rel}","templated":true}]}}