{"id":4716,"date":"2026-01-18T21:41:47","date_gmt":"2026-01-18T14:41:47","guid":{"rendered":"https:\/\/omanivietnam.com\/?post_type=product&#038;p=4716"},"modified":"2026-01-18T21:42:54","modified_gmt":"2026-01-18T14:42:54","slug":"smc-cdm2b25-100z","status":"publish","type":"product","link":"https:\/\/omanivietnam.com\/index.php\/san-pham\/smc-cdm2b25-100z\/","title":{"rendered":"SMC CDM2B25-100Z"},"content":{"rendered":"<p>SMC CDM2B25-100Z<\/p>\n<p>CDM2B25-100Z&#8212;CDM2B25-100Z1; CM2B25-100Z&#8212;CM2B25-100Z1<\/p>\n<p>CDM2RB25-100Z&#8212;CDM2RB25-100Z1; CM2RB25-100Z&#8212;CM2RB25-100Z1<\/p>\n<p>CDM2RA25-100Z&#8212;CDM2RA25-100Z1; CM2RA25-100Z&#8212;CM2RA25-100Z1<\/p>\n<h2><strong>Th\u00f4ng s\u1ed1 k\u1ef9 thu\u1eadt v\u00e0 catalogue xi lanh kh\u00ed n\u00e9n SMC CDM2B25-100Z<\/strong><\/h2>\n<p><strong>Xi lanh kh\u00ed n\u00e9n <\/strong><strong>CDM2B25-100Z<\/strong>\u00a0l\u00e0 lo\u1ea1i xi lanh c\u00f3 \u0111\u01b0\u1eddng k\u00ednh phi 25mm<\/p>\n<p>K\u00edch th\u01b0\u1edbc c\u1ed5ng: 1\/8\u2033 (ren 9,6mm)<\/p>\n<p>\u00c1p su\u1ea5t\u00a0 : 0.05~0.1 MPa<\/p>\n<p>Nhi\u1ec7t \u0111\u1ed9: -10 ~ 70 \u0111\u1ed9 C<\/p>\n<p>H\u00e3ng s\u1ea3n xu\u1ea5t: SMC<\/p>\n<p>Lo\u1ea1i xi lanh kh\u00ed n\u00e9n mini\u00a0<b>CDM2B20\u00a0<\/b>\u0111\u01b0\u1eddng k\u00ednh phi\u00a0<strong>20mm<\/strong>\u00a0c\u00f3 c\u00e1c h\u00e0nh tr\u00ecnh nh\u01b0 sau:<\/p>\n<p>CDM2B20-25Z, CDM2B20-50Z, CDM2B20-75Z, CDM2B20-100Z, CDM2B20-125Z, CDM2B20-150Z.<\/p>\n<p>Lo\u1ea1i xi lanh kh\u00ed n\u00e9n mini\u00a0<b>CDM2B25\u00a0<\/b>\u0111\u01b0\u1eddng k\u00ednh phi\u00a0<strong>25mm<\/strong>\u00a0c\u00f3 c\u00e1c h\u00e0nh tr\u00ecnh nh\u01b0 sau:<\/p>\n<p>CDM2B25-25Z, CDM2B25-50Z, CDM2B25-75Z, CDM2B25-100Z, CDM2B25-125Z, CDM2B25-150Z.<\/p>\n<p>Lo\u1ea1i xi lanh kh\u00ed n\u00e9n mini\u00a0<b>CDM2B32\u00a0<\/b>\u0111\u01b0\u1eddng k\u00ednh phi\u00a0<strong>32mm<\/strong>\u00a0c\u00f3 c\u00e1c h\u00e0nh tr\u00ecnh nh\u01b0 sau:<\/p>\n<p>CDM2B32-25Z, CDM2B32-50Z, CDM2B32-75Z, CDM2B32-100Z, CDM2B32-125Z, CDM2B32-150Z, CDM2B32-200Z.<\/p>\n<p>Lo\u1ea1i xi lanh kh\u00ed n\u00e9n mini\u00a0<b>CDM2B40\u00a0<\/b>\u0111\u01b0\u1eddng k\u00ednh phi\u00a0<strong>40mm<\/strong>\u00a0c\u00f3 c\u00e1c h\u00e0nh tr\u00ecnh nh\u01b0 sau:<\/p>\n<p>CDM2B40-25Z, CDM2B40-50Z, CDM2B40-75Z, CDM2B40-100Z, CDM2B40-125Z, CDM2B40-150Z, CDM2B40-200Z, CDM2B40- 250Z.<\/p>\n<h2><strong><span class=\"TieuDeSanPhamEditor\">\u0110\u1eb7c \u0111i\u1ec3m chung c\u1ee7a Xy lanh kh\u00ed (Lo\u1ea1i ti\u00eau chu\u1ea9n &#8211; T\u00e1c \u0111\u1ed9ng k\u00e9p &#8211; piston \u0111\u01a1n)\u00a0SMC\u00a0CM2 series\u00a0(ch\u1ee9a model\u00a0CDM2B25-100Z)<\/span><\/strong><\/h2>\n<div>Xy lanh kh\u00ed (Lo\u1ea1i ti\u00eau chu\u1ea9n &#8211; T\u00e1c \u0111\u1ed9ng k\u00e9p &#8211; piston \u0111\u01a1n) SMC d\u00f2ng CM2:<\/div>\n<div>&#8211; D\u1ec5 d\u00e0ng \u0111i\u1ec1u ch\u1ec9nh v\u1ecb tr\u00ed c\u00f4ng t\u1eafc t\u1ef1 \u0111\u1ed9ng.<\/div>\n<div>&#8211; Gi\u00e1 \u0111\u1ee1 trong su\u1ed1t gi\u00fap c\u1ea3i thi\u1ec7n kh\u1ea3 n\u0103ng hi\u1ec3n th\u1ecb c\u1ee7a \u0111\u00e8n LED b\u00e1o hi\u1ec7u.<\/div>\n<div>&#8211; C\u00f3 s\u1eb5n c\u00e1c gi\u00e1 \u0111\u1ee1 tr\u1ee5c clevis v\u00e0 trunnion \u0111\u01a1n.<\/div>\n<h2><span class=\"TieuDeSanPhamEditor\">Th\u00f4ng s\u00f4\u0301 k\u1ef9 thu\u00e2\u0323t c\u1ee7a Xy lanh kh\u00ed (Lo\u1ea1i ti\u00eau chu\u1ea9n &#8211; T\u00e1c \u0111\u1ed9ng k\u00e9p &#8211; piston \u0111\u01a1n)\u00a0SMC\u00a0CDM2B25-100Z<\/span><\/h2>\n<table border=\"1\">\n<tbody>\n<tr>\n<td>Lo\u1ea1i<\/td>\n<td>Standard &#8211; round type<\/td>\n<\/tr>\n<tr>\n<td>T\u1eeb t\u00ednh<\/td>\n<td>Yes<\/td>\n<\/tr>\n<tr>\n<td>M\u00f4i ch\u1ea5t<\/td>\n<td>Compressed air<\/td>\n<\/tr>\n<tr>\n<td>Ki\u1ec3u ho\u1ea1t \u0111\u1ed9ng c\u1ee7a xi lanh<\/td>\n<td>Double acting<\/td>\n<\/tr>\n<tr>\n<td>Ki\u1ec3u ho\u1ea1t \u0111\u1ed9ng c\u1ee7a c\u1ea7n<\/td>\n<td>Single rod<\/td>\n<\/tr>\n<tr>\n<td>\u0110\u01b0\u1eddng k\u00ednh l\u00f2ng<\/td>\n<td>25mm<\/td>\n<\/tr>\n<tr>\n<td>H\u00e0nh tr\u00ecnh<\/td>\n<td>100mm<\/td>\n<\/tr>\n<tr>\n<td>Ren \u0111\u1ea7u c\u1ea7n<\/td>\n<td>Male threaded<\/td>\n<\/tr>\n<tr>\n<td>C\u1ee1 ren \u0111\u1ea7u c\u1ea7n<\/td>\n<td>M10x1.25<\/td>\n<\/tr>\n<tr>\n<td>Ki\u1ec3u ren c\u1ed5ng<\/td>\n<td>Rc thread<\/td>\n<\/tr>\n<tr>\n<td>C\u1ee1 c\u1ed5ng<\/td>\n<td>1\/8&#8243;<\/td>\n<\/tr>\n<tr>\n<td>Ki\u1ec3u l\u1eafp \u0111\u1eb7t<\/td>\n<td>Basic (double-side bossed)<\/td>\n<\/tr>\n<tr>\n<td>H\u00ecnh d\u1ea1ng tr\u1ee5c<\/td>\n<td>Round<\/td>\n<\/tr>\n<tr>\n<td>\u0110\u01b0\u1eddng k\u00ednh tr\u1ee5c<\/td>\n<td>10mm<\/td>\n<\/tr>\n<tr>\n<td>Gi\u1ea3m ch\u1ea5n<\/td>\n<td>Rubber bumper<\/td>\n<\/tr>\n<tr>\n<td>Ph\u01b0\u01a1ng ph\u00e1p l\u1eafp \u0111\u1eb7t c\u1ea3m bi\u1ebfn<\/td>\n<td>Band mounting<\/td>\n<\/tr>\n<tr>\n<td>S\u1ed1 c\u00f4ng t\u1eafc t\u1ef1 \u0111\u1ed9ng<\/td>\n<td>0<\/td>\n<\/tr>\n<tr>\n<td>\u00c1p su\u1ea5t ho\u1ea1t \u0111\u1ed9ng<\/td>\n<td>0.05&#8230;1MPa<\/td>\n<\/tr>\n<tr>\n<td>\u00c1p su\u1ea5t ch\u1ecbu \u0111\u01b0\u1ee3c<\/td>\n<td>1.5MPa<\/td>\n<\/tr>\n<tr>\n<td>B\u00f4i tr\u01a1n<\/td>\n<td>Not required (Non-lube)<\/td>\n<\/tr>\n<tr>\n<td>Nhi\u1ec7t \u0111\u1ed9 m\u00f4i ch\u1ea5t<\/td>\n<td>-10&#8230;60\u00b0C<\/td>\n<\/tr>\n<tr>\n<td>M\u00f4i tr\u01b0\u1eddng ho\u1ea1t \u0111\u1ed9ng<\/td>\n<td>Standard<\/td>\n<\/tr>\n<tr>\n<td>Nhi\u1ec7t \u0111\u1ed9 m\u00f4i tr\u01b0\u1eddng (\u00b0C)<\/td>\n<td>-10&#8230;60\u00b0C<\/td>\n<\/tr>\n<tr>\n<td>Chi\u1ec1u r\u1ed9ng t\u1ed5ng th\u1ec3<\/td>\n<td>30mm<\/td>\n<\/tr>\n<tr>\n<td>Chi\u1ec1u cao t\u1ed5ng th\u1ec3<\/td>\n<td>30mm<\/td>\n<\/tr>\n<tr>\n<td>Chi\u1ec1u s\u00e2u t\u1ed5ng th\u1ec3<\/td>\n<td>220mm<\/td>\n<\/tr>\n<tr>\n<td>Ti\u00eau chu\u1ea9n<\/td>\n<td>RoHS<\/td>\n<\/tr>\n<\/tbody>\n<\/table>\n<p>&nbsp;<\/p>\n<p>\u0110\u1ea1i l\u00fd SMC vietnam, SMC viet nam, SMC vietnam distributor, Ph\u00e2n ph\u1ed1i SMC t\u1ea1i vi\u1ec7t nam<\/p>\n<p>\u0110\u1ea1i l\u00fd SMC vietnam, SMC viet nam, SMC vietnam distributor, Ph\u00e2n ph\u1ed1i SMC t\u1ea1i vi\u1ec7t nam<\/p>\n<p>\u0110\u1ea1i l\u00fd SMC vietnam, SMC viet nam, SMC vietnam distributor, Ph\u00e2n ph\u1ed1i SMC t\u1ea1i vi\u1ec7t nam<\/p>\n","protected":false},"excerpt":{"rendered":"<p>SMC CDM2B25-100Z CDM2B25-100Z&#8212;CDM2B25-100Z1; CM2B25-100Z&#8212;CM2B25-100Z1 CDM2RB25-100Z&#8212;CDM2RB25-100Z1; CM2RB25-100Z&#8212;CM2RB25-100Z1 CDM2RA25-100Z&#8212;CDM2RA25-100Z1; CM2RA25-100Z&#8212;CM2RA25-100Z1 Th\u00f4ng s\u1ed1 k\u1ef9 thu\u1eadt v\u00e0 catalogue xi lanh kh\u00ed n\u00e9n SMC CDM2B25-100Z Xi lanh kh\u00ed n\u00e9n CDM2B25-100Z\u00a0l\u00e0 lo\u1ea1i xi lanh c\u00f3 \u0111\u01b0\u1eddng k\u00ednh phi 25mm K\u00edch th\u01b0\u1edbc c\u1ed5ng: 1\/8\u2033 (ren 9,6mm) \u00c1p su\u1ea5t\u00a0 : 0.05~0.1 MPa Nhi\u1ec7t \u0111\u1ed9: -10 ~ 70 \u0111\u1ed9&hellip; <\/p>\n","protected":false},"featured_media":4717,"comment_status":"open","ping_status":"closed","template":"","meta":[],"product_cat":[283],"product_tag":[93,92,98],"class_list":{"0":"post-4716","1":"product","2":"type-product","3":"status-publish","4":"has-post-thumbnail","6":"product_cat-smc","7":"product_tag-dai-ly-smc-viet-nam","8":"product_tag-smc-viet-nam","9":"product_tag-xy-lanh-khi","11":"first","12":"instock","13":"shipping-taxable","14":"product-type-simple"},"yoast_head":"<!-- This site is optimized with the Yoast SEO plugin v22.8 - https:\/\/yoast.com\/wordpress\/plugins\/seo\/ -->\n<title>SMC CDM2B25-100Z - OMANI VI\u1ec6T NAM<\/title>\n<meta name=\"description\" content=\"SMC CDM2B25-100Z Cylinder\" \/>\n<meta name=\"robots\" content=\"index, follow, max-snippet:-1, max-image-preview:large, max-video-preview:-1\" \/>\n<link rel=\"canonical\" href=\"https:\/\/omanivietnam.com\/index.php\/san-pham\/smc-cdm2b25-100z\/\" \/>\n<meta property=\"og:locale\" content=\"vi_VN\" \/>\n<meta property=\"og:type\" content=\"article\" \/>\n<meta property=\"og:title\" content=\"SMC CDM2B25-100Z - OMANI VI\u1ec6T NAM\" \/>\n<meta property=\"og:description\" content=\"SMC CDM2B25-100Z Cylinder\" \/>\n<meta property=\"og:url\" content=\"https:\/\/omanivietnam.com\/index.php\/san-pham\/smc-cdm2b25-100z\/\" \/>\n<meta property=\"og:site_name\" content=\"OMANI VI\u1ec6T NAM\" \/>\n<meta property=\"article:modified_time\" content=\"2026-01-18T14:42:54+00:00\" \/>\n<meta property=\"og:image\" content=\"https:\/\/omanivietnam.com\/wp-content\/uploads\/2026\/01\/CDM2RB25-100Z.png\" \/>\n\t<meta property=\"og:image:width\" content=\"781\" \/>\n\t<meta property=\"og:image:height\" content=\"723\" \/>\n\t<meta property=\"og:image:type\" content=\"image\/png\" \/>\n<meta name=\"twitter:card\" content=\"summary_large_image\" \/>\n<meta name=\"twitter:label1\" content=\"\u01af\u1edbc t\u00ednh th\u1eddi gian \u0111\u1ecdc\" \/>\n\t<meta name=\"twitter:data1\" content=\"3 ph\u00fat\" \/>\n<script type=\"application\/ld+json\" class=\"yoast-schema-graph\">{\"@context\":\"https:\/\/schema.org\",\"@graph\":[{\"@type\":\"WebPage\",\"@id\":\"https:\/\/omanivietnam.com\/index.php\/san-pham\/smc-cdm2b25-100z\/\",\"url\":\"https:\/\/omanivietnam.com\/index.php\/san-pham\/smc-cdm2b25-100z\/\",\"name\":\"SMC CDM2B25-100Z - OMANI VI\u1ec6T NAM\",\"isPartOf\":{\"@id\":\"https:\/\/omanivietnam.com\/#website\"},\"primaryImageOfPage\":{\"@id\":\"https:\/\/omanivietnam.com\/index.php\/san-pham\/smc-cdm2b25-100z\/#primaryimage\"},\"image\":{\"@id\":\"https:\/\/omanivietnam.com\/index.php\/san-pham\/smc-cdm2b25-100z\/#primaryimage\"},\"thumbnailUrl\":\"https:\/\/omanivietnam.com\/wp-content\/uploads\/2026\/01\/CDM2RB25-100Z.png\",\"datePublished\":\"2026-01-18T14:41:47+00:00\",\"dateModified\":\"2026-01-18T14:42:54+00:00\",\"description\":\"SMC CDM2B25-100Z Cylinder\",\"breadcrumb\":{\"@id\":\"https:\/\/omanivietnam.com\/index.php\/san-pham\/smc-cdm2b25-100z\/#breadcrumb\"},\"inLanguage\":\"vi\",\"potentialAction\":[{\"@type\":\"ReadAction\",\"target\":[\"https:\/\/omanivietnam.com\/index.php\/san-pham\/smc-cdm2b25-100z\/\"]}]},{\"@type\":\"ImageObject\",\"inLanguage\":\"vi\",\"@id\":\"https:\/\/omanivietnam.com\/index.php\/san-pham\/smc-cdm2b25-100z\/#primaryimage\",\"url\":\"https:\/\/omanivietnam.com\/wp-content\/uploads\/2026\/01\/CDM2RB25-100Z.png\",\"contentUrl\":\"https:\/\/omanivietnam.com\/wp-content\/uploads\/2026\/01\/CDM2RB25-100Z.png\",\"width\":781,\"height\":723},{\"@type\":\"BreadcrumbList\",\"@id\":\"https:\/\/omanivietnam.com\/index.php\/san-pham\/smc-cdm2b25-100z\/#breadcrumb\",\"itemListElement\":[{\"@type\":\"ListItem\",\"position\":1,\"name\":\"Home\",\"item\":\"https:\/\/omanivietnam.com\/\"},{\"@type\":\"ListItem\",\"position\":2,\"name\":\"S\u1ea2N PH\u1ea8M\",\"item\":\"https:\/\/omanivietnam.com\/index.php\/cua-hang\/\"},{\"@type\":\"ListItem\",\"position\":3,\"name\":\"SMC CDM2B25-100Z\"}]},{\"@type\":\"WebSite\",\"@id\":\"https:\/\/omanivietnam.com\/#website\",\"url\":\"https:\/\/omanivietnam.com\/\",\"name\":\"OMANI VI\u1ec6T NAM\",\"description\":\"Nh\u00e0 ph\u00e2n ph\u1ed1i thi\u1ebft b\u1ecb kh\u00ed n\u00e9n v\u00e0 thi\u1ebft b\u1ecb t\u1ef1 \u0111\u1ed9ng h\u00f3a trong c\u00f4ng nghi\u1ec7p\",\"publisher\":{\"@id\":\"https:\/\/omanivietnam.com\/#\/schema\/person\/0ad398a980dc3fd696111c2c5c8fa897\"},\"potentialAction\":[{\"@type\":\"SearchAction\",\"target\":{\"@type\":\"EntryPoint\",\"urlTemplate\":\"https:\/\/omanivietnam.com\/?s={search_term_string}\"},\"query-input\":\"required name=search_term_string\"}],\"inLanguage\":\"vi\"},{\"@type\":[\"Person\",\"Organization\"],\"@id\":\"https:\/\/omanivietnam.com\/#\/schema\/person\/0ad398a980dc3fd696111c2c5c8fa897\",\"name\":\"Nguy\u1ec5n V\u0103n Kh\u00e1nh\",\"image\":{\"@type\":\"ImageObject\",\"inLanguage\":\"vi\",\"@id\":\"https:\/\/omanivietnam.com\/#\/schema\/person\/image\/\",\"url\":\"https:\/\/omanivietnam.com\/wp-content\/uploads\/2024\/06\/logo-1024x1024.png\",\"contentUrl\":\"https:\/\/omanivietnam.com\/wp-content\/uploads\/2024\/06\/logo-1024x1024.png\",\"width\":1024,\"height\":1024,\"caption\":\"Nguy\u1ec5n V\u0103n Kh\u00e1nh\"},\"logo\":{\"@id\":\"https:\/\/omanivietnam.com\/#\/schema\/person\/image\/\"},\"sameAs\":[\"https:\/\/omanivietnam.com\"]}]}<\/script>\n<!-- \/ Yoast SEO plugin. -->","yoast_head_json":{"title":"SMC CDM2B25-100Z - OMANI VI\u1ec6T NAM","description":"SMC CDM2B25-100Z Cylinder","robots":{"index":"index","follow":"follow","max-snippet":"max-snippet:-1","max-image-preview":"max-image-preview:large","max-video-preview":"max-video-preview:-1"},"canonical":"https:\/\/omanivietnam.com\/index.php\/san-pham\/smc-cdm2b25-100z\/","og_locale":"vi_VN","og_type":"article","og_title":"SMC CDM2B25-100Z - OMANI VI\u1ec6T NAM","og_description":"SMC CDM2B25-100Z Cylinder","og_url":"https:\/\/omanivietnam.com\/index.php\/san-pham\/smc-cdm2b25-100z\/","og_site_name":"OMANI VI\u1ec6T NAM","article_modified_time":"2026-01-18T14:42:54+00:00","og_image":[{"width":781,"height":723,"url":"https:\/\/omanivietnam.com\/wp-content\/uploads\/2026\/01\/CDM2RB25-100Z.png","type":"image\/png"}],"twitter_card":"summary_large_image","twitter_misc":{"\u01af\u1edbc t\u00ednh th\u1eddi gian \u0111\u1ecdc":"3 ph\u00fat"},"schema":{"@context":"https:\/\/schema.org","@graph":[{"@type":"WebPage","@id":"https:\/\/omanivietnam.com\/index.php\/san-pham\/smc-cdm2b25-100z\/","url":"https:\/\/omanivietnam.com\/index.php\/san-pham\/smc-cdm2b25-100z\/","name":"SMC CDM2B25-100Z - OMANI VI\u1ec6T NAM","isPartOf":{"@id":"https:\/\/omanivietnam.com\/#website"},"primaryImageOfPage":{"@id":"https:\/\/omanivietnam.com\/index.php\/san-pham\/smc-cdm2b25-100z\/#primaryimage"},"image":{"@id":"https:\/\/omanivietnam.com\/index.php\/san-pham\/smc-cdm2b25-100z\/#primaryimage"},"thumbnailUrl":"https:\/\/omanivietnam.com\/wp-content\/uploads\/2026\/01\/CDM2RB25-100Z.png","datePublished":"2026-01-18T14:41:47+00:00","dateModified":"2026-01-18T14:42:54+00:00","description":"SMC CDM2B25-100Z Cylinder","breadcrumb":{"@id":"https:\/\/omanivietnam.com\/index.php\/san-pham\/smc-cdm2b25-100z\/#breadcrumb"},"inLanguage":"vi","potentialAction":[{"@type":"ReadAction","target":["https:\/\/omanivietnam.com\/index.php\/san-pham\/smc-cdm2b25-100z\/"]}]},{"@type":"ImageObject","inLanguage":"vi","@id":"https:\/\/omanivietnam.com\/index.php\/san-pham\/smc-cdm2b25-100z\/#primaryimage","url":"https:\/\/omanivietnam.com\/wp-content\/uploads\/2026\/01\/CDM2RB25-100Z.png","contentUrl":"https:\/\/omanivietnam.com\/wp-content\/uploads\/2026\/01\/CDM2RB25-100Z.png","width":781,"height":723},{"@type":"BreadcrumbList","@id":"https:\/\/omanivietnam.com\/index.php\/san-pham\/smc-cdm2b25-100z\/#breadcrumb","itemListElement":[{"@type":"ListItem","position":1,"name":"Home","item":"https:\/\/omanivietnam.com\/"},{"@type":"ListItem","position":2,"name":"S\u1ea2N PH\u1ea8M","item":"https:\/\/omanivietnam.com\/index.php\/cua-hang\/"},{"@type":"ListItem","position":3,"name":"SMC CDM2B25-100Z"}]},{"@type":"WebSite","@id":"https:\/\/omanivietnam.com\/#website","url":"https:\/\/omanivietnam.com\/","name":"OMANI VI\u1ec6T NAM","description":"Nh\u00e0 ph\u00e2n ph\u1ed1i thi\u1ebft b\u1ecb kh\u00ed n\u00e9n v\u00e0 thi\u1ebft b\u1ecb t\u1ef1 \u0111\u1ed9ng h\u00f3a trong c\u00f4ng nghi\u1ec7p","publisher":{"@id":"https:\/\/omanivietnam.com\/#\/schema\/person\/0ad398a980dc3fd696111c2c5c8fa897"},"potentialAction":[{"@type":"SearchAction","target":{"@type":"EntryPoint","urlTemplate":"https:\/\/omanivietnam.com\/?s={search_term_string}"},"query-input":"required name=search_term_string"}],"inLanguage":"vi"},{"@type":["Person","Organization"],"@id":"https:\/\/omanivietnam.com\/#\/schema\/person\/0ad398a980dc3fd696111c2c5c8fa897","name":"Nguy\u1ec5n V\u0103n Kh\u00e1nh","image":{"@type":"ImageObject","inLanguage":"vi","@id":"https:\/\/omanivietnam.com\/#\/schema\/person\/image\/","url":"https:\/\/omanivietnam.com\/wp-content\/uploads\/2024\/06\/logo-1024x1024.png","contentUrl":"https:\/\/omanivietnam.com\/wp-content\/uploads\/2024\/06\/logo-1024x1024.png","width":1024,"height":1024,"caption":"Nguy\u1ec5n V\u0103n Kh\u00e1nh"},"logo":{"@id":"https:\/\/omanivietnam.com\/#\/schema\/person\/image\/"},"sameAs":["https:\/\/omanivietnam.com"]}]}},"_links":{"self":[{"href":"https:\/\/omanivietnam.com\/index.php\/wp-json\/wp\/v2\/product\/4716","targetHints":{"allow":["GET"]}}],"collection":[{"href":"https:\/\/omanivietnam.com\/index.php\/wp-json\/wp\/v2\/product"}],"about":[{"href":"https:\/\/omanivietnam.com\/index.php\/wp-json\/wp\/v2\/types\/product"}],"replies":[{"embeddable":true,"href":"https:\/\/omanivietnam.com\/index.php\/wp-json\/wp\/v2\/comments?post=4716"}],"wp:featuredmedia":[{"embeddable":true,"href":"https:\/\/omanivietnam.com\/index.php\/wp-json\/wp\/v2\/media\/4717"}],"wp:attachment":[{"href":"https:\/\/omanivietnam.com\/index.php\/wp-json\/wp\/v2\/media?parent=4716"}],"wp:term":[{"taxonomy":"product_cat","embeddable":true,"href":"https:\/\/omanivietnam.com\/index.php\/wp-json\/wp\/v2\/product_cat?post=4716"},{"taxonomy":"product_tag","embeddable":true,"href":"https:\/\/omanivietnam.com\/index.php\/wp-json\/wp\/v2\/product_tag?post=4716"}],"curies":[{"name":"wp","href":"https:\/\/api.w.org\/{rel}","templated":true}]}}